{"id":1876780,"date":"2026-04-10T09:01:49","date_gmt":"2026-04-10T07:01:49","guid":{"rendered":"https:\/\/dev6.erresse-shop.it\/shop\/sin%20categor\u00eda\/la-pavoni-maquina-de-cafe-professional-cobre-gold\/"},"modified":"2025-07-04T21:20:22","modified_gmt":"2025-07-04T19:20:22","slug":"la-pavoni-maquina-de-cafe-professional-cobre-gold","status":"publish","type":"product","link":"https:\/\/dev6.erresse-shop.it\/es\/shop\/pequenos-electrodomesticos\/maquinas-de-cafe\/palanca\/la-pavoni-maquina-de-cafe-professional-cobre-gold\/","title":{"rendered":"LA PAVONI M\u00e1quina de Caf\u00e9 Professional Cobre Gold"},"content":{"rendered":"<p>Precauci\u00f3n: SOLO utilice caf\u00e9 molido con un buen molinillo de caf\u00e9 (Jolly, Kube Mill, Cilindro de la serie La Pavoni) o comprado directamente a una empresa tostadora para obtener resultados \u00f3ptimos. De lo contrario, el uso de caf\u00e9 \u201cde supermercado\u201d no garantiza un resultado excelente.<\/p>\n<p>Los modelos Europiccola y Professional representan la m\u00e1xima expresi\u00f3n de la tecnolog\u00eda y los materiales nobles, dorados en oro puro. Un mueble precioso para los espressos cremosos y los capuchinos espumosos.<br \/>\nEl portafiltro est\u00e1 equipado con un anillo de \u201cparada de filtro\u201d para evitar que el filtro se caiga durante la fase de expulsi\u00f3n de los posos del caf\u00e9. Todos los modelos de palanca est\u00e1n equipados con un filtro de 1 dosis que puede utilizarse tanto con caf\u00e9 molido como con las c\u00e1psulas ESE est\u00e1ndar.<br \/>\nLevantando la palanca que controla el pist\u00f3n, en el interior del grupo, se obtiene la pre-infusi\u00f3n, el espresso se realiza bajando la palanca, dosificando la presi\u00f3n sobre la misma adecuadamente se tiene un uso \u00f3ptimo del caf\u00e9 en polvo y la entrega de espressos para todos los gustos.<br \/>\nVarilla de vapor: permite tener leche emulsionada caliente y la preparaci\u00f3n de t\u00e9 y otras bebidas calientes; intercambiable con el dispositivo \u201cCappuccino Autom\u00e1tico\u201c.<br \/>\nEl \u201cCappuccino Autom\u00e1tico\u201d especial es un dispositivo que aspira autom\u00e1ticamente la leche directamente del recipiente, la cuece al vapor y la entrega caliente y perfectamente espumada en la taza.<\/p>\n<p>Todos los modelos de La Pavoni Lever de 230V est\u00e1n certificados por:<\/p>\n<\/p>\n<p>Capacidad de la caldera litros 1,6<br \/>\nN\u00famero de tazas de espresso dispensadas 16<br \/>\nSalida de vapor 15 min.<br \/>\nPresi\u00f3n de la caldera 0,7-0,8 bar<br \/>\nTiempo medio de calentamiento 5 min<br \/>\nV\u00e1lvula de seguridad<br \/>\nGrifo de vapor con tubo de vapor intercambiable \/ Cappuccino Dispositivo autom\u00e1tico<br \/>\nMan\u00f3metro<br \/>\nInterruptor de encendido\/apagado<br \/>\nIndicador luminoso de alimentaci\u00f3n<br \/>\nCappuccino autom\u00e1tico<br \/>\nTermostato de seguridad con rearme<br \/>\nPresostato para mantener una presi\u00f3n constante en la caldera<br \/>\nElemento calefactor 950 W<br \/>\nAlimentaci\u00f3n 220-240V 50\/60Hz \u2013 120V 60Hz<\/p>\n","protected":false},"excerpt":{"rendered":"<p>Precauci\u00f3n: SOLO utilice caf\u00e9 molido con un buen molinillo de caf\u00e9 (Jolly, Kube Mill, Cilindro de la serie La Pavoni) o comprado directamente a una empresa tostadora para obtener resultados \u00f3ptimos. De lo contrario, el uso de caf\u00e9 \u201cde supermercado\u201d no garantiza un resultado excelente. Los modelos Europiccola y Professional representan la m\u00e1xima expresi\u00f3n de [&hellip;]<\/p>\n","protected":false},"featured_media":6306498,"template":"","meta":{"_acf_changed":false},"product_cat":[11746,11955,11962,11947],"product_tag":[],"class_list":{"0":"post-1876780","1":"product","2":"type-product","3":"status-publish","4":"has-post-thumbnail","6":"product_cat-aleva","7":"product_cat-maquinas-de-cafe","8":"product_cat-palanca","9":"product_cat-pequenos-electrodomesticos","11":"first","12":"outofstock","13":"sale","14":"taxable","15":"shipping-taxable","16":"purchasable","17":"product-type-simple","swatches":"rey-swatches","show_selected":"","stretch_labels":"rey-swatches--stretch-labels"},"acf":[],"yoast_head":"<!-- This site is optimized with the Yoast SEO plugin v25.4 - https:\/\/yoast.com\/wordpress\/plugins\/seo\/ -->\n<title>LA PAVONI M\u00e1quina de Caf\u00e9 Professional Cobre Gold - dev6 Erresse<\/title>\n<meta name=\"description\" content=\"Precauci\u00f3n: SOLO utilice caf\u00e9 molido con un buen molinillo de caf\u00e9 (Jolly, Kube Mill, Cilindro de la serie La Pavoni) o comprado directamente a una\" \/>\n<meta name=\"robots\" content=\"noindex, follow, max-snippet:-1, max-image-preview:large, max-video-preview:-1\" \/>\n<meta property=\"og:locale\" content=\"es_ES\" \/>\n<meta property=\"og:type\" content=\"article\" \/>\n<meta property=\"og:title\" content=\"LA PAVONI M\u00e1quina de Caf\u00e9 Professional Cobre Gold - dev6 Erresse\" \/>\n<meta property=\"og:description\" content=\"Precauci\u00f3n: SOLO utilice caf\u00e9 molido con un buen molinillo de caf\u00e9 (Jolly, Kube Mill, Cilindro de la serie La Pavoni) o comprado directamente a una\" \/>\n<meta property=\"og:url\" content=\"https:\/\/dev6.erresse-shop.it\/es\/shop\/pequenos-electrodomesticos\/maquinas-de-cafe\/palanca\/la-pavoni-maquina-de-cafe-professional-cobre-gold\/\" \/>\n<meta property=\"og:site_name\" content=\"dev6 Erresse\" \/>\n<meta property=\"og:image\" content=\"https:\/\/interpim.erresse-shop.it\/Import\/Prodotti\/la-pavoni-professional-rame-gold.jpg\" \/><meta property=\"og:image\" content=\"https:\/\/interpim.erresse-shop.it\/Import\/Prodotti\/la-pavoni-professional-rame-gold.jpg\" \/>\n\t<meta property=\"og:image:width\" content=\"1024\" \/>\n\t<meta property=\"og:image:height\" content=\"1024\" \/>\n\t<meta property=\"og:image:type\" content=\"image\/jpeg\" \/>\n<meta name=\"twitter:card\" content=\"summary_large_image\" \/>\n<meta name=\"twitter:image\" content=\"https:\/\/interpim.erresse-shop.it\/Import\/Prodotti\/la-pavoni-professional-rame-gold.jpg\" \/>\n<script type=\"application\/ld+json\" class=\"yoast-schema-graph\">{\"@context\":\"https:\/\/schema.org\",\"@graph\":[{\"@type\":\"WebPage\",\"@id\":\"https:\/\/dev6.erresse-shop.it\/es\/shop\/pequenos-electrodomesticos\/maquinas-de-cafe\/palanca\/la-pavoni-maquina-de-cafe-professional-cobre-gold\/\",\"url\":\"https:\/\/dev6.erresse-shop.it\/es\/shop\/pequenos-electrodomesticos\/maquinas-de-cafe\/palanca\/la-pavoni-maquina-de-cafe-professional-cobre-gold\/\",\"name\":\"LA PAVONI M\u00e1quina de Caf\u00e9 Professional Cobre Gold - dev6 Erresse\",\"isPartOf\":{\"@id\":\"https:\/\/dev6.erresse-shop.it\/#website\"},\"primaryImageOfPage\":{\"@id\":\"https:\/\/dev6.erresse-shop.it\/es\/shop\/pequenos-electrodomesticos\/maquinas-de-cafe\/palanca\/la-pavoni-maquina-de-cafe-professional-cobre-gold\/#primaryimage\"},\"image\":{\"@id\":\"https:\/\/dev6.erresse-shop.it\/es\/shop\/pequenos-electrodomesticos\/maquinas-de-cafe\/palanca\/la-pavoni-maquina-de-cafe-professional-cobre-gold\/#primaryimage\"},\"thumbnailUrl\":\"https:\/\/i2.wp.com\/interpim.erresse-shop.it\/Import\/Prodotti\/la-pavoni-professional-rame-gold.jpg?ssl=1\",\"datePublished\":\"2026-04-10T07:01:49+00:00\",\"description\":\"Precauci\u00f3n: SOLO utilice caf\u00e9 molido con un buen molinillo de caf\u00e9 (Jolly, Kube Mill, Cilindro de la serie La Pavoni) o comprado directamente a una\",\"breadcrumb\":{\"@id\":\"https:\/\/dev6.erresse-shop.it\/es\/shop\/pequenos-electrodomesticos\/maquinas-de-cafe\/palanca\/la-pavoni-maquina-de-cafe-professional-cobre-gold\/#breadcrumb\"},\"inLanguage\":\"es\",\"potentialAction\":[{\"@type\":\"ReadAction\",\"target\":[\"https:\/\/dev6.erresse-shop.it\/es\/shop\/pequenos-electrodomesticos\/maquinas-de-cafe\/palanca\/la-pavoni-maquina-de-cafe-professional-cobre-gold\/\"]}]},{\"@type\":\"ImageObject\",\"inLanguage\":\"es\",\"@id\":\"https:\/\/dev6.erresse-shop.it\/es\/shop\/pequenos-electrodomesticos\/maquinas-de-cafe\/palanca\/la-pavoni-maquina-de-cafe-professional-cobre-gold\/#primaryimage\",\"url\":\"https:\/\/i2.wp.com\/interpim.erresse-shop.it\/Import\/Prodotti\/la-pavoni-professional-rame-gold.jpg?ssl=1\",\"contentUrl\":\"https:\/\/i2.wp.com\/interpim.erresse-shop.it\/Import\/Prodotti\/la-pavoni-professional-rame-gold.jpg?ssl=1\"},{\"@type\":\"BreadcrumbList\",\"@id\":\"https:\/\/dev6.erresse-shop.it\/es\/shop\/pequenos-electrodomesticos\/maquinas-de-cafe\/palanca\/la-pavoni-maquina-de-cafe-professional-cobre-gold\/#breadcrumb\",\"itemListElement\":[{\"@type\":\"ListItem\",\"position\":1,\"name\":\"Home\",\"item\":\"https:\/\/dev6.erresse-shop.it\/\"},{\"@type\":\"ListItem\",\"position\":2,\"name\":\"Tienda\",\"item\":\"https:\/\/dev6.erresse-shop.it\/shop\/\"},{\"@type\":\"ListItem\",\"position\":3,\"name\":\"LA PAVONI M\u00e1quina de Caf\u00e9 Professional Cobre Gold\"}]},{\"@type\":\"WebSite\",\"@id\":\"https:\/\/dev6.erresse-shop.it\/#website\",\"url\":\"https:\/\/dev6.erresse-shop.it\/\",\"name\":\"Erresse Shop\",\"description\":\"\",\"publisher\":{\"@id\":\"https:\/\/dev6.erresse-shop.it\/#organization\"},\"potentialAction\":[{\"@type\":\"SearchAction\",\"target\":{\"@type\":\"EntryPoint\",\"urlTemplate\":\"https:\/\/dev6.erresse-shop.it\/?s={search_term_string}\"},\"query-input\":{\"@type\":\"PropertyValueSpecification\",\"valueRequired\":true,\"valueName\":\"search_term_string\"}}],\"inLanguage\":\"es\"},{\"@type\":\"Organization\",\"@id\":\"https:\/\/dev6.erresse-shop.it\/#organization\",\"name\":\"Erresse Shop\",\"url\":\"https:\/\/dev6.erresse-shop.it\/\",\"logo\":{\"@type\":\"ImageObject\",\"inLanguage\":\"es\",\"@id\":\"https:\/\/dev6.erresse-shop.it\/#\/schema\/logo\/image\/\",\"url\":\"https:\/\/dev6.erresse-shop.it\/wp-content\/uploads\/2025\/01\/LOGO-ERRESSE-CLASSICO.svg\",\"contentUrl\":\"https:\/\/dev6.erresse-shop.it\/wp-content\/uploads\/2025\/01\/LOGO-ERRESSE-CLASSICO.svg\",\"caption\":\"Erresse Shop\"},\"image\":{\"@id\":\"https:\/\/dev6.erresse-shop.it\/#\/schema\/logo\/image\/\"}}]}<\/script>\n<!-- \/ Yoast SEO plugin. -->","yoast_head_json":{"title":"LA PAVONI M\u00e1quina de Caf\u00e9 Professional Cobre Gold - dev6 Erresse","description":"Precauci\u00f3n: SOLO utilice caf\u00e9 molido con un buen molinillo de caf\u00e9 (Jolly, Kube Mill, Cilindro de la serie La Pavoni) o comprado directamente a una","robots":{"index":"noindex","follow":"follow","max-snippet":"max-snippet:-1","max-image-preview":"max-image-preview:large","max-video-preview":"max-video-preview:-1"},"og_locale":"es_ES","og_type":"article","og_title":"LA PAVONI M\u00e1quina de Caf\u00e9 Professional Cobre Gold - dev6 Erresse","og_description":"Precauci\u00f3n: SOLO utilice caf\u00e9 molido con un buen molinillo de caf\u00e9 (Jolly, Kube Mill, Cilindro de la serie La Pavoni) o comprado directamente a una","og_url":"https:\/\/dev6.erresse-shop.it\/es\/shop\/pequenos-electrodomesticos\/maquinas-de-cafe\/palanca\/la-pavoni-maquina-de-cafe-professional-cobre-gold\/","og_site_name":"dev6 Erresse","og_image":[{"url":"https:\/\/interpim.erresse-shop.it\/Import\/Prodotti\/la-pavoni-professional-rame-gold.jpg","type":"","width":"","height":""},{"url":"https:\/\/interpim.erresse-shop.it\/Import\/Prodotti\/la-pavoni-professional-rame-gold.jpg","width":1024,"height":1024,"type":"image\/jpeg"}],"twitter_card":"summary_large_image","twitter_image":"https:\/\/interpim.erresse-shop.it\/Import\/Prodotti\/la-pavoni-professional-rame-gold.jpg","schema":{"@context":"https:\/\/schema.org","@graph":[{"@type":"WebPage","@id":"https:\/\/dev6.erresse-shop.it\/es\/shop\/pequenos-electrodomesticos\/maquinas-de-cafe\/palanca\/la-pavoni-maquina-de-cafe-professional-cobre-gold\/","url":"https:\/\/dev6.erresse-shop.it\/es\/shop\/pequenos-electrodomesticos\/maquinas-de-cafe\/palanca\/la-pavoni-maquina-de-cafe-professional-cobre-gold\/","name":"LA PAVONI M\u00e1quina de Caf\u00e9 Professional Cobre Gold - dev6 Erresse","isPartOf":{"@id":"https:\/\/dev6.erresse-shop.it\/#website"},"primaryImageOfPage":{"@id":"https:\/\/dev6.erresse-shop.it\/es\/shop\/pequenos-electrodomesticos\/maquinas-de-cafe\/palanca\/la-pavoni-maquina-de-cafe-professional-cobre-gold\/#primaryimage"},"image":{"@id":"https:\/\/dev6.erresse-shop.it\/es\/shop\/pequenos-electrodomesticos\/maquinas-de-cafe\/palanca\/la-pavoni-maquina-de-cafe-professional-cobre-gold\/#primaryimage"},"thumbnailUrl":"https:\/\/i2.wp.com\/interpim.erresse-shop.it\/Import\/Prodotti\/la-pavoni-professional-rame-gold.jpg?ssl=1","datePublished":"2026-04-10T07:01:49+00:00","description":"Precauci\u00f3n: SOLO utilice caf\u00e9 molido con un buen molinillo de caf\u00e9 (Jolly, Kube Mill, Cilindro de la serie La Pavoni) o comprado directamente a una","breadcrumb":{"@id":"https:\/\/dev6.erresse-shop.it\/es\/shop\/pequenos-electrodomesticos\/maquinas-de-cafe\/palanca\/la-pavoni-maquina-de-cafe-professional-cobre-gold\/#breadcrumb"},"inLanguage":"es","potentialAction":[{"@type":"ReadAction","target":["https:\/\/dev6.erresse-shop.it\/es\/shop\/pequenos-electrodomesticos\/maquinas-de-cafe\/palanca\/la-pavoni-maquina-de-cafe-professional-cobre-gold\/"]}]},{"@type":"ImageObject","inLanguage":"es","@id":"https:\/\/dev6.erresse-shop.it\/es\/shop\/pequenos-electrodomesticos\/maquinas-de-cafe\/palanca\/la-pavoni-maquina-de-cafe-professional-cobre-gold\/#primaryimage","url":"https:\/\/i2.wp.com\/interpim.erresse-shop.it\/Import\/Prodotti\/la-pavoni-professional-rame-gold.jpg?ssl=1","contentUrl":"https:\/\/i2.wp.com\/interpim.erresse-shop.it\/Import\/Prodotti\/la-pavoni-professional-rame-gold.jpg?ssl=1"},{"@type":"BreadcrumbList","@id":"https:\/\/dev6.erresse-shop.it\/es\/shop\/pequenos-electrodomesticos\/maquinas-de-cafe\/palanca\/la-pavoni-maquina-de-cafe-professional-cobre-gold\/#breadcrumb","itemListElement":[{"@type":"ListItem","position":1,"name":"Home","item":"https:\/\/dev6.erresse-shop.it\/"},{"@type":"ListItem","position":2,"name":"Tienda","item":"https:\/\/dev6.erresse-shop.it\/shop\/"},{"@type":"ListItem","position":3,"name":"LA PAVONI M\u00e1quina de Caf\u00e9 Professional Cobre Gold"}]},{"@type":"WebSite","@id":"https:\/\/dev6.erresse-shop.it\/#website","url":"https:\/\/dev6.erresse-shop.it\/","name":"Erresse Shop","description":"","publisher":{"@id":"https:\/\/dev6.erresse-shop.it\/#organization"},"potentialAction":[{"@type":"SearchAction","target":{"@type":"EntryPoint","urlTemplate":"https:\/\/dev6.erresse-shop.it\/?s={search_term_string}"},"query-input":{"@type":"PropertyValueSpecification","valueRequired":true,"valueName":"search_term_string"}}],"inLanguage":"es"},{"@type":"Organization","@id":"https:\/\/dev6.erresse-shop.it\/#organization","name":"Erresse Shop","url":"https:\/\/dev6.erresse-shop.it\/","logo":{"@type":"ImageObject","inLanguage":"es","@id":"https:\/\/dev6.erresse-shop.it\/#\/schema\/logo\/image\/","url":"https:\/\/dev6.erresse-shop.it\/wp-content\/uploads\/2025\/01\/LOGO-ERRESSE-CLASSICO.svg","contentUrl":"https:\/\/dev6.erresse-shop.it\/wp-content\/uploads\/2025\/01\/LOGO-ERRESSE-CLASSICO.svg","caption":"Erresse Shop"},"image":{"@id":"https:\/\/dev6.erresse-shop.it\/#\/schema\/logo\/image\/"}}]}},"df_price":899.1,"df_sale_price":899.1,"df_regular_price":999,"df_image_link":"https:\/\/i2.wp.com\/interpim.erresse-shop.it\/Import\/Prodotti\/la-pavoni-professional-rame-gold.jpg?resize=300,300&ssl=1","fifu_image_url":"https:\/\/interpim.erresse-shop.it\/Import\/Prodotti\/la-pavoni-professional-rame-gold.jpg","_links":{"self":[{"href":"https:\/\/dev6.erresse-shop.it\/es\/wp-json\/wp\/v2\/product\/1876780","targetHints":{"allow":["GET"]}}],"collection":[{"href":"https:\/\/dev6.erresse-shop.it\/es\/wp-json\/wp\/v2\/product"}],"about":[{"href":"https:\/\/dev6.erresse-shop.it\/es\/wp-json\/wp\/v2\/types\/product"}],"wp:featuredmedia":[{"embeddable":true,"href":"https:\/\/dev6.erresse-shop.it\/es\/wp-json\/wp\/v2\/media\/6306498"}],"wp:attachment":[{"href":"https:\/\/dev6.erresse-shop.it\/es\/wp-json\/wp\/v2\/media?parent=1876780"}],"wp:term":[{"taxonomy":"product_cat","embeddable":true,"href":"https:\/\/dev6.erresse-shop.it\/es\/wp-json\/wp\/v2\/product_cat?post=1876780"},{"taxonomy":"product_tag","embeddable":true,"href":"https:\/\/dev6.erresse-shop.it\/es\/wp-json\/wp\/v2\/product_tag?post=1876780"}],"curies":[{"name":"wp","href":"https:\/\/api.w.org\/{rel}","templated":true}]}}