{"id":1876774,"date":"2026-04-12T08:23:15","date_gmt":"2026-04-12T06:23:15","guid":{"rendered":"https:\/\/dev6.erresse-shop.it\/shop\/sin%20categor\u00eda\/la-pavoni-maquina-de-cafe-espresso-expo-2015\/"},"modified":"2025-07-19T04:14:29","modified_gmt":"2025-07-19T02:14:29","slug":"la-pavoni-maquina-de-cafe-espresso-expo-2015","status":"publish","type":"product","link":"https:\/\/dev6.erresse-shop.it\/es\/shop\/pequenos-electrodomesticos\/maquinas-de-cafe\/palanca\/la-pavoni-maquina-de-cafe-espresso-expo-2015\/","title":{"rendered":"LA PAVONI M\u00e1quina de Caf\u00e9 Espresso Expo 2015"},"content":{"rendered":"<p>Precauci\u00f3n: SOLO utilice caf\u00e9 molido con un buen molinillo de caf\u00e9 (Jolly, Kube Mill, Cilindro de la serie La Pavoni) o comprado directamente a una empresa tostadora para obtener resultados \u00f3ptimos. De lo contrario, el uso de caf\u00e9 \u201cde supermercado\u201d no garantiza un resultado excelente.<\/p>\n<p>De la tradici\u00f3n surge un nuevo concepto de m\u00e1quina de caf\u00e9: un modelo que no olvida el pasado, sino que apunta al futuro. Equipada con portafiltro de fascinaci\u00f3n para la entrega panor\u00e1mica permite obtener un caf\u00e9 cremoso.<\/p>\n<p>Todos los modelos de palanca de La Pavoni de 230 V est\u00e1n certificados por:<\/p>\n<\/p>\n<p>Capacidad de la caldera litros 1,6<br \/>\nN\u00famero de tazas de espresso dispensadas 16<br \/>\nSalida de vapor 15 min.<br \/>\nPresi\u00f3n de la caldera 0,7-0,8 bar<br \/>\nTiempo medio de calentamiento 5 min<br \/>\nV\u00e1lvula de seguridad<br \/>\nGrifo de vapor con tubo de vapor intercambiable \/ Cappuccino Dispositivo autom\u00e1tico<br \/>\nMan\u00f3metro<br \/>\nIndicador de nivel<br \/>\nInterruptor de encendido\/apagado<br \/>\nIndicador luminoso de alimentaci\u00f3n<br \/>\nCappuccino autom\u00e1tico<br \/>\nTermostato de seguridad con rearme<br \/>\nPresostato para mantener la presi\u00f3n constante en la caldera<br \/>\nElemento calefactor 950 W<br \/>\nAlimentaci\u00f3n 220-240V 50\/60Hz \u2013 120V 60H<\/p>\n","protected":false},"excerpt":{"rendered":"<p>Precauci\u00f3n: SOLO utilice caf\u00e9 molido con un buen molinillo de caf\u00e9 (Jolly, Kube Mill, Cilindro de la serie La Pavoni) o comprado directamente a una empresa tostadora para obtener resultados \u00f3ptimos. De lo contrario, el uso de caf\u00e9 \u201cde supermercado\u201d no garantiza un resultado excelente. De la tradici\u00f3n surge un nuevo concepto de m\u00e1quina de [&hellip;]<\/p>\n","protected":false},"featured_media":6348112,"template":"","meta":{"_acf_changed":false},"product_cat":[11746,11955,11962,11947],"product_tag":[],"class_list":{"0":"post-1876774","1":"product","2":"type-product","3":"status-publish","4":"has-post-thumbnail","6":"product_cat-aleva","7":"product_cat-maquinas-de-cafe","8":"product_cat-palanca","9":"product_cat-pequenos-electrodomesticos","11":"first","12":"outofstock","13":"sale","14":"taxable","15":"shipping-taxable","16":"purchasable","17":"product-type-simple","swatches":"rey-swatches","show_selected":"","stretch_labels":"rey-swatches--stretch-labels"},"acf":[],"yoast_head":"<!-- This site is optimized with the Yoast SEO plugin v25.4 - https:\/\/yoast.com\/wordpress\/plugins\/seo\/ -->\n<title>LA PAVONI M\u00e1quina de Caf\u00e9 Espresso Expo 2015 - dev6 Erresse<\/title>\n<meta name=\"description\" content=\"Precauci\u00f3n: SOLO utilice caf\u00e9 molido con un buen molinillo de caf\u00e9 (Jolly, Kube Mill, Cilindro de la serie La Pavoni) o comprado directamente a una\" \/>\n<meta name=\"robots\" content=\"noindex, follow, max-snippet:-1, max-image-preview:large, max-video-preview:-1\" \/>\n<meta property=\"og:locale\" content=\"es_ES\" \/>\n<meta property=\"og:type\" content=\"article\" \/>\n<meta property=\"og:title\" content=\"LA PAVONI M\u00e1quina de Caf\u00e9 Espresso Expo 2015 - dev6 Erresse\" \/>\n<meta property=\"og:description\" content=\"Precauci\u00f3n: SOLO utilice caf\u00e9 molido con un buen molinillo de caf\u00e9 (Jolly, Kube Mill, Cilindro de la serie La Pavoni) o comprado directamente a una\" \/>\n<meta property=\"og:url\" content=\"https:\/\/dev6.erresse-shop.it\/es\/shop\/pequenos-electrodomesticos\/maquinas-de-cafe\/palanca\/la-pavoni-maquina-de-cafe-espresso-expo-2015\/\" \/>\n<meta property=\"og:site_name\" content=\"dev6 Erresse\" \/>\n<meta property=\"og:image\" content=\"https:\/\/interpim.erresse-shop.it\/Import\/Prodotti\/la-pavoni-expo-2015.jpg\" \/><meta property=\"og:image\" content=\"https:\/\/interpim.erresse-shop.it\/Import\/Prodotti\/la-pavoni-expo-2015.jpg\" \/>\n\t<meta property=\"og:image:width\" content=\"1024\" \/>\n\t<meta property=\"og:image:height\" content=\"1024\" \/>\n\t<meta property=\"og:image:type\" content=\"image\/jpeg\" \/>\n<meta name=\"twitter:card\" content=\"summary_large_image\" \/>\n<meta name=\"twitter:image\" content=\"https:\/\/interpim.erresse-shop.it\/Import\/Prodotti\/la-pavoni-expo-2015.jpg\" \/>\n<script type=\"application\/ld+json\" class=\"yoast-schema-graph\">{\"@context\":\"https:\/\/schema.org\",\"@graph\":[{\"@type\":\"WebPage\",\"@id\":\"https:\/\/dev6.erresse-shop.it\/es\/shop\/pequenos-electrodomesticos\/maquinas-de-cafe\/palanca\/la-pavoni-maquina-de-cafe-espresso-expo-2015\/\",\"url\":\"https:\/\/dev6.erresse-shop.it\/es\/shop\/pequenos-electrodomesticos\/maquinas-de-cafe\/palanca\/la-pavoni-maquina-de-cafe-espresso-expo-2015\/\",\"name\":\"LA PAVONI M\u00e1quina de Caf\u00e9 Espresso Expo 2015 - dev6 Erresse\",\"isPartOf\":{\"@id\":\"https:\/\/dev6.erresse-shop.it\/#website\"},\"primaryImageOfPage\":{\"@id\":\"https:\/\/dev6.erresse-shop.it\/es\/shop\/pequenos-electrodomesticos\/maquinas-de-cafe\/palanca\/la-pavoni-maquina-de-cafe-espresso-expo-2015\/#primaryimage\"},\"image\":{\"@id\":\"https:\/\/dev6.erresse-shop.it\/es\/shop\/pequenos-electrodomesticos\/maquinas-de-cafe\/palanca\/la-pavoni-maquina-de-cafe-espresso-expo-2015\/#primaryimage\"},\"thumbnailUrl\":\"https:\/\/i0.wp.com\/interpim.erresse-shop.it\/Import\/Prodotti\/la-pavoni-expo-2015.jpg?ssl=1\",\"datePublished\":\"2026-04-12T06:23:15+00:00\",\"description\":\"Precauci\u00f3n: SOLO utilice caf\u00e9 molido con un buen molinillo de caf\u00e9 (Jolly, Kube Mill, Cilindro de la serie La Pavoni) o comprado directamente a una\",\"breadcrumb\":{\"@id\":\"https:\/\/dev6.erresse-shop.it\/es\/shop\/pequenos-electrodomesticos\/maquinas-de-cafe\/palanca\/la-pavoni-maquina-de-cafe-espresso-expo-2015\/#breadcrumb\"},\"inLanguage\":\"es\",\"potentialAction\":[{\"@type\":\"ReadAction\",\"target\":[\"https:\/\/dev6.erresse-shop.it\/es\/shop\/pequenos-electrodomesticos\/maquinas-de-cafe\/palanca\/la-pavoni-maquina-de-cafe-espresso-expo-2015\/\"]}]},{\"@type\":\"ImageObject\",\"inLanguage\":\"es\",\"@id\":\"https:\/\/dev6.erresse-shop.it\/es\/shop\/pequenos-electrodomesticos\/maquinas-de-cafe\/palanca\/la-pavoni-maquina-de-cafe-espresso-expo-2015\/#primaryimage\",\"url\":\"https:\/\/i0.wp.com\/interpim.erresse-shop.it\/Import\/Prodotti\/la-pavoni-expo-2015.jpg?ssl=1\",\"contentUrl\":\"https:\/\/i0.wp.com\/interpim.erresse-shop.it\/Import\/Prodotti\/la-pavoni-expo-2015.jpg?ssl=1\"},{\"@type\":\"BreadcrumbList\",\"@id\":\"https:\/\/dev6.erresse-shop.it\/es\/shop\/pequenos-electrodomesticos\/maquinas-de-cafe\/palanca\/la-pavoni-maquina-de-cafe-espresso-expo-2015\/#breadcrumb\",\"itemListElement\":[{\"@type\":\"ListItem\",\"position\":1,\"name\":\"Home\",\"item\":\"https:\/\/dev6.erresse-shop.it\/\"},{\"@type\":\"ListItem\",\"position\":2,\"name\":\"Tienda\",\"item\":\"https:\/\/dev6.erresse-shop.it\/shop\/\"},{\"@type\":\"ListItem\",\"position\":3,\"name\":\"LA PAVONI M\u00e1quina de Caf\u00e9 Espresso Expo 2015\"}]},{\"@type\":\"WebSite\",\"@id\":\"https:\/\/dev6.erresse-shop.it\/#website\",\"url\":\"https:\/\/dev6.erresse-shop.it\/\",\"name\":\"Erresse Shop\",\"description\":\"\",\"publisher\":{\"@id\":\"https:\/\/dev6.erresse-shop.it\/#organization\"},\"potentialAction\":[{\"@type\":\"SearchAction\",\"target\":{\"@type\":\"EntryPoint\",\"urlTemplate\":\"https:\/\/dev6.erresse-shop.it\/?s={search_term_string}\"},\"query-input\":{\"@type\":\"PropertyValueSpecification\",\"valueRequired\":true,\"valueName\":\"search_term_string\"}}],\"inLanguage\":\"es\"},{\"@type\":\"Organization\",\"@id\":\"https:\/\/dev6.erresse-shop.it\/#organization\",\"name\":\"Erresse Shop\",\"url\":\"https:\/\/dev6.erresse-shop.it\/\",\"logo\":{\"@type\":\"ImageObject\",\"inLanguage\":\"es\",\"@id\":\"https:\/\/dev6.erresse-shop.it\/#\/schema\/logo\/image\/\",\"url\":\"https:\/\/dev6.erresse-shop.it\/wp-content\/uploads\/2025\/01\/LOGO-ERRESSE-CLASSICO.svg\",\"contentUrl\":\"https:\/\/dev6.erresse-shop.it\/wp-content\/uploads\/2025\/01\/LOGO-ERRESSE-CLASSICO.svg\",\"caption\":\"Erresse Shop\"},\"image\":{\"@id\":\"https:\/\/dev6.erresse-shop.it\/#\/schema\/logo\/image\/\"}}]}<\/script>\n<!-- \/ Yoast SEO plugin. -->","yoast_head_json":{"title":"LA PAVONI M\u00e1quina de Caf\u00e9 Espresso Expo 2015 - dev6 Erresse","description":"Precauci\u00f3n: SOLO utilice caf\u00e9 molido con un buen molinillo de caf\u00e9 (Jolly, Kube Mill, Cilindro de la serie La Pavoni) o comprado directamente a una","robots":{"index":"noindex","follow":"follow","max-snippet":"max-snippet:-1","max-image-preview":"max-image-preview:large","max-video-preview":"max-video-preview:-1"},"og_locale":"es_ES","og_type":"article","og_title":"LA PAVONI M\u00e1quina de Caf\u00e9 Espresso Expo 2015 - dev6 Erresse","og_description":"Precauci\u00f3n: SOLO utilice caf\u00e9 molido con un buen molinillo de caf\u00e9 (Jolly, Kube Mill, Cilindro de la serie La Pavoni) o comprado directamente a una","og_url":"https:\/\/dev6.erresse-shop.it\/es\/shop\/pequenos-electrodomesticos\/maquinas-de-cafe\/palanca\/la-pavoni-maquina-de-cafe-espresso-expo-2015\/","og_site_name":"dev6 Erresse","og_image":[{"url":"https:\/\/interpim.erresse-shop.it\/Import\/Prodotti\/la-pavoni-expo-2015.jpg","type":"","width":"","height":""},{"url":"https:\/\/interpim.erresse-shop.it\/Import\/Prodotti\/la-pavoni-expo-2015.jpg","width":1024,"height":1024,"type":"image\/jpeg"}],"twitter_card":"summary_large_image","twitter_image":"https:\/\/interpim.erresse-shop.it\/Import\/Prodotti\/la-pavoni-expo-2015.jpg","schema":{"@context":"https:\/\/schema.org","@graph":[{"@type":"WebPage","@id":"https:\/\/dev6.erresse-shop.it\/es\/shop\/pequenos-electrodomesticos\/maquinas-de-cafe\/palanca\/la-pavoni-maquina-de-cafe-espresso-expo-2015\/","url":"https:\/\/dev6.erresse-shop.it\/es\/shop\/pequenos-electrodomesticos\/maquinas-de-cafe\/palanca\/la-pavoni-maquina-de-cafe-espresso-expo-2015\/","name":"LA PAVONI M\u00e1quina de Caf\u00e9 Espresso Expo 2015 - dev6 Erresse","isPartOf":{"@id":"https:\/\/dev6.erresse-shop.it\/#website"},"primaryImageOfPage":{"@id":"https:\/\/dev6.erresse-shop.it\/es\/shop\/pequenos-electrodomesticos\/maquinas-de-cafe\/palanca\/la-pavoni-maquina-de-cafe-espresso-expo-2015\/#primaryimage"},"image":{"@id":"https:\/\/dev6.erresse-shop.it\/es\/shop\/pequenos-electrodomesticos\/maquinas-de-cafe\/palanca\/la-pavoni-maquina-de-cafe-espresso-expo-2015\/#primaryimage"},"thumbnailUrl":"https:\/\/i0.wp.com\/interpim.erresse-shop.it\/Import\/Prodotti\/la-pavoni-expo-2015.jpg?ssl=1","datePublished":"2026-04-12T06:23:15+00:00","description":"Precauci\u00f3n: SOLO utilice caf\u00e9 molido con un buen molinillo de caf\u00e9 (Jolly, Kube Mill, Cilindro de la serie La Pavoni) o comprado directamente a una","breadcrumb":{"@id":"https:\/\/dev6.erresse-shop.it\/es\/shop\/pequenos-electrodomesticos\/maquinas-de-cafe\/palanca\/la-pavoni-maquina-de-cafe-espresso-expo-2015\/#breadcrumb"},"inLanguage":"es","potentialAction":[{"@type":"ReadAction","target":["https:\/\/dev6.erresse-shop.it\/es\/shop\/pequenos-electrodomesticos\/maquinas-de-cafe\/palanca\/la-pavoni-maquina-de-cafe-espresso-expo-2015\/"]}]},{"@type":"ImageObject","inLanguage":"es","@id":"https:\/\/dev6.erresse-shop.it\/es\/shop\/pequenos-electrodomesticos\/maquinas-de-cafe\/palanca\/la-pavoni-maquina-de-cafe-espresso-expo-2015\/#primaryimage","url":"https:\/\/i0.wp.com\/interpim.erresse-shop.it\/Import\/Prodotti\/la-pavoni-expo-2015.jpg?ssl=1","contentUrl":"https:\/\/i0.wp.com\/interpim.erresse-shop.it\/Import\/Prodotti\/la-pavoni-expo-2015.jpg?ssl=1"},{"@type":"BreadcrumbList","@id":"https:\/\/dev6.erresse-shop.it\/es\/shop\/pequenos-electrodomesticos\/maquinas-de-cafe\/palanca\/la-pavoni-maquina-de-cafe-espresso-expo-2015\/#breadcrumb","itemListElement":[{"@type":"ListItem","position":1,"name":"Home","item":"https:\/\/dev6.erresse-shop.it\/"},{"@type":"ListItem","position":2,"name":"Tienda","item":"https:\/\/dev6.erresse-shop.it\/shop\/"},{"@type":"ListItem","position":3,"name":"LA PAVONI M\u00e1quina de Caf\u00e9 Espresso Expo 2015"}]},{"@type":"WebSite","@id":"https:\/\/dev6.erresse-shop.it\/#website","url":"https:\/\/dev6.erresse-shop.it\/","name":"Erresse Shop","description":"","publisher":{"@id":"https:\/\/dev6.erresse-shop.it\/#organization"},"potentialAction":[{"@type":"SearchAction","target":{"@type":"EntryPoint","urlTemplate":"https:\/\/dev6.erresse-shop.it\/?s={search_term_string}"},"query-input":{"@type":"PropertyValueSpecification","valueRequired":true,"valueName":"search_term_string"}}],"inLanguage":"es"},{"@type":"Organization","@id":"https:\/\/dev6.erresse-shop.it\/#organization","name":"Erresse Shop","url":"https:\/\/dev6.erresse-shop.it\/","logo":{"@type":"ImageObject","inLanguage":"es","@id":"https:\/\/dev6.erresse-shop.it\/#\/schema\/logo\/image\/","url":"https:\/\/dev6.erresse-shop.it\/wp-content\/uploads\/2025\/01\/LOGO-ERRESSE-CLASSICO.svg","contentUrl":"https:\/\/dev6.erresse-shop.it\/wp-content\/uploads\/2025\/01\/LOGO-ERRESSE-CLASSICO.svg","caption":"Erresse Shop"},"image":{"@id":"https:\/\/dev6.erresse-shop.it\/#\/schema\/logo\/image\/"}}]}},"df_price":1149,"df_sale_price":1149,"df_regular_price":1249.9,"df_image_link":"https:\/\/i0.wp.com\/interpim.erresse-shop.it\/Import\/Prodotti\/la-pavoni-expo-2015.jpg?resize=300,300&ssl=1","fifu_image_url":"https:\/\/interpim.erresse-shop.it\/Import\/Prodotti\/la-pavoni-expo-2015.jpg","_links":{"self":[{"href":"https:\/\/dev6.erresse-shop.it\/es\/wp-json\/wp\/v2\/product\/1876774","targetHints":{"allow":["GET"]}}],"collection":[{"href":"https:\/\/dev6.erresse-shop.it\/es\/wp-json\/wp\/v2\/product"}],"about":[{"href":"https:\/\/dev6.erresse-shop.it\/es\/wp-json\/wp\/v2\/types\/product"}],"wp:featuredmedia":[{"embeddable":true,"href":"https:\/\/dev6.erresse-shop.it\/es\/wp-json\/wp\/v2\/media\/6348112"}],"wp:attachment":[{"href":"https:\/\/dev6.erresse-shop.it\/es\/wp-json\/wp\/v2\/media?parent=1876774"}],"wp:term":[{"taxonomy":"product_cat","embeddable":true,"href":"https:\/\/dev6.erresse-shop.it\/es\/wp-json\/wp\/v2\/product_cat?post=1876774"},{"taxonomy":"product_tag","embeddable":true,"href":"https:\/\/dev6.erresse-shop.it\/es\/wp-json\/wp\/v2\/product_tag?post=1876774"}],"curies":[{"name":"wp","href":"https:\/\/api.w.org\/{rel}","templated":true}]}}