{"id":1876738,"date":"2026-04-12T08:22:29","date_gmt":"2026-04-12T06:22:29","guid":{"rendered":"https:\/\/dev6.erresse-shop.it\/shop\/sin%20categor\u00eda\/zwilling-hervidor-electrico-enfinigy\/"},"modified":"2025-07-04T21:19:40","modified_gmt":"2025-07-04T19:19:40","slug":"zwilling-hervidor-electrico-enfinigy","status":"publish","type":"product","link":"https:\/\/dev6.erresse-shop.it\/es\/shop\/pequenos-electrodomesticos\/hervidores-electricos\/zwilling-hervidor-electrico-enfinigy\/","title":{"rendered":"ZWILLING Hervidor El\u00e9ctrico Enfinigy"},"content":{"rendered":"<p>Una pieza de dise\u00f1o para el uso diario: hervidor de primera clase en dise\u00f1o moderno de ZWILLING con aislamiento t\u00e9rmico. El cuerpo de doble pared mantiene el calor en el interior del hervidor de 1850 vatios durante m\u00e1s tiempo, a la vez que permanece fr\u00edo en el exterior. Adem\u00e1s, la tapa tiene un \u00e1ngulo de apertura m\u00e1ximo de 70 grados para evitar el contacto directo con el vapor hirviendo. Adem\u00e1s, el recipiente de acero inoxidable sin juntas de 1,5 l es muy f\u00e1cil de limpiar y el filtro anticalc\u00e1reo, tambi\u00e9n en parte de acero inoxidable, garantiza un mejor sabor. El filtro herm\u00e9tico sella la boquilla cuando la tapa est\u00e1 cerrada, para que pueda evitar los derrames al m\u00ednimo, incluso cuando se golpea inadvertidamente con el hervidor. Otra caracter\u00edstica de seguridad es la protecci\u00f3n contra la ebullici\u00f3n en seco y el sobrecalentamiento, que desconecta autom\u00e1ticamente el hervidor para evitar que se da\u00f1e la resistencia. El hervidor tambi\u00e9n se apaga cuando se saca de su alojamiento. La carcasa con carrete de cable facilita el almacenamiento.<\/p>\n<p>\u2013 El cuerpo de doble pared mantiene el calor en su interior durante m\u00e1s tiempo, a la vez que permanece fresco al tacto.<br \/>\n\u2013 La tapa se abre hasta un m\u00e1ximo de 70 grados para evitar el contacto directo con el vapor caliente<br \/>\n\u2013 Protecci\u00f3n contra la ebullici\u00f3n en seco y el sobrecalentamiento con desconexi\u00f3n autom\u00e1tica<br \/>\n\u2013 Recipiente de acero inoxidable sin costuras para una limpieza f\u00e1cil y sin residuos<br \/>\n\u2013 Filtro de cal parcialmente de acero inoxidable para un mejor sabor y menos cal en su t\u00e9 y caf\u00e9<br \/>\n\u2013 Enrollador de cables integrado para un c\u00f3modo almacenamiento<br \/>\n\u2013 Desarrollado por ZWILLING en Alemania, dise\u00f1ado en Mil\u00e1n, Italia, por Matteo Thun &amp; Antonio Rodr\u00edguez<\/p>\n<p>Caracter\u00edsticas<br \/>\n\u2013 Color: plateado<br \/>\n\u2013 Material: pl\u00e1stico<br \/>\n\u2013 Tensi\u00f3n: 220-240 V<br \/>\n\u2013 Frecuencia: 50\/60 Hz<br \/>\n\u2013 Carrete de cable integrado: S\u00ed<br \/>\n\u2013 Potencia de entrada: 1.850 W<\/p>\n<p>Tama\u00f1o<br \/>\n\u2013 Peso neto: 1,30 kg<br \/>\n\u2013 Capacidad: 1,50 l<br \/>\n\u2013 Longitud del producto: 15,20 cm<br \/>\n\u2013 Anchura del producto: 15,20 cm<br \/>\n\u2013 Altura del producto: 24,40 cm<\/p>\n<p>No se vende fuera de Europa<\/p>\n","protected":false},"excerpt":{"rendered":"<p>Una pieza de dise\u00f1o para el uso diario: hervidor de primera clase en dise\u00f1o moderno de ZWILLING con aislamiento t\u00e9rmico. El cuerpo de doble pared mantiene el calor en el interior del hervidor de 1850 vatios durante m\u00e1s tiempo, a la vez que permanece fr\u00edo en el exterior. Adem\u00e1s, la tapa tiene un \u00e1ngulo de [&hellip;]<\/p>\n","protected":false},"featured_media":6347869,"template":"","meta":{"_acf_changed":false},"product_cat":[11734,11950,11947],"product_tag":[],"class_list":{"0":"post-1876738","1":"product","2":"type-product","3":"status-publish","4":"has-post-thumbnail","6":"product_cat-bollitori-elettrici","7":"product_cat-hervidores-electricos","8":"product_cat-pequenos-electrodomesticos","10":"first","11":"outofstock","12":"sale","13":"taxable","14":"shipping-taxable","15":"purchasable","16":"product-type-simple","swatches":"rey-swatches","show_selected":"","stretch_labels":"rey-swatches--stretch-labels"},"acf":[],"yoast_head":"<!-- This site is optimized with the Yoast SEO plugin v25.4 - https:\/\/yoast.com\/wordpress\/plugins\/seo\/ -->\n<title>ZWILLING Hervidor El\u00e9ctrico Enfinigy - dev6 Erresse<\/title>\n<meta name=\"description\" content=\"Una pieza de dise\u00f1o para el uso diario: hervidor de primera clase en dise\u00f1o moderno de ZWILLING con aislamiento t\u00e9rmico. El cuerpo de doble pared mantiene\" \/>\n<meta name=\"robots\" content=\"noindex, follow, max-snippet:-1, max-image-preview:large, max-video-preview:-1\" \/>\n<meta property=\"og:locale\" content=\"es_ES\" \/>\n<meta property=\"og:type\" content=\"article\" \/>\n<meta property=\"og:title\" content=\"ZWILLING Hervidor El\u00e9ctrico Enfinigy - dev6 Erresse\" \/>\n<meta property=\"og:description\" content=\"Una pieza de dise\u00f1o para el uso diario: hervidor de primera clase en dise\u00f1o moderno de ZWILLING con aislamiento t\u00e9rmico. El cuerpo de doble pared mantiene\" \/>\n<meta property=\"og:url\" content=\"https:\/\/dev6.erresse-shop.it\/es\/shop\/pequenos-electrodomesticos\/hervidores-electricos\/zwilling-hervidor-electrico-enfinigy\/\" \/>\n<meta property=\"og:site_name\" content=\"dev6 Erresse\" \/>\n<meta property=\"og:image\" content=\"https:\/\/interpim.erresse-shop.it\/Import\/Prodotti\/53005-000.jpg\" \/><meta property=\"og:image\" content=\"https:\/\/interpim.erresse-shop.it\/Import\/Prodotti\/53005-000.jpg\" \/>\n\t<meta property=\"og:image:width\" content=\"1024\" \/>\n\t<meta property=\"og:image:height\" content=\"1024\" \/>\n\t<meta property=\"og:image:type\" content=\"image\/jpeg\" \/>\n<meta name=\"twitter:card\" content=\"summary_large_image\" \/>\n<meta name=\"twitter:image\" content=\"https:\/\/interpim.erresse-shop.it\/Import\/Prodotti\/53005-000.jpg\" \/>\n<script type=\"application\/ld+json\" class=\"yoast-schema-graph\">{\"@context\":\"https:\/\/schema.org\",\"@graph\":[{\"@type\":\"WebPage\",\"@id\":\"https:\/\/dev6.erresse-shop.it\/es\/shop\/pequenos-electrodomesticos\/hervidores-electricos\/zwilling-hervidor-electrico-enfinigy\/\",\"url\":\"https:\/\/dev6.erresse-shop.it\/es\/shop\/pequenos-electrodomesticos\/hervidores-electricos\/zwilling-hervidor-electrico-enfinigy\/\",\"name\":\"ZWILLING Hervidor El\u00e9ctrico Enfinigy - dev6 Erresse\",\"isPartOf\":{\"@id\":\"https:\/\/dev6.erresse-shop.it\/#website\"},\"primaryImageOfPage\":{\"@id\":\"https:\/\/dev6.erresse-shop.it\/es\/shop\/pequenos-electrodomesticos\/hervidores-electricos\/zwilling-hervidor-electrico-enfinigy\/#primaryimage\"},\"image\":{\"@id\":\"https:\/\/dev6.erresse-shop.it\/es\/shop\/pequenos-electrodomesticos\/hervidores-electricos\/zwilling-hervidor-electrico-enfinigy\/#primaryimage\"},\"thumbnailUrl\":\"https:\/\/i2.wp.com\/interpim.erresse-shop.it\/Import\/Prodotti\/53005-000.jpg?ssl=1\",\"datePublished\":\"2026-04-12T06:22:29+00:00\",\"description\":\"Una pieza de dise\u00f1o para el uso diario: hervidor de primera clase en dise\u00f1o moderno de ZWILLING con aislamiento t\u00e9rmico. El cuerpo de doble pared mantiene\",\"breadcrumb\":{\"@id\":\"https:\/\/dev6.erresse-shop.it\/es\/shop\/pequenos-electrodomesticos\/hervidores-electricos\/zwilling-hervidor-electrico-enfinigy\/#breadcrumb\"},\"inLanguage\":\"es\",\"potentialAction\":[{\"@type\":\"ReadAction\",\"target\":[\"https:\/\/dev6.erresse-shop.it\/es\/shop\/pequenos-electrodomesticos\/hervidores-electricos\/zwilling-hervidor-electrico-enfinigy\/\"]}]},{\"@type\":\"ImageObject\",\"inLanguage\":\"es\",\"@id\":\"https:\/\/dev6.erresse-shop.it\/es\/shop\/pequenos-electrodomesticos\/hervidores-electricos\/zwilling-hervidor-electrico-enfinigy\/#primaryimage\",\"url\":\"https:\/\/i2.wp.com\/interpim.erresse-shop.it\/Import\/Prodotti\/53005-000.jpg?ssl=1\",\"contentUrl\":\"https:\/\/i2.wp.com\/interpim.erresse-shop.it\/Import\/Prodotti\/53005-000.jpg?ssl=1\"},{\"@type\":\"BreadcrumbList\",\"@id\":\"https:\/\/dev6.erresse-shop.it\/es\/shop\/pequenos-electrodomesticos\/hervidores-electricos\/zwilling-hervidor-electrico-enfinigy\/#breadcrumb\",\"itemListElement\":[{\"@type\":\"ListItem\",\"position\":1,\"name\":\"Home\",\"item\":\"https:\/\/dev6.erresse-shop.it\/\"},{\"@type\":\"ListItem\",\"position\":2,\"name\":\"Tienda\",\"item\":\"https:\/\/dev6.erresse-shop.it\/shop\/\"},{\"@type\":\"ListItem\",\"position\":3,\"name\":\"ZWILLING Hervidor El\u00e9ctrico Enfinigy\"}]},{\"@type\":\"WebSite\",\"@id\":\"https:\/\/dev6.erresse-shop.it\/#website\",\"url\":\"https:\/\/dev6.erresse-shop.it\/\",\"name\":\"Erresse Shop\",\"description\":\"\",\"publisher\":{\"@id\":\"https:\/\/dev6.erresse-shop.it\/#organization\"},\"potentialAction\":[{\"@type\":\"SearchAction\",\"target\":{\"@type\":\"EntryPoint\",\"urlTemplate\":\"https:\/\/dev6.erresse-shop.it\/?s={search_term_string}\"},\"query-input\":{\"@type\":\"PropertyValueSpecification\",\"valueRequired\":true,\"valueName\":\"search_term_string\"}}],\"inLanguage\":\"es\"},{\"@type\":\"Organization\",\"@id\":\"https:\/\/dev6.erresse-shop.it\/#organization\",\"name\":\"Erresse Shop\",\"url\":\"https:\/\/dev6.erresse-shop.it\/\",\"logo\":{\"@type\":\"ImageObject\",\"inLanguage\":\"es\",\"@id\":\"https:\/\/dev6.erresse-shop.it\/#\/schema\/logo\/image\/\",\"url\":\"https:\/\/dev6.erresse-shop.it\/wp-content\/uploads\/2025\/01\/LOGO-ERRESSE-CLASSICO.svg\",\"contentUrl\":\"https:\/\/dev6.erresse-shop.it\/wp-content\/uploads\/2025\/01\/LOGO-ERRESSE-CLASSICO.svg\",\"caption\":\"Erresse Shop\"},\"image\":{\"@id\":\"https:\/\/dev6.erresse-shop.it\/#\/schema\/logo\/image\/\"}}]}<\/script>\n<!-- \/ Yoast SEO plugin. -->","yoast_head_json":{"title":"ZWILLING Hervidor El\u00e9ctrico Enfinigy - dev6 Erresse","description":"Una pieza de dise\u00f1o para el uso diario: hervidor de primera clase en dise\u00f1o moderno de ZWILLING con aislamiento t\u00e9rmico. El cuerpo de doble pared mantiene","robots":{"index":"noindex","follow":"follow","max-snippet":"max-snippet:-1","max-image-preview":"max-image-preview:large","max-video-preview":"max-video-preview:-1"},"og_locale":"es_ES","og_type":"article","og_title":"ZWILLING Hervidor El\u00e9ctrico Enfinigy - dev6 Erresse","og_description":"Una pieza de dise\u00f1o para el uso diario: hervidor de primera clase en dise\u00f1o moderno de ZWILLING con aislamiento t\u00e9rmico. El cuerpo de doble pared mantiene","og_url":"https:\/\/dev6.erresse-shop.it\/es\/shop\/pequenos-electrodomesticos\/hervidores-electricos\/zwilling-hervidor-electrico-enfinigy\/","og_site_name":"dev6 Erresse","og_image":[{"url":"https:\/\/interpim.erresse-shop.it\/Import\/Prodotti\/53005-000.jpg","type":"","width":"","height":""},{"url":"https:\/\/interpim.erresse-shop.it\/Import\/Prodotti\/53005-000.jpg","width":1024,"height":1024,"type":"image\/jpeg"}],"twitter_card":"summary_large_image","twitter_image":"https:\/\/interpim.erresse-shop.it\/Import\/Prodotti\/53005-000.jpg","schema":{"@context":"https:\/\/schema.org","@graph":[{"@type":"WebPage","@id":"https:\/\/dev6.erresse-shop.it\/es\/shop\/pequenos-electrodomesticos\/hervidores-electricos\/zwilling-hervidor-electrico-enfinigy\/","url":"https:\/\/dev6.erresse-shop.it\/es\/shop\/pequenos-electrodomesticos\/hervidores-electricos\/zwilling-hervidor-electrico-enfinigy\/","name":"ZWILLING Hervidor El\u00e9ctrico Enfinigy - dev6 Erresse","isPartOf":{"@id":"https:\/\/dev6.erresse-shop.it\/#website"},"primaryImageOfPage":{"@id":"https:\/\/dev6.erresse-shop.it\/es\/shop\/pequenos-electrodomesticos\/hervidores-electricos\/zwilling-hervidor-electrico-enfinigy\/#primaryimage"},"image":{"@id":"https:\/\/dev6.erresse-shop.it\/es\/shop\/pequenos-electrodomesticos\/hervidores-electricos\/zwilling-hervidor-electrico-enfinigy\/#primaryimage"},"thumbnailUrl":"https:\/\/i2.wp.com\/interpim.erresse-shop.it\/Import\/Prodotti\/53005-000.jpg?ssl=1","datePublished":"2026-04-12T06:22:29+00:00","description":"Una pieza de dise\u00f1o para el uso diario: hervidor de primera clase en dise\u00f1o moderno de ZWILLING con aislamiento t\u00e9rmico. El cuerpo de doble pared mantiene","breadcrumb":{"@id":"https:\/\/dev6.erresse-shop.it\/es\/shop\/pequenos-electrodomesticos\/hervidores-electricos\/zwilling-hervidor-electrico-enfinigy\/#breadcrumb"},"inLanguage":"es","potentialAction":[{"@type":"ReadAction","target":["https:\/\/dev6.erresse-shop.it\/es\/shop\/pequenos-electrodomesticos\/hervidores-electricos\/zwilling-hervidor-electrico-enfinigy\/"]}]},{"@type":"ImageObject","inLanguage":"es","@id":"https:\/\/dev6.erresse-shop.it\/es\/shop\/pequenos-electrodomesticos\/hervidores-electricos\/zwilling-hervidor-electrico-enfinigy\/#primaryimage","url":"https:\/\/i2.wp.com\/interpim.erresse-shop.it\/Import\/Prodotti\/53005-000.jpg?ssl=1","contentUrl":"https:\/\/i2.wp.com\/interpim.erresse-shop.it\/Import\/Prodotti\/53005-000.jpg?ssl=1"},{"@type":"BreadcrumbList","@id":"https:\/\/dev6.erresse-shop.it\/es\/shop\/pequenos-electrodomesticos\/hervidores-electricos\/zwilling-hervidor-electrico-enfinigy\/#breadcrumb","itemListElement":[{"@type":"ListItem","position":1,"name":"Home","item":"https:\/\/dev6.erresse-shop.it\/"},{"@type":"ListItem","position":2,"name":"Tienda","item":"https:\/\/dev6.erresse-shop.it\/shop\/"},{"@type":"ListItem","position":3,"name":"ZWILLING Hervidor El\u00e9ctrico Enfinigy"}]},{"@type":"WebSite","@id":"https:\/\/dev6.erresse-shop.it\/#website","url":"https:\/\/dev6.erresse-shop.it\/","name":"Erresse Shop","description":"","publisher":{"@id":"https:\/\/dev6.erresse-shop.it\/#organization"},"potentialAction":[{"@type":"SearchAction","target":{"@type":"EntryPoint","urlTemplate":"https:\/\/dev6.erresse-shop.it\/?s={search_term_string}"},"query-input":{"@type":"PropertyValueSpecification","valueRequired":true,"valueName":"search_term_string"}}],"inLanguage":"es"},{"@type":"Organization","@id":"https:\/\/dev6.erresse-shop.it\/#organization","name":"Erresse Shop","url":"https:\/\/dev6.erresse-shop.it\/","logo":{"@type":"ImageObject","inLanguage":"es","@id":"https:\/\/dev6.erresse-shop.it\/#\/schema\/logo\/image\/","url":"https:\/\/dev6.erresse-shop.it\/wp-content\/uploads\/2025\/01\/LOGO-ERRESSE-CLASSICO.svg","contentUrl":"https:\/\/dev6.erresse-shop.it\/wp-content\/uploads\/2025\/01\/LOGO-ERRESSE-CLASSICO.svg","caption":"Erresse Shop"},"image":{"@id":"https:\/\/dev6.erresse-shop.it\/#\/schema\/logo\/image\/"}}]}},"df_price":79.95,"df_sale_price":79.95,"df_regular_price":89.95,"df_image_link":"https:\/\/i2.wp.com\/interpim.erresse-shop.it\/Import\/Prodotti\/53005-000.jpg?resize=300,300&ssl=1","fifu_image_url":"https:\/\/interpim.erresse-shop.it\/Import\/Prodotti\/53005-000.jpg","_links":{"self":[{"href":"https:\/\/dev6.erresse-shop.it\/es\/wp-json\/wp\/v2\/product\/1876738","targetHints":{"allow":["GET"]}}],"collection":[{"href":"https:\/\/dev6.erresse-shop.it\/es\/wp-json\/wp\/v2\/product"}],"about":[{"href":"https:\/\/dev6.erresse-shop.it\/es\/wp-json\/wp\/v2\/types\/product"}],"wp:featuredmedia":[{"embeddable":true,"href":"https:\/\/dev6.erresse-shop.it\/es\/wp-json\/wp\/v2\/media\/6347869"}],"wp:attachment":[{"href":"https:\/\/dev6.erresse-shop.it\/es\/wp-json\/wp\/v2\/media?parent=1876738"}],"wp:term":[{"taxonomy":"product_cat","embeddable":true,"href":"https:\/\/dev6.erresse-shop.it\/es\/wp-json\/wp\/v2\/product_cat?post=1876738"},{"taxonomy":"product_tag","embeddable":true,"href":"https:\/\/dev6.erresse-shop.it\/es\/wp-json\/wp\/v2\/product_tag?post=1876738"}],"curies":[{"name":"wp","href":"https:\/\/api.w.org\/{rel}","templated":true}]}}