{"id":1876730,"date":"2026-04-04T08:21:41","date_gmt":"2026-04-04T06:21:41","guid":{"rendered":"https:\/\/dev6.erresse-shop.it\/shop\/sin%20categor\u00eda\/le-creuset-sarten-baja-de-hierro-fundido-28-cm-merengue\/"},"modified":"2025-09-14T07:40:53","modified_gmt":"2025-09-14T05:40:53","slug":"le-creuset-sarten-baja-de-hierro-fundido-28-cm-merengue","status":"publish","type":"product","link":"https:\/\/dev6.erresse-shop.it\/es\/shop\/sartenes-y-ollas\/le-creuset-sarten-baja-de-hierro-fundido-28-cm-merengue\/","title":{"rendered":"LE CREUSET Sart\u00e9n Baja de Hierro Fundido 28 cm Merengue"},"content":{"rendered":"<p>Fre\u00edr y sofre\u00edr se convierte en un placer con nuestra sart\u00e9n alta Evolution en hierro fundido vitrificado, perfecta para crear multitud de platos deliciosos. Con paredes laterales m\u00e1s altas para cocinar todos los alimentos, su aspecto elegante y moderno presenta un mango de madera que no se calienta y un mango grande para que la sart\u00e9n sea f\u00e1cil de agarrar y mover. Utilice esta sart\u00e9n en cualquier fuente de calor excepto el horno. No lo metas en el lavavajillas para proteger tambi\u00e9n el mango.<\/p>\n<p>Comida de excelente sabor: el hierro fundido vitrificado retiene el calor para cocinar y dorar de manera uniforme. Tus deliciosas creaciones se mantendr\u00e1n calientes durante m\u00e1s tiempo incluso en la mesa.<br \/>\nUna ayuda valiosa: el pr\u00e1ctico asa permite levantar f\u00e1cilmente el producto y trasladarlo desde la placa, al horno y a la mesa.<br \/>\nNo demasiado caliente: cocine a fuego constante, bajo a medio, para cuidar su producto de hierro fundido vitrificado y lograr resultados deliciosos.<br \/>\nMejora con el tiempo: el interior vitrificado desarrolla una p\u00e1tina natural que se comporta casi como una superficie antiadherente. Su acabado tiene propiedades que evitan que los alimentos se peguen incluso con cantidades menores de aceite. Lave el producto \u00fanicamente con agua para permitir que se desarrolle la p\u00e1tina.<br \/>\nNuestros productos se fabrican con los mejores materiales en f\u00e1bricas ubicadas en todo el mundo para garantizar la calidad que espera de Le Creuset.<br \/>\nCon un aspecto moderno: el mango de madera tiene un dise\u00f1o elegante y no se sobrecalienta.<\/p>\n<p>Material: hierro fundido vitrificado<br \/>\nFabricado en: Francia<br \/>\nGarant\u00eda: de por vida<\/p>\n<p>Fuente de calor:<\/p>\n<p>Cocina el\u00e9ctrica<br \/>\nVidrio cer\u00e1mico<br \/>\nEncimera de gas<br \/>\nPlaca de inducci\u00f3n<\/p>\n<p>Limpieza y cuidado:<\/p>\n<p>Espera a que el producto se enfr\u00ede antes de comenzar a limpiarlo.<br \/>\nLimpie los restos de la base y los lados del producto. Si hay comida atascada, llene el producto con agua tibia y jab\u00f3n y d\u00e9jelo en remojo durante 15 a 20 minutos antes de lavarlo como de costumbre.<br \/>\nNo utilizar limpiadores abrasivos ni esponjas o cepillos met\u00e1licos, abrasivos o muy r\u00edgidos en ninguna de las superficies.<br \/>\nSecar bien despu\u00e9s del lavado y guardar en un lugar seco.<\/p>\n","protected":false},"excerpt":{"rendered":"<p>Fre\u00edr y sofre\u00edr se convierte en un placer con nuestra sart\u00e9n alta Evolution en hierro fundido vitrificado, perfecta para crear multitud de platos deliciosos. Con paredes laterales m\u00e1s altas para cocinar todos los alimentos, su aspecto elegante y moderno presenta un mango de madera que no se calienta y un mango grande para que la [&hellip;]<\/p>\n","protected":false},"featured_media":6264428,"template":"","meta":{"_acf_changed":false},"product_cat":[11883],"product_tag":[],"class_list":{"0":"post-1876730","1":"product","2":"type-product","3":"status-publish","4":"has-post-thumbnail","6":"product_cat-sartenes-y-ollas","8":"first","9":"outofstock","10":"sale","11":"taxable","12":"shipping-taxable","13":"purchasable","14":"product-type-simple","swatches":"rey-swatches","show_selected":"","stretch_labels":"rey-swatches--stretch-labels"},"acf":[],"yoast_head":"<!-- This site is optimized with the Yoast SEO plugin v25.4 - https:\/\/yoast.com\/wordpress\/plugins\/seo\/ -->\n<title>LE CREUSET Sart\u00e9n Baja de Hierro Fundido 28 cm Merengue - dev6 Erresse<\/title>\n<meta name=\"description\" content=\"Fre\u00edr y sofre\u00edr se convierte en un placer con nuestra sart\u00e9n alta Evolution en hierro fundido vitrificado, perfecta para crear multitud de platos\" \/>\n<meta name=\"robots\" content=\"noindex, follow, max-snippet:-1, max-image-preview:large, max-video-preview:-1\" \/>\n<meta property=\"og:locale\" content=\"es_ES\" \/>\n<meta property=\"og:type\" content=\"article\" \/>\n<meta property=\"og:title\" content=\"LE CREUSET Sart\u00e9n Baja de Hierro Fundido 28 cm Merengue - dev6 Erresse\" \/>\n<meta property=\"og:description\" content=\"Fre\u00edr y sofre\u00edr se convierte en un placer con nuestra sart\u00e9n alta Evolution en hierro fundido vitrificado, perfecta para crear multitud de platos\" \/>\n<meta property=\"og:url\" content=\"https:\/\/dev6.erresse-shop.it\/es\/shop\/sartenes-y-ollas\/le-creuset-sarten-baja-de-hierro-fundido-28-cm-merengue\/\" \/>\n<meta property=\"og:site_name\" content=\"dev6 Erresse\" \/>\n<meta property=\"og:image\" content=\"https:\/\/interpim.erresse-shop.it\/wp-content\/uploads\/2020\/10\/LE-CREUSET-Padella-Bassa-in-Ghisa-28-cm-Meringa.jpg\/le-creuset-padella-bassa-in-ghisa-28-cm-meringa.jpg\" \/><meta property=\"og:image\" content=\"https:\/\/interpim.erresse-shop.it\/wp-content\/uploads\/2020\/10\/LE-CREUSET-Padella-Bassa-in-Ghisa-28-cm-Meringa.jpg\/le-creuset-padella-bassa-in-ghisa-28-cm-meringa.jpg\" \/>\n\t<meta property=\"og:image:width\" content=\"1024\" \/>\n\t<meta property=\"og:image:height\" content=\"1024\" \/>\n\t<meta property=\"og:image:type\" content=\"image\/jpeg\" \/>\n<meta name=\"twitter:card\" content=\"summary_large_image\" \/>\n<meta name=\"twitter:image\" content=\"https:\/\/interpim.erresse-shop.it\/wp-content\/uploads\/2020\/10\/LE-CREUSET-Padella-Bassa-in-Ghisa-28-cm-Meringa.jpg\/le-creuset-padella-bassa-in-ghisa-28-cm-meringa.jpg\" \/>\n<script type=\"application\/ld+json\" class=\"yoast-schema-graph\">{\"@context\":\"https:\/\/schema.org\",\"@graph\":[{\"@type\":\"WebPage\",\"@id\":\"https:\/\/dev6.erresse-shop.it\/es\/shop\/sartenes-y-ollas\/le-creuset-sarten-baja-de-hierro-fundido-28-cm-merengue\/\",\"url\":\"https:\/\/dev6.erresse-shop.it\/es\/shop\/sartenes-y-ollas\/le-creuset-sarten-baja-de-hierro-fundido-28-cm-merengue\/\",\"name\":\"LE CREUSET Sart\u00e9n Baja de Hierro Fundido 28 cm Merengue - dev6 Erresse\",\"isPartOf\":{\"@id\":\"https:\/\/dev6.erresse-shop.it\/#website\"},\"primaryImageOfPage\":{\"@id\":\"https:\/\/dev6.erresse-shop.it\/es\/shop\/sartenes-y-ollas\/le-creuset-sarten-baja-de-hierro-fundido-28-cm-merengue\/#primaryimage\"},\"image\":{\"@id\":\"https:\/\/dev6.erresse-shop.it\/es\/shop\/sartenes-y-ollas\/le-creuset-sarten-baja-de-hierro-fundido-28-cm-merengue\/#primaryimage\"},\"thumbnailUrl\":\"https:\/\/i3.wp.com\/interpim.erresse-shop.it\/wp-content\/uploads\/2020\/10\/LE-CREUSET-Padella-Bassa-in-Ghisa-28-cm-Meringa.jpg\/le-creuset-padella-bassa-in-ghisa-28-cm-meringa.jpg?ssl=1\",\"datePublished\":\"2026-04-04T06:21:41+00:00\",\"description\":\"Fre\u00edr y sofre\u00edr se convierte en un placer con nuestra sart\u00e9n alta Evolution en hierro fundido vitrificado, perfecta para crear multitud de platos\",\"breadcrumb\":{\"@id\":\"https:\/\/dev6.erresse-shop.it\/es\/shop\/sartenes-y-ollas\/le-creuset-sarten-baja-de-hierro-fundido-28-cm-merengue\/#breadcrumb\"},\"inLanguage\":\"es\",\"potentialAction\":[{\"@type\":\"ReadAction\",\"target\":[\"https:\/\/dev6.erresse-shop.it\/es\/shop\/sartenes-y-ollas\/le-creuset-sarten-baja-de-hierro-fundido-28-cm-merengue\/\"]}]},{\"@type\":\"ImageObject\",\"inLanguage\":\"es\",\"@id\":\"https:\/\/dev6.erresse-shop.it\/es\/shop\/sartenes-y-ollas\/le-creuset-sarten-baja-de-hierro-fundido-28-cm-merengue\/#primaryimage\",\"url\":\"https:\/\/i3.wp.com\/interpim.erresse-shop.it\/wp-content\/uploads\/2020\/10\/LE-CREUSET-Padella-Bassa-in-Ghisa-28-cm-Meringa.jpg\/le-creuset-padella-bassa-in-ghisa-28-cm-meringa.jpg?ssl=1\",\"contentUrl\":\"https:\/\/i3.wp.com\/interpim.erresse-shop.it\/wp-content\/uploads\/2020\/10\/LE-CREUSET-Padella-Bassa-in-Ghisa-28-cm-Meringa.jpg\/le-creuset-padella-bassa-in-ghisa-28-cm-meringa.jpg?ssl=1\"},{\"@type\":\"BreadcrumbList\",\"@id\":\"https:\/\/dev6.erresse-shop.it\/es\/shop\/sartenes-y-ollas\/le-creuset-sarten-baja-de-hierro-fundido-28-cm-merengue\/#breadcrumb\",\"itemListElement\":[{\"@type\":\"ListItem\",\"position\":1,\"name\":\"Home\",\"item\":\"https:\/\/dev6.erresse-shop.it\/\"},{\"@type\":\"ListItem\",\"position\":2,\"name\":\"Tienda\",\"item\":\"https:\/\/dev6.erresse-shop.it\/shop\/\"},{\"@type\":\"ListItem\",\"position\":3,\"name\":\"LE CREUSET Sart\u00e9n Baja de Hierro Fundido 28 cm Merengue\"}]},{\"@type\":\"WebSite\",\"@id\":\"https:\/\/dev6.erresse-shop.it\/#website\",\"url\":\"https:\/\/dev6.erresse-shop.it\/\",\"name\":\"Erresse Shop\",\"description\":\"\",\"publisher\":{\"@id\":\"https:\/\/dev6.erresse-shop.it\/#organization\"},\"potentialAction\":[{\"@type\":\"SearchAction\",\"target\":{\"@type\":\"EntryPoint\",\"urlTemplate\":\"https:\/\/dev6.erresse-shop.it\/?s={search_term_string}\"},\"query-input\":{\"@type\":\"PropertyValueSpecification\",\"valueRequired\":true,\"valueName\":\"search_term_string\"}}],\"inLanguage\":\"es\"},{\"@type\":\"Organization\",\"@id\":\"https:\/\/dev6.erresse-shop.it\/#organization\",\"name\":\"Erresse Shop\",\"url\":\"https:\/\/dev6.erresse-shop.it\/\",\"logo\":{\"@type\":\"ImageObject\",\"inLanguage\":\"es\",\"@id\":\"https:\/\/dev6.erresse-shop.it\/#\/schema\/logo\/image\/\",\"url\":\"https:\/\/dev6.erresse-shop.it\/wp-content\/uploads\/2025\/01\/LOGO-ERRESSE-CLASSICO.svg\",\"contentUrl\":\"https:\/\/dev6.erresse-shop.it\/wp-content\/uploads\/2025\/01\/LOGO-ERRESSE-CLASSICO.svg\",\"caption\":\"Erresse Shop\"},\"image\":{\"@id\":\"https:\/\/dev6.erresse-shop.it\/#\/schema\/logo\/image\/\"}}]}<\/script>\n<!-- \/ Yoast SEO plugin. -->","yoast_head_json":{"title":"LE CREUSET Sart\u00e9n Baja de Hierro Fundido 28 cm Merengue - dev6 Erresse","description":"Fre\u00edr y sofre\u00edr se convierte en un placer con nuestra sart\u00e9n alta Evolution en hierro fundido vitrificado, perfecta para crear multitud de platos","robots":{"index":"noindex","follow":"follow","max-snippet":"max-snippet:-1","max-image-preview":"max-image-preview:large","max-video-preview":"max-video-preview:-1"},"og_locale":"es_ES","og_type":"article","og_title":"LE CREUSET Sart\u00e9n Baja de Hierro Fundido 28 cm Merengue - dev6 Erresse","og_description":"Fre\u00edr y sofre\u00edr se convierte en un placer con nuestra sart\u00e9n alta Evolution en hierro fundido vitrificado, perfecta para crear multitud de platos","og_url":"https:\/\/dev6.erresse-shop.it\/es\/shop\/sartenes-y-ollas\/le-creuset-sarten-baja-de-hierro-fundido-28-cm-merengue\/","og_site_name":"dev6 Erresse","og_image":[{"url":"https:\/\/interpim.erresse-shop.it\/wp-content\/uploads\/2020\/10\/LE-CREUSET-Padella-Bassa-in-Ghisa-28-cm-Meringa.jpg\/le-creuset-padella-bassa-in-ghisa-28-cm-meringa.jpg","type":"","width":"","height":""},{"url":"https:\/\/interpim.erresse-shop.it\/wp-content\/uploads\/2020\/10\/LE-CREUSET-Padella-Bassa-in-Ghisa-28-cm-Meringa.jpg\/le-creuset-padella-bassa-in-ghisa-28-cm-meringa.jpg","width":1024,"height":1024,"type":"image\/jpeg"}],"twitter_card":"summary_large_image","twitter_image":"https:\/\/interpim.erresse-shop.it\/wp-content\/uploads\/2020\/10\/LE-CREUSET-Padella-Bassa-in-Ghisa-28-cm-Meringa.jpg\/le-creuset-padella-bassa-in-ghisa-28-cm-meringa.jpg","schema":{"@context":"https:\/\/schema.org","@graph":[{"@type":"WebPage","@id":"https:\/\/dev6.erresse-shop.it\/es\/shop\/sartenes-y-ollas\/le-creuset-sarten-baja-de-hierro-fundido-28-cm-merengue\/","url":"https:\/\/dev6.erresse-shop.it\/es\/shop\/sartenes-y-ollas\/le-creuset-sarten-baja-de-hierro-fundido-28-cm-merengue\/","name":"LE CREUSET Sart\u00e9n Baja de Hierro Fundido 28 cm Merengue - dev6 Erresse","isPartOf":{"@id":"https:\/\/dev6.erresse-shop.it\/#website"},"primaryImageOfPage":{"@id":"https:\/\/dev6.erresse-shop.it\/es\/shop\/sartenes-y-ollas\/le-creuset-sarten-baja-de-hierro-fundido-28-cm-merengue\/#primaryimage"},"image":{"@id":"https:\/\/dev6.erresse-shop.it\/es\/shop\/sartenes-y-ollas\/le-creuset-sarten-baja-de-hierro-fundido-28-cm-merengue\/#primaryimage"},"thumbnailUrl":"https:\/\/i3.wp.com\/interpim.erresse-shop.it\/wp-content\/uploads\/2020\/10\/LE-CREUSET-Padella-Bassa-in-Ghisa-28-cm-Meringa.jpg\/le-creuset-padella-bassa-in-ghisa-28-cm-meringa.jpg?ssl=1","datePublished":"2026-04-04T06:21:41+00:00","description":"Fre\u00edr y sofre\u00edr se convierte en un placer con nuestra sart\u00e9n alta Evolution en hierro fundido vitrificado, perfecta para crear multitud de platos","breadcrumb":{"@id":"https:\/\/dev6.erresse-shop.it\/es\/shop\/sartenes-y-ollas\/le-creuset-sarten-baja-de-hierro-fundido-28-cm-merengue\/#breadcrumb"},"inLanguage":"es","potentialAction":[{"@type":"ReadAction","target":["https:\/\/dev6.erresse-shop.it\/es\/shop\/sartenes-y-ollas\/le-creuset-sarten-baja-de-hierro-fundido-28-cm-merengue\/"]}]},{"@type":"ImageObject","inLanguage":"es","@id":"https:\/\/dev6.erresse-shop.it\/es\/shop\/sartenes-y-ollas\/le-creuset-sarten-baja-de-hierro-fundido-28-cm-merengue\/#primaryimage","url":"https:\/\/i3.wp.com\/interpim.erresse-shop.it\/wp-content\/uploads\/2020\/10\/LE-CREUSET-Padella-Bassa-in-Ghisa-28-cm-Meringa.jpg\/le-creuset-padella-bassa-in-ghisa-28-cm-meringa.jpg?ssl=1","contentUrl":"https:\/\/i3.wp.com\/interpim.erresse-shop.it\/wp-content\/uploads\/2020\/10\/LE-CREUSET-Padella-Bassa-in-Ghisa-28-cm-Meringa.jpg\/le-creuset-padella-bassa-in-ghisa-28-cm-meringa.jpg?ssl=1"},{"@type":"BreadcrumbList","@id":"https:\/\/dev6.erresse-shop.it\/es\/shop\/sartenes-y-ollas\/le-creuset-sarten-baja-de-hierro-fundido-28-cm-merengue\/#breadcrumb","itemListElement":[{"@type":"ListItem","position":1,"name":"Home","item":"https:\/\/dev6.erresse-shop.it\/"},{"@type":"ListItem","position":2,"name":"Tienda","item":"https:\/\/dev6.erresse-shop.it\/shop\/"},{"@type":"ListItem","position":3,"name":"LE CREUSET Sart\u00e9n Baja de Hierro Fundido 28 cm Merengue"}]},{"@type":"WebSite","@id":"https:\/\/dev6.erresse-shop.it\/#website","url":"https:\/\/dev6.erresse-shop.it\/","name":"Erresse Shop","description":"","publisher":{"@id":"https:\/\/dev6.erresse-shop.it\/#organization"},"potentialAction":[{"@type":"SearchAction","target":{"@type":"EntryPoint","urlTemplate":"https:\/\/dev6.erresse-shop.it\/?s={search_term_string}"},"query-input":{"@type":"PropertyValueSpecification","valueRequired":true,"valueName":"search_term_string"}}],"inLanguage":"es"},{"@type":"Organization","@id":"https:\/\/dev6.erresse-shop.it\/#organization","name":"Erresse Shop","url":"https:\/\/dev6.erresse-shop.it\/","logo":{"@type":"ImageObject","inLanguage":"es","@id":"https:\/\/dev6.erresse-shop.it\/#\/schema\/logo\/image\/","url":"https:\/\/dev6.erresse-shop.it\/wp-content\/uploads\/2025\/01\/LOGO-ERRESSE-CLASSICO.svg","contentUrl":"https:\/\/dev6.erresse-shop.it\/wp-content\/uploads\/2025\/01\/LOGO-ERRESSE-CLASSICO.svg","caption":"Erresse Shop"},"image":{"@id":"https:\/\/dev6.erresse-shop.it\/#\/schema\/logo\/image\/"}}]}},"df_price":169.95,"df_sale_price":169.95,"df_regular_price":245,"df_image_link":"https:\/\/i3.wp.com\/interpim.erresse-shop.it\/wp-content\/uploads\/2020\/10\/LE-CREUSET-Padella-Bassa-in-Ghisa-28-cm-Meringa.jpg\/le-creuset-padella-bassa-in-ghisa-28-cm-meringa.jpg?resize=300,300&ssl=1","fifu_image_url":"https:\/\/interpim.erresse-shop.it\/wp-content\/uploads\/2020\/10\/LE-CREUSET-Padella-Bassa-in-Ghisa-28-cm-Meringa.jpg\/le-creuset-padella-bassa-in-ghisa-28-cm-meringa.jpg","_links":{"self":[{"href":"https:\/\/dev6.erresse-shop.it\/es\/wp-json\/wp\/v2\/product\/1876730","targetHints":{"allow":["GET"]}}],"collection":[{"href":"https:\/\/dev6.erresse-shop.it\/es\/wp-json\/wp\/v2\/product"}],"about":[{"href":"https:\/\/dev6.erresse-shop.it\/es\/wp-json\/wp\/v2\/types\/product"}],"wp:featuredmedia":[{"embeddable":true,"href":"https:\/\/dev6.erresse-shop.it\/es\/wp-json\/wp\/v2\/media\/6264428"}],"wp:attachment":[{"href":"https:\/\/dev6.erresse-shop.it\/es\/wp-json\/wp\/v2\/media?parent=1876730"}],"wp:term":[{"taxonomy":"product_cat","embeddable":true,"href":"https:\/\/dev6.erresse-shop.it\/es\/wp-json\/wp\/v2\/product_cat?post=1876730"},{"taxonomy":"product_tag","embeddable":true,"href":"https:\/\/dev6.erresse-shop.it\/es\/wp-json\/wp\/v2\/product_tag?post=1876730"}],"curies":[{"name":"wp","href":"https:\/\/api.w.org\/{rel}","templated":true}]}}