{"id":1876726,"date":"2026-04-16T18:56:41","date_gmt":"2026-04-16T16:56:41","guid":{"rendered":"https:\/\/dev6.erresse-shop.it\/shop\/sin%20categor\u00eda\/zwilling-enfinigy-batidora-personal\/"},"modified":"2025-07-04T21:19:27","modified_gmt":"2025-07-04T19:19:27","slug":"zwilling-enfinigy-batidora-personal","status":"publish","type":"product","link":"https:\/\/dev6.erresse-shop.it\/es\/shop\/pequenos-electrodomesticos\/licuadoras\/zwilling-enfinigy-batidora-personal\/","title":{"rendered":"ZWILLING Enfinigy Batidora Personal"},"content":{"rendered":"<p>Los componentes m\u00e1s importantes de una batidora son la cuchilla y el motor. Por eso, todas las batidoras ZWILLING est\u00e1n equipadas con cuchillas originales de acero inoxidable ZWILLING. El motor, la jarra de la batidora y la cuchilla est\u00e1n perfectamente calibrados entre s\u00ed. \u00bfEl efecto? Un resultado de mezcla que hace honor a la marca ZWILLING.<\/p>\n<p>LOS DETALLES MARCAN LA DIFERENCIA<br \/>\nHoja ZWILLING con dentado especial Pira\u00f1a<br \/>\nCuchilla ZWILLING con \u00f3ptima resistencia y afilado<br \/>\nCuchilla ZWILLING \u2013 desarrollada en Solingen, Alemania<\/p>\n<p>REDUCIR CUALQUIER TAMA\u00d1O.<br \/>\nIntuitivo, como un cuchillo. Con hasta siete programas autom\u00e1ticos y 12 ajustes de velocidad, podr\u00e1 encontrar sin esfuerzo el ajuste adecuado para cada ocasi\u00f3n, con s\u00f3lo girar un bot\u00f3n.<\/p>\n<p>ELECTRODOM\u00c9STICOS PREMIUM PARA COCINAS MODERNAS: FUNCIONES<br \/>\n\u2013 Pulso: La batidora funciona a velocidad m\u00ednima y m\u00e1xima. Adecuado para mezclas cortas y manuales y para mezclas extra para resultados a\u00fan m\u00e1s refinados.<br \/>\n\u2013 Smoothie: Transforma la fruta y la verdura en deliciosos y cremosos batidos.<br \/>\n\u2013 C\u00f3cteles: Adecuado para bebidas como los c\u00f3cteles con hielo, como las Margaritas, as\u00ed como los batidos verdes con alto contenido en clorofila y las bebidas caseras de frutos secos.<br \/>\n\u2013 Helados: Para preparar r\u00e1pida y f\u00e1cilmente sus propias especialidades de helado. Pueden ser sorbetes de fruta fresca o congelada combinada con cubitos de hielo. O pruebe el delicioso helado con productos l\u00e1cteos.<br \/>\n\u2013 Triturador de hielo: Convierte cualquier tipo de cubito en hielo finamente picado.<br \/>\n\u2013 Sopa: Pica y calienta los ingredientes con el calor de la rotaci\u00f3n de la cuchilla. En s\u00f3lo 10 minutos, las sopas y los potajes de verduras se calientan y est\u00e1n listos para servir.<br \/>\n\u2013 Limpieza: La forma m\u00e1s sencilla de limpiar la batidora: basta con a\u00f1adir un poco de agua y una gota de detergente, poner en marcha el programa de limpieza y aclarar.<\/p>\n<p>UNA VIDA \u00daTIL PROLONGADA.<br \/>\nEl dise\u00f1o de las batidoras ZWILLING no s\u00f3lo es intemporal, sino que los aparatos en s\u00ed son incre\u00edblemente duraderos. Las cuchillas son de acero inoxidable y las jarras de Tritan resistente. Tritan es un material de alta calidad que pesa la mitad que el vidrio y es mucho m\u00e1s robusto. Es resistente tanto al calor como al fr\u00edo y es muy resistente a la rotura.<\/p>\n<p>CORTA A TRAV\u00c9S DE CUALQUIER COSA. EXCEPTO TU DEDO.<br \/>\nEl bloqueo de seguridad de la batidora y el dentado especial Pira\u00f1a garantizan la seguridad del batido.<br \/>\nBloqueo de seguridad: el aparato s\u00f3lo se pone en marcha cuando la tapa est\u00e1 bien colocada.<br \/>\nFunci\u00f3n de desconexi\u00f3n autom\u00e1tica: la batidora se desconecta autom\u00e1ticamente cuando se abre durante el proceso de batido.<br \/>\nDentado especial Pira\u00f1a: S\u00f3lo est\u00e1 afilado el peque\u00f1o dentado del interior de la hoja. Esto garantiza una limpieza manual segura.<\/p>\n<p>BATIDORA PERSONAL<br \/>\nLa batidora personal es una batidora compacta y extremadamente pr\u00e1ctica, dise\u00f1ada para un uso diario r\u00e1pido y sin desperdicios. Preparar un delicioso batido con fruta de temporada, un fresco smoothie o una aterciopelada sopa de verduras nunca fue tan f\u00e1cil y estuvo al alcance de su mano. Al separar el vaso del motor y cerrarlo con la tapa herm\u00e9tica antigoteo suministrada, puede llevarlo a cualquier parte. Con un silencioso motor de 600 W de CA, la batidora personal tiene dos funciones de batido y pulso y una jarra de Trit\u00e1n de 550 ml sin BPA.<br \/>\nLa firma de la marca alemana es reconocible en la calidad de las cuchillas dentadas Pira\u00f1a, que cuentan con esquinas moldeadas para un corte \u00f3ptimo.<\/p>\n<p>No se vende fuera de Europa<\/p>\n","protected":false},"excerpt":{"rendered":"<p>Los componentes m\u00e1s importantes de una batidora son la cuchilla y el motor. Por eso, todas las batidoras ZWILLING est\u00e1n equipadas con cuchillas originales de acero inoxidable ZWILLING. El motor, la jarra de la batidora y la cuchilla est\u00e1n perfectamente calibrados entre s\u00ed. \u00bfEl efecto? Un resultado de mezcla que hace honor a la marca [&hellip;]<\/p>\n","protected":false},"featured_media":6486750,"template":"","meta":{"_acf_changed":false},"product_cat":[11737,11953,11947],"product_tag":[],"class_list":{"0":"post-1876726","1":"product","2":"type-product","3":"status-publish","4":"has-post-thumbnail","6":"product_cat-frullatori","7":"product_cat-licuadoras","8":"product_cat-pequenos-electrodomesticos","10":"first","11":"outofstock","12":"sale","13":"taxable","14":"shipping-taxable","15":"purchasable","16":"product-type-simple","swatches":"rey-swatches","show_selected":"","stretch_labels":"rey-swatches--stretch-labels"},"acf":[],"yoast_head":"<!-- This site is optimized with the Yoast SEO plugin v25.4 - https:\/\/yoast.com\/wordpress\/plugins\/seo\/ -->\n<title>ZWILLING Enfinigy Batidora Personal - dev6 Erresse<\/title>\n<meta name=\"description\" content=\"Los componentes m\u00e1s importantes de una batidora son la cuchilla y el motor. Por eso, todas las batidoras ZWILLING est\u00e1n equipadas con cuchillas originales\" \/>\n<meta name=\"robots\" content=\"noindex, follow, max-snippet:-1, max-image-preview:large, max-video-preview:-1\" \/>\n<meta property=\"og:locale\" content=\"es_ES\" \/>\n<meta property=\"og:type\" content=\"article\" \/>\n<meta property=\"og:title\" content=\"ZWILLING Enfinigy Batidora Personal - dev6 Erresse\" \/>\n<meta property=\"og:description\" content=\"Los componentes m\u00e1s importantes de una batidora son la cuchilla y el motor. Por eso, todas las batidoras ZWILLING est\u00e1n equipadas con cuchillas originales\" \/>\n<meta property=\"og:url\" content=\"https:\/\/dev6.erresse-shop.it\/es\/shop\/pequenos-electrodomesticos\/licuadoras\/zwilling-enfinigy-batidora-personal\/\" \/>\n<meta property=\"og:site_name\" content=\"dev6 Erresse\" \/>\n<meta property=\"og:image\" content=\"https:\/\/interpim.erresse-shop.it\/Import\/Prodotti\/53003-000.jpg\" \/><meta property=\"og:image\" content=\"https:\/\/interpim.erresse-shop.it\/Import\/Prodotti\/53003-000.jpg\" \/>\n\t<meta property=\"og:image:width\" content=\"1024\" \/>\n\t<meta property=\"og:image:height\" content=\"1024\" \/>\n\t<meta property=\"og:image:type\" content=\"image\/jpeg\" \/>\n<meta name=\"twitter:card\" content=\"summary_large_image\" \/>\n<meta name=\"twitter:image\" content=\"https:\/\/interpim.erresse-shop.it\/Import\/Prodotti\/53003-000.jpg\" \/>\n<script type=\"application\/ld+json\" class=\"yoast-schema-graph\">{\"@context\":\"https:\/\/schema.org\",\"@graph\":[{\"@type\":\"WebPage\",\"@id\":\"https:\/\/dev6.erresse-shop.it\/es\/shop\/pequenos-electrodomesticos\/licuadoras\/zwilling-enfinigy-batidora-personal\/\",\"url\":\"https:\/\/dev6.erresse-shop.it\/es\/shop\/pequenos-electrodomesticos\/licuadoras\/zwilling-enfinigy-batidora-personal\/\",\"name\":\"ZWILLING Enfinigy Batidora Personal - dev6 Erresse\",\"isPartOf\":{\"@id\":\"https:\/\/dev6.erresse-shop.it\/#website\"},\"primaryImageOfPage\":{\"@id\":\"https:\/\/dev6.erresse-shop.it\/es\/shop\/pequenos-electrodomesticos\/licuadoras\/zwilling-enfinigy-batidora-personal\/#primaryimage\"},\"image\":{\"@id\":\"https:\/\/dev6.erresse-shop.it\/es\/shop\/pequenos-electrodomesticos\/licuadoras\/zwilling-enfinigy-batidora-personal\/#primaryimage\"},\"thumbnailUrl\":\"https:\/\/i0.wp.com\/interpim.erresse-shop.it\/Import\/Prodotti\/53003-000.jpg?ssl=1\",\"datePublished\":\"2026-04-16T16:56:41+00:00\",\"description\":\"Los componentes m\u00e1s importantes de una batidora son la cuchilla y el motor. Por eso, todas las batidoras ZWILLING est\u00e1n equipadas con cuchillas originales\",\"breadcrumb\":{\"@id\":\"https:\/\/dev6.erresse-shop.it\/es\/shop\/pequenos-electrodomesticos\/licuadoras\/zwilling-enfinigy-batidora-personal\/#breadcrumb\"},\"inLanguage\":\"es\",\"potentialAction\":[{\"@type\":\"ReadAction\",\"target\":[\"https:\/\/dev6.erresse-shop.it\/es\/shop\/pequenos-electrodomesticos\/licuadoras\/zwilling-enfinigy-batidora-personal\/\"]}]},{\"@type\":\"ImageObject\",\"inLanguage\":\"es\",\"@id\":\"https:\/\/dev6.erresse-shop.it\/es\/shop\/pequenos-electrodomesticos\/licuadoras\/zwilling-enfinigy-batidora-personal\/#primaryimage\",\"url\":\"https:\/\/i0.wp.com\/interpim.erresse-shop.it\/Import\/Prodotti\/53003-000.jpg?ssl=1\",\"contentUrl\":\"https:\/\/i0.wp.com\/interpim.erresse-shop.it\/Import\/Prodotti\/53003-000.jpg?ssl=1\"},{\"@type\":\"BreadcrumbList\",\"@id\":\"https:\/\/dev6.erresse-shop.it\/es\/shop\/pequenos-electrodomesticos\/licuadoras\/zwilling-enfinigy-batidora-personal\/#breadcrumb\",\"itemListElement\":[{\"@type\":\"ListItem\",\"position\":1,\"name\":\"Home\",\"item\":\"https:\/\/dev6.erresse-shop.it\/\"},{\"@type\":\"ListItem\",\"position\":2,\"name\":\"Tienda\",\"item\":\"https:\/\/dev6.erresse-shop.it\/shop\/\"},{\"@type\":\"ListItem\",\"position\":3,\"name\":\"ZWILLING Enfinigy Batidora Personal\"}]},{\"@type\":\"WebSite\",\"@id\":\"https:\/\/dev6.erresse-shop.it\/#website\",\"url\":\"https:\/\/dev6.erresse-shop.it\/\",\"name\":\"Erresse Shop\",\"description\":\"\",\"publisher\":{\"@id\":\"https:\/\/dev6.erresse-shop.it\/#organization\"},\"potentialAction\":[{\"@type\":\"SearchAction\",\"target\":{\"@type\":\"EntryPoint\",\"urlTemplate\":\"https:\/\/dev6.erresse-shop.it\/?s={search_term_string}\"},\"query-input\":{\"@type\":\"PropertyValueSpecification\",\"valueRequired\":true,\"valueName\":\"search_term_string\"}}],\"inLanguage\":\"es\"},{\"@type\":\"Organization\",\"@id\":\"https:\/\/dev6.erresse-shop.it\/#organization\",\"name\":\"Erresse Shop\",\"url\":\"https:\/\/dev6.erresse-shop.it\/\",\"logo\":{\"@type\":\"ImageObject\",\"inLanguage\":\"es\",\"@id\":\"https:\/\/dev6.erresse-shop.it\/#\/schema\/logo\/image\/\",\"url\":\"https:\/\/dev6.erresse-shop.it\/wp-content\/uploads\/2025\/01\/LOGO-ERRESSE-CLASSICO.svg\",\"contentUrl\":\"https:\/\/dev6.erresse-shop.it\/wp-content\/uploads\/2025\/01\/LOGO-ERRESSE-CLASSICO.svg\",\"caption\":\"Erresse Shop\"},\"image\":{\"@id\":\"https:\/\/dev6.erresse-shop.it\/#\/schema\/logo\/image\/\"}}]}<\/script>\n<!-- \/ Yoast SEO plugin. -->","yoast_head_json":{"title":"ZWILLING Enfinigy Batidora Personal - dev6 Erresse","description":"Los componentes m\u00e1s importantes de una batidora son la cuchilla y el motor. Por eso, todas las batidoras ZWILLING est\u00e1n equipadas con cuchillas originales","robots":{"index":"noindex","follow":"follow","max-snippet":"max-snippet:-1","max-image-preview":"max-image-preview:large","max-video-preview":"max-video-preview:-1"},"og_locale":"es_ES","og_type":"article","og_title":"ZWILLING Enfinigy Batidora Personal - dev6 Erresse","og_description":"Los componentes m\u00e1s importantes de una batidora son la cuchilla y el motor. Por eso, todas las batidoras ZWILLING est\u00e1n equipadas con cuchillas originales","og_url":"https:\/\/dev6.erresse-shop.it\/es\/shop\/pequenos-electrodomesticos\/licuadoras\/zwilling-enfinigy-batidora-personal\/","og_site_name":"dev6 Erresse","og_image":[{"url":"https:\/\/interpim.erresse-shop.it\/Import\/Prodotti\/53003-000.jpg","type":"","width":"","height":""},{"url":"https:\/\/interpim.erresse-shop.it\/Import\/Prodotti\/53003-000.jpg","width":1024,"height":1024,"type":"image\/jpeg"}],"twitter_card":"summary_large_image","twitter_image":"https:\/\/interpim.erresse-shop.it\/Import\/Prodotti\/53003-000.jpg","schema":{"@context":"https:\/\/schema.org","@graph":[{"@type":"WebPage","@id":"https:\/\/dev6.erresse-shop.it\/es\/shop\/pequenos-electrodomesticos\/licuadoras\/zwilling-enfinigy-batidora-personal\/","url":"https:\/\/dev6.erresse-shop.it\/es\/shop\/pequenos-electrodomesticos\/licuadoras\/zwilling-enfinigy-batidora-personal\/","name":"ZWILLING Enfinigy Batidora Personal - dev6 Erresse","isPartOf":{"@id":"https:\/\/dev6.erresse-shop.it\/#website"},"primaryImageOfPage":{"@id":"https:\/\/dev6.erresse-shop.it\/es\/shop\/pequenos-electrodomesticos\/licuadoras\/zwilling-enfinigy-batidora-personal\/#primaryimage"},"image":{"@id":"https:\/\/dev6.erresse-shop.it\/es\/shop\/pequenos-electrodomesticos\/licuadoras\/zwilling-enfinigy-batidora-personal\/#primaryimage"},"thumbnailUrl":"https:\/\/i0.wp.com\/interpim.erresse-shop.it\/Import\/Prodotti\/53003-000.jpg?ssl=1","datePublished":"2026-04-16T16:56:41+00:00","description":"Los componentes m\u00e1s importantes de una batidora son la cuchilla y el motor. Por eso, todas las batidoras ZWILLING est\u00e1n equipadas con cuchillas originales","breadcrumb":{"@id":"https:\/\/dev6.erresse-shop.it\/es\/shop\/pequenos-electrodomesticos\/licuadoras\/zwilling-enfinigy-batidora-personal\/#breadcrumb"},"inLanguage":"es","potentialAction":[{"@type":"ReadAction","target":["https:\/\/dev6.erresse-shop.it\/es\/shop\/pequenos-electrodomesticos\/licuadoras\/zwilling-enfinigy-batidora-personal\/"]}]},{"@type":"ImageObject","inLanguage":"es","@id":"https:\/\/dev6.erresse-shop.it\/es\/shop\/pequenos-electrodomesticos\/licuadoras\/zwilling-enfinigy-batidora-personal\/#primaryimage","url":"https:\/\/i0.wp.com\/interpim.erresse-shop.it\/Import\/Prodotti\/53003-000.jpg?ssl=1","contentUrl":"https:\/\/i0.wp.com\/interpim.erresse-shop.it\/Import\/Prodotti\/53003-000.jpg?ssl=1"},{"@type":"BreadcrumbList","@id":"https:\/\/dev6.erresse-shop.it\/es\/shop\/pequenos-electrodomesticos\/licuadoras\/zwilling-enfinigy-batidora-personal\/#breadcrumb","itemListElement":[{"@type":"ListItem","position":1,"name":"Home","item":"https:\/\/dev6.erresse-shop.it\/"},{"@type":"ListItem","position":2,"name":"Tienda","item":"https:\/\/dev6.erresse-shop.it\/shop\/"},{"@type":"ListItem","position":3,"name":"ZWILLING Enfinigy Batidora Personal"}]},{"@type":"WebSite","@id":"https:\/\/dev6.erresse-shop.it\/#website","url":"https:\/\/dev6.erresse-shop.it\/","name":"Erresse Shop","description":"","publisher":{"@id":"https:\/\/dev6.erresse-shop.it\/#organization"},"potentialAction":[{"@type":"SearchAction","target":{"@type":"EntryPoint","urlTemplate":"https:\/\/dev6.erresse-shop.it\/?s={search_term_string}"},"query-input":{"@type":"PropertyValueSpecification","valueRequired":true,"valueName":"search_term_string"}}],"inLanguage":"es"},{"@type":"Organization","@id":"https:\/\/dev6.erresse-shop.it\/#organization","name":"Erresse Shop","url":"https:\/\/dev6.erresse-shop.it\/","logo":{"@type":"ImageObject","inLanguage":"es","@id":"https:\/\/dev6.erresse-shop.it\/#\/schema\/logo\/image\/","url":"https:\/\/dev6.erresse-shop.it\/wp-content\/uploads\/2025\/01\/LOGO-ERRESSE-CLASSICO.svg","contentUrl":"https:\/\/dev6.erresse-shop.it\/wp-content\/uploads\/2025\/01\/LOGO-ERRESSE-CLASSICO.svg","caption":"Erresse Shop"},"image":{"@id":"https:\/\/dev6.erresse-shop.it\/#\/schema\/logo\/image\/"}}]}},"df_price":99.95,"df_sale_price":99.95,"df_regular_price":119,"df_image_link":"https:\/\/i0.wp.com\/interpim.erresse-shop.it\/Import\/Prodotti\/53003-000.jpg?resize=300,300&ssl=1","fifu_image_url":"https:\/\/interpim.erresse-shop.it\/Import\/Prodotti\/53003-000.jpg","_links":{"self":[{"href":"https:\/\/dev6.erresse-shop.it\/es\/wp-json\/wp\/v2\/product\/1876726","targetHints":{"allow":["GET"]}}],"collection":[{"href":"https:\/\/dev6.erresse-shop.it\/es\/wp-json\/wp\/v2\/product"}],"about":[{"href":"https:\/\/dev6.erresse-shop.it\/es\/wp-json\/wp\/v2\/types\/product"}],"wp:featuredmedia":[{"embeddable":true,"href":"https:\/\/dev6.erresse-shop.it\/es\/wp-json\/wp\/v2\/media\/6486750"}],"wp:attachment":[{"href":"https:\/\/dev6.erresse-shop.it\/es\/wp-json\/wp\/v2\/media?parent=1876726"}],"wp:term":[{"taxonomy":"product_cat","embeddable":true,"href":"https:\/\/dev6.erresse-shop.it\/es\/wp-json\/wp\/v2\/product_cat?post=1876726"},{"taxonomy":"product_tag","embeddable":true,"href":"https:\/\/dev6.erresse-shop.it\/es\/wp-json\/wp\/v2\/product_tag?post=1876726"}],"curies":[{"name":"wp","href":"https:\/\/api.w.org\/{rel}","templated":true}]}}