{"id":1876722,"date":"2026-04-16T18:56:41","date_gmt":"2026-04-16T16:56:41","guid":{"rendered":"https:\/\/dev6.erresse-shop.it\/shop\/sin%20categor\u00eda\/licuadora-zwilling-enfinigy-power\/"},"modified":"2026-02-13T16:46:38","modified_gmt":"2026-02-13T15:46:38","slug":"licuadora-zwilling-enfinigy-power","status":"publish","type":"product","link":"https:\/\/dev6.erresse-shop.it\/es\/shop\/pequenos-electrodomesticos\/licuadoras\/licuadora-zwilling-enfinigy-power\/","title":{"rendered":"Licuadora ZWILLING Enfinigy Power"},"content":{"rendered":"<p>Los componentes m\u00e1s importantes de una licuadora son la cuchilla y el motor. Por eso, todas las batidoras ZWILLING est\u00e1n equipadas con cuchillas de acero inoxidable originales ZWILLING. El motor, el vaso y las cuchillas est\u00e1n perfectamente calibrados entre s\u00ed. \u00bfEl efecto? Un resultado de mezcla digno de la marca ZWILLING.<\/p>\n<p>LOS DETALLES HACEN LA DIFERENCIA<br \/>\nHoja ZWILLING con dentado especial Piranha<br \/>\nCuchilla ZWILLING que destaca por su excelente resistencia y filo.<br \/>\nHoja ZWILLING \u2013 desarrollada en Solingen, Alemania<\/p>\n<p>REDUCIR CUALQUIER TAMA\u00d1O.<br \/>\nIntuitivo, como un cuchillo. Hasta siete programas autom\u00e1ticos y 12 configuraciones de velocidad le permiten encontrar sin esfuerzo la configuraci\u00f3n adecuada para cualquier ocasi\u00f3n, con solo girar una perilla.<\/p>\n<p>ELECTRODOM\u00c9STICOS PREMIUM PARA COCINAS MODERNAS: FUNCIONES<br \/>\n\u2013 Pulso: La batidora funciona a velocidad m\u00ednima y m\u00e1xima. Adecuado para mezclas cortas, manuales y mezclas adicionales, para obtener resultados a\u00fan m\u00e1s refinados.<br \/>\n\u2013 Smoothie: Transforma frutas y verduras en deliciosos batidos cremosos.<br \/>\n\u2013 C\u00f3cteles: Adecuado para bebidas como c\u00f3cteles a base de hielo como Margaritas, as\u00ed como batidos verdes ricos en clorofila y bebidas caseras de frutos secos.<br \/>\n\u2013 Helado: Para preparar tus especialidades de helado de forma r\u00e1pida y sencilla. Estos pueden incluir sorbetes de frutas frescas o congeladas en combinaci\u00f3n con cubitos de hielo. O prueba el delicioso helado con productos l\u00e1cteos.<br \/>\n\u2013 Picadora de Hielo: Transforma cualquier tipo de cubito de hielo en hielo finamente triturado.<br \/>\n\u2013 Sopa: Picar y calentar los ingredientes, con el calor del giro de la cuchilla. En s\u00f3lo 10 minutos, las sopas y pur\u00e9s se calientan y est\u00e1n inmediatamente listos para servir.<br \/>\n\u2013 Limpieza: La forma m\u00e1s sencilla de limpiar tu batidora: basta con a\u00f1adir un poco de agua y una gota de detergente, iniciar el programa de limpieza y luego enjuagar.<\/p>\n<p>VIDA \u00daTIL AMPLIADA.<br \/>\nNo s\u00f3lo el dise\u00f1o de las batidoras ZWILLING es atemporal, sino que los propios aparatos tambi\u00e9n son incre\u00edblemente duraderos. Las cuchillas son de acero inoxidable y las jarras de Tritan resistente. Tritan es un material de alta calidad que pesa la mitad que el vidrio y es mucho m\u00e1s robusto. Es resistente tanto al calor como al fr\u00edo y tiene una gran resistencia a la rotura.<\/p>\n<p>CORTAR CUALQUIER COSA. EXCEPTO TU DEDO.<br \/>\nEl bloqueo de seguridad de la licuadora y el dentado especial Piranha garantizan una mezcla segura.<br \/>\nBloqueo de seguridad: el aparato s\u00f3lo se pone en marcha cuando la tapa est\u00e1 correctamente insertada.<br \/>\nFunci\u00f3n de apagado autom\u00e1tico: La licuadora se apaga autom\u00e1ticamente cada vez que se abre durante el licuado.<br \/>\nDentado especial Pira\u00f1a: S\u00f3lo el peque\u00f1o dentado en el interior de la hoja est\u00e1 afilado. Esto garantiza una limpieza de manos segura.<\/p>\n<p>LICUADORA DE POTENCIA<br \/>\nEl famoso cuchillo ZWILLING es una batidora. La potente batidora Power Blender de la serie ENFINIGY convence con la nueva cuchilla especial con dentado ZWILLING Piranha. El mando de control te permite elegir entre 6 programas autom\u00e1ticos y 12 ajustes de velocidad. La combinaci\u00f3n perfectamente calibrada de la cuchilla de acero inoxidable premium de ZWILLING, el potente motor de 1600 vatios y el dise\u00f1o optimizado de la jarra ofrece resultados de batido perfectos.<\/p>\n<p>No est\u00e1 a la venta fuera de Europa<\/p>\n","protected":false},"excerpt":{"rendered":"<p>Los componentes m\u00e1s importantes de una licuadora son la cuchilla y el motor. Por eso, todas las batidoras ZWILLING est\u00e1n equipadas con cuchillas de acero inoxidable originales ZWILLING. El motor, el vaso y las cuchillas est\u00e1n perfectamente calibrados entre s\u00ed. \u00bfEl efecto? Un resultado de mezcla digno de la marca ZWILLING. LOS DETALLES HACEN LA [&hellip;]<\/p>\n","protected":false},"featured_media":6486707,"template":"","meta":{"_acf_changed":false},"product_cat":[11737,11953,11947],"product_tag":[],"class_list":{"0":"post-1876722","1":"product","2":"type-product","3":"status-publish","4":"has-post-thumbnail","6":"product_cat-frullatori","7":"product_cat-licuadoras","8":"product_cat-pequenos-electrodomesticos","10":"first","11":"outofstock","12":"sale","13":"taxable","14":"shipping-taxable","15":"purchasable","16":"product-type-simple","swatches":"rey-swatches","show_selected":"","stretch_labels":"rey-swatches--stretch-labels"},"acf":[],"yoast_head":"<!-- This site is optimized with the Yoast SEO plugin v25.4 - https:\/\/yoast.com\/wordpress\/plugins\/seo\/ -->\n<title>Licuadora ZWILLING Enfinigy Power - dev6 Erresse<\/title>\n<meta name=\"description\" content=\"Los componentes m\u00e1s importantes de una licuadora son la cuchilla y el motor. Por eso, todas las batidoras ZWILLING est\u00e1n equipadas con cuchillas de acero\" \/>\n<meta name=\"robots\" content=\"noindex, follow, max-snippet:-1, max-image-preview:large, max-video-preview:-1\" \/>\n<meta property=\"og:locale\" content=\"es_ES\" \/>\n<meta property=\"og:type\" content=\"article\" \/>\n<meta property=\"og:title\" content=\"Licuadora ZWILLING Enfinigy Power - dev6 Erresse\" \/>\n<meta property=\"og:description\" content=\"Los componentes m\u00e1s importantes de una licuadora son la cuchilla y el motor. Por eso, todas las batidoras ZWILLING est\u00e1n equipadas con cuchillas de acero\" \/>\n<meta property=\"og:url\" content=\"https:\/\/dev6.erresse-shop.it\/es\/shop\/pequenos-electrodomesticos\/licuadoras\/licuadora-zwilling-enfinigy-power\/\" \/>\n<meta property=\"og:site_name\" content=\"dev6 Erresse\" \/>\n<meta property=\"og:image\" content=\"https:\/\/interpim.erresse-shop.it\/Import\/Prodotti\/53001-000.jpg\" \/><meta property=\"og:image\" content=\"https:\/\/interpim.erresse-shop.it\/Import\/Prodotti\/53001-000.jpg\" \/>\n\t<meta property=\"og:image:width\" content=\"1024\" \/>\n\t<meta property=\"og:image:height\" content=\"1024\" \/>\n\t<meta property=\"og:image:type\" content=\"image\/jpeg\" \/>\n<meta name=\"twitter:card\" content=\"summary_large_image\" \/>\n<meta name=\"twitter:image\" content=\"https:\/\/interpim.erresse-shop.it\/Import\/Prodotti\/53001-000.jpg\" \/>\n<script type=\"application\/ld+json\" class=\"yoast-schema-graph\">{\"@context\":\"https:\/\/schema.org\",\"@graph\":[{\"@type\":\"WebPage\",\"@id\":\"https:\/\/dev6.erresse-shop.it\/es\/shop\/pequenos-electrodomesticos\/licuadoras\/licuadora-zwilling-enfinigy-power\/\",\"url\":\"https:\/\/dev6.erresse-shop.it\/es\/shop\/pequenos-electrodomesticos\/licuadoras\/licuadora-zwilling-enfinigy-power\/\",\"name\":\"Licuadora ZWILLING Enfinigy Power - dev6 Erresse\",\"isPartOf\":{\"@id\":\"https:\/\/dev6.erresse-shop.it\/#website\"},\"primaryImageOfPage\":{\"@id\":\"https:\/\/dev6.erresse-shop.it\/es\/shop\/pequenos-electrodomesticos\/licuadoras\/licuadora-zwilling-enfinigy-power\/#primaryimage\"},\"image\":{\"@id\":\"https:\/\/dev6.erresse-shop.it\/es\/shop\/pequenos-electrodomesticos\/licuadoras\/licuadora-zwilling-enfinigy-power\/#primaryimage\"},\"thumbnailUrl\":\"https:\/\/i2.wp.com\/interpim.erresse-shop.it\/Import\/Prodotti\/53001-000.jpg?ssl=1\",\"datePublished\":\"2026-04-16T16:56:41+00:00\",\"description\":\"Los componentes m\u00e1s importantes de una licuadora son la cuchilla y el motor. Por eso, todas las batidoras ZWILLING est\u00e1n equipadas con cuchillas de acero\",\"breadcrumb\":{\"@id\":\"https:\/\/dev6.erresse-shop.it\/es\/shop\/pequenos-electrodomesticos\/licuadoras\/licuadora-zwilling-enfinigy-power\/#breadcrumb\"},\"inLanguage\":\"es\",\"potentialAction\":[{\"@type\":\"ReadAction\",\"target\":[\"https:\/\/dev6.erresse-shop.it\/es\/shop\/pequenos-electrodomesticos\/licuadoras\/licuadora-zwilling-enfinigy-power\/\"]}]},{\"@type\":\"ImageObject\",\"inLanguage\":\"es\",\"@id\":\"https:\/\/dev6.erresse-shop.it\/es\/shop\/pequenos-electrodomesticos\/licuadoras\/licuadora-zwilling-enfinigy-power\/#primaryimage\",\"url\":\"https:\/\/i2.wp.com\/interpim.erresse-shop.it\/Import\/Prodotti\/53001-000.jpg?ssl=1\",\"contentUrl\":\"https:\/\/i2.wp.com\/interpim.erresse-shop.it\/Import\/Prodotti\/53001-000.jpg?ssl=1\"},{\"@type\":\"BreadcrumbList\",\"@id\":\"https:\/\/dev6.erresse-shop.it\/es\/shop\/pequenos-electrodomesticos\/licuadoras\/licuadora-zwilling-enfinigy-power\/#breadcrumb\",\"itemListElement\":[{\"@type\":\"ListItem\",\"position\":1,\"name\":\"Home\",\"item\":\"https:\/\/dev6.erresse-shop.it\/\"},{\"@type\":\"ListItem\",\"position\":2,\"name\":\"Tienda\",\"item\":\"https:\/\/dev6.erresse-shop.it\/shop\/\"},{\"@type\":\"ListItem\",\"position\":3,\"name\":\"Licuadora ZWILLING Enfinigy Power\"}]},{\"@type\":\"WebSite\",\"@id\":\"https:\/\/dev6.erresse-shop.it\/#website\",\"url\":\"https:\/\/dev6.erresse-shop.it\/\",\"name\":\"Erresse Shop\",\"description\":\"\",\"publisher\":{\"@id\":\"https:\/\/dev6.erresse-shop.it\/#organization\"},\"potentialAction\":[{\"@type\":\"SearchAction\",\"target\":{\"@type\":\"EntryPoint\",\"urlTemplate\":\"https:\/\/dev6.erresse-shop.it\/?s={search_term_string}\"},\"query-input\":{\"@type\":\"PropertyValueSpecification\",\"valueRequired\":true,\"valueName\":\"search_term_string\"}}],\"inLanguage\":\"es\"},{\"@type\":\"Organization\",\"@id\":\"https:\/\/dev6.erresse-shop.it\/#organization\",\"name\":\"Erresse Shop\",\"url\":\"https:\/\/dev6.erresse-shop.it\/\",\"logo\":{\"@type\":\"ImageObject\",\"inLanguage\":\"es\",\"@id\":\"https:\/\/dev6.erresse-shop.it\/#\/schema\/logo\/image\/\",\"url\":\"https:\/\/dev6.erresse-shop.it\/wp-content\/uploads\/2025\/01\/LOGO-ERRESSE-CLASSICO.svg\",\"contentUrl\":\"https:\/\/dev6.erresse-shop.it\/wp-content\/uploads\/2025\/01\/LOGO-ERRESSE-CLASSICO.svg\",\"caption\":\"Erresse Shop\"},\"image\":{\"@id\":\"https:\/\/dev6.erresse-shop.it\/#\/schema\/logo\/image\/\"}}]}<\/script>\n<!-- \/ Yoast SEO plugin. -->","yoast_head_json":{"title":"Licuadora ZWILLING Enfinigy Power - dev6 Erresse","description":"Los componentes m\u00e1s importantes de una licuadora son la cuchilla y el motor. Por eso, todas las batidoras ZWILLING est\u00e1n equipadas con cuchillas de acero","robots":{"index":"noindex","follow":"follow","max-snippet":"max-snippet:-1","max-image-preview":"max-image-preview:large","max-video-preview":"max-video-preview:-1"},"og_locale":"es_ES","og_type":"article","og_title":"Licuadora ZWILLING Enfinigy Power - dev6 Erresse","og_description":"Los componentes m\u00e1s importantes de una licuadora son la cuchilla y el motor. Por eso, todas las batidoras ZWILLING est\u00e1n equipadas con cuchillas de acero","og_url":"https:\/\/dev6.erresse-shop.it\/es\/shop\/pequenos-electrodomesticos\/licuadoras\/licuadora-zwilling-enfinigy-power\/","og_site_name":"dev6 Erresse","og_image":[{"url":"https:\/\/interpim.erresse-shop.it\/Import\/Prodotti\/53001-000.jpg","type":"","width":"","height":""},{"url":"https:\/\/interpim.erresse-shop.it\/Import\/Prodotti\/53001-000.jpg","width":1024,"height":1024,"type":"image\/jpeg"}],"twitter_card":"summary_large_image","twitter_image":"https:\/\/interpim.erresse-shop.it\/Import\/Prodotti\/53001-000.jpg","schema":{"@context":"https:\/\/schema.org","@graph":[{"@type":"WebPage","@id":"https:\/\/dev6.erresse-shop.it\/es\/shop\/pequenos-electrodomesticos\/licuadoras\/licuadora-zwilling-enfinigy-power\/","url":"https:\/\/dev6.erresse-shop.it\/es\/shop\/pequenos-electrodomesticos\/licuadoras\/licuadora-zwilling-enfinigy-power\/","name":"Licuadora ZWILLING Enfinigy Power - dev6 Erresse","isPartOf":{"@id":"https:\/\/dev6.erresse-shop.it\/#website"},"primaryImageOfPage":{"@id":"https:\/\/dev6.erresse-shop.it\/es\/shop\/pequenos-electrodomesticos\/licuadoras\/licuadora-zwilling-enfinigy-power\/#primaryimage"},"image":{"@id":"https:\/\/dev6.erresse-shop.it\/es\/shop\/pequenos-electrodomesticos\/licuadoras\/licuadora-zwilling-enfinigy-power\/#primaryimage"},"thumbnailUrl":"https:\/\/i2.wp.com\/interpim.erresse-shop.it\/Import\/Prodotti\/53001-000.jpg?ssl=1","datePublished":"2026-04-16T16:56:41+00:00","description":"Los componentes m\u00e1s importantes de una licuadora son la cuchilla y el motor. Por eso, todas las batidoras ZWILLING est\u00e1n equipadas con cuchillas de acero","breadcrumb":{"@id":"https:\/\/dev6.erresse-shop.it\/es\/shop\/pequenos-electrodomesticos\/licuadoras\/licuadora-zwilling-enfinigy-power\/#breadcrumb"},"inLanguage":"es","potentialAction":[{"@type":"ReadAction","target":["https:\/\/dev6.erresse-shop.it\/es\/shop\/pequenos-electrodomesticos\/licuadoras\/licuadora-zwilling-enfinigy-power\/"]}]},{"@type":"ImageObject","inLanguage":"es","@id":"https:\/\/dev6.erresse-shop.it\/es\/shop\/pequenos-electrodomesticos\/licuadoras\/licuadora-zwilling-enfinigy-power\/#primaryimage","url":"https:\/\/i2.wp.com\/interpim.erresse-shop.it\/Import\/Prodotti\/53001-000.jpg?ssl=1","contentUrl":"https:\/\/i2.wp.com\/interpim.erresse-shop.it\/Import\/Prodotti\/53001-000.jpg?ssl=1"},{"@type":"BreadcrumbList","@id":"https:\/\/dev6.erresse-shop.it\/es\/shop\/pequenos-electrodomesticos\/licuadoras\/licuadora-zwilling-enfinigy-power\/#breadcrumb","itemListElement":[{"@type":"ListItem","position":1,"name":"Home","item":"https:\/\/dev6.erresse-shop.it\/"},{"@type":"ListItem","position":2,"name":"Tienda","item":"https:\/\/dev6.erresse-shop.it\/shop\/"},{"@type":"ListItem","position":3,"name":"Licuadora ZWILLING Enfinigy Power"}]},{"@type":"WebSite","@id":"https:\/\/dev6.erresse-shop.it\/#website","url":"https:\/\/dev6.erresse-shop.it\/","name":"Erresse Shop","description":"","publisher":{"@id":"https:\/\/dev6.erresse-shop.it\/#organization"},"potentialAction":[{"@type":"SearchAction","target":{"@type":"EntryPoint","urlTemplate":"https:\/\/dev6.erresse-shop.it\/?s={search_term_string}"},"query-input":{"@type":"PropertyValueSpecification","valueRequired":true,"valueName":"search_term_string"}}],"inLanguage":"es"},{"@type":"Organization","@id":"https:\/\/dev6.erresse-shop.it\/#organization","name":"Erresse Shop","url":"https:\/\/dev6.erresse-shop.it\/","logo":{"@type":"ImageObject","inLanguage":"es","@id":"https:\/\/dev6.erresse-shop.it\/#\/schema\/logo\/image\/","url":"https:\/\/dev6.erresse-shop.it\/wp-content\/uploads\/2025\/01\/LOGO-ERRESSE-CLASSICO.svg","contentUrl":"https:\/\/dev6.erresse-shop.it\/wp-content\/uploads\/2025\/01\/LOGO-ERRESSE-CLASSICO.svg","caption":"Erresse Shop"},"image":{"@id":"https:\/\/dev6.erresse-shop.it\/#\/schema\/logo\/image\/"}}]}},"df_price":224,"df_sale_price":224,"df_regular_price":349,"df_image_link":"https:\/\/i2.wp.com\/interpim.erresse-shop.it\/Import\/Prodotti\/53001-000.jpg?resize=300,300&ssl=1","fifu_image_url":"https:\/\/interpim.erresse-shop.it\/Import\/Prodotti\/53001-000.jpg","_links":{"self":[{"href":"https:\/\/dev6.erresse-shop.it\/es\/wp-json\/wp\/v2\/product\/1876722","targetHints":{"allow":["GET"]}}],"collection":[{"href":"https:\/\/dev6.erresse-shop.it\/es\/wp-json\/wp\/v2\/product"}],"about":[{"href":"https:\/\/dev6.erresse-shop.it\/es\/wp-json\/wp\/v2\/types\/product"}],"wp:featuredmedia":[{"embeddable":true,"href":"https:\/\/dev6.erresse-shop.it\/es\/wp-json\/wp\/v2\/media\/6486707"}],"wp:attachment":[{"href":"https:\/\/dev6.erresse-shop.it\/es\/wp-json\/wp\/v2\/media?parent=1876722"}],"wp:term":[{"taxonomy":"product_cat","embeddable":true,"href":"https:\/\/dev6.erresse-shop.it\/es\/wp-json\/wp\/v2\/product_cat?post=1876722"},{"taxonomy":"product_tag","embeddable":true,"href":"https:\/\/dev6.erresse-shop.it\/es\/wp-json\/wp\/v2\/product_tag?post=1876722"}],"curies":[{"name":"wp","href":"https:\/\/api.w.org\/{rel}","templated":true}]}}