{"id":1876716,"date":"2026-04-12T08:22:29","date_gmt":"2026-04-12T06:22:29","guid":{"rendered":"https:\/\/dev6.erresse-shop.it\/shop\/sin%20categor\u00eda\/zwilling-enfinigy-tostadora-de-2-rebanadas\/"},"modified":"2025-07-04T21:19:17","modified_gmt":"2025-07-04T19:19:17","slug":"zwilling-enfinigy-tostadora-de-2-rebanadas","status":"publish","type":"product","link":"https:\/\/dev6.erresse-shop.it\/es\/shop\/pequenos-electrodomesticos\/tostadoras\/zwilling-enfinigy-tostadora-de-2-rebanadas\/","title":{"rendered":"ZWILLING Enfinigy Tostadora de 2 Rebanadas"},"content":{"rendered":"<p>Las nuevas tostadoras ZWILLING cumplen con las m\u00e1s altas exigencias de tostado. Las resistencias separadas, el ajuste autom\u00e1tico del tiempo de tostado y numerosas funciones adicionales garantizan que cada rebanada de pan tostado sea su rebanada favorita.<\/p>\n<p>\u00a1T\u00d3MATE!<br \/>\nAjusta autom\u00e1ticamente el tiempo de tostado para un tostado uniforme, incluso cuando se tuesta repetidamente<br \/>\nFunci\u00f3n Soft-lift para levantar suavemente las rebanadas<br \/>\nLa funci\u00f3n de seguridad con desconexi\u00f3n autom\u00e1tica evita las tostadas quemadas<\/p>\n<p>LAS RODAJAS NO VUELAN, SINO QUE PLANEAN.<br \/>\nAl terminar, la rebanada tostada no \u201cvuela\u201d fuera de la tostadora. La funci\u00f3n soft-lift garantiza que las rebanadas se deslicen suavemente hacia arriba y la funci\u00f3n extra-lift integrada facilita la extracci\u00f3n incluso de las rebanadas m\u00e1s peque\u00f1as.<br \/>\nNunca m\u00e1s se quemar\u00e1 el pan: este tostador se apaga autom\u00e1ticamente cuando se alcanza el tiempo de tostado preestablecido.<br \/>\nIncluso cuando se pone en alto, las rebanadas no se queman.<\/p>\n<p>TOSTADO DE PRECISI\u00d3N.<br \/>\nLos siete ajustes de tostado le permiten elegir c\u00f3modamente el color que desea para su tostada.<br \/>\nLos tostadores ZWILLING garantizan siempre un dorado uniforme, incluso despu\u00e9s de repetidos tostados. Lo hacen acortando autom\u00e1ticamente el tiempo de tostado para conseguir el dorado deseado.<br \/>\nHasta ocho elementos calefactores independientes y una distribuci\u00f3n equilibrada del calor garantizan que cada rebanada de pan se tueste uniformemente por ambos lados. El resultado es una tostada crujiente por fuera y suave por dentro: una aut\u00e9ntica tostada ZWILLING.<\/p>\n<p>TOSTADORA PARA DOS REBANADAS<br \/>\nDisfruta de tus tostadas exactamente como te gustan. Cada vez. El tostador de dos rebanadas ZWILLING, con su dise\u00f1o moderno y de alta calidad, garantiza siempre un tostado homog\u00e9neo, incluso en las tostadas repetidas.<\/p>\n<p>No se vende fuera de Europa<\/p>\n","protected":false},"excerpt":{"rendered":"<p>Las nuevas tostadoras ZWILLING cumplen con las m\u00e1s altas exigencias de tostado. Las resistencias separadas, el ajuste autom\u00e1tico del tiempo de tostado y numerosas funciones adicionales garantizan que cada rebanada de pan tostado sea su rebanada favorita. \u00a1T\u00d3MATE! Ajusta autom\u00e1ticamente el tiempo de tostado para un tostado uniforme, incluso cuando se tuesta repetidamente Funci\u00f3n Soft-lift [&hellip;]<\/p>\n","protected":false},"featured_media":6347624,"template":"","meta":{"_acf_changed":false},"product_cat":[11947,11960,11744],"product_tag":[],"class_list":{"0":"post-1876716","1":"product","2":"type-product","3":"status-publish","4":"has-post-thumbnail","6":"product_cat-pequenos-electrodomesticos","7":"product_cat-tostadoras","8":"product_cat-tostapane-toaster","10":"first","11":"outofstock","12":"sale","13":"taxable","14":"shipping-taxable","15":"purchasable","16":"product-type-simple","swatches":"rey-swatches","show_selected":"","stretch_labels":"rey-swatches--stretch-labels"},"acf":[],"yoast_head":"<!-- This site is optimized with the Yoast SEO plugin v25.4 - https:\/\/yoast.com\/wordpress\/plugins\/seo\/ -->\n<title>ZWILLING Enfinigy Tostadora de 2 Rebanadas - dev6 Erresse<\/title>\n<meta name=\"description\" content=\"Las nuevas tostadoras ZWILLING cumplen con las m\u00e1s altas exigencias de tostado. Las resistencias separadas, el ajuste autom\u00e1tico del tiempo de tostado y\" \/>\n<meta name=\"robots\" content=\"noindex, follow, max-snippet:-1, max-image-preview:large, max-video-preview:-1\" \/>\n<meta property=\"og:locale\" content=\"es_ES\" \/>\n<meta property=\"og:type\" content=\"article\" \/>\n<meta property=\"og:title\" content=\"ZWILLING Enfinigy Tostadora de 2 Rebanadas - dev6 Erresse\" \/>\n<meta property=\"og:description\" content=\"Las nuevas tostadoras ZWILLING cumplen con las m\u00e1s altas exigencias de tostado. Las resistencias separadas, el ajuste autom\u00e1tico del tiempo de tostado y\" \/>\n<meta property=\"og:url\" content=\"https:\/\/dev6.erresse-shop.it\/es\/shop\/pequenos-electrodomesticos\/tostadoras\/zwilling-enfinigy-tostadora-de-2-rebanadas\/\" \/>\n<meta property=\"og:site_name\" content=\"dev6 Erresse\" \/>\n<meta property=\"og:image\" content=\"https:\/\/interpim.erresse-shop.it\/Import\/Prodotti\/53008-001.jpg\" \/><meta property=\"og:image\" content=\"https:\/\/interpim.erresse-shop.it\/Import\/Prodotti\/53008-001.jpg\" \/>\n\t<meta property=\"og:image:width\" content=\"1024\" \/>\n\t<meta property=\"og:image:height\" content=\"1024\" \/>\n\t<meta property=\"og:image:type\" content=\"image\/jpeg\" \/>\n<meta name=\"twitter:card\" content=\"summary_large_image\" \/>\n<meta name=\"twitter:image\" content=\"https:\/\/interpim.erresse-shop.it\/Import\/Prodotti\/53008-001.jpg\" \/>\n<script type=\"application\/ld+json\" class=\"yoast-schema-graph\">{\"@context\":\"https:\/\/schema.org\",\"@graph\":[{\"@type\":\"WebPage\",\"@id\":\"https:\/\/dev6.erresse-shop.it\/es\/shop\/pequenos-electrodomesticos\/tostadoras\/zwilling-enfinigy-tostadora-de-2-rebanadas\/\",\"url\":\"https:\/\/dev6.erresse-shop.it\/es\/shop\/pequenos-electrodomesticos\/tostadoras\/zwilling-enfinigy-tostadora-de-2-rebanadas\/\",\"name\":\"ZWILLING Enfinigy Tostadora de 2 Rebanadas - dev6 Erresse\",\"isPartOf\":{\"@id\":\"https:\/\/dev6.erresse-shop.it\/#website\"},\"primaryImageOfPage\":{\"@id\":\"https:\/\/dev6.erresse-shop.it\/es\/shop\/pequenos-electrodomesticos\/tostadoras\/zwilling-enfinigy-tostadora-de-2-rebanadas\/#primaryimage\"},\"image\":{\"@id\":\"https:\/\/dev6.erresse-shop.it\/es\/shop\/pequenos-electrodomesticos\/tostadoras\/zwilling-enfinigy-tostadora-de-2-rebanadas\/#primaryimage\"},\"thumbnailUrl\":\"https:\/\/i1.wp.com\/interpim.erresse-shop.it\/Import\/Prodotti\/53008-001.jpg?ssl=1\",\"datePublished\":\"2026-04-12T06:22:29+00:00\",\"description\":\"Las nuevas tostadoras ZWILLING cumplen con las m\u00e1s altas exigencias de tostado. Las resistencias separadas, el ajuste autom\u00e1tico del tiempo de tostado y\",\"breadcrumb\":{\"@id\":\"https:\/\/dev6.erresse-shop.it\/es\/shop\/pequenos-electrodomesticos\/tostadoras\/zwilling-enfinigy-tostadora-de-2-rebanadas\/#breadcrumb\"},\"inLanguage\":\"es\",\"potentialAction\":[{\"@type\":\"ReadAction\",\"target\":[\"https:\/\/dev6.erresse-shop.it\/es\/shop\/pequenos-electrodomesticos\/tostadoras\/zwilling-enfinigy-tostadora-de-2-rebanadas\/\"]}]},{\"@type\":\"ImageObject\",\"inLanguage\":\"es\",\"@id\":\"https:\/\/dev6.erresse-shop.it\/es\/shop\/pequenos-electrodomesticos\/tostadoras\/zwilling-enfinigy-tostadora-de-2-rebanadas\/#primaryimage\",\"url\":\"https:\/\/i1.wp.com\/interpim.erresse-shop.it\/Import\/Prodotti\/53008-001.jpg?ssl=1\",\"contentUrl\":\"https:\/\/i1.wp.com\/interpim.erresse-shop.it\/Import\/Prodotti\/53008-001.jpg?ssl=1\"},{\"@type\":\"BreadcrumbList\",\"@id\":\"https:\/\/dev6.erresse-shop.it\/es\/shop\/pequenos-electrodomesticos\/tostadoras\/zwilling-enfinigy-tostadora-de-2-rebanadas\/#breadcrumb\",\"itemListElement\":[{\"@type\":\"ListItem\",\"position\":1,\"name\":\"Home\",\"item\":\"https:\/\/dev6.erresse-shop.it\/\"},{\"@type\":\"ListItem\",\"position\":2,\"name\":\"Tienda\",\"item\":\"https:\/\/dev6.erresse-shop.it\/shop\/\"},{\"@type\":\"ListItem\",\"position\":3,\"name\":\"ZWILLING Enfinigy Tostadora de 2 Rebanadas\"}]},{\"@type\":\"WebSite\",\"@id\":\"https:\/\/dev6.erresse-shop.it\/#website\",\"url\":\"https:\/\/dev6.erresse-shop.it\/\",\"name\":\"Erresse Shop\",\"description\":\"\",\"publisher\":{\"@id\":\"https:\/\/dev6.erresse-shop.it\/#organization\"},\"potentialAction\":[{\"@type\":\"SearchAction\",\"target\":{\"@type\":\"EntryPoint\",\"urlTemplate\":\"https:\/\/dev6.erresse-shop.it\/?s={search_term_string}\"},\"query-input\":{\"@type\":\"PropertyValueSpecification\",\"valueRequired\":true,\"valueName\":\"search_term_string\"}}],\"inLanguage\":\"es\"},{\"@type\":\"Organization\",\"@id\":\"https:\/\/dev6.erresse-shop.it\/#organization\",\"name\":\"Erresse Shop\",\"url\":\"https:\/\/dev6.erresse-shop.it\/\",\"logo\":{\"@type\":\"ImageObject\",\"inLanguage\":\"es\",\"@id\":\"https:\/\/dev6.erresse-shop.it\/#\/schema\/logo\/image\/\",\"url\":\"https:\/\/dev6.erresse-shop.it\/wp-content\/uploads\/2025\/01\/LOGO-ERRESSE-CLASSICO.svg\",\"contentUrl\":\"https:\/\/dev6.erresse-shop.it\/wp-content\/uploads\/2025\/01\/LOGO-ERRESSE-CLASSICO.svg\",\"caption\":\"Erresse Shop\"},\"image\":{\"@id\":\"https:\/\/dev6.erresse-shop.it\/#\/schema\/logo\/image\/\"}}]}<\/script>\n<!-- \/ Yoast SEO plugin. -->","yoast_head_json":{"title":"ZWILLING Enfinigy Tostadora de 2 Rebanadas - dev6 Erresse","description":"Las nuevas tostadoras ZWILLING cumplen con las m\u00e1s altas exigencias de tostado. Las resistencias separadas, el ajuste autom\u00e1tico del tiempo de tostado y","robots":{"index":"noindex","follow":"follow","max-snippet":"max-snippet:-1","max-image-preview":"max-image-preview:large","max-video-preview":"max-video-preview:-1"},"og_locale":"es_ES","og_type":"article","og_title":"ZWILLING Enfinigy Tostadora de 2 Rebanadas - dev6 Erresse","og_description":"Las nuevas tostadoras ZWILLING cumplen con las m\u00e1s altas exigencias de tostado. Las resistencias separadas, el ajuste autom\u00e1tico del tiempo de tostado y","og_url":"https:\/\/dev6.erresse-shop.it\/es\/shop\/pequenos-electrodomesticos\/tostadoras\/zwilling-enfinigy-tostadora-de-2-rebanadas\/","og_site_name":"dev6 Erresse","og_image":[{"url":"https:\/\/interpim.erresse-shop.it\/Import\/Prodotti\/53008-001.jpg","type":"","width":"","height":""},{"url":"https:\/\/interpim.erresse-shop.it\/Import\/Prodotti\/53008-001.jpg","width":1024,"height":1024,"type":"image\/jpeg"}],"twitter_card":"summary_large_image","twitter_image":"https:\/\/interpim.erresse-shop.it\/Import\/Prodotti\/53008-001.jpg","schema":{"@context":"https:\/\/schema.org","@graph":[{"@type":"WebPage","@id":"https:\/\/dev6.erresse-shop.it\/es\/shop\/pequenos-electrodomesticos\/tostadoras\/zwilling-enfinigy-tostadora-de-2-rebanadas\/","url":"https:\/\/dev6.erresse-shop.it\/es\/shop\/pequenos-electrodomesticos\/tostadoras\/zwilling-enfinigy-tostadora-de-2-rebanadas\/","name":"ZWILLING Enfinigy Tostadora de 2 Rebanadas - dev6 Erresse","isPartOf":{"@id":"https:\/\/dev6.erresse-shop.it\/#website"},"primaryImageOfPage":{"@id":"https:\/\/dev6.erresse-shop.it\/es\/shop\/pequenos-electrodomesticos\/tostadoras\/zwilling-enfinigy-tostadora-de-2-rebanadas\/#primaryimage"},"image":{"@id":"https:\/\/dev6.erresse-shop.it\/es\/shop\/pequenos-electrodomesticos\/tostadoras\/zwilling-enfinigy-tostadora-de-2-rebanadas\/#primaryimage"},"thumbnailUrl":"https:\/\/i1.wp.com\/interpim.erresse-shop.it\/Import\/Prodotti\/53008-001.jpg?ssl=1","datePublished":"2026-04-12T06:22:29+00:00","description":"Las nuevas tostadoras ZWILLING cumplen con las m\u00e1s altas exigencias de tostado. Las resistencias separadas, el ajuste autom\u00e1tico del tiempo de tostado y","breadcrumb":{"@id":"https:\/\/dev6.erresse-shop.it\/es\/shop\/pequenos-electrodomesticos\/tostadoras\/zwilling-enfinigy-tostadora-de-2-rebanadas\/#breadcrumb"},"inLanguage":"es","potentialAction":[{"@type":"ReadAction","target":["https:\/\/dev6.erresse-shop.it\/es\/shop\/pequenos-electrodomesticos\/tostadoras\/zwilling-enfinigy-tostadora-de-2-rebanadas\/"]}]},{"@type":"ImageObject","inLanguage":"es","@id":"https:\/\/dev6.erresse-shop.it\/es\/shop\/pequenos-electrodomesticos\/tostadoras\/zwilling-enfinigy-tostadora-de-2-rebanadas\/#primaryimage","url":"https:\/\/i1.wp.com\/interpim.erresse-shop.it\/Import\/Prodotti\/53008-001.jpg?ssl=1","contentUrl":"https:\/\/i1.wp.com\/interpim.erresse-shop.it\/Import\/Prodotti\/53008-001.jpg?ssl=1"},{"@type":"BreadcrumbList","@id":"https:\/\/dev6.erresse-shop.it\/es\/shop\/pequenos-electrodomesticos\/tostadoras\/zwilling-enfinigy-tostadora-de-2-rebanadas\/#breadcrumb","itemListElement":[{"@type":"ListItem","position":1,"name":"Home","item":"https:\/\/dev6.erresse-shop.it\/"},{"@type":"ListItem","position":2,"name":"Tienda","item":"https:\/\/dev6.erresse-shop.it\/shop\/"},{"@type":"ListItem","position":3,"name":"ZWILLING Enfinigy Tostadora de 2 Rebanadas"}]},{"@type":"WebSite","@id":"https:\/\/dev6.erresse-shop.it\/#website","url":"https:\/\/dev6.erresse-shop.it\/","name":"Erresse Shop","description":"","publisher":{"@id":"https:\/\/dev6.erresse-shop.it\/#organization"},"potentialAction":[{"@type":"SearchAction","target":{"@type":"EntryPoint","urlTemplate":"https:\/\/dev6.erresse-shop.it\/?s={search_term_string}"},"query-input":{"@type":"PropertyValueSpecification","valueRequired":true,"valueName":"search_term_string"}}],"inLanguage":"es"},{"@type":"Organization","@id":"https:\/\/dev6.erresse-shop.it\/#organization","name":"Erresse Shop","url":"https:\/\/dev6.erresse-shop.it\/","logo":{"@type":"ImageObject","inLanguage":"es","@id":"https:\/\/dev6.erresse-shop.it\/#\/schema\/logo\/image\/","url":"https:\/\/dev6.erresse-shop.it\/wp-content\/uploads\/2025\/01\/LOGO-ERRESSE-CLASSICO.svg","contentUrl":"https:\/\/dev6.erresse-shop.it\/wp-content\/uploads\/2025\/01\/LOGO-ERRESSE-CLASSICO.svg","caption":"Erresse Shop"},"image":{"@id":"https:\/\/dev6.erresse-shop.it\/#\/schema\/logo\/image\/"}}]}},"df_price":79.9,"df_sale_price":79.9,"df_regular_price":89.95,"df_image_link":"https:\/\/i1.wp.com\/interpim.erresse-shop.it\/Import\/Prodotti\/53008-001.jpg?resize=300,300&ssl=1","fifu_image_url":"https:\/\/interpim.erresse-shop.it\/Import\/Prodotti\/53008-001.jpg","_links":{"self":[{"href":"https:\/\/dev6.erresse-shop.it\/es\/wp-json\/wp\/v2\/product\/1876716","targetHints":{"allow":["GET"]}}],"collection":[{"href":"https:\/\/dev6.erresse-shop.it\/es\/wp-json\/wp\/v2\/product"}],"about":[{"href":"https:\/\/dev6.erresse-shop.it\/es\/wp-json\/wp\/v2\/types\/product"}],"wp:featuredmedia":[{"embeddable":true,"href":"https:\/\/dev6.erresse-shop.it\/es\/wp-json\/wp\/v2\/media\/6347624"}],"wp:attachment":[{"href":"https:\/\/dev6.erresse-shop.it\/es\/wp-json\/wp\/v2\/media?parent=1876716"}],"wp:term":[{"taxonomy":"product_cat","embeddable":true,"href":"https:\/\/dev6.erresse-shop.it\/es\/wp-json\/wp\/v2\/product_cat?post=1876716"},{"taxonomy":"product_tag","embeddable":true,"href":"https:\/\/dev6.erresse-shop.it\/es\/wp-json\/wp\/v2\/product_tag?post=1876716"}],"curies":[{"name":"wp","href":"https:\/\/api.w.org\/{rel}","templated":true}]}}