{"id":1876670,"date":"2026-04-16T18:56:00","date_gmt":"2026-04-16T16:56:00","guid":{"rendered":"https:\/\/dev6.erresse-shop.it\/shop\/sin%20categor\u00eda\/staub-sarten-28-cm-negro\/"},"modified":"2025-11-22T18:08:16","modified_gmt":"2025-11-22T17:08:16","slug":"staub-sarten-28-cm-negro","status":"publish","type":"product","link":"https:\/\/dev6.erresse-shop.it\/es\/shop\/sartenes-y-ollas\/cazuelas\/staub-sarten-28-cm-negro\/","title":{"rendered":"STAUB Sart\u00e9n 28 cm Negro"},"content":{"rendered":"<p>La cacerola STAUB de 28 cm en negro cl\u00e1sico se caracteriza por la estructura especial de l\u00e1grima de Chistera. Este dise\u00f1o garantiza que los alimentos se humedezcan constantemente gracias a la condensaci\u00f3n que se forma en su interior, por lo que resultan especialmente tiernos y jugosos. Pimientos rellenos, rollos de col, pisto mediterr\u00e1neo, costillas y mucho m\u00e1s: en esta pr\u00e1ctica sart\u00e9n de hierro fundido se puede preparar una gran variedad de platos para toda la familia. Gracias a este material especial, que requiere poca grasa para la cocci\u00f3n, los alimentos son bajos en calor\u00edas pero ricos en nutrientes y desprenden aromas atrayentes. Preparar carne tierna y jugosa y verduras arom\u00e1ticas nunca ha sido tan f\u00e1cil. La capa de esmalte negro mate intensifica el sabor de los alimentos, mientras que el hierro fundido garantiza una distribuci\u00f3n \u00f3ptima del calor. Tanto los cocineros profesionales como los aficionados encontrar\u00e1n en esta sart\u00e9n de hierro fundido un ayudante duradero.<\/p>\n<p>\u2013 Con estructura de l\u00e1grima Chistera para una cocci\u00f3n uniforme<br \/>\n\u2013 Apto para placas de inducci\u00f3n, gas, el\u00e9ctricas\/acero, vitrocer\u00e1mica y horno<br \/>\n\u2013 Volumen: 3,7 L, Peso: 5,4 kg<br \/>\n\u2013 Dimensiones con tapa y asas (ancho x alto): 36,1 x 12,6 cm, di\u00e1metro: 28 cm, fondo: 22,2 cm<br \/>\n\u2013 Limpieza: con una esponja suave y un detergente suave<br \/>\n\u2013 No utilice detergentes corrosivos, polvo abrasivo o esponjas de acero. Secar bien<\/p>\n<p>Caracter\u00edsticas<br \/>\n\u2013 Resistencia al calor (\u00b0C): 240,00 \u00baC<br \/>\n\u2013 Resistencia al fr\u00edo: -20,00 \u00baC<br \/>\n\u2013 Material: hierro fundido<br \/>\n\u2013 Tipo de asa: asa lateral<br \/>\n\u2013 Tapa existente: s\u00ed<br \/>\n\u2013 Inducci\u00f3n: S\u00ed<br \/>\n\u2013 Apto para el horno: S\u00ed<br \/>\n\u2013 Apto para el congelador: s\u00ed<br \/>\n\u2013 Apto para la cocina: s\u00ed<br \/>\n\u2013 Apto para el lavavajillas: s\u00ed<\/p>\n<p>Tama\u00f1o<br \/>\n\u2013 Peso neto: 5,40 kg<br \/>\n\u2013 Capacidad: 3,70 l<br \/>\n\u2013 Longitud del producto: 36,10 cm<br \/>\n\u2013 Anchura del producto: 28,00 cm<br \/>\n\u2013 Altura del producto: 12,60 cm<br \/>\n\u2013 Altura sin tapa: 7,60 cm<br \/>\n\u2013 Di\u00e1metro superior: 28,00 cm<br \/>\n\u2013 Di\u00e1metro del fondo: 22,20 cm<br \/>\n\u2013 Longitud del mango: 4,00 cm<\/p>\n","protected":false},"excerpt":{"rendered":"<p>La cacerola STAUB de 28 cm en negro cl\u00e1sico se caracteriza por la estructura especial de l\u00e1grima de Chistera. Este dise\u00f1o garantiza que los alimentos se humedezcan constantemente gracias a la condensaci\u00f3n que se forma en su interior, por lo que resultan especialmente tiernos y jugosos. Pimientos rellenos, rollos de col, pisto mediterr\u00e1neo, costillas y [&hellip;]<\/p>\n","protected":false},"featured_media":6486294,"template":"","meta":{"_acf_changed":false},"product_cat":[11904,11667,11883],"product_tag":[],"class_list":{"0":"post-1876670","1":"product","2":"type-product","3":"status-publish","4":"has-post-thumbnail","6":"product_cat-cazuelas","7":"product_cat-padelle-pentole","8":"product_cat-sartenes-y-ollas","10":"first","11":"outofstock","12":"sale","13":"taxable","14":"shipping-taxable","15":"purchasable","16":"product-type-simple","swatches":"rey-swatches","show_selected":"","stretch_labels":"rey-swatches--stretch-labels"},"acf":[],"yoast_head":"<!-- This site is optimized with the Yoast SEO plugin v25.4 - https:\/\/yoast.com\/wordpress\/plugins\/seo\/ -->\n<title>STAUB Sart\u00e9n 28 cm Negro - dev6 Erresse<\/title>\n<meta name=\"description\" content=\"La cacerola STAUB de 28 cm en negro cl\u00e1sico se caracteriza por la estructura especial de l\u00e1grima de Chistera. Este dise\u00f1o garantiza que los alimentos se\" \/>\n<meta name=\"robots\" content=\"noindex, follow, max-snippet:-1, max-image-preview:large, max-video-preview:-1\" \/>\n<meta property=\"og:locale\" content=\"es_ES\" \/>\n<meta property=\"og:type\" content=\"article\" \/>\n<meta property=\"og:title\" content=\"STAUB Sart\u00e9n 28 cm Negro - dev6 Erresse\" \/>\n<meta property=\"og:description\" content=\"La cacerola STAUB de 28 cm en negro cl\u00e1sico se caracteriza por la estructura especial de l\u00e1grima de Chistera. Este dise\u00f1o garantiza que los alimentos se\" \/>\n<meta property=\"og:url\" content=\"https:\/\/dev6.erresse-shop.it\/es\/shop\/sartenes-y-ollas\/cazuelas\/staub-sarten-28-cm-negro\/\" \/>\n<meta property=\"og:site_name\" content=\"dev6 Erresse\" \/>\n<meta property=\"og:image\" content=\"https:\/\/interpim.erresse-shop.it\/img-catalogo\/staub\/tegame-nero40511-473.jpg\" \/><meta property=\"og:image\" content=\"https:\/\/interpim.erresse-shop.it\/img-catalogo\/staub\/tegame-nero40511-473.jpg\" \/>\n\t<meta property=\"og:image:width\" content=\"1024\" \/>\n\t<meta property=\"og:image:height\" content=\"1024\" \/>\n\t<meta property=\"og:image:type\" content=\"image\/jpeg\" \/>\n<meta name=\"twitter:card\" content=\"summary_large_image\" \/>\n<meta name=\"twitter:image\" content=\"https:\/\/interpim.erresse-shop.it\/img-catalogo\/staub\/tegame-nero40511-473.jpg\" \/>\n<script type=\"application\/ld+json\" class=\"yoast-schema-graph\">{\"@context\":\"https:\/\/schema.org\",\"@graph\":[{\"@type\":\"WebPage\",\"@id\":\"https:\/\/dev6.erresse-shop.it\/es\/shop\/sartenes-y-ollas\/cazuelas\/staub-sarten-28-cm-negro\/\",\"url\":\"https:\/\/dev6.erresse-shop.it\/es\/shop\/sartenes-y-ollas\/cazuelas\/staub-sarten-28-cm-negro\/\",\"name\":\"STAUB Sart\u00e9n 28 cm Negro - dev6 Erresse\",\"isPartOf\":{\"@id\":\"https:\/\/dev6.erresse-shop.it\/#website\"},\"primaryImageOfPage\":{\"@id\":\"https:\/\/dev6.erresse-shop.it\/es\/shop\/sartenes-y-ollas\/cazuelas\/staub-sarten-28-cm-negro\/#primaryimage\"},\"image\":{\"@id\":\"https:\/\/dev6.erresse-shop.it\/es\/shop\/sartenes-y-ollas\/cazuelas\/staub-sarten-28-cm-negro\/#primaryimage\"},\"thumbnailUrl\":\"https:\/\/i0.wp.com\/interpim.erresse-shop.it\/img-catalogo\/staub\/tegame-nero40511-473.jpg?ssl=1\",\"datePublished\":\"2026-04-16T16:56:00+00:00\",\"description\":\"La cacerola STAUB de 28 cm en negro cl\u00e1sico se caracteriza por la estructura especial de l\u00e1grima de Chistera. Este dise\u00f1o garantiza que los alimentos se\",\"breadcrumb\":{\"@id\":\"https:\/\/dev6.erresse-shop.it\/es\/shop\/sartenes-y-ollas\/cazuelas\/staub-sarten-28-cm-negro\/#breadcrumb\"},\"inLanguage\":\"es\",\"potentialAction\":[{\"@type\":\"ReadAction\",\"target\":[\"https:\/\/dev6.erresse-shop.it\/es\/shop\/sartenes-y-ollas\/cazuelas\/staub-sarten-28-cm-negro\/\"]}]},{\"@type\":\"ImageObject\",\"inLanguage\":\"es\",\"@id\":\"https:\/\/dev6.erresse-shop.it\/es\/shop\/sartenes-y-ollas\/cazuelas\/staub-sarten-28-cm-negro\/#primaryimage\",\"url\":\"https:\/\/i0.wp.com\/interpim.erresse-shop.it\/img-catalogo\/staub\/tegame-nero40511-473.jpg?ssl=1\",\"contentUrl\":\"https:\/\/i0.wp.com\/interpim.erresse-shop.it\/img-catalogo\/staub\/tegame-nero40511-473.jpg?ssl=1\"},{\"@type\":\"BreadcrumbList\",\"@id\":\"https:\/\/dev6.erresse-shop.it\/es\/shop\/sartenes-y-ollas\/cazuelas\/staub-sarten-28-cm-negro\/#breadcrumb\",\"itemListElement\":[{\"@type\":\"ListItem\",\"position\":1,\"name\":\"Home\",\"item\":\"https:\/\/dev6.erresse-shop.it\/\"},{\"@type\":\"ListItem\",\"position\":2,\"name\":\"Tienda\",\"item\":\"https:\/\/dev6.erresse-shop.it\/shop\/\"},{\"@type\":\"ListItem\",\"position\":3,\"name\":\"STAUB Sart\u00e9n 28 cm Negro\"}]},{\"@type\":\"WebSite\",\"@id\":\"https:\/\/dev6.erresse-shop.it\/#website\",\"url\":\"https:\/\/dev6.erresse-shop.it\/\",\"name\":\"Erresse Shop\",\"description\":\"\",\"publisher\":{\"@id\":\"https:\/\/dev6.erresse-shop.it\/#organization\"},\"potentialAction\":[{\"@type\":\"SearchAction\",\"target\":{\"@type\":\"EntryPoint\",\"urlTemplate\":\"https:\/\/dev6.erresse-shop.it\/?s={search_term_string}\"},\"query-input\":{\"@type\":\"PropertyValueSpecification\",\"valueRequired\":true,\"valueName\":\"search_term_string\"}}],\"inLanguage\":\"es\"},{\"@type\":\"Organization\",\"@id\":\"https:\/\/dev6.erresse-shop.it\/#organization\",\"name\":\"Erresse Shop\",\"url\":\"https:\/\/dev6.erresse-shop.it\/\",\"logo\":{\"@type\":\"ImageObject\",\"inLanguage\":\"es\",\"@id\":\"https:\/\/dev6.erresse-shop.it\/#\/schema\/logo\/image\/\",\"url\":\"https:\/\/dev6.erresse-shop.it\/wp-content\/uploads\/2025\/01\/LOGO-ERRESSE-CLASSICO.svg\",\"contentUrl\":\"https:\/\/dev6.erresse-shop.it\/wp-content\/uploads\/2025\/01\/LOGO-ERRESSE-CLASSICO.svg\",\"caption\":\"Erresse Shop\"},\"image\":{\"@id\":\"https:\/\/dev6.erresse-shop.it\/#\/schema\/logo\/image\/\"}}]}<\/script>\n<!-- \/ Yoast SEO plugin. -->","yoast_head_json":{"title":"STAUB Sart\u00e9n 28 cm Negro - dev6 Erresse","description":"La cacerola STAUB de 28 cm en negro cl\u00e1sico se caracteriza por la estructura especial de l\u00e1grima de Chistera. Este dise\u00f1o garantiza que los alimentos se","robots":{"index":"noindex","follow":"follow","max-snippet":"max-snippet:-1","max-image-preview":"max-image-preview:large","max-video-preview":"max-video-preview:-1"},"og_locale":"es_ES","og_type":"article","og_title":"STAUB Sart\u00e9n 28 cm Negro - dev6 Erresse","og_description":"La cacerola STAUB de 28 cm en negro cl\u00e1sico se caracteriza por la estructura especial de l\u00e1grima de Chistera. Este dise\u00f1o garantiza que los alimentos se","og_url":"https:\/\/dev6.erresse-shop.it\/es\/shop\/sartenes-y-ollas\/cazuelas\/staub-sarten-28-cm-negro\/","og_site_name":"dev6 Erresse","og_image":[{"url":"https:\/\/interpim.erresse-shop.it\/img-catalogo\/staub\/tegame-nero40511-473.jpg","type":"","width":"","height":""},{"url":"https:\/\/interpim.erresse-shop.it\/img-catalogo\/staub\/tegame-nero40511-473.jpg","width":1024,"height":1024,"type":"image\/jpeg"}],"twitter_card":"summary_large_image","twitter_image":"https:\/\/interpim.erresse-shop.it\/img-catalogo\/staub\/tegame-nero40511-473.jpg","schema":{"@context":"https:\/\/schema.org","@graph":[{"@type":"WebPage","@id":"https:\/\/dev6.erresse-shop.it\/es\/shop\/sartenes-y-ollas\/cazuelas\/staub-sarten-28-cm-negro\/","url":"https:\/\/dev6.erresse-shop.it\/es\/shop\/sartenes-y-ollas\/cazuelas\/staub-sarten-28-cm-negro\/","name":"STAUB Sart\u00e9n 28 cm Negro - dev6 Erresse","isPartOf":{"@id":"https:\/\/dev6.erresse-shop.it\/#website"},"primaryImageOfPage":{"@id":"https:\/\/dev6.erresse-shop.it\/es\/shop\/sartenes-y-ollas\/cazuelas\/staub-sarten-28-cm-negro\/#primaryimage"},"image":{"@id":"https:\/\/dev6.erresse-shop.it\/es\/shop\/sartenes-y-ollas\/cazuelas\/staub-sarten-28-cm-negro\/#primaryimage"},"thumbnailUrl":"https:\/\/i0.wp.com\/interpim.erresse-shop.it\/img-catalogo\/staub\/tegame-nero40511-473.jpg?ssl=1","datePublished":"2026-04-16T16:56:00+00:00","description":"La cacerola STAUB de 28 cm en negro cl\u00e1sico se caracteriza por la estructura especial de l\u00e1grima de Chistera. Este dise\u00f1o garantiza que los alimentos se","breadcrumb":{"@id":"https:\/\/dev6.erresse-shop.it\/es\/shop\/sartenes-y-ollas\/cazuelas\/staub-sarten-28-cm-negro\/#breadcrumb"},"inLanguage":"es","potentialAction":[{"@type":"ReadAction","target":["https:\/\/dev6.erresse-shop.it\/es\/shop\/sartenes-y-ollas\/cazuelas\/staub-sarten-28-cm-negro\/"]}]},{"@type":"ImageObject","inLanguage":"es","@id":"https:\/\/dev6.erresse-shop.it\/es\/shop\/sartenes-y-ollas\/cazuelas\/staub-sarten-28-cm-negro\/#primaryimage","url":"https:\/\/i0.wp.com\/interpim.erresse-shop.it\/img-catalogo\/staub\/tegame-nero40511-473.jpg?ssl=1","contentUrl":"https:\/\/i0.wp.com\/interpim.erresse-shop.it\/img-catalogo\/staub\/tegame-nero40511-473.jpg?ssl=1"},{"@type":"BreadcrumbList","@id":"https:\/\/dev6.erresse-shop.it\/es\/shop\/sartenes-y-ollas\/cazuelas\/staub-sarten-28-cm-negro\/#breadcrumb","itemListElement":[{"@type":"ListItem","position":1,"name":"Home","item":"https:\/\/dev6.erresse-shop.it\/"},{"@type":"ListItem","position":2,"name":"Tienda","item":"https:\/\/dev6.erresse-shop.it\/shop\/"},{"@type":"ListItem","position":3,"name":"STAUB Sart\u00e9n 28 cm Negro"}]},{"@type":"WebSite","@id":"https:\/\/dev6.erresse-shop.it\/#website","url":"https:\/\/dev6.erresse-shop.it\/","name":"Erresse Shop","description":"","publisher":{"@id":"https:\/\/dev6.erresse-shop.it\/#organization"},"potentialAction":[{"@type":"SearchAction","target":{"@type":"EntryPoint","urlTemplate":"https:\/\/dev6.erresse-shop.it\/?s={search_term_string}"},"query-input":{"@type":"PropertyValueSpecification","valueRequired":true,"valueName":"search_term_string"}}],"inLanguage":"es"},{"@type":"Organization","@id":"https:\/\/dev6.erresse-shop.it\/#organization","name":"Erresse Shop","url":"https:\/\/dev6.erresse-shop.it\/","logo":{"@type":"ImageObject","inLanguage":"es","@id":"https:\/\/dev6.erresse-shop.it\/#\/schema\/logo\/image\/","url":"https:\/\/dev6.erresse-shop.it\/wp-content\/uploads\/2025\/01\/LOGO-ERRESSE-CLASSICO.svg","contentUrl":"https:\/\/dev6.erresse-shop.it\/wp-content\/uploads\/2025\/01\/LOGO-ERRESSE-CLASSICO.svg","caption":"Erresse Shop"},"image":{"@id":"https:\/\/dev6.erresse-shop.it\/#\/schema\/logo\/image\/"}}]}},"df_price":159,"df_sale_price":159,"df_regular_price":249,"df_image_link":"https:\/\/i0.wp.com\/interpim.erresse-shop.it\/img-catalogo\/staub\/tegame-nero40511-473.jpg?resize=300,300&ssl=1","fifu_image_url":"https:\/\/interpim.erresse-shop.it\/img-catalogo\/staub\/tegame-nero40511-473.jpg","_links":{"self":[{"href":"https:\/\/dev6.erresse-shop.it\/es\/wp-json\/wp\/v2\/product\/1876670","targetHints":{"allow":["GET"]}}],"collection":[{"href":"https:\/\/dev6.erresse-shop.it\/es\/wp-json\/wp\/v2\/product"}],"about":[{"href":"https:\/\/dev6.erresse-shop.it\/es\/wp-json\/wp\/v2\/types\/product"}],"wp:featuredmedia":[{"embeddable":true,"href":"https:\/\/dev6.erresse-shop.it\/es\/wp-json\/wp\/v2\/media\/6486294"}],"wp:attachment":[{"href":"https:\/\/dev6.erresse-shop.it\/es\/wp-json\/wp\/v2\/media?parent=1876670"}],"wp:term":[{"taxonomy":"product_cat","embeddable":true,"href":"https:\/\/dev6.erresse-shop.it\/es\/wp-json\/wp\/v2\/product_cat?post=1876670"},{"taxonomy":"product_tag","embeddable":true,"href":"https:\/\/dev6.erresse-shop.it\/es\/wp-json\/wp\/v2\/product_tag?post=1876670"}],"curies":[{"name":"wp","href":"https:\/\/api.w.org\/{rel}","templated":true}]}}