{"id":1876658,"date":"2026-04-16T18:55:20","date_gmt":"2026-04-16T16:55:20","guid":{"rendered":"https:\/\/dev6.erresse-shop.it\/shop\/sin%20categor\u00eda\/staub-sarten-28-cm-verde-basilea\/"},"modified":"2025-09-14T07:39:38","modified_gmt":"2025-09-14T05:39:38","slug":"staub-sarten-28-cm-verde-basilea","status":"publish","type":"product","link":"https:\/\/dev6.erresse-shop.it\/es\/shop\/sartenes-y-ollas\/cazuelas\/staub-sarten-28-cm-verde-basilea\/","title":{"rendered":"STAUB Sart\u00e9n 28 cm Verde Basilea"},"content":{"rendered":"<p>Con la cocotte multiusos de Staub podr\u00e1 disfrutar de asados y tambi\u00e9n de platos vegetarianos como el pisto. Tiene una tapa especial con tecnolog\u00eda \u201cChistera Drop Structure\u201d desarrollada por Staub. Gracias a esta estructura patentada, el vapor de agua acumulado en el interior de la tapa se distribuye uniformemente sobre los alimentos. Como resultado, la carne resulta especialmente suculenta y las verduras conservan siempre la humedad necesaria. La cocotte multiusos de Staub, de color albahaca, est\u00e1 fabricada en hierro fundido esmaltado, especialmente indicado para cocinar guisos, ya que retiene el calor de forma eficaz y lo distribuye lenta y uniformemente sobre los alimentos. El esmaltado negro mate del interior realza a\u00fan m\u00e1s este efecto. La cocotte tiene un di\u00e1metro de 28 cm, una altura de 13 cm y una capacidad de 3,7 l. Esta cocotte es adecuada para todo tipo de cocinas, incluidas las de inducci\u00f3n, y es apta para su uso en el horno. El hierro fundido es especialmente robusto y resistente. Adem\u00e1s, garantiza un notable efecto de guisado, por lo que es tan popular entre los cocineros de renombre y los aficionados. Con una cocotte as\u00ed, hasta el cocinero m\u00e1s inexperto puede cocinar los platos m\u00e1s deliciosos. Por ejemplo, puedes crear un delicioso estofado de Boeuf Bourguignon, un plato que se prepara cocinando carne de vacuno en vino tinto, e impresionar a tus amigos y familiares con un plato de alta cocina.<\/p>\n<p>\u2013 Ideal para sellar y cocinar a fuego lento carne, pescado o verduras<br \/>\n\u2013 Para un resultado de cocci\u00f3n jugoso y tierno gracias a la tapa<br \/>\n\u2013 El esmaltado interior negro mate es ideal para un braseado especialmente crujiente y es muy duradero<br \/>\n\u2013 Apto para todo tipo de placas, incluida la de inducci\u00f3n, tambi\u00e9n puede colocarse en el horno\/parrilla<\/p>\n<p>Caracter\u00edsticas<br \/>\n\u2013 Resistencia al calor (\u00b0C): 240,00 \u00baC<br \/>\n\u2013 Resistencia al fr\u00edo: -20,00 \u00baC<br \/>\n\u2013 Material: hierro fundido<br \/>\n\u2013 Tipo de asa: asa lateral<br \/>\n\u2013 Tapa existente: s\u00ed<br \/>\n\u2013 Inducci\u00f3n: S\u00ed<br \/>\n\u2013 Apto para el horno: S\u00ed<br \/>\n\u2013 Apto para el congelador: s\u00ed<br \/>\n\u2013 Apto para la cocina: s\u00ed<br \/>\n\u2013 Apto para el lavavajillas: s\u00ed<\/p>\n<p>Tama\u00f1o<br \/>\n\u2013 Peso neto: 5,40 kg<br \/>\n\u2013 Capacidad: 3,70 l<br \/>\n\u2013 Longitud del producto: 36,10 cm<br \/>\n\u2013 Anchura del producto: 28,00 cm<br \/>\n\u2013 Altura del producto: 12,60 cm<br \/>\n\u2013 Altura sin tapa: 7,60 cm<br \/>\n\u2013 Di\u00e1metro superior: 28,00 cm<br \/>\n\u2013 Di\u00e1metro del fondo: 22,20 cm<br \/>\n\u2013 Longitud del mango: 4,00 cm<\/p>\n","protected":false},"excerpt":{"rendered":"<p>Con la cocotte multiusos de Staub podr\u00e1 disfrutar de asados y tambi\u00e9n de platos vegetarianos como el pisto. Tiene una tapa especial con tecnolog\u00eda \u201cChistera Drop Structure\u201d desarrollada por Staub. Gracias a esta estructura patentada, el vapor de agua acumulado en el interior de la tapa se distribuye uniformemente sobre los alimentos. Como resultado, la [&hellip;]<\/p>\n","protected":false},"featured_media":6486262,"template":"","meta":{"_acf_changed":false},"product_cat":[11904,11667,11883],"product_tag":[],"class_list":{"0":"post-1876658","1":"product","2":"type-product","3":"status-publish","4":"has-post-thumbnail","6":"product_cat-cazuelas","7":"product_cat-padelle-pentole","8":"product_cat-sartenes-y-ollas","10":"first","11":"outofstock","12":"sale","13":"taxable","14":"shipping-taxable","15":"purchasable","16":"product-type-simple","swatches":"rey-swatches","show_selected":"","stretch_labels":"rey-swatches--stretch-labels"},"acf":[],"yoast_head":"<!-- This site is optimized with the Yoast SEO plugin v25.4 - https:\/\/yoast.com\/wordpress\/plugins\/seo\/ -->\n<title>STAUB Sart\u00e9n 28 cm Verde Basilea - dev6 Erresse<\/title>\n<meta name=\"description\" content=\"Con la cocotte multiusos de Staub podr\u00e1 disfrutar de asados y tambi\u00e9n de platos vegetarianos como el pisto. Tiene una tapa especial con tecnolog\u00eda\" \/>\n<meta name=\"robots\" content=\"noindex, follow, max-snippet:-1, max-image-preview:large, max-video-preview:-1\" \/>\n<meta property=\"og:locale\" content=\"es_ES\" \/>\n<meta property=\"og:type\" content=\"article\" \/>\n<meta property=\"og:title\" content=\"STAUB Sart\u00e9n 28 cm Verde Basilea - dev6 Erresse\" \/>\n<meta property=\"og:description\" content=\"Con la cocotte multiusos de Staub podr\u00e1 disfrutar de asados y tambi\u00e9n de platos vegetarianos como el pisto. Tiene una tapa especial con tecnolog\u00eda\" \/>\n<meta property=\"og:url\" content=\"https:\/\/dev6.erresse-shop.it\/es\/shop\/sartenes-y-ollas\/cazuelas\/staub-sarten-28-cm-verde-basilea\/\" \/>\n<meta property=\"og:site_name\" content=\"dev6 Erresse\" \/>\n<meta property=\"og:image\" content=\"https:\/\/interpim.erresse-shop.it\/img-catalogo\/staub\/tegame-basilico-40511-479.jpg\" \/><meta property=\"og:image\" content=\"https:\/\/interpim.erresse-shop.it\/img-catalogo\/staub\/tegame-basilico-40511-479.jpg\" \/>\n\t<meta property=\"og:image:width\" content=\"1024\" \/>\n\t<meta property=\"og:image:height\" content=\"1024\" \/>\n\t<meta property=\"og:image:type\" content=\"image\/jpeg\" \/>\n<meta name=\"twitter:card\" content=\"summary_large_image\" \/>\n<meta name=\"twitter:image\" content=\"https:\/\/interpim.erresse-shop.it\/img-catalogo\/staub\/tegame-basilico-40511-479.jpg\" \/>\n<script type=\"application\/ld+json\" class=\"yoast-schema-graph\">{\"@context\":\"https:\/\/schema.org\",\"@graph\":[{\"@type\":\"WebPage\",\"@id\":\"https:\/\/dev6.erresse-shop.it\/es\/shop\/sartenes-y-ollas\/cazuelas\/staub-sarten-28-cm-verde-basilea\/\",\"url\":\"https:\/\/dev6.erresse-shop.it\/es\/shop\/sartenes-y-ollas\/cazuelas\/staub-sarten-28-cm-verde-basilea\/\",\"name\":\"STAUB Sart\u00e9n 28 cm Verde Basilea - dev6 Erresse\",\"isPartOf\":{\"@id\":\"https:\/\/dev6.erresse-shop.it\/#website\"},\"primaryImageOfPage\":{\"@id\":\"https:\/\/dev6.erresse-shop.it\/es\/shop\/sartenes-y-ollas\/cazuelas\/staub-sarten-28-cm-verde-basilea\/#primaryimage\"},\"image\":{\"@id\":\"https:\/\/dev6.erresse-shop.it\/es\/shop\/sartenes-y-ollas\/cazuelas\/staub-sarten-28-cm-verde-basilea\/#primaryimage\"},\"thumbnailUrl\":\"https:\/\/i3.wp.com\/interpim.erresse-shop.it\/img-catalogo\/staub\/tegame-basilico-40511-479.jpg?ssl=1\",\"datePublished\":\"2026-04-16T16:55:20+00:00\",\"description\":\"Con la cocotte multiusos de Staub podr\u00e1 disfrutar de asados y tambi\u00e9n de platos vegetarianos como el pisto. Tiene una tapa especial con tecnolog\u00eda\",\"breadcrumb\":{\"@id\":\"https:\/\/dev6.erresse-shop.it\/es\/shop\/sartenes-y-ollas\/cazuelas\/staub-sarten-28-cm-verde-basilea\/#breadcrumb\"},\"inLanguage\":\"es\",\"potentialAction\":[{\"@type\":\"ReadAction\",\"target\":[\"https:\/\/dev6.erresse-shop.it\/es\/shop\/sartenes-y-ollas\/cazuelas\/staub-sarten-28-cm-verde-basilea\/\"]}]},{\"@type\":\"ImageObject\",\"inLanguage\":\"es\",\"@id\":\"https:\/\/dev6.erresse-shop.it\/es\/shop\/sartenes-y-ollas\/cazuelas\/staub-sarten-28-cm-verde-basilea\/#primaryimage\",\"url\":\"https:\/\/i3.wp.com\/interpim.erresse-shop.it\/img-catalogo\/staub\/tegame-basilico-40511-479.jpg?ssl=1\",\"contentUrl\":\"https:\/\/i3.wp.com\/interpim.erresse-shop.it\/img-catalogo\/staub\/tegame-basilico-40511-479.jpg?ssl=1\"},{\"@type\":\"BreadcrumbList\",\"@id\":\"https:\/\/dev6.erresse-shop.it\/es\/shop\/sartenes-y-ollas\/cazuelas\/staub-sarten-28-cm-verde-basilea\/#breadcrumb\",\"itemListElement\":[{\"@type\":\"ListItem\",\"position\":1,\"name\":\"Home\",\"item\":\"https:\/\/dev6.erresse-shop.it\/\"},{\"@type\":\"ListItem\",\"position\":2,\"name\":\"Tienda\",\"item\":\"https:\/\/dev6.erresse-shop.it\/shop\/\"},{\"@type\":\"ListItem\",\"position\":3,\"name\":\"STAUB Sart\u00e9n 28 cm Verde Basilea\"}]},{\"@type\":\"WebSite\",\"@id\":\"https:\/\/dev6.erresse-shop.it\/#website\",\"url\":\"https:\/\/dev6.erresse-shop.it\/\",\"name\":\"Erresse Shop\",\"description\":\"\",\"publisher\":{\"@id\":\"https:\/\/dev6.erresse-shop.it\/#organization\"},\"potentialAction\":[{\"@type\":\"SearchAction\",\"target\":{\"@type\":\"EntryPoint\",\"urlTemplate\":\"https:\/\/dev6.erresse-shop.it\/?s={search_term_string}\"},\"query-input\":{\"@type\":\"PropertyValueSpecification\",\"valueRequired\":true,\"valueName\":\"search_term_string\"}}],\"inLanguage\":\"es\"},{\"@type\":\"Organization\",\"@id\":\"https:\/\/dev6.erresse-shop.it\/#organization\",\"name\":\"Erresse Shop\",\"url\":\"https:\/\/dev6.erresse-shop.it\/\",\"logo\":{\"@type\":\"ImageObject\",\"inLanguage\":\"es\",\"@id\":\"https:\/\/dev6.erresse-shop.it\/#\/schema\/logo\/image\/\",\"url\":\"https:\/\/dev6.erresse-shop.it\/wp-content\/uploads\/2025\/01\/LOGO-ERRESSE-CLASSICO.svg\",\"contentUrl\":\"https:\/\/dev6.erresse-shop.it\/wp-content\/uploads\/2025\/01\/LOGO-ERRESSE-CLASSICO.svg\",\"caption\":\"Erresse Shop\"},\"image\":{\"@id\":\"https:\/\/dev6.erresse-shop.it\/#\/schema\/logo\/image\/\"}}]}<\/script>\n<!-- \/ Yoast SEO plugin. -->","yoast_head_json":{"title":"STAUB Sart\u00e9n 28 cm Verde Basilea - dev6 Erresse","description":"Con la cocotte multiusos de Staub podr\u00e1 disfrutar de asados y tambi\u00e9n de platos vegetarianos como el pisto. Tiene una tapa especial con tecnolog\u00eda","robots":{"index":"noindex","follow":"follow","max-snippet":"max-snippet:-1","max-image-preview":"max-image-preview:large","max-video-preview":"max-video-preview:-1"},"og_locale":"es_ES","og_type":"article","og_title":"STAUB Sart\u00e9n 28 cm Verde Basilea - dev6 Erresse","og_description":"Con la cocotte multiusos de Staub podr\u00e1 disfrutar de asados y tambi\u00e9n de platos vegetarianos como el pisto. Tiene una tapa especial con tecnolog\u00eda","og_url":"https:\/\/dev6.erresse-shop.it\/es\/shop\/sartenes-y-ollas\/cazuelas\/staub-sarten-28-cm-verde-basilea\/","og_site_name":"dev6 Erresse","og_image":[{"url":"https:\/\/interpim.erresse-shop.it\/img-catalogo\/staub\/tegame-basilico-40511-479.jpg","type":"","width":"","height":""},{"url":"https:\/\/interpim.erresse-shop.it\/img-catalogo\/staub\/tegame-basilico-40511-479.jpg","width":1024,"height":1024,"type":"image\/jpeg"}],"twitter_card":"summary_large_image","twitter_image":"https:\/\/interpim.erresse-shop.it\/img-catalogo\/staub\/tegame-basilico-40511-479.jpg","schema":{"@context":"https:\/\/schema.org","@graph":[{"@type":"WebPage","@id":"https:\/\/dev6.erresse-shop.it\/es\/shop\/sartenes-y-ollas\/cazuelas\/staub-sarten-28-cm-verde-basilea\/","url":"https:\/\/dev6.erresse-shop.it\/es\/shop\/sartenes-y-ollas\/cazuelas\/staub-sarten-28-cm-verde-basilea\/","name":"STAUB Sart\u00e9n 28 cm Verde Basilea - dev6 Erresse","isPartOf":{"@id":"https:\/\/dev6.erresse-shop.it\/#website"},"primaryImageOfPage":{"@id":"https:\/\/dev6.erresse-shop.it\/es\/shop\/sartenes-y-ollas\/cazuelas\/staub-sarten-28-cm-verde-basilea\/#primaryimage"},"image":{"@id":"https:\/\/dev6.erresse-shop.it\/es\/shop\/sartenes-y-ollas\/cazuelas\/staub-sarten-28-cm-verde-basilea\/#primaryimage"},"thumbnailUrl":"https:\/\/i3.wp.com\/interpim.erresse-shop.it\/img-catalogo\/staub\/tegame-basilico-40511-479.jpg?ssl=1","datePublished":"2026-04-16T16:55:20+00:00","description":"Con la cocotte multiusos de Staub podr\u00e1 disfrutar de asados y tambi\u00e9n de platos vegetarianos como el pisto. Tiene una tapa especial con tecnolog\u00eda","breadcrumb":{"@id":"https:\/\/dev6.erresse-shop.it\/es\/shop\/sartenes-y-ollas\/cazuelas\/staub-sarten-28-cm-verde-basilea\/#breadcrumb"},"inLanguage":"es","potentialAction":[{"@type":"ReadAction","target":["https:\/\/dev6.erresse-shop.it\/es\/shop\/sartenes-y-ollas\/cazuelas\/staub-sarten-28-cm-verde-basilea\/"]}]},{"@type":"ImageObject","inLanguage":"es","@id":"https:\/\/dev6.erresse-shop.it\/es\/shop\/sartenes-y-ollas\/cazuelas\/staub-sarten-28-cm-verde-basilea\/#primaryimage","url":"https:\/\/i3.wp.com\/interpim.erresse-shop.it\/img-catalogo\/staub\/tegame-basilico-40511-479.jpg?ssl=1","contentUrl":"https:\/\/i3.wp.com\/interpim.erresse-shop.it\/img-catalogo\/staub\/tegame-basilico-40511-479.jpg?ssl=1"},{"@type":"BreadcrumbList","@id":"https:\/\/dev6.erresse-shop.it\/es\/shop\/sartenes-y-ollas\/cazuelas\/staub-sarten-28-cm-verde-basilea\/#breadcrumb","itemListElement":[{"@type":"ListItem","position":1,"name":"Home","item":"https:\/\/dev6.erresse-shop.it\/"},{"@type":"ListItem","position":2,"name":"Tienda","item":"https:\/\/dev6.erresse-shop.it\/shop\/"},{"@type":"ListItem","position":3,"name":"STAUB Sart\u00e9n 28 cm Verde Basilea"}]},{"@type":"WebSite","@id":"https:\/\/dev6.erresse-shop.it\/#website","url":"https:\/\/dev6.erresse-shop.it\/","name":"Erresse Shop","description":"","publisher":{"@id":"https:\/\/dev6.erresse-shop.it\/#organization"},"potentialAction":[{"@type":"SearchAction","target":{"@type":"EntryPoint","urlTemplate":"https:\/\/dev6.erresse-shop.it\/?s={search_term_string}"},"query-input":{"@type":"PropertyValueSpecification","valueRequired":true,"valueName":"search_term_string"}}],"inLanguage":"es"},{"@type":"Organization","@id":"https:\/\/dev6.erresse-shop.it\/#organization","name":"Erresse Shop","url":"https:\/\/dev6.erresse-shop.it\/","logo":{"@type":"ImageObject","inLanguage":"es","@id":"https:\/\/dev6.erresse-shop.it\/#\/schema\/logo\/image\/","url":"https:\/\/dev6.erresse-shop.it\/wp-content\/uploads\/2025\/01\/LOGO-ERRESSE-CLASSICO.svg","contentUrl":"https:\/\/dev6.erresse-shop.it\/wp-content\/uploads\/2025\/01\/LOGO-ERRESSE-CLASSICO.svg","caption":"Erresse Shop"},"image":{"@id":"https:\/\/dev6.erresse-shop.it\/#\/schema\/logo\/image\/"}}]}},"df_price":169.95,"df_sale_price":169.95,"df_regular_price":269,"df_image_link":"https:\/\/i3.wp.com\/interpim.erresse-shop.it\/img-catalogo\/staub\/tegame-basilico-40511-479.jpg?resize=300,300&ssl=1","fifu_image_url":"https:\/\/interpim.erresse-shop.it\/img-catalogo\/staub\/tegame-basilico-40511-479.jpg","_links":{"self":[{"href":"https:\/\/dev6.erresse-shop.it\/es\/wp-json\/wp\/v2\/product\/1876658","targetHints":{"allow":["GET"]}}],"collection":[{"href":"https:\/\/dev6.erresse-shop.it\/es\/wp-json\/wp\/v2\/product"}],"about":[{"href":"https:\/\/dev6.erresse-shop.it\/es\/wp-json\/wp\/v2\/types\/product"}],"wp:featuredmedia":[{"embeddable":true,"href":"https:\/\/dev6.erresse-shop.it\/es\/wp-json\/wp\/v2\/media\/6486262"}],"wp:attachment":[{"href":"https:\/\/dev6.erresse-shop.it\/es\/wp-json\/wp\/v2\/media?parent=1876658"}],"wp:term":[{"taxonomy":"product_cat","embeddable":true,"href":"https:\/\/dev6.erresse-shop.it\/es\/wp-json\/wp\/v2\/product_cat?post=1876658"},{"taxonomy":"product_tag","embeddable":true,"href":"https:\/\/dev6.erresse-shop.it\/es\/wp-json\/wp\/v2\/product_tag?post=1876658"}],"curies":[{"name":"wp","href":"https:\/\/api.w.org\/{rel}","templated":true}]}}