{"id":1876654,"date":"2026-04-16T18:55:20","date_gmt":"2026-04-16T16:55:20","guid":{"rendered":"https:\/\/dev6.erresse-shop.it\/shop\/sin%20categor\u00eda\/staub-sarten-24-cm-granada\/"},"modified":"2025-09-14T07:39:34","modified_gmt":"2025-09-14T05:39:34","slug":"staub-sarten-24-cm-granada","status":"publish","type":"product","link":"https:\/\/dev6.erresse-shop.it\/es\/shop\/sartenes-y-ollas\/cazuelas\/staub-sarten-24-cm-granada\/","title":{"rendered":"STAUB Sart\u00e9n 24 cm Granada"},"content":{"rendered":"<p>Los guisos quedan muy suculentos en esta cacerola multifuncional de Staub. La humedad no se escapa, porque el interior de la tapa tiene una estructura especial que recoge la condensaci\u00f3n ascendente y la deja gotear uniformemente sobre los alimentos que se cocinan. Otra ventaja de esta sart\u00e9n es su construcci\u00f3n en hierro fundido. El calor se extiende entonces por toda la base hasta el borde, lo que garantiza una cocci\u00f3n homog\u00e9nea de los alimentos y la plenitud de sus sabores. El hierro fundido es resistente a los ara\u00f1azos y los cortes, es extremadamente duradero y, por tanto, no se desgasta. Tambi\u00e9n es f\u00e1cil de mantener. La sart\u00e9n multiusos de color rojo granate no s\u00f3lo es de gran calidad y pr\u00e1ctica de usar, sino que su color realza cualquier mesa y la hace perfecta para servir alimentos reci\u00e9n horneados. La sart\u00e9n, con un di\u00e1metro de 24 cm y una altura de unos 12 cm, tiene una capacidad de 2,4 litros y puede utilizarse en todo tipo de placas, incluidas las de inducci\u00f3n, as\u00ed como en el horno. Es perfecto para preparar sabrosas recetas internacionales, como el goulash, el Stroganoff de ternera o un sabroso guiso con verduras de temporada. El esmalte interior lo hace antiadherente. Impresione a sus invitados sirviendo los platos m\u00e1s sabrosos con un toque de estilo franc\u00e9s con esta sart\u00e9n multifuncional de la serie Cocotte.<\/p>\n<p>\u2013 Ideal para sellar y cocinar a fuego lento carne, pescado o verduras<br \/>\n\u2013 Para un resultado de cocci\u00f3n jugoso y tierno gracias a la tapa<br \/>\n\u2013 El esmaltado interior negro mate es ideal para un braseado especialmente crujiente y es muy duradero<br \/>\n\u2013 Apto para todo tipo de placas, incluida la de inducci\u00f3n, tambi\u00e9n puede colocarse en el horno\/parrilla<\/p>\n<p>Caracter\u00edsticas<br \/>\n\u2013 Resistencia al calor (\u00b0C): 240,00 \u00baC<br \/>\n\u2013 Resistencia al fr\u00edo: -20,00 \u00baC<br \/>\n\u2013 Material: hierro fundido<br \/>\n\u2013 Tipo de asa: asa lateral<br \/>\n\u2013 Tapa existente: s\u00ed<br \/>\n\u2013 Inducci\u00f3n: S\u00ed<br \/>\n\u2013 Apto para el horno: S\u00ed<br \/>\n\u2013 Apto para el congelador: s\u00ed<br \/>\n\u2013 Apto para la cocina: s\u00ed<br \/>\n\u2013 Apto para el lavavajillas: s\u00ed<\/p>\n<p>Tama\u00f1o<br \/>\n\u2013 Peso neto: 4,24 kg<br \/>\n\u2013 Capacidad: 2,40 l<br \/>\n\u2013 Longitud del producto: 31,70 cm<br \/>\n\u2013 Anchura del producto: 24,00 cm<br \/>\n\u2013 Altura del producto: 11,60 cm<br \/>\n\u2013 Altura sin tapa: 7,00 cm<br \/>\n\u2013 Di\u00e1metro superior: 24,00 cm<br \/>\n\u2013 Di\u00e1metro del fondo: 18,50 cm<br \/>\n\u2013 Longitud del mango: 4,00 cm<\/p>\n","protected":false},"excerpt":{"rendered":"<p>Los guisos quedan muy suculentos en esta cacerola multifuncional de Staub. La humedad no se escapa, porque el interior de la tapa tiene una estructura especial que recoge la condensaci\u00f3n ascendente y la deja gotear uniformemente sobre los alimentos que se cocinan. Otra ventaja de esta sart\u00e9n es su construcci\u00f3n en hierro fundido. El calor [&hellip;]<\/p>\n","protected":false},"featured_media":6486240,"template":"","meta":{"_acf_changed":false},"product_cat":[11904,11667,11883],"product_tag":[],"class_list":{"0":"post-1876654","1":"product","2":"type-product","3":"status-publish","4":"has-post-thumbnail","6":"product_cat-cazuelas","7":"product_cat-padelle-pentole","8":"product_cat-sartenes-y-ollas","10":"first","11":"outofstock","12":"sale","13":"taxable","14":"shipping-taxable","15":"purchasable","16":"product-type-simple","swatches":"rey-swatches","show_selected":"","stretch_labels":"rey-swatches--stretch-labels"},"acf":[],"yoast_head":"<!-- This site is optimized with the Yoast SEO plugin v25.4 - https:\/\/yoast.com\/wordpress\/plugins\/seo\/ -->\n<title>STAUB Sart\u00e9n 24 cm Granada - dev6 Erresse<\/title>\n<meta name=\"description\" content=\"Los guisos quedan muy suculentos en esta cacerola multifuncional de Staub. La humedad no se escapa, porque el interior de la tapa tiene una estructura\" \/>\n<meta name=\"robots\" content=\"noindex, follow, max-snippet:-1, max-image-preview:large, max-video-preview:-1\" \/>\n<meta property=\"og:locale\" content=\"es_ES\" \/>\n<meta property=\"og:type\" content=\"article\" \/>\n<meta property=\"og:title\" content=\"STAUB Sart\u00e9n 24 cm Granada - dev6 Erresse\" \/>\n<meta property=\"og:description\" content=\"Los guisos quedan muy suculentos en esta cacerola multifuncional de Staub. La humedad no se escapa, porque el interior de la tapa tiene una estructura\" \/>\n<meta property=\"og:url\" content=\"https:\/\/dev6.erresse-shop.it\/es\/shop\/sartenes-y-ollas\/cazuelas\/staub-sarten-24-cm-granada\/\" \/>\n<meta property=\"og:site_name\" content=\"dev6 Erresse\" \/>\n<meta property=\"og:image\" content=\"https:\/\/interpim.erresse-shop.it\/img-catalogo\/staub\/tegame-granata-40511-513.jpg\" \/><meta property=\"og:image\" content=\"https:\/\/interpim.erresse-shop.it\/img-catalogo\/staub\/tegame-granata-40511-513.jpg\" \/>\n\t<meta property=\"og:image:width\" content=\"1024\" \/>\n\t<meta property=\"og:image:height\" content=\"1024\" \/>\n\t<meta property=\"og:image:type\" content=\"image\/jpeg\" \/>\n<meta name=\"twitter:card\" content=\"summary_large_image\" \/>\n<meta name=\"twitter:image\" content=\"https:\/\/interpim.erresse-shop.it\/img-catalogo\/staub\/tegame-granata-40511-513.jpg\" \/>\n<script type=\"application\/ld+json\" class=\"yoast-schema-graph\">{\"@context\":\"https:\/\/schema.org\",\"@graph\":[{\"@type\":\"WebPage\",\"@id\":\"https:\/\/dev6.erresse-shop.it\/es\/shop\/sartenes-y-ollas\/cazuelas\/staub-sarten-24-cm-granada\/\",\"url\":\"https:\/\/dev6.erresse-shop.it\/es\/shop\/sartenes-y-ollas\/cazuelas\/staub-sarten-24-cm-granada\/\",\"name\":\"STAUB Sart\u00e9n 24 cm Granada - dev6 Erresse\",\"isPartOf\":{\"@id\":\"https:\/\/dev6.erresse-shop.it\/#website\"},\"primaryImageOfPage\":{\"@id\":\"https:\/\/dev6.erresse-shop.it\/es\/shop\/sartenes-y-ollas\/cazuelas\/staub-sarten-24-cm-granada\/#primaryimage\"},\"image\":{\"@id\":\"https:\/\/dev6.erresse-shop.it\/es\/shop\/sartenes-y-ollas\/cazuelas\/staub-sarten-24-cm-granada\/#primaryimage\"},\"thumbnailUrl\":\"https:\/\/i1.wp.com\/interpim.erresse-shop.it\/img-catalogo\/staub\/tegame-granata-40511-513.jpg?ssl=1\",\"datePublished\":\"2026-04-16T16:55:20+00:00\",\"description\":\"Los guisos quedan muy suculentos en esta cacerola multifuncional de Staub. La humedad no se escapa, porque el interior de la tapa tiene una estructura\",\"breadcrumb\":{\"@id\":\"https:\/\/dev6.erresse-shop.it\/es\/shop\/sartenes-y-ollas\/cazuelas\/staub-sarten-24-cm-granada\/#breadcrumb\"},\"inLanguage\":\"es\",\"potentialAction\":[{\"@type\":\"ReadAction\",\"target\":[\"https:\/\/dev6.erresse-shop.it\/es\/shop\/sartenes-y-ollas\/cazuelas\/staub-sarten-24-cm-granada\/\"]}]},{\"@type\":\"ImageObject\",\"inLanguage\":\"es\",\"@id\":\"https:\/\/dev6.erresse-shop.it\/es\/shop\/sartenes-y-ollas\/cazuelas\/staub-sarten-24-cm-granada\/#primaryimage\",\"url\":\"https:\/\/i1.wp.com\/interpim.erresse-shop.it\/img-catalogo\/staub\/tegame-granata-40511-513.jpg?ssl=1\",\"contentUrl\":\"https:\/\/i1.wp.com\/interpim.erresse-shop.it\/img-catalogo\/staub\/tegame-granata-40511-513.jpg?ssl=1\"},{\"@type\":\"BreadcrumbList\",\"@id\":\"https:\/\/dev6.erresse-shop.it\/es\/shop\/sartenes-y-ollas\/cazuelas\/staub-sarten-24-cm-granada\/#breadcrumb\",\"itemListElement\":[{\"@type\":\"ListItem\",\"position\":1,\"name\":\"Home\",\"item\":\"https:\/\/dev6.erresse-shop.it\/\"},{\"@type\":\"ListItem\",\"position\":2,\"name\":\"Tienda\",\"item\":\"https:\/\/dev6.erresse-shop.it\/shop\/\"},{\"@type\":\"ListItem\",\"position\":3,\"name\":\"STAUB Sart\u00e9n 24 cm Granada\"}]},{\"@type\":\"WebSite\",\"@id\":\"https:\/\/dev6.erresse-shop.it\/#website\",\"url\":\"https:\/\/dev6.erresse-shop.it\/\",\"name\":\"Erresse Shop\",\"description\":\"\",\"publisher\":{\"@id\":\"https:\/\/dev6.erresse-shop.it\/#organization\"},\"potentialAction\":[{\"@type\":\"SearchAction\",\"target\":{\"@type\":\"EntryPoint\",\"urlTemplate\":\"https:\/\/dev6.erresse-shop.it\/?s={search_term_string}\"},\"query-input\":{\"@type\":\"PropertyValueSpecification\",\"valueRequired\":true,\"valueName\":\"search_term_string\"}}],\"inLanguage\":\"es\"},{\"@type\":\"Organization\",\"@id\":\"https:\/\/dev6.erresse-shop.it\/#organization\",\"name\":\"Erresse Shop\",\"url\":\"https:\/\/dev6.erresse-shop.it\/\",\"logo\":{\"@type\":\"ImageObject\",\"inLanguage\":\"es\",\"@id\":\"https:\/\/dev6.erresse-shop.it\/#\/schema\/logo\/image\/\",\"url\":\"https:\/\/dev6.erresse-shop.it\/wp-content\/uploads\/2025\/01\/LOGO-ERRESSE-CLASSICO.svg\",\"contentUrl\":\"https:\/\/dev6.erresse-shop.it\/wp-content\/uploads\/2025\/01\/LOGO-ERRESSE-CLASSICO.svg\",\"caption\":\"Erresse Shop\"},\"image\":{\"@id\":\"https:\/\/dev6.erresse-shop.it\/#\/schema\/logo\/image\/\"}}]}<\/script>\n<!-- \/ Yoast SEO plugin. -->","yoast_head_json":{"title":"STAUB Sart\u00e9n 24 cm Granada - dev6 Erresse","description":"Los guisos quedan muy suculentos en esta cacerola multifuncional de Staub. La humedad no se escapa, porque el interior de la tapa tiene una estructura","robots":{"index":"noindex","follow":"follow","max-snippet":"max-snippet:-1","max-image-preview":"max-image-preview:large","max-video-preview":"max-video-preview:-1"},"og_locale":"es_ES","og_type":"article","og_title":"STAUB Sart\u00e9n 24 cm Granada - dev6 Erresse","og_description":"Los guisos quedan muy suculentos en esta cacerola multifuncional de Staub. La humedad no se escapa, porque el interior de la tapa tiene una estructura","og_url":"https:\/\/dev6.erresse-shop.it\/es\/shop\/sartenes-y-ollas\/cazuelas\/staub-sarten-24-cm-granada\/","og_site_name":"dev6 Erresse","og_image":[{"url":"https:\/\/interpim.erresse-shop.it\/img-catalogo\/staub\/tegame-granata-40511-513.jpg","type":"","width":"","height":""},{"url":"https:\/\/interpim.erresse-shop.it\/img-catalogo\/staub\/tegame-granata-40511-513.jpg","width":1024,"height":1024,"type":"image\/jpeg"}],"twitter_card":"summary_large_image","twitter_image":"https:\/\/interpim.erresse-shop.it\/img-catalogo\/staub\/tegame-granata-40511-513.jpg","schema":{"@context":"https:\/\/schema.org","@graph":[{"@type":"WebPage","@id":"https:\/\/dev6.erresse-shop.it\/es\/shop\/sartenes-y-ollas\/cazuelas\/staub-sarten-24-cm-granada\/","url":"https:\/\/dev6.erresse-shop.it\/es\/shop\/sartenes-y-ollas\/cazuelas\/staub-sarten-24-cm-granada\/","name":"STAUB Sart\u00e9n 24 cm Granada - dev6 Erresse","isPartOf":{"@id":"https:\/\/dev6.erresse-shop.it\/#website"},"primaryImageOfPage":{"@id":"https:\/\/dev6.erresse-shop.it\/es\/shop\/sartenes-y-ollas\/cazuelas\/staub-sarten-24-cm-granada\/#primaryimage"},"image":{"@id":"https:\/\/dev6.erresse-shop.it\/es\/shop\/sartenes-y-ollas\/cazuelas\/staub-sarten-24-cm-granada\/#primaryimage"},"thumbnailUrl":"https:\/\/i1.wp.com\/interpim.erresse-shop.it\/img-catalogo\/staub\/tegame-granata-40511-513.jpg?ssl=1","datePublished":"2026-04-16T16:55:20+00:00","description":"Los guisos quedan muy suculentos en esta cacerola multifuncional de Staub. La humedad no se escapa, porque el interior de la tapa tiene una estructura","breadcrumb":{"@id":"https:\/\/dev6.erresse-shop.it\/es\/shop\/sartenes-y-ollas\/cazuelas\/staub-sarten-24-cm-granada\/#breadcrumb"},"inLanguage":"es","potentialAction":[{"@type":"ReadAction","target":["https:\/\/dev6.erresse-shop.it\/es\/shop\/sartenes-y-ollas\/cazuelas\/staub-sarten-24-cm-granada\/"]}]},{"@type":"ImageObject","inLanguage":"es","@id":"https:\/\/dev6.erresse-shop.it\/es\/shop\/sartenes-y-ollas\/cazuelas\/staub-sarten-24-cm-granada\/#primaryimage","url":"https:\/\/i1.wp.com\/interpim.erresse-shop.it\/img-catalogo\/staub\/tegame-granata-40511-513.jpg?ssl=1","contentUrl":"https:\/\/i1.wp.com\/interpim.erresse-shop.it\/img-catalogo\/staub\/tegame-granata-40511-513.jpg?ssl=1"},{"@type":"BreadcrumbList","@id":"https:\/\/dev6.erresse-shop.it\/es\/shop\/sartenes-y-ollas\/cazuelas\/staub-sarten-24-cm-granada\/#breadcrumb","itemListElement":[{"@type":"ListItem","position":1,"name":"Home","item":"https:\/\/dev6.erresse-shop.it\/"},{"@type":"ListItem","position":2,"name":"Tienda","item":"https:\/\/dev6.erresse-shop.it\/shop\/"},{"@type":"ListItem","position":3,"name":"STAUB Sart\u00e9n 24 cm Granada"}]},{"@type":"WebSite","@id":"https:\/\/dev6.erresse-shop.it\/#website","url":"https:\/\/dev6.erresse-shop.it\/","name":"Erresse Shop","description":"","publisher":{"@id":"https:\/\/dev6.erresse-shop.it\/#organization"},"potentialAction":[{"@type":"SearchAction","target":{"@type":"EntryPoint","urlTemplate":"https:\/\/dev6.erresse-shop.it\/?s={search_term_string}"},"query-input":{"@type":"PropertyValueSpecification","valueRequired":true,"valueName":"search_term_string"}}],"inLanguage":"es"},{"@type":"Organization","@id":"https:\/\/dev6.erresse-shop.it\/#organization","name":"Erresse Shop","url":"https:\/\/dev6.erresse-shop.it\/","logo":{"@type":"ImageObject","inLanguage":"es","@id":"https:\/\/dev6.erresse-shop.it\/#\/schema\/logo\/image\/","url":"https:\/\/dev6.erresse-shop.it\/wp-content\/uploads\/2025\/01\/LOGO-ERRESSE-CLASSICO.svg","contentUrl":"https:\/\/dev6.erresse-shop.it\/wp-content\/uploads\/2025\/01\/LOGO-ERRESSE-CLASSICO.svg","caption":"Erresse Shop"},"image":{"@id":"https:\/\/dev6.erresse-shop.it\/#\/schema\/logo\/image\/"}}]}},"df_price":159,"df_sale_price":159,"df_regular_price":239,"df_image_link":"https:\/\/i1.wp.com\/interpim.erresse-shop.it\/img-catalogo\/staub\/tegame-granata-40511-513.jpg?resize=300,300&ssl=1","fifu_image_url":"https:\/\/interpim.erresse-shop.it\/img-catalogo\/staub\/tegame-granata-40511-513.jpg","_links":{"self":[{"href":"https:\/\/dev6.erresse-shop.it\/es\/wp-json\/wp\/v2\/product\/1876654","targetHints":{"allow":["GET"]}}],"collection":[{"href":"https:\/\/dev6.erresse-shop.it\/es\/wp-json\/wp\/v2\/product"}],"about":[{"href":"https:\/\/dev6.erresse-shop.it\/es\/wp-json\/wp\/v2\/types\/product"}],"wp:featuredmedia":[{"embeddable":true,"href":"https:\/\/dev6.erresse-shop.it\/es\/wp-json\/wp\/v2\/media\/6486240"}],"wp:attachment":[{"href":"https:\/\/dev6.erresse-shop.it\/es\/wp-json\/wp\/v2\/media?parent=1876654"}],"wp:term":[{"taxonomy":"product_cat","embeddable":true,"href":"https:\/\/dev6.erresse-shop.it\/es\/wp-json\/wp\/v2\/product_cat?post=1876654"},{"taxonomy":"product_tag","embeddable":true,"href":"https:\/\/dev6.erresse-shop.it\/es\/wp-json\/wp\/v2\/product_tag?post=1876654"}],"curies":[{"name":"wp","href":"https:\/\/api.w.org\/{rel}","templated":true}]}}