{"id":1876642,"date":"2026-04-04T08:20:22","date_gmt":"2026-04-04T06:20:22","guid":{"rendered":"https:\/\/dev6.erresse-shop.it\/shop\/sin%20categor\u00eda\/staub-cocotte-redonda-28-cm-verde-basilea\/"},"modified":"2025-09-14T07:39:21","modified_gmt":"2025-09-14T05:39:21","slug":"staub-cocotte-redonda-28-cm-verde-basilea","status":"publish","type":"product","link":"https:\/\/dev6.erresse-shop.it\/es\/shop\/sartenes-y-ollas\/marmitas-y-cocottes\/staub-cocotte-redonda-28-cm-verde-basilea\/","title":{"rendered":"STAUB Cocotte Redonda 28 cm Verde Basilea"},"content":{"rendered":"<p>La cocotte redonda de color verde albahaca ser\u00e1 una pieza atractiva en la cocina y el comedor. Este plato, utilizado tradicionalmente en Francia para cocinar guisos, puede utilizarse para preparar deliciosos platos a base de una gran variedad de ingredientes. La cazuela cocina la carne, las verduras y otros ingredientes de forma lenta y suave, para que los sabores se desarrollen y se mezclen. Adem\u00e1s, el plato conserva el contenido nutricional de los alimentos, lo que garantiza que sus comidas tengan un gran sabor y sean saludables. La cocotte verde Staub tiene una capacidad de 6,7 L, una altura de 18,2 cm y un di\u00e1metro de 28 cm. Las sartenes de hierro fundido son utilizadas por los principiantes, pero tambi\u00e9n por los mejores chefs, ya que retienen el calor durante mucho tiempo y lo distribuyen eficazmente por toda la comida. Esto significa que los ingredientes se cocinan de manera uniforme, ya sea en el borde o en el centro del plato. El interior de las cacerolas Staub La Cocotte presenta un acabado de esmalte negro mate. Este esmalte intensifica el sabor natural de los platos y es especialmente eficaz para guisar y cocinar a fuego lento. Ideal para todas las fuentes de calor, incluidas las placas de inducci\u00f3n, esta cocotte permite preparar especialidades francesas que ser\u00e1n un verdadero \u00e9xito en familia.<\/p>\n<p>\u2013 Ideal para sellar y cocinar a fuego lento carne, pescado o verduras<br \/>\n\u2013 Para un resultado de cocci\u00f3n jugoso y tierno gracias a la tapa<br \/>\n\u2013 El esmaltado interior negro mate es ideal para un dorado especialmente crujiente y es muy duradero<br \/>\n\u2013 Apto para todo tipo de cocinas, incluida la de inducci\u00f3n, tambi\u00e9n puede utilizarse en el horno\/parrilla<\/p>\n<p>Caracter\u00edsticas<br \/>\n\u2013 Resistencia al calor (\u00b0C): 240,00 \u00baC<br \/>\n\u2013 Resistencia al fr\u00edo: -20,00 \u00baC<br \/>\n\u2013 Material: hierro fundido<br \/>\n\u2013 Tapa existente: s\u00ed<br \/>\n\u2013 Inducci\u00f3n: S\u00ed<br \/>\n\u2013 Apto para el horno: S\u00ed<br \/>\n\u2013 Apto para el congelador: S\u00ed<br \/>\n\u2013 Apto para la cocina: s\u00ed<br \/>\n\u2013 Apto para el lavavajillas: s\u00ed<\/p>\n<p>Tama\u00f1o<br \/>\n\u2013 Peso neto: 6,90 kg<br \/>\n\u2013 Capacidad: 6,70 l<br \/>\n\u2013 Longitud del producto: 35,20 cm<br \/>\n\u2013 Anchura del producto: 28,00 cm<br \/>\n\u2013 Altura del producto: 18,20 cm<br \/>\n\u2013 Altura sin tapa: 13,20 cm<br \/>\n\u2013 Di\u00e1metro superior: 28,00 cm<br \/>\n\u2013 Di\u00e1metro del fondo: 23,70 cm<br \/>\n\u2013 Longitud del mango: 3,50 cm<\/p>\n","protected":false},"excerpt":{"rendered":"<p>La cocotte redonda de color verde albahaca ser\u00e1 una pieza atractiva en la cocina y el comedor. Este plato, utilizado tradicionalmente en Francia para cocinar guisos, puede utilizarse para preparar deliciosos platos a base de una gran variedad de ingredientes. La cazuela cocina la carne, las verduras y otros ingredientes de forma lenta y suave, [&hellip;]<\/p>\n","protected":false},"featured_media":6263865,"template":"","meta":{"_acf_changed":false},"product_cat":[11892,11667,11883],"product_tag":[],"class_list":{"0":"post-1876642","1":"product","2":"type-product","3":"status-publish","4":"has-post-thumbnail","6":"product_cat-marmitas-y-cocottes","7":"product_cat-padelle-pentole","8":"product_cat-sartenes-y-ollas","10":"first","11":"outofstock","12":"sale","13":"taxable","14":"shipping-taxable","15":"purchasable","16":"product-type-simple","swatches":"rey-swatches","show_selected":"","stretch_labels":"rey-swatches--stretch-labels"},"acf":[],"yoast_head":"<!-- This site is optimized with the Yoast SEO plugin v25.4 - https:\/\/yoast.com\/wordpress\/plugins\/seo\/ -->\n<title>STAUB Cocotte Redonda 28 cm Verde Basilea - dev6 Erresse<\/title>\n<meta name=\"description\" content=\"La cocotte redonda de color verde albahaca ser\u00e1 una pieza atractiva en la cocina y el comedor. Este plato, utilizado tradicionalmente en Francia para\" \/>\n<meta name=\"robots\" content=\"noindex, follow, max-snippet:-1, max-image-preview:large, max-video-preview:-1\" \/>\n<meta property=\"og:locale\" content=\"es_ES\" \/>\n<meta property=\"og:type\" content=\"article\" \/>\n<meta property=\"og:title\" content=\"STAUB Cocotte Redonda 28 cm Verde Basilea - dev6 Erresse\" \/>\n<meta property=\"og:description\" content=\"La cocotte redonda de color verde albahaca ser\u00e1 una pieza atractiva en la cocina y el comedor. Este plato, utilizado tradicionalmente en Francia para\" \/>\n<meta property=\"og:url\" content=\"https:\/\/dev6.erresse-shop.it\/es\/shop\/sartenes-y-ollas\/marmitas-y-cocottes\/staub-cocotte-redonda-28-cm-verde-basilea\/\" \/>\n<meta property=\"og:site_name\" content=\"dev6 Erresse\" \/>\n<meta property=\"og:image\" content=\"https:\/\/interpim.erresse-shop.it\/Import\/Prodotti\/40509-361-verde-28cm.jpeg\" \/><meta property=\"og:image\" content=\"https:\/\/interpim.erresse-shop.it\/Import\/Prodotti\/40509-361-verde-28cm.jpeg\" \/>\n\t<meta property=\"og:image:width\" content=\"1024\" \/>\n\t<meta property=\"og:image:height\" content=\"1024\" \/>\n\t<meta property=\"og:image:type\" content=\"image\/jpeg\" \/>\n<meta name=\"twitter:card\" content=\"summary_large_image\" \/>\n<meta name=\"twitter:image\" content=\"https:\/\/interpim.erresse-shop.it\/Import\/Prodotti\/40509-361-verde-28cm.jpeg\" \/>\n<script type=\"application\/ld+json\" class=\"yoast-schema-graph\">{\"@context\":\"https:\/\/schema.org\",\"@graph\":[{\"@type\":\"WebPage\",\"@id\":\"https:\/\/dev6.erresse-shop.it\/es\/shop\/sartenes-y-ollas\/marmitas-y-cocottes\/staub-cocotte-redonda-28-cm-verde-basilea\/\",\"url\":\"https:\/\/dev6.erresse-shop.it\/es\/shop\/sartenes-y-ollas\/marmitas-y-cocottes\/staub-cocotte-redonda-28-cm-verde-basilea\/\",\"name\":\"STAUB Cocotte Redonda 28 cm Verde Basilea - dev6 Erresse\",\"isPartOf\":{\"@id\":\"https:\/\/dev6.erresse-shop.it\/#website\"},\"primaryImageOfPage\":{\"@id\":\"https:\/\/dev6.erresse-shop.it\/es\/shop\/sartenes-y-ollas\/marmitas-y-cocottes\/staub-cocotte-redonda-28-cm-verde-basilea\/#primaryimage\"},\"image\":{\"@id\":\"https:\/\/dev6.erresse-shop.it\/es\/shop\/sartenes-y-ollas\/marmitas-y-cocottes\/staub-cocotte-redonda-28-cm-verde-basilea\/#primaryimage\"},\"thumbnailUrl\":\"https:\/\/i2.wp.com\/interpim.erresse-shop.it\/Import\/Prodotti\/40509-361-verde-28cm.jpeg?ssl=1\",\"datePublished\":\"2026-04-04T06:20:22+00:00\",\"description\":\"La cocotte redonda de color verde albahaca ser\u00e1 una pieza atractiva en la cocina y el comedor. Este plato, utilizado tradicionalmente en Francia para\",\"breadcrumb\":{\"@id\":\"https:\/\/dev6.erresse-shop.it\/es\/shop\/sartenes-y-ollas\/marmitas-y-cocottes\/staub-cocotte-redonda-28-cm-verde-basilea\/#breadcrumb\"},\"inLanguage\":\"es\",\"potentialAction\":[{\"@type\":\"ReadAction\",\"target\":[\"https:\/\/dev6.erresse-shop.it\/es\/shop\/sartenes-y-ollas\/marmitas-y-cocottes\/staub-cocotte-redonda-28-cm-verde-basilea\/\"]}]},{\"@type\":\"ImageObject\",\"inLanguage\":\"es\",\"@id\":\"https:\/\/dev6.erresse-shop.it\/es\/shop\/sartenes-y-ollas\/marmitas-y-cocottes\/staub-cocotte-redonda-28-cm-verde-basilea\/#primaryimage\",\"url\":\"https:\/\/i2.wp.com\/interpim.erresse-shop.it\/Import\/Prodotti\/40509-361-verde-28cm.jpeg?ssl=1\",\"contentUrl\":\"https:\/\/i2.wp.com\/interpim.erresse-shop.it\/Import\/Prodotti\/40509-361-verde-28cm.jpeg?ssl=1\"},{\"@type\":\"BreadcrumbList\",\"@id\":\"https:\/\/dev6.erresse-shop.it\/es\/shop\/sartenes-y-ollas\/marmitas-y-cocottes\/staub-cocotte-redonda-28-cm-verde-basilea\/#breadcrumb\",\"itemListElement\":[{\"@type\":\"ListItem\",\"position\":1,\"name\":\"Home\",\"item\":\"https:\/\/dev6.erresse-shop.it\/\"},{\"@type\":\"ListItem\",\"position\":2,\"name\":\"Tienda\",\"item\":\"https:\/\/dev6.erresse-shop.it\/shop\/\"},{\"@type\":\"ListItem\",\"position\":3,\"name\":\"STAUB Cocotte Redonda 28 cm Verde Basilea\"}]},{\"@type\":\"WebSite\",\"@id\":\"https:\/\/dev6.erresse-shop.it\/#website\",\"url\":\"https:\/\/dev6.erresse-shop.it\/\",\"name\":\"Erresse Shop\",\"description\":\"\",\"publisher\":{\"@id\":\"https:\/\/dev6.erresse-shop.it\/#organization\"},\"potentialAction\":[{\"@type\":\"SearchAction\",\"target\":{\"@type\":\"EntryPoint\",\"urlTemplate\":\"https:\/\/dev6.erresse-shop.it\/?s={search_term_string}\"},\"query-input\":{\"@type\":\"PropertyValueSpecification\",\"valueRequired\":true,\"valueName\":\"search_term_string\"}}],\"inLanguage\":\"es\"},{\"@type\":\"Organization\",\"@id\":\"https:\/\/dev6.erresse-shop.it\/#organization\",\"name\":\"Erresse Shop\",\"url\":\"https:\/\/dev6.erresse-shop.it\/\",\"logo\":{\"@type\":\"ImageObject\",\"inLanguage\":\"es\",\"@id\":\"https:\/\/dev6.erresse-shop.it\/#\/schema\/logo\/image\/\",\"url\":\"https:\/\/dev6.erresse-shop.it\/wp-content\/uploads\/2025\/01\/LOGO-ERRESSE-CLASSICO.svg\",\"contentUrl\":\"https:\/\/dev6.erresse-shop.it\/wp-content\/uploads\/2025\/01\/LOGO-ERRESSE-CLASSICO.svg\",\"caption\":\"Erresse Shop\"},\"image\":{\"@id\":\"https:\/\/dev6.erresse-shop.it\/#\/schema\/logo\/image\/\"}}]}<\/script>\n<!-- \/ Yoast SEO plugin. -->","yoast_head_json":{"title":"STAUB Cocotte Redonda 28 cm Verde Basilea - dev6 Erresse","description":"La cocotte redonda de color verde albahaca ser\u00e1 una pieza atractiva en la cocina y el comedor. Este plato, utilizado tradicionalmente en Francia para","robots":{"index":"noindex","follow":"follow","max-snippet":"max-snippet:-1","max-image-preview":"max-image-preview:large","max-video-preview":"max-video-preview:-1"},"og_locale":"es_ES","og_type":"article","og_title":"STAUB Cocotte Redonda 28 cm Verde Basilea - dev6 Erresse","og_description":"La cocotte redonda de color verde albahaca ser\u00e1 una pieza atractiva en la cocina y el comedor. Este plato, utilizado tradicionalmente en Francia para","og_url":"https:\/\/dev6.erresse-shop.it\/es\/shop\/sartenes-y-ollas\/marmitas-y-cocottes\/staub-cocotte-redonda-28-cm-verde-basilea\/","og_site_name":"dev6 Erresse","og_image":[{"url":"https:\/\/interpim.erresse-shop.it\/Import\/Prodotti\/40509-361-verde-28cm.jpeg","type":"","width":"","height":""},{"url":"https:\/\/interpim.erresse-shop.it\/Import\/Prodotti\/40509-361-verde-28cm.jpeg","width":1024,"height":1024,"type":"image\/jpeg"}],"twitter_card":"summary_large_image","twitter_image":"https:\/\/interpim.erresse-shop.it\/Import\/Prodotti\/40509-361-verde-28cm.jpeg","schema":{"@context":"https:\/\/schema.org","@graph":[{"@type":"WebPage","@id":"https:\/\/dev6.erresse-shop.it\/es\/shop\/sartenes-y-ollas\/marmitas-y-cocottes\/staub-cocotte-redonda-28-cm-verde-basilea\/","url":"https:\/\/dev6.erresse-shop.it\/es\/shop\/sartenes-y-ollas\/marmitas-y-cocottes\/staub-cocotte-redonda-28-cm-verde-basilea\/","name":"STAUB Cocotte Redonda 28 cm Verde Basilea - dev6 Erresse","isPartOf":{"@id":"https:\/\/dev6.erresse-shop.it\/#website"},"primaryImageOfPage":{"@id":"https:\/\/dev6.erresse-shop.it\/es\/shop\/sartenes-y-ollas\/marmitas-y-cocottes\/staub-cocotte-redonda-28-cm-verde-basilea\/#primaryimage"},"image":{"@id":"https:\/\/dev6.erresse-shop.it\/es\/shop\/sartenes-y-ollas\/marmitas-y-cocottes\/staub-cocotte-redonda-28-cm-verde-basilea\/#primaryimage"},"thumbnailUrl":"https:\/\/i2.wp.com\/interpim.erresse-shop.it\/Import\/Prodotti\/40509-361-verde-28cm.jpeg?ssl=1","datePublished":"2026-04-04T06:20:22+00:00","description":"La cocotte redonda de color verde albahaca ser\u00e1 una pieza atractiva en la cocina y el comedor. Este plato, utilizado tradicionalmente en Francia para","breadcrumb":{"@id":"https:\/\/dev6.erresse-shop.it\/es\/shop\/sartenes-y-ollas\/marmitas-y-cocottes\/staub-cocotte-redonda-28-cm-verde-basilea\/#breadcrumb"},"inLanguage":"es","potentialAction":[{"@type":"ReadAction","target":["https:\/\/dev6.erresse-shop.it\/es\/shop\/sartenes-y-ollas\/marmitas-y-cocottes\/staub-cocotte-redonda-28-cm-verde-basilea\/"]}]},{"@type":"ImageObject","inLanguage":"es","@id":"https:\/\/dev6.erresse-shop.it\/es\/shop\/sartenes-y-ollas\/marmitas-y-cocottes\/staub-cocotte-redonda-28-cm-verde-basilea\/#primaryimage","url":"https:\/\/i2.wp.com\/interpim.erresse-shop.it\/Import\/Prodotti\/40509-361-verde-28cm.jpeg?ssl=1","contentUrl":"https:\/\/i2.wp.com\/interpim.erresse-shop.it\/Import\/Prodotti\/40509-361-verde-28cm.jpeg?ssl=1"},{"@type":"BreadcrumbList","@id":"https:\/\/dev6.erresse-shop.it\/es\/shop\/sartenes-y-ollas\/marmitas-y-cocottes\/staub-cocotte-redonda-28-cm-verde-basilea\/#breadcrumb","itemListElement":[{"@type":"ListItem","position":1,"name":"Home","item":"https:\/\/dev6.erresse-shop.it\/"},{"@type":"ListItem","position":2,"name":"Tienda","item":"https:\/\/dev6.erresse-shop.it\/shop\/"},{"@type":"ListItem","position":3,"name":"STAUB Cocotte Redonda 28 cm Verde Basilea"}]},{"@type":"WebSite","@id":"https:\/\/dev6.erresse-shop.it\/#website","url":"https:\/\/dev6.erresse-shop.it\/","name":"Erresse Shop","description":"","publisher":{"@id":"https:\/\/dev6.erresse-shop.it\/#organization"},"potentialAction":[{"@type":"SearchAction","target":{"@type":"EntryPoint","urlTemplate":"https:\/\/dev6.erresse-shop.it\/?s={search_term_string}"},"query-input":{"@type":"PropertyValueSpecification","valueRequired":true,"valueName":"search_term_string"}}],"inLanguage":"es"},{"@type":"Organization","@id":"https:\/\/dev6.erresse-shop.it\/#organization","name":"Erresse Shop","url":"https:\/\/dev6.erresse-shop.it\/","logo":{"@type":"ImageObject","inLanguage":"es","@id":"https:\/\/dev6.erresse-shop.it\/#\/schema\/logo\/image\/","url":"https:\/\/dev6.erresse-shop.it\/wp-content\/uploads\/2025\/01\/LOGO-ERRESSE-CLASSICO.svg","contentUrl":"https:\/\/dev6.erresse-shop.it\/wp-content\/uploads\/2025\/01\/LOGO-ERRESSE-CLASSICO.svg","caption":"Erresse Shop"},"image":{"@id":"https:\/\/dev6.erresse-shop.it\/#\/schema\/logo\/image\/"}}]}},"df_price":229.95,"df_sale_price":229.95,"df_regular_price":369,"df_image_link":"https:\/\/i2.wp.com\/interpim.erresse-shop.it\/Import\/Prodotti\/40509-361-verde-28cm.jpeg?resize=300,300&ssl=1","fifu_image_url":"https:\/\/interpim.erresse-shop.it\/Import\/Prodotti\/40509-361-verde-28cm.jpeg","_links":{"self":[{"href":"https:\/\/dev6.erresse-shop.it\/es\/wp-json\/wp\/v2\/product\/1876642","targetHints":{"allow":["GET"]}}],"collection":[{"href":"https:\/\/dev6.erresse-shop.it\/es\/wp-json\/wp\/v2\/product"}],"about":[{"href":"https:\/\/dev6.erresse-shop.it\/es\/wp-json\/wp\/v2\/types\/product"}],"wp:featuredmedia":[{"embeddable":true,"href":"https:\/\/dev6.erresse-shop.it\/es\/wp-json\/wp\/v2\/media\/6263865"}],"wp:attachment":[{"href":"https:\/\/dev6.erresse-shop.it\/es\/wp-json\/wp\/v2\/media?parent=1876642"}],"wp:term":[{"taxonomy":"product_cat","embeddable":true,"href":"https:\/\/dev6.erresse-shop.it\/es\/wp-json\/wp\/v2\/product_cat?post=1876642"},{"taxonomy":"product_tag","embeddable":true,"href":"https:\/\/dev6.erresse-shop.it\/es\/wp-json\/wp\/v2\/product_tag?post=1876642"}],"curies":[{"name":"wp","href":"https:\/\/api.w.org\/{rel}","templated":true}]}}