{"id":1876638,"date":"2026-04-12T08:21:09","date_gmt":"2026-04-12T06:21:09","guid":{"rendered":"https:\/\/dev6.erresse-shop.it\/shop\/sin%20categor\u00eda\/zwilling-juego-de-4-cuchillos-serrados-para-carne\/"},"modified":"2025-09-14T07:39:16","modified_gmt":"2025-09-14T05:39:16","slug":"zwilling-juego-de-4-cuchillos-serrados-para-carne","status":"publish","type":"product","link":"https:\/\/dev6.erresse-shop.it\/es\/shop\/tabla\/cubiertos\/zwilling-juego-de-4-cuchillos-serrados-para-carne\/","title":{"rendered":"ZWILLING Juego de 4 cuchillos serrados para carne"},"content":{"rendered":"<p>BESCHERIBUNG<br \/>\nEste Steakmesserset de 4 platos de la Casa ZWILLING es el Erg\u00e4nzung ideal in der Bestecklade aller Haushalte, diein auf den Punkt gebratenes Steak zu sch\u00e4tzen wissen. The Messer k\u00f6nnen nat\u00fcrlich also f\u00fcr das Schneiden von otheren Gerichten wie zum Beispiel Grillfleisch verwendet werden. De estos Steakmesserset aus vier Steakmessern besteht, eignet es sich hervorragend f\u00fcr die Familie oder Freunde. El Messer es hochwertig verarbeitet und gut ausbalanciert. Gracias a su forma ergon\u00f3mica, se adapta c\u00f3modamente a la mano de sus usuarios. Der in Schwarz gehaltene Griff besteht aus Acrylnitril-Butadien-Styrol (ABS). De este material relativ unempfindlich ist, erstrahlt es also nach l\u00e4ngerem Einsatz noch in einem satten Schwarz. El aspecto elegante y con clase es el resultado de los tres, en el Griff integrierten Nieten abgerundet. Los Klingen de 12 cm de largo del Steakmesser de ZWILLING son aus rostfreiem Spezialstahl gefertigt. Estas piezas est\u00e1n corro\u00eddas y son flexibles. El Steakmesser est\u00e1 con un versehen Wellenschliff. Seg\u00fan estos hochwertigen Schliff erhalten die Klingen nicht nur eine long Lebensdauer, sondern ebenso eine hohe Schneidekraft. Dadurch gleiten die Messer m\u00fchelos durch das Steak. Durch die Anschaffung des Steaksets von ZWILLING er\u00f6ffnet sich Ihnen aine v\u00f6llig new Art von Steakgenuss.<br \/>\nSteakmesserset de 4 teiliges con Schneidekraft superior<br \/>\nLongitud de la rodilla de 12 cm.<br \/>\nAus rostfreiem Stahl gefertigt<br \/>\nEmpu\u00f1adura ergon\u00f3micamente dise\u00f1ada con ABS m\u00e1s ancho.<br \/>\nDrei Edelstahlnieten verleihen den Steakmessern eine klassische Optik und sabor Haltbarkeit<\/p>\n","protected":false},"excerpt":{"rendered":"<p>BESCHERIBUNG Este Steakmesserset de 4 platos de la Casa ZWILLING es el Erg\u00e4nzung ideal in der Bestecklade aller Haushalte, diein auf den Punkt gebratenes Steak zu sch\u00e4tzen wissen. The Messer k\u00f6nnen nat\u00fcrlich also f\u00fcr das Schneiden von otheren Gerichten wie zum Beispiel Grillfleisch verwendet werden. De estos Steakmesserset aus vier Steakmessern besteht, eignet es sich [&hellip;]<\/p>\n","protected":false},"featured_media":6347164,"template":"","meta":{"_acf_changed":false},"product_cat":[11884,11670,11888,11886,11887],"product_tag":[],"class_list":{"0":"post-1876638","1":"product","2":"type-product","3":"status-publish","4":"has-post-thumbnail","6":"product_cat-cocina","7":"product_cat-coltelli-da-tavola","8":"product_cat-cubiertos","9":"product_cat-cuchillos-de-mesa","10":"product_cat-tabla","12":"first","13":"outofstock","14":"sale","15":"taxable","16":"shipping-taxable","17":"purchasable","18":"product-type-simple","swatches":"rey-swatches","show_selected":"","stretch_labels":"rey-swatches--stretch-labels"},"acf":[],"yoast_head":"<!-- This site is optimized with the Yoast SEO plugin v25.4 - https:\/\/yoast.com\/wordpress\/plugins\/seo\/ -->\n<title>ZWILLING Juego de 4 cuchillos serrados para carne - dev6 Erresse<\/title>\n<meta name=\"description\" content=\"BESCHERIBUNG Este Steakmesserset de 4 platos de la Casa ZWILLING es el Erg\u00e4nzung ideal in der Bestecklade aller Haushalte, diein auf den Punkt gebratenes\" \/>\n<meta name=\"robots\" content=\"noindex, follow, max-snippet:-1, max-image-preview:large, max-video-preview:-1\" \/>\n<meta property=\"og:locale\" content=\"es_ES\" \/>\n<meta property=\"og:type\" content=\"article\" \/>\n<meta property=\"og:title\" content=\"ZWILLING Juego de 4 cuchillos serrados para carne - dev6 Erresse\" \/>\n<meta property=\"og:description\" content=\"BESCHERIBUNG Este Steakmesserset de 4 platos de la Casa ZWILLING es el Erg\u00e4nzung ideal in der Bestecklade aller Haushalte, diein auf den Punkt gebratenes\" \/>\n<meta property=\"og:url\" content=\"https:\/\/dev6.erresse-shop.it\/es\/shop\/tabla\/cubiertos\/zwilling-juego-de-4-cuchillos-serrados-para-carne\/\" \/>\n<meta property=\"og:site_name\" content=\"dev6 Erresse\" \/>\n<meta property=\"og:image\" content=\"https:\/\/interpim.erresse-shop.it\/Import\/Prodotti\/39029-002-0_1.jpg\" \/><meta property=\"og:image\" content=\"https:\/\/interpim.erresse-shop.it\/Import\/Prodotti\/39029-002-0_1.jpg\" \/>\n\t<meta property=\"og:image:width\" content=\"1024\" \/>\n\t<meta property=\"og:image:height\" content=\"1024\" \/>\n\t<meta property=\"og:image:type\" content=\"image\/jpeg\" \/>\n<meta name=\"twitter:card\" content=\"summary_large_image\" \/>\n<meta name=\"twitter:image\" content=\"https:\/\/interpim.erresse-shop.it\/Import\/Prodotti\/39029-002-0_1.jpg\" \/>\n<script type=\"application\/ld+json\" class=\"yoast-schema-graph\">{\"@context\":\"https:\/\/schema.org\",\"@graph\":[{\"@type\":\"WebPage\",\"@id\":\"https:\/\/dev6.erresse-shop.it\/es\/shop\/tabla\/cubiertos\/zwilling-juego-de-4-cuchillos-serrados-para-carne\/\",\"url\":\"https:\/\/dev6.erresse-shop.it\/es\/shop\/tabla\/cubiertos\/zwilling-juego-de-4-cuchillos-serrados-para-carne\/\",\"name\":\"ZWILLING Juego de 4 cuchillos serrados para carne - dev6 Erresse\",\"isPartOf\":{\"@id\":\"https:\/\/dev6.erresse-shop.it\/#website\"},\"primaryImageOfPage\":{\"@id\":\"https:\/\/dev6.erresse-shop.it\/es\/shop\/tabla\/cubiertos\/zwilling-juego-de-4-cuchillos-serrados-para-carne\/#primaryimage\"},\"image\":{\"@id\":\"https:\/\/dev6.erresse-shop.it\/es\/shop\/tabla\/cubiertos\/zwilling-juego-de-4-cuchillos-serrados-para-carne\/#primaryimage\"},\"thumbnailUrl\":\"https:\/\/i1.wp.com\/interpim.erresse-shop.it\/Import\/Prodotti\/39029-002-0_1.jpg?ssl=1\",\"datePublished\":\"2026-04-12T06:21:09+00:00\",\"description\":\"BESCHERIBUNG Este Steakmesserset de 4 platos de la Casa ZWILLING es el Erg\u00e4nzung ideal in der Bestecklade aller Haushalte, diein auf den Punkt gebratenes\",\"breadcrumb\":{\"@id\":\"https:\/\/dev6.erresse-shop.it\/es\/shop\/tabla\/cubiertos\/zwilling-juego-de-4-cuchillos-serrados-para-carne\/#breadcrumb\"},\"inLanguage\":\"es\",\"potentialAction\":[{\"@type\":\"ReadAction\",\"target\":[\"https:\/\/dev6.erresse-shop.it\/es\/shop\/tabla\/cubiertos\/zwilling-juego-de-4-cuchillos-serrados-para-carne\/\"]}]},{\"@type\":\"ImageObject\",\"inLanguage\":\"es\",\"@id\":\"https:\/\/dev6.erresse-shop.it\/es\/shop\/tabla\/cubiertos\/zwilling-juego-de-4-cuchillos-serrados-para-carne\/#primaryimage\",\"url\":\"https:\/\/i1.wp.com\/interpim.erresse-shop.it\/Import\/Prodotti\/39029-002-0_1.jpg?ssl=1\",\"contentUrl\":\"https:\/\/i1.wp.com\/interpim.erresse-shop.it\/Import\/Prodotti\/39029-002-0_1.jpg?ssl=1\"},{\"@type\":\"BreadcrumbList\",\"@id\":\"https:\/\/dev6.erresse-shop.it\/es\/shop\/tabla\/cubiertos\/zwilling-juego-de-4-cuchillos-serrados-para-carne\/#breadcrumb\",\"itemListElement\":[{\"@type\":\"ListItem\",\"position\":1,\"name\":\"Home\",\"item\":\"https:\/\/dev6.erresse-shop.it\/\"},{\"@type\":\"ListItem\",\"position\":2,\"name\":\"Tienda\",\"item\":\"https:\/\/dev6.erresse-shop.it\/shop\/\"},{\"@type\":\"ListItem\",\"position\":3,\"name\":\"ZWILLING Juego de 4 cuchillos serrados para carne\"}]},{\"@type\":\"WebSite\",\"@id\":\"https:\/\/dev6.erresse-shop.it\/#website\",\"url\":\"https:\/\/dev6.erresse-shop.it\/\",\"name\":\"Erresse Shop\",\"description\":\"\",\"publisher\":{\"@id\":\"https:\/\/dev6.erresse-shop.it\/#organization\"},\"potentialAction\":[{\"@type\":\"SearchAction\",\"target\":{\"@type\":\"EntryPoint\",\"urlTemplate\":\"https:\/\/dev6.erresse-shop.it\/?s={search_term_string}\"},\"query-input\":{\"@type\":\"PropertyValueSpecification\",\"valueRequired\":true,\"valueName\":\"search_term_string\"}}],\"inLanguage\":\"es\"},{\"@type\":\"Organization\",\"@id\":\"https:\/\/dev6.erresse-shop.it\/#organization\",\"name\":\"Erresse Shop\",\"url\":\"https:\/\/dev6.erresse-shop.it\/\",\"logo\":{\"@type\":\"ImageObject\",\"inLanguage\":\"es\",\"@id\":\"https:\/\/dev6.erresse-shop.it\/#\/schema\/logo\/image\/\",\"url\":\"https:\/\/dev6.erresse-shop.it\/wp-content\/uploads\/2025\/01\/LOGO-ERRESSE-CLASSICO.svg\",\"contentUrl\":\"https:\/\/dev6.erresse-shop.it\/wp-content\/uploads\/2025\/01\/LOGO-ERRESSE-CLASSICO.svg\",\"caption\":\"Erresse Shop\"},\"image\":{\"@id\":\"https:\/\/dev6.erresse-shop.it\/#\/schema\/logo\/image\/\"}}]}<\/script>\n<!-- \/ Yoast SEO plugin. -->","yoast_head_json":{"title":"ZWILLING Juego de 4 cuchillos serrados para carne - dev6 Erresse","description":"BESCHERIBUNG Este Steakmesserset de 4 platos de la Casa ZWILLING es el Erg\u00e4nzung ideal in der Bestecklade aller Haushalte, diein auf den Punkt gebratenes","robots":{"index":"noindex","follow":"follow","max-snippet":"max-snippet:-1","max-image-preview":"max-image-preview:large","max-video-preview":"max-video-preview:-1"},"og_locale":"es_ES","og_type":"article","og_title":"ZWILLING Juego de 4 cuchillos serrados para carne - dev6 Erresse","og_description":"BESCHERIBUNG Este Steakmesserset de 4 platos de la Casa ZWILLING es el Erg\u00e4nzung ideal in der Bestecklade aller Haushalte, diein auf den Punkt gebratenes","og_url":"https:\/\/dev6.erresse-shop.it\/es\/shop\/tabla\/cubiertos\/zwilling-juego-de-4-cuchillos-serrados-para-carne\/","og_site_name":"dev6 Erresse","og_image":[{"url":"https:\/\/interpim.erresse-shop.it\/Import\/Prodotti\/39029-002-0_1.jpg","type":"","width":"","height":""},{"url":"https:\/\/interpim.erresse-shop.it\/Import\/Prodotti\/39029-002-0_1.jpg","width":1024,"height":1024,"type":"image\/jpeg"}],"twitter_card":"summary_large_image","twitter_image":"https:\/\/interpim.erresse-shop.it\/Import\/Prodotti\/39029-002-0_1.jpg","schema":{"@context":"https:\/\/schema.org","@graph":[{"@type":"WebPage","@id":"https:\/\/dev6.erresse-shop.it\/es\/shop\/tabla\/cubiertos\/zwilling-juego-de-4-cuchillos-serrados-para-carne\/","url":"https:\/\/dev6.erresse-shop.it\/es\/shop\/tabla\/cubiertos\/zwilling-juego-de-4-cuchillos-serrados-para-carne\/","name":"ZWILLING Juego de 4 cuchillos serrados para carne - dev6 Erresse","isPartOf":{"@id":"https:\/\/dev6.erresse-shop.it\/#website"},"primaryImageOfPage":{"@id":"https:\/\/dev6.erresse-shop.it\/es\/shop\/tabla\/cubiertos\/zwilling-juego-de-4-cuchillos-serrados-para-carne\/#primaryimage"},"image":{"@id":"https:\/\/dev6.erresse-shop.it\/es\/shop\/tabla\/cubiertos\/zwilling-juego-de-4-cuchillos-serrados-para-carne\/#primaryimage"},"thumbnailUrl":"https:\/\/i1.wp.com\/interpim.erresse-shop.it\/Import\/Prodotti\/39029-002-0_1.jpg?ssl=1","datePublished":"2026-04-12T06:21:09+00:00","description":"BESCHERIBUNG Este Steakmesserset de 4 platos de la Casa ZWILLING es el Erg\u00e4nzung ideal in der Bestecklade aller Haushalte, diein auf den Punkt gebratenes","breadcrumb":{"@id":"https:\/\/dev6.erresse-shop.it\/es\/shop\/tabla\/cubiertos\/zwilling-juego-de-4-cuchillos-serrados-para-carne\/#breadcrumb"},"inLanguage":"es","potentialAction":[{"@type":"ReadAction","target":["https:\/\/dev6.erresse-shop.it\/es\/shop\/tabla\/cubiertos\/zwilling-juego-de-4-cuchillos-serrados-para-carne\/"]}]},{"@type":"ImageObject","inLanguage":"es","@id":"https:\/\/dev6.erresse-shop.it\/es\/shop\/tabla\/cubiertos\/zwilling-juego-de-4-cuchillos-serrados-para-carne\/#primaryimage","url":"https:\/\/i1.wp.com\/interpim.erresse-shop.it\/Import\/Prodotti\/39029-002-0_1.jpg?ssl=1","contentUrl":"https:\/\/i1.wp.com\/interpim.erresse-shop.it\/Import\/Prodotti\/39029-002-0_1.jpg?ssl=1"},{"@type":"BreadcrumbList","@id":"https:\/\/dev6.erresse-shop.it\/es\/shop\/tabla\/cubiertos\/zwilling-juego-de-4-cuchillos-serrados-para-carne\/#breadcrumb","itemListElement":[{"@type":"ListItem","position":1,"name":"Home","item":"https:\/\/dev6.erresse-shop.it\/"},{"@type":"ListItem","position":2,"name":"Tienda","item":"https:\/\/dev6.erresse-shop.it\/shop\/"},{"@type":"ListItem","position":3,"name":"ZWILLING Juego de 4 cuchillos serrados para carne"}]},{"@type":"WebSite","@id":"https:\/\/dev6.erresse-shop.it\/#website","url":"https:\/\/dev6.erresse-shop.it\/","name":"Erresse Shop","description":"","publisher":{"@id":"https:\/\/dev6.erresse-shop.it\/#organization"},"potentialAction":[{"@type":"SearchAction","target":{"@type":"EntryPoint","urlTemplate":"https:\/\/dev6.erresse-shop.it\/?s={search_term_string}"},"query-input":{"@type":"PropertyValueSpecification","valueRequired":true,"valueName":"search_term_string"}}],"inLanguage":"es"},{"@type":"Organization","@id":"https:\/\/dev6.erresse-shop.it\/#organization","name":"Erresse Shop","url":"https:\/\/dev6.erresse-shop.it\/","logo":{"@type":"ImageObject","inLanguage":"es","@id":"https:\/\/dev6.erresse-shop.it\/#\/schema\/logo\/image\/","url":"https:\/\/dev6.erresse-shop.it\/wp-content\/uploads\/2025\/01\/LOGO-ERRESSE-CLASSICO.svg","contentUrl":"https:\/\/dev6.erresse-shop.it\/wp-content\/uploads\/2025\/01\/LOGO-ERRESSE-CLASSICO.svg","caption":"Erresse Shop"},"image":{"@id":"https:\/\/dev6.erresse-shop.it\/#\/schema\/logo\/image\/"}}]}},"df_price":49,"df_sale_price":49,"df_regular_price":54.95,"df_image_link":"https:\/\/i1.wp.com\/interpim.erresse-shop.it\/Import\/Prodotti\/39029-002-0_1.jpg?resize=300,300&ssl=1","fifu_image_url":"https:\/\/interpim.erresse-shop.it\/Import\/Prodotti\/39029-002-0_1.jpg","_links":{"self":[{"href":"https:\/\/dev6.erresse-shop.it\/es\/wp-json\/wp\/v2\/product\/1876638","targetHints":{"allow":["GET"]}}],"collection":[{"href":"https:\/\/dev6.erresse-shop.it\/es\/wp-json\/wp\/v2\/product"}],"about":[{"href":"https:\/\/dev6.erresse-shop.it\/es\/wp-json\/wp\/v2\/types\/product"}],"wp:featuredmedia":[{"embeddable":true,"href":"https:\/\/dev6.erresse-shop.it\/es\/wp-json\/wp\/v2\/media\/6347164"}],"wp:attachment":[{"href":"https:\/\/dev6.erresse-shop.it\/es\/wp-json\/wp\/v2\/media?parent=1876638"}],"wp:term":[{"taxonomy":"product_cat","embeddable":true,"href":"https:\/\/dev6.erresse-shop.it\/es\/wp-json\/wp\/v2\/product_cat?post=1876638"},{"taxonomy":"product_tag","embeddable":true,"href":"https:\/\/dev6.erresse-shop.it\/es\/wp-json\/wp\/v2\/product_tag?post=1876638"}],"curies":[{"name":"wp","href":"https:\/\/api.w.org\/{rel}","templated":true}]}}