{"id":1876618,"date":"2026-04-04T08:19:43","date_gmt":"2026-04-04T06:19:43","guid":{"rendered":"https:\/\/dev6.erresse-shop.it\/shop\/sin%20categor\u00eda\/le-creuset-sarten-skillet-cuadrada-grill-de-hierro-fundido-2626-cm-caribe\/"},"modified":"2025-11-30T17:54:35","modified_gmt":"2025-11-30T16:54:35","slug":"le-creuset-sarten-skillet-cuadrada-grill-de-hierro-fundido-2626-cm-caribe","status":"publish","type":"product","link":"https:\/\/dev6.erresse-shop.it\/es\/shop\/sartenes-y-ollas\/parrillas\/le-creuset-sarten-skillet-cuadrada-grill-de-hierro-fundido-2626-cm-caribe\/","title":{"rendered":"LE CREUSET Sart\u00e9n skillet cuadrada grill de hierro fundido 26&#215;26 cm Caribe"},"content":{"rendered":"<p>Menos grasa. Todo el sabor.<br \/>\nSella los alimentos r\u00e1pidamente para conservar todos sus jugos y sabores con nuestra distintiva parrilla de hierro fundido. Es perfecta para cocinar platos sanos y sabrosos, ya que la grasa queda recogida bajo las ranuras. Prepara f\u00e1cilmente carnes, pescados y verduras con esta vers\u00e1til pieza.<\/p>\n<p>Detalles del Producto<br \/>\nCaracter\u00edsticas: Incre\u00edblemente pr\u00e1ctico: apto para el horno, los fogones, las placas de inducci\u00f3n y el grill.<br \/>\nComida exquisita: la estructura de hierro fundido conserva el calor para cocinar y dorar de manera uniforme. Tus deliciosas elaboraciones permanecer\u00e1n calientes en la mesa durante m\u00e1s tiempo.<br \/>\nAgarre f\u00e1cil: las asas c\u00f3modas y elegantes permiten levantarlo sin riesgos.<br \/>\nRanuras: obt\u00e9n comida de aspecto delicioso con unas aut\u00e9nticas rayas tostadas.<br \/>\nUna ayuda extra: el asa auxiliar te permite levantarlo y moverlo entre los fogones, el horno y la mesa f\u00e1cilmente.<br \/>\nVierte sin goteos: las boquillas laterales te permiten verter el contenido f\u00e1cilmente (y sin goteos).<br \/>\nLos colores del arco\u00edris: nuestra gama, disponible en varios colores, alegrar\u00e1 tu cocina con llamativos tonos.<br \/>\nNo al sobrecalentamiento: cocina a fuego medio o bajo constante para cuidar el hierro fundido y disfrutar de unos resultados deliciosos.<br \/>\nResiste bien el paso del tiempo: el esmalte interior desarrolla una p\u00e1tina natural que se comporta como una superficie antiadherente. Adem\u00e1s, su acabado tambi\u00e9n ofrece unas incre\u00edbles propiedades antiadherentes que requieren menos ali\u00f1os. Limpia el producto \u00fanicamente con agua y jab\u00f3n para que la p\u00e1tina pueda desarrollarse.<br \/>\nLos mejores de su categor\u00eda: nuestros productos se fabrican con los mejores materiales en instalaciones de todo el mundo para garantizar la calidad que esperas de Le Creuset.<\/p>\n<p>Material: Hierro Fundido Esmaltado<br \/>\nFabricado en: Francia<br \/>\nGarant\u00eda: Garant\u00eda de por Vida<\/p>\n<p>Fuente de Calor<br \/>\nParrilla<br \/>\nHorno<br \/>\nHorno<br \/>\nPlaca el\u00e9ctrica<br \/>\nVitrocer\u00e1mica<br \/>\nGas<br \/>\nPlaca de inducci\u00f3n<\/p>\n<p>Dimensiones<br \/>\nLongitud: 44.3 cm<br \/>\nAncho: 29.9 cm<br \/>\nAltura: 5.3 cm<br \/>\nProfundidad: 3.6 cm<\/p>\n<p>Usos y Cuidados<br \/>\nAlmacenaje: Compatible con el congelador<br \/>\nCuidados: Lavaplatos<br \/>\nAntes de empezar a utilizar: \u00a1Disfruta desempaquetando tu nueva adquisici\u00f3n! (Y aseg\u00farate de retirar todas las etiquetas y envoltorios).<br \/>\nLava tu producto Le Creuset con agua caliente y jab\u00f3n, acl\u00e1ralo y s\u00e9calo bien.<br \/>\nCocinando: Prot\u00e9gete: usa guantes de horno siempre que manipules recipientes calientes.<br \/>\nTe recomendamos utilizar herramientas de silicona, madera o pl\u00e1stico resistentes al calor de Le Creuset. NO utilices cuchillos ni utensilios met\u00e1licos, ya que podr\u00edan rayar y dejar marcas en la superficie esmaltada del producto.<br \/>\nUsa el producto en el fog\u00f3n del tama\u00f1o m\u00e1s adecuado: la comida se cocinar\u00e1 de manera m\u00e1s uniforme y reducir\u00e1s el riesgo de da\u00f1ar las asas y los laterales. Esto es especialmente importante en el caso de placas de inducci\u00f3n: si utilizas un fog\u00f3n de tama\u00f1o inadecuado, existe el riesgo de que no \u201creconozca\u201d el producto.<br \/>\nCocinar a fuego medio o bajo te permite lograr los mejores resultados, incluso para fre\u00edr y marcar. Si quieres cocinar platos deliciosos de manera uniforme, deja que el recipiente se caliente gradualmente. Si necesitas utilizar fuego fuerte, disminuye la intensidad cuando alcances el calor deseado.<br \/>\nNunca deslices el producto sobre unos fogones\/una placa con cubierta de cristal, ya que podr\u00edas da\u00f1ar tanto el producto como el cristal. En su lugar, levanta siempre el producto para ponerlo y quitarlo o cambiarlo de lugar.<br \/>\nLimpieza: Espera a que el producto se enfr\u00ede antes de comenzar a limpiarlo.<br \/>\nRetira los restos de la base y los laterales del producto con un pa\u00f1o o servilleta. Si hay comida pegada, llena el producto con agua caliente y jab\u00f3n, deja que se reblandezca durante 15 o 20 minutos y, a continuaci\u00f3n, l\u00e1valo como de costumbre.<br \/>\nNo utilices agentes de limpieza abrasivos ni estropajos o escobillas met\u00e1licos sobre ninguna de las superficies.<br \/>\nS\u00e9calo bien tras el lavado y gu\u00e1rdalo en un lugar seco.<\/p>\n","protected":false},"excerpt":{"rendered":"<p>Menos grasa. Todo el sabor. Sella los alimentos r\u00e1pidamente para conservar todos sus jugos y sabores con nuestra distintiva parrilla de hierro fundido. Es perfecta para cocinar platos sanos y sabrosos, ya que la grasa queda recogida bajo las ranuras. Prepara f\u00e1cilmente carnes, pescados y verduras con esta vers\u00e1til pieza. Detalles del Producto Caracter\u00edsticas: Incre\u00edblemente [&hellip;]<\/p>\n","protected":false},"featured_media":6263716,"template":"","meta":{"_acf_changed":false},"product_cat":[11667,11912,11883],"product_tag":[],"class_list":{"0":"post-1876618","1":"product","2":"type-product","3":"status-publish","4":"has-post-thumbnail","6":"product_cat-padelle-pentole","7":"product_cat-parrillas","8":"product_cat-sartenes-y-ollas","10":"first","11":"instock","12":"sale","13":"taxable","14":"shipping-taxable","15":"purchasable","16":"product-type-simple","swatches":"rey-swatches","show_selected":"","stretch_labels":"rey-swatches--stretch-labels"},"acf":[],"yoast_head":"<!-- This site is optimized with the Yoast SEO plugin v25.4 - https:\/\/yoast.com\/wordpress\/plugins\/seo\/ -->\n<title>LE CREUSET Sart\u00e9n skillet cuadrada grill de hierro fundido 26&#215;26 cm Caribe - dev6 Erresse<\/title>\n<meta name=\"description\" content=\"Menos grasa. Todo el sabor. Sella los alimentos r\u00e1pidamente para conservar todos sus jugos y sabores con nuestra distintiva parrilla de hierro fundido. Es\" \/>\n<meta name=\"robots\" content=\"noindex, follow, max-snippet:-1, max-image-preview:large, max-video-preview:-1\" \/>\n<meta property=\"og:locale\" content=\"es_ES\" \/>\n<meta property=\"og:type\" content=\"article\" \/>\n<meta property=\"og:title\" content=\"LE CREUSET Sart\u00e9n skillet cuadrada grill de hierro fundido 26&#215;26 cm Caribe - dev6 Erresse\" \/>\n<meta property=\"og:description\" content=\"Menos grasa. Todo el sabor. Sella los alimentos r\u00e1pidamente para conservar todos sus jugos y sabores con nuestra distintiva parrilla de hierro fundido. Es\" \/>\n<meta property=\"og:url\" content=\"https:\/\/dev6.erresse-shop.it\/es\/shop\/sartenes-y-ollas\/parrillas\/le-creuset-sarten-skillet-cuadrada-grill-de-hierro-fundido-2626-cm-caribe\/\" \/>\n<meta property=\"og:site_name\" content=\"dev6 Erresse\" \/>\n<meta property=\"og:image\" content=\"https:\/\/interpim.erresse-shop.it\/Import\/Prodotti\/le-creuset-bistecchiera-skillet-quadrata-evolution-26x26-cm-blu-caribe.png\" \/><meta property=\"og:image\" content=\"https:\/\/interpim.erresse-shop.it\/Import\/Prodotti\/le-creuset-bistecchiera-skillet-quadrata-evolution-26x26-cm-blu-caribe.png\" \/>\n\t<meta property=\"og:image:width\" content=\"1024\" \/>\n\t<meta property=\"og:image:height\" content=\"1024\" \/>\n\t<meta property=\"og:image:type\" content=\"image\/jpeg\" \/>\n<meta name=\"twitter:card\" content=\"summary_large_image\" \/>\n<meta name=\"twitter:image\" content=\"https:\/\/interpim.erresse-shop.it\/Import\/Prodotti\/le-creuset-bistecchiera-skillet-quadrata-evolution-26x26-cm-blu-caribe.png\" \/>\n<script type=\"application\/ld+json\" class=\"yoast-schema-graph\">{\"@context\":\"https:\/\/schema.org\",\"@graph\":[{\"@type\":\"WebPage\",\"@id\":\"https:\/\/dev6.erresse-shop.it\/es\/shop\/sartenes-y-ollas\/parrillas\/le-creuset-sarten-skillet-cuadrada-grill-de-hierro-fundido-2626-cm-caribe\/\",\"url\":\"https:\/\/dev6.erresse-shop.it\/es\/shop\/sartenes-y-ollas\/parrillas\/le-creuset-sarten-skillet-cuadrada-grill-de-hierro-fundido-2626-cm-caribe\/\",\"name\":\"LE CREUSET Sart\u00e9n skillet cuadrada grill de hierro fundido 26&#215;26 cm Caribe - dev6 Erresse\",\"isPartOf\":{\"@id\":\"https:\/\/dev6.erresse-shop.it\/#website\"},\"primaryImageOfPage\":{\"@id\":\"https:\/\/dev6.erresse-shop.it\/es\/shop\/sartenes-y-ollas\/parrillas\/le-creuset-sarten-skillet-cuadrada-grill-de-hierro-fundido-2626-cm-caribe\/#primaryimage\"},\"image\":{\"@id\":\"https:\/\/dev6.erresse-shop.it\/es\/shop\/sartenes-y-ollas\/parrillas\/le-creuset-sarten-skillet-cuadrada-grill-de-hierro-fundido-2626-cm-caribe\/#primaryimage\"},\"thumbnailUrl\":\"https:\/\/i1.wp.com\/interpim.erresse-shop.it\/Import\/Prodotti\/le-creuset-bistecchiera-skillet-quadrata-evolution-26x26-cm-blu-caribe.png?ssl=1\",\"datePublished\":\"2026-04-04T06:19:43+00:00\",\"description\":\"Menos grasa. Todo el sabor. Sella los alimentos r\u00e1pidamente para conservar todos sus jugos y sabores con nuestra distintiva parrilla de hierro fundido. Es\",\"breadcrumb\":{\"@id\":\"https:\/\/dev6.erresse-shop.it\/es\/shop\/sartenes-y-ollas\/parrillas\/le-creuset-sarten-skillet-cuadrada-grill-de-hierro-fundido-2626-cm-caribe\/#breadcrumb\"},\"inLanguage\":\"es\",\"potentialAction\":[{\"@type\":\"ReadAction\",\"target\":[\"https:\/\/dev6.erresse-shop.it\/es\/shop\/sartenes-y-ollas\/parrillas\/le-creuset-sarten-skillet-cuadrada-grill-de-hierro-fundido-2626-cm-caribe\/\"]}]},{\"@type\":\"ImageObject\",\"inLanguage\":\"es\",\"@id\":\"https:\/\/dev6.erresse-shop.it\/es\/shop\/sartenes-y-ollas\/parrillas\/le-creuset-sarten-skillet-cuadrada-grill-de-hierro-fundido-2626-cm-caribe\/#primaryimage\",\"url\":\"https:\/\/i1.wp.com\/interpim.erresse-shop.it\/Import\/Prodotti\/le-creuset-bistecchiera-skillet-quadrata-evolution-26x26-cm-blu-caribe.png?ssl=1\",\"contentUrl\":\"https:\/\/i1.wp.com\/interpim.erresse-shop.it\/Import\/Prodotti\/le-creuset-bistecchiera-skillet-quadrata-evolution-26x26-cm-blu-caribe.png?ssl=1\"},{\"@type\":\"BreadcrumbList\",\"@id\":\"https:\/\/dev6.erresse-shop.it\/es\/shop\/sartenes-y-ollas\/parrillas\/le-creuset-sarten-skillet-cuadrada-grill-de-hierro-fundido-2626-cm-caribe\/#breadcrumb\",\"itemListElement\":[{\"@type\":\"ListItem\",\"position\":1,\"name\":\"Home\",\"item\":\"https:\/\/dev6.erresse-shop.it\/\"},{\"@type\":\"ListItem\",\"position\":2,\"name\":\"Tienda\",\"item\":\"https:\/\/dev6.erresse-shop.it\/shop\/\"},{\"@type\":\"ListItem\",\"position\":3,\"name\":\"LE CREUSET Sart\u00e9n skillet cuadrada grill de hierro fundido 26&#215;26 cm Caribe\"}]},{\"@type\":\"WebSite\",\"@id\":\"https:\/\/dev6.erresse-shop.it\/#website\",\"url\":\"https:\/\/dev6.erresse-shop.it\/\",\"name\":\"Erresse Shop\",\"description\":\"\",\"publisher\":{\"@id\":\"https:\/\/dev6.erresse-shop.it\/#organization\"},\"potentialAction\":[{\"@type\":\"SearchAction\",\"target\":{\"@type\":\"EntryPoint\",\"urlTemplate\":\"https:\/\/dev6.erresse-shop.it\/?s={search_term_string}\"},\"query-input\":{\"@type\":\"PropertyValueSpecification\",\"valueRequired\":true,\"valueName\":\"search_term_string\"}}],\"inLanguage\":\"es\"},{\"@type\":\"Organization\",\"@id\":\"https:\/\/dev6.erresse-shop.it\/#organization\",\"name\":\"Erresse Shop\",\"url\":\"https:\/\/dev6.erresse-shop.it\/\",\"logo\":{\"@type\":\"ImageObject\",\"inLanguage\":\"es\",\"@id\":\"https:\/\/dev6.erresse-shop.it\/#\/schema\/logo\/image\/\",\"url\":\"https:\/\/dev6.erresse-shop.it\/wp-content\/uploads\/2025\/01\/LOGO-ERRESSE-CLASSICO.svg\",\"contentUrl\":\"https:\/\/dev6.erresse-shop.it\/wp-content\/uploads\/2025\/01\/LOGO-ERRESSE-CLASSICO.svg\",\"caption\":\"Erresse Shop\"},\"image\":{\"@id\":\"https:\/\/dev6.erresse-shop.it\/#\/schema\/logo\/image\/\"}}]}<\/script>\n<!-- \/ Yoast SEO plugin. -->","yoast_head_json":{"title":"LE CREUSET Sart\u00e9n skillet cuadrada grill de hierro fundido 26&#215;26 cm Caribe - dev6 Erresse","description":"Menos grasa. Todo el sabor. Sella los alimentos r\u00e1pidamente para conservar todos sus jugos y sabores con nuestra distintiva parrilla de hierro fundido. Es","robots":{"index":"noindex","follow":"follow","max-snippet":"max-snippet:-1","max-image-preview":"max-image-preview:large","max-video-preview":"max-video-preview:-1"},"og_locale":"es_ES","og_type":"article","og_title":"LE CREUSET Sart\u00e9n skillet cuadrada grill de hierro fundido 26&#215;26 cm Caribe - dev6 Erresse","og_description":"Menos grasa. Todo el sabor. Sella los alimentos r\u00e1pidamente para conservar todos sus jugos y sabores con nuestra distintiva parrilla de hierro fundido. Es","og_url":"https:\/\/dev6.erresse-shop.it\/es\/shop\/sartenes-y-ollas\/parrillas\/le-creuset-sarten-skillet-cuadrada-grill-de-hierro-fundido-2626-cm-caribe\/","og_site_name":"dev6 Erresse","og_image":[{"url":"https:\/\/interpim.erresse-shop.it\/Import\/Prodotti\/le-creuset-bistecchiera-skillet-quadrata-evolution-26x26-cm-blu-caribe.png","type":"","width":"","height":""},{"url":"https:\/\/interpim.erresse-shop.it\/Import\/Prodotti\/le-creuset-bistecchiera-skillet-quadrata-evolution-26x26-cm-blu-caribe.png","width":1024,"height":1024,"type":"image\/jpeg"}],"twitter_card":"summary_large_image","twitter_image":"https:\/\/interpim.erresse-shop.it\/Import\/Prodotti\/le-creuset-bistecchiera-skillet-quadrata-evolution-26x26-cm-blu-caribe.png","schema":{"@context":"https:\/\/schema.org","@graph":[{"@type":"WebPage","@id":"https:\/\/dev6.erresse-shop.it\/es\/shop\/sartenes-y-ollas\/parrillas\/le-creuset-sarten-skillet-cuadrada-grill-de-hierro-fundido-2626-cm-caribe\/","url":"https:\/\/dev6.erresse-shop.it\/es\/shop\/sartenes-y-ollas\/parrillas\/le-creuset-sarten-skillet-cuadrada-grill-de-hierro-fundido-2626-cm-caribe\/","name":"LE CREUSET Sart\u00e9n skillet cuadrada grill de hierro fundido 26&#215;26 cm Caribe - dev6 Erresse","isPartOf":{"@id":"https:\/\/dev6.erresse-shop.it\/#website"},"primaryImageOfPage":{"@id":"https:\/\/dev6.erresse-shop.it\/es\/shop\/sartenes-y-ollas\/parrillas\/le-creuset-sarten-skillet-cuadrada-grill-de-hierro-fundido-2626-cm-caribe\/#primaryimage"},"image":{"@id":"https:\/\/dev6.erresse-shop.it\/es\/shop\/sartenes-y-ollas\/parrillas\/le-creuset-sarten-skillet-cuadrada-grill-de-hierro-fundido-2626-cm-caribe\/#primaryimage"},"thumbnailUrl":"https:\/\/i1.wp.com\/interpim.erresse-shop.it\/Import\/Prodotti\/le-creuset-bistecchiera-skillet-quadrata-evolution-26x26-cm-blu-caribe.png?ssl=1","datePublished":"2026-04-04T06:19:43+00:00","description":"Menos grasa. Todo el sabor. Sella los alimentos r\u00e1pidamente para conservar todos sus jugos y sabores con nuestra distintiva parrilla de hierro fundido. Es","breadcrumb":{"@id":"https:\/\/dev6.erresse-shop.it\/es\/shop\/sartenes-y-ollas\/parrillas\/le-creuset-sarten-skillet-cuadrada-grill-de-hierro-fundido-2626-cm-caribe\/#breadcrumb"},"inLanguage":"es","potentialAction":[{"@type":"ReadAction","target":["https:\/\/dev6.erresse-shop.it\/es\/shop\/sartenes-y-ollas\/parrillas\/le-creuset-sarten-skillet-cuadrada-grill-de-hierro-fundido-2626-cm-caribe\/"]}]},{"@type":"ImageObject","inLanguage":"es","@id":"https:\/\/dev6.erresse-shop.it\/es\/shop\/sartenes-y-ollas\/parrillas\/le-creuset-sarten-skillet-cuadrada-grill-de-hierro-fundido-2626-cm-caribe\/#primaryimage","url":"https:\/\/i1.wp.com\/interpim.erresse-shop.it\/Import\/Prodotti\/le-creuset-bistecchiera-skillet-quadrata-evolution-26x26-cm-blu-caribe.png?ssl=1","contentUrl":"https:\/\/i1.wp.com\/interpim.erresse-shop.it\/Import\/Prodotti\/le-creuset-bistecchiera-skillet-quadrata-evolution-26x26-cm-blu-caribe.png?ssl=1"},{"@type":"BreadcrumbList","@id":"https:\/\/dev6.erresse-shop.it\/es\/shop\/sartenes-y-ollas\/parrillas\/le-creuset-sarten-skillet-cuadrada-grill-de-hierro-fundido-2626-cm-caribe\/#breadcrumb","itemListElement":[{"@type":"ListItem","position":1,"name":"Home","item":"https:\/\/dev6.erresse-shop.it\/"},{"@type":"ListItem","position":2,"name":"Tienda","item":"https:\/\/dev6.erresse-shop.it\/shop\/"},{"@type":"ListItem","position":3,"name":"LE CREUSET Sart\u00e9n skillet cuadrada grill de hierro fundido 26&#215;26 cm Caribe"}]},{"@type":"WebSite","@id":"https:\/\/dev6.erresse-shop.it\/#website","url":"https:\/\/dev6.erresse-shop.it\/","name":"Erresse Shop","description":"","publisher":{"@id":"https:\/\/dev6.erresse-shop.it\/#organization"},"potentialAction":[{"@type":"SearchAction","target":{"@type":"EntryPoint","urlTemplate":"https:\/\/dev6.erresse-shop.it\/?s={search_term_string}"},"query-input":{"@type":"PropertyValueSpecification","valueRequired":true,"valueName":"search_term_string"}}],"inLanguage":"es"},{"@type":"Organization","@id":"https:\/\/dev6.erresse-shop.it\/#organization","name":"Erresse Shop","url":"https:\/\/dev6.erresse-shop.it\/","logo":{"@type":"ImageObject","inLanguage":"es","@id":"https:\/\/dev6.erresse-shop.it\/#\/schema\/logo\/image\/","url":"https:\/\/dev6.erresse-shop.it\/wp-content\/uploads\/2025\/01\/LOGO-ERRESSE-CLASSICO.svg","contentUrl":"https:\/\/dev6.erresse-shop.it\/wp-content\/uploads\/2025\/01\/LOGO-ERRESSE-CLASSICO.svg","caption":"Erresse Shop"},"image":{"@id":"https:\/\/dev6.erresse-shop.it\/#\/schema\/logo\/image\/"}}]}},"df_price":154.9,"df_sale_price":154.9,"df_regular_price":185,"df_image_link":"https:\/\/i1.wp.com\/interpim.erresse-shop.it\/Import\/Prodotti\/le-creuset-bistecchiera-skillet-quadrata-evolution-26x26-cm-blu-caribe.png?resize=300,300&ssl=1","fifu_image_url":"https:\/\/interpim.erresse-shop.it\/Import\/Prodotti\/le-creuset-bistecchiera-skillet-quadrata-evolution-26x26-cm-blu-caribe.png","_links":{"self":[{"href":"https:\/\/dev6.erresse-shop.it\/es\/wp-json\/wp\/v2\/product\/1876618","targetHints":{"allow":["GET"]}}],"collection":[{"href":"https:\/\/dev6.erresse-shop.it\/es\/wp-json\/wp\/v2\/product"}],"about":[{"href":"https:\/\/dev6.erresse-shop.it\/es\/wp-json\/wp\/v2\/types\/product"}],"wp:featuredmedia":[{"embeddable":true,"href":"https:\/\/dev6.erresse-shop.it\/es\/wp-json\/wp\/v2\/media\/6263716"}],"wp:attachment":[{"href":"https:\/\/dev6.erresse-shop.it\/es\/wp-json\/wp\/v2\/media?parent=1876618"}],"wp:term":[{"taxonomy":"product_cat","embeddable":true,"href":"https:\/\/dev6.erresse-shop.it\/es\/wp-json\/wp\/v2\/product_cat?post=1876618"},{"taxonomy":"product_tag","embeddable":true,"href":"https:\/\/dev6.erresse-shop.it\/es\/wp-json\/wp\/v2\/product_tag?post=1876618"}],"curies":[{"name":"wp","href":"https:\/\/api.w.org\/{rel}","templated":true}]}}