{"id":1876594,"date":"2026-04-16T18:54:41","date_gmt":"2026-04-16T16:54:41","guid":{"rendered":"https:\/\/dev6.erresse-shop.it\/shop\/sin%20categor\u00eda\/marcato-maquina-de-pasta-fresca\/"},"modified":"2025-09-14T07:38:28","modified_gmt":"2025-09-14T05:38:28","slug":"marcato-maquina-de-pasta-fresca","status":"publish","type":"product","link":"https:\/\/dev6.erresse-shop.it\/es\/shop\/cocina\/maquinas-de-pasta\/marcato-maquina-de-pasta-fresca\/","title":{"rendered":"MARCATO M\u00e1quina de Pasta Fresca"},"content":{"rendered":"<p>Amasa pan, pizza y pasta en 3 minutos. La \u00fanica batidora que amasa como si fuera a mano.<br \/>\nAmasa hasta 750 g. Libro de recetas incluido.<br \/>\nConector de bayoneta compatible con los accesorios de pasta fresca.<\/p>\n<p>R\u00e1pido, compacto y multifuncional. Pasta Fresca es la extraordinaria batidora de Marcato dise\u00f1ada para hacer la masa perfecta para pasta, pan y pizza en casa. En s\u00f3lo 3 minutos, Pasta Fresca puede amasar 500 g de harina (750 g de masa total despu\u00e9s de a\u00f1adir todos los ingredientes) con el mismo resultado que se obtendr\u00eda a mano: una masa compacta, el\u00e1stica y homog\u00e9nea. La versatilidad de Pasta Fresca es excepcional, gracias a la conexi\u00f3n de bayoneta compatible con los accesorios Marcato para pasta fresca incluidos en el paquete. El pr\u00e1ctico manual de instrucciones y el libro de recetas para pasta, pan, pizza y galletas est\u00e1n incluidos en el paquete. Pasta Fresca es un producto original de Marcato, fabricado \u00edntegramente en Italia. Desde 1930, los productos Marcato est\u00e1n presentes en las cocinas de todos aquellos que han redescubierto el placer de una alimentaci\u00f3n sana y genuina. Un aut\u00e9ntico producto \u201cMade in Italy\u201d que destaca por el estilo de su dise\u00f1o, la calidad de sus detalles y su durabilidad.<\/p>\n<p>Contenido del paquete:<\/p>\n<p>AE-150-FET: accesorio para fettuccine<br \/>\nAE-150-TAG: accesorio para fideos<br \/>\nAE-150-SFO: accesorio de pasteler\u00eda<br \/>\nBatidora de pasta; Cable de alimentaci\u00f3n; Manual con libro de recetas<\/p>\n<p>No disponible fuera de Europa<\/p>\n","protected":false},"excerpt":{"rendered":"<p>Amasa pan, pizza y pasta en 3 minutos. La \u00fanica batidora que amasa como si fuera a mano. Amasa hasta 750 g. Libro de recetas incluido. Conector de bayoneta compatible con los accesorios de pasta fresca. R\u00e1pido, compacto y multifuncional. Pasta Fresca es la extraordinaria batidora de Marcato dise\u00f1ada para hacer la masa perfecta para [&hellip;]<\/p>\n","protected":false},"featured_media":6485838,"template":"","meta":{"_acf_changed":false},"product_cat":[11884,11668,11944],"product_tag":[],"class_list":{"0":"post-1876594","1":"product","2":"type-product","3":"status-publish","4":"has-post-thumbnail","6":"product_cat-cocina","7":"product_cat-cucina","8":"product_cat-maquinas-de-pasta","10":"first","11":"outofstock","12":"sale","13":"taxable","14":"shipping-taxable","15":"purchasable","16":"product-type-simple","swatches":"rey-swatches","show_selected":"","stretch_labels":"rey-swatches--stretch-labels"},"acf":[],"yoast_head":"<!-- This site is optimized with the Yoast SEO plugin v25.4 - https:\/\/yoast.com\/wordpress\/plugins\/seo\/ -->\n<title>MARCATO M\u00e1quina de Pasta Fresca - dev6 Erresse<\/title>\n<meta name=\"description\" content=\"Amasa pan, pizza y pasta en 3 minutos. La \u00fanica batidora que amasa como si fuera a mano. Amasa hasta 750 g. Libro de recetas incluido. Conector de\" \/>\n<meta name=\"robots\" content=\"noindex, follow, max-snippet:-1, max-image-preview:large, max-video-preview:-1\" \/>\n<meta property=\"og:locale\" content=\"es_ES\" \/>\n<meta property=\"og:type\" content=\"article\" \/>\n<meta property=\"og:title\" content=\"MARCATO M\u00e1quina de Pasta Fresca - dev6 Erresse\" \/>\n<meta property=\"og:description\" content=\"Amasa pan, pizza y pasta en 3 minutos. La \u00fanica batidora que amasa como si fuera a mano. Amasa hasta 750 g. Libro de recetas incluido. Conector de\" \/>\n<meta property=\"og:url\" content=\"https:\/\/dev6.erresse-shop.it\/es\/shop\/cocina\/maquinas-de-pasta\/marcato-maquina-de-pasta-fresca\/\" \/>\n<meta property=\"og:site_name\" content=\"dev6 Erresse\" \/>\n<meta property=\"og:image\" content=\"https:\/\/interpim.erresse-shop.it\/Import\/Prodotti\/marcato-macchina-per-pasta-elettrica.jpg\" \/><meta property=\"og:image\" content=\"https:\/\/interpim.erresse-shop.it\/Import\/Prodotti\/marcato-macchina-per-pasta-elettrica.jpg\" \/>\n\t<meta property=\"og:image:width\" content=\"1024\" \/>\n\t<meta property=\"og:image:height\" content=\"1024\" \/>\n\t<meta property=\"og:image:type\" content=\"image\/jpeg\" \/>\n<meta name=\"twitter:card\" content=\"summary_large_image\" \/>\n<meta name=\"twitter:image\" content=\"https:\/\/interpim.erresse-shop.it\/Import\/Prodotti\/marcato-macchina-per-pasta-elettrica.jpg\" \/>\n<script type=\"application\/ld+json\" class=\"yoast-schema-graph\">{\"@context\":\"https:\/\/schema.org\",\"@graph\":[{\"@type\":\"WebPage\",\"@id\":\"https:\/\/dev6.erresse-shop.it\/es\/shop\/cocina\/maquinas-de-pasta\/marcato-maquina-de-pasta-fresca\/\",\"url\":\"https:\/\/dev6.erresse-shop.it\/es\/shop\/cocina\/maquinas-de-pasta\/marcato-maquina-de-pasta-fresca\/\",\"name\":\"MARCATO M\u00e1quina de Pasta Fresca - dev6 Erresse\",\"isPartOf\":{\"@id\":\"https:\/\/dev6.erresse-shop.it\/#website\"},\"primaryImageOfPage\":{\"@id\":\"https:\/\/dev6.erresse-shop.it\/es\/shop\/cocina\/maquinas-de-pasta\/marcato-maquina-de-pasta-fresca\/#primaryimage\"},\"image\":{\"@id\":\"https:\/\/dev6.erresse-shop.it\/es\/shop\/cocina\/maquinas-de-pasta\/marcato-maquina-de-pasta-fresca\/#primaryimage\"},\"thumbnailUrl\":\"https:\/\/i0.wp.com\/interpim.erresse-shop.it\/Import\/Prodotti\/marcato-macchina-per-pasta-elettrica.jpg?ssl=1\",\"datePublished\":\"2026-04-16T16:54:41+00:00\",\"description\":\"Amasa pan, pizza y pasta en 3 minutos. La \u00fanica batidora que amasa como si fuera a mano. Amasa hasta 750 g. Libro de recetas incluido. Conector de\",\"breadcrumb\":{\"@id\":\"https:\/\/dev6.erresse-shop.it\/es\/shop\/cocina\/maquinas-de-pasta\/marcato-maquina-de-pasta-fresca\/#breadcrumb\"},\"inLanguage\":\"es\",\"potentialAction\":[{\"@type\":\"ReadAction\",\"target\":[\"https:\/\/dev6.erresse-shop.it\/es\/shop\/cocina\/maquinas-de-pasta\/marcato-maquina-de-pasta-fresca\/\"]}]},{\"@type\":\"ImageObject\",\"inLanguage\":\"es\",\"@id\":\"https:\/\/dev6.erresse-shop.it\/es\/shop\/cocina\/maquinas-de-pasta\/marcato-maquina-de-pasta-fresca\/#primaryimage\",\"url\":\"https:\/\/i0.wp.com\/interpim.erresse-shop.it\/Import\/Prodotti\/marcato-macchina-per-pasta-elettrica.jpg?ssl=1\",\"contentUrl\":\"https:\/\/i0.wp.com\/interpim.erresse-shop.it\/Import\/Prodotti\/marcato-macchina-per-pasta-elettrica.jpg?ssl=1\"},{\"@type\":\"BreadcrumbList\",\"@id\":\"https:\/\/dev6.erresse-shop.it\/es\/shop\/cocina\/maquinas-de-pasta\/marcato-maquina-de-pasta-fresca\/#breadcrumb\",\"itemListElement\":[{\"@type\":\"ListItem\",\"position\":1,\"name\":\"Home\",\"item\":\"https:\/\/dev6.erresse-shop.it\/\"},{\"@type\":\"ListItem\",\"position\":2,\"name\":\"Tienda\",\"item\":\"https:\/\/dev6.erresse-shop.it\/shop\/\"},{\"@type\":\"ListItem\",\"position\":3,\"name\":\"MARCATO M\u00e1quina de Pasta Fresca\"}]},{\"@type\":\"WebSite\",\"@id\":\"https:\/\/dev6.erresse-shop.it\/#website\",\"url\":\"https:\/\/dev6.erresse-shop.it\/\",\"name\":\"Erresse Shop\",\"description\":\"\",\"publisher\":{\"@id\":\"https:\/\/dev6.erresse-shop.it\/#organization\"},\"potentialAction\":[{\"@type\":\"SearchAction\",\"target\":{\"@type\":\"EntryPoint\",\"urlTemplate\":\"https:\/\/dev6.erresse-shop.it\/?s={search_term_string}\"},\"query-input\":{\"@type\":\"PropertyValueSpecification\",\"valueRequired\":true,\"valueName\":\"search_term_string\"}}],\"inLanguage\":\"es\"},{\"@type\":\"Organization\",\"@id\":\"https:\/\/dev6.erresse-shop.it\/#organization\",\"name\":\"Erresse Shop\",\"url\":\"https:\/\/dev6.erresse-shop.it\/\",\"logo\":{\"@type\":\"ImageObject\",\"inLanguage\":\"es\",\"@id\":\"https:\/\/dev6.erresse-shop.it\/#\/schema\/logo\/image\/\",\"url\":\"https:\/\/dev6.erresse-shop.it\/wp-content\/uploads\/2025\/01\/LOGO-ERRESSE-CLASSICO.svg\",\"contentUrl\":\"https:\/\/dev6.erresse-shop.it\/wp-content\/uploads\/2025\/01\/LOGO-ERRESSE-CLASSICO.svg\",\"caption\":\"Erresse Shop\"},\"image\":{\"@id\":\"https:\/\/dev6.erresse-shop.it\/#\/schema\/logo\/image\/\"}}]}<\/script>\n<!-- \/ Yoast SEO plugin. -->","yoast_head_json":{"title":"MARCATO M\u00e1quina de Pasta Fresca - dev6 Erresse","description":"Amasa pan, pizza y pasta en 3 minutos. La \u00fanica batidora que amasa como si fuera a mano. Amasa hasta 750 g. Libro de recetas incluido. Conector de","robots":{"index":"noindex","follow":"follow","max-snippet":"max-snippet:-1","max-image-preview":"max-image-preview:large","max-video-preview":"max-video-preview:-1"},"og_locale":"es_ES","og_type":"article","og_title":"MARCATO M\u00e1quina de Pasta Fresca - dev6 Erresse","og_description":"Amasa pan, pizza y pasta en 3 minutos. La \u00fanica batidora que amasa como si fuera a mano. Amasa hasta 750 g. Libro de recetas incluido. Conector de","og_url":"https:\/\/dev6.erresse-shop.it\/es\/shop\/cocina\/maquinas-de-pasta\/marcato-maquina-de-pasta-fresca\/","og_site_name":"dev6 Erresse","og_image":[{"url":"https:\/\/interpim.erresse-shop.it\/Import\/Prodotti\/marcato-macchina-per-pasta-elettrica.jpg","type":"","width":"","height":""},{"url":"https:\/\/interpim.erresse-shop.it\/Import\/Prodotti\/marcato-macchina-per-pasta-elettrica.jpg","width":1024,"height":1024,"type":"image\/jpeg"}],"twitter_card":"summary_large_image","twitter_image":"https:\/\/interpim.erresse-shop.it\/Import\/Prodotti\/marcato-macchina-per-pasta-elettrica.jpg","schema":{"@context":"https:\/\/schema.org","@graph":[{"@type":"WebPage","@id":"https:\/\/dev6.erresse-shop.it\/es\/shop\/cocina\/maquinas-de-pasta\/marcato-maquina-de-pasta-fresca\/","url":"https:\/\/dev6.erresse-shop.it\/es\/shop\/cocina\/maquinas-de-pasta\/marcato-maquina-de-pasta-fresca\/","name":"MARCATO M\u00e1quina de Pasta Fresca - dev6 Erresse","isPartOf":{"@id":"https:\/\/dev6.erresse-shop.it\/#website"},"primaryImageOfPage":{"@id":"https:\/\/dev6.erresse-shop.it\/es\/shop\/cocina\/maquinas-de-pasta\/marcato-maquina-de-pasta-fresca\/#primaryimage"},"image":{"@id":"https:\/\/dev6.erresse-shop.it\/es\/shop\/cocina\/maquinas-de-pasta\/marcato-maquina-de-pasta-fresca\/#primaryimage"},"thumbnailUrl":"https:\/\/i0.wp.com\/interpim.erresse-shop.it\/Import\/Prodotti\/marcato-macchina-per-pasta-elettrica.jpg?ssl=1","datePublished":"2026-04-16T16:54:41+00:00","description":"Amasa pan, pizza y pasta en 3 minutos. La \u00fanica batidora que amasa como si fuera a mano. Amasa hasta 750 g. Libro de recetas incluido. Conector de","breadcrumb":{"@id":"https:\/\/dev6.erresse-shop.it\/es\/shop\/cocina\/maquinas-de-pasta\/marcato-maquina-de-pasta-fresca\/#breadcrumb"},"inLanguage":"es","potentialAction":[{"@type":"ReadAction","target":["https:\/\/dev6.erresse-shop.it\/es\/shop\/cocina\/maquinas-de-pasta\/marcato-maquina-de-pasta-fresca\/"]}]},{"@type":"ImageObject","inLanguage":"es","@id":"https:\/\/dev6.erresse-shop.it\/es\/shop\/cocina\/maquinas-de-pasta\/marcato-maquina-de-pasta-fresca\/#primaryimage","url":"https:\/\/i0.wp.com\/interpim.erresse-shop.it\/Import\/Prodotti\/marcato-macchina-per-pasta-elettrica.jpg?ssl=1","contentUrl":"https:\/\/i0.wp.com\/interpim.erresse-shop.it\/Import\/Prodotti\/marcato-macchina-per-pasta-elettrica.jpg?ssl=1"},{"@type":"BreadcrumbList","@id":"https:\/\/dev6.erresse-shop.it\/es\/shop\/cocina\/maquinas-de-pasta\/marcato-maquina-de-pasta-fresca\/#breadcrumb","itemListElement":[{"@type":"ListItem","position":1,"name":"Home","item":"https:\/\/dev6.erresse-shop.it\/"},{"@type":"ListItem","position":2,"name":"Tienda","item":"https:\/\/dev6.erresse-shop.it\/shop\/"},{"@type":"ListItem","position":3,"name":"MARCATO M\u00e1quina de Pasta Fresca"}]},{"@type":"WebSite","@id":"https:\/\/dev6.erresse-shop.it\/#website","url":"https:\/\/dev6.erresse-shop.it\/","name":"Erresse Shop","description":"","publisher":{"@id":"https:\/\/dev6.erresse-shop.it\/#organization"},"potentialAction":[{"@type":"SearchAction","target":{"@type":"EntryPoint","urlTemplate":"https:\/\/dev6.erresse-shop.it\/?s={search_term_string}"},"query-input":{"@type":"PropertyValueSpecification","valueRequired":true,"valueName":"search_term_string"}}],"inLanguage":"es"},{"@type":"Organization","@id":"https:\/\/dev6.erresse-shop.it\/#organization","name":"Erresse Shop","url":"https:\/\/dev6.erresse-shop.it\/","logo":{"@type":"ImageObject","inLanguage":"es","@id":"https:\/\/dev6.erresse-shop.it\/#\/schema\/logo\/image\/","url":"https:\/\/dev6.erresse-shop.it\/wp-content\/uploads\/2025\/01\/LOGO-ERRESSE-CLASSICO.svg","contentUrl":"https:\/\/dev6.erresse-shop.it\/wp-content\/uploads\/2025\/01\/LOGO-ERRESSE-CLASSICO.svg","caption":"Erresse Shop"},"image":{"@id":"https:\/\/dev6.erresse-shop.it\/#\/schema\/logo\/image\/"}}]}},"df_price":299.95,"df_sale_price":299.95,"df_regular_price":492.9,"df_image_link":"https:\/\/i0.wp.com\/interpim.erresse-shop.it\/Import\/Prodotti\/marcato-macchina-per-pasta-elettrica.jpg?resize=300,300&ssl=1","fifu_image_url":"https:\/\/interpim.erresse-shop.it\/Import\/Prodotti\/marcato-macchina-per-pasta-elettrica.jpg","_links":{"self":[{"href":"https:\/\/dev6.erresse-shop.it\/es\/wp-json\/wp\/v2\/product\/1876594","targetHints":{"allow":["GET"]}}],"collection":[{"href":"https:\/\/dev6.erresse-shop.it\/es\/wp-json\/wp\/v2\/product"}],"about":[{"href":"https:\/\/dev6.erresse-shop.it\/es\/wp-json\/wp\/v2\/types\/product"}],"wp:featuredmedia":[{"embeddable":true,"href":"https:\/\/dev6.erresse-shop.it\/es\/wp-json\/wp\/v2\/media\/6485838"}],"wp:attachment":[{"href":"https:\/\/dev6.erresse-shop.it\/es\/wp-json\/wp\/v2\/media?parent=1876594"}],"wp:term":[{"taxonomy":"product_cat","embeddable":true,"href":"https:\/\/dev6.erresse-shop.it\/es\/wp-json\/wp\/v2\/product_cat?post=1876594"},{"taxonomy":"product_tag","embeddable":true,"href":"https:\/\/dev6.erresse-shop.it\/es\/wp-json\/wp\/v2\/product_tag?post=1876594"}],"curies":[{"name":"wp","href":"https:\/\/api.w.org\/{rel}","templated":true}]}}