{"id":1876574,"date":"2026-04-29T09:02:53","date_gmt":"2026-04-29T07:02:53","guid":{"rendered":"https:\/\/dev6.erresse-shop.it\/shop\/sin%20categor\u00eda\/lagostina-set-24-piezas-sfiziosa\/"},"modified":"2025-09-14T07:38:12","modified_gmt":"2025-09-14T05:38:12","slug":"lagostina-set-24-piezas-sfiziosa","status":"publish","type":"product","link":"https:\/\/dev6.erresse-shop.it\/es\/shop\/sartenes-y-ollas\/juegos-de-ollas\/lagostina-set-24-piezas-sfiziosa\/","title":{"rendered":"LAGOSTINA Set 24 Piezas Sfiziosa"},"content":{"rendered":"<p>La nueva l\u00ednea SFIZIOSA es una combinaci\u00f3n de elegancia y funcionalidad. El pulido espejo en el exterior y el acabado satinado en el interior aportan refinamiento, garantizando al mismo tiempo la m\u00e1xima higiene y una incre\u00edble facilidad de limpieza. Los mangos de dise\u00f1o profesional, grandes y perfectamente ergon\u00f3micos, son sin\u00f3nimo de funcionalidad y facilidad de uso. Todos los elementos de la l\u00ednea, fabricados en acero inoxidable 18\/10, garantizan altas prestaciones en t\u00e9rminos de cocci\u00f3n y durabilidad. La base encapsulada LAGOSEAL\u00ae PLUS de tres capas (acero \u2013 aluminio-acero) es apta para cualquier encimera y favorece una perfecta difusi\u00f3n del calor, reduciendo al m\u00ednimo el riesgo de que los alimentos se peguen.<\/p>\n<p>La bater\u00eda de 24 piezas incluye:<br \/>\nOlla con 2 asas \u00d8 18 \u2013 22 \u2013 24 cm<br \/>\nCacerola honda con 2 asas \u00d8 18-22-26 cm<br \/>\nCacerola baja con 2 asas \u00d8 24 cm<br \/>\nCacerola honda con mango largo \u00d8 14 cm<br \/>\nCaldera de leche \u00d8 12 cm<br \/>\nTapa \u00d8 14-18(2)-22(2)-24(2)-26 cm<br \/>\nCuchar\u00f3n<br \/>\nPaleta<br \/>\ntomar espaguetis<br \/>\nCuchara<br \/>\nTenedor<br \/>\nDesnatadora<br \/>\nMachucador<\/p>\n","protected":false},"excerpt":{"rendered":"<p>La nueva l\u00ednea SFIZIOSA es una combinaci\u00f3n de elegancia y funcionalidad. El pulido espejo en el exterior y el acabado satinado en el interior aportan refinamiento, garantizando al mismo tiempo la m\u00e1xima higiene y una incre\u00edble facilidad de limpieza. Los mangos de dise\u00f1o profesional, grandes y perfectamente ergon\u00f3micos, son sin\u00f3nimo de funcionalidad y facilidad de [&hellip;]<\/p>\n","protected":false},"featured_media":6952603,"template":"","meta":{"_acf_changed":false},"product_cat":[11916,11667,11883],"product_tag":[],"class_list":{"0":"post-1876574","1":"product","2":"type-product","3":"status-publish","4":"has-post-thumbnail","6":"product_cat-juegos-de-ollas","7":"product_cat-padelle-pentole","8":"product_cat-sartenes-y-ollas","10":"first","11":"outofstock","12":"sale","13":"taxable","14":"shipping-taxable","15":"purchasable","16":"product-type-simple","swatches":"rey-swatches","show_selected":"","stretch_labels":"rey-swatches--stretch-labels"},"acf":[],"yoast_head":"<!-- This site is optimized with the Yoast SEO plugin v25.4 - https:\/\/yoast.com\/wordpress\/plugins\/seo\/ -->\n<title>LAGOSTINA Set 24 Piezas Sfiziosa - dev6 Erresse<\/title>\n<meta name=\"description\" content=\"La nueva l\u00ednea SFIZIOSA es una combinaci\u00f3n de elegancia y funcionalidad. El pulido espejo en el exterior y el acabado satinado en el interior aportan\" \/>\n<meta name=\"robots\" content=\"noindex, follow, max-snippet:-1, max-image-preview:large, max-video-preview:-1\" \/>\n<meta property=\"og:locale\" content=\"es_ES\" \/>\n<meta property=\"og:type\" content=\"article\" \/>\n<meta property=\"og:title\" content=\"LAGOSTINA Set 24 Piezas Sfiziosa - dev6 Erresse\" \/>\n<meta property=\"og:description\" content=\"La nueva l\u00ednea SFIZIOSA es una combinaci\u00f3n de elegancia y funcionalidad. El pulido espejo en el exterior y el acabado satinado en el interior aportan\" \/>\n<meta property=\"og:url\" content=\"https:\/\/dev6.erresse-shop.it\/es\/shop\/sartenes-y-ollas\/juegos-de-ollas\/lagostina-set-24-piezas-sfiziosa\/\" \/>\n<meta property=\"og:site_name\" content=\"dev6 Erresse\" \/>\n<meta property=\"og:image\" content=\"https:\/\/interpim.erresse-shop.it\/Import\/Prodotti\/0008_grancucina_groupage_24_pezzi.jpg\" \/><meta property=\"og:image\" content=\"https:\/\/interpim.erresse-shop.it\/Import\/Prodotti\/0008_grancucina_groupage_24_pezzi.jpg\" \/>\n\t<meta property=\"og:image:width\" content=\"1024\" \/>\n\t<meta property=\"og:image:height\" content=\"1024\" \/>\n\t<meta property=\"og:image:type\" content=\"image\/jpeg\" \/>\n<meta name=\"twitter:card\" content=\"summary_large_image\" \/>\n<meta name=\"twitter:image\" content=\"https:\/\/interpim.erresse-shop.it\/Import\/Prodotti\/0008_grancucina_groupage_24_pezzi.jpg\" \/>\n<script type=\"application\/ld+json\" class=\"yoast-schema-graph\">{\"@context\":\"https:\/\/schema.org\",\"@graph\":[{\"@type\":\"WebPage\",\"@id\":\"https:\/\/dev6.erresse-shop.it\/es\/shop\/sartenes-y-ollas\/juegos-de-ollas\/lagostina-set-24-piezas-sfiziosa\/\",\"url\":\"https:\/\/dev6.erresse-shop.it\/es\/shop\/sartenes-y-ollas\/juegos-de-ollas\/lagostina-set-24-piezas-sfiziosa\/\",\"name\":\"LAGOSTINA Set 24 Piezas Sfiziosa - dev6 Erresse\",\"isPartOf\":{\"@id\":\"https:\/\/dev6.erresse-shop.it\/#website\"},\"primaryImageOfPage\":{\"@id\":\"https:\/\/dev6.erresse-shop.it\/es\/shop\/sartenes-y-ollas\/juegos-de-ollas\/lagostina-set-24-piezas-sfiziosa\/#primaryimage\"},\"image\":{\"@id\":\"https:\/\/dev6.erresse-shop.it\/es\/shop\/sartenes-y-ollas\/juegos-de-ollas\/lagostina-set-24-piezas-sfiziosa\/#primaryimage\"},\"thumbnailUrl\":\"https:\/\/i1.wp.com\/interpim.erresse-shop.it\/Import\/Prodotti\/0008_grancucina_groupage_24_pezzi.jpg?ssl=1\",\"datePublished\":\"2026-04-29T07:02:53+00:00\",\"description\":\"La nueva l\u00ednea SFIZIOSA es una combinaci\u00f3n de elegancia y funcionalidad. El pulido espejo en el exterior y el acabado satinado en el interior aportan\",\"breadcrumb\":{\"@id\":\"https:\/\/dev6.erresse-shop.it\/es\/shop\/sartenes-y-ollas\/juegos-de-ollas\/lagostina-set-24-piezas-sfiziosa\/#breadcrumb\"},\"inLanguage\":\"es\",\"potentialAction\":[{\"@type\":\"ReadAction\",\"target\":[\"https:\/\/dev6.erresse-shop.it\/es\/shop\/sartenes-y-ollas\/juegos-de-ollas\/lagostina-set-24-piezas-sfiziosa\/\"]}]},{\"@type\":\"ImageObject\",\"inLanguage\":\"es\",\"@id\":\"https:\/\/dev6.erresse-shop.it\/es\/shop\/sartenes-y-ollas\/juegos-de-ollas\/lagostina-set-24-piezas-sfiziosa\/#primaryimage\",\"url\":\"https:\/\/i1.wp.com\/interpim.erresse-shop.it\/Import\/Prodotti\/0008_grancucina_groupage_24_pezzi.jpg?ssl=1\",\"contentUrl\":\"https:\/\/i1.wp.com\/interpim.erresse-shop.it\/Import\/Prodotti\/0008_grancucina_groupage_24_pezzi.jpg?ssl=1\"},{\"@type\":\"BreadcrumbList\",\"@id\":\"https:\/\/dev6.erresse-shop.it\/es\/shop\/sartenes-y-ollas\/juegos-de-ollas\/lagostina-set-24-piezas-sfiziosa\/#breadcrumb\",\"itemListElement\":[{\"@type\":\"ListItem\",\"position\":1,\"name\":\"Home\",\"item\":\"https:\/\/dev6.erresse-shop.it\/\"},{\"@type\":\"ListItem\",\"position\":2,\"name\":\"Tienda\",\"item\":\"https:\/\/dev6.erresse-shop.it\/shop\/\"},{\"@type\":\"ListItem\",\"position\":3,\"name\":\"LAGOSTINA Set 24 Piezas Sfiziosa\"}]},{\"@type\":\"WebSite\",\"@id\":\"https:\/\/dev6.erresse-shop.it\/#website\",\"url\":\"https:\/\/dev6.erresse-shop.it\/\",\"name\":\"Erresse Shop\",\"description\":\"\",\"publisher\":{\"@id\":\"https:\/\/dev6.erresse-shop.it\/#organization\"},\"potentialAction\":[{\"@type\":\"SearchAction\",\"target\":{\"@type\":\"EntryPoint\",\"urlTemplate\":\"https:\/\/dev6.erresse-shop.it\/?s={search_term_string}\"},\"query-input\":{\"@type\":\"PropertyValueSpecification\",\"valueRequired\":true,\"valueName\":\"search_term_string\"}}],\"inLanguage\":\"es\"},{\"@type\":\"Organization\",\"@id\":\"https:\/\/dev6.erresse-shop.it\/#organization\",\"name\":\"Erresse Shop\",\"url\":\"https:\/\/dev6.erresse-shop.it\/\",\"logo\":{\"@type\":\"ImageObject\",\"inLanguage\":\"es\",\"@id\":\"https:\/\/dev6.erresse-shop.it\/#\/schema\/logo\/image\/\",\"url\":\"https:\/\/dev6.erresse-shop.it\/wp-content\/uploads\/2025\/01\/LOGO-ERRESSE-CLASSICO.svg\",\"contentUrl\":\"https:\/\/dev6.erresse-shop.it\/wp-content\/uploads\/2025\/01\/LOGO-ERRESSE-CLASSICO.svg\",\"caption\":\"Erresse Shop\"},\"image\":{\"@id\":\"https:\/\/dev6.erresse-shop.it\/#\/schema\/logo\/image\/\"}}]}<\/script>\n<!-- \/ Yoast SEO plugin. -->","yoast_head_json":{"title":"LAGOSTINA Set 24 Piezas Sfiziosa - dev6 Erresse","description":"La nueva l\u00ednea SFIZIOSA es una combinaci\u00f3n de elegancia y funcionalidad. El pulido espejo en el exterior y el acabado satinado en el interior aportan","robots":{"index":"noindex","follow":"follow","max-snippet":"max-snippet:-1","max-image-preview":"max-image-preview:large","max-video-preview":"max-video-preview:-1"},"og_locale":"es_ES","og_type":"article","og_title":"LAGOSTINA Set 24 Piezas Sfiziosa - dev6 Erresse","og_description":"La nueva l\u00ednea SFIZIOSA es una combinaci\u00f3n de elegancia y funcionalidad. El pulido espejo en el exterior y el acabado satinado en el interior aportan","og_url":"https:\/\/dev6.erresse-shop.it\/es\/shop\/sartenes-y-ollas\/juegos-de-ollas\/lagostina-set-24-piezas-sfiziosa\/","og_site_name":"dev6 Erresse","og_image":[{"url":"https:\/\/interpim.erresse-shop.it\/Import\/Prodotti\/0008_grancucina_groupage_24_pezzi.jpg","type":"","width":"","height":""},{"url":"https:\/\/interpim.erresse-shop.it\/Import\/Prodotti\/0008_grancucina_groupage_24_pezzi.jpg","width":1024,"height":1024,"type":"image\/jpeg"}],"twitter_card":"summary_large_image","twitter_image":"https:\/\/interpim.erresse-shop.it\/Import\/Prodotti\/0008_grancucina_groupage_24_pezzi.jpg","schema":{"@context":"https:\/\/schema.org","@graph":[{"@type":"WebPage","@id":"https:\/\/dev6.erresse-shop.it\/es\/shop\/sartenes-y-ollas\/juegos-de-ollas\/lagostina-set-24-piezas-sfiziosa\/","url":"https:\/\/dev6.erresse-shop.it\/es\/shop\/sartenes-y-ollas\/juegos-de-ollas\/lagostina-set-24-piezas-sfiziosa\/","name":"LAGOSTINA Set 24 Piezas Sfiziosa - dev6 Erresse","isPartOf":{"@id":"https:\/\/dev6.erresse-shop.it\/#website"},"primaryImageOfPage":{"@id":"https:\/\/dev6.erresse-shop.it\/es\/shop\/sartenes-y-ollas\/juegos-de-ollas\/lagostina-set-24-piezas-sfiziosa\/#primaryimage"},"image":{"@id":"https:\/\/dev6.erresse-shop.it\/es\/shop\/sartenes-y-ollas\/juegos-de-ollas\/lagostina-set-24-piezas-sfiziosa\/#primaryimage"},"thumbnailUrl":"https:\/\/i1.wp.com\/interpim.erresse-shop.it\/Import\/Prodotti\/0008_grancucina_groupage_24_pezzi.jpg?ssl=1","datePublished":"2026-04-29T07:02:53+00:00","description":"La nueva l\u00ednea SFIZIOSA es una combinaci\u00f3n de elegancia y funcionalidad. El pulido espejo en el exterior y el acabado satinado en el interior aportan","breadcrumb":{"@id":"https:\/\/dev6.erresse-shop.it\/es\/shop\/sartenes-y-ollas\/juegos-de-ollas\/lagostina-set-24-piezas-sfiziosa\/#breadcrumb"},"inLanguage":"es","potentialAction":[{"@type":"ReadAction","target":["https:\/\/dev6.erresse-shop.it\/es\/shop\/sartenes-y-ollas\/juegos-de-ollas\/lagostina-set-24-piezas-sfiziosa\/"]}]},{"@type":"ImageObject","inLanguage":"es","@id":"https:\/\/dev6.erresse-shop.it\/es\/shop\/sartenes-y-ollas\/juegos-de-ollas\/lagostina-set-24-piezas-sfiziosa\/#primaryimage","url":"https:\/\/i1.wp.com\/interpim.erresse-shop.it\/Import\/Prodotti\/0008_grancucina_groupage_24_pezzi.jpg?ssl=1","contentUrl":"https:\/\/i1.wp.com\/interpim.erresse-shop.it\/Import\/Prodotti\/0008_grancucina_groupage_24_pezzi.jpg?ssl=1"},{"@type":"BreadcrumbList","@id":"https:\/\/dev6.erresse-shop.it\/es\/shop\/sartenes-y-ollas\/juegos-de-ollas\/lagostina-set-24-piezas-sfiziosa\/#breadcrumb","itemListElement":[{"@type":"ListItem","position":1,"name":"Home","item":"https:\/\/dev6.erresse-shop.it\/"},{"@type":"ListItem","position":2,"name":"Tienda","item":"https:\/\/dev6.erresse-shop.it\/shop\/"},{"@type":"ListItem","position":3,"name":"LAGOSTINA Set 24 Piezas Sfiziosa"}]},{"@type":"WebSite","@id":"https:\/\/dev6.erresse-shop.it\/#website","url":"https:\/\/dev6.erresse-shop.it\/","name":"Erresse Shop","description":"","publisher":{"@id":"https:\/\/dev6.erresse-shop.it\/#organization"},"potentialAction":[{"@type":"SearchAction","target":{"@type":"EntryPoint","urlTemplate":"https:\/\/dev6.erresse-shop.it\/?s={search_term_string}"},"query-input":{"@type":"PropertyValueSpecification","valueRequired":true,"valueName":"search_term_string"}}],"inLanguage":"es"},{"@type":"Organization","@id":"https:\/\/dev6.erresse-shop.it\/#organization","name":"Erresse Shop","url":"https:\/\/dev6.erresse-shop.it\/","logo":{"@type":"ImageObject","inLanguage":"es","@id":"https:\/\/dev6.erresse-shop.it\/#\/schema\/logo\/image\/","url":"https:\/\/dev6.erresse-shop.it\/wp-content\/uploads\/2025\/01\/LOGO-ERRESSE-CLASSICO.svg","contentUrl":"https:\/\/dev6.erresse-shop.it\/wp-content\/uploads\/2025\/01\/LOGO-ERRESSE-CLASSICO.svg","caption":"Erresse Shop"},"image":{"@id":"https:\/\/dev6.erresse-shop.it\/#\/schema\/logo\/image\/"}}]}},"df_price":229,"df_sale_price":229,"df_regular_price":489,"df_image_link":"https:\/\/i1.wp.com\/interpim.erresse-shop.it\/Import\/Prodotti\/0008_grancucina_groupage_24_pezzi.jpg?resize=300,300&ssl=1","fifu_image_url":"https:\/\/interpim.erresse-shop.it\/Import\/Prodotti\/0008_grancucina_groupage_24_pezzi.jpg","_links":{"self":[{"href":"https:\/\/dev6.erresse-shop.it\/es\/wp-json\/wp\/v2\/product\/1876574","targetHints":{"allow":["GET"]}}],"collection":[{"href":"https:\/\/dev6.erresse-shop.it\/es\/wp-json\/wp\/v2\/product"}],"about":[{"href":"https:\/\/dev6.erresse-shop.it\/es\/wp-json\/wp\/v2\/types\/product"}],"wp:featuredmedia":[{"embeddable":true,"href":"https:\/\/dev6.erresse-shop.it\/es\/wp-json\/wp\/v2\/media\/6952603"}],"wp:attachment":[{"href":"https:\/\/dev6.erresse-shop.it\/es\/wp-json\/wp\/v2\/media?parent=1876574"}],"wp:term":[{"taxonomy":"product_cat","embeddable":true,"href":"https:\/\/dev6.erresse-shop.it\/es\/wp-json\/wp\/v2\/product_cat?post=1876574"},{"taxonomy":"product_tag","embeddable":true,"href":"https:\/\/dev6.erresse-shop.it\/es\/wp-json\/wp\/v2\/product_tag?post=1876574"}],"curies":[{"name":"wp","href":"https:\/\/api.w.org\/{rel}","templated":true}]}}