{"id":1876554,"date":"2026-04-10T08:58:23","date_gmt":"2026-04-10T06:58:23","guid":{"rendered":"https:\/\/dev6.erresse-shop.it\/shop\/sin%20categor\u00eda\/le-creuset-cocotte-de-hierro-fundido-every-16-cm-negro\/"},"modified":"2025-09-14T07:37:59","modified_gmt":"2025-09-14T05:37:59","slug":"le-creuset-cocotte-de-hierro-fundido-every-16-cm-negro","status":"publish","type":"product","link":"https:\/\/dev6.erresse-shop.it\/es\/shop\/sartenes-y-ollas\/marmitas-y-cocottes\/le-creuset-cocotte-de-hierro-fundido-every-16-cm-negro\/","title":{"rendered":"LE CREUSET Cocotte de Hierro Fundido Every 16 cm Negro"},"content":{"rendered":"<p>LA REINA DE LA COCINA<br \/>\nLleva casi un siglo enamorando a cocineros y chefs de todo el mundo: la cocotte Le Creuset, un aut\u00e9ntico cl\u00e1sico. Perfectamente construida para hacer de cada receta una obra maestra del sabor, ser\u00e1 su aliada inseparable para preparar guisos, asados, sopas y estofados, pero tambi\u00e9n para hornear.<\/p>\n<p>La Cocotte Redonda Le Creuset Evolution es indispensable en todas las cocinas para preparar platos sabrosos y saludables. Gracias a su versatilidad, la cocotte redonda Le Creuset se convertir\u00e1 en su aliada diaria para cocinar verduras, risottos, salsas, pan y mil recetas m\u00e1s para sorprender a todos sus invitados.<br \/>\nEl hierro fundido esmaltado, al ser un excelente conductor del calor, es uno de los mejores materiales para utilizar en la cocina. Adem\u00e1s, el fondo, las paredes y la tapa tienen el mismo grosor, lo que garantiza una absorci\u00f3n y distribuci\u00f3n uniforme del calor, sin crear zonas sobrecalentadas. Como resultado, los alimentos no se queman ni quedan crudos en su interior. Adem\u00e1s, no pierden sus l\u00edquidos durante la cocci\u00f3n, lo que permite conservar sus nutrientes y vitaminas.<\/p>\n<p>Generaci\u00f3n tras generaci\u00f3n, la cocotte de hierro fundido esmaltado de Le Creuset se ha convertido en sin\u00f3nimo de buena cocina y gran calidad, llevando a las mesas y cocinas de todo el mundo una cocina sana a la altura de las mejores recetas.<\/p>\n<p>Propiedades de la cocotte de hierro fundido esmaltado:<\/p>\n<p>\u2013 Distribuci\u00f3n uniforme del calor sin zonas de sobrecalentamiento.<br \/>\n\u2013 Excelente retenci\u00f3n del calor.<br \/>\n\u2013 Pomo de acero inoxidable resistente a todas las temperaturas.<br \/>\n\u2013 Asas dise\u00f1adas para un agarre \u00f3ptimo.<br \/>\n\u2013 Superficie interior y exterior esmaltada. No absorbe la humedad, el sabor ni el olor de los alimentos.<br \/>\n\u2013 Recomendada por los mejores chefs y blogueros para hornear pan.<br \/>\n\u2013 F\u00e1cil limpieza.<br \/>\n\u2013 Durabilidad excepcional.<\/p>\n<p>Material: hierro fundido vitrificado<br \/>\nFabricado en: Francia<br \/>\nGarant\u00eda: de por vida<\/p>\n<p>Fuente de calor:<\/p>\n<p>Horno<br \/>\nHorno Modo grill<br \/>\nPlaca el\u00e9ctrica<br \/>\nVitrocer\u00e1mica<br \/>\nPlaca de gas<br \/>\nPlaca de inducci\u00f3n<\/p>\n<p>Limpieza y cuidados:<\/p>\n<p>Espere a que el producto se enfr\u00ede antes de empezar a limpiarlo.<br \/>\nLimpie los restos de comida de la base y los laterales del producto. Si hay comida pegada, llene el producto con agua tibia jabonosa y d\u00e9jelo en remojo durante 15-20 minutos antes de lavarlo como de costumbre.<br \/>\nNo utilice limpiadores abrasivos ni esponjas o cepillos met\u00e1licos muy duros en ninguna de las superficies.<br \/>\nS\u00e9quelo bien despu\u00e9s de lavarlo y gu\u00e1rdelo en un lugar seco.<\/p>\n","protected":false},"excerpt":{"rendered":"<p>LA REINA DE LA COCINA Lleva casi un siglo enamorando a cocineros y chefs de todo el mundo: la cocotte Le Creuset, un aut\u00e9ntico cl\u00e1sico. Perfectamente construida para hacer de cada receta una obra maestra del sabor, ser\u00e1 su aliada inseparable para preparar guisos, asados, sopas y estofados, pero tambi\u00e9n para hornear. La Cocotte Redonda [&hellip;]<\/p>\n","protected":false},"featured_media":6304830,"template":"","meta":{"_acf_changed":false},"product_cat":[11892,11667,11883],"product_tag":[],"class_list":{"0":"post-1876554","1":"product","2":"type-product","3":"status-publish","4":"has-post-thumbnail","6":"product_cat-marmitas-y-cocottes","7":"product_cat-padelle-pentole","8":"product_cat-sartenes-y-ollas","10":"first","11":"outofstock","12":"sale","13":"taxable","14":"shipping-taxable","15":"purchasable","16":"product-type-simple","swatches":"rey-swatches","show_selected":"","stretch_labels":"rey-swatches--stretch-labels"},"acf":[],"yoast_head":"<!-- This site is optimized with the Yoast SEO plugin v25.4 - https:\/\/yoast.com\/wordpress\/plugins\/seo\/ -->\n<title>LE CREUSET Cocotte de Hierro Fundido Every 16 cm Negro - dev6 Erresse<\/title>\n<meta name=\"description\" content=\"LA REINA DE LA COCINA Lleva casi un siglo enamorando a cocineros y chefs de todo el mundo: la cocotte Le Creuset, un aut\u00e9ntico cl\u00e1sico. Perfectamente\" \/>\n<meta name=\"robots\" content=\"noindex, follow, max-snippet:-1, max-image-preview:large, max-video-preview:-1\" \/>\n<meta property=\"og:locale\" content=\"es_ES\" \/>\n<meta property=\"og:type\" content=\"article\" \/>\n<meta property=\"og:title\" content=\"LE CREUSET Cocotte de Hierro Fundido Every 16 cm Negro - dev6 Erresse\" \/>\n<meta property=\"og:description\" content=\"LA REINA DE LA COCINA Lleva casi un siglo enamorando a cocineros y chefs de todo el mundo: la cocotte Le Creuset, un aut\u00e9ntico cl\u00e1sico. Perfectamente\" \/>\n<meta property=\"og:url\" content=\"https:\/\/dev6.erresse-shop.it\/es\/shop\/sartenes-y-ollas\/marmitas-y-cocottes\/le-creuset-cocotte-de-hierro-fundido-every-16-cm-negro\/\" \/>\n<meta property=\"og:site_name\" content=\"dev6 Erresse\" \/>\n<meta property=\"og:image\" content=\"https:\/\/interpim.erresse-shop.it\/Import\/Prodotti\/le-creuset-cocotte-every-in-ghisa-16-cm-nero.png\" \/><meta property=\"og:image\" content=\"https:\/\/interpim.erresse-shop.it\/Import\/Prodotti\/le-creuset-cocotte-every-in-ghisa-16-cm-nero.png\" \/>\n\t<meta property=\"og:image:width\" content=\"1024\" \/>\n\t<meta property=\"og:image:height\" content=\"1024\" \/>\n\t<meta property=\"og:image:type\" content=\"image\/jpeg\" \/>\n<meta name=\"twitter:card\" content=\"summary_large_image\" \/>\n<meta name=\"twitter:image\" content=\"https:\/\/interpim.erresse-shop.it\/Import\/Prodotti\/le-creuset-cocotte-every-in-ghisa-16-cm-nero.png\" \/>\n<script type=\"application\/ld+json\" class=\"yoast-schema-graph\">{\"@context\":\"https:\/\/schema.org\",\"@graph\":[{\"@type\":\"WebPage\",\"@id\":\"https:\/\/dev6.erresse-shop.it\/es\/shop\/sartenes-y-ollas\/marmitas-y-cocottes\/le-creuset-cocotte-de-hierro-fundido-every-16-cm-negro\/\",\"url\":\"https:\/\/dev6.erresse-shop.it\/es\/shop\/sartenes-y-ollas\/marmitas-y-cocottes\/le-creuset-cocotte-de-hierro-fundido-every-16-cm-negro\/\",\"name\":\"LE CREUSET Cocotte de Hierro Fundido Every 16 cm Negro - dev6 Erresse\",\"isPartOf\":{\"@id\":\"https:\/\/dev6.erresse-shop.it\/#website\"},\"primaryImageOfPage\":{\"@id\":\"https:\/\/dev6.erresse-shop.it\/es\/shop\/sartenes-y-ollas\/marmitas-y-cocottes\/le-creuset-cocotte-de-hierro-fundido-every-16-cm-negro\/#primaryimage\"},\"image\":{\"@id\":\"https:\/\/dev6.erresse-shop.it\/es\/shop\/sartenes-y-ollas\/marmitas-y-cocottes\/le-creuset-cocotte-de-hierro-fundido-every-16-cm-negro\/#primaryimage\"},\"thumbnailUrl\":\"https:\/\/i1.wp.com\/interpim.erresse-shop.it\/Import\/Prodotti\/le-creuset-cocotte-every-in-ghisa-16-cm-nero.png?ssl=1\",\"datePublished\":\"2026-04-10T06:58:23+00:00\",\"description\":\"LA REINA DE LA COCINA Lleva casi un siglo enamorando a cocineros y chefs de todo el mundo: la cocotte Le Creuset, un aut\u00e9ntico cl\u00e1sico. Perfectamente\",\"breadcrumb\":{\"@id\":\"https:\/\/dev6.erresse-shop.it\/es\/shop\/sartenes-y-ollas\/marmitas-y-cocottes\/le-creuset-cocotte-de-hierro-fundido-every-16-cm-negro\/#breadcrumb\"},\"inLanguage\":\"es\",\"potentialAction\":[{\"@type\":\"ReadAction\",\"target\":[\"https:\/\/dev6.erresse-shop.it\/es\/shop\/sartenes-y-ollas\/marmitas-y-cocottes\/le-creuset-cocotte-de-hierro-fundido-every-16-cm-negro\/\"]}]},{\"@type\":\"ImageObject\",\"inLanguage\":\"es\",\"@id\":\"https:\/\/dev6.erresse-shop.it\/es\/shop\/sartenes-y-ollas\/marmitas-y-cocottes\/le-creuset-cocotte-de-hierro-fundido-every-16-cm-negro\/#primaryimage\",\"url\":\"https:\/\/i1.wp.com\/interpim.erresse-shop.it\/Import\/Prodotti\/le-creuset-cocotte-every-in-ghisa-16-cm-nero.png?ssl=1\",\"contentUrl\":\"https:\/\/i1.wp.com\/interpim.erresse-shop.it\/Import\/Prodotti\/le-creuset-cocotte-every-in-ghisa-16-cm-nero.png?ssl=1\"},{\"@type\":\"BreadcrumbList\",\"@id\":\"https:\/\/dev6.erresse-shop.it\/es\/shop\/sartenes-y-ollas\/marmitas-y-cocottes\/le-creuset-cocotte-de-hierro-fundido-every-16-cm-negro\/#breadcrumb\",\"itemListElement\":[{\"@type\":\"ListItem\",\"position\":1,\"name\":\"Home\",\"item\":\"https:\/\/dev6.erresse-shop.it\/\"},{\"@type\":\"ListItem\",\"position\":2,\"name\":\"Tienda\",\"item\":\"https:\/\/dev6.erresse-shop.it\/shop\/\"},{\"@type\":\"ListItem\",\"position\":3,\"name\":\"LE CREUSET Cocotte de Hierro Fundido Every 16 cm Negro\"}]},{\"@type\":\"WebSite\",\"@id\":\"https:\/\/dev6.erresse-shop.it\/#website\",\"url\":\"https:\/\/dev6.erresse-shop.it\/\",\"name\":\"Erresse Shop\",\"description\":\"\",\"publisher\":{\"@id\":\"https:\/\/dev6.erresse-shop.it\/#organization\"},\"potentialAction\":[{\"@type\":\"SearchAction\",\"target\":{\"@type\":\"EntryPoint\",\"urlTemplate\":\"https:\/\/dev6.erresse-shop.it\/?s={search_term_string}\"},\"query-input\":{\"@type\":\"PropertyValueSpecification\",\"valueRequired\":true,\"valueName\":\"search_term_string\"}}],\"inLanguage\":\"es\"},{\"@type\":\"Organization\",\"@id\":\"https:\/\/dev6.erresse-shop.it\/#organization\",\"name\":\"Erresse Shop\",\"url\":\"https:\/\/dev6.erresse-shop.it\/\",\"logo\":{\"@type\":\"ImageObject\",\"inLanguage\":\"es\",\"@id\":\"https:\/\/dev6.erresse-shop.it\/#\/schema\/logo\/image\/\",\"url\":\"https:\/\/dev6.erresse-shop.it\/wp-content\/uploads\/2025\/01\/LOGO-ERRESSE-CLASSICO.svg\",\"contentUrl\":\"https:\/\/dev6.erresse-shop.it\/wp-content\/uploads\/2025\/01\/LOGO-ERRESSE-CLASSICO.svg\",\"caption\":\"Erresse Shop\"},\"image\":{\"@id\":\"https:\/\/dev6.erresse-shop.it\/#\/schema\/logo\/image\/\"}}]}<\/script>\n<!-- \/ Yoast SEO plugin. -->","yoast_head_json":{"title":"LE CREUSET Cocotte de Hierro Fundido Every 16 cm Negro - dev6 Erresse","description":"LA REINA DE LA COCINA Lleva casi un siglo enamorando a cocineros y chefs de todo el mundo: la cocotte Le Creuset, un aut\u00e9ntico cl\u00e1sico. Perfectamente","robots":{"index":"noindex","follow":"follow","max-snippet":"max-snippet:-1","max-image-preview":"max-image-preview:large","max-video-preview":"max-video-preview:-1"},"og_locale":"es_ES","og_type":"article","og_title":"LE CREUSET Cocotte de Hierro Fundido Every 16 cm Negro - dev6 Erresse","og_description":"LA REINA DE LA COCINA Lleva casi un siglo enamorando a cocineros y chefs de todo el mundo: la cocotte Le Creuset, un aut\u00e9ntico cl\u00e1sico. Perfectamente","og_url":"https:\/\/dev6.erresse-shop.it\/es\/shop\/sartenes-y-ollas\/marmitas-y-cocottes\/le-creuset-cocotte-de-hierro-fundido-every-16-cm-negro\/","og_site_name":"dev6 Erresse","og_image":[{"url":"https:\/\/interpim.erresse-shop.it\/Import\/Prodotti\/le-creuset-cocotte-every-in-ghisa-16-cm-nero.png","type":"","width":"","height":""},{"url":"https:\/\/interpim.erresse-shop.it\/Import\/Prodotti\/le-creuset-cocotte-every-in-ghisa-16-cm-nero.png","width":1024,"height":1024,"type":"image\/jpeg"}],"twitter_card":"summary_large_image","twitter_image":"https:\/\/interpim.erresse-shop.it\/Import\/Prodotti\/le-creuset-cocotte-every-in-ghisa-16-cm-nero.png","schema":{"@context":"https:\/\/schema.org","@graph":[{"@type":"WebPage","@id":"https:\/\/dev6.erresse-shop.it\/es\/shop\/sartenes-y-ollas\/marmitas-y-cocottes\/le-creuset-cocotte-de-hierro-fundido-every-16-cm-negro\/","url":"https:\/\/dev6.erresse-shop.it\/es\/shop\/sartenes-y-ollas\/marmitas-y-cocottes\/le-creuset-cocotte-de-hierro-fundido-every-16-cm-negro\/","name":"LE CREUSET Cocotte de Hierro Fundido Every 16 cm Negro - dev6 Erresse","isPartOf":{"@id":"https:\/\/dev6.erresse-shop.it\/#website"},"primaryImageOfPage":{"@id":"https:\/\/dev6.erresse-shop.it\/es\/shop\/sartenes-y-ollas\/marmitas-y-cocottes\/le-creuset-cocotte-de-hierro-fundido-every-16-cm-negro\/#primaryimage"},"image":{"@id":"https:\/\/dev6.erresse-shop.it\/es\/shop\/sartenes-y-ollas\/marmitas-y-cocottes\/le-creuset-cocotte-de-hierro-fundido-every-16-cm-negro\/#primaryimage"},"thumbnailUrl":"https:\/\/i1.wp.com\/interpim.erresse-shop.it\/Import\/Prodotti\/le-creuset-cocotte-every-in-ghisa-16-cm-nero.png?ssl=1","datePublished":"2026-04-10T06:58:23+00:00","description":"LA REINA DE LA COCINA Lleva casi un siglo enamorando a cocineros y chefs de todo el mundo: la cocotte Le Creuset, un aut\u00e9ntico cl\u00e1sico. Perfectamente","breadcrumb":{"@id":"https:\/\/dev6.erresse-shop.it\/es\/shop\/sartenes-y-ollas\/marmitas-y-cocottes\/le-creuset-cocotte-de-hierro-fundido-every-16-cm-negro\/#breadcrumb"},"inLanguage":"es","potentialAction":[{"@type":"ReadAction","target":["https:\/\/dev6.erresse-shop.it\/es\/shop\/sartenes-y-ollas\/marmitas-y-cocottes\/le-creuset-cocotte-de-hierro-fundido-every-16-cm-negro\/"]}]},{"@type":"ImageObject","inLanguage":"es","@id":"https:\/\/dev6.erresse-shop.it\/es\/shop\/sartenes-y-ollas\/marmitas-y-cocottes\/le-creuset-cocotte-de-hierro-fundido-every-16-cm-negro\/#primaryimage","url":"https:\/\/i1.wp.com\/interpim.erresse-shop.it\/Import\/Prodotti\/le-creuset-cocotte-every-in-ghisa-16-cm-nero.png?ssl=1","contentUrl":"https:\/\/i1.wp.com\/interpim.erresse-shop.it\/Import\/Prodotti\/le-creuset-cocotte-every-in-ghisa-16-cm-nero.png?ssl=1"},{"@type":"BreadcrumbList","@id":"https:\/\/dev6.erresse-shop.it\/es\/shop\/sartenes-y-ollas\/marmitas-y-cocottes\/le-creuset-cocotte-de-hierro-fundido-every-16-cm-negro\/#breadcrumb","itemListElement":[{"@type":"ListItem","position":1,"name":"Home","item":"https:\/\/dev6.erresse-shop.it\/"},{"@type":"ListItem","position":2,"name":"Tienda","item":"https:\/\/dev6.erresse-shop.it\/shop\/"},{"@type":"ListItem","position":3,"name":"LE CREUSET Cocotte de Hierro Fundido Every 16 cm Negro"}]},{"@type":"WebSite","@id":"https:\/\/dev6.erresse-shop.it\/#website","url":"https:\/\/dev6.erresse-shop.it\/","name":"Erresse Shop","description":"","publisher":{"@id":"https:\/\/dev6.erresse-shop.it\/#organization"},"potentialAction":[{"@type":"SearchAction","target":{"@type":"EntryPoint","urlTemplate":"https:\/\/dev6.erresse-shop.it\/?s={search_term_string}"},"query-input":{"@type":"PropertyValueSpecification","valueRequired":true,"valueName":"search_term_string"}}],"inLanguage":"es"},{"@type":"Organization","@id":"https:\/\/dev6.erresse-shop.it\/#organization","name":"Erresse Shop","url":"https:\/\/dev6.erresse-shop.it\/","logo":{"@type":"ImageObject","inLanguage":"es","@id":"https:\/\/dev6.erresse-shop.it\/#\/schema\/logo\/image\/","url":"https:\/\/dev6.erresse-shop.it\/wp-content\/uploads\/2025\/01\/LOGO-ERRESSE-CLASSICO.svg","contentUrl":"https:\/\/dev6.erresse-shop.it\/wp-content\/uploads\/2025\/01\/LOGO-ERRESSE-CLASSICO.svg","caption":"Erresse Shop"},"image":{"@id":"https:\/\/dev6.erresse-shop.it\/#\/schema\/logo\/image\/"}}]}},"df_price":169.95,"df_sale_price":169.95,"df_regular_price":245,"df_image_link":"https:\/\/i1.wp.com\/interpim.erresse-shop.it\/Import\/Prodotti\/le-creuset-cocotte-every-in-ghisa-16-cm-nero.png?resize=300,300&ssl=1","fifu_image_url":"https:\/\/interpim.erresse-shop.it\/Import\/Prodotti\/le-creuset-cocotte-every-in-ghisa-16-cm-nero.png","_links":{"self":[{"href":"https:\/\/dev6.erresse-shop.it\/es\/wp-json\/wp\/v2\/product\/1876554","targetHints":{"allow":["GET"]}}],"collection":[{"href":"https:\/\/dev6.erresse-shop.it\/es\/wp-json\/wp\/v2\/product"}],"about":[{"href":"https:\/\/dev6.erresse-shop.it\/es\/wp-json\/wp\/v2\/types\/product"}],"wp:featuredmedia":[{"embeddable":true,"href":"https:\/\/dev6.erresse-shop.it\/es\/wp-json\/wp\/v2\/media\/6304830"}],"wp:attachment":[{"href":"https:\/\/dev6.erresse-shop.it\/es\/wp-json\/wp\/v2\/media?parent=1876554"}],"wp:term":[{"taxonomy":"product_cat","embeddable":true,"href":"https:\/\/dev6.erresse-shop.it\/es\/wp-json\/wp\/v2\/product_cat?post=1876554"},{"taxonomy":"product_tag","embeddable":true,"href":"https:\/\/dev6.erresse-shop.it\/es\/wp-json\/wp\/v2\/product_tag?post=1876554"}],"curies":[{"name":"wp","href":"https:\/\/api.w.org\/{rel}","templated":true}]}}