{"id":1876550,"date":"2026-04-04T08:18:59","date_gmt":"2026-04-04T06:18:59","guid":{"rendered":"https:\/\/dev6.erresse-shop.it\/shop\/sin%20categor\u00eda\/le-creuset-saute-de-aluminio-26-cm\/"},"modified":"2025-09-14T07:37:54","modified_gmt":"2025-09-14T05:37:54","slug":"le-creuset-saute-de-aluminio-26-cm","status":"publish","type":"product","link":"https:\/\/dev6.erresse-shop.it\/es\/shop\/sartenes-y-ollas\/cazuelas\/le-creuset-saute-de-aluminio-26-cm\/","title":{"rendered":"LE CREUSET Saut\u00e9 de Aluminio 26 cm"},"content":{"rendered":"<p>Ideal para elaborar platos r\u00e1pidos, sanos y deliciosos, nuestra robusta sart\u00e9n para sofritos antiadherente es el sue\u00f1o de cualquier amante de la comida sana. Gracias a nuestro mejor revestimiento antiadherente, la comida no se pega, as\u00ed que podr\u00e1s saltear sin usar apenas aceite. Adem\u00e1s, la altura del borde evita salpicaduras y derrames. El mango superpr\u00e1ctico te permite elevarla y moverla f\u00e1cilmente y sin peligro.<\/p>\n<p>Detalles del Producto<br \/>\nCaracter\u00edsticas<br \/>\nComplementos ideales: alcanza nuevas cotas de sabor complementando tus recipientes con nuestras tapas de cristal, que se venden por separado.<\/p>\n<p>Se limpian f\u00e1cilmente: nuestros recipientes antiadherentes evitan que la comida se pegue, as\u00ed que limpiarlos no supone un esfuerzo.<\/p>\n<p>Ultrarresistentes: su estructura reforzada por anodizado permite la distribuci\u00f3n y conducci\u00f3n eficientes del calor para cocinar de manera uniforme.<\/p>\n<p>Duran m\u00e1s: nuestros recipientes resisten la abrasi\u00f3n y est\u00e1n dise\u00f1ados para formar parte de tu cocina durante a\u00f1os.<\/p>\n<p>Cocina m\u00e1s sana: nuestra s\u00f3lida superficie antiadherente libre de PFOA soporta toda clase de cocciones, incluso sin aceite.<\/p>\n<p>Material: Aluminio forjado anodizado<br \/>\nGarant\u00eda: Garant\u00eda de por Vida<\/p>\n<p>Fuente de Calor<br \/>\nHorno<br \/>\nParrilla<br \/>\nPlaca el\u00e9ctrica<br \/>\nVitrocer\u00e1mica<br \/>\nGas<br \/>\nPlaca de inducci\u00f3n<\/p>\n<p>Dimensiones<br \/>\nCapacidad: 4 l<br \/>\nLongitud: 53.1 cm<br \/>\nAncho: 27.1 cm<br \/>\nAltura: 10.7 cm<\/p>\n<p>Usos y Cuidados<br \/>\nCompatible con el congelador<\/p>\n<p>Lavaplatos<\/p>\n<p>\u00a1Disfruta desempaquetando tu nueva adquisici\u00f3n! (Y aseg\u00farate de retirar todas las etiquetas y envoltorios).<\/p>\n<p>Lava tu producto Le Creuset con agua caliente y jab\u00f3n, acl\u00e1ralo y s\u00e9calo bien.<\/p>\n<p>Frota la totalidad de la superficie interior antiadherente con aceite vegetal y un pa\u00f1o suave para acondicionarla. Cuando hayas terminado, aclara el producto con agua caliente y s\u00e9calo bien.<\/p>\n<p>NO acondiciones la capa exterior negra.<\/p>\n<p>Prot\u00e9gete: usa guantes de horno siempre que manipules recipientes calientes.<\/p>\n<p>Para cocinar, te recomendamos utilizar herramientas de silicona, madera o pl\u00e1stico resistentes al calor de Le Creuset. Puedes utilizar utensilios de metal con cuidado. No los emplees con fuerza ni rasques la superficie antiadherente con ellos. Evita golpear tus utensilios met\u00e1licos sobre el borde superior de los productos con revestimiento antiadherente para no estropearlos. NO utilices batidoras o mezcladores manuales el\u00e9ctricos o a pilas, cuchillos ni herramientas o utensilios afilados en el interior de tus ollas y sartenes con revestimiento antiadherente, ya que la superficie podr\u00eda sufrir da\u00f1os.<\/p>\n<p>Usa el producto en el fog\u00f3n del tama\u00f1o m\u00e1s adecuado: la comida se cocinar\u00e1 de manera m\u00e1s uniforme y reducir\u00e1s el riesgo de da\u00f1ar las asas y los laterales. Esto es especialmente importante en el caso de placas de inducci\u00f3n: si utilizas un fog\u00f3n de tama\u00f1o inadecuado, existe el riesgo de que no \u201creconozca\u201d el producto.<\/p>\n<p>Cocinar a fuego medio o bajo te permite lograr los mejores resultados, incluso para fre\u00edr y marcar. Si quieres cocinar platos deliciosos de manera uniforme, deja que el recipiente se caliente gradualmente. Si necesitas utilizar fuego fuerte, disminuye la intensidad cuando alcances el calor deseado.<\/p>\n<p>Si vas a cocinar sin aceite u otras grasas, precalienta el producto a fuego medio durante alrededor de 2 minutos. A continuaci\u00f3n, a\u00f1ade la comida. No dejes el producto sin supervisi\u00f3n ni permitas que la superficie antiadherente seca se sobrecaliente, ya que podr\u00edan ocasionarse da\u00f1os.<\/p>\n<p>Cocinar ingredientes con bajo punto de humeo (como el aceite de oliva) a temperaturas m\u00e1s elevadas puede producir manchas y da\u00f1os permanentes en la superficie antiadherente. No utilices aceites en espray, ya que su punto de humeo es bajo.<\/p>\n<p>Si usas una placa de inducci\u00f3n, evita la funci\u00f3n \u201cbooster\u201d, que solo debe usarse para calentar r\u00e1pidamente grandes vol\u00famenes de agua.<\/p>\n<p>Nunca deslices el producto sobre unos fogones\/una placa con cubierta de cristal, ya que podr\u00edas da\u00f1ar tanto el producto como el cristal. En su lugar, levanta siempre el producto para ponerlo y quitarlo o cambiarlo de lugar.<\/p>\n<p>Al utilizarlo bajo el grill, deja siempre un espacio de al menos 6,5 cm entre la fuente de calor y la parte superior del producto.<\/p>\n<p>Para obtener los mejores resultados, coloca el producto en una bandeja o rejilla. Nunca sit\u00faes el producto sobre el suelo inferior del horno: la temperatura puede aumentar provocando una cocci\u00f3n m\u00e1s r\u00e1pida y descontrolada que podr\u00eda causar da\u00f1os.<\/p>\n<p>Deja enfriar el producto unos minutos siempre antes de limpiarlo. No lo sumerjas ni llenes con agua fr\u00eda cuando est\u00e9 caliente: los cambios excesivos de temperatura en la superficie podr\u00edan da\u00f1arlo.<\/p>\n<p>Recomendamos lavarlo a mano con agua caliente y jab\u00f3n en lugar de introducirlo en el lavavajillas para alargar la vida del revestimiento antiadherente.<\/p>\n<p>No utilices agentes de limpieza abrasivos ni estropajos o escobillas met\u00e1licos sobre ninguna de las superficies.<\/p>\n","protected":false},"excerpt":{"rendered":"<p>Ideal para elaborar platos r\u00e1pidos, sanos y deliciosos, nuestra robusta sart\u00e9n para sofritos antiadherente es el sue\u00f1o de cualquier amante de la comida sana. Gracias a nuestro mejor revestimiento antiadherente, la comida no se pega, as\u00ed que podr\u00e1s saltear sin usar apenas aceite. Adem\u00e1s, la altura del borde evita salpicaduras y derrames. El mango superpr\u00e1ctico [&hellip;]<\/p>\n","protected":false},"featured_media":6263122,"template":"","meta":{"_acf_changed":false},"product_cat":[11904,11667,11883],"product_tag":[],"class_list":{"0":"post-1876550","1":"product","2":"type-product","3":"status-publish","4":"has-post-thumbnail","6":"product_cat-cazuelas","7":"product_cat-padelle-pentole","8":"product_cat-sartenes-y-ollas","10":"first","11":"outofstock","12":"sale","13":"taxable","14":"shipping-taxable","15":"purchasable","16":"product-type-simple","swatches":"rey-swatches","show_selected":"","stretch_labels":"rey-swatches--stretch-labels"},"acf":[],"yoast_head":"<!-- This site is optimized with the Yoast SEO plugin v25.4 - https:\/\/yoast.com\/wordpress\/plugins\/seo\/ -->\n<title>LE CREUSET Saut\u00e9 de Aluminio 26 cm - dev6 Erresse<\/title>\n<meta name=\"description\" content=\"Ideal para elaborar platos r\u00e1pidos, sanos y deliciosos, nuestra robusta sart\u00e9n para sofritos antiadherente es el sue\u00f1o de cualquier amante de la comida\" \/>\n<meta name=\"robots\" content=\"noindex, follow, max-snippet:-1, max-image-preview:large, max-video-preview:-1\" \/>\n<meta property=\"og:locale\" content=\"es_ES\" \/>\n<meta property=\"og:type\" content=\"article\" \/>\n<meta property=\"og:title\" content=\"LE CREUSET Saut\u00e9 de Aluminio 26 cm - dev6 Erresse\" \/>\n<meta property=\"og:description\" content=\"Ideal para elaborar platos r\u00e1pidos, sanos y deliciosos, nuestra robusta sart\u00e9n para sofritos antiadherente es el sue\u00f1o de cualquier amante de la comida\" \/>\n<meta property=\"og:url\" content=\"https:\/\/dev6.erresse-shop.it\/es\/shop\/sartenes-y-ollas\/cazuelas\/le-creuset-saute-de-aluminio-26-cm\/\" \/>\n<meta property=\"og:site_name\" content=\"dev6 Erresse\" \/>\n<meta property=\"og:image\" content=\"https:\/\/interpim.erresse-shop.it\/Import\/Prodotti\/le-creuset-saute-maniglia-alluminio-antiaderente.jpg\" \/><meta property=\"og:image\" content=\"https:\/\/interpim.erresse-shop.it\/Import\/Prodotti\/le-creuset-saute-maniglia-alluminio-antiaderente.jpg\" \/>\n\t<meta property=\"og:image:width\" content=\"1024\" \/>\n\t<meta property=\"og:image:height\" content=\"1024\" \/>\n\t<meta property=\"og:image:type\" content=\"image\/jpeg\" \/>\n<meta name=\"twitter:card\" content=\"summary_large_image\" \/>\n<meta name=\"twitter:image\" content=\"https:\/\/interpim.erresse-shop.it\/Import\/Prodotti\/le-creuset-saute-maniglia-alluminio-antiaderente.jpg\" \/>\n<script type=\"application\/ld+json\" class=\"yoast-schema-graph\">{\"@context\":\"https:\/\/schema.org\",\"@graph\":[{\"@type\":\"WebPage\",\"@id\":\"https:\/\/dev6.erresse-shop.it\/es\/shop\/sartenes-y-ollas\/cazuelas\/le-creuset-saute-de-aluminio-26-cm\/\",\"url\":\"https:\/\/dev6.erresse-shop.it\/es\/shop\/sartenes-y-ollas\/cazuelas\/le-creuset-saute-de-aluminio-26-cm\/\",\"name\":\"LE CREUSET Saut\u00e9 de Aluminio 26 cm - dev6 Erresse\",\"isPartOf\":{\"@id\":\"https:\/\/dev6.erresse-shop.it\/#website\"},\"primaryImageOfPage\":{\"@id\":\"https:\/\/dev6.erresse-shop.it\/es\/shop\/sartenes-y-ollas\/cazuelas\/le-creuset-saute-de-aluminio-26-cm\/#primaryimage\"},\"image\":{\"@id\":\"https:\/\/dev6.erresse-shop.it\/es\/shop\/sartenes-y-ollas\/cazuelas\/le-creuset-saute-de-aluminio-26-cm\/#primaryimage\"},\"thumbnailUrl\":\"https:\/\/i3.wp.com\/interpim.erresse-shop.it\/Import\/Prodotti\/le-creuset-saute-maniglia-alluminio-antiaderente.jpg?ssl=1\",\"datePublished\":\"2026-04-04T06:18:59+00:00\",\"description\":\"Ideal para elaborar platos r\u00e1pidos, sanos y deliciosos, nuestra robusta sart\u00e9n para sofritos antiadherente es el sue\u00f1o de cualquier amante de la comida\",\"breadcrumb\":{\"@id\":\"https:\/\/dev6.erresse-shop.it\/es\/shop\/sartenes-y-ollas\/cazuelas\/le-creuset-saute-de-aluminio-26-cm\/#breadcrumb\"},\"inLanguage\":\"es\",\"potentialAction\":[{\"@type\":\"ReadAction\",\"target\":[\"https:\/\/dev6.erresse-shop.it\/es\/shop\/sartenes-y-ollas\/cazuelas\/le-creuset-saute-de-aluminio-26-cm\/\"]}]},{\"@type\":\"ImageObject\",\"inLanguage\":\"es\",\"@id\":\"https:\/\/dev6.erresse-shop.it\/es\/shop\/sartenes-y-ollas\/cazuelas\/le-creuset-saute-de-aluminio-26-cm\/#primaryimage\",\"url\":\"https:\/\/i3.wp.com\/interpim.erresse-shop.it\/Import\/Prodotti\/le-creuset-saute-maniglia-alluminio-antiaderente.jpg?ssl=1\",\"contentUrl\":\"https:\/\/i3.wp.com\/interpim.erresse-shop.it\/Import\/Prodotti\/le-creuset-saute-maniglia-alluminio-antiaderente.jpg?ssl=1\"},{\"@type\":\"BreadcrumbList\",\"@id\":\"https:\/\/dev6.erresse-shop.it\/es\/shop\/sartenes-y-ollas\/cazuelas\/le-creuset-saute-de-aluminio-26-cm\/#breadcrumb\",\"itemListElement\":[{\"@type\":\"ListItem\",\"position\":1,\"name\":\"Home\",\"item\":\"https:\/\/dev6.erresse-shop.it\/\"},{\"@type\":\"ListItem\",\"position\":2,\"name\":\"Tienda\",\"item\":\"https:\/\/dev6.erresse-shop.it\/shop\/\"},{\"@type\":\"ListItem\",\"position\":3,\"name\":\"LE CREUSET Saut\u00e9 de Aluminio 26 cm\"}]},{\"@type\":\"WebSite\",\"@id\":\"https:\/\/dev6.erresse-shop.it\/#website\",\"url\":\"https:\/\/dev6.erresse-shop.it\/\",\"name\":\"Erresse Shop\",\"description\":\"\",\"publisher\":{\"@id\":\"https:\/\/dev6.erresse-shop.it\/#organization\"},\"potentialAction\":[{\"@type\":\"SearchAction\",\"target\":{\"@type\":\"EntryPoint\",\"urlTemplate\":\"https:\/\/dev6.erresse-shop.it\/?s={search_term_string}\"},\"query-input\":{\"@type\":\"PropertyValueSpecification\",\"valueRequired\":true,\"valueName\":\"search_term_string\"}}],\"inLanguage\":\"es\"},{\"@type\":\"Organization\",\"@id\":\"https:\/\/dev6.erresse-shop.it\/#organization\",\"name\":\"Erresse Shop\",\"url\":\"https:\/\/dev6.erresse-shop.it\/\",\"logo\":{\"@type\":\"ImageObject\",\"inLanguage\":\"es\",\"@id\":\"https:\/\/dev6.erresse-shop.it\/#\/schema\/logo\/image\/\",\"url\":\"https:\/\/dev6.erresse-shop.it\/wp-content\/uploads\/2025\/01\/LOGO-ERRESSE-CLASSICO.svg\",\"contentUrl\":\"https:\/\/dev6.erresse-shop.it\/wp-content\/uploads\/2025\/01\/LOGO-ERRESSE-CLASSICO.svg\",\"caption\":\"Erresse Shop\"},\"image\":{\"@id\":\"https:\/\/dev6.erresse-shop.it\/#\/schema\/logo\/image\/\"}}]}<\/script>\n<!-- \/ Yoast SEO plugin. -->","yoast_head_json":{"title":"LE CREUSET Saut\u00e9 de Aluminio 26 cm - dev6 Erresse","description":"Ideal para elaborar platos r\u00e1pidos, sanos y deliciosos, nuestra robusta sart\u00e9n para sofritos antiadherente es el sue\u00f1o de cualquier amante de la comida","robots":{"index":"noindex","follow":"follow","max-snippet":"max-snippet:-1","max-image-preview":"max-image-preview:large","max-video-preview":"max-video-preview:-1"},"og_locale":"es_ES","og_type":"article","og_title":"LE CREUSET Saut\u00e9 de Aluminio 26 cm - dev6 Erresse","og_description":"Ideal para elaborar platos r\u00e1pidos, sanos y deliciosos, nuestra robusta sart\u00e9n para sofritos antiadherente es el sue\u00f1o de cualquier amante de la comida","og_url":"https:\/\/dev6.erresse-shop.it\/es\/shop\/sartenes-y-ollas\/cazuelas\/le-creuset-saute-de-aluminio-26-cm\/","og_site_name":"dev6 Erresse","og_image":[{"url":"https:\/\/interpim.erresse-shop.it\/Import\/Prodotti\/le-creuset-saute-maniglia-alluminio-antiaderente.jpg","type":"","width":"","height":""},{"url":"https:\/\/interpim.erresse-shop.it\/Import\/Prodotti\/le-creuset-saute-maniglia-alluminio-antiaderente.jpg","width":1024,"height":1024,"type":"image\/jpeg"}],"twitter_card":"summary_large_image","twitter_image":"https:\/\/interpim.erresse-shop.it\/Import\/Prodotti\/le-creuset-saute-maniglia-alluminio-antiaderente.jpg","schema":{"@context":"https:\/\/schema.org","@graph":[{"@type":"WebPage","@id":"https:\/\/dev6.erresse-shop.it\/es\/shop\/sartenes-y-ollas\/cazuelas\/le-creuset-saute-de-aluminio-26-cm\/","url":"https:\/\/dev6.erresse-shop.it\/es\/shop\/sartenes-y-ollas\/cazuelas\/le-creuset-saute-de-aluminio-26-cm\/","name":"LE CREUSET Saut\u00e9 de Aluminio 26 cm - dev6 Erresse","isPartOf":{"@id":"https:\/\/dev6.erresse-shop.it\/#website"},"primaryImageOfPage":{"@id":"https:\/\/dev6.erresse-shop.it\/es\/shop\/sartenes-y-ollas\/cazuelas\/le-creuset-saute-de-aluminio-26-cm\/#primaryimage"},"image":{"@id":"https:\/\/dev6.erresse-shop.it\/es\/shop\/sartenes-y-ollas\/cazuelas\/le-creuset-saute-de-aluminio-26-cm\/#primaryimage"},"thumbnailUrl":"https:\/\/i3.wp.com\/interpim.erresse-shop.it\/Import\/Prodotti\/le-creuset-saute-maniglia-alluminio-antiaderente.jpg?ssl=1","datePublished":"2026-04-04T06:18:59+00:00","description":"Ideal para elaborar platos r\u00e1pidos, sanos y deliciosos, nuestra robusta sart\u00e9n para sofritos antiadherente es el sue\u00f1o de cualquier amante de la comida","breadcrumb":{"@id":"https:\/\/dev6.erresse-shop.it\/es\/shop\/sartenes-y-ollas\/cazuelas\/le-creuset-saute-de-aluminio-26-cm\/#breadcrumb"},"inLanguage":"es","potentialAction":[{"@type":"ReadAction","target":["https:\/\/dev6.erresse-shop.it\/es\/shop\/sartenes-y-ollas\/cazuelas\/le-creuset-saute-de-aluminio-26-cm\/"]}]},{"@type":"ImageObject","inLanguage":"es","@id":"https:\/\/dev6.erresse-shop.it\/es\/shop\/sartenes-y-ollas\/cazuelas\/le-creuset-saute-de-aluminio-26-cm\/#primaryimage","url":"https:\/\/i3.wp.com\/interpim.erresse-shop.it\/Import\/Prodotti\/le-creuset-saute-maniglia-alluminio-antiaderente.jpg?ssl=1","contentUrl":"https:\/\/i3.wp.com\/interpim.erresse-shop.it\/Import\/Prodotti\/le-creuset-saute-maniglia-alluminio-antiaderente.jpg?ssl=1"},{"@type":"BreadcrumbList","@id":"https:\/\/dev6.erresse-shop.it\/es\/shop\/sartenes-y-ollas\/cazuelas\/le-creuset-saute-de-aluminio-26-cm\/#breadcrumb","itemListElement":[{"@type":"ListItem","position":1,"name":"Home","item":"https:\/\/dev6.erresse-shop.it\/"},{"@type":"ListItem","position":2,"name":"Tienda","item":"https:\/\/dev6.erresse-shop.it\/shop\/"},{"@type":"ListItem","position":3,"name":"LE CREUSET Saut\u00e9 de Aluminio 26 cm"}]},{"@type":"WebSite","@id":"https:\/\/dev6.erresse-shop.it\/#website","url":"https:\/\/dev6.erresse-shop.it\/","name":"Erresse Shop","description":"","publisher":{"@id":"https:\/\/dev6.erresse-shop.it\/#organization"},"potentialAction":[{"@type":"SearchAction","target":{"@type":"EntryPoint","urlTemplate":"https:\/\/dev6.erresse-shop.it\/?s={search_term_string}"},"query-input":{"@type":"PropertyValueSpecification","valueRequired":true,"valueName":"search_term_string"}}],"inLanguage":"es"},{"@type":"Organization","@id":"https:\/\/dev6.erresse-shop.it\/#organization","name":"Erresse Shop","url":"https:\/\/dev6.erresse-shop.it\/","logo":{"@type":"ImageObject","inLanguage":"es","@id":"https:\/\/dev6.erresse-shop.it\/#\/schema\/logo\/image\/","url":"https:\/\/dev6.erresse-shop.it\/wp-content\/uploads\/2025\/01\/LOGO-ERRESSE-CLASSICO.svg","contentUrl":"https:\/\/dev6.erresse-shop.it\/wp-content\/uploads\/2025\/01\/LOGO-ERRESSE-CLASSICO.svg","caption":"Erresse Shop"},"image":{"@id":"https:\/\/dev6.erresse-shop.it\/#\/schema\/logo\/image\/"}}]}},"df_price":139.95,"df_sale_price":139.95,"df_regular_price":195,"df_image_link":"https:\/\/i3.wp.com\/interpim.erresse-shop.it\/Import\/Prodotti\/le-creuset-saute-maniglia-alluminio-antiaderente.jpg?resize=300,300&ssl=1","fifu_image_url":"https:\/\/interpim.erresse-shop.it\/Import\/Prodotti\/le-creuset-saute-maniglia-alluminio-antiaderente.jpg","_links":{"self":[{"href":"https:\/\/dev6.erresse-shop.it\/es\/wp-json\/wp\/v2\/product\/1876550","targetHints":{"allow":["GET"]}}],"collection":[{"href":"https:\/\/dev6.erresse-shop.it\/es\/wp-json\/wp\/v2\/product"}],"about":[{"href":"https:\/\/dev6.erresse-shop.it\/es\/wp-json\/wp\/v2\/types\/product"}],"wp:featuredmedia":[{"embeddable":true,"href":"https:\/\/dev6.erresse-shop.it\/es\/wp-json\/wp\/v2\/media\/6263122"}],"wp:attachment":[{"href":"https:\/\/dev6.erresse-shop.it\/es\/wp-json\/wp\/v2\/media?parent=1876550"}],"wp:term":[{"taxonomy":"product_cat","embeddable":true,"href":"https:\/\/dev6.erresse-shop.it\/es\/wp-json\/wp\/v2\/product_cat?post=1876550"},{"taxonomy":"product_tag","embeddable":true,"href":"https:\/\/dev6.erresse-shop.it\/es\/wp-json\/wp\/v2\/product_tag?post=1876550"}],"curies":[{"name":"wp","href":"https:\/\/api.w.org\/{rel}","templated":true}]}}