{"id":1876546,"date":"2026-04-10T08:58:23","date_gmt":"2026-04-10T06:58:23","guid":{"rendered":"https:\/\/dev6.erresse-shop.it\/shop\/sin%20categor\u00eda\/le-creuset-sarten-de-aluminio-antiadherente-24-cm\/"},"modified":"2025-09-14T07:37:50","modified_gmt":"2025-09-14T05:37:50","slug":"le-creuset-sarten-de-aluminio-antiadherente-24-cm","status":"publish","type":"product","link":"https:\/\/dev6.erresse-shop.it\/es\/shop\/sartenes-y-ollas\/cazuelas\/le-creuset-sarten-de-aluminio-antiadherente-24-cm\/","title":{"rendered":"LE CREUSET Sart\u00e9n de aluminio antiadherente 24 cm"},"content":{"rendered":"<p>Ideal para cocinar platos r\u00e1pidos, deliciosos y saludables, nuestra sart\u00e9n antiadherente es el objeto del deseo de todo chef. Gracias a nuestro mejor material antiadherente, los alimentos se desprenden f\u00e1cilmente para que puedas cocinar de forma ligera y con poca grasa. Al mismo tiempo, el borde alto evita salpicaduras y derrames. Gracias al asa adicional podr\u00e1s levantar y mover la sart\u00e9n de forma segura y sencilla.<\/p>\n<p>Caracter\u00edsticas:<\/p>\n<p>Nuestro mejor revestimiento antiadherente: probado, fiable, garantizado de por vida y cuatro veces m\u00e1s resistente. (probado en un laboratorio independiente con pruebas de resistencia a la abrasi\u00f3n de herramientas met\u00e1licas).<br \/>\nCalor uniforme: su estructura ayuda a conducir el calor de manera r\u00e1pida y uniforme, ideal para preparar comidas r\u00e1pidas y sabrosas. Para obtener resultados extraordinarios, s\u00f3lo necesitar\u00e1s cocinar a temperatura baja o media.<br \/>\nCocina saludable, f\u00e1cil limpieza: nuestro revestimiento antiadherente, tanto por dentro como por fuera, minimiza la necesidad de aceite y garantiza una f\u00e1cil limpieza.<br \/>\nPerdura en el tiempo: nuestra colecci\u00f3n de antiadherentes presume de un acabado fuerte y robusto, capaz de soportar el uso diario.<br \/>\nCapas de resistencia: Reforzamos las tres capas antiadherentes y las hicimos para que duren a\u00f1os.<br \/>\nNuestros productos se fabrican con los mejores materiales en f\u00e1bricas ubicadas en todo el mundo para garantizar la calidad que espera de Le Creuset.<\/p>\n<p>Material: aluminio antiadherente<br \/>\nGarant\u00eda: de por vida<\/p>\n<p>Fuentes de calor permitidas:<\/p>\n<p>Horno modo grill<br \/>\nHorno<br \/>\nCocina el\u00e9ctrica<br \/>\nVidrio cer\u00e1mico<br \/>\nCocina de gas<br \/>\nPlaca de inducci\u00f3n<\/p>\n<p>Limpieza:<\/p>\n<p>Antes de lavar, deje que el producto se enfr\u00ede completamente durante unos minutos. No lo sumerjas ni lo llenes de agua fr\u00eda cuando est\u00e9 caliente: las variaciones bruscas de temperatura en la superficie pueden da\u00f1ar el producto.<br \/>\nPara que el revestimiento antiadherente dure m\u00e1s, recomendamos lavarlo a mano con agua tibia y jab\u00f3n, en lugar de lavarlo en el lavavajillas.<br \/>\nNo utilice limpiadores abrasivos ni metales, estropajos ni cepillos muy duros y r\u00edgidos para limpiar ninguna de las superficies.<\/p>\n","protected":false},"excerpt":{"rendered":"<p>Ideal para cocinar platos r\u00e1pidos, deliciosos y saludables, nuestra sart\u00e9n antiadherente es el objeto del deseo de todo chef. Gracias a nuestro mejor material antiadherente, los alimentos se desprenden f\u00e1cilmente para que puedas cocinar de forma ligera y con poca grasa. Al mismo tiempo, el borde alto evita salpicaduras y derrames. Gracias al asa adicional [&hellip;]<\/p>\n","protected":false},"featured_media":6304768,"template":"","meta":{"_acf_changed":false},"product_cat":[11904,11667,11883],"product_tag":[],"class_list":{"0":"post-1876546","1":"product","2":"type-product","3":"status-publish","4":"has-post-thumbnail","6":"product_cat-cazuelas","7":"product_cat-padelle-pentole","8":"product_cat-sartenes-y-ollas","10":"first","11":"instock","12":"sale","13":"taxable","14":"shipping-taxable","15":"purchasable","16":"product-type-simple","swatches":"rey-swatches","show_selected":"","stretch_labels":"rey-swatches--stretch-labels"},"acf":[],"yoast_head":"<!-- This site is optimized with the Yoast SEO plugin v25.4 - https:\/\/yoast.com\/wordpress\/plugins\/seo\/ -->\n<title>LE CREUSET Sart\u00e9n de aluminio antiadherente 24 cm - dev6 Erresse<\/title>\n<meta name=\"description\" content=\"Ideal para cocinar platos r\u00e1pidos, deliciosos y saludables, nuestra sart\u00e9n antiadherente es el objeto del deseo de todo chef. Gracias a nuestro mejor\" \/>\n<meta name=\"robots\" content=\"noindex, follow, max-snippet:-1, max-image-preview:large, max-video-preview:-1\" \/>\n<meta property=\"og:locale\" content=\"es_ES\" \/>\n<meta property=\"og:type\" content=\"article\" \/>\n<meta property=\"og:title\" content=\"LE CREUSET Sart\u00e9n de aluminio antiadherente 24 cm - dev6 Erresse\" \/>\n<meta property=\"og:description\" content=\"Ideal para cocinar platos r\u00e1pidos, deliciosos y saludables, nuestra sart\u00e9n antiadherente es el objeto del deseo de todo chef. Gracias a nuestro mejor\" \/>\n<meta property=\"og:url\" content=\"https:\/\/dev6.erresse-shop.it\/es\/shop\/sartenes-y-ollas\/cazuelas\/le-creuset-sarten-de-aluminio-antiadherente-24-cm\/\" \/>\n<meta property=\"og:site_name\" content=\"dev6 Erresse\" \/>\n<meta property=\"og:image\" content=\"https:\/\/interpim.erresse-shop.it\/Import\/Prodotti\/le-creuset-saute-alluminio-antiaderente.jpg\" \/><meta property=\"og:image\" content=\"https:\/\/interpim.erresse-shop.it\/Import\/Prodotti\/le-creuset-saute-alluminio-antiaderente.jpg\" \/>\n\t<meta property=\"og:image:width\" content=\"1024\" \/>\n\t<meta property=\"og:image:height\" content=\"1024\" \/>\n\t<meta property=\"og:image:type\" content=\"image\/jpeg\" \/>\n<meta name=\"twitter:card\" content=\"summary_large_image\" \/>\n<meta name=\"twitter:image\" content=\"https:\/\/interpim.erresse-shop.it\/Import\/Prodotti\/le-creuset-saute-alluminio-antiaderente.jpg\" \/>\n<script type=\"application\/ld+json\" class=\"yoast-schema-graph\">{\"@context\":\"https:\/\/schema.org\",\"@graph\":[{\"@type\":\"WebPage\",\"@id\":\"https:\/\/dev6.erresse-shop.it\/es\/shop\/sartenes-y-ollas\/cazuelas\/le-creuset-sarten-de-aluminio-antiadherente-24-cm\/\",\"url\":\"https:\/\/dev6.erresse-shop.it\/es\/shop\/sartenes-y-ollas\/cazuelas\/le-creuset-sarten-de-aluminio-antiadherente-24-cm\/\",\"name\":\"LE CREUSET Sart\u00e9n de aluminio antiadherente 24 cm - dev6 Erresse\",\"isPartOf\":{\"@id\":\"https:\/\/dev6.erresse-shop.it\/#website\"},\"primaryImageOfPage\":{\"@id\":\"https:\/\/dev6.erresse-shop.it\/es\/shop\/sartenes-y-ollas\/cazuelas\/le-creuset-sarten-de-aluminio-antiadherente-24-cm\/#primaryimage\"},\"image\":{\"@id\":\"https:\/\/dev6.erresse-shop.it\/es\/shop\/sartenes-y-ollas\/cazuelas\/le-creuset-sarten-de-aluminio-antiadherente-24-cm\/#primaryimage\"},\"thumbnailUrl\":\"https:\/\/i0.wp.com\/interpim.erresse-shop.it\/Import\/Prodotti\/le-creuset-saute-alluminio-antiaderente.jpg?ssl=1\",\"datePublished\":\"2026-04-10T06:58:23+00:00\",\"description\":\"Ideal para cocinar platos r\u00e1pidos, deliciosos y saludables, nuestra sart\u00e9n antiadherente es el objeto del deseo de todo chef. Gracias a nuestro mejor\",\"breadcrumb\":{\"@id\":\"https:\/\/dev6.erresse-shop.it\/es\/shop\/sartenes-y-ollas\/cazuelas\/le-creuset-sarten-de-aluminio-antiadherente-24-cm\/#breadcrumb\"},\"inLanguage\":\"es\",\"potentialAction\":[{\"@type\":\"ReadAction\",\"target\":[\"https:\/\/dev6.erresse-shop.it\/es\/shop\/sartenes-y-ollas\/cazuelas\/le-creuset-sarten-de-aluminio-antiadherente-24-cm\/\"]}]},{\"@type\":\"ImageObject\",\"inLanguage\":\"es\",\"@id\":\"https:\/\/dev6.erresse-shop.it\/es\/shop\/sartenes-y-ollas\/cazuelas\/le-creuset-sarten-de-aluminio-antiadherente-24-cm\/#primaryimage\",\"url\":\"https:\/\/i0.wp.com\/interpim.erresse-shop.it\/Import\/Prodotti\/le-creuset-saute-alluminio-antiaderente.jpg?ssl=1\",\"contentUrl\":\"https:\/\/i0.wp.com\/interpim.erresse-shop.it\/Import\/Prodotti\/le-creuset-saute-alluminio-antiaderente.jpg?ssl=1\"},{\"@type\":\"BreadcrumbList\",\"@id\":\"https:\/\/dev6.erresse-shop.it\/es\/shop\/sartenes-y-ollas\/cazuelas\/le-creuset-sarten-de-aluminio-antiadherente-24-cm\/#breadcrumb\",\"itemListElement\":[{\"@type\":\"ListItem\",\"position\":1,\"name\":\"Home\",\"item\":\"https:\/\/dev6.erresse-shop.it\/\"},{\"@type\":\"ListItem\",\"position\":2,\"name\":\"Tienda\",\"item\":\"https:\/\/dev6.erresse-shop.it\/shop\/\"},{\"@type\":\"ListItem\",\"position\":3,\"name\":\"LE CREUSET Sart\u00e9n de aluminio antiadherente 24 cm\"}]},{\"@type\":\"WebSite\",\"@id\":\"https:\/\/dev6.erresse-shop.it\/#website\",\"url\":\"https:\/\/dev6.erresse-shop.it\/\",\"name\":\"Erresse Shop\",\"description\":\"\",\"publisher\":{\"@id\":\"https:\/\/dev6.erresse-shop.it\/#organization\"},\"potentialAction\":[{\"@type\":\"SearchAction\",\"target\":{\"@type\":\"EntryPoint\",\"urlTemplate\":\"https:\/\/dev6.erresse-shop.it\/?s={search_term_string}\"},\"query-input\":{\"@type\":\"PropertyValueSpecification\",\"valueRequired\":true,\"valueName\":\"search_term_string\"}}],\"inLanguage\":\"es\"},{\"@type\":\"Organization\",\"@id\":\"https:\/\/dev6.erresse-shop.it\/#organization\",\"name\":\"Erresse Shop\",\"url\":\"https:\/\/dev6.erresse-shop.it\/\",\"logo\":{\"@type\":\"ImageObject\",\"inLanguage\":\"es\",\"@id\":\"https:\/\/dev6.erresse-shop.it\/#\/schema\/logo\/image\/\",\"url\":\"https:\/\/dev6.erresse-shop.it\/wp-content\/uploads\/2025\/01\/LOGO-ERRESSE-CLASSICO.svg\",\"contentUrl\":\"https:\/\/dev6.erresse-shop.it\/wp-content\/uploads\/2025\/01\/LOGO-ERRESSE-CLASSICO.svg\",\"caption\":\"Erresse Shop\"},\"image\":{\"@id\":\"https:\/\/dev6.erresse-shop.it\/#\/schema\/logo\/image\/\"}}]}<\/script>\n<!-- \/ Yoast SEO plugin. -->","yoast_head_json":{"title":"LE CREUSET Sart\u00e9n de aluminio antiadherente 24 cm - dev6 Erresse","description":"Ideal para cocinar platos r\u00e1pidos, deliciosos y saludables, nuestra sart\u00e9n antiadherente es el objeto del deseo de todo chef. Gracias a nuestro mejor","robots":{"index":"noindex","follow":"follow","max-snippet":"max-snippet:-1","max-image-preview":"max-image-preview:large","max-video-preview":"max-video-preview:-1"},"og_locale":"es_ES","og_type":"article","og_title":"LE CREUSET Sart\u00e9n de aluminio antiadherente 24 cm - dev6 Erresse","og_description":"Ideal para cocinar platos r\u00e1pidos, deliciosos y saludables, nuestra sart\u00e9n antiadherente es el objeto del deseo de todo chef. Gracias a nuestro mejor","og_url":"https:\/\/dev6.erresse-shop.it\/es\/shop\/sartenes-y-ollas\/cazuelas\/le-creuset-sarten-de-aluminio-antiadherente-24-cm\/","og_site_name":"dev6 Erresse","og_image":[{"url":"https:\/\/interpim.erresse-shop.it\/Import\/Prodotti\/le-creuset-saute-alluminio-antiaderente.jpg","type":"","width":"","height":""},{"url":"https:\/\/interpim.erresse-shop.it\/Import\/Prodotti\/le-creuset-saute-alluminio-antiaderente.jpg","width":1024,"height":1024,"type":"image\/jpeg"}],"twitter_card":"summary_large_image","twitter_image":"https:\/\/interpim.erresse-shop.it\/Import\/Prodotti\/le-creuset-saute-alluminio-antiaderente.jpg","schema":{"@context":"https:\/\/schema.org","@graph":[{"@type":"WebPage","@id":"https:\/\/dev6.erresse-shop.it\/es\/shop\/sartenes-y-ollas\/cazuelas\/le-creuset-sarten-de-aluminio-antiadherente-24-cm\/","url":"https:\/\/dev6.erresse-shop.it\/es\/shop\/sartenes-y-ollas\/cazuelas\/le-creuset-sarten-de-aluminio-antiadherente-24-cm\/","name":"LE CREUSET Sart\u00e9n de aluminio antiadherente 24 cm - dev6 Erresse","isPartOf":{"@id":"https:\/\/dev6.erresse-shop.it\/#website"},"primaryImageOfPage":{"@id":"https:\/\/dev6.erresse-shop.it\/es\/shop\/sartenes-y-ollas\/cazuelas\/le-creuset-sarten-de-aluminio-antiadherente-24-cm\/#primaryimage"},"image":{"@id":"https:\/\/dev6.erresse-shop.it\/es\/shop\/sartenes-y-ollas\/cazuelas\/le-creuset-sarten-de-aluminio-antiadherente-24-cm\/#primaryimage"},"thumbnailUrl":"https:\/\/i0.wp.com\/interpim.erresse-shop.it\/Import\/Prodotti\/le-creuset-saute-alluminio-antiaderente.jpg?ssl=1","datePublished":"2026-04-10T06:58:23+00:00","description":"Ideal para cocinar platos r\u00e1pidos, deliciosos y saludables, nuestra sart\u00e9n antiadherente es el objeto del deseo de todo chef. Gracias a nuestro mejor","breadcrumb":{"@id":"https:\/\/dev6.erresse-shop.it\/es\/shop\/sartenes-y-ollas\/cazuelas\/le-creuset-sarten-de-aluminio-antiadherente-24-cm\/#breadcrumb"},"inLanguage":"es","potentialAction":[{"@type":"ReadAction","target":["https:\/\/dev6.erresse-shop.it\/es\/shop\/sartenes-y-ollas\/cazuelas\/le-creuset-sarten-de-aluminio-antiadherente-24-cm\/"]}]},{"@type":"ImageObject","inLanguage":"es","@id":"https:\/\/dev6.erresse-shop.it\/es\/shop\/sartenes-y-ollas\/cazuelas\/le-creuset-sarten-de-aluminio-antiadherente-24-cm\/#primaryimage","url":"https:\/\/i0.wp.com\/interpim.erresse-shop.it\/Import\/Prodotti\/le-creuset-saute-alluminio-antiaderente.jpg?ssl=1","contentUrl":"https:\/\/i0.wp.com\/interpim.erresse-shop.it\/Import\/Prodotti\/le-creuset-saute-alluminio-antiaderente.jpg?ssl=1"},{"@type":"BreadcrumbList","@id":"https:\/\/dev6.erresse-shop.it\/es\/shop\/sartenes-y-ollas\/cazuelas\/le-creuset-sarten-de-aluminio-antiadherente-24-cm\/#breadcrumb","itemListElement":[{"@type":"ListItem","position":1,"name":"Home","item":"https:\/\/dev6.erresse-shop.it\/"},{"@type":"ListItem","position":2,"name":"Tienda","item":"https:\/\/dev6.erresse-shop.it\/shop\/"},{"@type":"ListItem","position":3,"name":"LE CREUSET Sart\u00e9n de aluminio antiadherente 24 cm"}]},{"@type":"WebSite","@id":"https:\/\/dev6.erresse-shop.it\/#website","url":"https:\/\/dev6.erresse-shop.it\/","name":"Erresse Shop","description":"","publisher":{"@id":"https:\/\/dev6.erresse-shop.it\/#organization"},"potentialAction":[{"@type":"SearchAction","target":{"@type":"EntryPoint","urlTemplate":"https:\/\/dev6.erresse-shop.it\/?s={search_term_string}"},"query-input":{"@type":"PropertyValueSpecification","valueRequired":true,"valueName":"search_term_string"}}],"inLanguage":"es"},{"@type":"Organization","@id":"https:\/\/dev6.erresse-shop.it\/#organization","name":"Erresse Shop","url":"https:\/\/dev6.erresse-shop.it\/","logo":{"@type":"ImageObject","inLanguage":"es","@id":"https:\/\/dev6.erresse-shop.it\/#\/schema\/logo\/image\/","url":"https:\/\/dev6.erresse-shop.it\/wp-content\/uploads\/2025\/01\/LOGO-ERRESSE-CLASSICO.svg","contentUrl":"https:\/\/dev6.erresse-shop.it\/wp-content\/uploads\/2025\/01\/LOGO-ERRESSE-CLASSICO.svg","caption":"Erresse Shop"},"image":{"@id":"https:\/\/dev6.erresse-shop.it\/#\/schema\/logo\/image\/"}}]}},"df_price":129.95,"df_sale_price":129.95,"df_regular_price":179,"df_image_link":"https:\/\/i0.wp.com\/interpim.erresse-shop.it\/Import\/Prodotti\/le-creuset-saute-alluminio-antiaderente.jpg?resize=300,300&ssl=1","fifu_image_url":"https:\/\/interpim.erresse-shop.it\/Import\/Prodotti\/le-creuset-saute-alluminio-antiaderente.jpg","_links":{"self":[{"href":"https:\/\/dev6.erresse-shop.it\/es\/wp-json\/wp\/v2\/product\/1876546","targetHints":{"allow":["GET"]}}],"collection":[{"href":"https:\/\/dev6.erresse-shop.it\/es\/wp-json\/wp\/v2\/product"}],"about":[{"href":"https:\/\/dev6.erresse-shop.it\/es\/wp-json\/wp\/v2\/types\/product"}],"wp:featuredmedia":[{"embeddable":true,"href":"https:\/\/dev6.erresse-shop.it\/es\/wp-json\/wp\/v2\/media\/6304768"}],"wp:attachment":[{"href":"https:\/\/dev6.erresse-shop.it\/es\/wp-json\/wp\/v2\/media?parent=1876546"}],"wp:term":[{"taxonomy":"product_cat","embeddable":true,"href":"https:\/\/dev6.erresse-shop.it\/es\/wp-json\/wp\/v2\/product_cat?post=1876546"},{"taxonomy":"product_tag","embeddable":true,"href":"https:\/\/dev6.erresse-shop.it\/es\/wp-json\/wp\/v2\/product_tag?post=1876546"}],"curies":[{"name":"wp","href":"https:\/\/api.w.org\/{rel}","templated":true}]}}