{"id":1876494,"date":"2026-04-21T01:34:34","date_gmt":"2026-04-20T23:34:34","guid":{"rendered":"https:\/\/dev6.erresse-shop.it\/shop\/sin%20categor\u00eda\/le-creuset-lm-250-sacacorchos-palanca-con-corta-capsulas\/"},"modified":"2025-09-14T07:36:54","modified_gmt":"2025-09-14T05:36:54","slug":"le-creuset-lm-250-sacacorchos-palanca-con-corta-capsulas","status":"publish","type":"product","link":"https:\/\/dev6.erresse-shop.it\/es\/shop\/tabla\/vino\/sacacorchos\/le-creuset-lm-250-sacacorchos-palanca-con-corta-capsulas\/","title":{"rendered":"LE CREUSET LM 250 Sacacorchos Palanca con Corta C\u00e1psulas"},"content":{"rendered":"<p>Rendimiento incomparable. Sometido a rigurosas pruebas. Admirado por todos. Esta magistral pieza de ingenier\u00eda te permite abrir las botellas de vino como nunca antes. La innovadora tecnolog\u00eda de rotaci\u00f3n de este dise\u00f1o renovado del sacacorchos de palanca original de Herbert Allen descorcha las botellas sin ninguna dificultad.<\/p>\n<p>Detalles del Producto<br \/>\nMaterial: Termopl\u00e1stico<br \/>\nGarant\u00eda: 10 A\u00f1os<\/p>\n<p>Dimensiones<br \/>\nLongitud: 20.5 cm<br \/>\nAncho: 14 cm<br \/>\nAltura: 6 cm<\/p>\n<p>Usos y Cuidados<br \/>\nAntes de usar nuestros accesorios de vino por primera vez, consulta siempre las instrucciones espec\u00edficas para tu modelo.<\/p>\n<p>Ten cuidado al limpiarlo: el extremo del sacacorchos est\u00e1 afilado.<\/p>\n<p>Limpia el sacacorchos de vez en cuando con un pa\u00f1o h\u00famedo o agua caliente y jab\u00f3n.<\/p>\n<p>S\u00e9calo bien tras el lavado y gu\u00e1rdalo en un lugar seco.<\/p>\n<p>Retira la c\u00e1psula que cubre el corcho y comprueba que el borde y el cuello de la botella no est\u00e9n desconchados ni agrietados.<\/p>\n<p>Sujeta la botella sobre una superficie s\u00f3lida y plana al descorcharla.<\/p>\n<p>Ten cuidado al abrirla: el extremo del sacacorchos est\u00e1 afilado. Aseg\u00farate siempre de que el sacacorchos est\u00e9 bien insertado en el cuello de la botella antes de abrirla.<\/p>\n<p>\u00bfLa espiral del sacacorchos est\u00e1 desgastada? Desenrosca la tapa cromada protectora, retira la espiral vieja y, a continuaci\u00f3n, inserta la espiral nueva y cambia la tapa protectora. En primer lugar, consulta siempre las instrucciones espec\u00edficas para tu modelo.<\/p>\n","protected":false},"excerpt":{"rendered":"<p>Rendimiento incomparable. Sometido a rigurosas pruebas. Admirado por todos. Esta magistral pieza de ingenier\u00eda te permite abrir las botellas de vino como nunca antes. La innovadora tecnolog\u00eda de rotaci\u00f3n de este dise\u00f1o renovado del sacacorchos de palanca original de Herbert Allen descorcha las botellas sin ninguna dificultad. Detalles del Producto Material: Termopl\u00e1stico Garant\u00eda: 10 A\u00f1os [&hellip;]<\/p>\n","protected":false},"featured_media":6707107,"template":"","meta":{"_acf_changed":false},"product_cat":[11972,11887,11961,11745],"product_tag":[],"class_list":{"0":"post-1876494","1":"product","2":"type-product","3":"status-publish","4":"has-post-thumbnail","6":"product_cat-sacacorchos","7":"product_cat-tabla","8":"product_cat-vino","9":"product_cat-enoteca-bar-cavatappi-vino","11":"first","12":"instock","13":"sale","14":"taxable","15":"shipping-taxable","16":"purchasable","17":"product-type-simple","swatches":"rey-swatches","show_selected":"","stretch_labels":"rey-swatches--stretch-labels"},"acf":[],"yoast_head":"<!-- This site is optimized with the Yoast SEO plugin v25.4 - https:\/\/yoast.com\/wordpress\/plugins\/seo\/ -->\n<title>LE CREUSET LM 250 Sacacorchos Palanca con Corta C\u00e1psulas - dev6 Erresse<\/title>\n<meta name=\"description\" content=\"Rendimiento incomparable. Sometido a rigurosas pruebas. Admirado por todos. Esta magistral pieza de ingenier\u00eda te permite abrir las botellas de vino como\" \/>\n<meta name=\"robots\" content=\"noindex, follow, max-snippet:-1, max-image-preview:large, max-video-preview:-1\" \/>\n<meta property=\"og:locale\" content=\"es_ES\" \/>\n<meta property=\"og:type\" content=\"article\" \/>\n<meta property=\"og:title\" content=\"LE CREUSET LM 250 Sacacorchos Palanca con Corta C\u00e1psulas - dev6 Erresse\" \/>\n<meta property=\"og:description\" content=\"Rendimiento incomparable. Sometido a rigurosas pruebas. Admirado por todos. Esta magistral pieza de ingenier\u00eda te permite abrir las botellas de vino como\" \/>\n<meta property=\"og:url\" content=\"https:\/\/dev6.erresse-shop.it\/es\/shop\/tabla\/vino\/sacacorchos\/le-creuset-lm-250-sacacorchos-palanca-con-corta-capsulas\/\" \/>\n<meta property=\"og:site_name\" content=\"dev6 Erresse\" \/>\n<meta property=\"og:image\" content=\"https:\/\/interpim.erresse-shop.it\/Import\/Prodotti\/le-creuset-cavatappi-lm250-acciaio-5.jpg\" \/><meta property=\"og:image\" content=\"https:\/\/interpim.erresse-shop.it\/Import\/Prodotti\/le-creuset-cavatappi-lm250-acciaio-5.jpg\" \/>\n\t<meta property=\"og:image:width\" content=\"1024\" \/>\n\t<meta property=\"og:image:height\" content=\"1024\" \/>\n\t<meta property=\"og:image:type\" content=\"image\/jpeg\" \/>\n<meta name=\"twitter:card\" content=\"summary_large_image\" \/>\n<meta name=\"twitter:image\" content=\"https:\/\/interpim.erresse-shop.it\/Import\/Prodotti\/le-creuset-cavatappi-lm250-acciaio-5.jpg\" \/>\n<script type=\"application\/ld+json\" class=\"yoast-schema-graph\">{\"@context\":\"https:\/\/schema.org\",\"@graph\":[{\"@type\":\"WebPage\",\"@id\":\"https:\/\/dev6.erresse-shop.it\/es\/shop\/tabla\/vino\/sacacorchos\/le-creuset-lm-250-sacacorchos-palanca-con-corta-capsulas\/\",\"url\":\"https:\/\/dev6.erresse-shop.it\/es\/shop\/tabla\/vino\/sacacorchos\/le-creuset-lm-250-sacacorchos-palanca-con-corta-capsulas\/\",\"name\":\"LE CREUSET LM 250 Sacacorchos Palanca con Corta C\u00e1psulas - dev6 Erresse\",\"isPartOf\":{\"@id\":\"https:\/\/dev6.erresse-shop.it\/#website\"},\"primaryImageOfPage\":{\"@id\":\"https:\/\/dev6.erresse-shop.it\/es\/shop\/tabla\/vino\/sacacorchos\/le-creuset-lm-250-sacacorchos-palanca-con-corta-capsulas\/#primaryimage\"},\"image\":{\"@id\":\"https:\/\/dev6.erresse-shop.it\/es\/shop\/tabla\/vino\/sacacorchos\/le-creuset-lm-250-sacacorchos-palanca-con-corta-capsulas\/#primaryimage\"},\"thumbnailUrl\":\"https:\/\/i1.wp.com\/interpim.erresse-shop.it\/Import\/Prodotti\/le-creuset-cavatappi-lm250-acciaio-5.jpg?ssl=1\",\"datePublished\":\"2026-04-20T23:34:34+00:00\",\"description\":\"Rendimiento incomparable. Sometido a rigurosas pruebas. Admirado por todos. Esta magistral pieza de ingenier\u00eda te permite abrir las botellas de vino como\",\"breadcrumb\":{\"@id\":\"https:\/\/dev6.erresse-shop.it\/es\/shop\/tabla\/vino\/sacacorchos\/le-creuset-lm-250-sacacorchos-palanca-con-corta-capsulas\/#breadcrumb\"},\"inLanguage\":\"es\",\"potentialAction\":[{\"@type\":\"ReadAction\",\"target\":[\"https:\/\/dev6.erresse-shop.it\/es\/shop\/tabla\/vino\/sacacorchos\/le-creuset-lm-250-sacacorchos-palanca-con-corta-capsulas\/\"]}]},{\"@type\":\"ImageObject\",\"inLanguage\":\"es\",\"@id\":\"https:\/\/dev6.erresse-shop.it\/es\/shop\/tabla\/vino\/sacacorchos\/le-creuset-lm-250-sacacorchos-palanca-con-corta-capsulas\/#primaryimage\",\"url\":\"https:\/\/i1.wp.com\/interpim.erresse-shop.it\/Import\/Prodotti\/le-creuset-cavatappi-lm250-acciaio-5.jpg?ssl=1\",\"contentUrl\":\"https:\/\/i1.wp.com\/interpim.erresse-shop.it\/Import\/Prodotti\/le-creuset-cavatappi-lm250-acciaio-5.jpg?ssl=1\"},{\"@type\":\"BreadcrumbList\",\"@id\":\"https:\/\/dev6.erresse-shop.it\/es\/shop\/tabla\/vino\/sacacorchos\/le-creuset-lm-250-sacacorchos-palanca-con-corta-capsulas\/#breadcrumb\",\"itemListElement\":[{\"@type\":\"ListItem\",\"position\":1,\"name\":\"Home\",\"item\":\"https:\/\/dev6.erresse-shop.it\/\"},{\"@type\":\"ListItem\",\"position\":2,\"name\":\"Tienda\",\"item\":\"https:\/\/dev6.erresse-shop.it\/shop\/\"},{\"@type\":\"ListItem\",\"position\":3,\"name\":\"LE CREUSET LM 250 Sacacorchos Palanca con Corta C\u00e1psulas\"}]},{\"@type\":\"WebSite\",\"@id\":\"https:\/\/dev6.erresse-shop.it\/#website\",\"url\":\"https:\/\/dev6.erresse-shop.it\/\",\"name\":\"Erresse Shop\",\"description\":\"\",\"publisher\":{\"@id\":\"https:\/\/dev6.erresse-shop.it\/#organization\"},\"potentialAction\":[{\"@type\":\"SearchAction\",\"target\":{\"@type\":\"EntryPoint\",\"urlTemplate\":\"https:\/\/dev6.erresse-shop.it\/?s={search_term_string}\"},\"query-input\":{\"@type\":\"PropertyValueSpecification\",\"valueRequired\":true,\"valueName\":\"search_term_string\"}}],\"inLanguage\":\"es\"},{\"@type\":\"Organization\",\"@id\":\"https:\/\/dev6.erresse-shop.it\/#organization\",\"name\":\"Erresse Shop\",\"url\":\"https:\/\/dev6.erresse-shop.it\/\",\"logo\":{\"@type\":\"ImageObject\",\"inLanguage\":\"es\",\"@id\":\"https:\/\/dev6.erresse-shop.it\/#\/schema\/logo\/image\/\",\"url\":\"https:\/\/dev6.erresse-shop.it\/wp-content\/uploads\/2025\/01\/LOGO-ERRESSE-CLASSICO.svg\",\"contentUrl\":\"https:\/\/dev6.erresse-shop.it\/wp-content\/uploads\/2025\/01\/LOGO-ERRESSE-CLASSICO.svg\",\"caption\":\"Erresse Shop\"},\"image\":{\"@id\":\"https:\/\/dev6.erresse-shop.it\/#\/schema\/logo\/image\/\"}}]}<\/script>\n<!-- \/ Yoast SEO plugin. -->","yoast_head_json":{"title":"LE CREUSET LM 250 Sacacorchos Palanca con Corta C\u00e1psulas - dev6 Erresse","description":"Rendimiento incomparable. Sometido a rigurosas pruebas. Admirado por todos. Esta magistral pieza de ingenier\u00eda te permite abrir las botellas de vino como","robots":{"index":"noindex","follow":"follow","max-snippet":"max-snippet:-1","max-image-preview":"max-image-preview:large","max-video-preview":"max-video-preview:-1"},"og_locale":"es_ES","og_type":"article","og_title":"LE CREUSET LM 250 Sacacorchos Palanca con Corta C\u00e1psulas - dev6 Erresse","og_description":"Rendimiento incomparable. Sometido a rigurosas pruebas. Admirado por todos. Esta magistral pieza de ingenier\u00eda te permite abrir las botellas de vino como","og_url":"https:\/\/dev6.erresse-shop.it\/es\/shop\/tabla\/vino\/sacacorchos\/le-creuset-lm-250-sacacorchos-palanca-con-corta-capsulas\/","og_site_name":"dev6 Erresse","og_image":[{"url":"https:\/\/interpim.erresse-shop.it\/Import\/Prodotti\/le-creuset-cavatappi-lm250-acciaio-5.jpg","type":"","width":"","height":""},{"url":"https:\/\/interpim.erresse-shop.it\/Import\/Prodotti\/le-creuset-cavatappi-lm250-acciaio-5.jpg","width":1024,"height":1024,"type":"image\/jpeg"}],"twitter_card":"summary_large_image","twitter_image":"https:\/\/interpim.erresse-shop.it\/Import\/Prodotti\/le-creuset-cavatappi-lm250-acciaio-5.jpg","schema":{"@context":"https:\/\/schema.org","@graph":[{"@type":"WebPage","@id":"https:\/\/dev6.erresse-shop.it\/es\/shop\/tabla\/vino\/sacacorchos\/le-creuset-lm-250-sacacorchos-palanca-con-corta-capsulas\/","url":"https:\/\/dev6.erresse-shop.it\/es\/shop\/tabla\/vino\/sacacorchos\/le-creuset-lm-250-sacacorchos-palanca-con-corta-capsulas\/","name":"LE CREUSET LM 250 Sacacorchos Palanca con Corta C\u00e1psulas - dev6 Erresse","isPartOf":{"@id":"https:\/\/dev6.erresse-shop.it\/#website"},"primaryImageOfPage":{"@id":"https:\/\/dev6.erresse-shop.it\/es\/shop\/tabla\/vino\/sacacorchos\/le-creuset-lm-250-sacacorchos-palanca-con-corta-capsulas\/#primaryimage"},"image":{"@id":"https:\/\/dev6.erresse-shop.it\/es\/shop\/tabla\/vino\/sacacorchos\/le-creuset-lm-250-sacacorchos-palanca-con-corta-capsulas\/#primaryimage"},"thumbnailUrl":"https:\/\/i1.wp.com\/interpim.erresse-shop.it\/Import\/Prodotti\/le-creuset-cavatappi-lm250-acciaio-5.jpg?ssl=1","datePublished":"2026-04-20T23:34:34+00:00","description":"Rendimiento incomparable. Sometido a rigurosas pruebas. Admirado por todos. Esta magistral pieza de ingenier\u00eda te permite abrir las botellas de vino como","breadcrumb":{"@id":"https:\/\/dev6.erresse-shop.it\/es\/shop\/tabla\/vino\/sacacorchos\/le-creuset-lm-250-sacacorchos-palanca-con-corta-capsulas\/#breadcrumb"},"inLanguage":"es","potentialAction":[{"@type":"ReadAction","target":["https:\/\/dev6.erresse-shop.it\/es\/shop\/tabla\/vino\/sacacorchos\/le-creuset-lm-250-sacacorchos-palanca-con-corta-capsulas\/"]}]},{"@type":"ImageObject","inLanguage":"es","@id":"https:\/\/dev6.erresse-shop.it\/es\/shop\/tabla\/vino\/sacacorchos\/le-creuset-lm-250-sacacorchos-palanca-con-corta-capsulas\/#primaryimage","url":"https:\/\/i1.wp.com\/interpim.erresse-shop.it\/Import\/Prodotti\/le-creuset-cavatappi-lm250-acciaio-5.jpg?ssl=1","contentUrl":"https:\/\/i1.wp.com\/interpim.erresse-shop.it\/Import\/Prodotti\/le-creuset-cavatappi-lm250-acciaio-5.jpg?ssl=1"},{"@type":"BreadcrumbList","@id":"https:\/\/dev6.erresse-shop.it\/es\/shop\/tabla\/vino\/sacacorchos\/le-creuset-lm-250-sacacorchos-palanca-con-corta-capsulas\/#breadcrumb","itemListElement":[{"@type":"ListItem","position":1,"name":"Home","item":"https:\/\/dev6.erresse-shop.it\/"},{"@type":"ListItem","position":2,"name":"Tienda","item":"https:\/\/dev6.erresse-shop.it\/shop\/"},{"@type":"ListItem","position":3,"name":"LE CREUSET LM 250 Sacacorchos Palanca con Corta C\u00e1psulas"}]},{"@type":"WebSite","@id":"https:\/\/dev6.erresse-shop.it\/#website","url":"https:\/\/dev6.erresse-shop.it\/","name":"Erresse Shop","description":"","publisher":{"@id":"https:\/\/dev6.erresse-shop.it\/#organization"},"potentialAction":[{"@type":"SearchAction","target":{"@type":"EntryPoint","urlTemplate":"https:\/\/dev6.erresse-shop.it\/?s={search_term_string}"},"query-input":{"@type":"PropertyValueSpecification","valueRequired":true,"valueName":"search_term_string"}}],"inLanguage":"es"},{"@type":"Organization","@id":"https:\/\/dev6.erresse-shop.it\/#organization","name":"Erresse Shop","url":"https:\/\/dev6.erresse-shop.it\/","logo":{"@type":"ImageObject","inLanguage":"es","@id":"https:\/\/dev6.erresse-shop.it\/#\/schema\/logo\/image\/","url":"https:\/\/dev6.erresse-shop.it\/wp-content\/uploads\/2025\/01\/LOGO-ERRESSE-CLASSICO.svg","contentUrl":"https:\/\/dev6.erresse-shop.it\/wp-content\/uploads\/2025\/01\/LOGO-ERRESSE-CLASSICO.svg","caption":"Erresse Shop"},"image":{"@id":"https:\/\/dev6.erresse-shop.it\/#\/schema\/logo\/image\/"}}]}},"df_price":149.95,"df_sale_price":149.95,"df_regular_price":215,"df_image_link":"https:\/\/i1.wp.com\/interpim.erresse-shop.it\/Import\/Prodotti\/le-creuset-cavatappi-lm250-acciaio-5.jpg?resize=300,300&ssl=1","fifu_image_url":"https:\/\/interpim.erresse-shop.it\/Import\/Prodotti\/le-creuset-cavatappi-lm250-acciaio-5.jpg","_links":{"self":[{"href":"https:\/\/dev6.erresse-shop.it\/es\/wp-json\/wp\/v2\/product\/1876494","targetHints":{"allow":["GET"]}}],"collection":[{"href":"https:\/\/dev6.erresse-shop.it\/es\/wp-json\/wp\/v2\/product"}],"about":[{"href":"https:\/\/dev6.erresse-shop.it\/es\/wp-json\/wp\/v2\/types\/product"}],"wp:featuredmedia":[{"embeddable":true,"href":"https:\/\/dev6.erresse-shop.it\/es\/wp-json\/wp\/v2\/media\/6707107"}],"wp:attachment":[{"href":"https:\/\/dev6.erresse-shop.it\/es\/wp-json\/wp\/v2\/media?parent=1876494"}],"wp:term":[{"taxonomy":"product_cat","embeddable":true,"href":"https:\/\/dev6.erresse-shop.it\/es\/wp-json\/wp\/v2\/product_cat?post=1876494"},{"taxonomy":"product_tag","embeddable":true,"href":"https:\/\/dev6.erresse-shop.it\/es\/wp-json\/wp\/v2\/product_tag?post=1876494"}],"curies":[{"name":"wp","href":"https:\/\/api.w.org\/{rel}","templated":true}]}}