{"id":1876470,"date":"2026-04-16T18:52:35","date_gmt":"2026-04-16T16:52:35","guid":{"rendered":"https:\/\/dev6.erresse-shop.it\/shop\/sin%20categor\u00eda\/staub-wok-con-tapa-en-vidrio-30-cm-verde-basilea\/"},"modified":"2025-09-14T07:36:30","modified_gmt":"2025-09-14T05:36:30","slug":"staub-wok-con-tapa-en-vidrio-30-cm-verde-basilea","status":"publish","type":"product","link":"https:\/\/dev6.erresse-shop.it\/es\/shop\/sartenes-y-ollas\/wok-es\/staub-wok-con-tapa-en-vidrio-30-cm-verde-basilea\/","title":{"rendered":"STAUB Wok con Tapa en Vidrio 30 cm Verde Basilea"},"content":{"rendered":"<p>Con el wok de STAUB, puede preparar recetas tradicionales de pescado, carne, tofu o verduras de la cocina asi\u00e1tica: los ingredientes se cocinan con especial rapidez, ya que se remueven y giran constantemente, y entran en contacto con el hierro fundido caliente por todos los lados. Con este m\u00e9todo de preparaci\u00f3n, las verduras quedan crujientes y los alimentos contienen m\u00e1s nutrientes y vitaminas que con la cocci\u00f3n convencional en una olla. Adem\u00e1s de los fideos de arroz o las verduras salteadas, tambi\u00e9n se pueden preparar guarniciones y, con la ayuda de la parrilla, las bolas de masa rellenas pueden cocinarse f\u00e1cilmente al vapor mientras se cocina otra cosa. La parrilla tambi\u00e9n puede utilizarse como estante para escurrir los alimentos fritos, como los rollitos de primavera. El wok de hierro fundido es apto para su uso en todas las cocinas y en el horno. Este material no s\u00f3lo conduce el calor de forma \u00f3ptima, sino que tambi\u00e9n lo almacena y, por tanto, permite cocinar ahorrando energ\u00eda.<\/p>\n<p>\u2013 Para ricos platos de verduras, pescado, carne y tofu en la cocina asi\u00e1tica.<br \/>\n\u2013 Apto para placas el\u00e9ctricas, de gas, hal\u00f3genas, vitrocer\u00e1micas, de inducci\u00f3n y de horno<br \/>\n\u2013 Pr\u00e1ctica tapa de cristal para controlar el proceso de cocci\u00f3n<br \/>\n\u2013 Cocina de bajo consumo<br \/>\n\u2013 Dimensiones con asas y tapa (ancho x alto): 38,5 x 12 cm, di\u00e1metro: 30 cm, fondo: 15,5 cm<br \/>\n\u2013 Peso con tapa: 4,27 kg<\/p>\n<p>Caracter\u00edsticas<br \/>\n\u2013 Material: hierro fundido<br \/>\n\u2013 Tipo de asa: asa lateral<br \/>\n\u2013 Tapa existente: s\u00ed<br \/>\n\u2013 Inducci\u00f3n: S\u00ed<br \/>\n\u2013 Apto para el horno: S\u00ed<br \/>\n\u2013 Apto para microondas: S\u00ed<br \/>\n\u2013 Apto para el congelador: s\u00ed<br \/>\n\u2013 Apto para la cocina: s\u00ed<br \/>\n\u2013 Apto para el lavavajillas: S\u00ed<\/p>\n<p>Tama\u00f1o<br \/>\n\u2013 Peso neto: 4,27 kg<br \/>\n\u2013 Capacidad: 4,19 l<br \/>\n\u2013 Longitud del producto: 38,50 cm<br \/>\n\u2013 Anchura del producto: 30,00 cm<br \/>\n\u2013 Altura del producto: 12,00 cm<br \/>\n\u2013 Altura sin tapa: 8,50 cm<br \/>\n\u2013 Di\u00e1metro superior: 30,00 cm<br \/>\n\u2013 Di\u00e1metro del fondo: 15,50 cm<\/p>\n","protected":false},"excerpt":{"rendered":"<p>Con el wok de STAUB, puede preparar recetas tradicionales de pescado, carne, tofu o verduras de la cocina asi\u00e1tica: los ingredientes se cocinan con especial rapidez, ya que se remueven y giran constantemente, y entran en contacto con el hierro fundido caliente por todos los lados. Con este m\u00e9todo de preparaci\u00f3n, las verduras quedan crujientes [&hellip;]<\/p>\n","protected":false},"featured_media":6484936,"template":"","meta":{"_acf_changed":false},"product_cat":[11667,11883,11895],"product_tag":[],"class_list":{"0":"post-1876470","1":"product","2":"type-product","3":"status-publish","4":"has-post-thumbnail","6":"product_cat-padelle-pentole","7":"product_cat-sartenes-y-ollas","8":"product_cat-wok-es","10":"first","11":"outofstock","12":"sale","13":"taxable","14":"shipping-taxable","15":"purchasable","16":"product-type-simple","swatches":"rey-swatches","show_selected":"","stretch_labels":"rey-swatches--stretch-labels"},"acf":[],"yoast_head":"<!-- This site is optimized with the Yoast SEO plugin v25.4 - https:\/\/yoast.com\/wordpress\/plugins\/seo\/ -->\n<title>STAUB Wok con Tapa en Vidrio 30 cm Verde Basilea - dev6 Erresse<\/title>\n<meta name=\"description\" content=\"Con el wok de STAUB, puede preparar recetas tradicionales de pescado, carne, tofu o verduras de la cocina asi\u00e1tica: los ingredientes se cocinan con\" \/>\n<meta name=\"robots\" content=\"noindex, follow, max-snippet:-1, max-image-preview:large, max-video-preview:-1\" \/>\n<meta property=\"og:locale\" content=\"es_ES\" \/>\n<meta property=\"og:type\" content=\"article\" \/>\n<meta property=\"og:title\" content=\"STAUB Wok con Tapa en Vidrio 30 cm Verde Basilea - dev6 Erresse\" \/>\n<meta property=\"og:description\" content=\"Con el wok de STAUB, puede preparar recetas tradicionales de pescado, carne, tofu o verduras de la cocina asi\u00e1tica: los ingredientes se cocinan con\" \/>\n<meta property=\"og:url\" content=\"https:\/\/dev6.erresse-shop.it\/es\/shop\/sartenes-y-ollas\/wok-es\/staub-wok-con-tapa-en-vidrio-30-cm-verde-basilea\/\" \/>\n<meta property=\"og:site_name\" content=\"dev6 Erresse\" \/>\n<meta property=\"og:image\" content=\"https:\/\/interpim.erresse-shop.it\/img-catalogo\/staub\/staub-wok-30-cm-con-coperchio-in-vetro-e-griglia-verde-basilico.jpg\" \/><meta property=\"og:image\" content=\"https:\/\/interpim.erresse-shop.it\/img-catalogo\/staub\/staub-wok-30-cm-con-coperchio-in-vetro-e-griglia-verde-basilico.jpg\" \/>\n\t<meta property=\"og:image:width\" content=\"1024\" \/>\n\t<meta property=\"og:image:height\" content=\"1024\" \/>\n\t<meta property=\"og:image:type\" content=\"image\/jpeg\" \/>\n<meta name=\"twitter:card\" content=\"summary_large_image\" \/>\n<meta name=\"twitter:image\" content=\"https:\/\/interpim.erresse-shop.it\/img-catalogo\/staub\/staub-wok-30-cm-con-coperchio-in-vetro-e-griglia-verde-basilico.jpg\" \/>\n<script type=\"application\/ld+json\" class=\"yoast-schema-graph\">{\"@context\":\"https:\/\/schema.org\",\"@graph\":[{\"@type\":\"WebPage\",\"@id\":\"https:\/\/dev6.erresse-shop.it\/es\/shop\/sartenes-y-ollas\/wok-es\/staub-wok-con-tapa-en-vidrio-30-cm-verde-basilea\/\",\"url\":\"https:\/\/dev6.erresse-shop.it\/es\/shop\/sartenes-y-ollas\/wok-es\/staub-wok-con-tapa-en-vidrio-30-cm-verde-basilea\/\",\"name\":\"STAUB Wok con Tapa en Vidrio 30 cm Verde Basilea - dev6 Erresse\",\"isPartOf\":{\"@id\":\"https:\/\/dev6.erresse-shop.it\/#website\"},\"primaryImageOfPage\":{\"@id\":\"https:\/\/dev6.erresse-shop.it\/es\/shop\/sartenes-y-ollas\/wok-es\/staub-wok-con-tapa-en-vidrio-30-cm-verde-basilea\/#primaryimage\"},\"image\":{\"@id\":\"https:\/\/dev6.erresse-shop.it\/es\/shop\/sartenes-y-ollas\/wok-es\/staub-wok-con-tapa-en-vidrio-30-cm-verde-basilea\/#primaryimage\"},\"thumbnailUrl\":\"https:\/\/i1.wp.com\/interpim.erresse-shop.it\/img-catalogo\/staub\/staub-wok-30-cm-con-coperchio-in-vetro-e-griglia-verde-basilico.jpg?ssl=1\",\"datePublished\":\"2026-04-16T16:52:35+00:00\",\"description\":\"Con el wok de STAUB, puede preparar recetas tradicionales de pescado, carne, tofu o verduras de la cocina asi\u00e1tica: los ingredientes se cocinan con\",\"breadcrumb\":{\"@id\":\"https:\/\/dev6.erresse-shop.it\/es\/shop\/sartenes-y-ollas\/wok-es\/staub-wok-con-tapa-en-vidrio-30-cm-verde-basilea\/#breadcrumb\"},\"inLanguage\":\"es\",\"potentialAction\":[{\"@type\":\"ReadAction\",\"target\":[\"https:\/\/dev6.erresse-shop.it\/es\/shop\/sartenes-y-ollas\/wok-es\/staub-wok-con-tapa-en-vidrio-30-cm-verde-basilea\/\"]}]},{\"@type\":\"ImageObject\",\"inLanguage\":\"es\",\"@id\":\"https:\/\/dev6.erresse-shop.it\/es\/shop\/sartenes-y-ollas\/wok-es\/staub-wok-con-tapa-en-vidrio-30-cm-verde-basilea\/#primaryimage\",\"url\":\"https:\/\/i1.wp.com\/interpim.erresse-shop.it\/img-catalogo\/staub\/staub-wok-30-cm-con-coperchio-in-vetro-e-griglia-verde-basilico.jpg?ssl=1\",\"contentUrl\":\"https:\/\/i1.wp.com\/interpim.erresse-shop.it\/img-catalogo\/staub\/staub-wok-30-cm-con-coperchio-in-vetro-e-griglia-verde-basilico.jpg?ssl=1\"},{\"@type\":\"BreadcrumbList\",\"@id\":\"https:\/\/dev6.erresse-shop.it\/es\/shop\/sartenes-y-ollas\/wok-es\/staub-wok-con-tapa-en-vidrio-30-cm-verde-basilea\/#breadcrumb\",\"itemListElement\":[{\"@type\":\"ListItem\",\"position\":1,\"name\":\"Home\",\"item\":\"https:\/\/dev6.erresse-shop.it\/\"},{\"@type\":\"ListItem\",\"position\":2,\"name\":\"Tienda\",\"item\":\"https:\/\/dev6.erresse-shop.it\/shop\/\"},{\"@type\":\"ListItem\",\"position\":3,\"name\":\"STAUB Wok con Tapa en Vidrio 30 cm Verde Basilea\"}]},{\"@type\":\"WebSite\",\"@id\":\"https:\/\/dev6.erresse-shop.it\/#website\",\"url\":\"https:\/\/dev6.erresse-shop.it\/\",\"name\":\"Erresse Shop\",\"description\":\"\",\"publisher\":{\"@id\":\"https:\/\/dev6.erresse-shop.it\/#organization\"},\"potentialAction\":[{\"@type\":\"SearchAction\",\"target\":{\"@type\":\"EntryPoint\",\"urlTemplate\":\"https:\/\/dev6.erresse-shop.it\/?s={search_term_string}\"},\"query-input\":{\"@type\":\"PropertyValueSpecification\",\"valueRequired\":true,\"valueName\":\"search_term_string\"}}],\"inLanguage\":\"es\"},{\"@type\":\"Organization\",\"@id\":\"https:\/\/dev6.erresse-shop.it\/#organization\",\"name\":\"Erresse Shop\",\"url\":\"https:\/\/dev6.erresse-shop.it\/\",\"logo\":{\"@type\":\"ImageObject\",\"inLanguage\":\"es\",\"@id\":\"https:\/\/dev6.erresse-shop.it\/#\/schema\/logo\/image\/\",\"url\":\"https:\/\/dev6.erresse-shop.it\/wp-content\/uploads\/2025\/01\/LOGO-ERRESSE-CLASSICO.svg\",\"contentUrl\":\"https:\/\/dev6.erresse-shop.it\/wp-content\/uploads\/2025\/01\/LOGO-ERRESSE-CLASSICO.svg\",\"caption\":\"Erresse Shop\"},\"image\":{\"@id\":\"https:\/\/dev6.erresse-shop.it\/#\/schema\/logo\/image\/\"}}]}<\/script>\n<!-- \/ Yoast SEO plugin. -->","yoast_head_json":{"title":"STAUB Wok con Tapa en Vidrio 30 cm Verde Basilea - dev6 Erresse","description":"Con el wok de STAUB, puede preparar recetas tradicionales de pescado, carne, tofu o verduras de la cocina asi\u00e1tica: los ingredientes se cocinan con","robots":{"index":"noindex","follow":"follow","max-snippet":"max-snippet:-1","max-image-preview":"max-image-preview:large","max-video-preview":"max-video-preview:-1"},"og_locale":"es_ES","og_type":"article","og_title":"STAUB Wok con Tapa en Vidrio 30 cm Verde Basilea - dev6 Erresse","og_description":"Con el wok de STAUB, puede preparar recetas tradicionales de pescado, carne, tofu o verduras de la cocina asi\u00e1tica: los ingredientes se cocinan con","og_url":"https:\/\/dev6.erresse-shop.it\/es\/shop\/sartenes-y-ollas\/wok-es\/staub-wok-con-tapa-en-vidrio-30-cm-verde-basilea\/","og_site_name":"dev6 Erresse","og_image":[{"url":"https:\/\/interpim.erresse-shop.it\/img-catalogo\/staub\/staub-wok-30-cm-con-coperchio-in-vetro-e-griglia-verde-basilico.jpg","type":"","width":"","height":""},{"url":"https:\/\/interpim.erresse-shop.it\/img-catalogo\/staub\/staub-wok-30-cm-con-coperchio-in-vetro-e-griglia-verde-basilico.jpg","width":1024,"height":1024,"type":"image\/jpeg"}],"twitter_card":"summary_large_image","twitter_image":"https:\/\/interpim.erresse-shop.it\/img-catalogo\/staub\/staub-wok-30-cm-con-coperchio-in-vetro-e-griglia-verde-basilico.jpg","schema":{"@context":"https:\/\/schema.org","@graph":[{"@type":"WebPage","@id":"https:\/\/dev6.erresse-shop.it\/es\/shop\/sartenes-y-ollas\/wok-es\/staub-wok-con-tapa-en-vidrio-30-cm-verde-basilea\/","url":"https:\/\/dev6.erresse-shop.it\/es\/shop\/sartenes-y-ollas\/wok-es\/staub-wok-con-tapa-en-vidrio-30-cm-verde-basilea\/","name":"STAUB Wok con Tapa en Vidrio 30 cm Verde Basilea - dev6 Erresse","isPartOf":{"@id":"https:\/\/dev6.erresse-shop.it\/#website"},"primaryImageOfPage":{"@id":"https:\/\/dev6.erresse-shop.it\/es\/shop\/sartenes-y-ollas\/wok-es\/staub-wok-con-tapa-en-vidrio-30-cm-verde-basilea\/#primaryimage"},"image":{"@id":"https:\/\/dev6.erresse-shop.it\/es\/shop\/sartenes-y-ollas\/wok-es\/staub-wok-con-tapa-en-vidrio-30-cm-verde-basilea\/#primaryimage"},"thumbnailUrl":"https:\/\/i1.wp.com\/interpim.erresse-shop.it\/img-catalogo\/staub\/staub-wok-30-cm-con-coperchio-in-vetro-e-griglia-verde-basilico.jpg?ssl=1","datePublished":"2026-04-16T16:52:35+00:00","description":"Con el wok de STAUB, puede preparar recetas tradicionales de pescado, carne, tofu o verduras de la cocina asi\u00e1tica: los ingredientes se cocinan con","breadcrumb":{"@id":"https:\/\/dev6.erresse-shop.it\/es\/shop\/sartenes-y-ollas\/wok-es\/staub-wok-con-tapa-en-vidrio-30-cm-verde-basilea\/#breadcrumb"},"inLanguage":"es","potentialAction":[{"@type":"ReadAction","target":["https:\/\/dev6.erresse-shop.it\/es\/shop\/sartenes-y-ollas\/wok-es\/staub-wok-con-tapa-en-vidrio-30-cm-verde-basilea\/"]}]},{"@type":"ImageObject","inLanguage":"es","@id":"https:\/\/dev6.erresse-shop.it\/es\/shop\/sartenes-y-ollas\/wok-es\/staub-wok-con-tapa-en-vidrio-30-cm-verde-basilea\/#primaryimage","url":"https:\/\/i1.wp.com\/interpim.erresse-shop.it\/img-catalogo\/staub\/staub-wok-30-cm-con-coperchio-in-vetro-e-griglia-verde-basilico.jpg?ssl=1","contentUrl":"https:\/\/i1.wp.com\/interpim.erresse-shop.it\/img-catalogo\/staub\/staub-wok-30-cm-con-coperchio-in-vetro-e-griglia-verde-basilico.jpg?ssl=1"},{"@type":"BreadcrumbList","@id":"https:\/\/dev6.erresse-shop.it\/es\/shop\/sartenes-y-ollas\/wok-es\/staub-wok-con-tapa-en-vidrio-30-cm-verde-basilea\/#breadcrumb","itemListElement":[{"@type":"ListItem","position":1,"name":"Home","item":"https:\/\/dev6.erresse-shop.it\/"},{"@type":"ListItem","position":2,"name":"Tienda","item":"https:\/\/dev6.erresse-shop.it\/shop\/"},{"@type":"ListItem","position":3,"name":"STAUB Wok con Tapa en Vidrio 30 cm Verde Basilea"}]},{"@type":"WebSite","@id":"https:\/\/dev6.erresse-shop.it\/#website","url":"https:\/\/dev6.erresse-shop.it\/","name":"Erresse Shop","description":"","publisher":{"@id":"https:\/\/dev6.erresse-shop.it\/#organization"},"potentialAction":[{"@type":"SearchAction","target":{"@type":"EntryPoint","urlTemplate":"https:\/\/dev6.erresse-shop.it\/?s={search_term_string}"},"query-input":{"@type":"PropertyValueSpecification","valueRequired":true,"valueName":"search_term_string"}}],"inLanguage":"es"},{"@type":"Organization","@id":"https:\/\/dev6.erresse-shop.it\/#organization","name":"Erresse Shop","url":"https:\/\/dev6.erresse-shop.it\/","logo":{"@type":"ImageObject","inLanguage":"es","@id":"https:\/\/dev6.erresse-shop.it\/#\/schema\/logo\/image\/","url":"https:\/\/dev6.erresse-shop.it\/wp-content\/uploads\/2025\/01\/LOGO-ERRESSE-CLASSICO.svg","contentUrl":"https:\/\/dev6.erresse-shop.it\/wp-content\/uploads\/2025\/01\/LOGO-ERRESSE-CLASSICO.svg","caption":"Erresse Shop"},"image":{"@id":"https:\/\/dev6.erresse-shop.it\/#\/schema\/logo\/image\/"}}]}},"df_price":149.95,"df_sale_price":149.95,"df_regular_price":229,"df_image_link":"https:\/\/i1.wp.com\/interpim.erresse-shop.it\/img-catalogo\/staub\/staub-wok-30-cm-con-coperchio-in-vetro-e-griglia-verde-basilico.jpg?resize=300,300&ssl=1","fifu_image_url":"https:\/\/interpim.erresse-shop.it\/img-catalogo\/staub\/staub-wok-30-cm-con-coperchio-in-vetro-e-griglia-verde-basilico.jpg","_links":{"self":[{"href":"https:\/\/dev6.erresse-shop.it\/es\/wp-json\/wp\/v2\/product\/1876470","targetHints":{"allow":["GET"]}}],"collection":[{"href":"https:\/\/dev6.erresse-shop.it\/es\/wp-json\/wp\/v2\/product"}],"about":[{"href":"https:\/\/dev6.erresse-shop.it\/es\/wp-json\/wp\/v2\/types\/product"}],"wp:featuredmedia":[{"embeddable":true,"href":"https:\/\/dev6.erresse-shop.it\/es\/wp-json\/wp\/v2\/media\/6484936"}],"wp:attachment":[{"href":"https:\/\/dev6.erresse-shop.it\/es\/wp-json\/wp\/v2\/media?parent=1876470"}],"wp:term":[{"taxonomy":"product_cat","embeddable":true,"href":"https:\/\/dev6.erresse-shop.it\/es\/wp-json\/wp\/v2\/product_cat?post=1876470"},{"taxonomy":"product_tag","embeddable":true,"href":"https:\/\/dev6.erresse-shop.it\/es\/wp-json\/wp\/v2\/product_tag?post=1876470"}],"curies":[{"name":"wp","href":"https:\/\/api.w.org\/{rel}","templated":true}]}}