{"id":1876442,"date":"2026-04-21T01:33:49","date_gmt":"2026-04-20T23:33:49","guid":{"rendered":"https:\/\/dev6.erresse-shop.it\/shop\/sin%20categor\u00eda\/zafferano-poldina-pro-xxl-lampara-terra-de-mesa-blanco\/"},"modified":"2025-11-22T18:08:03","modified_gmt":"2025-11-22T17:08:03","slug":"zafferano-poldina-pro-xxl-lampara-terra-de-mesa-blanco","status":"publish","type":"product","link":"https:\/\/dev6.erresse-shop.it\/es\/shop\/mobiliario\/lamparas\/zafferano-poldina-pro-xxl-lampara-terra-de-mesa-blanco\/","title":{"rendered":"ZAFFERANO Poldina PRO XXL L\u00e1mpara Terra\/de Mesa Blanco"},"content":{"rendered":"<p>La Poldina Pro XXL tiene la misma funcionalidad que la Poldina Pro en las versiones maxi, de suelo y de mesa. La recarga es siempre por contacto, pero la duraci\u00f3n aumenta a 15 horas cuando se utiliza con la m\u00e1xima intensidad de luz. Es regulable, con la opci\u00f3n de blanco din\u00e1mico en dos pasos (2700 \u2013 3000K). El grado de protecci\u00f3n es siempre IP54 (totalmente ensamblado), por lo que es adecuado para su uso en interiores y exteriores.<\/p>\n<p>FUNCI\u00d3N DE SELECCI\u00d3N DE LA TEMPERATURA DEL COLOR<br \/>\nPuede elegir una luz m\u00e1s o menos c\u00e1lida, entre las opciones 2700 y 3000K. La diferente tonalidad de la luz se denomina \u201ctemperatura de color\u201d y se mide con grados Kelvin (K): 2700K significa luz c\u00e1lida, 4000K corresponde a una luz completamente blanca, 6500K significa luz fr\u00eda, blanca azulada.<\/p>\n<p>Con la l\u00e1mpara apagada, pulse ligeramente durante 4 segundos hasta que se encienda un LED azul fijo.<br \/>\nUn toque r\u00e1pido en el panel t\u00e1ctil cambia la temperatura del color de la l\u00e1mpara.<br \/>\nPresiona la luz durante 4 segundos para memorizar la nueva temperatura de color y apaga la l\u00e1mpara.<\/p>\n<p>Grado de protecci\u00f3n IP65<br \/>\nEl \u00edndice de protecci\u00f3n IP es un par\u00e1metro internacional que clasifica el grado de protecci\u00f3n de una luminaria contra la intrusi\u00f3n de part\u00edculas s\u00f3lidas y l\u00edquidas. La nueva Poldina ha superado las nuevas pruebas de laboratorio y, por lo tanto, ahora tiene una clase de protecci\u00f3n superior: IP65.<\/p>\n<p>Funci\u00f3n de memoria de regulaci\u00f3n<br \/>\nEsta funci\u00f3n almacena los pasos de regulaci\u00f3n: cada vez que se encienda la luminaria, la intensidad de la luz no ser\u00e1 la m\u00e1xima, sino que corresponder\u00e1 a la previamente ajustada.<\/p>\n<p>DIMENSIONES<br \/>\nAltura: Max 1500 mm \u2013 Min 690 mm<br \/>\nDi\u00e1metro: 280 mm<\/p>\n","protected":false},"excerpt":{"rendered":"<p>La Poldina Pro XXL tiene la misma funcionalidad que la Poldina Pro en las versiones maxi, de suelo y de mesa. La recarga es siempre por contacto, pero la duraci\u00f3n aumenta a 15 horas cuando se utiliza con la m\u00e1xima intensidad de luz. Es regulable, con la opci\u00f3n de blanco din\u00e1mico en dos pasos (2700 [&hellip;]<\/p>\n","protected":false},"featured_media":6706784,"template":"","meta":{"_acf_changed":false},"product_cat":[11666,11911,11882],"product_tag":[],"class_list":{"0":"post-1876442","1":"product","2":"type-product","3":"status-publish","4":"has-post-thumbnail","6":"product_cat-arredamento-casa","7":"product_cat-lamparas","8":"product_cat-mobiliario","10":"first","11":"outofstock","12":"sale","13":"taxable","14":"shipping-taxable","15":"purchasable","16":"product-type-simple","swatches":"rey-swatches","show_selected":"","stretch_labels":"rey-swatches--stretch-labels"},"acf":[],"yoast_head":"<!-- This site is optimized with the Yoast SEO plugin v25.4 - https:\/\/yoast.com\/wordpress\/plugins\/seo\/ -->\n<title>ZAFFERANO Poldina PRO XXL L\u00e1mpara Terra\/de Mesa Blanco - dev6 Erresse<\/title>\n<meta name=\"description\" content=\"La Poldina Pro XXL tiene la misma funcionalidad que la Poldina Pro en las versiones maxi, de suelo y de mesa. La recarga es siempre por contacto, pero la\" \/>\n<meta name=\"robots\" content=\"noindex, follow, max-snippet:-1, max-image-preview:large, max-video-preview:-1\" \/>\n<meta property=\"og:locale\" content=\"es_ES\" \/>\n<meta property=\"og:type\" content=\"article\" \/>\n<meta property=\"og:title\" content=\"ZAFFERANO Poldina PRO XXL L\u00e1mpara Terra\/de Mesa Blanco - dev6 Erresse\" \/>\n<meta property=\"og:description\" content=\"La Poldina Pro XXL tiene la misma funcionalidad que la Poldina Pro en las versiones maxi, de suelo y de mesa. La recarga es siempre por contacto, pero la\" \/>\n<meta property=\"og:url\" content=\"https:\/\/dev6.erresse-shop.it\/es\/shop\/mobiliario\/lamparas\/zafferano-poldina-pro-xxl-lampara-terra-de-mesa-blanco\/\" \/>\n<meta property=\"og:site_name\" content=\"dev6 Erresse\" \/>\n<meta property=\"og:image\" content=\"https:\/\/interpim.erresse-shop.it\/Import\/Prodotti\/poldina-table-lamp-bianco.jpg\" \/><meta property=\"og:image\" content=\"https:\/\/interpim.erresse-shop.it\/Import\/Prodotti\/poldina-table-lamp-bianco.jpg\" \/>\n\t<meta property=\"og:image:width\" content=\"1024\" \/>\n\t<meta property=\"og:image:height\" content=\"1024\" \/>\n\t<meta property=\"og:image:type\" content=\"image\/jpeg\" \/>\n<meta name=\"twitter:card\" content=\"summary_large_image\" \/>\n<meta name=\"twitter:image\" content=\"https:\/\/interpim.erresse-shop.it\/Import\/Prodotti\/poldina-table-lamp-bianco.jpg\" \/>\n<script type=\"application\/ld+json\" class=\"yoast-schema-graph\">{\"@context\":\"https:\/\/schema.org\",\"@graph\":[{\"@type\":\"WebPage\",\"@id\":\"https:\/\/dev6.erresse-shop.it\/es\/shop\/mobiliario\/lamparas\/zafferano-poldina-pro-xxl-lampara-terra-de-mesa-blanco\/\",\"url\":\"https:\/\/dev6.erresse-shop.it\/es\/shop\/mobiliario\/lamparas\/zafferano-poldina-pro-xxl-lampara-terra-de-mesa-blanco\/\",\"name\":\"ZAFFERANO Poldina PRO XXL L\u00e1mpara Terra\/de Mesa Blanco - dev6 Erresse\",\"isPartOf\":{\"@id\":\"https:\/\/dev6.erresse-shop.it\/#website\"},\"primaryImageOfPage\":{\"@id\":\"https:\/\/dev6.erresse-shop.it\/es\/shop\/mobiliario\/lamparas\/zafferano-poldina-pro-xxl-lampara-terra-de-mesa-blanco\/#primaryimage\"},\"image\":{\"@id\":\"https:\/\/dev6.erresse-shop.it\/es\/shop\/mobiliario\/lamparas\/zafferano-poldina-pro-xxl-lampara-terra-de-mesa-blanco\/#primaryimage\"},\"thumbnailUrl\":\"https:\/\/i1.wp.com\/interpim.erresse-shop.it\/Import\/Prodotti\/poldina-table-lamp-bianco.jpg?ssl=1\",\"datePublished\":\"2026-04-20T23:33:49+00:00\",\"description\":\"La Poldina Pro XXL tiene la misma funcionalidad que la Poldina Pro en las versiones maxi, de suelo y de mesa. La recarga es siempre por contacto, pero la\",\"breadcrumb\":{\"@id\":\"https:\/\/dev6.erresse-shop.it\/es\/shop\/mobiliario\/lamparas\/zafferano-poldina-pro-xxl-lampara-terra-de-mesa-blanco\/#breadcrumb\"},\"inLanguage\":\"es\",\"potentialAction\":[{\"@type\":\"ReadAction\",\"target\":[\"https:\/\/dev6.erresse-shop.it\/es\/shop\/mobiliario\/lamparas\/zafferano-poldina-pro-xxl-lampara-terra-de-mesa-blanco\/\"]}]},{\"@type\":\"ImageObject\",\"inLanguage\":\"es\",\"@id\":\"https:\/\/dev6.erresse-shop.it\/es\/shop\/mobiliario\/lamparas\/zafferano-poldina-pro-xxl-lampara-terra-de-mesa-blanco\/#primaryimage\",\"url\":\"https:\/\/i1.wp.com\/interpim.erresse-shop.it\/Import\/Prodotti\/poldina-table-lamp-bianco.jpg?ssl=1\",\"contentUrl\":\"https:\/\/i1.wp.com\/interpim.erresse-shop.it\/Import\/Prodotti\/poldina-table-lamp-bianco.jpg?ssl=1\"},{\"@type\":\"BreadcrumbList\",\"@id\":\"https:\/\/dev6.erresse-shop.it\/es\/shop\/mobiliario\/lamparas\/zafferano-poldina-pro-xxl-lampara-terra-de-mesa-blanco\/#breadcrumb\",\"itemListElement\":[{\"@type\":\"ListItem\",\"position\":1,\"name\":\"Home\",\"item\":\"https:\/\/dev6.erresse-shop.it\/\"},{\"@type\":\"ListItem\",\"position\":2,\"name\":\"Tienda\",\"item\":\"https:\/\/dev6.erresse-shop.it\/shop\/\"},{\"@type\":\"ListItem\",\"position\":3,\"name\":\"ZAFFERANO Poldina PRO XXL L\u00e1mpara Terra\/de Mesa Blanco\"}]},{\"@type\":\"WebSite\",\"@id\":\"https:\/\/dev6.erresse-shop.it\/#website\",\"url\":\"https:\/\/dev6.erresse-shop.it\/\",\"name\":\"Erresse Shop\",\"description\":\"\",\"publisher\":{\"@id\":\"https:\/\/dev6.erresse-shop.it\/#organization\"},\"potentialAction\":[{\"@type\":\"SearchAction\",\"target\":{\"@type\":\"EntryPoint\",\"urlTemplate\":\"https:\/\/dev6.erresse-shop.it\/?s={search_term_string}\"},\"query-input\":{\"@type\":\"PropertyValueSpecification\",\"valueRequired\":true,\"valueName\":\"search_term_string\"}}],\"inLanguage\":\"es\"},{\"@type\":\"Organization\",\"@id\":\"https:\/\/dev6.erresse-shop.it\/#organization\",\"name\":\"Erresse Shop\",\"url\":\"https:\/\/dev6.erresse-shop.it\/\",\"logo\":{\"@type\":\"ImageObject\",\"inLanguage\":\"es\",\"@id\":\"https:\/\/dev6.erresse-shop.it\/#\/schema\/logo\/image\/\",\"url\":\"https:\/\/dev6.erresse-shop.it\/wp-content\/uploads\/2025\/01\/LOGO-ERRESSE-CLASSICO.svg\",\"contentUrl\":\"https:\/\/dev6.erresse-shop.it\/wp-content\/uploads\/2025\/01\/LOGO-ERRESSE-CLASSICO.svg\",\"caption\":\"Erresse Shop\"},\"image\":{\"@id\":\"https:\/\/dev6.erresse-shop.it\/#\/schema\/logo\/image\/\"}}]}<\/script>\n<!-- \/ Yoast SEO plugin. -->","yoast_head_json":{"title":"ZAFFERANO Poldina PRO XXL L\u00e1mpara Terra\/de Mesa Blanco - dev6 Erresse","description":"La Poldina Pro XXL tiene la misma funcionalidad que la Poldina Pro en las versiones maxi, de suelo y de mesa. La recarga es siempre por contacto, pero la","robots":{"index":"noindex","follow":"follow","max-snippet":"max-snippet:-1","max-image-preview":"max-image-preview:large","max-video-preview":"max-video-preview:-1"},"og_locale":"es_ES","og_type":"article","og_title":"ZAFFERANO Poldina PRO XXL L\u00e1mpara Terra\/de Mesa Blanco - dev6 Erresse","og_description":"La Poldina Pro XXL tiene la misma funcionalidad que la Poldina Pro en las versiones maxi, de suelo y de mesa. La recarga es siempre por contacto, pero la","og_url":"https:\/\/dev6.erresse-shop.it\/es\/shop\/mobiliario\/lamparas\/zafferano-poldina-pro-xxl-lampara-terra-de-mesa-blanco\/","og_site_name":"dev6 Erresse","og_image":[{"url":"https:\/\/interpim.erresse-shop.it\/Import\/Prodotti\/poldina-table-lamp-bianco.jpg","type":"","width":"","height":""},{"url":"https:\/\/interpim.erresse-shop.it\/Import\/Prodotti\/poldina-table-lamp-bianco.jpg","width":1024,"height":1024,"type":"image\/jpeg"}],"twitter_card":"summary_large_image","twitter_image":"https:\/\/interpim.erresse-shop.it\/Import\/Prodotti\/poldina-table-lamp-bianco.jpg","schema":{"@context":"https:\/\/schema.org","@graph":[{"@type":"WebPage","@id":"https:\/\/dev6.erresse-shop.it\/es\/shop\/mobiliario\/lamparas\/zafferano-poldina-pro-xxl-lampara-terra-de-mesa-blanco\/","url":"https:\/\/dev6.erresse-shop.it\/es\/shop\/mobiliario\/lamparas\/zafferano-poldina-pro-xxl-lampara-terra-de-mesa-blanco\/","name":"ZAFFERANO Poldina PRO XXL L\u00e1mpara Terra\/de Mesa Blanco - dev6 Erresse","isPartOf":{"@id":"https:\/\/dev6.erresse-shop.it\/#website"},"primaryImageOfPage":{"@id":"https:\/\/dev6.erresse-shop.it\/es\/shop\/mobiliario\/lamparas\/zafferano-poldina-pro-xxl-lampara-terra-de-mesa-blanco\/#primaryimage"},"image":{"@id":"https:\/\/dev6.erresse-shop.it\/es\/shop\/mobiliario\/lamparas\/zafferano-poldina-pro-xxl-lampara-terra-de-mesa-blanco\/#primaryimage"},"thumbnailUrl":"https:\/\/i1.wp.com\/interpim.erresse-shop.it\/Import\/Prodotti\/poldina-table-lamp-bianco.jpg?ssl=1","datePublished":"2026-04-20T23:33:49+00:00","description":"La Poldina Pro XXL tiene la misma funcionalidad que la Poldina Pro en las versiones maxi, de suelo y de mesa. La recarga es siempre por contacto, pero la","breadcrumb":{"@id":"https:\/\/dev6.erresse-shop.it\/es\/shop\/mobiliario\/lamparas\/zafferano-poldina-pro-xxl-lampara-terra-de-mesa-blanco\/#breadcrumb"},"inLanguage":"es","potentialAction":[{"@type":"ReadAction","target":["https:\/\/dev6.erresse-shop.it\/es\/shop\/mobiliario\/lamparas\/zafferano-poldina-pro-xxl-lampara-terra-de-mesa-blanco\/"]}]},{"@type":"ImageObject","inLanguage":"es","@id":"https:\/\/dev6.erresse-shop.it\/es\/shop\/mobiliario\/lamparas\/zafferano-poldina-pro-xxl-lampara-terra-de-mesa-blanco\/#primaryimage","url":"https:\/\/i1.wp.com\/interpim.erresse-shop.it\/Import\/Prodotti\/poldina-table-lamp-bianco.jpg?ssl=1","contentUrl":"https:\/\/i1.wp.com\/interpim.erresse-shop.it\/Import\/Prodotti\/poldina-table-lamp-bianco.jpg?ssl=1"},{"@type":"BreadcrumbList","@id":"https:\/\/dev6.erresse-shop.it\/es\/shop\/mobiliario\/lamparas\/zafferano-poldina-pro-xxl-lampara-terra-de-mesa-blanco\/#breadcrumb","itemListElement":[{"@type":"ListItem","position":1,"name":"Home","item":"https:\/\/dev6.erresse-shop.it\/"},{"@type":"ListItem","position":2,"name":"Tienda","item":"https:\/\/dev6.erresse-shop.it\/shop\/"},{"@type":"ListItem","position":3,"name":"ZAFFERANO Poldina PRO XXL L\u00e1mpara Terra\/de Mesa Blanco"}]},{"@type":"WebSite","@id":"https:\/\/dev6.erresse-shop.it\/#website","url":"https:\/\/dev6.erresse-shop.it\/","name":"Erresse Shop","description":"","publisher":{"@id":"https:\/\/dev6.erresse-shop.it\/#organization"},"potentialAction":[{"@type":"SearchAction","target":{"@type":"EntryPoint","urlTemplate":"https:\/\/dev6.erresse-shop.it\/?s={search_term_string}"},"query-input":{"@type":"PropertyValueSpecification","valueRequired":true,"valueName":"search_term_string"}}],"inLanguage":"es"},{"@type":"Organization","@id":"https:\/\/dev6.erresse-shop.it\/#organization","name":"Erresse Shop","url":"https:\/\/dev6.erresse-shop.it\/","logo":{"@type":"ImageObject","inLanguage":"es","@id":"https:\/\/dev6.erresse-shop.it\/#\/schema\/logo\/image\/","url":"https:\/\/dev6.erresse-shop.it\/wp-content\/uploads\/2025\/01\/LOGO-ERRESSE-CLASSICO.svg","contentUrl":"https:\/\/dev6.erresse-shop.it\/wp-content\/uploads\/2025\/01\/LOGO-ERRESSE-CLASSICO.svg","caption":"Erresse Shop"},"image":{"@id":"https:\/\/dev6.erresse-shop.it\/#\/schema\/logo\/image\/"}}]}},"df_price":299,"df_sale_price":299,"df_regular_price":380,"df_image_link":"https:\/\/i1.wp.com\/interpim.erresse-shop.it\/Import\/Prodotti\/poldina-table-lamp-bianco.jpg?resize=300,300&ssl=1","fifu_image_url":"https:\/\/interpim.erresse-shop.it\/Import\/Prodotti\/poldina-table-lamp-bianco.jpg","_links":{"self":[{"href":"https:\/\/dev6.erresse-shop.it\/es\/wp-json\/wp\/v2\/product\/1876442","targetHints":{"allow":["GET"]}}],"collection":[{"href":"https:\/\/dev6.erresse-shop.it\/es\/wp-json\/wp\/v2\/product"}],"about":[{"href":"https:\/\/dev6.erresse-shop.it\/es\/wp-json\/wp\/v2\/types\/product"}],"wp:featuredmedia":[{"embeddable":true,"href":"https:\/\/dev6.erresse-shop.it\/es\/wp-json\/wp\/v2\/media\/6706784"}],"wp:attachment":[{"href":"https:\/\/dev6.erresse-shop.it\/es\/wp-json\/wp\/v2\/media?parent=1876442"}],"wp:term":[{"taxonomy":"product_cat","embeddable":true,"href":"https:\/\/dev6.erresse-shop.it\/es\/wp-json\/wp\/v2\/product_cat?post=1876442"},{"taxonomy":"product_tag","embeddable":true,"href":"https:\/\/dev6.erresse-shop.it\/es\/wp-json\/wp\/v2\/product_tag?post=1876442"}],"curies":[{"name":"wp","href":"https:\/\/api.w.org\/{rel}","templated":true}]}}