{"id":1876434,"date":"2026-04-12T08:17:47","date_gmt":"2026-04-12T06:17:47","guid":{"rendered":"https:\/\/dev6.erresse-shop.it\/shop\/sin%20categor\u00eda\/le-creuset-bandeja-tarta-tatin-25-cm-cereza\/"},"modified":"2025-09-14T07:35:53","modified_gmt":"2025-09-14T05:35:53","slug":"le-creuset-bandeja-tarta-tatin-25-cm-cereza","status":"publish","type":"product","link":"https:\/\/dev6.erresse-shop.it\/es\/shop\/sartenes-y-ollas\/moldes-para-pasteles-y-creperas\/le-creuset-bandeja-tarta-tatin-25-cm-cereza\/","title":{"rendered":"LE CREUSET Bandeja Tarta Tatin 25 cm Cereza"},"content":{"rendered":"<p>Las recetas de tarta Tatin requieren caramelizar los ingredientes al fuego antes de cubrirlos con una masa y trasladar todo al horno. Gracias a su estructura de hierro fundido de primera clase, esta fuente soporta el horno, los fogones e, incluso, el grill. Es ideal para gratinar, preparar quiches, hacer postres e, incluso, cocinar carnes.<\/p>\n<p>Detalles del Producto<br \/>\nLimpieza r\u00e1pida: el interior esmaltado claro facilita la limpieza.<\/p>\n<p>Incre\u00edblemente pr\u00e1ctico: apto para el horno, los fogones, las placas de inducci\u00f3n y el grill.<\/p>\n<p>Comida exquisita: la estructura de hierro fundido conserva el calor para cocinar y dorar de manera uniforme. Tus deliciosas elaboraciones permanecer\u00e1n calientes en la mesa durante m\u00e1s tiempo.<\/p>\n<p>Agarre f\u00e1cil: las asas c\u00f3modas y elegantes permiten levantarlo sin riesgos.<\/p>\n<p>No al sobrecalentamiento: cocina a fuego medio o bajo constante para cuidar el hierro fundido y disfrutar de unos resultados deliciosos.<\/p>\n<p>T\u00fa decides: est\u00e1 disponible en varios tama\u00f1os para adaptarse a las necesidades de tu cocina.<\/p>\n<p>Material: Hierro Fundido Esmaltado<br \/>\nFabricado en: Francia<br \/>\nGarant\u00eda: Garant\u00eda de por Vida<\/p>\n<p>Fuente de Calor<br \/>\nParrilla<br \/>\nHorno<br \/>\nPlaca el\u00e9ctrica<br \/>\nVitrocer\u00e1mica<br \/>\nGas<br \/>\nPlaca de inducci\u00f3n<\/p>\n<p>Dimensiones<br \/>\nCapacidad: 1.8 l<br \/>\nLongitud: 31.2 cm<br \/>\nAncho: 25 cm<br \/>\nAltura: 5 cm<br \/>\nProfundidad: 4.5 cm<\/p>\n<p>Usos y Cuidados<br \/>\nCompatible con el congelador<\/p>\n<p>Lavaplatos<\/p>\n<p>\u00a1Disfruta desempaquetando tu nueva adquisici\u00f3n! (Y aseg\u00farate de retirar todas las etiquetas y envoltorios).<\/p>\n<p>Lava tu producto Le Creuset con agua caliente y jab\u00f3n, acl\u00e1ralo y s\u00e9calo bien.<\/p>\n<p>Prot\u00e9gete: usa guantes de horno siempre que manipules recipientes calientes.<\/p>\n<p>Te recomendamos utilizar herramientas de silicona, madera o pl\u00e1stico resistentes al calor de Le Creuset. NO utilices cuchillos ni utensilios met\u00e1licos, ya que podr\u00edan rayar y dejar marcas en la superficie esmaltada del producto.<\/p>\n<p>Usa el producto en el fog\u00f3n del tama\u00f1o m\u00e1s adecuado: la comida se cocinar\u00e1 de manera m\u00e1s uniforme y reducir\u00e1s el riesgo de da\u00f1ar las asas y los laterales. Esto es especialmente importante en el caso de placas de inducci\u00f3n: si utilizas un fog\u00f3n de tama\u00f1o inadecuado, existe el riesgo de que no \u201creconozca\u201d el producto.<\/p>\n<p>Cocinar a fuego medio o bajo te permite lograr los mejores resultados, incluso para fre\u00edr y marcar. Si quieres cocinar platos deliciosos de manera uniforme, deja que el recipiente se caliente gradualmente. Si necesitas utilizar fuego fuerte, disminuye la intensidad cuando alcances el calor deseado.<\/p>\n<p>Nunca deslices el producto sobre unos fogones\/una placa con cubierta de cristal, ya que podr\u00edas da\u00f1ar tanto el producto como el cristal. En su lugar, levanta siempre el producto para ponerlo y quitarlo o cambiarlo de lugar.<\/p>\n<p>Espera a que el producto se enfr\u00ede antes de comenzar a limpiarlo.<\/p>\n<p>Retira los restos de la base y los laterales del producto con un pa\u00f1o o servilleta. Si hay comida pegada, llena el producto con agua caliente y jab\u00f3n, deja que se reblandezca durante 15 o 20 minutos y, a continuaci\u00f3n, l\u00e1valo como de costumbre.<\/p>\n<p>No utilices agentes de limpieza abrasivos ni estropajos o escobillas met\u00e1licos sobre ninguna de las superficies.<\/p>\n<p>S\u00e9calo bien tras el lavado y gu\u00e1rdalo en un lugar seco.<\/p>\n","protected":false},"excerpt":{"rendered":"<p>Las recetas de tarta Tatin requieren caramelizar los ingredientes al fuego antes de cubrirlos con una masa y trasladar todo al horno. Gracias a su estructura de hierro fundido de primera clase, esta fuente soporta el horno, los fogones e, incluso, el grill. Es ideal para gratinar, preparar quiches, hacer postres e, incluso, cocinar carnes. [&hellip;]<\/p>\n","protected":false},"featured_media":6345627,"template":"","meta":{"_acf_changed":false},"product_cat":[11942,11919,11883,11703],"product_tag":[],"class_list":{"0":"post-1876434","1":"product","2":"type-product","3":"status-publish","4":"has-post-thumbnail","6":"product_cat-ollas-y-bandejas-de-horno","7":"product_cat-moldes-para-pasteles-y-creperas","8":"product_cat-sartenes-y-ollas","9":"product_cat-altri-prodotti","11":"first","12":"instock","13":"sale","14":"taxable","15":"shipping-taxable","16":"purchasable","17":"product-type-simple","swatches":"rey-swatches","show_selected":"","stretch_labels":"rey-swatches--stretch-labels"},"acf":[],"yoast_head":"<!-- This site is optimized with the Yoast SEO plugin v25.4 - https:\/\/yoast.com\/wordpress\/plugins\/seo\/ -->\n<title>LE CREUSET Bandeja Tarta Tatin 25 cm Cereza - dev6 Erresse<\/title>\n<meta name=\"description\" content=\"Las recetas de tarta Tatin requieren caramelizar los ingredientes al fuego antes de cubrirlos con una masa y trasladar todo al horno. Gracias a su\" \/>\n<meta name=\"robots\" content=\"noindex, follow, max-snippet:-1, max-image-preview:large, max-video-preview:-1\" \/>\n<meta property=\"og:locale\" content=\"es_ES\" \/>\n<meta property=\"og:type\" content=\"article\" \/>\n<meta property=\"og:title\" content=\"LE CREUSET Bandeja Tarta Tatin 25 cm Cereza - dev6 Erresse\" \/>\n<meta property=\"og:description\" content=\"Las recetas de tarta Tatin requieren caramelizar los ingredientes al fuego antes de cubrirlos con una masa y trasladar todo al horno. Gracias a su\" \/>\n<meta property=\"og:url\" content=\"https:\/\/dev6.erresse-shop.it\/es\/shop\/sartenes-y-ollas\/moldes-para-pasteles-y-creperas\/le-creuset-bandeja-tarta-tatin-25-cm-cereza\/\" \/>\n<meta property=\"og:site_name\" content=\"dev6 Erresse\" \/>\n<meta property=\"og:image\" content=\"https:\/\/interpim.erresse-shop.it\/Import\/Prodotti\/le-creuset-tortiera-tarte-tatin-in-ghisa-25-cm-ciliegia.jpg\" \/><meta property=\"og:image\" content=\"https:\/\/interpim.erresse-shop.it\/Import\/Prodotti\/le-creuset-tortiera-tarte-tatin-in-ghisa-25-cm-ciliegia.jpg\" \/>\n\t<meta property=\"og:image:width\" content=\"1024\" \/>\n\t<meta property=\"og:image:height\" content=\"1024\" \/>\n\t<meta property=\"og:image:type\" content=\"image\/jpeg\" \/>\n<meta name=\"twitter:card\" content=\"summary_large_image\" \/>\n<meta name=\"twitter:image\" content=\"https:\/\/interpim.erresse-shop.it\/Import\/Prodotti\/le-creuset-tortiera-tarte-tatin-in-ghisa-25-cm-ciliegia.jpg\" \/>\n<script type=\"application\/ld+json\" class=\"yoast-schema-graph\">{\"@context\":\"https:\/\/schema.org\",\"@graph\":[{\"@type\":\"WebPage\",\"@id\":\"https:\/\/dev6.erresse-shop.it\/es\/shop\/sartenes-y-ollas\/moldes-para-pasteles-y-creperas\/le-creuset-bandeja-tarta-tatin-25-cm-cereza\/\",\"url\":\"https:\/\/dev6.erresse-shop.it\/es\/shop\/sartenes-y-ollas\/moldes-para-pasteles-y-creperas\/le-creuset-bandeja-tarta-tatin-25-cm-cereza\/\",\"name\":\"LE CREUSET Bandeja Tarta Tatin 25 cm Cereza - dev6 Erresse\",\"isPartOf\":{\"@id\":\"https:\/\/dev6.erresse-shop.it\/#website\"},\"primaryImageOfPage\":{\"@id\":\"https:\/\/dev6.erresse-shop.it\/es\/shop\/sartenes-y-ollas\/moldes-para-pasteles-y-creperas\/le-creuset-bandeja-tarta-tatin-25-cm-cereza\/#primaryimage\"},\"image\":{\"@id\":\"https:\/\/dev6.erresse-shop.it\/es\/shop\/sartenes-y-ollas\/moldes-para-pasteles-y-creperas\/le-creuset-bandeja-tarta-tatin-25-cm-cereza\/#primaryimage\"},\"thumbnailUrl\":\"https:\/\/i1.wp.com\/interpim.erresse-shop.it\/Import\/Prodotti\/le-creuset-tortiera-tarte-tatin-in-ghisa-25-cm-ciliegia.jpg?ssl=1\",\"datePublished\":\"2026-04-12T06:17:47+00:00\",\"description\":\"Las recetas de tarta Tatin requieren caramelizar los ingredientes al fuego antes de cubrirlos con una masa y trasladar todo al horno. Gracias a su\",\"breadcrumb\":{\"@id\":\"https:\/\/dev6.erresse-shop.it\/es\/shop\/sartenes-y-ollas\/moldes-para-pasteles-y-creperas\/le-creuset-bandeja-tarta-tatin-25-cm-cereza\/#breadcrumb\"},\"inLanguage\":\"es\",\"potentialAction\":[{\"@type\":\"ReadAction\",\"target\":[\"https:\/\/dev6.erresse-shop.it\/es\/shop\/sartenes-y-ollas\/moldes-para-pasteles-y-creperas\/le-creuset-bandeja-tarta-tatin-25-cm-cereza\/\"]}]},{\"@type\":\"ImageObject\",\"inLanguage\":\"es\",\"@id\":\"https:\/\/dev6.erresse-shop.it\/es\/shop\/sartenes-y-ollas\/moldes-para-pasteles-y-creperas\/le-creuset-bandeja-tarta-tatin-25-cm-cereza\/#primaryimage\",\"url\":\"https:\/\/i1.wp.com\/interpim.erresse-shop.it\/Import\/Prodotti\/le-creuset-tortiera-tarte-tatin-in-ghisa-25-cm-ciliegia.jpg?ssl=1\",\"contentUrl\":\"https:\/\/i1.wp.com\/interpim.erresse-shop.it\/Import\/Prodotti\/le-creuset-tortiera-tarte-tatin-in-ghisa-25-cm-ciliegia.jpg?ssl=1\"},{\"@type\":\"BreadcrumbList\",\"@id\":\"https:\/\/dev6.erresse-shop.it\/es\/shop\/sartenes-y-ollas\/moldes-para-pasteles-y-creperas\/le-creuset-bandeja-tarta-tatin-25-cm-cereza\/#breadcrumb\",\"itemListElement\":[{\"@type\":\"ListItem\",\"position\":1,\"name\":\"Home\",\"item\":\"https:\/\/dev6.erresse-shop.it\/\"},{\"@type\":\"ListItem\",\"position\":2,\"name\":\"Tienda\",\"item\":\"https:\/\/dev6.erresse-shop.it\/shop\/\"},{\"@type\":\"ListItem\",\"position\":3,\"name\":\"LE CREUSET Bandeja Tarta Tatin 25 cm Cereza\"}]},{\"@type\":\"WebSite\",\"@id\":\"https:\/\/dev6.erresse-shop.it\/#website\",\"url\":\"https:\/\/dev6.erresse-shop.it\/\",\"name\":\"Erresse Shop\",\"description\":\"\",\"publisher\":{\"@id\":\"https:\/\/dev6.erresse-shop.it\/#organization\"},\"potentialAction\":[{\"@type\":\"SearchAction\",\"target\":{\"@type\":\"EntryPoint\",\"urlTemplate\":\"https:\/\/dev6.erresse-shop.it\/?s={search_term_string}\"},\"query-input\":{\"@type\":\"PropertyValueSpecification\",\"valueRequired\":true,\"valueName\":\"search_term_string\"}}],\"inLanguage\":\"es\"},{\"@type\":\"Organization\",\"@id\":\"https:\/\/dev6.erresse-shop.it\/#organization\",\"name\":\"Erresse Shop\",\"url\":\"https:\/\/dev6.erresse-shop.it\/\",\"logo\":{\"@type\":\"ImageObject\",\"inLanguage\":\"es\",\"@id\":\"https:\/\/dev6.erresse-shop.it\/#\/schema\/logo\/image\/\",\"url\":\"https:\/\/dev6.erresse-shop.it\/wp-content\/uploads\/2025\/01\/LOGO-ERRESSE-CLASSICO.svg\",\"contentUrl\":\"https:\/\/dev6.erresse-shop.it\/wp-content\/uploads\/2025\/01\/LOGO-ERRESSE-CLASSICO.svg\",\"caption\":\"Erresse Shop\"},\"image\":{\"@id\":\"https:\/\/dev6.erresse-shop.it\/#\/schema\/logo\/image\/\"}}]}<\/script>\n<!-- \/ Yoast SEO plugin. -->","yoast_head_json":{"title":"LE CREUSET Bandeja Tarta Tatin 25 cm Cereza - dev6 Erresse","description":"Las recetas de tarta Tatin requieren caramelizar los ingredientes al fuego antes de cubrirlos con una masa y trasladar todo al horno. Gracias a su","robots":{"index":"noindex","follow":"follow","max-snippet":"max-snippet:-1","max-image-preview":"max-image-preview:large","max-video-preview":"max-video-preview:-1"},"og_locale":"es_ES","og_type":"article","og_title":"LE CREUSET Bandeja Tarta Tatin 25 cm Cereza - dev6 Erresse","og_description":"Las recetas de tarta Tatin requieren caramelizar los ingredientes al fuego antes de cubrirlos con una masa y trasladar todo al horno. Gracias a su","og_url":"https:\/\/dev6.erresse-shop.it\/es\/shop\/sartenes-y-ollas\/moldes-para-pasteles-y-creperas\/le-creuset-bandeja-tarta-tatin-25-cm-cereza\/","og_site_name":"dev6 Erresse","og_image":[{"url":"https:\/\/interpim.erresse-shop.it\/Import\/Prodotti\/le-creuset-tortiera-tarte-tatin-in-ghisa-25-cm-ciliegia.jpg","type":"","width":"","height":""},{"url":"https:\/\/interpim.erresse-shop.it\/Import\/Prodotti\/le-creuset-tortiera-tarte-tatin-in-ghisa-25-cm-ciliegia.jpg","width":1024,"height":1024,"type":"image\/jpeg"}],"twitter_card":"summary_large_image","twitter_image":"https:\/\/interpim.erresse-shop.it\/Import\/Prodotti\/le-creuset-tortiera-tarte-tatin-in-ghisa-25-cm-ciliegia.jpg","schema":{"@context":"https:\/\/schema.org","@graph":[{"@type":"WebPage","@id":"https:\/\/dev6.erresse-shop.it\/es\/shop\/sartenes-y-ollas\/moldes-para-pasteles-y-creperas\/le-creuset-bandeja-tarta-tatin-25-cm-cereza\/","url":"https:\/\/dev6.erresse-shop.it\/es\/shop\/sartenes-y-ollas\/moldes-para-pasteles-y-creperas\/le-creuset-bandeja-tarta-tatin-25-cm-cereza\/","name":"LE CREUSET Bandeja Tarta Tatin 25 cm Cereza - dev6 Erresse","isPartOf":{"@id":"https:\/\/dev6.erresse-shop.it\/#website"},"primaryImageOfPage":{"@id":"https:\/\/dev6.erresse-shop.it\/es\/shop\/sartenes-y-ollas\/moldes-para-pasteles-y-creperas\/le-creuset-bandeja-tarta-tatin-25-cm-cereza\/#primaryimage"},"image":{"@id":"https:\/\/dev6.erresse-shop.it\/es\/shop\/sartenes-y-ollas\/moldes-para-pasteles-y-creperas\/le-creuset-bandeja-tarta-tatin-25-cm-cereza\/#primaryimage"},"thumbnailUrl":"https:\/\/i1.wp.com\/interpim.erresse-shop.it\/Import\/Prodotti\/le-creuset-tortiera-tarte-tatin-in-ghisa-25-cm-ciliegia.jpg?ssl=1","datePublished":"2026-04-12T06:17:47+00:00","description":"Las recetas de tarta Tatin requieren caramelizar los ingredientes al fuego antes de cubrirlos con una masa y trasladar todo al horno. Gracias a su","breadcrumb":{"@id":"https:\/\/dev6.erresse-shop.it\/es\/shop\/sartenes-y-ollas\/moldes-para-pasteles-y-creperas\/le-creuset-bandeja-tarta-tatin-25-cm-cereza\/#breadcrumb"},"inLanguage":"es","potentialAction":[{"@type":"ReadAction","target":["https:\/\/dev6.erresse-shop.it\/es\/shop\/sartenes-y-ollas\/moldes-para-pasteles-y-creperas\/le-creuset-bandeja-tarta-tatin-25-cm-cereza\/"]}]},{"@type":"ImageObject","inLanguage":"es","@id":"https:\/\/dev6.erresse-shop.it\/es\/shop\/sartenes-y-ollas\/moldes-para-pasteles-y-creperas\/le-creuset-bandeja-tarta-tatin-25-cm-cereza\/#primaryimage","url":"https:\/\/i1.wp.com\/interpim.erresse-shop.it\/Import\/Prodotti\/le-creuset-tortiera-tarte-tatin-in-ghisa-25-cm-ciliegia.jpg?ssl=1","contentUrl":"https:\/\/i1.wp.com\/interpim.erresse-shop.it\/Import\/Prodotti\/le-creuset-tortiera-tarte-tatin-in-ghisa-25-cm-ciliegia.jpg?ssl=1"},{"@type":"BreadcrumbList","@id":"https:\/\/dev6.erresse-shop.it\/es\/shop\/sartenes-y-ollas\/moldes-para-pasteles-y-creperas\/le-creuset-bandeja-tarta-tatin-25-cm-cereza\/#breadcrumb","itemListElement":[{"@type":"ListItem","position":1,"name":"Home","item":"https:\/\/dev6.erresse-shop.it\/"},{"@type":"ListItem","position":2,"name":"Tienda","item":"https:\/\/dev6.erresse-shop.it\/shop\/"},{"@type":"ListItem","position":3,"name":"LE CREUSET Bandeja Tarta Tatin 25 cm Cereza"}]},{"@type":"WebSite","@id":"https:\/\/dev6.erresse-shop.it\/#website","url":"https:\/\/dev6.erresse-shop.it\/","name":"Erresse Shop","description":"","publisher":{"@id":"https:\/\/dev6.erresse-shop.it\/#organization"},"potentialAction":[{"@type":"SearchAction","target":{"@type":"EntryPoint","urlTemplate":"https:\/\/dev6.erresse-shop.it\/?s={search_term_string}"},"query-input":{"@type":"PropertyValueSpecification","valueRequired":true,"valueName":"search_term_string"}}],"inLanguage":"es"},{"@type":"Organization","@id":"https:\/\/dev6.erresse-shop.it\/#organization","name":"Erresse Shop","url":"https:\/\/dev6.erresse-shop.it\/","logo":{"@type":"ImageObject","inLanguage":"es","@id":"https:\/\/dev6.erresse-shop.it\/#\/schema\/logo\/image\/","url":"https:\/\/dev6.erresse-shop.it\/wp-content\/uploads\/2025\/01\/LOGO-ERRESSE-CLASSICO.svg","contentUrl":"https:\/\/dev6.erresse-shop.it\/wp-content\/uploads\/2025\/01\/LOGO-ERRESSE-CLASSICO.svg","caption":"Erresse Shop"},"image":{"@id":"https:\/\/dev6.erresse-shop.it\/#\/schema\/logo\/image\/"}}]}},"df_price":123.95,"df_sale_price":123.95,"df_regular_price":169,"df_image_link":"https:\/\/i1.wp.com\/interpim.erresse-shop.it\/Import\/Prodotti\/le-creuset-tortiera-tarte-tatin-in-ghisa-25-cm-ciliegia.jpg?resize=300,300&ssl=1","fifu_image_url":"https:\/\/interpim.erresse-shop.it\/Import\/Prodotti\/le-creuset-tortiera-tarte-tatin-in-ghisa-25-cm-ciliegia.jpg","_links":{"self":[{"href":"https:\/\/dev6.erresse-shop.it\/es\/wp-json\/wp\/v2\/product\/1876434","targetHints":{"allow":["GET"]}}],"collection":[{"href":"https:\/\/dev6.erresse-shop.it\/es\/wp-json\/wp\/v2\/product"}],"about":[{"href":"https:\/\/dev6.erresse-shop.it\/es\/wp-json\/wp\/v2\/types\/product"}],"wp:featuredmedia":[{"embeddable":true,"href":"https:\/\/dev6.erresse-shop.it\/es\/wp-json\/wp\/v2\/media\/6345627"}],"wp:attachment":[{"href":"https:\/\/dev6.erresse-shop.it\/es\/wp-json\/wp\/v2\/media?parent=1876434"}],"wp:term":[{"taxonomy":"product_cat","embeddable":true,"href":"https:\/\/dev6.erresse-shop.it\/es\/wp-json\/wp\/v2\/product_cat?post=1876434"},{"taxonomy":"product_tag","embeddable":true,"href":"https:\/\/dev6.erresse-shop.it\/es\/wp-json\/wp\/v2\/product_tag?post=1876434"}],"curies":[{"name":"wp","href":"https:\/\/api.w.org\/{rel}","templated":true}]}}