{"id":1876392,"date":"2026-04-04T08:16:09","date_gmt":"2026-04-04T06:16:09","guid":{"rendered":"https:\/\/dev6.erresse-shop.it\/shop\/sin%20categor\u00eda\/smeg-aesthetic-50s-espumador-de-leche-azul\/"},"modified":"2025-07-04T21:13:53","modified_gmt":"2025-07-04T19:13:53","slug":"smeg-aesthetic-50s-espumador-de-leche-azul","status":"publish","type":"product","link":"https:\/\/dev6.erresse-shop.it\/es\/shop\/pequenos-electrodomesticos\/espumadores-de-leche\/smeg-aesthetic-50s-espumador-de-leche-azul\/","title":{"rendered":"SMEG Aesthetic 50s Espumador de leche Azul"},"content":{"rendered":"<p>EST\u00c9TICA<br \/>\nAcabado: Brillante<br \/>\nSerie: 50\u2019s Style<br \/>\nEst\u00e9tica: a\u00f1os 50<br \/>\nMaterial del cuerpo: acero inoxidable<br \/>\nMaterial de la tapa: Tritan\u2122 \u2013 transparente<br \/>\nMaterial del tap\u00f3n medidor: Tritan\u2122 \u2013 transparente<br \/>\nMaterial de la jarra: Acero inoxidable<br \/>\nColor del tirador: Gris en el interior \/ Cromo pulido en el exterior<br \/>\nMaterial del mango: Pl\u00e1stico en el interior\/ Acero inoxidable en el exterior<br \/>\nMaterial del cuello Pl\u00e1stico<br \/>\nColor de la base: Cromo pulido<br \/>\nColor del cuello: Cromo pulido<br \/>\nMaterial de la base: pl\u00e1stico<br \/>\nTipo de logotipo: Aplicado<br \/>\nColor del cable de alimentaci\u00f3n: Gris<\/p>\n<p>COMANDOS<br \/>\nTipo de control: Bot\u00f3n, Pomo<br \/>\nMaterial del pomo: Pl\u00e1stico<br \/>\nMaterial de los botones: pl\u00e1stico<\/p>\n<p>PROGRAMAS \/ FUNCIONES<br \/>\nFunci\u00f3n de chocolate caliente: S\u00ed<br \/>\nFunci\u00f3n de leche caliente: S\u00ed<br \/>\nFunci\u00f3n de leche caliente con espuma ligera: S\u00ed<br \/>\nFunci\u00f3n de leche caliente con espuma gruesa: S\u00ed<br \/>\nLeche fr\u00eda con funci\u00f3n de espuma ligera: S\u00ed<br \/>\nLeche fr\u00eda con funci\u00f3n de espuma espesa: S\u00ed<br \/>\nFunci\u00f3n de calor manual: S\u00ed<br \/>\nFunci\u00f3n de fr\u00edo manual: S\u00ed<\/p>\n<p>CARACTER\u00cdSTICAS T\u00c9CNICAS<br \/>\nSistema de inducci\u00f3n con apagado autom\u00e1tico: S\u00ed<br \/>\nTapa medidora extra\u00edble: S\u00ed<br \/>\nJarra extra\u00edble: S\u00ed<br \/>\nCapacidad del espumador de leche: 250 ml \/ 1 taza<br \/>\nCapacidad de la jarra para calentar leche y chocolate: 600 ml \/ 2,5 tazas<br \/>\nBase antideslizante: S\u00ed<br \/>\nEnrollador de cables integrado: S\u00ed<\/p>\n<p>CONEXI\u00d3N EL\u00c9CTRICA<br \/>\nEnchufe: (F;E) Schuko<br \/>\nTensi\u00f3n: 220-240 V<br \/>\nFrecuencia: 50\/60 Hz<br \/>\nTipo de enchufe: Schuko<br \/>\nPotencia: 500 W<br \/>\nLongitud del cable de alimentaci\u00f3n: 1 m<\/p>\n<p>INFORMACI\u00d3N LOG\u00cdSTICA<br \/>\nDimensiones del producto: HxAxP 251 x 184 x 142 mm<br \/>\nAnchura del producto: 184 mm<br \/>\nPeso neto (kg): 1.780 kg<br \/>\nPeso bruto (kg): 3.030 kg<br \/>\nProfundidad del producto: 142 mm<br \/>\nAltura del producto: 251 mm<br \/>\nAnchura del producto embalado: 233 mm<br \/>\nProfundidad del producto embalado: 233 mm<br \/>\nAltura del producto embalado: 337 mm<\/p>\n<p>ACCESORIOS INCLUIDOS<br \/>\nBatidor suave para leche caliente y funci\u00f3n de leche manual: S\u00ed<br \/>\nBatidor con muescas para el espumador de leche y funci\u00f3n manual: S\u00ed<br \/>\nMaterial del batidor: Pl\u00e1stico<br \/>\nBatidora Color: Gris<\/p>\n<p>No se vende fuera de Europa<\/p>\n","protected":false},"excerpt":{"rendered":"<p>EST\u00c9TICA Acabado: Brillante Serie: 50\u2019s Style Est\u00e9tica: a\u00f1os 50 Material del cuerpo: acero inoxidable Material de la tapa: Tritan\u2122 \u2013 transparente Material del tap\u00f3n medidor: Tritan\u2122 \u2013 transparente Material de la jarra: Acero inoxidable Color del tirador: Gris en el interior \/ Cromo pulido en el exterior Material del mango: Pl\u00e1stico en el interior\/ Acero [&hellip;]<\/p>\n","protected":false},"featured_media":6261938,"template":"","meta":{"_acf_changed":false},"product_cat":[11983,11767,11947],"product_tag":[],"class_list":{"0":"post-1876392","1":"product","2":"type-product","3":"status-publish","4":"has-post-thumbnail","6":"product_cat-espumadores-de-leche","7":"product_cat-montalatte","8":"product_cat-pequenos-electrodomesticos","10":"first","11":"outofstock","12":"sale","13":"taxable","14":"shipping-taxable","15":"purchasable","16":"product-type-simple","swatches":"rey-swatches","show_selected":"","stretch_labels":"rey-swatches--stretch-labels"},"acf":[],"yoast_head":"<!-- This site is optimized with the Yoast SEO plugin v25.4 - https:\/\/yoast.com\/wordpress\/plugins\/seo\/ -->\n<title>SMEG Aesthetic 50s Espumador de leche Azul - dev6 Erresse<\/title>\n<meta name=\"description\" content=\"EST\u00c9TICA Acabado: Brillante Serie: 50\u2019s Style Est\u00e9tica: a\u00f1os 50 Material del cuerpo: acero inoxidable Material de la tapa: Tritan\u2122 \u2013 transparente Material\" \/>\n<meta name=\"robots\" content=\"noindex, follow, max-snippet:-1, max-image-preview:large, max-video-preview:-1\" \/>\n<meta property=\"og:locale\" content=\"es_ES\" \/>\n<meta property=\"og:type\" content=\"article\" \/>\n<meta property=\"og:title\" content=\"SMEG Aesthetic 50s Espumador de leche Azul - dev6 Erresse\" \/>\n<meta property=\"og:description\" content=\"EST\u00c9TICA Acabado: Brillante Serie: 50\u2019s Style Est\u00e9tica: a\u00f1os 50 Material del cuerpo: acero inoxidable Material de la tapa: Tritan\u2122 \u2013 transparente Material\" \/>\n<meta property=\"og:url\" content=\"https:\/\/dev6.erresse-shop.it\/es\/shop\/pequenos-electrodomesticos\/espumadores-de-leche\/smeg-aesthetic-50s-espumador-de-leche-azul\/\" \/>\n<meta property=\"og:site_name\" content=\"dev6 Erresse\" \/>\n<meta property=\"og:image\" content=\"https:\/\/interpim.erresse-shop.it\/Import\/Prodotti\/smeg-estetica-anni-50-montalatte-azzurro.jpg\" \/><meta property=\"og:image\" content=\"https:\/\/interpim.erresse-shop.it\/Import\/Prodotti\/smeg-estetica-anni-50-montalatte-azzurro.jpg\" \/>\n\t<meta property=\"og:image:width\" content=\"1024\" \/>\n\t<meta property=\"og:image:height\" content=\"1024\" \/>\n\t<meta property=\"og:image:type\" content=\"image\/jpeg\" \/>\n<meta name=\"twitter:card\" content=\"summary_large_image\" \/>\n<meta name=\"twitter:image\" content=\"https:\/\/interpim.erresse-shop.it\/Import\/Prodotti\/smeg-estetica-anni-50-montalatte-azzurro.jpg\" \/>\n<script type=\"application\/ld+json\" class=\"yoast-schema-graph\">{\"@context\":\"https:\/\/schema.org\",\"@graph\":[{\"@type\":\"WebPage\",\"@id\":\"https:\/\/dev6.erresse-shop.it\/es\/shop\/pequenos-electrodomesticos\/espumadores-de-leche\/smeg-aesthetic-50s-espumador-de-leche-azul\/\",\"url\":\"https:\/\/dev6.erresse-shop.it\/es\/shop\/pequenos-electrodomesticos\/espumadores-de-leche\/smeg-aesthetic-50s-espumador-de-leche-azul\/\",\"name\":\"SMEG Aesthetic 50s Espumador de leche Azul - dev6 Erresse\",\"isPartOf\":{\"@id\":\"https:\/\/dev6.erresse-shop.it\/#website\"},\"primaryImageOfPage\":{\"@id\":\"https:\/\/dev6.erresse-shop.it\/es\/shop\/pequenos-electrodomesticos\/espumadores-de-leche\/smeg-aesthetic-50s-espumador-de-leche-azul\/#primaryimage\"},\"image\":{\"@id\":\"https:\/\/dev6.erresse-shop.it\/es\/shop\/pequenos-electrodomesticos\/espumadores-de-leche\/smeg-aesthetic-50s-espumador-de-leche-azul\/#primaryimage\"},\"thumbnailUrl\":\"https:\/\/i2.wp.com\/interpim.erresse-shop.it\/Import\/Prodotti\/smeg-estetica-anni-50-montalatte-azzurro.jpg?ssl=1\",\"datePublished\":\"2026-04-04T06:16:09+00:00\",\"description\":\"EST\u00c9TICA Acabado: Brillante Serie: 50\u2019s Style Est\u00e9tica: a\u00f1os 50 Material del cuerpo: acero inoxidable Material de la tapa: Tritan\u2122 \u2013 transparente Material\",\"breadcrumb\":{\"@id\":\"https:\/\/dev6.erresse-shop.it\/es\/shop\/pequenos-electrodomesticos\/espumadores-de-leche\/smeg-aesthetic-50s-espumador-de-leche-azul\/#breadcrumb\"},\"inLanguage\":\"es\",\"potentialAction\":[{\"@type\":\"ReadAction\",\"target\":[\"https:\/\/dev6.erresse-shop.it\/es\/shop\/pequenos-electrodomesticos\/espumadores-de-leche\/smeg-aesthetic-50s-espumador-de-leche-azul\/\"]}]},{\"@type\":\"ImageObject\",\"inLanguage\":\"es\",\"@id\":\"https:\/\/dev6.erresse-shop.it\/es\/shop\/pequenos-electrodomesticos\/espumadores-de-leche\/smeg-aesthetic-50s-espumador-de-leche-azul\/#primaryimage\",\"url\":\"https:\/\/i2.wp.com\/interpim.erresse-shop.it\/Import\/Prodotti\/smeg-estetica-anni-50-montalatte-azzurro.jpg?ssl=1\",\"contentUrl\":\"https:\/\/i2.wp.com\/interpim.erresse-shop.it\/Import\/Prodotti\/smeg-estetica-anni-50-montalatte-azzurro.jpg?ssl=1\"},{\"@type\":\"BreadcrumbList\",\"@id\":\"https:\/\/dev6.erresse-shop.it\/es\/shop\/pequenos-electrodomesticos\/espumadores-de-leche\/smeg-aesthetic-50s-espumador-de-leche-azul\/#breadcrumb\",\"itemListElement\":[{\"@type\":\"ListItem\",\"position\":1,\"name\":\"Home\",\"item\":\"https:\/\/dev6.erresse-shop.it\/\"},{\"@type\":\"ListItem\",\"position\":2,\"name\":\"Tienda\",\"item\":\"https:\/\/dev6.erresse-shop.it\/shop\/\"},{\"@type\":\"ListItem\",\"position\":3,\"name\":\"SMEG Aesthetic 50s Espumador de leche Azul\"}]},{\"@type\":\"WebSite\",\"@id\":\"https:\/\/dev6.erresse-shop.it\/#website\",\"url\":\"https:\/\/dev6.erresse-shop.it\/\",\"name\":\"Erresse Shop\",\"description\":\"\",\"publisher\":{\"@id\":\"https:\/\/dev6.erresse-shop.it\/#organization\"},\"potentialAction\":[{\"@type\":\"SearchAction\",\"target\":{\"@type\":\"EntryPoint\",\"urlTemplate\":\"https:\/\/dev6.erresse-shop.it\/?s={search_term_string}\"},\"query-input\":{\"@type\":\"PropertyValueSpecification\",\"valueRequired\":true,\"valueName\":\"search_term_string\"}}],\"inLanguage\":\"es\"},{\"@type\":\"Organization\",\"@id\":\"https:\/\/dev6.erresse-shop.it\/#organization\",\"name\":\"Erresse Shop\",\"url\":\"https:\/\/dev6.erresse-shop.it\/\",\"logo\":{\"@type\":\"ImageObject\",\"inLanguage\":\"es\",\"@id\":\"https:\/\/dev6.erresse-shop.it\/#\/schema\/logo\/image\/\",\"url\":\"https:\/\/dev6.erresse-shop.it\/wp-content\/uploads\/2025\/01\/LOGO-ERRESSE-CLASSICO.svg\",\"contentUrl\":\"https:\/\/dev6.erresse-shop.it\/wp-content\/uploads\/2025\/01\/LOGO-ERRESSE-CLASSICO.svg\",\"caption\":\"Erresse Shop\"},\"image\":{\"@id\":\"https:\/\/dev6.erresse-shop.it\/#\/schema\/logo\/image\/\"}}]}<\/script>\n<!-- \/ Yoast SEO plugin. -->","yoast_head_json":{"title":"SMEG Aesthetic 50s Espumador de leche Azul - dev6 Erresse","description":"EST\u00c9TICA Acabado: Brillante Serie: 50\u2019s Style Est\u00e9tica: a\u00f1os 50 Material del cuerpo: acero inoxidable Material de la tapa: Tritan\u2122 \u2013 transparente Material","robots":{"index":"noindex","follow":"follow","max-snippet":"max-snippet:-1","max-image-preview":"max-image-preview:large","max-video-preview":"max-video-preview:-1"},"og_locale":"es_ES","og_type":"article","og_title":"SMEG Aesthetic 50s Espumador de leche Azul - dev6 Erresse","og_description":"EST\u00c9TICA Acabado: Brillante Serie: 50\u2019s Style Est\u00e9tica: a\u00f1os 50 Material del cuerpo: acero inoxidable Material de la tapa: Tritan\u2122 \u2013 transparente Material","og_url":"https:\/\/dev6.erresse-shop.it\/es\/shop\/pequenos-electrodomesticos\/espumadores-de-leche\/smeg-aesthetic-50s-espumador-de-leche-azul\/","og_site_name":"dev6 Erresse","og_image":[{"url":"https:\/\/interpim.erresse-shop.it\/Import\/Prodotti\/smeg-estetica-anni-50-montalatte-azzurro.jpg","type":"","width":"","height":""},{"url":"https:\/\/interpim.erresse-shop.it\/Import\/Prodotti\/smeg-estetica-anni-50-montalatte-azzurro.jpg","width":1024,"height":1024,"type":"image\/jpeg"}],"twitter_card":"summary_large_image","twitter_image":"https:\/\/interpim.erresse-shop.it\/Import\/Prodotti\/smeg-estetica-anni-50-montalatte-azzurro.jpg","schema":{"@context":"https:\/\/schema.org","@graph":[{"@type":"WebPage","@id":"https:\/\/dev6.erresse-shop.it\/es\/shop\/pequenos-electrodomesticos\/espumadores-de-leche\/smeg-aesthetic-50s-espumador-de-leche-azul\/","url":"https:\/\/dev6.erresse-shop.it\/es\/shop\/pequenos-electrodomesticos\/espumadores-de-leche\/smeg-aesthetic-50s-espumador-de-leche-azul\/","name":"SMEG Aesthetic 50s Espumador de leche Azul - dev6 Erresse","isPartOf":{"@id":"https:\/\/dev6.erresse-shop.it\/#website"},"primaryImageOfPage":{"@id":"https:\/\/dev6.erresse-shop.it\/es\/shop\/pequenos-electrodomesticos\/espumadores-de-leche\/smeg-aesthetic-50s-espumador-de-leche-azul\/#primaryimage"},"image":{"@id":"https:\/\/dev6.erresse-shop.it\/es\/shop\/pequenos-electrodomesticos\/espumadores-de-leche\/smeg-aesthetic-50s-espumador-de-leche-azul\/#primaryimage"},"thumbnailUrl":"https:\/\/i2.wp.com\/interpim.erresse-shop.it\/Import\/Prodotti\/smeg-estetica-anni-50-montalatte-azzurro.jpg?ssl=1","datePublished":"2026-04-04T06:16:09+00:00","description":"EST\u00c9TICA Acabado: Brillante Serie: 50\u2019s Style Est\u00e9tica: a\u00f1os 50 Material del cuerpo: acero inoxidable Material de la tapa: Tritan\u2122 \u2013 transparente Material","breadcrumb":{"@id":"https:\/\/dev6.erresse-shop.it\/es\/shop\/pequenos-electrodomesticos\/espumadores-de-leche\/smeg-aesthetic-50s-espumador-de-leche-azul\/#breadcrumb"},"inLanguage":"es","potentialAction":[{"@type":"ReadAction","target":["https:\/\/dev6.erresse-shop.it\/es\/shop\/pequenos-electrodomesticos\/espumadores-de-leche\/smeg-aesthetic-50s-espumador-de-leche-azul\/"]}]},{"@type":"ImageObject","inLanguage":"es","@id":"https:\/\/dev6.erresse-shop.it\/es\/shop\/pequenos-electrodomesticos\/espumadores-de-leche\/smeg-aesthetic-50s-espumador-de-leche-azul\/#primaryimage","url":"https:\/\/i2.wp.com\/interpim.erresse-shop.it\/Import\/Prodotti\/smeg-estetica-anni-50-montalatte-azzurro.jpg?ssl=1","contentUrl":"https:\/\/i2.wp.com\/interpim.erresse-shop.it\/Import\/Prodotti\/smeg-estetica-anni-50-montalatte-azzurro.jpg?ssl=1"},{"@type":"BreadcrumbList","@id":"https:\/\/dev6.erresse-shop.it\/es\/shop\/pequenos-electrodomesticos\/espumadores-de-leche\/smeg-aesthetic-50s-espumador-de-leche-azul\/#breadcrumb","itemListElement":[{"@type":"ListItem","position":1,"name":"Home","item":"https:\/\/dev6.erresse-shop.it\/"},{"@type":"ListItem","position":2,"name":"Tienda","item":"https:\/\/dev6.erresse-shop.it\/shop\/"},{"@type":"ListItem","position":3,"name":"SMEG Aesthetic 50s Espumador de leche Azul"}]},{"@type":"WebSite","@id":"https:\/\/dev6.erresse-shop.it\/#website","url":"https:\/\/dev6.erresse-shop.it\/","name":"Erresse Shop","description":"","publisher":{"@id":"https:\/\/dev6.erresse-shop.it\/#organization"},"potentialAction":[{"@type":"SearchAction","target":{"@type":"EntryPoint","urlTemplate":"https:\/\/dev6.erresse-shop.it\/?s={search_term_string}"},"query-input":{"@type":"PropertyValueSpecification","valueRequired":true,"valueName":"search_term_string"}}],"inLanguage":"es"},{"@type":"Organization","@id":"https:\/\/dev6.erresse-shop.it\/#organization","name":"Erresse Shop","url":"https:\/\/dev6.erresse-shop.it\/","logo":{"@type":"ImageObject","inLanguage":"es","@id":"https:\/\/dev6.erresse-shop.it\/#\/schema\/logo\/image\/","url":"https:\/\/dev6.erresse-shop.it\/wp-content\/uploads\/2025\/01\/LOGO-ERRESSE-CLASSICO.svg","contentUrl":"https:\/\/dev6.erresse-shop.it\/wp-content\/uploads\/2025\/01\/LOGO-ERRESSE-CLASSICO.svg","caption":"Erresse Shop"},"image":{"@id":"https:\/\/dev6.erresse-shop.it\/#\/schema\/logo\/image\/"}}]}},"df_price":189,"df_sale_price":189,"df_regular_price":199,"df_image_link":"https:\/\/i2.wp.com\/interpim.erresse-shop.it\/Import\/Prodotti\/smeg-estetica-anni-50-montalatte-azzurro.jpg?resize=300,300&ssl=1","fifu_image_url":"https:\/\/interpim.erresse-shop.it\/Import\/Prodotti\/smeg-estetica-anni-50-montalatte-azzurro.jpg","_links":{"self":[{"href":"https:\/\/dev6.erresse-shop.it\/es\/wp-json\/wp\/v2\/product\/1876392","targetHints":{"allow":["GET"]}}],"collection":[{"href":"https:\/\/dev6.erresse-shop.it\/es\/wp-json\/wp\/v2\/product"}],"about":[{"href":"https:\/\/dev6.erresse-shop.it\/es\/wp-json\/wp\/v2\/types\/product"}],"wp:featuredmedia":[{"embeddable":true,"href":"https:\/\/dev6.erresse-shop.it\/es\/wp-json\/wp\/v2\/media\/6261938"}],"wp:attachment":[{"href":"https:\/\/dev6.erresse-shop.it\/es\/wp-json\/wp\/v2\/media?parent=1876392"}],"wp:term":[{"taxonomy":"product_cat","embeddable":true,"href":"https:\/\/dev6.erresse-shop.it\/es\/wp-json\/wp\/v2\/product_cat?post=1876392"},{"taxonomy":"product_tag","embeddable":true,"href":"https:\/\/dev6.erresse-shop.it\/es\/wp-json\/wp\/v2\/product_tag?post=1876392"}],"curies":[{"name":"wp","href":"https:\/\/api.w.org\/{rel}","templated":true}]}}