{"id":1876386,"date":"2026-04-10T08:55:37","date_gmt":"2026-04-10T06:55:37","guid":{"rendered":"https:\/\/dev6.erresse-shop.it\/shop\/sin%20categor\u00eda\/molinillo-de-cafe-smeg-aesthetic-50s-azul\/"},"modified":"2025-07-04T21:13:47","modified_gmt":"2025-07-04T19:13:47","slug":"molinillo-de-cafe-smeg-aesthetic-50s-azul","status":"publish","type":"product","link":"https:\/\/dev6.erresse-shop.it\/es\/shop\/pequenos-electrodomesticos\/molinillos-de-cafe\/molinillo-de-cafe-smeg-aesthetic-50s-azul\/","title":{"rendered":"Molinillo de caf\u00e9 SMEG Aesthetic 50s Azul"},"content":{"rendered":"<p>SMEG 50s Aesthetics MacESTETICA<br \/>\nAcabado: Pulido<br \/>\nSerie: 50s Style<br \/>\nEst\u00e9tica: a\u00f1os 50<br \/>\nMaterial del cuerpo: aluminio fundido a presi\u00f3n<br \/>\nColor de la base: Cromo pulido<br \/>\nMaterial del envase de los granos: Tritan\u2122.<br \/>\nMaterial de la tapa del recipiente de jud\u00edas: Tritan\u2122.<br \/>\nMaterial de la amoladora: Acero inoxidable<br \/>\nTipo de molienda: C\u00f3nica<br \/>\nMaterial de la tapa del recipiente de caf\u00e9 molido: pl\u00e1stico y silicona<br \/>\nMaterial del recipiente de caf\u00e9 molido: Tritan\u2122.<br \/>\nMaterial de la base: pl\u00e1stico<br \/>\nMaterial de la palanca de ajuste de la molienda: SUS 304<\/p>\n<p>COMANDOS<br \/>\nTipo de mandos: Pomo, Bot\u00f3n, Palanca<br \/>\nMaterial del cepillo de limpieza: pl\u00e1stico<br \/>\nMaterial de centrado del filtro: pl\u00e1stico<br \/>\nMaterial del pomo: Pl\u00e1stico<br \/>\nMaterial del platillo: Acero<br \/>\nMaterial de los botones: pl\u00e1stico<\/p>\n<p>PROGRAMAS \/ FUNCIONES<br \/>\nPersonalizaci\u00f3n de la cantidad de caf\u00e9: S\u00ed<br \/>\nContenedor de jud\u00edas con sistema Twist &amp; Lock: S\u00ed<br \/>\nNivel de molido de caf\u00e9 ajustable: S\u00ed<br \/>\nNiveles de molienda disponibles: 30<br \/>\nPasos de rectificado disponibles: FINO , MEDIO , GRUESO<br \/>\nFunciones de espresso: 2<br \/>\nFunciones para el caf\u00e9 americano\/prensa francesa: 6<br \/>\nFunci\u00f3n manual: S\u00ed<\/p>\n<p>CARACTER\u00cdSTICAS T\u00c9CNICAS<br \/>\nBase antideslizante: S\u00ed<br \/>\nSistema antiest\u00e1tico: S\u00ed<br \/>\nCapacidad del contenedor de caf\u00e9 en grano: 350 gr.<br \/>\nCapacidad del recipiente de caf\u00e9 molido: 130 gr.<br \/>\nMolinillo superior extra\u00edble: S\u00ed<br \/>\nPlato extra\u00edble: S\u00ed<br \/>\nRPM: 450<br \/>\nEnrollador de cables integrado: S\u00ed<br \/>\nPotencia: 150 W<\/p>\n<p>CONEXI\u00d3N EL\u00c9CTRICA<br \/>\nEnchufe: (F;E) Schuko<br \/>\nTipo de enchufe: Schuko<br \/>\nTensi\u00f3n (V): 220-240 V<br \/>\nFrecuencia Hz: 50-60 Hz<br \/>\nLongitud del cable de alimentaci\u00f3n: 1 m<\/p>\n<p>INFORMACI\u00d3N LOG\u00cdSTICA<br \/>\nDimensiones del producto Ancho x Alto x Fondo: 250 x 460 x 170 mm<br \/>\nPeso neto (kg): 3.100 kg<br \/>\nPeso bruto (kg): 4.780 kg<br \/>\nProfundidad del producto envasado: 204 mm<br \/>\nAnchura del producto embalado: 288 mm<br \/>\nAltura del producto embalado: 506 mm<\/p>\n<p>ACCESORIOS INCLUIDOS<br \/>\nCepillo de limpieza: S\u00ed<br \/>\nDispositivo de centrado del portafiltro: S\u00ed<br \/>\nContenedor de caf\u00e9 molido: S\u00ed<\/p>\n<p>No se vende fuera de Europa<\/p>\n","protected":false},"excerpt":{"rendered":"<p>SMEG 50s Aesthetics MacESTETICA Acabado: Pulido Serie: 50s Style Est\u00e9tica: a\u00f1os 50 Material del cuerpo: aluminio fundido a presi\u00f3n Color de la base: Cromo pulido Material del envase de los granos: Tritan\u2122. Material de la tapa del recipiente de jud\u00edas: Tritan\u2122. Material de la amoladora: Acero inoxidable Tipo de molienda: C\u00f3nica Material de la tapa [&hellip;]<\/p>\n","protected":false},"featured_media":6303591,"template":"","meta":{"_acf_changed":false},"product_cat":[11765,11981,11947],"product_tag":[],"class_list":{"0":"post-1876386","1":"product","2":"type-product","3":"status-publish","4":"has-post-thumbnail","6":"product_cat-macinacaffe","7":"product_cat-molinillos-de-cafe","8":"product_cat-pequenos-electrodomesticos","10":"first","11":"outofstock","12":"sale","13":"taxable","14":"shipping-taxable","15":"purchasable","16":"product-type-simple","swatches":"rey-swatches","show_selected":"","stretch_labels":"rey-swatches--stretch-labels"},"acf":[],"yoast_head":"<!-- This site is optimized with the Yoast SEO plugin v25.4 - https:\/\/yoast.com\/wordpress\/plugins\/seo\/ -->\n<title>Molinillo de caf\u00e9 SMEG Aesthetic 50s Azul - dev6 Erresse<\/title>\n<meta name=\"description\" content=\"SMEG 50s Aesthetics MacESTETICA Acabado: Pulido Serie: 50s Style Est\u00e9tica: a\u00f1os 50 Material del cuerpo: aluminio fundido a presi\u00f3n Color de la base: Cromo\" \/>\n<meta name=\"robots\" content=\"noindex, follow, max-snippet:-1, max-image-preview:large, max-video-preview:-1\" \/>\n<meta property=\"og:locale\" content=\"es_ES\" \/>\n<meta property=\"og:type\" content=\"article\" \/>\n<meta property=\"og:title\" content=\"Molinillo de caf\u00e9 SMEG Aesthetic 50s Azul - dev6 Erresse\" \/>\n<meta property=\"og:description\" content=\"SMEG 50s Aesthetics MacESTETICA Acabado: Pulido Serie: 50s Style Est\u00e9tica: a\u00f1os 50 Material del cuerpo: aluminio fundido a presi\u00f3n Color de la base: Cromo\" \/>\n<meta property=\"og:url\" content=\"https:\/\/dev6.erresse-shop.it\/es\/shop\/pequenos-electrodomesticos\/molinillos-de-cafe\/molinillo-de-cafe-smeg-aesthetic-50s-azul\/\" \/>\n<meta property=\"og:site_name\" content=\"dev6 Erresse\" \/>\n<meta property=\"og:image\" content=\"https:\/\/interpim.erresse-shop.it\/Import\/Prodotti\/smeg-estetica-anni-50-macinacaffe-azzurro.jpg\" \/><meta property=\"og:image\" content=\"https:\/\/interpim.erresse-shop.it\/Import\/Prodotti\/smeg-estetica-anni-50-macinacaffe-azzurro.jpg\" \/>\n\t<meta property=\"og:image:width\" content=\"1024\" \/>\n\t<meta property=\"og:image:height\" content=\"1024\" \/>\n\t<meta property=\"og:image:type\" content=\"image\/jpeg\" \/>\n<meta name=\"twitter:card\" content=\"summary_large_image\" \/>\n<meta name=\"twitter:image\" content=\"https:\/\/interpim.erresse-shop.it\/Import\/Prodotti\/smeg-estetica-anni-50-macinacaffe-azzurro.jpg\" \/>\n<script type=\"application\/ld+json\" class=\"yoast-schema-graph\">{\"@context\":\"https:\/\/schema.org\",\"@graph\":[{\"@type\":\"WebPage\",\"@id\":\"https:\/\/dev6.erresse-shop.it\/es\/shop\/pequenos-electrodomesticos\/molinillos-de-cafe\/molinillo-de-cafe-smeg-aesthetic-50s-azul\/\",\"url\":\"https:\/\/dev6.erresse-shop.it\/es\/shop\/pequenos-electrodomesticos\/molinillos-de-cafe\/molinillo-de-cafe-smeg-aesthetic-50s-azul\/\",\"name\":\"Molinillo de caf\u00e9 SMEG Aesthetic 50s Azul - dev6 Erresse\",\"isPartOf\":{\"@id\":\"https:\/\/dev6.erresse-shop.it\/#website\"},\"primaryImageOfPage\":{\"@id\":\"https:\/\/dev6.erresse-shop.it\/es\/shop\/pequenos-electrodomesticos\/molinillos-de-cafe\/molinillo-de-cafe-smeg-aesthetic-50s-azul\/#primaryimage\"},\"image\":{\"@id\":\"https:\/\/dev6.erresse-shop.it\/es\/shop\/pequenos-electrodomesticos\/molinillos-de-cafe\/molinillo-de-cafe-smeg-aesthetic-50s-azul\/#primaryimage\"},\"thumbnailUrl\":\"https:\/\/i0.wp.com\/interpim.erresse-shop.it\/Import\/Prodotti\/smeg-estetica-anni-50-macinacaffe-azzurro.jpg?ssl=1\",\"datePublished\":\"2026-04-10T06:55:37+00:00\",\"description\":\"SMEG 50s Aesthetics MacESTETICA Acabado: Pulido Serie: 50s Style Est\u00e9tica: a\u00f1os 50 Material del cuerpo: aluminio fundido a presi\u00f3n Color de la base: Cromo\",\"breadcrumb\":{\"@id\":\"https:\/\/dev6.erresse-shop.it\/es\/shop\/pequenos-electrodomesticos\/molinillos-de-cafe\/molinillo-de-cafe-smeg-aesthetic-50s-azul\/#breadcrumb\"},\"inLanguage\":\"es\",\"potentialAction\":[{\"@type\":\"ReadAction\",\"target\":[\"https:\/\/dev6.erresse-shop.it\/es\/shop\/pequenos-electrodomesticos\/molinillos-de-cafe\/molinillo-de-cafe-smeg-aesthetic-50s-azul\/\"]}]},{\"@type\":\"ImageObject\",\"inLanguage\":\"es\",\"@id\":\"https:\/\/dev6.erresse-shop.it\/es\/shop\/pequenos-electrodomesticos\/molinillos-de-cafe\/molinillo-de-cafe-smeg-aesthetic-50s-azul\/#primaryimage\",\"url\":\"https:\/\/i0.wp.com\/interpim.erresse-shop.it\/Import\/Prodotti\/smeg-estetica-anni-50-macinacaffe-azzurro.jpg?ssl=1\",\"contentUrl\":\"https:\/\/i0.wp.com\/interpim.erresse-shop.it\/Import\/Prodotti\/smeg-estetica-anni-50-macinacaffe-azzurro.jpg?ssl=1\"},{\"@type\":\"BreadcrumbList\",\"@id\":\"https:\/\/dev6.erresse-shop.it\/es\/shop\/pequenos-electrodomesticos\/molinillos-de-cafe\/molinillo-de-cafe-smeg-aesthetic-50s-azul\/#breadcrumb\",\"itemListElement\":[{\"@type\":\"ListItem\",\"position\":1,\"name\":\"Home\",\"item\":\"https:\/\/dev6.erresse-shop.it\/\"},{\"@type\":\"ListItem\",\"position\":2,\"name\":\"Tienda\",\"item\":\"https:\/\/dev6.erresse-shop.it\/shop\/\"},{\"@type\":\"ListItem\",\"position\":3,\"name\":\"Molinillo de caf\u00e9 SMEG Aesthetic 50s Azul\"}]},{\"@type\":\"WebSite\",\"@id\":\"https:\/\/dev6.erresse-shop.it\/#website\",\"url\":\"https:\/\/dev6.erresse-shop.it\/\",\"name\":\"Erresse Shop\",\"description\":\"\",\"publisher\":{\"@id\":\"https:\/\/dev6.erresse-shop.it\/#organization\"},\"potentialAction\":[{\"@type\":\"SearchAction\",\"target\":{\"@type\":\"EntryPoint\",\"urlTemplate\":\"https:\/\/dev6.erresse-shop.it\/?s={search_term_string}\"},\"query-input\":{\"@type\":\"PropertyValueSpecification\",\"valueRequired\":true,\"valueName\":\"search_term_string\"}}],\"inLanguage\":\"es\"},{\"@type\":\"Organization\",\"@id\":\"https:\/\/dev6.erresse-shop.it\/#organization\",\"name\":\"Erresse Shop\",\"url\":\"https:\/\/dev6.erresse-shop.it\/\",\"logo\":{\"@type\":\"ImageObject\",\"inLanguage\":\"es\",\"@id\":\"https:\/\/dev6.erresse-shop.it\/#\/schema\/logo\/image\/\",\"url\":\"https:\/\/dev6.erresse-shop.it\/wp-content\/uploads\/2025\/01\/LOGO-ERRESSE-CLASSICO.svg\",\"contentUrl\":\"https:\/\/dev6.erresse-shop.it\/wp-content\/uploads\/2025\/01\/LOGO-ERRESSE-CLASSICO.svg\",\"caption\":\"Erresse Shop\"},\"image\":{\"@id\":\"https:\/\/dev6.erresse-shop.it\/#\/schema\/logo\/image\/\"}}]}<\/script>\n<!-- \/ Yoast SEO plugin. -->","yoast_head_json":{"title":"Molinillo de caf\u00e9 SMEG Aesthetic 50s Azul - dev6 Erresse","description":"SMEG 50s Aesthetics MacESTETICA Acabado: Pulido Serie: 50s Style Est\u00e9tica: a\u00f1os 50 Material del cuerpo: aluminio fundido a presi\u00f3n Color de la base: Cromo","robots":{"index":"noindex","follow":"follow","max-snippet":"max-snippet:-1","max-image-preview":"max-image-preview:large","max-video-preview":"max-video-preview:-1"},"og_locale":"es_ES","og_type":"article","og_title":"Molinillo de caf\u00e9 SMEG Aesthetic 50s Azul - dev6 Erresse","og_description":"SMEG 50s Aesthetics MacESTETICA Acabado: Pulido Serie: 50s Style Est\u00e9tica: a\u00f1os 50 Material del cuerpo: aluminio fundido a presi\u00f3n Color de la base: Cromo","og_url":"https:\/\/dev6.erresse-shop.it\/es\/shop\/pequenos-electrodomesticos\/molinillos-de-cafe\/molinillo-de-cafe-smeg-aesthetic-50s-azul\/","og_site_name":"dev6 Erresse","og_image":[{"url":"https:\/\/interpim.erresse-shop.it\/Import\/Prodotti\/smeg-estetica-anni-50-macinacaffe-azzurro.jpg","type":"","width":"","height":""},{"url":"https:\/\/interpim.erresse-shop.it\/Import\/Prodotti\/smeg-estetica-anni-50-macinacaffe-azzurro.jpg","width":1024,"height":1024,"type":"image\/jpeg"}],"twitter_card":"summary_large_image","twitter_image":"https:\/\/interpim.erresse-shop.it\/Import\/Prodotti\/smeg-estetica-anni-50-macinacaffe-azzurro.jpg","schema":{"@context":"https:\/\/schema.org","@graph":[{"@type":"WebPage","@id":"https:\/\/dev6.erresse-shop.it\/es\/shop\/pequenos-electrodomesticos\/molinillos-de-cafe\/molinillo-de-cafe-smeg-aesthetic-50s-azul\/","url":"https:\/\/dev6.erresse-shop.it\/es\/shop\/pequenos-electrodomesticos\/molinillos-de-cafe\/molinillo-de-cafe-smeg-aesthetic-50s-azul\/","name":"Molinillo de caf\u00e9 SMEG Aesthetic 50s Azul - dev6 Erresse","isPartOf":{"@id":"https:\/\/dev6.erresse-shop.it\/#website"},"primaryImageOfPage":{"@id":"https:\/\/dev6.erresse-shop.it\/es\/shop\/pequenos-electrodomesticos\/molinillos-de-cafe\/molinillo-de-cafe-smeg-aesthetic-50s-azul\/#primaryimage"},"image":{"@id":"https:\/\/dev6.erresse-shop.it\/es\/shop\/pequenos-electrodomesticos\/molinillos-de-cafe\/molinillo-de-cafe-smeg-aesthetic-50s-azul\/#primaryimage"},"thumbnailUrl":"https:\/\/i0.wp.com\/interpim.erresse-shop.it\/Import\/Prodotti\/smeg-estetica-anni-50-macinacaffe-azzurro.jpg?ssl=1","datePublished":"2026-04-10T06:55:37+00:00","description":"SMEG 50s Aesthetics MacESTETICA Acabado: Pulido Serie: 50s Style Est\u00e9tica: a\u00f1os 50 Material del cuerpo: aluminio fundido a presi\u00f3n Color de la base: Cromo","breadcrumb":{"@id":"https:\/\/dev6.erresse-shop.it\/es\/shop\/pequenos-electrodomesticos\/molinillos-de-cafe\/molinillo-de-cafe-smeg-aesthetic-50s-azul\/#breadcrumb"},"inLanguage":"es","potentialAction":[{"@type":"ReadAction","target":["https:\/\/dev6.erresse-shop.it\/es\/shop\/pequenos-electrodomesticos\/molinillos-de-cafe\/molinillo-de-cafe-smeg-aesthetic-50s-azul\/"]}]},{"@type":"ImageObject","inLanguage":"es","@id":"https:\/\/dev6.erresse-shop.it\/es\/shop\/pequenos-electrodomesticos\/molinillos-de-cafe\/molinillo-de-cafe-smeg-aesthetic-50s-azul\/#primaryimage","url":"https:\/\/i0.wp.com\/interpim.erresse-shop.it\/Import\/Prodotti\/smeg-estetica-anni-50-macinacaffe-azzurro.jpg?ssl=1","contentUrl":"https:\/\/i0.wp.com\/interpim.erresse-shop.it\/Import\/Prodotti\/smeg-estetica-anni-50-macinacaffe-azzurro.jpg?ssl=1"},{"@type":"BreadcrumbList","@id":"https:\/\/dev6.erresse-shop.it\/es\/shop\/pequenos-electrodomesticos\/molinillos-de-cafe\/molinillo-de-cafe-smeg-aesthetic-50s-azul\/#breadcrumb","itemListElement":[{"@type":"ListItem","position":1,"name":"Home","item":"https:\/\/dev6.erresse-shop.it\/"},{"@type":"ListItem","position":2,"name":"Tienda","item":"https:\/\/dev6.erresse-shop.it\/shop\/"},{"@type":"ListItem","position":3,"name":"Molinillo de caf\u00e9 SMEG Aesthetic 50s Azul"}]},{"@type":"WebSite","@id":"https:\/\/dev6.erresse-shop.it\/#website","url":"https:\/\/dev6.erresse-shop.it\/","name":"Erresse Shop","description":"","publisher":{"@id":"https:\/\/dev6.erresse-shop.it\/#organization"},"potentialAction":[{"@type":"SearchAction","target":{"@type":"EntryPoint","urlTemplate":"https:\/\/dev6.erresse-shop.it\/?s={search_term_string}"},"query-input":{"@type":"PropertyValueSpecification","valueRequired":true,"valueName":"search_term_string"}}],"inLanguage":"es"},{"@type":"Organization","@id":"https:\/\/dev6.erresse-shop.it\/#organization","name":"Erresse Shop","url":"https:\/\/dev6.erresse-shop.it\/","logo":{"@type":"ImageObject","inLanguage":"es","@id":"https:\/\/dev6.erresse-shop.it\/#\/schema\/logo\/image\/","url":"https:\/\/dev6.erresse-shop.it\/wp-content\/uploads\/2025\/01\/LOGO-ERRESSE-CLASSICO.svg","contentUrl":"https:\/\/dev6.erresse-shop.it\/wp-content\/uploads\/2025\/01\/LOGO-ERRESSE-CLASSICO.svg","caption":"Erresse Shop"},"image":{"@id":"https:\/\/dev6.erresse-shop.it\/#\/schema\/logo\/image\/"}}]}},"df_price":229,"df_sale_price":229,"df_regular_price":249,"df_image_link":"https:\/\/i0.wp.com\/interpim.erresse-shop.it\/Import\/Prodotti\/smeg-estetica-anni-50-macinacaffe-azzurro.jpg?resize=300,300&ssl=1","fifu_image_url":"https:\/\/interpim.erresse-shop.it\/Import\/Prodotti\/smeg-estetica-anni-50-macinacaffe-azzurro.jpg","_links":{"self":[{"href":"https:\/\/dev6.erresse-shop.it\/es\/wp-json\/wp\/v2\/product\/1876386","targetHints":{"allow":["GET"]}}],"collection":[{"href":"https:\/\/dev6.erresse-shop.it\/es\/wp-json\/wp\/v2\/product"}],"about":[{"href":"https:\/\/dev6.erresse-shop.it\/es\/wp-json\/wp\/v2\/types\/product"}],"wp:featuredmedia":[{"embeddable":true,"href":"https:\/\/dev6.erresse-shop.it\/es\/wp-json\/wp\/v2\/media\/6303591"}],"wp:attachment":[{"href":"https:\/\/dev6.erresse-shop.it\/es\/wp-json\/wp\/v2\/media?parent=1876386"}],"wp:term":[{"taxonomy":"product_cat","embeddable":true,"href":"https:\/\/dev6.erresse-shop.it\/es\/wp-json\/wp\/v2\/product_cat?post=1876386"},{"taxonomy":"product_tag","embeddable":true,"href":"https:\/\/dev6.erresse-shop.it\/es\/wp-json\/wp\/v2\/product_tag?post=1876386"}],"curies":[{"name":"wp","href":"https:\/\/api.w.org\/{rel}","templated":true}]}}