{"id":1876322,"date":"2026-04-12T08:15:51","date_gmt":"2026-04-12T06:15:51","guid":{"rendered":"https:\/\/dev6.erresse-shop.it\/shop\/sin%20categor\u00eda\/seletti-jarron-cosmic-diner-starman-oro\/"},"modified":"2025-09-14T07:34:29","modified_gmt":"2025-09-14T05:34:29","slug":"seletti-jarron-cosmic-diner-starman-oro","status":"publish","type":"product","link":"https:\/\/dev6.erresse-shop.it\/es\/shop\/mobiliario\/jarrones\/seletti-jarron-cosmic-diner-starman-oro\/","title":{"rendered":"SELETTI Jarr\u00f3n Cosmic Diner Starman Oro"},"content":{"rendered":"<p>Seletti, una historia empresarial de visi\u00f3n y evoluci\u00f3n. Una historia que comenz\u00f3 en 1964 en Cicognara (Mantua). Hoy Seletti colabora con j\u00f3venes dise\u00f1adores italianos e internacionales, j\u00f3venes que se est\u00e1n haciendo un nombre r\u00e1pidamente, el deseo es crear un grupo para crecer y evolucionar juntos, un reto que est\u00e1 dando grandes resultados: \u201cTambi\u00e9n estoy colaborando con personas y personalidades ajenas al mundo del dise\u00f1o en sentido estricto: artistas, visionarios, con los que me gustar\u00eda cruzar algunas \u201cbarreras\u201d. Mi inusual formaci\u00f3n no acad\u00e9mica me lleva naturalmente a ser \u201ctransversal\u201d, un viaje a la idea de \u201cuna nueva belleza\u201d. Esto es para nosotros la (r)evoluci\u00f3n\u201d.<\/p>\n<p>Una de las estrellas de la colecci\u00f3n Cosmic Diner se convierte en oro: el jarr\u00f3n Starman arde con fuerza y se convierte en un ganador del Oscar gal\u00e1ctico. S\u00f3lo para los verdaderos amantes de la Odisea del Espacio.<\/p>\n<p>Material: porcelana<br \/>\nTama\u00f1o: H. cm 28<\/p>\n<p>Dise\u00f1o de DIESEL<\/p>\n","protected":false},"excerpt":{"rendered":"<p>Seletti, una historia empresarial de visi\u00f3n y evoluci\u00f3n. Una historia que comenz\u00f3 en 1964 en Cicognara (Mantua). Hoy Seletti colabora con j\u00f3venes dise\u00f1adores italianos e internacionales, j\u00f3venes que se est\u00e1n haciendo un nombre r\u00e1pidamente, el deseo es crear un grupo para crecer y evolucionar juntos, un reto que est\u00e1 dando grandes resultados: \u201cTambi\u00e9n estoy colaborando [&hellip;]<\/p>\n","protected":false},"featured_media":6344928,"template":"","meta":{"_acf_changed":false},"product_cat":[11666,11910,11882],"product_tag":[],"class_list":{"0":"post-1876322","1":"product","2":"type-product","3":"status-publish","4":"has-post-thumbnail","6":"product_cat-arredamento-casa","7":"product_cat-jarrones","8":"product_cat-mobiliario","10":"first","11":"outofstock","12":"sale","13":"taxable","14":"shipping-taxable","15":"purchasable","16":"product-type-simple","swatches":"rey-swatches","show_selected":"","stretch_labels":"rey-swatches--stretch-labels"},"acf":[],"yoast_head":"<!-- This site is optimized with the Yoast SEO plugin v25.4 - https:\/\/yoast.com\/wordpress\/plugins\/seo\/ -->\n<title>SELETTI Jarr\u00f3n Cosmic Diner Starman Oro - dev6 Erresse<\/title>\n<meta name=\"description\" content=\"Seletti, una historia empresarial de visi\u00f3n y evoluci\u00f3n. Una historia que comenz\u00f3 en 1964 en Cicognara (Mantua). Hoy Seletti colabora con j\u00f3venes\" \/>\n<meta name=\"robots\" content=\"noindex, follow, max-snippet:-1, max-image-preview:large, max-video-preview:-1\" \/>\n<meta property=\"og:locale\" content=\"es_ES\" \/>\n<meta property=\"og:type\" content=\"article\" \/>\n<meta property=\"og:title\" content=\"SELETTI Jarr\u00f3n Cosmic Diner Starman Oro - dev6 Erresse\" \/>\n<meta property=\"og:description\" content=\"Seletti, una historia empresarial de visi\u00f3n y evoluci\u00f3n. Una historia que comenz\u00f3 en 1964 en Cicognara (Mantua). Hoy Seletti colabora con j\u00f3venes\" \/>\n<meta property=\"og:url\" content=\"https:\/\/dev6.erresse-shop.it\/es\/shop\/mobiliario\/jarrones\/seletti-jarron-cosmic-diner-starman-oro\/\" \/>\n<meta property=\"og:site_name\" content=\"dev6 Erresse\" \/>\n<meta property=\"og:image\" content=\"https:\/\/interpim.erresse-shop.it\/Import\/Prodotti\/products-10933.jpg\" \/><meta property=\"og:image\" content=\"https:\/\/interpim.erresse-shop.it\/Import\/Prodotti\/products-10933.jpg\" \/>\n\t<meta property=\"og:image:width\" content=\"1024\" \/>\n\t<meta property=\"og:image:height\" content=\"1024\" \/>\n\t<meta property=\"og:image:type\" content=\"image\/jpeg\" \/>\n<meta name=\"twitter:card\" content=\"summary_large_image\" \/>\n<meta name=\"twitter:image\" content=\"https:\/\/interpim.erresse-shop.it\/Import\/Prodotti\/products-10933.jpg\" \/>\n<script type=\"application\/ld+json\" class=\"yoast-schema-graph\">{\"@context\":\"https:\/\/schema.org\",\"@graph\":[{\"@type\":\"WebPage\",\"@id\":\"https:\/\/dev6.erresse-shop.it\/es\/shop\/mobiliario\/jarrones\/seletti-jarron-cosmic-diner-starman-oro\/\",\"url\":\"https:\/\/dev6.erresse-shop.it\/es\/shop\/mobiliario\/jarrones\/seletti-jarron-cosmic-diner-starman-oro\/\",\"name\":\"SELETTI Jarr\u00f3n Cosmic Diner Starman Oro - dev6 Erresse\",\"isPartOf\":{\"@id\":\"https:\/\/dev6.erresse-shop.it\/#website\"},\"primaryImageOfPage\":{\"@id\":\"https:\/\/dev6.erresse-shop.it\/es\/shop\/mobiliario\/jarrones\/seletti-jarron-cosmic-diner-starman-oro\/#primaryimage\"},\"image\":{\"@id\":\"https:\/\/dev6.erresse-shop.it\/es\/shop\/mobiliario\/jarrones\/seletti-jarron-cosmic-diner-starman-oro\/#primaryimage\"},\"thumbnailUrl\":\"https:\/\/i1.wp.com\/interpim.erresse-shop.it\/Import\/Prodotti\/products-10933.jpg?ssl=1\",\"datePublished\":\"2026-04-12T06:15:51+00:00\",\"description\":\"Seletti, una historia empresarial de visi\u00f3n y evoluci\u00f3n. Una historia que comenz\u00f3 en 1964 en Cicognara (Mantua). Hoy Seletti colabora con j\u00f3venes\",\"breadcrumb\":{\"@id\":\"https:\/\/dev6.erresse-shop.it\/es\/shop\/mobiliario\/jarrones\/seletti-jarron-cosmic-diner-starman-oro\/#breadcrumb\"},\"inLanguage\":\"es\",\"potentialAction\":[{\"@type\":\"ReadAction\",\"target\":[\"https:\/\/dev6.erresse-shop.it\/es\/shop\/mobiliario\/jarrones\/seletti-jarron-cosmic-diner-starman-oro\/\"]}]},{\"@type\":\"ImageObject\",\"inLanguage\":\"es\",\"@id\":\"https:\/\/dev6.erresse-shop.it\/es\/shop\/mobiliario\/jarrones\/seletti-jarron-cosmic-diner-starman-oro\/#primaryimage\",\"url\":\"https:\/\/i1.wp.com\/interpim.erresse-shop.it\/Import\/Prodotti\/products-10933.jpg?ssl=1\",\"contentUrl\":\"https:\/\/i1.wp.com\/interpim.erresse-shop.it\/Import\/Prodotti\/products-10933.jpg?ssl=1\"},{\"@type\":\"BreadcrumbList\",\"@id\":\"https:\/\/dev6.erresse-shop.it\/es\/shop\/mobiliario\/jarrones\/seletti-jarron-cosmic-diner-starman-oro\/#breadcrumb\",\"itemListElement\":[{\"@type\":\"ListItem\",\"position\":1,\"name\":\"Home\",\"item\":\"https:\/\/dev6.erresse-shop.it\/\"},{\"@type\":\"ListItem\",\"position\":2,\"name\":\"Tienda\",\"item\":\"https:\/\/dev6.erresse-shop.it\/shop\/\"},{\"@type\":\"ListItem\",\"position\":3,\"name\":\"SELETTI Jarr\u00f3n Cosmic Diner Starman Oro\"}]},{\"@type\":\"WebSite\",\"@id\":\"https:\/\/dev6.erresse-shop.it\/#website\",\"url\":\"https:\/\/dev6.erresse-shop.it\/\",\"name\":\"Erresse Shop\",\"description\":\"\",\"publisher\":{\"@id\":\"https:\/\/dev6.erresse-shop.it\/#organization\"},\"potentialAction\":[{\"@type\":\"SearchAction\",\"target\":{\"@type\":\"EntryPoint\",\"urlTemplate\":\"https:\/\/dev6.erresse-shop.it\/?s={search_term_string}\"},\"query-input\":{\"@type\":\"PropertyValueSpecification\",\"valueRequired\":true,\"valueName\":\"search_term_string\"}}],\"inLanguage\":\"es\"},{\"@type\":\"Organization\",\"@id\":\"https:\/\/dev6.erresse-shop.it\/#organization\",\"name\":\"Erresse Shop\",\"url\":\"https:\/\/dev6.erresse-shop.it\/\",\"logo\":{\"@type\":\"ImageObject\",\"inLanguage\":\"es\",\"@id\":\"https:\/\/dev6.erresse-shop.it\/#\/schema\/logo\/image\/\",\"url\":\"https:\/\/dev6.erresse-shop.it\/wp-content\/uploads\/2025\/01\/LOGO-ERRESSE-CLASSICO.svg\",\"contentUrl\":\"https:\/\/dev6.erresse-shop.it\/wp-content\/uploads\/2025\/01\/LOGO-ERRESSE-CLASSICO.svg\",\"caption\":\"Erresse Shop\"},\"image\":{\"@id\":\"https:\/\/dev6.erresse-shop.it\/#\/schema\/logo\/image\/\"}}]}<\/script>\n<!-- \/ Yoast SEO plugin. -->","yoast_head_json":{"title":"SELETTI Jarr\u00f3n Cosmic Diner Starman Oro - dev6 Erresse","description":"Seletti, una historia empresarial de visi\u00f3n y evoluci\u00f3n. Una historia que comenz\u00f3 en 1964 en Cicognara (Mantua). Hoy Seletti colabora con j\u00f3venes","robots":{"index":"noindex","follow":"follow","max-snippet":"max-snippet:-1","max-image-preview":"max-image-preview:large","max-video-preview":"max-video-preview:-1"},"og_locale":"es_ES","og_type":"article","og_title":"SELETTI Jarr\u00f3n Cosmic Diner Starman Oro - dev6 Erresse","og_description":"Seletti, una historia empresarial de visi\u00f3n y evoluci\u00f3n. Una historia que comenz\u00f3 en 1964 en Cicognara (Mantua). Hoy Seletti colabora con j\u00f3venes","og_url":"https:\/\/dev6.erresse-shop.it\/es\/shop\/mobiliario\/jarrones\/seletti-jarron-cosmic-diner-starman-oro\/","og_site_name":"dev6 Erresse","og_image":[{"url":"https:\/\/interpim.erresse-shop.it\/Import\/Prodotti\/products-10933.jpg","type":"","width":"","height":""},{"url":"https:\/\/interpim.erresse-shop.it\/Import\/Prodotti\/products-10933.jpg","width":1024,"height":1024,"type":"image\/jpeg"}],"twitter_card":"summary_large_image","twitter_image":"https:\/\/interpim.erresse-shop.it\/Import\/Prodotti\/products-10933.jpg","schema":{"@context":"https:\/\/schema.org","@graph":[{"@type":"WebPage","@id":"https:\/\/dev6.erresse-shop.it\/es\/shop\/mobiliario\/jarrones\/seletti-jarron-cosmic-diner-starman-oro\/","url":"https:\/\/dev6.erresse-shop.it\/es\/shop\/mobiliario\/jarrones\/seletti-jarron-cosmic-diner-starman-oro\/","name":"SELETTI Jarr\u00f3n Cosmic Diner Starman Oro - dev6 Erresse","isPartOf":{"@id":"https:\/\/dev6.erresse-shop.it\/#website"},"primaryImageOfPage":{"@id":"https:\/\/dev6.erresse-shop.it\/es\/shop\/mobiliario\/jarrones\/seletti-jarron-cosmic-diner-starman-oro\/#primaryimage"},"image":{"@id":"https:\/\/dev6.erresse-shop.it\/es\/shop\/mobiliario\/jarrones\/seletti-jarron-cosmic-diner-starman-oro\/#primaryimage"},"thumbnailUrl":"https:\/\/i1.wp.com\/interpim.erresse-shop.it\/Import\/Prodotti\/products-10933.jpg?ssl=1","datePublished":"2026-04-12T06:15:51+00:00","description":"Seletti, una historia empresarial de visi\u00f3n y evoluci\u00f3n. Una historia que comenz\u00f3 en 1964 en Cicognara (Mantua). Hoy Seletti colabora con j\u00f3venes","breadcrumb":{"@id":"https:\/\/dev6.erresse-shop.it\/es\/shop\/mobiliario\/jarrones\/seletti-jarron-cosmic-diner-starman-oro\/#breadcrumb"},"inLanguage":"es","potentialAction":[{"@type":"ReadAction","target":["https:\/\/dev6.erresse-shop.it\/es\/shop\/mobiliario\/jarrones\/seletti-jarron-cosmic-diner-starman-oro\/"]}]},{"@type":"ImageObject","inLanguage":"es","@id":"https:\/\/dev6.erresse-shop.it\/es\/shop\/mobiliario\/jarrones\/seletti-jarron-cosmic-diner-starman-oro\/#primaryimage","url":"https:\/\/i1.wp.com\/interpim.erresse-shop.it\/Import\/Prodotti\/products-10933.jpg?ssl=1","contentUrl":"https:\/\/i1.wp.com\/interpim.erresse-shop.it\/Import\/Prodotti\/products-10933.jpg?ssl=1"},{"@type":"BreadcrumbList","@id":"https:\/\/dev6.erresse-shop.it\/es\/shop\/mobiliario\/jarrones\/seletti-jarron-cosmic-diner-starman-oro\/#breadcrumb","itemListElement":[{"@type":"ListItem","position":1,"name":"Home","item":"https:\/\/dev6.erresse-shop.it\/"},{"@type":"ListItem","position":2,"name":"Tienda","item":"https:\/\/dev6.erresse-shop.it\/shop\/"},{"@type":"ListItem","position":3,"name":"SELETTI Jarr\u00f3n Cosmic Diner Starman Oro"}]},{"@type":"WebSite","@id":"https:\/\/dev6.erresse-shop.it\/#website","url":"https:\/\/dev6.erresse-shop.it\/","name":"Erresse Shop","description":"","publisher":{"@id":"https:\/\/dev6.erresse-shop.it\/#organization"},"potentialAction":[{"@type":"SearchAction","target":{"@type":"EntryPoint","urlTemplate":"https:\/\/dev6.erresse-shop.it\/?s={search_term_string}"},"query-input":{"@type":"PropertyValueSpecification","valueRequired":true,"valueName":"search_term_string"}}],"inLanguage":"es"},{"@type":"Organization","@id":"https:\/\/dev6.erresse-shop.it\/#organization","name":"Erresse Shop","url":"https:\/\/dev6.erresse-shop.it\/","logo":{"@type":"ImageObject","inLanguage":"es","@id":"https:\/\/dev6.erresse-shop.it\/#\/schema\/logo\/image\/","url":"https:\/\/dev6.erresse-shop.it\/wp-content\/uploads\/2025\/01\/LOGO-ERRESSE-CLASSICO.svg","contentUrl":"https:\/\/dev6.erresse-shop.it\/wp-content\/uploads\/2025\/01\/LOGO-ERRESSE-CLASSICO.svg","caption":"Erresse Shop"},"image":{"@id":"https:\/\/dev6.erresse-shop.it\/#\/schema\/logo\/image\/"}}]}},"df_price":79.95,"df_sale_price":79.95,"df_regular_price":92,"df_image_link":"https:\/\/i1.wp.com\/interpim.erresse-shop.it\/Import\/Prodotti\/products-10933.jpg?resize=300,300&ssl=1","fifu_image_url":"https:\/\/interpim.erresse-shop.it\/Import\/Prodotti\/products-10933.jpg","_links":{"self":[{"href":"https:\/\/dev6.erresse-shop.it\/es\/wp-json\/wp\/v2\/product\/1876322","targetHints":{"allow":["GET"]}}],"collection":[{"href":"https:\/\/dev6.erresse-shop.it\/es\/wp-json\/wp\/v2\/product"}],"about":[{"href":"https:\/\/dev6.erresse-shop.it\/es\/wp-json\/wp\/v2\/types\/product"}],"wp:featuredmedia":[{"embeddable":true,"href":"https:\/\/dev6.erresse-shop.it\/es\/wp-json\/wp\/v2\/media\/6344928"}],"wp:attachment":[{"href":"https:\/\/dev6.erresse-shop.it\/es\/wp-json\/wp\/v2\/media?parent=1876322"}],"wp:term":[{"taxonomy":"product_cat","embeddable":true,"href":"https:\/\/dev6.erresse-shop.it\/es\/wp-json\/wp\/v2\/product_cat?post=1876322"},{"taxonomy":"product_tag","embeddable":true,"href":"https:\/\/dev6.erresse-shop.it\/es\/wp-json\/wp\/v2\/product_tag?post=1876322"}],"curies":[{"name":"wp","href":"https:\/\/api.w.org\/{rel}","templated":true}]}}