{"id":1876312,"date":"2026-04-04T08:14:52","date_gmt":"2026-04-04T06:14:52","guid":{"rendered":"https:\/\/dev6.erresse-shop.it\/shop\/sin%20categor\u00eda\/smeg-aesthetic-50s-maquina-de-cafe-de-filtro-crema\/"},"modified":"2025-07-04T21:12:41","modified_gmt":"2025-07-04T19:12:41","slug":"smeg-aesthetic-50s-maquina-de-cafe-de-filtro-crema","status":"publish","type":"product","link":"https:\/\/dev6.erresse-shop.it\/es\/shop\/pequenos-electrodomesticos\/maquinas-de-cafe\/filtro\/smeg-aesthetic-50s-maquina-de-cafe-de-filtro-crema\/","title":{"rendered":"SMEG Aesthetic 50s M\u00e1quina de caf\u00e9 de filtro Crema"},"content":{"rendered":"<p>Serie SMEG 50s<\/p>\n<p>Objetos de encuentro simb\u00f3lico, iconos que transforman el espacio que ocupan, los nuevos peque\u00f1os de la l\u00ednea Anni \u201950s, dise\u00f1ados en colaboraci\u00f3n con Matteo Bazzicalupo y Raffaella Mangiarotti de deepdesign, evocan otros tiempos y dan forma a los lugares cotidianos, invirtiendo lo que ya existe o ha existido con un nuevo significado, como ocurre en el arte y la memoria.<br \/>\nProductos con formas redondeadas y compactas, son protagonistas de la cocina, dise\u00f1ados para quienes desean tener una experiencia de chef pero no s\u00f3lo. Para los que les gusta rodearse de objetos con un fuerte car\u00e1cter est\u00e9tico sin perder de vista las prestaciones de alta calidad.<\/p>\n<p>El caf\u00e9 a la americana se asocia a menudo con la idea de una pausa tranquila y prolongada, el compa\u00f1ero ideal para una jornada de trabajo, con la taza apoyada en el escritorio, para disfrutarla en el desayuno, durante la comida o para llevarla de viaje como agradable compa\u00f1era en el ajetreo de la vida cotidiana.<br \/>\nLa cafetera de filtro Smeg es c\u00f3mplice de este peque\u00f1o lujo cotidiano y permite preparar un caf\u00e9 excelente, arom\u00e1tico y de rico sabor, ofreciendo la posibilidad de elegir el grado de intensidad del aroma, para satisfacer por igual a los paladares m\u00e1s delicados o a los amantes del sabor intenso.<\/p>\n<p>Est\u00e9ticamente, un objeto elegante, en plena armon\u00eda con el dise\u00f1o que caracteriza a la L\u00ednea 50s, pero con un concentrado de tecnolog\u00eda, preparado para garantizar el m\u00e1ximo rendimiento, para disfrutar plenamente de una experiencia sensorial \u00fanica y personalizada.<br \/>\nUn electrodom\u00e9stico que combina altas prestaciones con un dise\u00f1o \u00fanico, convirti\u00e9ndolo en un objeto de exposici\u00f3n y confirmando la cuidadosa investigaci\u00f3n de Smeg para crear iconos de estilo en los que la armon\u00eda de la forma dialoga perfectamente con el componente funcional y tecnol\u00f3gico.<br \/>\nGracias a la funci\u00f3n de 4 tazas, es posible elegir si disfrutar de un caf\u00e9 solo o en compa\u00f1\u00eda, pero eso no es todo: la cafetera de filtro tambi\u00e9n est\u00e1 equipada con una jarra de cristal, con capacidad para 10 tazas y la funci\u00f3n Keep Warm que garantiza una temperatura \u00f3ptima del caf\u00e9 durante 20 minutos para poder disfrutarlo incluso mucho despu\u00e9s de haberlo preparado.<\/p>\n<p>TIPOLOG\u00cdA<\/p>\n<p>\u2013 Familia: M\u00e1quina de caf\u00e9 de filtro<br \/>\n\u2013 Tipolog\u00eda: Para el caf\u00e9 de filtro<br \/>\n\u2013 Potencia: 1050 W<\/p>\n<p>EST\u00c9TICA<\/p>\n<p>\u2013 Est\u00e9tica: a\u00f1os 50<br \/>\n\u2013 Color del cuerpo: crema<br \/>\n\u2013 Material del cuerpo: Acero inoxidable\/pl\u00e1stico<br \/>\n\u2013 Material de la jarra: Vidrio<br \/>\n\u2013 Material del asa de la jarra: pl\u00e1stico<br \/>\n\u2013 Material de la tapa de la jarra: pl\u00e1stico<br \/>\n\u2013 Color del asa de la jarra: Gris\/Cromo<br \/>\n\u2013 Color de la tapa de la jarra: Gris<br \/>\n\u2013 Color de la base: Cromo pulido<br \/>\n\u2013 Material de la base: pl\u00e1stico<br \/>\n\u2013 Material del portafiltro: Pl\u00e1stico<br \/>\n\u2013 Material de la base calefactora: Acero inoxidable<br \/>\n\u2013 Material del filtro permanente: acero inoxidable\/pl\u00e1stico<br \/>\n\u2013 Color del filtro permanente: Gris<br \/>\n\u2013 Material de la palanca de ajuste de tiempo: aleaci\u00f3n de zinc<\/p>\n<p>COMANDOS<\/p>\n<p>\u2013 Tipo de control: Botones, Palanca<br \/>\n\u2013 Pantalla: S\u00cd<br \/>\n\u2013 N\u00famero de botones: 4<br \/>\n\u2013 Color de los botones: Plata<br \/>\n\u2013 Material de los botones: pl\u00e1stico<\/p>\n<p>PROGRAMAS \/ FUNCIONES<\/p>\n<p>\u2013 Intensidad del caf\u00e9 ajustable: 2 niveles (Delicado \/ Intenso)<br \/>\n\u2013 Funci\u00f3n de 4 tazas: S\u00ed<br \/>\n\u2013 Modo de mantenimiento del calor: S\u00ed, autom\u00e1tico<br \/>\n\u2013 Duraci\u00f3n del calentamiento: 20 minutos<br \/>\n\u2013 Encendido autom\u00e1tico programable: S\u00ed<br \/>\n\u2013 Aviso sonoro al final de la cocci\u00f3n: S\u00ed<br \/>\n\u2013 Dureza del agua programable: ligera\/media\/dura<br \/>\n\u2013 Aviso de descalcificaci\u00f3n: S\u00ed<\/p>\n<p>CARACTER\u00cdSTICAS T\u00c9CNICAS<\/p>\n<p>\u2013 Capacidad del dep\u00f3sito de agua: 1,4 l<br \/>\n\u2013 Capacidad de la jarra: 1,25 l<br \/>\n\u2013 Capacidad: 10 tazas<br \/>\n\u2013 Indicador de nivel de agua: S\u00ed<br \/>\n\u2013 Sistema de calefacci\u00f3n: Resistencia el\u00e9ctrica<br \/>\n\u2013 Base antideslizante: S\u00ed<\/p>\n<p>CONEXI\u00d3N EL\u00c9CTRICA<\/p>\n<p>\u2013 Tipo de enchufe: Schuko<br \/>\n\u2013 Tensi\u00f3n (V): 220-240 V<br \/>\n\u2013 Frecuencia Hz: 50\/60 Hz<br \/>\n\u2013 Longitud del cable de alimentaci\u00f3n: 100 cm<\/p>\n<p>INFORMACI\u00d3N LOG\u00cdSTICA<\/p>\n<p>\u2013 Dimensiones del producto: HxAxP 361x245x256 mm<br \/>\n\u2013 Peso neto (kg): 3.400 kg<br \/>\n\u2013 Peso bruto (kg): 5.400 kg<br \/>\n\u2013 Profundidad del producto envasado: 291 mm<br \/>\n\u2013 Anchura del producto envasado: 325 mm<br \/>\n\u2013 Altura del producto embalado: 437 mm<\/p>\n<p>No se vende fuera de Europa<\/p>\n","protected":false},"excerpt":{"rendered":"<p>Serie SMEG 50s Objetos de encuentro simb\u00f3lico, iconos que transforman el espacio que ocupan, los nuevos peque\u00f1os de la l\u00ednea Anni \u201950s, dise\u00f1ados en colaboraci\u00f3n con Matteo Bazzicalupo y Raffaella Mangiarotti de deepdesign, evocan otros tiempos y dan forma a los lugares cotidianos, invirtiendo lo que ya existe o ha existido con un nuevo significado, [&hellip;]<\/p>\n","protected":false},"featured_media":6261559,"template":"","meta":{"_acf_changed":false},"product_cat":[11758,11974,11955,11947],"product_tag":[],"class_list":{"0":"post-1876312","1":"product","2":"type-product","3":"status-publish","4":"has-post-thumbnail","6":"product_cat-con-filtro","7":"product_cat-filtro","8":"product_cat-maquinas-de-cafe","9":"product_cat-pequenos-electrodomesticos","11":"first","12":"outofstock","13":"sale","14":"taxable","15":"shipping-taxable","16":"purchasable","17":"product-type-simple","swatches":"rey-swatches","show_selected":"","stretch_labels":"rey-swatches--stretch-labels"},"acf":[],"yoast_head":"<!-- This site is optimized with the Yoast SEO plugin v25.4 - https:\/\/yoast.com\/wordpress\/plugins\/seo\/ -->\n<title>SMEG Aesthetic 50s M\u00e1quina de caf\u00e9 de filtro Crema - dev6 Erresse<\/title>\n<meta name=\"description\" content=\"Serie SMEG 50s Objetos de encuentro simb\u00f3lico, iconos que transforman el espacio que ocupan, los nuevos peque\u00f1os de la l\u00ednea Anni \u201950s, dise\u00f1ados en\" \/>\n<meta name=\"robots\" content=\"noindex, follow, max-snippet:-1, max-image-preview:large, max-video-preview:-1\" \/>\n<meta property=\"og:locale\" content=\"es_ES\" \/>\n<meta property=\"og:type\" content=\"article\" \/>\n<meta property=\"og:title\" content=\"SMEG Aesthetic 50s M\u00e1quina de caf\u00e9 de filtro Crema - dev6 Erresse\" \/>\n<meta property=\"og:description\" content=\"Serie SMEG 50s Objetos de encuentro simb\u00f3lico, iconos que transforman el espacio que ocupan, los nuevos peque\u00f1os de la l\u00ednea Anni \u201950s, dise\u00f1ados en\" \/>\n<meta property=\"og:url\" content=\"https:\/\/dev6.erresse-shop.it\/es\/shop\/pequenos-electrodomesticos\/maquinas-de-cafe\/filtro\/smeg-aesthetic-50s-maquina-de-cafe-de-filtro-crema\/\" \/>\n<meta property=\"og:site_name\" content=\"dev6 Erresse\" \/>\n<meta property=\"og:image\" content=\"https:\/\/interpim.erresse-shop.it\/Import\/Prodotti\/smeg-estetica-anni-50-macchina-da-caffe-filtro-panna.jpg\" \/><meta property=\"og:image\" content=\"https:\/\/interpim.erresse-shop.it\/Import\/Prodotti\/smeg-estetica-anni-50-macchina-da-caffe-filtro-panna.jpg\" \/>\n\t<meta property=\"og:image:width\" content=\"1024\" \/>\n\t<meta property=\"og:image:height\" content=\"1024\" \/>\n\t<meta property=\"og:image:type\" content=\"image\/jpeg\" \/>\n<meta name=\"twitter:card\" content=\"summary_large_image\" \/>\n<meta name=\"twitter:image\" content=\"https:\/\/interpim.erresse-shop.it\/Import\/Prodotti\/smeg-estetica-anni-50-macchina-da-caffe-filtro-panna.jpg\" \/>\n<script type=\"application\/ld+json\" class=\"yoast-schema-graph\">{\"@context\":\"https:\/\/schema.org\",\"@graph\":[{\"@type\":\"WebPage\",\"@id\":\"https:\/\/dev6.erresse-shop.it\/es\/shop\/pequenos-electrodomesticos\/maquinas-de-cafe\/filtro\/smeg-aesthetic-50s-maquina-de-cafe-de-filtro-crema\/\",\"url\":\"https:\/\/dev6.erresse-shop.it\/es\/shop\/pequenos-electrodomesticos\/maquinas-de-cafe\/filtro\/smeg-aesthetic-50s-maquina-de-cafe-de-filtro-crema\/\",\"name\":\"SMEG Aesthetic 50s M\u00e1quina de caf\u00e9 de filtro Crema - dev6 Erresse\",\"isPartOf\":{\"@id\":\"https:\/\/dev6.erresse-shop.it\/#website\"},\"primaryImageOfPage\":{\"@id\":\"https:\/\/dev6.erresse-shop.it\/es\/shop\/pequenos-electrodomesticos\/maquinas-de-cafe\/filtro\/smeg-aesthetic-50s-maquina-de-cafe-de-filtro-crema\/#primaryimage\"},\"image\":{\"@id\":\"https:\/\/dev6.erresse-shop.it\/es\/shop\/pequenos-electrodomesticos\/maquinas-de-cafe\/filtro\/smeg-aesthetic-50s-maquina-de-cafe-de-filtro-crema\/#primaryimage\"},\"thumbnailUrl\":\"https:\/\/i2.wp.com\/interpim.erresse-shop.it\/Import\/Prodotti\/smeg-estetica-anni-50-macchina-da-caffe-filtro-panna.jpg?ssl=1\",\"datePublished\":\"2026-04-04T06:14:52+00:00\",\"description\":\"Serie SMEG 50s Objetos de encuentro simb\u00f3lico, iconos que transforman el espacio que ocupan, los nuevos peque\u00f1os de la l\u00ednea Anni \u201950s, dise\u00f1ados en\",\"breadcrumb\":{\"@id\":\"https:\/\/dev6.erresse-shop.it\/es\/shop\/pequenos-electrodomesticos\/maquinas-de-cafe\/filtro\/smeg-aesthetic-50s-maquina-de-cafe-de-filtro-crema\/#breadcrumb\"},\"inLanguage\":\"es\",\"potentialAction\":[{\"@type\":\"ReadAction\",\"target\":[\"https:\/\/dev6.erresse-shop.it\/es\/shop\/pequenos-electrodomesticos\/maquinas-de-cafe\/filtro\/smeg-aesthetic-50s-maquina-de-cafe-de-filtro-crema\/\"]}]},{\"@type\":\"ImageObject\",\"inLanguage\":\"es\",\"@id\":\"https:\/\/dev6.erresse-shop.it\/es\/shop\/pequenos-electrodomesticos\/maquinas-de-cafe\/filtro\/smeg-aesthetic-50s-maquina-de-cafe-de-filtro-crema\/#primaryimage\",\"url\":\"https:\/\/i2.wp.com\/interpim.erresse-shop.it\/Import\/Prodotti\/smeg-estetica-anni-50-macchina-da-caffe-filtro-panna.jpg?ssl=1\",\"contentUrl\":\"https:\/\/i2.wp.com\/interpim.erresse-shop.it\/Import\/Prodotti\/smeg-estetica-anni-50-macchina-da-caffe-filtro-panna.jpg?ssl=1\"},{\"@type\":\"BreadcrumbList\",\"@id\":\"https:\/\/dev6.erresse-shop.it\/es\/shop\/pequenos-electrodomesticos\/maquinas-de-cafe\/filtro\/smeg-aesthetic-50s-maquina-de-cafe-de-filtro-crema\/#breadcrumb\",\"itemListElement\":[{\"@type\":\"ListItem\",\"position\":1,\"name\":\"Home\",\"item\":\"https:\/\/dev6.erresse-shop.it\/\"},{\"@type\":\"ListItem\",\"position\":2,\"name\":\"Tienda\",\"item\":\"https:\/\/dev6.erresse-shop.it\/shop\/\"},{\"@type\":\"ListItem\",\"position\":3,\"name\":\"SMEG Aesthetic 50s M\u00e1quina de caf\u00e9 de filtro Crema\"}]},{\"@type\":\"WebSite\",\"@id\":\"https:\/\/dev6.erresse-shop.it\/#website\",\"url\":\"https:\/\/dev6.erresse-shop.it\/\",\"name\":\"Erresse Shop\",\"description\":\"\",\"publisher\":{\"@id\":\"https:\/\/dev6.erresse-shop.it\/#organization\"},\"potentialAction\":[{\"@type\":\"SearchAction\",\"target\":{\"@type\":\"EntryPoint\",\"urlTemplate\":\"https:\/\/dev6.erresse-shop.it\/?s={search_term_string}\"},\"query-input\":{\"@type\":\"PropertyValueSpecification\",\"valueRequired\":true,\"valueName\":\"search_term_string\"}}],\"inLanguage\":\"es\"},{\"@type\":\"Organization\",\"@id\":\"https:\/\/dev6.erresse-shop.it\/#organization\",\"name\":\"Erresse Shop\",\"url\":\"https:\/\/dev6.erresse-shop.it\/\",\"logo\":{\"@type\":\"ImageObject\",\"inLanguage\":\"es\",\"@id\":\"https:\/\/dev6.erresse-shop.it\/#\/schema\/logo\/image\/\",\"url\":\"https:\/\/dev6.erresse-shop.it\/wp-content\/uploads\/2025\/01\/LOGO-ERRESSE-CLASSICO.svg\",\"contentUrl\":\"https:\/\/dev6.erresse-shop.it\/wp-content\/uploads\/2025\/01\/LOGO-ERRESSE-CLASSICO.svg\",\"caption\":\"Erresse Shop\"},\"image\":{\"@id\":\"https:\/\/dev6.erresse-shop.it\/#\/schema\/logo\/image\/\"}}]}<\/script>\n<!-- \/ Yoast SEO plugin. -->","yoast_head_json":{"title":"SMEG Aesthetic 50s M\u00e1quina de caf\u00e9 de filtro Crema - dev6 Erresse","description":"Serie SMEG 50s Objetos de encuentro simb\u00f3lico, iconos que transforman el espacio que ocupan, los nuevos peque\u00f1os de la l\u00ednea Anni \u201950s, dise\u00f1ados en","robots":{"index":"noindex","follow":"follow","max-snippet":"max-snippet:-1","max-image-preview":"max-image-preview:large","max-video-preview":"max-video-preview:-1"},"og_locale":"es_ES","og_type":"article","og_title":"SMEG Aesthetic 50s M\u00e1quina de caf\u00e9 de filtro Crema - dev6 Erresse","og_description":"Serie SMEG 50s Objetos de encuentro simb\u00f3lico, iconos que transforman el espacio que ocupan, los nuevos peque\u00f1os de la l\u00ednea Anni \u201950s, dise\u00f1ados en","og_url":"https:\/\/dev6.erresse-shop.it\/es\/shop\/pequenos-electrodomesticos\/maquinas-de-cafe\/filtro\/smeg-aesthetic-50s-maquina-de-cafe-de-filtro-crema\/","og_site_name":"dev6 Erresse","og_image":[{"url":"https:\/\/interpim.erresse-shop.it\/Import\/Prodotti\/smeg-estetica-anni-50-macchina-da-caffe-filtro-panna.jpg","type":"","width":"","height":""},{"url":"https:\/\/interpim.erresse-shop.it\/Import\/Prodotti\/smeg-estetica-anni-50-macchina-da-caffe-filtro-panna.jpg","width":1024,"height":1024,"type":"image\/jpeg"}],"twitter_card":"summary_large_image","twitter_image":"https:\/\/interpim.erresse-shop.it\/Import\/Prodotti\/smeg-estetica-anni-50-macchina-da-caffe-filtro-panna.jpg","schema":{"@context":"https:\/\/schema.org","@graph":[{"@type":"WebPage","@id":"https:\/\/dev6.erresse-shop.it\/es\/shop\/pequenos-electrodomesticos\/maquinas-de-cafe\/filtro\/smeg-aesthetic-50s-maquina-de-cafe-de-filtro-crema\/","url":"https:\/\/dev6.erresse-shop.it\/es\/shop\/pequenos-electrodomesticos\/maquinas-de-cafe\/filtro\/smeg-aesthetic-50s-maquina-de-cafe-de-filtro-crema\/","name":"SMEG Aesthetic 50s M\u00e1quina de caf\u00e9 de filtro Crema - dev6 Erresse","isPartOf":{"@id":"https:\/\/dev6.erresse-shop.it\/#website"},"primaryImageOfPage":{"@id":"https:\/\/dev6.erresse-shop.it\/es\/shop\/pequenos-electrodomesticos\/maquinas-de-cafe\/filtro\/smeg-aesthetic-50s-maquina-de-cafe-de-filtro-crema\/#primaryimage"},"image":{"@id":"https:\/\/dev6.erresse-shop.it\/es\/shop\/pequenos-electrodomesticos\/maquinas-de-cafe\/filtro\/smeg-aesthetic-50s-maquina-de-cafe-de-filtro-crema\/#primaryimage"},"thumbnailUrl":"https:\/\/i2.wp.com\/interpim.erresse-shop.it\/Import\/Prodotti\/smeg-estetica-anni-50-macchina-da-caffe-filtro-panna.jpg?ssl=1","datePublished":"2026-04-04T06:14:52+00:00","description":"Serie SMEG 50s Objetos de encuentro simb\u00f3lico, iconos que transforman el espacio que ocupan, los nuevos peque\u00f1os de la l\u00ednea Anni \u201950s, dise\u00f1ados en","breadcrumb":{"@id":"https:\/\/dev6.erresse-shop.it\/es\/shop\/pequenos-electrodomesticos\/maquinas-de-cafe\/filtro\/smeg-aesthetic-50s-maquina-de-cafe-de-filtro-crema\/#breadcrumb"},"inLanguage":"es","potentialAction":[{"@type":"ReadAction","target":["https:\/\/dev6.erresse-shop.it\/es\/shop\/pequenos-electrodomesticos\/maquinas-de-cafe\/filtro\/smeg-aesthetic-50s-maquina-de-cafe-de-filtro-crema\/"]}]},{"@type":"ImageObject","inLanguage":"es","@id":"https:\/\/dev6.erresse-shop.it\/es\/shop\/pequenos-electrodomesticos\/maquinas-de-cafe\/filtro\/smeg-aesthetic-50s-maquina-de-cafe-de-filtro-crema\/#primaryimage","url":"https:\/\/i2.wp.com\/interpim.erresse-shop.it\/Import\/Prodotti\/smeg-estetica-anni-50-macchina-da-caffe-filtro-panna.jpg?ssl=1","contentUrl":"https:\/\/i2.wp.com\/interpim.erresse-shop.it\/Import\/Prodotti\/smeg-estetica-anni-50-macchina-da-caffe-filtro-panna.jpg?ssl=1"},{"@type":"BreadcrumbList","@id":"https:\/\/dev6.erresse-shop.it\/es\/shop\/pequenos-electrodomesticos\/maquinas-de-cafe\/filtro\/smeg-aesthetic-50s-maquina-de-cafe-de-filtro-crema\/#breadcrumb","itemListElement":[{"@type":"ListItem","position":1,"name":"Home","item":"https:\/\/dev6.erresse-shop.it\/"},{"@type":"ListItem","position":2,"name":"Tienda","item":"https:\/\/dev6.erresse-shop.it\/shop\/"},{"@type":"ListItem","position":3,"name":"SMEG Aesthetic 50s M\u00e1quina de caf\u00e9 de filtro Crema"}]},{"@type":"WebSite","@id":"https:\/\/dev6.erresse-shop.it\/#website","url":"https:\/\/dev6.erresse-shop.it\/","name":"Erresse Shop","description":"","publisher":{"@id":"https:\/\/dev6.erresse-shop.it\/#organization"},"potentialAction":[{"@type":"SearchAction","target":{"@type":"EntryPoint","urlTemplate":"https:\/\/dev6.erresse-shop.it\/?s={search_term_string}"},"query-input":{"@type":"PropertyValueSpecification","valueRequired":true,"valueName":"search_term_string"}}],"inLanguage":"es"},{"@type":"Organization","@id":"https:\/\/dev6.erresse-shop.it\/#organization","name":"Erresse Shop","url":"https:\/\/dev6.erresse-shop.it\/","logo":{"@type":"ImageObject","inLanguage":"es","@id":"https:\/\/dev6.erresse-shop.it\/#\/schema\/logo\/image\/","url":"https:\/\/dev6.erresse-shop.it\/wp-content\/uploads\/2025\/01\/LOGO-ERRESSE-CLASSICO.svg","contentUrl":"https:\/\/dev6.erresse-shop.it\/wp-content\/uploads\/2025\/01\/LOGO-ERRESSE-CLASSICO.svg","caption":"Erresse Shop"},"image":{"@id":"https:\/\/dev6.erresse-shop.it\/#\/schema\/logo\/image\/"}}]}},"df_price":184,"df_sale_price":184,"df_regular_price":199,"df_image_link":"https:\/\/i2.wp.com\/interpim.erresse-shop.it\/Import\/Prodotti\/smeg-estetica-anni-50-macchina-da-caffe-filtro-panna.jpg?resize=300,300&ssl=1","fifu_image_url":"https:\/\/interpim.erresse-shop.it\/Import\/Prodotti\/smeg-estetica-anni-50-macchina-da-caffe-filtro-panna.jpg","_links":{"self":[{"href":"https:\/\/dev6.erresse-shop.it\/es\/wp-json\/wp\/v2\/product\/1876312","targetHints":{"allow":["GET"]}}],"collection":[{"href":"https:\/\/dev6.erresse-shop.it\/es\/wp-json\/wp\/v2\/product"}],"about":[{"href":"https:\/\/dev6.erresse-shop.it\/es\/wp-json\/wp\/v2\/types\/product"}],"wp:featuredmedia":[{"embeddable":true,"href":"https:\/\/dev6.erresse-shop.it\/es\/wp-json\/wp\/v2\/media\/6261559"}],"wp:attachment":[{"href":"https:\/\/dev6.erresse-shop.it\/es\/wp-json\/wp\/v2\/media?parent=1876312"}],"wp:term":[{"taxonomy":"product_cat","embeddable":true,"href":"https:\/\/dev6.erresse-shop.it\/es\/wp-json\/wp\/v2\/product_cat?post=1876312"},{"taxonomy":"product_tag","embeddable":true,"href":"https:\/\/dev6.erresse-shop.it\/es\/wp-json\/wp\/v2\/product_tag?post=1876312"}],"curies":[{"name":"wp","href":"https:\/\/api.w.org\/{rel}","templated":true}]}}