{"id":1876306,"date":"2026-04-10T08:54:20","date_gmt":"2026-04-10T06:54:20","guid":{"rendered":"https:\/\/dev6.erresse-shop.it\/shop\/sin%20categor\u00eda\/le-creuset-wok-de-hierro-fundido-con-tapa-de-cristal-36-cm-cereza\/"},"modified":"2025-09-14T07:34:24","modified_gmt":"2025-09-14T05:34:24","slug":"le-creuset-wok-de-hierro-fundido-con-tapa-de-cristal-36-cm-cereza","status":"publish","type":"product","link":"https:\/\/dev6.erresse-shop.it\/es\/shop\/sartenes-y-ollas\/wok-es\/le-creuset-wok-de-hierro-fundido-con-tapa-de-cristal-36-cm-cereza\/","title":{"rendered":"LE CREUSET Wok de hierro fundido con tapa de cristal 36 cm Cereza"},"content":{"rendered":"<p>Enciende los fogones y saltea tus carnes, verduras y especias favoritos en nuestro wok. Es ideal para preparar deliciosos platos asi\u00e1ticos y de todas partes. La tapa de cristal te permite ver qu\u00e9 pasa en el interior sin interrumpir el proceso de cocci\u00f3n.<\/p>\n<p>Detalles del ProductoCaracter\u00edsticasIncre\u00edblemente pr\u00e1ctico: apto para el horno, los fogones, las placas de inducci\u00f3n y el grill.Comida exquisita: la estructura de hierro fundido conserva el calor para cocinar y dorar de manera uniforme. Tus deliciosas elaboraciones permanecer\u00e1n calientes en la mesa durante m\u00e1s tiempo.Retiene la humedad: nuestra tapa encaja a la perfecci\u00f3n para impedir que los jugos se evaporen, realzar el sabor y contribuir a que la comida se cocine a la perfecci\u00f3n.No al sobrecalentamiento: cocina a fuego medio o bajo constante para cuidar el hierro fundido y disfrutar de unos resultados deliciosos.Los mejores de su categor\u00eda: nuestros productos se fabrican con los mejores materiales en instalaciones de todo el mundo para garantizar la calidad que esperas de Le Creuset.<\/p>\n<p>MaterialHierro Fundido Esmaltado<\/p>\n<p>Fabricado enFrancia<\/p>\n<p>Garant\u00edaGarant\u00eda de por Vida<\/p>\n<p>Fuente de CalorParrillaHornoPlaca el\u00e9ctricaVitrocer\u00e1micaGasPlaca de inducci\u00f3n<\/p>\n<p>DimensionesCapacidad: 4.5 lLongitud: 42 cmAncho: 37 cmAltura: 16.2 cmProfundidad: 7.2 cm<\/p>\n<p>Usos y CiudadosAlmacenajeCompatible con el congelador<\/p>\n<p>CuidadosLavaplatos<\/p>\n<p>Antes de empezar a utilizar\u00a1Disfruta desempaquetando tu nueva adquisici\u00f3n! (Y aseg\u00farate de retirar todas las etiquetas y envoltorios).Lava tu producto Le Creuset con agua caliente y jab\u00f3n, acl\u00e1ralo y s\u00e9calo bien.<\/p>\n<p>CocinandoProt\u00e9gete: usa guantes de horno siempre que manipules recipientes calientes.Te recomendamos utilizar herramientas de silicona, madera o pl\u00e1stico resistentes al calor de Le Creuset. NO utilices cuchillos ni utensilios met\u00e1licos, ya que podr\u00edan rayar y dejar marcas en la superficie esmaltada del producto.Usa el producto en el fog\u00f3n del tama\u00f1o m\u00e1s adecuado: la comida se cocinar\u00e1 de manera m\u00e1s uniforme y reducir\u00e1s el riesgo de da\u00f1ar las asas y los laterales. Esto es especialmente importante en el caso de placas de inducci\u00f3n: si utilizas un fog\u00f3n de tama\u00f1o inadecuado, existe el riesgo de que no \u201creconozca\u201d el producto.Cocinar a fuego medio o bajo te permite lograr los mejores resultados, incluso para fre\u00edr y marcar. Si quieres cocinar platos deliciosos de manera uniforme, deja que el recipiente se caliente gradualmente. Si necesitas utilizar fuego fuerte, disminuye la intensidad cuando alcances el calor deseado.Nunca deslices el producto sobre unos fogones\/una placa con cubierta de cristal, ya que podr\u00edas da\u00f1ar tanto el producto como el cristal. En su lugar, levanta siempre el producto para ponerlo y quitarlo o cambiarlo de lugar.<\/p>\n<p>LimpiezaEspera a que el producto se enfr\u00ede antes de comenzar a limpiarlo.Retira los restos de la base y los laterales del producto con un pa\u00f1o o servilleta. Si hay comida pegada, llena el producto con agua caliente y jab\u00f3n, deja que se reblandezca durante 15 o 20 minutos y, a continuaci\u00f3n, l\u00e1valo como de costumbre.No utilices agentes de limpieza abrasivos ni estropajos o escobillas met\u00e1licos sobre ninguna de las superficies.S\u00e9calo bien tras el lavado y gu\u00e1rdalo en un lugar seco.<\/p>\n","protected":false},"excerpt":{"rendered":"<p>Enciende los fogones y saltea tus carnes, verduras y especias favoritos en nuestro wok. Es ideal para preparar deliciosos platos asi\u00e1ticos y de todas partes. La tapa de cristal te permite ver qu\u00e9 pasa en el interior sin interrumpir el proceso de cocci\u00f3n. Detalles del ProductoCaracter\u00edsticasIncre\u00edblemente pr\u00e1ctico: apto para el horno, los fogones, las placas [&hellip;]<\/p>\n","protected":false},"featured_media":6303195,"template":"","meta":{"_acf_changed":false},"product_cat":[11667,11883,11895],"product_tag":[],"class_list":{"0":"post-1876306","1":"product","2":"type-product","3":"status-publish","4":"has-post-thumbnail","6":"product_cat-padelle-pentole","7":"product_cat-sartenes-y-ollas","8":"product_cat-wok-es","10":"first","11":"instock","12":"sale","13":"taxable","14":"shipping-taxable","15":"purchasable","16":"product-type-simple","swatches":"rey-swatches","show_selected":"","stretch_labels":"rey-swatches--stretch-labels"},"acf":[],"yoast_head":"<!-- This site is optimized with the Yoast SEO plugin v25.4 - https:\/\/yoast.com\/wordpress\/plugins\/seo\/ -->\n<title>LE CREUSET Wok de hierro fundido con tapa de cristal 36 cm Cereza - dev6 Erresse<\/title>\n<meta name=\"description\" content=\"Enciende los fogones y saltea tus carnes, verduras y especias favoritos en nuestro wok. Es ideal para preparar deliciosos platos asi\u00e1ticos y de todas\" \/>\n<meta name=\"robots\" content=\"noindex, follow, max-snippet:-1, max-image-preview:large, max-video-preview:-1\" \/>\n<meta property=\"og:locale\" content=\"es_ES\" \/>\n<meta property=\"og:type\" content=\"article\" \/>\n<meta property=\"og:title\" content=\"LE CREUSET Wok de hierro fundido con tapa de cristal 36 cm Cereza - dev6 Erresse\" \/>\n<meta property=\"og:description\" content=\"Enciende los fogones y saltea tus carnes, verduras y especias favoritos en nuestro wok. Es ideal para preparar deliciosos platos asi\u00e1ticos y de todas\" \/>\n<meta property=\"og:url\" content=\"https:\/\/dev6.erresse-shop.it\/es\/shop\/sartenes-y-ollas\/wok-es\/le-creuset-wok-de-hierro-fundido-con-tapa-de-cristal-36-cm-cereza\/\" \/>\n<meta property=\"og:site_name\" content=\"dev6 Erresse\" \/>\n<meta property=\"og:image\" content=\"https:\/\/interpim.erresse-shop.it\/Import\/Prodotti\/le-creuset-wok-con-coperchio-in-vetro-36-cm-ciliegia.png\" \/><meta property=\"og:image\" content=\"https:\/\/interpim.erresse-shop.it\/Import\/Prodotti\/le-creuset-wok-con-coperchio-in-vetro-36-cm-ciliegia.png\" \/>\n\t<meta property=\"og:image:width\" content=\"1024\" \/>\n\t<meta property=\"og:image:height\" content=\"1024\" \/>\n\t<meta property=\"og:image:type\" content=\"image\/jpeg\" \/>\n<meta name=\"twitter:card\" content=\"summary_large_image\" \/>\n<meta name=\"twitter:image\" content=\"https:\/\/interpim.erresse-shop.it\/Import\/Prodotti\/le-creuset-wok-con-coperchio-in-vetro-36-cm-ciliegia.png\" \/>\n<script type=\"application\/ld+json\" class=\"yoast-schema-graph\">{\"@context\":\"https:\/\/schema.org\",\"@graph\":[{\"@type\":\"WebPage\",\"@id\":\"https:\/\/dev6.erresse-shop.it\/es\/shop\/sartenes-y-ollas\/wok-es\/le-creuset-wok-de-hierro-fundido-con-tapa-de-cristal-36-cm-cereza\/\",\"url\":\"https:\/\/dev6.erresse-shop.it\/es\/shop\/sartenes-y-ollas\/wok-es\/le-creuset-wok-de-hierro-fundido-con-tapa-de-cristal-36-cm-cereza\/\",\"name\":\"LE CREUSET Wok de hierro fundido con tapa de cristal 36 cm Cereza - dev6 Erresse\",\"isPartOf\":{\"@id\":\"https:\/\/dev6.erresse-shop.it\/#website\"},\"primaryImageOfPage\":{\"@id\":\"https:\/\/dev6.erresse-shop.it\/es\/shop\/sartenes-y-ollas\/wok-es\/le-creuset-wok-de-hierro-fundido-con-tapa-de-cristal-36-cm-cereza\/#primaryimage\"},\"image\":{\"@id\":\"https:\/\/dev6.erresse-shop.it\/es\/shop\/sartenes-y-ollas\/wok-es\/le-creuset-wok-de-hierro-fundido-con-tapa-de-cristal-36-cm-cereza\/#primaryimage\"},\"thumbnailUrl\":\"https:\/\/i0.wp.com\/interpim.erresse-shop.it\/Import\/Prodotti\/le-creuset-wok-con-coperchio-in-vetro-36-cm-ciliegia.png?ssl=1\",\"datePublished\":\"2026-04-10T06:54:20+00:00\",\"description\":\"Enciende los fogones y saltea tus carnes, verduras y especias favoritos en nuestro wok. Es ideal para preparar deliciosos platos asi\u00e1ticos y de todas\",\"breadcrumb\":{\"@id\":\"https:\/\/dev6.erresse-shop.it\/es\/shop\/sartenes-y-ollas\/wok-es\/le-creuset-wok-de-hierro-fundido-con-tapa-de-cristal-36-cm-cereza\/#breadcrumb\"},\"inLanguage\":\"es\",\"potentialAction\":[{\"@type\":\"ReadAction\",\"target\":[\"https:\/\/dev6.erresse-shop.it\/es\/shop\/sartenes-y-ollas\/wok-es\/le-creuset-wok-de-hierro-fundido-con-tapa-de-cristal-36-cm-cereza\/\"]}]},{\"@type\":\"ImageObject\",\"inLanguage\":\"es\",\"@id\":\"https:\/\/dev6.erresse-shop.it\/es\/shop\/sartenes-y-ollas\/wok-es\/le-creuset-wok-de-hierro-fundido-con-tapa-de-cristal-36-cm-cereza\/#primaryimage\",\"url\":\"https:\/\/i0.wp.com\/interpim.erresse-shop.it\/Import\/Prodotti\/le-creuset-wok-con-coperchio-in-vetro-36-cm-ciliegia.png?ssl=1\",\"contentUrl\":\"https:\/\/i0.wp.com\/interpim.erresse-shop.it\/Import\/Prodotti\/le-creuset-wok-con-coperchio-in-vetro-36-cm-ciliegia.png?ssl=1\"},{\"@type\":\"BreadcrumbList\",\"@id\":\"https:\/\/dev6.erresse-shop.it\/es\/shop\/sartenes-y-ollas\/wok-es\/le-creuset-wok-de-hierro-fundido-con-tapa-de-cristal-36-cm-cereza\/#breadcrumb\",\"itemListElement\":[{\"@type\":\"ListItem\",\"position\":1,\"name\":\"Home\",\"item\":\"https:\/\/dev6.erresse-shop.it\/\"},{\"@type\":\"ListItem\",\"position\":2,\"name\":\"Tienda\",\"item\":\"https:\/\/dev6.erresse-shop.it\/shop\/\"},{\"@type\":\"ListItem\",\"position\":3,\"name\":\"LE CREUSET Wok de hierro fundido con tapa de cristal 36 cm Cereza\"}]},{\"@type\":\"WebSite\",\"@id\":\"https:\/\/dev6.erresse-shop.it\/#website\",\"url\":\"https:\/\/dev6.erresse-shop.it\/\",\"name\":\"Erresse Shop\",\"description\":\"\",\"publisher\":{\"@id\":\"https:\/\/dev6.erresse-shop.it\/#organization\"},\"potentialAction\":[{\"@type\":\"SearchAction\",\"target\":{\"@type\":\"EntryPoint\",\"urlTemplate\":\"https:\/\/dev6.erresse-shop.it\/?s={search_term_string}\"},\"query-input\":{\"@type\":\"PropertyValueSpecification\",\"valueRequired\":true,\"valueName\":\"search_term_string\"}}],\"inLanguage\":\"es\"},{\"@type\":\"Organization\",\"@id\":\"https:\/\/dev6.erresse-shop.it\/#organization\",\"name\":\"Erresse Shop\",\"url\":\"https:\/\/dev6.erresse-shop.it\/\",\"logo\":{\"@type\":\"ImageObject\",\"inLanguage\":\"es\",\"@id\":\"https:\/\/dev6.erresse-shop.it\/#\/schema\/logo\/image\/\",\"url\":\"https:\/\/dev6.erresse-shop.it\/wp-content\/uploads\/2025\/01\/LOGO-ERRESSE-CLASSICO.svg\",\"contentUrl\":\"https:\/\/dev6.erresse-shop.it\/wp-content\/uploads\/2025\/01\/LOGO-ERRESSE-CLASSICO.svg\",\"caption\":\"Erresse Shop\"},\"image\":{\"@id\":\"https:\/\/dev6.erresse-shop.it\/#\/schema\/logo\/image\/\"}}]}<\/script>\n<!-- \/ Yoast SEO plugin. -->","yoast_head_json":{"title":"LE CREUSET Wok de hierro fundido con tapa de cristal 36 cm Cereza - dev6 Erresse","description":"Enciende los fogones y saltea tus carnes, verduras y especias favoritos en nuestro wok. Es ideal para preparar deliciosos platos asi\u00e1ticos y de todas","robots":{"index":"noindex","follow":"follow","max-snippet":"max-snippet:-1","max-image-preview":"max-image-preview:large","max-video-preview":"max-video-preview:-1"},"og_locale":"es_ES","og_type":"article","og_title":"LE CREUSET Wok de hierro fundido con tapa de cristal 36 cm Cereza - dev6 Erresse","og_description":"Enciende los fogones y saltea tus carnes, verduras y especias favoritos en nuestro wok. Es ideal para preparar deliciosos platos asi\u00e1ticos y de todas","og_url":"https:\/\/dev6.erresse-shop.it\/es\/shop\/sartenes-y-ollas\/wok-es\/le-creuset-wok-de-hierro-fundido-con-tapa-de-cristal-36-cm-cereza\/","og_site_name":"dev6 Erresse","og_image":[{"url":"https:\/\/interpim.erresse-shop.it\/Import\/Prodotti\/le-creuset-wok-con-coperchio-in-vetro-36-cm-ciliegia.png","type":"","width":"","height":""},{"url":"https:\/\/interpim.erresse-shop.it\/Import\/Prodotti\/le-creuset-wok-con-coperchio-in-vetro-36-cm-ciliegia.png","width":1024,"height":1024,"type":"image\/jpeg"}],"twitter_card":"summary_large_image","twitter_image":"https:\/\/interpim.erresse-shop.it\/Import\/Prodotti\/le-creuset-wok-con-coperchio-in-vetro-36-cm-ciliegia.png","schema":{"@context":"https:\/\/schema.org","@graph":[{"@type":"WebPage","@id":"https:\/\/dev6.erresse-shop.it\/es\/shop\/sartenes-y-ollas\/wok-es\/le-creuset-wok-de-hierro-fundido-con-tapa-de-cristal-36-cm-cereza\/","url":"https:\/\/dev6.erresse-shop.it\/es\/shop\/sartenes-y-ollas\/wok-es\/le-creuset-wok-de-hierro-fundido-con-tapa-de-cristal-36-cm-cereza\/","name":"LE CREUSET Wok de hierro fundido con tapa de cristal 36 cm Cereza - dev6 Erresse","isPartOf":{"@id":"https:\/\/dev6.erresse-shop.it\/#website"},"primaryImageOfPage":{"@id":"https:\/\/dev6.erresse-shop.it\/es\/shop\/sartenes-y-ollas\/wok-es\/le-creuset-wok-de-hierro-fundido-con-tapa-de-cristal-36-cm-cereza\/#primaryimage"},"image":{"@id":"https:\/\/dev6.erresse-shop.it\/es\/shop\/sartenes-y-ollas\/wok-es\/le-creuset-wok-de-hierro-fundido-con-tapa-de-cristal-36-cm-cereza\/#primaryimage"},"thumbnailUrl":"https:\/\/i0.wp.com\/interpim.erresse-shop.it\/Import\/Prodotti\/le-creuset-wok-con-coperchio-in-vetro-36-cm-ciliegia.png?ssl=1","datePublished":"2026-04-10T06:54:20+00:00","description":"Enciende los fogones y saltea tus carnes, verduras y especias favoritos en nuestro wok. Es ideal para preparar deliciosos platos asi\u00e1ticos y de todas","breadcrumb":{"@id":"https:\/\/dev6.erresse-shop.it\/es\/shop\/sartenes-y-ollas\/wok-es\/le-creuset-wok-de-hierro-fundido-con-tapa-de-cristal-36-cm-cereza\/#breadcrumb"},"inLanguage":"es","potentialAction":[{"@type":"ReadAction","target":["https:\/\/dev6.erresse-shop.it\/es\/shop\/sartenes-y-ollas\/wok-es\/le-creuset-wok-de-hierro-fundido-con-tapa-de-cristal-36-cm-cereza\/"]}]},{"@type":"ImageObject","inLanguage":"es","@id":"https:\/\/dev6.erresse-shop.it\/es\/shop\/sartenes-y-ollas\/wok-es\/le-creuset-wok-de-hierro-fundido-con-tapa-de-cristal-36-cm-cereza\/#primaryimage","url":"https:\/\/i0.wp.com\/interpim.erresse-shop.it\/Import\/Prodotti\/le-creuset-wok-con-coperchio-in-vetro-36-cm-ciliegia.png?ssl=1","contentUrl":"https:\/\/i0.wp.com\/interpim.erresse-shop.it\/Import\/Prodotti\/le-creuset-wok-con-coperchio-in-vetro-36-cm-ciliegia.png?ssl=1"},{"@type":"BreadcrumbList","@id":"https:\/\/dev6.erresse-shop.it\/es\/shop\/sartenes-y-ollas\/wok-es\/le-creuset-wok-de-hierro-fundido-con-tapa-de-cristal-36-cm-cereza\/#breadcrumb","itemListElement":[{"@type":"ListItem","position":1,"name":"Home","item":"https:\/\/dev6.erresse-shop.it\/"},{"@type":"ListItem","position":2,"name":"Tienda","item":"https:\/\/dev6.erresse-shop.it\/shop\/"},{"@type":"ListItem","position":3,"name":"LE CREUSET Wok de hierro fundido con tapa de cristal 36 cm Cereza"}]},{"@type":"WebSite","@id":"https:\/\/dev6.erresse-shop.it\/#website","url":"https:\/\/dev6.erresse-shop.it\/","name":"Erresse Shop","description":"","publisher":{"@id":"https:\/\/dev6.erresse-shop.it\/#organization"},"potentialAction":[{"@type":"SearchAction","target":{"@type":"EntryPoint","urlTemplate":"https:\/\/dev6.erresse-shop.it\/?s={search_term_string}"},"query-input":{"@type":"PropertyValueSpecification","valueRequired":true,"valueName":"search_term_string"}}],"inLanguage":"es"},{"@type":"Organization","@id":"https:\/\/dev6.erresse-shop.it\/#organization","name":"Erresse Shop","url":"https:\/\/dev6.erresse-shop.it\/","logo":{"@type":"ImageObject","inLanguage":"es","@id":"https:\/\/dev6.erresse-shop.it\/#\/schema\/logo\/image\/","url":"https:\/\/dev6.erresse-shop.it\/wp-content\/uploads\/2025\/01\/LOGO-ERRESSE-CLASSICO.svg","contentUrl":"https:\/\/dev6.erresse-shop.it\/wp-content\/uploads\/2025\/01\/LOGO-ERRESSE-CLASSICO.svg","caption":"Erresse Shop"},"image":{"@id":"https:\/\/dev6.erresse-shop.it\/#\/schema\/logo\/image\/"}}]}},"df_price":219.95,"df_sale_price":219.95,"df_regular_price":309,"df_image_link":"https:\/\/i0.wp.com\/interpim.erresse-shop.it\/Import\/Prodotti\/le-creuset-wok-con-coperchio-in-vetro-36-cm-ciliegia.png?resize=300,300&ssl=1","fifu_image_url":"https:\/\/interpim.erresse-shop.it\/Import\/Prodotti\/le-creuset-wok-con-coperchio-in-vetro-36-cm-ciliegia.png","_links":{"self":[{"href":"https:\/\/dev6.erresse-shop.it\/es\/wp-json\/wp\/v2\/product\/1876306","targetHints":{"allow":["GET"]}}],"collection":[{"href":"https:\/\/dev6.erresse-shop.it\/es\/wp-json\/wp\/v2\/product"}],"about":[{"href":"https:\/\/dev6.erresse-shop.it\/es\/wp-json\/wp\/v2\/types\/product"}],"wp:featuredmedia":[{"embeddable":true,"href":"https:\/\/dev6.erresse-shop.it\/es\/wp-json\/wp\/v2\/media\/6303195"}],"wp:attachment":[{"href":"https:\/\/dev6.erresse-shop.it\/es\/wp-json\/wp\/v2\/media?parent=1876306"}],"wp:term":[{"taxonomy":"product_cat","embeddable":true,"href":"https:\/\/dev6.erresse-shop.it\/es\/wp-json\/wp\/v2\/product_cat?post=1876306"},{"taxonomy":"product_tag","embeddable":true,"href":"https:\/\/dev6.erresse-shop.it\/es\/wp-json\/wp\/v2\/product_tag?post=1876306"}],"curies":[{"name":"wp","href":"https:\/\/api.w.org\/{rel}","templated":true}]}}