{"id":1876270,"date":"2026-04-21T01:30:52","date_gmt":"2026-04-20T23:30:52","guid":{"rendered":"https:\/\/dev6.erresse-shop.it\/shop\/sin%20categor\u00eda\/seletti-lampara-de-resina-raton-de-pie-mouse-lamp-oro\/"},"modified":"2026-01-16T22:18:33","modified_gmt":"2026-01-16T21:18:33","slug":"seletti-lampara-de-resina-raton-de-pie-mouse-lamp-oro","status":"publish","type":"product","link":"https:\/\/dev6.erresse-shop.it\/es\/shop\/mobiliario\/lamparas\/seletti-lampara-de-resina-raton-de-pie-mouse-lamp-oro\/","title":{"rendered":"SELETTI L\u00e1mpara de Resina Rat\u00f3n de Pie Mouse Lamp Oro"},"content":{"rendered":"<p>Cuando no est\u00e1 mordisqueando queso, disfruta cerca de ti con la bombilla que acaba de robar. La ic\u00f3nica l\u00e1mpara Mouse vuelve en su versi\u00f3n m\u00e1s inteligente, con un pr\u00e1ctico enchufe USB para que puedas conectarla a cualquier cosa.<\/p>\n<p>L\u00e1mpara del rat\u00f3n<\/p>\n<p>Dise\u00f1o: Marcantonio<br \/>\nMaterial: Resina<br \/>\nMedidas: Cm.6,2\u00d721 h.8,1<br \/>\nS\u00f3lo en interiores<br \/>\nUSB \u2013 5V DC \u2013 E14 \u2013 1W \u2013 90 Lumen \u2013 2200 K<\/p>\n","protected":false},"excerpt":{"rendered":"<p>Cuando no est\u00e1 mordisqueando queso, disfruta cerca de ti con la bombilla que acaba de robar. La ic\u00f3nica l\u00e1mpara Mouse vuelve en su versi\u00f3n m\u00e1s inteligente, con un pr\u00e1ctico enchufe USB para que puedas conectarla a cualquier cosa. L\u00e1mpara del rat\u00f3n Dise\u00f1o: Marcantonio Material: Resina Medidas: Cm.6,2\u00d721 h.8,1 S\u00f3lo en interiores USB \u2013 5V DC [&hellip;]<\/p>\n","protected":false},"featured_media":6705822,"template":"","meta":{"_acf_changed":false},"product_cat":[11666,11911,11882],"product_tag":[],"class_list":{"0":"post-1876270","1":"product","2":"type-product","3":"status-publish","4":"has-post-thumbnail","6":"product_cat-arredamento-casa","7":"product_cat-lamparas","8":"product_cat-mobiliario","10":"first","11":"outofstock","12":"sale","13":"taxable","14":"shipping-taxable","15":"purchasable","16":"product-type-simple","swatches":"rey-swatches","show_selected":"","stretch_labels":"rey-swatches--stretch-labels"},"acf":[],"yoast_head":"<!-- This site is optimized with the Yoast SEO plugin v25.4 - https:\/\/yoast.com\/wordpress\/plugins\/seo\/ -->\n<title>SELETTI L\u00e1mpara de Resina Rat\u00f3n de Pie Mouse Lamp Oro - dev6 Erresse<\/title>\n<meta name=\"description\" content=\"Cuando no est\u00e1 mordisqueando queso, disfruta cerca de ti con la bombilla que acaba de robar. La ic\u00f3nica l\u00e1mpara Mouse vuelve en su versi\u00f3n m\u00e1s\" \/>\n<meta name=\"robots\" content=\"noindex, follow, max-snippet:-1, max-image-preview:large, max-video-preview:-1\" \/>\n<meta property=\"og:locale\" content=\"es_ES\" \/>\n<meta property=\"og:type\" content=\"article\" \/>\n<meta property=\"og:title\" content=\"SELETTI L\u00e1mpara de Resina Rat\u00f3n de Pie Mouse Lamp Oro - dev6 Erresse\" \/>\n<meta property=\"og:description\" content=\"Cuando no est\u00e1 mordisqueando queso, disfruta cerca de ti con la bombilla que acaba de robar. La ic\u00f3nica l\u00e1mpara Mouse vuelve en su versi\u00f3n m\u00e1s\" \/>\n<meta property=\"og:url\" content=\"https:\/\/dev6.erresse-shop.it\/es\/shop\/mobiliario\/lamparas\/seletti-lampara-de-resina-raton-de-pie-mouse-lamp-oro\/\" \/>\n<meta property=\"og:site_name\" content=\"dev6 Erresse\" \/>\n<meta property=\"og:image\" content=\"https:\/\/interpim.erresse-shop.it\/Import\/Prodotti\/products-15070_gld.jpg\" \/><meta property=\"og:image\" content=\"https:\/\/interpim.erresse-shop.it\/Import\/Prodotti\/products-15070_gld.jpg\" \/>\n\t<meta property=\"og:image:width\" content=\"1024\" \/>\n\t<meta property=\"og:image:height\" content=\"1024\" \/>\n\t<meta property=\"og:image:type\" content=\"image\/jpeg\" \/>\n<meta name=\"twitter:card\" content=\"summary_large_image\" \/>\n<meta name=\"twitter:image\" content=\"https:\/\/interpim.erresse-shop.it\/Import\/Prodotti\/products-15070_gld.jpg\" \/>\n<script type=\"application\/ld+json\" class=\"yoast-schema-graph\">{\"@context\":\"https:\/\/schema.org\",\"@graph\":[{\"@type\":\"WebPage\",\"@id\":\"https:\/\/dev6.erresse-shop.it\/es\/shop\/mobiliario\/lamparas\/seletti-lampara-de-resina-raton-de-pie-mouse-lamp-oro\/\",\"url\":\"https:\/\/dev6.erresse-shop.it\/es\/shop\/mobiliario\/lamparas\/seletti-lampara-de-resina-raton-de-pie-mouse-lamp-oro\/\",\"name\":\"SELETTI L\u00e1mpara de Resina Rat\u00f3n de Pie Mouse Lamp Oro - dev6 Erresse\",\"isPartOf\":{\"@id\":\"https:\/\/dev6.erresse-shop.it\/#website\"},\"primaryImageOfPage\":{\"@id\":\"https:\/\/dev6.erresse-shop.it\/es\/shop\/mobiliario\/lamparas\/seletti-lampara-de-resina-raton-de-pie-mouse-lamp-oro\/#primaryimage\"},\"image\":{\"@id\":\"https:\/\/dev6.erresse-shop.it\/es\/shop\/mobiliario\/lamparas\/seletti-lampara-de-resina-raton-de-pie-mouse-lamp-oro\/#primaryimage\"},\"thumbnailUrl\":\"https:\/\/i2.wp.com\/interpim.erresse-shop.it\/Import\/Prodotti\/products-15070_gld.jpg?ssl=1\",\"datePublished\":\"2026-04-20T23:30:52+00:00\",\"description\":\"Cuando no est\u00e1 mordisqueando queso, disfruta cerca de ti con la bombilla que acaba de robar. La ic\u00f3nica l\u00e1mpara Mouse vuelve en su versi\u00f3n m\u00e1s\",\"breadcrumb\":{\"@id\":\"https:\/\/dev6.erresse-shop.it\/es\/shop\/mobiliario\/lamparas\/seletti-lampara-de-resina-raton-de-pie-mouse-lamp-oro\/#breadcrumb\"},\"inLanguage\":\"es\",\"potentialAction\":[{\"@type\":\"ReadAction\",\"target\":[\"https:\/\/dev6.erresse-shop.it\/es\/shop\/mobiliario\/lamparas\/seletti-lampara-de-resina-raton-de-pie-mouse-lamp-oro\/\"]}]},{\"@type\":\"ImageObject\",\"inLanguage\":\"es\",\"@id\":\"https:\/\/dev6.erresse-shop.it\/es\/shop\/mobiliario\/lamparas\/seletti-lampara-de-resina-raton-de-pie-mouse-lamp-oro\/#primaryimage\",\"url\":\"https:\/\/i2.wp.com\/interpim.erresse-shop.it\/Import\/Prodotti\/products-15070_gld.jpg?ssl=1\",\"contentUrl\":\"https:\/\/i2.wp.com\/interpim.erresse-shop.it\/Import\/Prodotti\/products-15070_gld.jpg?ssl=1\"},{\"@type\":\"BreadcrumbList\",\"@id\":\"https:\/\/dev6.erresse-shop.it\/es\/shop\/mobiliario\/lamparas\/seletti-lampara-de-resina-raton-de-pie-mouse-lamp-oro\/#breadcrumb\",\"itemListElement\":[{\"@type\":\"ListItem\",\"position\":1,\"name\":\"Home\",\"item\":\"https:\/\/dev6.erresse-shop.it\/\"},{\"@type\":\"ListItem\",\"position\":2,\"name\":\"Tienda\",\"item\":\"https:\/\/dev6.erresse-shop.it\/shop\/\"},{\"@type\":\"ListItem\",\"position\":3,\"name\":\"SELETTI L\u00e1mpara de Resina Rat\u00f3n de Pie Mouse Lamp Oro\"}]},{\"@type\":\"WebSite\",\"@id\":\"https:\/\/dev6.erresse-shop.it\/#website\",\"url\":\"https:\/\/dev6.erresse-shop.it\/\",\"name\":\"Erresse Shop\",\"description\":\"\",\"publisher\":{\"@id\":\"https:\/\/dev6.erresse-shop.it\/#organization\"},\"potentialAction\":[{\"@type\":\"SearchAction\",\"target\":{\"@type\":\"EntryPoint\",\"urlTemplate\":\"https:\/\/dev6.erresse-shop.it\/?s={search_term_string}\"},\"query-input\":{\"@type\":\"PropertyValueSpecification\",\"valueRequired\":true,\"valueName\":\"search_term_string\"}}],\"inLanguage\":\"es\"},{\"@type\":\"Organization\",\"@id\":\"https:\/\/dev6.erresse-shop.it\/#organization\",\"name\":\"Erresse Shop\",\"url\":\"https:\/\/dev6.erresse-shop.it\/\",\"logo\":{\"@type\":\"ImageObject\",\"inLanguage\":\"es\",\"@id\":\"https:\/\/dev6.erresse-shop.it\/#\/schema\/logo\/image\/\",\"url\":\"https:\/\/dev6.erresse-shop.it\/wp-content\/uploads\/2025\/01\/LOGO-ERRESSE-CLASSICO.svg\",\"contentUrl\":\"https:\/\/dev6.erresse-shop.it\/wp-content\/uploads\/2025\/01\/LOGO-ERRESSE-CLASSICO.svg\",\"caption\":\"Erresse Shop\"},\"image\":{\"@id\":\"https:\/\/dev6.erresse-shop.it\/#\/schema\/logo\/image\/\"}}]}<\/script>\n<!-- \/ Yoast SEO plugin. -->","yoast_head_json":{"title":"SELETTI L\u00e1mpara de Resina Rat\u00f3n de Pie Mouse Lamp Oro - dev6 Erresse","description":"Cuando no est\u00e1 mordisqueando queso, disfruta cerca de ti con la bombilla que acaba de robar. La ic\u00f3nica l\u00e1mpara Mouse vuelve en su versi\u00f3n m\u00e1s","robots":{"index":"noindex","follow":"follow","max-snippet":"max-snippet:-1","max-image-preview":"max-image-preview:large","max-video-preview":"max-video-preview:-1"},"og_locale":"es_ES","og_type":"article","og_title":"SELETTI L\u00e1mpara de Resina Rat\u00f3n de Pie Mouse Lamp Oro - dev6 Erresse","og_description":"Cuando no est\u00e1 mordisqueando queso, disfruta cerca de ti con la bombilla que acaba de robar. La ic\u00f3nica l\u00e1mpara Mouse vuelve en su versi\u00f3n m\u00e1s","og_url":"https:\/\/dev6.erresse-shop.it\/es\/shop\/mobiliario\/lamparas\/seletti-lampara-de-resina-raton-de-pie-mouse-lamp-oro\/","og_site_name":"dev6 Erresse","og_image":[{"url":"https:\/\/interpim.erresse-shop.it\/Import\/Prodotti\/products-15070_gld.jpg","type":"","width":"","height":""},{"url":"https:\/\/interpim.erresse-shop.it\/Import\/Prodotti\/products-15070_gld.jpg","width":1024,"height":1024,"type":"image\/jpeg"}],"twitter_card":"summary_large_image","twitter_image":"https:\/\/interpim.erresse-shop.it\/Import\/Prodotti\/products-15070_gld.jpg","schema":{"@context":"https:\/\/schema.org","@graph":[{"@type":"WebPage","@id":"https:\/\/dev6.erresse-shop.it\/es\/shop\/mobiliario\/lamparas\/seletti-lampara-de-resina-raton-de-pie-mouse-lamp-oro\/","url":"https:\/\/dev6.erresse-shop.it\/es\/shop\/mobiliario\/lamparas\/seletti-lampara-de-resina-raton-de-pie-mouse-lamp-oro\/","name":"SELETTI L\u00e1mpara de Resina Rat\u00f3n de Pie Mouse Lamp Oro - dev6 Erresse","isPartOf":{"@id":"https:\/\/dev6.erresse-shop.it\/#website"},"primaryImageOfPage":{"@id":"https:\/\/dev6.erresse-shop.it\/es\/shop\/mobiliario\/lamparas\/seletti-lampara-de-resina-raton-de-pie-mouse-lamp-oro\/#primaryimage"},"image":{"@id":"https:\/\/dev6.erresse-shop.it\/es\/shop\/mobiliario\/lamparas\/seletti-lampara-de-resina-raton-de-pie-mouse-lamp-oro\/#primaryimage"},"thumbnailUrl":"https:\/\/i2.wp.com\/interpim.erresse-shop.it\/Import\/Prodotti\/products-15070_gld.jpg?ssl=1","datePublished":"2026-04-20T23:30:52+00:00","description":"Cuando no est\u00e1 mordisqueando queso, disfruta cerca de ti con la bombilla que acaba de robar. La ic\u00f3nica l\u00e1mpara Mouse vuelve en su versi\u00f3n m\u00e1s","breadcrumb":{"@id":"https:\/\/dev6.erresse-shop.it\/es\/shop\/mobiliario\/lamparas\/seletti-lampara-de-resina-raton-de-pie-mouse-lamp-oro\/#breadcrumb"},"inLanguage":"es","potentialAction":[{"@type":"ReadAction","target":["https:\/\/dev6.erresse-shop.it\/es\/shop\/mobiliario\/lamparas\/seletti-lampara-de-resina-raton-de-pie-mouse-lamp-oro\/"]}]},{"@type":"ImageObject","inLanguage":"es","@id":"https:\/\/dev6.erresse-shop.it\/es\/shop\/mobiliario\/lamparas\/seletti-lampara-de-resina-raton-de-pie-mouse-lamp-oro\/#primaryimage","url":"https:\/\/i2.wp.com\/interpim.erresse-shop.it\/Import\/Prodotti\/products-15070_gld.jpg?ssl=1","contentUrl":"https:\/\/i2.wp.com\/interpim.erresse-shop.it\/Import\/Prodotti\/products-15070_gld.jpg?ssl=1"},{"@type":"BreadcrumbList","@id":"https:\/\/dev6.erresse-shop.it\/es\/shop\/mobiliario\/lamparas\/seletti-lampara-de-resina-raton-de-pie-mouse-lamp-oro\/#breadcrumb","itemListElement":[{"@type":"ListItem","position":1,"name":"Home","item":"https:\/\/dev6.erresse-shop.it\/"},{"@type":"ListItem","position":2,"name":"Tienda","item":"https:\/\/dev6.erresse-shop.it\/shop\/"},{"@type":"ListItem","position":3,"name":"SELETTI L\u00e1mpara de Resina Rat\u00f3n de Pie Mouse Lamp Oro"}]},{"@type":"WebSite","@id":"https:\/\/dev6.erresse-shop.it\/#website","url":"https:\/\/dev6.erresse-shop.it\/","name":"Erresse Shop","description":"","publisher":{"@id":"https:\/\/dev6.erresse-shop.it\/#organization"},"potentialAction":[{"@type":"SearchAction","target":{"@type":"EntryPoint","urlTemplate":"https:\/\/dev6.erresse-shop.it\/?s={search_term_string}"},"query-input":{"@type":"PropertyValueSpecification","valueRequired":true,"valueName":"search_term_string"}}],"inLanguage":"es"},{"@type":"Organization","@id":"https:\/\/dev6.erresse-shop.it\/#organization","name":"Erresse Shop","url":"https:\/\/dev6.erresse-shop.it\/","logo":{"@type":"ImageObject","inLanguage":"es","@id":"https:\/\/dev6.erresse-shop.it\/#\/schema\/logo\/image\/","url":"https:\/\/dev6.erresse-shop.it\/wp-content\/uploads\/2025\/01\/LOGO-ERRESSE-CLASSICO.svg","contentUrl":"https:\/\/dev6.erresse-shop.it\/wp-content\/uploads\/2025\/01\/LOGO-ERRESSE-CLASSICO.svg","caption":"Erresse Shop"},"image":{"@id":"https:\/\/dev6.erresse-shop.it\/#\/schema\/logo\/image\/"}}]}},"df_price":66,"df_sale_price":66,"df_regular_price":95,"df_image_link":"https:\/\/i2.wp.com\/interpim.erresse-shop.it\/Import\/Prodotti\/products-15070_gld.jpg?resize=300,300&ssl=1","fifu_image_url":"https:\/\/interpim.erresse-shop.it\/Import\/Prodotti\/products-15070_gld.jpg","_links":{"self":[{"href":"https:\/\/dev6.erresse-shop.it\/es\/wp-json\/wp\/v2\/product\/1876270","targetHints":{"allow":["GET"]}}],"collection":[{"href":"https:\/\/dev6.erresse-shop.it\/es\/wp-json\/wp\/v2\/product"}],"about":[{"href":"https:\/\/dev6.erresse-shop.it\/es\/wp-json\/wp\/v2\/types\/product"}],"wp:featuredmedia":[{"embeddable":true,"href":"https:\/\/dev6.erresse-shop.it\/es\/wp-json\/wp\/v2\/media\/6705822"}],"wp:attachment":[{"href":"https:\/\/dev6.erresse-shop.it\/es\/wp-json\/wp\/v2\/media?parent=1876270"}],"wp:term":[{"taxonomy":"product_cat","embeddable":true,"href":"https:\/\/dev6.erresse-shop.it\/es\/wp-json\/wp\/v2\/product_cat?post=1876270"},{"taxonomy":"product_tag","embeddable":true,"href":"https:\/\/dev6.erresse-shop.it\/es\/wp-json\/wp\/v2\/product_tag?post=1876270"}],"curies":[{"name":"wp","href":"https:\/\/api.w.org\/{rel}","templated":true}]}}