{"id":1876252,"date":"2026-04-16T18:48:39","date_gmt":"2026-04-16T16:48:39","guid":{"rendered":"https:\/\/dev6.erresse-shop.it\/shop\/sin%20categor\u00eda\/seletti-studio-job-silla-plegable-de-metal-peace\/"},"modified":"2026-01-16T22:18:31","modified_gmt":"2026-01-16T21:18:31","slug":"seletti-studio-job-silla-plegable-de-metal-peace","status":"publish","type":"product","link":"https:\/\/dev6.erresse-shop.it\/es\/shop\/mobiliario\/sillas-y-sillones\/seletti-studio-job-silla-plegable-de-metal-peace\/","title":{"rendered":"SELETTI Studio Job Silla Plegable de Metal Peace"},"content":{"rendered":"<p>La creatividad \u00fanica de Studio Job decora las sillas plegables con diferentes im\u00e1genes: Flash, Hot Dog, Huevos, Boca, Paz, Maleza.<\/p>\n<p>Dise\u00f1o: Studio Job<br \/>\nMaterial: Metal, PVC<br \/>\nDimensiones: cm 44 h. 46\/79<\/p>\n","protected":false},"excerpt":{"rendered":"<p>La creatividad \u00fanica de Studio Job decora las sillas plegables con diferentes im\u00e1genes: Flash, Hot Dog, Huevos, Boca, Paz, Maleza. Dise\u00f1o: Studio Job Material: Metal, PVC Dimensiones: cm 44 h. 46\/79<\/p>\n","protected":false},"featured_media":6483579,"template":"","meta":{"_acf_changed":false},"product_cat":[11666,11882,11918],"product_tag":[],"class_list":{"0":"post-1876252","1":"product","2":"type-product","3":"status-publish","4":"has-post-thumbnail","6":"product_cat-arredamento-casa","7":"product_cat-mobiliario","8":"product_cat-sillas-y-sillones","10":"first","11":"outofstock","12":"sale","13":"taxable","14":"shipping-taxable","15":"purchasable","16":"product-type-simple","swatches":"rey-swatches","show_selected":"","stretch_labels":"rey-swatches--stretch-labels"},"acf":[],"yoast_head":"<!-- This site is optimized with the Yoast SEO plugin v25.4 - https:\/\/yoast.com\/wordpress\/plugins\/seo\/ -->\n<title>SELETTI Studio Job Silla Plegable de Metal Peace - dev6 Erresse<\/title>\n<meta name=\"description\" content=\"La creatividad \u00fanica de Studio Job decora las sillas plegables con diferentes im\u00e1genes: Flash, Hot Dog, Huevos, Boca, Paz, Maleza. Dise\u00f1o: Studio Job\" \/>\n<meta name=\"robots\" content=\"noindex, follow, max-snippet:-1, max-image-preview:large, max-video-preview:-1\" \/>\n<meta property=\"og:locale\" content=\"es_ES\" \/>\n<meta property=\"og:type\" content=\"article\" \/>\n<meta property=\"og:title\" content=\"SELETTI Studio Job Silla Plegable de Metal Peace - dev6 Erresse\" \/>\n<meta property=\"og:description\" content=\"La creatividad \u00fanica de Studio Job decora las sillas plegables con diferentes im\u00e1genes: Flash, Hot Dog, Huevos, Boca, Paz, Maleza. Dise\u00f1o: Studio Job\" \/>\n<meta property=\"og:url\" content=\"https:\/\/dev6.erresse-shop.it\/es\/shop\/mobiliario\/sillas-y-sillones\/seletti-studio-job-silla-plegable-de-metal-peace\/\" \/>\n<meta property=\"og:site_name\" content=\"dev6 Erresse\" \/>\n<meta property=\"og:image\" content=\"https:\/\/interpim.erresse-shop.it\/Import\/Prodotti\/products-18550.jpg\" \/><meta property=\"og:image\" content=\"https:\/\/interpim.erresse-shop.it\/Import\/Prodotti\/products-18550.jpg\" \/>\n\t<meta property=\"og:image:width\" content=\"1024\" \/>\n\t<meta property=\"og:image:height\" content=\"1024\" \/>\n\t<meta property=\"og:image:type\" content=\"image\/jpeg\" \/>\n<meta name=\"twitter:card\" content=\"summary_large_image\" \/>\n<meta name=\"twitter:image\" content=\"https:\/\/interpim.erresse-shop.it\/Import\/Prodotti\/products-18550.jpg\" \/>\n<script type=\"application\/ld+json\" class=\"yoast-schema-graph\">{\"@context\":\"https:\/\/schema.org\",\"@graph\":[{\"@type\":\"WebPage\",\"@id\":\"https:\/\/dev6.erresse-shop.it\/es\/shop\/mobiliario\/sillas-y-sillones\/seletti-studio-job-silla-plegable-de-metal-peace\/\",\"url\":\"https:\/\/dev6.erresse-shop.it\/es\/shop\/mobiliario\/sillas-y-sillones\/seletti-studio-job-silla-plegable-de-metal-peace\/\",\"name\":\"SELETTI Studio Job Silla Plegable de Metal Peace - dev6 Erresse\",\"isPartOf\":{\"@id\":\"https:\/\/dev6.erresse-shop.it\/#website\"},\"primaryImageOfPage\":{\"@id\":\"https:\/\/dev6.erresse-shop.it\/es\/shop\/mobiliario\/sillas-y-sillones\/seletti-studio-job-silla-plegable-de-metal-peace\/#primaryimage\"},\"image\":{\"@id\":\"https:\/\/dev6.erresse-shop.it\/es\/shop\/mobiliario\/sillas-y-sillones\/seletti-studio-job-silla-plegable-de-metal-peace\/#primaryimage\"},\"thumbnailUrl\":\"https:\/\/i1.wp.com\/interpim.erresse-shop.it\/Import\/Prodotti\/products-18550.jpg?ssl=1\",\"datePublished\":\"2026-04-16T16:48:39+00:00\",\"description\":\"La creatividad \u00fanica de Studio Job decora las sillas plegables con diferentes im\u00e1genes: Flash, Hot Dog, Huevos, Boca, Paz, Maleza. Dise\u00f1o: Studio Job\",\"breadcrumb\":{\"@id\":\"https:\/\/dev6.erresse-shop.it\/es\/shop\/mobiliario\/sillas-y-sillones\/seletti-studio-job-silla-plegable-de-metal-peace\/#breadcrumb\"},\"inLanguage\":\"es\",\"potentialAction\":[{\"@type\":\"ReadAction\",\"target\":[\"https:\/\/dev6.erresse-shop.it\/es\/shop\/mobiliario\/sillas-y-sillones\/seletti-studio-job-silla-plegable-de-metal-peace\/\"]}]},{\"@type\":\"ImageObject\",\"inLanguage\":\"es\",\"@id\":\"https:\/\/dev6.erresse-shop.it\/es\/shop\/mobiliario\/sillas-y-sillones\/seletti-studio-job-silla-plegable-de-metal-peace\/#primaryimage\",\"url\":\"https:\/\/i1.wp.com\/interpim.erresse-shop.it\/Import\/Prodotti\/products-18550.jpg?ssl=1\",\"contentUrl\":\"https:\/\/i1.wp.com\/interpim.erresse-shop.it\/Import\/Prodotti\/products-18550.jpg?ssl=1\"},{\"@type\":\"BreadcrumbList\",\"@id\":\"https:\/\/dev6.erresse-shop.it\/es\/shop\/mobiliario\/sillas-y-sillones\/seletti-studio-job-silla-plegable-de-metal-peace\/#breadcrumb\",\"itemListElement\":[{\"@type\":\"ListItem\",\"position\":1,\"name\":\"Home\",\"item\":\"https:\/\/dev6.erresse-shop.it\/\"},{\"@type\":\"ListItem\",\"position\":2,\"name\":\"Tienda\",\"item\":\"https:\/\/dev6.erresse-shop.it\/shop\/\"},{\"@type\":\"ListItem\",\"position\":3,\"name\":\"SELETTI Studio Job Silla Plegable de Metal Peace\"}]},{\"@type\":\"WebSite\",\"@id\":\"https:\/\/dev6.erresse-shop.it\/#website\",\"url\":\"https:\/\/dev6.erresse-shop.it\/\",\"name\":\"Erresse Shop\",\"description\":\"\",\"publisher\":{\"@id\":\"https:\/\/dev6.erresse-shop.it\/#organization\"},\"potentialAction\":[{\"@type\":\"SearchAction\",\"target\":{\"@type\":\"EntryPoint\",\"urlTemplate\":\"https:\/\/dev6.erresse-shop.it\/?s={search_term_string}\"},\"query-input\":{\"@type\":\"PropertyValueSpecification\",\"valueRequired\":true,\"valueName\":\"search_term_string\"}}],\"inLanguage\":\"es\"},{\"@type\":\"Organization\",\"@id\":\"https:\/\/dev6.erresse-shop.it\/#organization\",\"name\":\"Erresse Shop\",\"url\":\"https:\/\/dev6.erresse-shop.it\/\",\"logo\":{\"@type\":\"ImageObject\",\"inLanguage\":\"es\",\"@id\":\"https:\/\/dev6.erresse-shop.it\/#\/schema\/logo\/image\/\",\"url\":\"https:\/\/dev6.erresse-shop.it\/wp-content\/uploads\/2025\/01\/LOGO-ERRESSE-CLASSICO.svg\",\"contentUrl\":\"https:\/\/dev6.erresse-shop.it\/wp-content\/uploads\/2025\/01\/LOGO-ERRESSE-CLASSICO.svg\",\"caption\":\"Erresse Shop\"},\"image\":{\"@id\":\"https:\/\/dev6.erresse-shop.it\/#\/schema\/logo\/image\/\"}}]}<\/script>\n<!-- \/ Yoast SEO plugin. -->","yoast_head_json":{"title":"SELETTI Studio Job Silla Plegable de Metal Peace - dev6 Erresse","description":"La creatividad \u00fanica de Studio Job decora las sillas plegables con diferentes im\u00e1genes: Flash, Hot Dog, Huevos, Boca, Paz, Maleza. Dise\u00f1o: Studio Job","robots":{"index":"noindex","follow":"follow","max-snippet":"max-snippet:-1","max-image-preview":"max-image-preview:large","max-video-preview":"max-video-preview:-1"},"og_locale":"es_ES","og_type":"article","og_title":"SELETTI Studio Job Silla Plegable de Metal Peace - dev6 Erresse","og_description":"La creatividad \u00fanica de Studio Job decora las sillas plegables con diferentes im\u00e1genes: Flash, Hot Dog, Huevos, Boca, Paz, Maleza. Dise\u00f1o: Studio Job","og_url":"https:\/\/dev6.erresse-shop.it\/es\/shop\/mobiliario\/sillas-y-sillones\/seletti-studio-job-silla-plegable-de-metal-peace\/","og_site_name":"dev6 Erresse","og_image":[{"url":"https:\/\/interpim.erresse-shop.it\/Import\/Prodotti\/products-18550.jpg","type":"","width":"","height":""},{"url":"https:\/\/interpim.erresse-shop.it\/Import\/Prodotti\/products-18550.jpg","width":1024,"height":1024,"type":"image\/jpeg"}],"twitter_card":"summary_large_image","twitter_image":"https:\/\/interpim.erresse-shop.it\/Import\/Prodotti\/products-18550.jpg","schema":{"@context":"https:\/\/schema.org","@graph":[{"@type":"WebPage","@id":"https:\/\/dev6.erresse-shop.it\/es\/shop\/mobiliario\/sillas-y-sillones\/seletti-studio-job-silla-plegable-de-metal-peace\/","url":"https:\/\/dev6.erresse-shop.it\/es\/shop\/mobiliario\/sillas-y-sillones\/seletti-studio-job-silla-plegable-de-metal-peace\/","name":"SELETTI Studio Job Silla Plegable de Metal Peace - dev6 Erresse","isPartOf":{"@id":"https:\/\/dev6.erresse-shop.it\/#website"},"primaryImageOfPage":{"@id":"https:\/\/dev6.erresse-shop.it\/es\/shop\/mobiliario\/sillas-y-sillones\/seletti-studio-job-silla-plegable-de-metal-peace\/#primaryimage"},"image":{"@id":"https:\/\/dev6.erresse-shop.it\/es\/shop\/mobiliario\/sillas-y-sillones\/seletti-studio-job-silla-plegable-de-metal-peace\/#primaryimage"},"thumbnailUrl":"https:\/\/i1.wp.com\/interpim.erresse-shop.it\/Import\/Prodotti\/products-18550.jpg?ssl=1","datePublished":"2026-04-16T16:48:39+00:00","description":"La creatividad \u00fanica de Studio Job decora las sillas plegables con diferentes im\u00e1genes: Flash, Hot Dog, Huevos, Boca, Paz, Maleza. Dise\u00f1o: Studio Job","breadcrumb":{"@id":"https:\/\/dev6.erresse-shop.it\/es\/shop\/mobiliario\/sillas-y-sillones\/seletti-studio-job-silla-plegable-de-metal-peace\/#breadcrumb"},"inLanguage":"es","potentialAction":[{"@type":"ReadAction","target":["https:\/\/dev6.erresse-shop.it\/es\/shop\/mobiliario\/sillas-y-sillones\/seletti-studio-job-silla-plegable-de-metal-peace\/"]}]},{"@type":"ImageObject","inLanguage":"es","@id":"https:\/\/dev6.erresse-shop.it\/es\/shop\/mobiliario\/sillas-y-sillones\/seletti-studio-job-silla-plegable-de-metal-peace\/#primaryimage","url":"https:\/\/i1.wp.com\/interpim.erresse-shop.it\/Import\/Prodotti\/products-18550.jpg?ssl=1","contentUrl":"https:\/\/i1.wp.com\/interpim.erresse-shop.it\/Import\/Prodotti\/products-18550.jpg?ssl=1"},{"@type":"BreadcrumbList","@id":"https:\/\/dev6.erresse-shop.it\/es\/shop\/mobiliario\/sillas-y-sillones\/seletti-studio-job-silla-plegable-de-metal-peace\/#breadcrumb","itemListElement":[{"@type":"ListItem","position":1,"name":"Home","item":"https:\/\/dev6.erresse-shop.it\/"},{"@type":"ListItem","position":2,"name":"Tienda","item":"https:\/\/dev6.erresse-shop.it\/shop\/"},{"@type":"ListItem","position":3,"name":"SELETTI Studio Job Silla Plegable de Metal Peace"}]},{"@type":"WebSite","@id":"https:\/\/dev6.erresse-shop.it\/#website","url":"https:\/\/dev6.erresse-shop.it\/","name":"Erresse Shop","description":"","publisher":{"@id":"https:\/\/dev6.erresse-shop.it\/#organization"},"potentialAction":[{"@type":"SearchAction","target":{"@type":"EntryPoint","urlTemplate":"https:\/\/dev6.erresse-shop.it\/?s={search_term_string}"},"query-input":{"@type":"PropertyValueSpecification","valueRequired":true,"valueName":"search_term_string"}}],"inLanguage":"es"},{"@type":"Organization","@id":"https:\/\/dev6.erresse-shop.it\/#organization","name":"Erresse Shop","url":"https:\/\/dev6.erresse-shop.it\/","logo":{"@type":"ImageObject","inLanguage":"es","@id":"https:\/\/dev6.erresse-shop.it\/#\/schema\/logo\/image\/","url":"https:\/\/dev6.erresse-shop.it\/wp-content\/uploads\/2025\/01\/LOGO-ERRESSE-CLASSICO.svg","contentUrl":"https:\/\/dev6.erresse-shop.it\/wp-content\/uploads\/2025\/01\/LOGO-ERRESSE-CLASSICO.svg","caption":"Erresse Shop"},"image":{"@id":"https:\/\/dev6.erresse-shop.it\/#\/schema\/logo\/image\/"}}]}},"df_price":59.95,"df_sale_price":59.95,"df_regular_price":89,"df_image_link":"https:\/\/i1.wp.com\/interpim.erresse-shop.it\/Import\/Prodotti\/products-18550.jpg?resize=300,300&ssl=1","fifu_image_url":"https:\/\/interpim.erresse-shop.it\/Import\/Prodotti\/products-18550.jpg","_links":{"self":[{"href":"https:\/\/dev6.erresse-shop.it\/es\/wp-json\/wp\/v2\/product\/1876252","targetHints":{"allow":["GET"]}}],"collection":[{"href":"https:\/\/dev6.erresse-shop.it\/es\/wp-json\/wp\/v2\/product"}],"about":[{"href":"https:\/\/dev6.erresse-shop.it\/es\/wp-json\/wp\/v2\/types\/product"}],"wp:featuredmedia":[{"embeddable":true,"href":"https:\/\/dev6.erresse-shop.it\/es\/wp-json\/wp\/v2\/media\/6483579"}],"wp:attachment":[{"href":"https:\/\/dev6.erresse-shop.it\/es\/wp-json\/wp\/v2\/media?parent=1876252"}],"wp:term":[{"taxonomy":"product_cat","embeddable":true,"href":"https:\/\/dev6.erresse-shop.it\/es\/wp-json\/wp\/v2\/product_cat?post=1876252"},{"taxonomy":"product_tag","embeddable":true,"href":"https:\/\/dev6.erresse-shop.it\/es\/wp-json\/wp\/v2\/product_tag?post=1876252"}],"curies":[{"name":"wp","href":"https:\/\/api.w.org\/{rel}","templated":true}]}}