{"id":1876214,"date":"2026-04-17T22:55:00","date_gmt":"2026-04-17T20:55:00","guid":{"rendered":"https:\/\/dev6.erresse-shop.it\/shop\/sin%20categor\u00eda\/le-creuset-tajine-de-hierro-fundido-35-cm-cereza\/"},"modified":"2025-09-14T07:33:06","modified_gmt":"2025-09-14T05:33:06","slug":"le-creuset-tajine-de-hierro-fundido-35-cm-cereza","status":"publish","type":"product","link":"https:\/\/dev6.erresse-shop.it\/es\/shop\/sartenes-y-ollas\/tajine-es\/le-creuset-tajine-de-hierro-fundido-35-cm-cereza\/","title":{"rendered":"LE CREUSET Tajine de hierro fundido 35 cm Cereza"},"content":{"rendered":"<p>Nuestro tajine de hierro fundido vitrificado es perfecto para preparar un tentador almuerzo marroqu\u00ed, pero sus ventajas no terminan ah\u00ed. Util\u00edzalo para cocinar a fuego lento carnes o verduras, de cualquier forma, a\u00f1adiendo una peque\u00f1a cantidad de l\u00edquido. La base de hierro fundido vitrificado cocina los alimentos de manera uniforme, mientras que la tapa de gres vitrificado retiene el vapor para formar peque\u00f1as gotas de agua que caen sobre los ingredientes, volvi\u00e9ndolos m\u00e1s jugosos y fragantes.<\/p>\n<p>Hierro fundido esmaltado:<\/p>\n<p>\u2013 Distribuci\u00f3n uniforme del calor sin sobrecalentamiento de zonas.<br \/>\n\u2013 Excelente retenci\u00f3n del calor.<br \/>\n\u2013 Pomo de acero inoxidable resistente a cualquier temperatura y\/o pomo fen\u00f3lico resistente hasta 180\u00b0C.<br \/>\n\u2013 Asas dise\u00f1adas para un excelente agarre.<br \/>\n\u2013 Superficie interna y externa vitrificada. No absorbe humedad, sabor ni olor de los alimentos.<br \/>\n\u2013 F\u00e1cil limpieza.<br \/>\n\u2013 Durabilidad excepcional.<\/p>\n<p>Material: hierro fundido vitrificado<br \/>\nFabricado en: Francia<br \/>\nGarant\u00eda: de por vida<\/p>\n<p>Fuente de calor:<\/p>\n<p>Horno<br \/>\nHorno modo grill<br \/>\nCocina el\u00e9ctrica<br \/>\nVidrio cer\u00e1mico<br \/>\nEncimera de gas<br \/>\nPlaca de inducci\u00f3n<\/p>\n<p>Limpieza y cuidado:<\/p>\n<p>Espera a que el producto se enfr\u00ede antes de comenzar a limpiarlo.<br \/>\nLimpie los restos de la base y los lados del producto. Si hay comida atascada, llene el producto con agua tibia y jab\u00f3n y d\u00e9jelo en remojo durante 15 a 20 minutos antes de lavarlo como de costumbre.<br \/>\nNo utilizar limpiadores abrasivos ni esponjas o cepillos met\u00e1licos, abrasivos o muy r\u00edgidos en ninguna de las superficies.<br \/>\nSecar bien despu\u00e9s del lavado y guardar en un lugar seco.<\/p>\n","protected":false},"excerpt":{"rendered":"<p>Nuestro tajine de hierro fundido vitrificado es perfecto para preparar un tentador almuerzo marroqu\u00ed, pero sus ventajas no terminan ah\u00ed. Util\u00edzalo para cocinar a fuego lento carnes o verduras, de cualquier forma, a\u00f1adiendo una peque\u00f1a cantidad de l\u00edquido. La base de hierro fundido vitrificado cocina los alimentos de manera uniforme, mientras que la tapa de [&hellip;]<\/p>\n","protected":false},"featured_media":6527193,"template":"","meta":{"_acf_changed":false},"product_cat":[11667,11883,11917],"product_tag":[],"class_list":{"0":"post-1876214","1":"product","2":"type-product","3":"status-publish","4":"has-post-thumbnail","6":"product_cat-padelle-pentole","7":"product_cat-sartenes-y-ollas","8":"product_cat-tajine-es","10":"first","11":"instock","12":"sale","13":"taxable","14":"shipping-taxable","15":"purchasable","16":"product-type-simple","swatches":"rey-swatches","show_selected":"","stretch_labels":"rey-swatches--stretch-labels"},"acf":[],"yoast_head":"<!-- This site is optimized with the Yoast SEO plugin v25.4 - https:\/\/yoast.com\/wordpress\/plugins\/seo\/ -->\n<title>LE CREUSET Tajine de hierro fundido 35 cm Cereza - dev6 Erresse<\/title>\n<meta name=\"description\" content=\"Nuestro tajine de hierro fundido vitrificado es perfecto para preparar un tentador almuerzo marroqu\u00ed, pero sus ventajas no terminan ah\u00ed. Util\u00edzalo para\" \/>\n<meta name=\"robots\" content=\"noindex, follow, max-snippet:-1, max-image-preview:large, max-video-preview:-1\" \/>\n<meta property=\"og:locale\" content=\"es_ES\" \/>\n<meta property=\"og:type\" content=\"article\" \/>\n<meta property=\"og:title\" content=\"LE CREUSET Tajine de hierro fundido 35 cm Cereza - dev6 Erresse\" \/>\n<meta property=\"og:description\" content=\"Nuestro tajine de hierro fundido vitrificado es perfecto para preparar un tentador almuerzo marroqu\u00ed, pero sus ventajas no terminan ah\u00ed. Util\u00edzalo para\" \/>\n<meta property=\"og:url\" content=\"https:\/\/dev6.erresse-shop.it\/es\/shop\/sartenes-y-ollas\/tajine-es\/le-creuset-tajine-de-hierro-fundido-35-cm-cereza\/\" \/>\n<meta property=\"og:site_name\" content=\"dev6 Erresse\" \/>\n<meta property=\"og:image\" content=\"https:\/\/interpim.erresse-shop.it\/Import\/Prodotti\/le-creuset-tajine-in-ghisa-35-cm-ciliegia.jpg\" \/><meta property=\"og:image\" content=\"https:\/\/interpim.erresse-shop.it\/Import\/Prodotti\/le-creuset-tajine-in-ghisa-35-cm-ciliegia.jpg\" \/>\n\t<meta property=\"og:image:width\" content=\"1024\" \/>\n\t<meta property=\"og:image:height\" content=\"1024\" \/>\n\t<meta property=\"og:image:type\" content=\"image\/jpeg\" \/>\n<meta name=\"twitter:card\" content=\"summary_large_image\" \/>\n<meta name=\"twitter:image\" content=\"https:\/\/interpim.erresse-shop.it\/Import\/Prodotti\/le-creuset-tajine-in-ghisa-35-cm-ciliegia.jpg\" \/>\n<script type=\"application\/ld+json\" class=\"yoast-schema-graph\">{\"@context\":\"https:\/\/schema.org\",\"@graph\":[{\"@type\":\"WebPage\",\"@id\":\"https:\/\/dev6.erresse-shop.it\/es\/shop\/sartenes-y-ollas\/tajine-es\/le-creuset-tajine-de-hierro-fundido-35-cm-cereza\/\",\"url\":\"https:\/\/dev6.erresse-shop.it\/es\/shop\/sartenes-y-ollas\/tajine-es\/le-creuset-tajine-de-hierro-fundido-35-cm-cereza\/\",\"name\":\"LE CREUSET Tajine de hierro fundido 35 cm Cereza - dev6 Erresse\",\"isPartOf\":{\"@id\":\"https:\/\/dev6.erresse-shop.it\/#website\"},\"primaryImageOfPage\":{\"@id\":\"https:\/\/dev6.erresse-shop.it\/es\/shop\/sartenes-y-ollas\/tajine-es\/le-creuset-tajine-de-hierro-fundido-35-cm-cereza\/#primaryimage\"},\"image\":{\"@id\":\"https:\/\/dev6.erresse-shop.it\/es\/shop\/sartenes-y-ollas\/tajine-es\/le-creuset-tajine-de-hierro-fundido-35-cm-cereza\/#primaryimage\"},\"thumbnailUrl\":\"https:\/\/i2.wp.com\/interpim.erresse-shop.it\/Import\/Prodotti\/le-creuset-tajine-in-ghisa-35-cm-ciliegia.jpg?ssl=1\",\"datePublished\":\"2026-04-17T20:55:00+00:00\",\"description\":\"Nuestro tajine de hierro fundido vitrificado es perfecto para preparar un tentador almuerzo marroqu\u00ed, pero sus ventajas no terminan ah\u00ed. Util\u00edzalo para\",\"breadcrumb\":{\"@id\":\"https:\/\/dev6.erresse-shop.it\/es\/shop\/sartenes-y-ollas\/tajine-es\/le-creuset-tajine-de-hierro-fundido-35-cm-cereza\/#breadcrumb\"},\"inLanguage\":\"es\",\"potentialAction\":[{\"@type\":\"ReadAction\",\"target\":[\"https:\/\/dev6.erresse-shop.it\/es\/shop\/sartenes-y-ollas\/tajine-es\/le-creuset-tajine-de-hierro-fundido-35-cm-cereza\/\"]}]},{\"@type\":\"ImageObject\",\"inLanguage\":\"es\",\"@id\":\"https:\/\/dev6.erresse-shop.it\/es\/shop\/sartenes-y-ollas\/tajine-es\/le-creuset-tajine-de-hierro-fundido-35-cm-cereza\/#primaryimage\",\"url\":\"https:\/\/i2.wp.com\/interpim.erresse-shop.it\/Import\/Prodotti\/le-creuset-tajine-in-ghisa-35-cm-ciliegia.jpg?ssl=1\",\"contentUrl\":\"https:\/\/i2.wp.com\/interpim.erresse-shop.it\/Import\/Prodotti\/le-creuset-tajine-in-ghisa-35-cm-ciliegia.jpg?ssl=1\"},{\"@type\":\"BreadcrumbList\",\"@id\":\"https:\/\/dev6.erresse-shop.it\/es\/shop\/sartenes-y-ollas\/tajine-es\/le-creuset-tajine-de-hierro-fundido-35-cm-cereza\/#breadcrumb\",\"itemListElement\":[{\"@type\":\"ListItem\",\"position\":1,\"name\":\"Home\",\"item\":\"https:\/\/dev6.erresse-shop.it\/\"},{\"@type\":\"ListItem\",\"position\":2,\"name\":\"Tienda\",\"item\":\"https:\/\/dev6.erresse-shop.it\/shop\/\"},{\"@type\":\"ListItem\",\"position\":3,\"name\":\"LE CREUSET Tajine de hierro fundido 35 cm Cereza\"}]},{\"@type\":\"WebSite\",\"@id\":\"https:\/\/dev6.erresse-shop.it\/#website\",\"url\":\"https:\/\/dev6.erresse-shop.it\/\",\"name\":\"Erresse Shop\",\"description\":\"\",\"publisher\":{\"@id\":\"https:\/\/dev6.erresse-shop.it\/#organization\"},\"potentialAction\":[{\"@type\":\"SearchAction\",\"target\":{\"@type\":\"EntryPoint\",\"urlTemplate\":\"https:\/\/dev6.erresse-shop.it\/?s={search_term_string}\"},\"query-input\":{\"@type\":\"PropertyValueSpecification\",\"valueRequired\":true,\"valueName\":\"search_term_string\"}}],\"inLanguage\":\"es\"},{\"@type\":\"Organization\",\"@id\":\"https:\/\/dev6.erresse-shop.it\/#organization\",\"name\":\"Erresse Shop\",\"url\":\"https:\/\/dev6.erresse-shop.it\/\",\"logo\":{\"@type\":\"ImageObject\",\"inLanguage\":\"es\",\"@id\":\"https:\/\/dev6.erresse-shop.it\/#\/schema\/logo\/image\/\",\"url\":\"https:\/\/dev6.erresse-shop.it\/wp-content\/uploads\/2025\/01\/LOGO-ERRESSE-CLASSICO.svg\",\"contentUrl\":\"https:\/\/dev6.erresse-shop.it\/wp-content\/uploads\/2025\/01\/LOGO-ERRESSE-CLASSICO.svg\",\"caption\":\"Erresse Shop\"},\"image\":{\"@id\":\"https:\/\/dev6.erresse-shop.it\/#\/schema\/logo\/image\/\"}}]}<\/script>\n<!-- \/ Yoast SEO plugin. -->","yoast_head_json":{"title":"LE CREUSET Tajine de hierro fundido 35 cm Cereza - dev6 Erresse","description":"Nuestro tajine de hierro fundido vitrificado es perfecto para preparar un tentador almuerzo marroqu\u00ed, pero sus ventajas no terminan ah\u00ed. Util\u00edzalo para","robots":{"index":"noindex","follow":"follow","max-snippet":"max-snippet:-1","max-image-preview":"max-image-preview:large","max-video-preview":"max-video-preview:-1"},"og_locale":"es_ES","og_type":"article","og_title":"LE CREUSET Tajine de hierro fundido 35 cm Cereza - dev6 Erresse","og_description":"Nuestro tajine de hierro fundido vitrificado es perfecto para preparar un tentador almuerzo marroqu\u00ed, pero sus ventajas no terminan ah\u00ed. Util\u00edzalo para","og_url":"https:\/\/dev6.erresse-shop.it\/es\/shop\/sartenes-y-ollas\/tajine-es\/le-creuset-tajine-de-hierro-fundido-35-cm-cereza\/","og_site_name":"dev6 Erresse","og_image":[{"url":"https:\/\/interpim.erresse-shop.it\/Import\/Prodotti\/le-creuset-tajine-in-ghisa-35-cm-ciliegia.jpg","type":"","width":"","height":""},{"url":"https:\/\/interpim.erresse-shop.it\/Import\/Prodotti\/le-creuset-tajine-in-ghisa-35-cm-ciliegia.jpg","width":1024,"height":1024,"type":"image\/jpeg"}],"twitter_card":"summary_large_image","twitter_image":"https:\/\/interpim.erresse-shop.it\/Import\/Prodotti\/le-creuset-tajine-in-ghisa-35-cm-ciliegia.jpg","schema":{"@context":"https:\/\/schema.org","@graph":[{"@type":"WebPage","@id":"https:\/\/dev6.erresse-shop.it\/es\/shop\/sartenes-y-ollas\/tajine-es\/le-creuset-tajine-de-hierro-fundido-35-cm-cereza\/","url":"https:\/\/dev6.erresse-shop.it\/es\/shop\/sartenes-y-ollas\/tajine-es\/le-creuset-tajine-de-hierro-fundido-35-cm-cereza\/","name":"LE CREUSET Tajine de hierro fundido 35 cm Cereza - dev6 Erresse","isPartOf":{"@id":"https:\/\/dev6.erresse-shop.it\/#website"},"primaryImageOfPage":{"@id":"https:\/\/dev6.erresse-shop.it\/es\/shop\/sartenes-y-ollas\/tajine-es\/le-creuset-tajine-de-hierro-fundido-35-cm-cereza\/#primaryimage"},"image":{"@id":"https:\/\/dev6.erresse-shop.it\/es\/shop\/sartenes-y-ollas\/tajine-es\/le-creuset-tajine-de-hierro-fundido-35-cm-cereza\/#primaryimage"},"thumbnailUrl":"https:\/\/i2.wp.com\/interpim.erresse-shop.it\/Import\/Prodotti\/le-creuset-tajine-in-ghisa-35-cm-ciliegia.jpg?ssl=1","datePublished":"2026-04-17T20:55:00+00:00","description":"Nuestro tajine de hierro fundido vitrificado es perfecto para preparar un tentador almuerzo marroqu\u00ed, pero sus ventajas no terminan ah\u00ed. Util\u00edzalo para","breadcrumb":{"@id":"https:\/\/dev6.erresse-shop.it\/es\/shop\/sartenes-y-ollas\/tajine-es\/le-creuset-tajine-de-hierro-fundido-35-cm-cereza\/#breadcrumb"},"inLanguage":"es","potentialAction":[{"@type":"ReadAction","target":["https:\/\/dev6.erresse-shop.it\/es\/shop\/sartenes-y-ollas\/tajine-es\/le-creuset-tajine-de-hierro-fundido-35-cm-cereza\/"]}]},{"@type":"ImageObject","inLanguage":"es","@id":"https:\/\/dev6.erresse-shop.it\/es\/shop\/sartenes-y-ollas\/tajine-es\/le-creuset-tajine-de-hierro-fundido-35-cm-cereza\/#primaryimage","url":"https:\/\/i2.wp.com\/interpim.erresse-shop.it\/Import\/Prodotti\/le-creuset-tajine-in-ghisa-35-cm-ciliegia.jpg?ssl=1","contentUrl":"https:\/\/i2.wp.com\/interpim.erresse-shop.it\/Import\/Prodotti\/le-creuset-tajine-in-ghisa-35-cm-ciliegia.jpg?ssl=1"},{"@type":"BreadcrumbList","@id":"https:\/\/dev6.erresse-shop.it\/es\/shop\/sartenes-y-ollas\/tajine-es\/le-creuset-tajine-de-hierro-fundido-35-cm-cereza\/#breadcrumb","itemListElement":[{"@type":"ListItem","position":1,"name":"Home","item":"https:\/\/dev6.erresse-shop.it\/"},{"@type":"ListItem","position":2,"name":"Tienda","item":"https:\/\/dev6.erresse-shop.it\/shop\/"},{"@type":"ListItem","position":3,"name":"LE CREUSET Tajine de hierro fundido 35 cm Cereza"}]},{"@type":"WebSite","@id":"https:\/\/dev6.erresse-shop.it\/#website","url":"https:\/\/dev6.erresse-shop.it\/","name":"Erresse Shop","description":"","publisher":{"@id":"https:\/\/dev6.erresse-shop.it\/#organization"},"potentialAction":[{"@type":"SearchAction","target":{"@type":"EntryPoint","urlTemplate":"https:\/\/dev6.erresse-shop.it\/?s={search_term_string}"},"query-input":{"@type":"PropertyValueSpecification","valueRequired":true,"valueName":"search_term_string"}}],"inLanguage":"es"},{"@type":"Organization","@id":"https:\/\/dev6.erresse-shop.it\/#organization","name":"Erresse Shop","url":"https:\/\/dev6.erresse-shop.it\/","logo":{"@type":"ImageObject","inLanguage":"es","@id":"https:\/\/dev6.erresse-shop.it\/#\/schema\/logo\/image\/","url":"https:\/\/dev6.erresse-shop.it\/wp-content\/uploads\/2025\/01\/LOGO-ERRESSE-CLASSICO.svg","contentUrl":"https:\/\/dev6.erresse-shop.it\/wp-content\/uploads\/2025\/01\/LOGO-ERRESSE-CLASSICO.svg","caption":"Erresse Shop"},"image":{"@id":"https:\/\/dev6.erresse-shop.it\/#\/schema\/logo\/image\/"}}]}},"df_price":279.95,"df_sale_price":279.95,"df_regular_price":389,"df_image_link":"https:\/\/i2.wp.com\/interpim.erresse-shop.it\/Import\/Prodotti\/le-creuset-tajine-in-ghisa-35-cm-ciliegia.jpg?resize=300,300&ssl=1","fifu_image_url":"https:\/\/interpim.erresse-shop.it\/Import\/Prodotti\/le-creuset-tajine-in-ghisa-35-cm-ciliegia.jpg","_links":{"self":[{"href":"https:\/\/dev6.erresse-shop.it\/es\/wp-json\/wp\/v2\/product\/1876214","targetHints":{"allow":["GET"]}}],"collection":[{"href":"https:\/\/dev6.erresse-shop.it\/es\/wp-json\/wp\/v2\/product"}],"about":[{"href":"https:\/\/dev6.erresse-shop.it\/es\/wp-json\/wp\/v2\/types\/product"}],"wp:featuredmedia":[{"embeddable":true,"href":"https:\/\/dev6.erresse-shop.it\/es\/wp-json\/wp\/v2\/media\/6527193"}],"wp:attachment":[{"href":"https:\/\/dev6.erresse-shop.it\/es\/wp-json\/wp\/v2\/media?parent=1876214"}],"wp:term":[{"taxonomy":"product_cat","embeddable":true,"href":"https:\/\/dev6.erresse-shop.it\/es\/wp-json\/wp\/v2\/product_cat?post=1876214"},{"taxonomy":"product_tag","embeddable":true,"href":"https:\/\/dev6.erresse-shop.it\/es\/wp-json\/wp\/v2\/product_tag?post=1876214"}],"curies":[{"name":"wp","href":"https:\/\/api.w.org\/{rel}","templated":true}]}}