{"id":1876206,"date":"2026-04-12T08:14:05","date_gmt":"2026-04-12T06:14:05","guid":{"rendered":"https:\/\/dev6.erresse-shop.it\/shop\/sin%20categor\u00eda\/le-creuset-cacerola-baja-de-hierro-fundido-30-cm-naranja\/"},"modified":"2025-09-14T07:32:57","modified_gmt":"2025-09-14T05:32:57","slug":"le-creuset-cacerola-baja-de-hierro-fundido-30-cm-naranja","status":"publish","type":"product","link":"https:\/\/dev6.erresse-shop.it\/es\/shop\/sartenes-y-ollas\/cazuelas\/le-creuset-cacerola-baja-de-hierro-fundido-30-cm-naranja\/","title":{"rendered":"LE CREUSET Cacerola Baja de Hierro Fundido 30 cm Naranja"},"content":{"rendered":"<p>FELICIDAD EN LA ESTUFA<\/p>\n<p>Fabricados en nuestra fundici\u00f3n francesa, nuestros productos de hierro fundido vitrificado se han convertido en leyenda en el mundo del arte culinario. Esta sart\u00e9n poco profunda no es una excepci\u00f3n. Su forma ancha y plana y sus lados poco profundos lo hacen perfecto para dorar carne y verduras, cocinar a fuego lento, fre\u00edr y hornear. Tambi\u00e9n mejora la caramelizaci\u00f3n, para platos a\u00fan m\u00e1s atractivos.<\/p>\n<p>Nuestro pomo resistente al calor (hasta 260 \u00b0C) est\u00e1 dise\u00f1ado para un agarre excelente, incluso cuando se utiliza una agarradera para levantar la tapa.<br \/>\nLimpieza r\u00e1pida: una fina capa interior vitrificada facilita la limpieza.<br \/>\nAsas de ensue\u00f1o: Gracias a nuestras asas grandes, podr\u00e1s pasar f\u00e1cilmente de la estufa a la mesa, incluso usando guantes para horno.<br \/>\nVersatilidad: Este producto es apto para hornos, estufas y horno en modo grill.<br \/>\nComida de excelente sabor: el hierro fundido vitrificado retiene el calor para cocinar y dorar de manera uniforme. Tus deliciosas creaciones se mantendr\u00e1n calientes durante m\u00e1s tiempo incluso en la mesa.<br \/>\nConserva la suculencia: nuestra tapa preserva el vapor generado al cocinar los alimentos y realza los sabores, para obtener resultados de cocci\u00f3n extraordinarios.<br \/>\nF\u00e1cil de agarrar: Las elegantes y c\u00f3modas asas permiten levantar el producto de forma segura.<br \/>\nNo demasiado caliente: cocine a fuego constante, bajo a medio, para cuidar su producto de hierro fundido vitrificado y lograr resultados deliciosos.<br \/>\nNuestros productos se fabrican con los mejores materiales en f\u00e1bricas ubicadas en todo el mundo para garantizar la calidad que espera de Le Creuset.<\/p>\n<p>Material: hierro fundido vitrificado<br \/>\nFabricado en: Francia<br \/>\nGarant\u00eda: de por vida<\/p>\n<p>Fuente de calor:<\/p>\n<p>Horno<br \/>\nModo grill horno<br \/>\nCocina el\u00e9ctrica<br \/>\nVidrio cer\u00e1mico<br \/>\nEncimera de gas<br \/>\nPlaca de inducci\u00f3n<\/p>\n<p>Limpieza y cuidado:<\/p>\n<p>Espera a que el producto se enfr\u00ede antes de comenzar a limpiarlo.<br \/>\nLimpie los restos de la base y los lados del producto. Si hay comida atascada, llene el producto con agua tibia y jab\u00f3n y d\u00e9jelo en remojo durante 15 a 20 minutos antes de lavarlo como de costumbre.<br \/>\nNo utilizar limpiadores abrasivos ni esponjas o cepillos met\u00e1licos, abrasivos o muy r\u00edgidos en ninguna de las superficies.<br \/>\nSecar bien despu\u00e9s del lavado y guardar en un lugar seco.<\/p>\n","protected":false},"excerpt":{"rendered":"<p>FELICIDAD EN LA ESTUFA Fabricados en nuestra fundici\u00f3n francesa, nuestros productos de hierro fundido vitrificado se han convertido en leyenda en el mundo del arte culinario. Esta sart\u00e9n poco profunda no es una excepci\u00f3n. Su forma ancha y plana y sus lados poco profundos lo hacen perfecto para dorar carne y verduras, cocinar a fuego [&hellip;]<\/p>\n","protected":false},"featured_media":6344078,"template":"","meta":{"_acf_changed":false},"product_cat":[11904,11667,11883],"product_tag":[],"class_list":{"0":"post-1876206","1":"product","2":"type-product","3":"status-publish","4":"has-post-thumbnail","6":"product_cat-cazuelas","7":"product_cat-padelle-pentole","8":"product_cat-sartenes-y-ollas","10":"first","11":"instock","12":"sale","13":"taxable","14":"shipping-taxable","15":"purchasable","16":"product-type-simple","swatches":"rey-swatches","show_selected":"","stretch_labels":"rey-swatches--stretch-labels"},"acf":[],"yoast_head":"<!-- This site is optimized with the Yoast SEO plugin v25.4 - https:\/\/yoast.com\/wordpress\/plugins\/seo\/ -->\n<title>LE CREUSET Cacerola Baja de Hierro Fundido 30 cm Naranja - dev6 Erresse<\/title>\n<meta name=\"description\" content=\"FELICIDAD EN LA ESTUFA Fabricados en nuestra fundici\u00f3n francesa, nuestros productos de hierro fundido vitrificado se han convertido en leyenda en el mundo\" \/>\n<meta name=\"robots\" content=\"noindex, follow, max-snippet:-1, max-image-preview:large, max-video-preview:-1\" \/>\n<meta property=\"og:locale\" content=\"es_ES\" \/>\n<meta property=\"og:type\" content=\"article\" \/>\n<meta property=\"og:title\" content=\"LE CREUSET Cacerola Baja de Hierro Fundido 30 cm Naranja - dev6 Erresse\" \/>\n<meta property=\"og:description\" content=\"FELICIDAD EN LA ESTUFA Fabricados en nuestra fundici\u00f3n francesa, nuestros productos de hierro fundido vitrificado se han convertido en leyenda en el mundo\" \/>\n<meta property=\"og:url\" content=\"https:\/\/dev6.erresse-shop.it\/es\/shop\/sartenes-y-ollas\/cazuelas\/le-creuset-cacerola-baja-de-hierro-fundido-30-cm-naranja\/\" \/>\n<meta property=\"og:site_name\" content=\"dev6 Erresse\" \/>\n<meta property=\"og:image\" content=\"https:\/\/interpim.erresse-shop.it\/Import\/Prodotti\/le-creuset-tegame-basso-in-ghisa-30-cm-arancio.jpg\" \/><meta property=\"og:image\" content=\"https:\/\/interpim.erresse-shop.it\/Import\/Prodotti\/le-creuset-tegame-basso-in-ghisa-30-cm-arancio.jpg\" \/>\n\t<meta property=\"og:image:width\" content=\"1024\" \/>\n\t<meta property=\"og:image:height\" content=\"1024\" \/>\n\t<meta property=\"og:image:type\" content=\"image\/jpeg\" \/>\n<meta name=\"twitter:card\" content=\"summary_large_image\" \/>\n<meta name=\"twitter:image\" content=\"https:\/\/interpim.erresse-shop.it\/Import\/Prodotti\/le-creuset-tegame-basso-in-ghisa-30-cm-arancio.jpg\" \/>\n<script type=\"application\/ld+json\" class=\"yoast-schema-graph\">{\"@context\":\"https:\/\/schema.org\",\"@graph\":[{\"@type\":\"WebPage\",\"@id\":\"https:\/\/dev6.erresse-shop.it\/es\/shop\/sartenes-y-ollas\/cazuelas\/le-creuset-cacerola-baja-de-hierro-fundido-30-cm-naranja\/\",\"url\":\"https:\/\/dev6.erresse-shop.it\/es\/shop\/sartenes-y-ollas\/cazuelas\/le-creuset-cacerola-baja-de-hierro-fundido-30-cm-naranja\/\",\"name\":\"LE CREUSET Cacerola Baja de Hierro Fundido 30 cm Naranja - dev6 Erresse\",\"isPartOf\":{\"@id\":\"https:\/\/dev6.erresse-shop.it\/#website\"},\"primaryImageOfPage\":{\"@id\":\"https:\/\/dev6.erresse-shop.it\/es\/shop\/sartenes-y-ollas\/cazuelas\/le-creuset-cacerola-baja-de-hierro-fundido-30-cm-naranja\/#primaryimage\"},\"image\":{\"@id\":\"https:\/\/dev6.erresse-shop.it\/es\/shop\/sartenes-y-ollas\/cazuelas\/le-creuset-cacerola-baja-de-hierro-fundido-30-cm-naranja\/#primaryimage\"},\"thumbnailUrl\":\"https:\/\/i3.wp.com\/interpim.erresse-shop.it\/Import\/Prodotti\/le-creuset-tegame-basso-in-ghisa-30-cm-arancio.jpg?ssl=1\",\"datePublished\":\"2026-04-12T06:14:05+00:00\",\"description\":\"FELICIDAD EN LA ESTUFA Fabricados en nuestra fundici\u00f3n francesa, nuestros productos de hierro fundido vitrificado se han convertido en leyenda en el mundo\",\"breadcrumb\":{\"@id\":\"https:\/\/dev6.erresse-shop.it\/es\/shop\/sartenes-y-ollas\/cazuelas\/le-creuset-cacerola-baja-de-hierro-fundido-30-cm-naranja\/#breadcrumb\"},\"inLanguage\":\"es\",\"potentialAction\":[{\"@type\":\"ReadAction\",\"target\":[\"https:\/\/dev6.erresse-shop.it\/es\/shop\/sartenes-y-ollas\/cazuelas\/le-creuset-cacerola-baja-de-hierro-fundido-30-cm-naranja\/\"]}]},{\"@type\":\"ImageObject\",\"inLanguage\":\"es\",\"@id\":\"https:\/\/dev6.erresse-shop.it\/es\/shop\/sartenes-y-ollas\/cazuelas\/le-creuset-cacerola-baja-de-hierro-fundido-30-cm-naranja\/#primaryimage\",\"url\":\"https:\/\/i3.wp.com\/interpim.erresse-shop.it\/Import\/Prodotti\/le-creuset-tegame-basso-in-ghisa-30-cm-arancio.jpg?ssl=1\",\"contentUrl\":\"https:\/\/i3.wp.com\/interpim.erresse-shop.it\/Import\/Prodotti\/le-creuset-tegame-basso-in-ghisa-30-cm-arancio.jpg?ssl=1\"},{\"@type\":\"BreadcrumbList\",\"@id\":\"https:\/\/dev6.erresse-shop.it\/es\/shop\/sartenes-y-ollas\/cazuelas\/le-creuset-cacerola-baja-de-hierro-fundido-30-cm-naranja\/#breadcrumb\",\"itemListElement\":[{\"@type\":\"ListItem\",\"position\":1,\"name\":\"Home\",\"item\":\"https:\/\/dev6.erresse-shop.it\/\"},{\"@type\":\"ListItem\",\"position\":2,\"name\":\"Tienda\",\"item\":\"https:\/\/dev6.erresse-shop.it\/shop\/\"},{\"@type\":\"ListItem\",\"position\":3,\"name\":\"LE CREUSET Cacerola Baja de Hierro Fundido 30 cm Naranja\"}]},{\"@type\":\"WebSite\",\"@id\":\"https:\/\/dev6.erresse-shop.it\/#website\",\"url\":\"https:\/\/dev6.erresse-shop.it\/\",\"name\":\"Erresse Shop\",\"description\":\"\",\"publisher\":{\"@id\":\"https:\/\/dev6.erresse-shop.it\/#organization\"},\"potentialAction\":[{\"@type\":\"SearchAction\",\"target\":{\"@type\":\"EntryPoint\",\"urlTemplate\":\"https:\/\/dev6.erresse-shop.it\/?s={search_term_string}\"},\"query-input\":{\"@type\":\"PropertyValueSpecification\",\"valueRequired\":true,\"valueName\":\"search_term_string\"}}],\"inLanguage\":\"es\"},{\"@type\":\"Organization\",\"@id\":\"https:\/\/dev6.erresse-shop.it\/#organization\",\"name\":\"Erresse Shop\",\"url\":\"https:\/\/dev6.erresse-shop.it\/\",\"logo\":{\"@type\":\"ImageObject\",\"inLanguage\":\"es\",\"@id\":\"https:\/\/dev6.erresse-shop.it\/#\/schema\/logo\/image\/\",\"url\":\"https:\/\/dev6.erresse-shop.it\/wp-content\/uploads\/2025\/01\/LOGO-ERRESSE-CLASSICO.svg\",\"contentUrl\":\"https:\/\/dev6.erresse-shop.it\/wp-content\/uploads\/2025\/01\/LOGO-ERRESSE-CLASSICO.svg\",\"caption\":\"Erresse Shop\"},\"image\":{\"@id\":\"https:\/\/dev6.erresse-shop.it\/#\/schema\/logo\/image\/\"}}]}<\/script>\n<!-- \/ Yoast SEO plugin. -->","yoast_head_json":{"title":"LE CREUSET Cacerola Baja de Hierro Fundido 30 cm Naranja - dev6 Erresse","description":"FELICIDAD EN LA ESTUFA Fabricados en nuestra fundici\u00f3n francesa, nuestros productos de hierro fundido vitrificado se han convertido en leyenda en el mundo","robots":{"index":"noindex","follow":"follow","max-snippet":"max-snippet:-1","max-image-preview":"max-image-preview:large","max-video-preview":"max-video-preview:-1"},"og_locale":"es_ES","og_type":"article","og_title":"LE CREUSET Cacerola Baja de Hierro Fundido 30 cm Naranja - dev6 Erresse","og_description":"FELICIDAD EN LA ESTUFA Fabricados en nuestra fundici\u00f3n francesa, nuestros productos de hierro fundido vitrificado se han convertido en leyenda en el mundo","og_url":"https:\/\/dev6.erresse-shop.it\/es\/shop\/sartenes-y-ollas\/cazuelas\/le-creuset-cacerola-baja-de-hierro-fundido-30-cm-naranja\/","og_site_name":"dev6 Erresse","og_image":[{"url":"https:\/\/interpim.erresse-shop.it\/Import\/Prodotti\/le-creuset-tegame-basso-in-ghisa-30-cm-arancio.jpg","type":"","width":"","height":""},{"url":"https:\/\/interpim.erresse-shop.it\/Import\/Prodotti\/le-creuset-tegame-basso-in-ghisa-30-cm-arancio.jpg","width":1024,"height":1024,"type":"image\/jpeg"}],"twitter_card":"summary_large_image","twitter_image":"https:\/\/interpim.erresse-shop.it\/Import\/Prodotti\/le-creuset-tegame-basso-in-ghisa-30-cm-arancio.jpg","schema":{"@context":"https:\/\/schema.org","@graph":[{"@type":"WebPage","@id":"https:\/\/dev6.erresse-shop.it\/es\/shop\/sartenes-y-ollas\/cazuelas\/le-creuset-cacerola-baja-de-hierro-fundido-30-cm-naranja\/","url":"https:\/\/dev6.erresse-shop.it\/es\/shop\/sartenes-y-ollas\/cazuelas\/le-creuset-cacerola-baja-de-hierro-fundido-30-cm-naranja\/","name":"LE CREUSET Cacerola Baja de Hierro Fundido 30 cm Naranja - dev6 Erresse","isPartOf":{"@id":"https:\/\/dev6.erresse-shop.it\/#website"},"primaryImageOfPage":{"@id":"https:\/\/dev6.erresse-shop.it\/es\/shop\/sartenes-y-ollas\/cazuelas\/le-creuset-cacerola-baja-de-hierro-fundido-30-cm-naranja\/#primaryimage"},"image":{"@id":"https:\/\/dev6.erresse-shop.it\/es\/shop\/sartenes-y-ollas\/cazuelas\/le-creuset-cacerola-baja-de-hierro-fundido-30-cm-naranja\/#primaryimage"},"thumbnailUrl":"https:\/\/i3.wp.com\/interpim.erresse-shop.it\/Import\/Prodotti\/le-creuset-tegame-basso-in-ghisa-30-cm-arancio.jpg?ssl=1","datePublished":"2026-04-12T06:14:05+00:00","description":"FELICIDAD EN LA ESTUFA Fabricados en nuestra fundici\u00f3n francesa, nuestros productos de hierro fundido vitrificado se han convertido en leyenda en el mundo","breadcrumb":{"@id":"https:\/\/dev6.erresse-shop.it\/es\/shop\/sartenes-y-ollas\/cazuelas\/le-creuset-cacerola-baja-de-hierro-fundido-30-cm-naranja\/#breadcrumb"},"inLanguage":"es","potentialAction":[{"@type":"ReadAction","target":["https:\/\/dev6.erresse-shop.it\/es\/shop\/sartenes-y-ollas\/cazuelas\/le-creuset-cacerola-baja-de-hierro-fundido-30-cm-naranja\/"]}]},{"@type":"ImageObject","inLanguage":"es","@id":"https:\/\/dev6.erresse-shop.it\/es\/shop\/sartenes-y-ollas\/cazuelas\/le-creuset-cacerola-baja-de-hierro-fundido-30-cm-naranja\/#primaryimage","url":"https:\/\/i3.wp.com\/interpim.erresse-shop.it\/Import\/Prodotti\/le-creuset-tegame-basso-in-ghisa-30-cm-arancio.jpg?ssl=1","contentUrl":"https:\/\/i3.wp.com\/interpim.erresse-shop.it\/Import\/Prodotti\/le-creuset-tegame-basso-in-ghisa-30-cm-arancio.jpg?ssl=1"},{"@type":"BreadcrumbList","@id":"https:\/\/dev6.erresse-shop.it\/es\/shop\/sartenes-y-ollas\/cazuelas\/le-creuset-cacerola-baja-de-hierro-fundido-30-cm-naranja\/#breadcrumb","itemListElement":[{"@type":"ListItem","position":1,"name":"Home","item":"https:\/\/dev6.erresse-shop.it\/"},{"@type":"ListItem","position":2,"name":"Tienda","item":"https:\/\/dev6.erresse-shop.it\/shop\/"},{"@type":"ListItem","position":3,"name":"LE CREUSET Cacerola Baja de Hierro Fundido 30 cm Naranja"}]},{"@type":"WebSite","@id":"https:\/\/dev6.erresse-shop.it\/#website","url":"https:\/\/dev6.erresse-shop.it\/","name":"Erresse Shop","description":"","publisher":{"@id":"https:\/\/dev6.erresse-shop.it\/#organization"},"potentialAction":[{"@type":"SearchAction","target":{"@type":"EntryPoint","urlTemplate":"https:\/\/dev6.erresse-shop.it\/?s={search_term_string}"},"query-input":{"@type":"PropertyValueSpecification","valueRequired":true,"valueName":"search_term_string"}}],"inLanguage":"es"},{"@type":"Organization","@id":"https:\/\/dev6.erresse-shop.it\/#organization","name":"Erresse Shop","url":"https:\/\/dev6.erresse-shop.it\/","logo":{"@type":"ImageObject","inLanguage":"es","@id":"https:\/\/dev6.erresse-shop.it\/#\/schema\/logo\/image\/","url":"https:\/\/dev6.erresse-shop.it\/wp-content\/uploads\/2025\/01\/LOGO-ERRESSE-CLASSICO.svg","contentUrl":"https:\/\/dev6.erresse-shop.it\/wp-content\/uploads\/2025\/01\/LOGO-ERRESSE-CLASSICO.svg","caption":"Erresse Shop"},"image":{"@id":"https:\/\/dev6.erresse-shop.it\/#\/schema\/logo\/image\/"}}]}},"df_price":229.95,"df_sale_price":229.95,"df_regular_price":339,"df_image_link":"https:\/\/i3.wp.com\/interpim.erresse-shop.it\/Import\/Prodotti\/le-creuset-tegame-basso-in-ghisa-30-cm-arancio.jpg?resize=300,300&ssl=1","fifu_image_url":"https:\/\/interpim.erresse-shop.it\/Import\/Prodotti\/le-creuset-tegame-basso-in-ghisa-30-cm-arancio.jpg","_links":{"self":[{"href":"https:\/\/dev6.erresse-shop.it\/es\/wp-json\/wp\/v2\/product\/1876206","targetHints":{"allow":["GET"]}}],"collection":[{"href":"https:\/\/dev6.erresse-shop.it\/es\/wp-json\/wp\/v2\/product"}],"about":[{"href":"https:\/\/dev6.erresse-shop.it\/es\/wp-json\/wp\/v2\/types\/product"}],"wp:featuredmedia":[{"embeddable":true,"href":"https:\/\/dev6.erresse-shop.it\/es\/wp-json\/wp\/v2\/media\/6344078"}],"wp:attachment":[{"href":"https:\/\/dev6.erresse-shop.it\/es\/wp-json\/wp\/v2\/media?parent=1876206"}],"wp:term":[{"taxonomy":"product_cat","embeddable":true,"href":"https:\/\/dev6.erresse-shop.it\/es\/wp-json\/wp\/v2\/product_cat?post=1876206"},{"taxonomy":"product_tag","embeddable":true,"href":"https:\/\/dev6.erresse-shop.it\/es\/wp-json\/wp\/v2\/product_tag?post=1876206"}],"curies":[{"name":"wp","href":"https:\/\/api.w.org\/{rel}","templated":true}]}}