{"id":1876168,"date":"2026-04-29T08:55:24","date_gmt":"2026-04-29T06:55:24","guid":{"rendered":"https:\/\/dev6.erresse-shop.it\/shop\/sin%20categor\u00eda\/zafferano-poldina-pro-lampara-de-mesa-blanco-mate\/"},"modified":"2025-09-14T07:32:16","modified_gmt":"2025-09-14T05:32:16","slug":"zafferano-poldina-pro-lampara-de-mesa-blanco-mate","status":"publish","type":"product","link":"https:\/\/dev6.erresse-shop.it\/es\/shop\/mobiliario\/lamparas\/zafferano-poldina-pro-lampara-de-mesa-blanco-mate\/","title":{"rendered":"ZAFFERANO Poldina PRO L\u00e1mpara de Mesa Blanco Mate"},"content":{"rendered":"<p>L\u00e1mpara de mesa recargable y regulable con difusor de policarbonato y fuente de luz LED. La colecci\u00f3n Poldina tiene un grado de protecci\u00f3n IP54, lo que la hace apta para su uso tanto en interiores como en exteriores. La duraci\u00f3n de la bater\u00eda est\u00e1 garantizada durante m\u00e1s de 9 horas.<\/p>\n","protected":false},"excerpt":{"rendered":"<p>L\u00e1mpara de mesa recargable y regulable con difusor de policarbonato y fuente de luz LED. La colecci\u00f3n Poldina tiene un grado de protecci\u00f3n IP54, lo que la hace apta para su uso tanto en interiores como en exteriores. La duraci\u00f3n de la bater\u00eda est\u00e1 garantizada durante m\u00e1s de 9 horas.<\/p>\n","protected":false},"featured_media":6949805,"template":"","meta":{"_acf_changed":false},"product_cat":[11666,11911,11882],"product_tag":[],"class_list":{"0":"post-1876168","1":"product","2":"type-product","3":"status-publish","4":"has-post-thumbnail","6":"product_cat-arredamento-casa","7":"product_cat-lamparas","8":"product_cat-mobiliario","10":"first","11":"outofstock","12":"sale","13":"taxable","14":"shipping-taxable","15":"purchasable","16":"product-type-simple","swatches":"rey-swatches","show_selected":"","stretch_labels":"rey-swatches--stretch-labels"},"acf":[],"yoast_head":"<!-- This site is optimized with the Yoast SEO plugin v25.4 - https:\/\/yoast.com\/wordpress\/plugins\/seo\/ -->\n<title>ZAFFERANO Poldina PRO L\u00e1mpara de Mesa Blanco Mate - dev6 Erresse<\/title>\n<meta name=\"description\" content=\"L\u00e1mpara de mesa recargable y regulable con difusor de policarbonato y fuente de luz LED. La colecci\u00f3n Poldina tiene un grado de protecci\u00f3n IP54, lo que la\" \/>\n<meta name=\"robots\" content=\"noindex, follow, max-snippet:-1, max-image-preview:large, max-video-preview:-1\" \/>\n<meta property=\"og:locale\" content=\"es_ES\" \/>\n<meta property=\"og:type\" content=\"article\" \/>\n<meta property=\"og:title\" content=\"ZAFFERANO Poldina PRO L\u00e1mpara de Mesa Blanco Mate - dev6 Erresse\" \/>\n<meta property=\"og:description\" content=\"L\u00e1mpara de mesa recargable y regulable con difusor de policarbonato y fuente de luz LED. La colecci\u00f3n Poldina tiene un grado de protecci\u00f3n IP54, lo que la\" \/>\n<meta property=\"og:url\" content=\"https:\/\/dev6.erresse-shop.it\/es\/shop\/mobiliario\/lamparas\/zafferano-poldina-pro-lampara-de-mesa-blanco-mate\/\" \/>\n<meta property=\"og:site_name\" content=\"dev6 Erresse\" \/>\n<meta property=\"og:image\" content=\"https:\/\/interpim.erresse-shop.it\/Import\/Prodotti\/poldina-pro-bianco.jpg\" \/><meta property=\"og:image\" content=\"https:\/\/interpim.erresse-shop.it\/Import\/Prodotti\/poldina-pro-bianco.jpg\" \/>\n\t<meta property=\"og:image:width\" content=\"1024\" \/>\n\t<meta property=\"og:image:height\" content=\"1024\" \/>\n\t<meta property=\"og:image:type\" content=\"image\/jpeg\" \/>\n<meta name=\"twitter:card\" content=\"summary_large_image\" \/>\n<meta name=\"twitter:image\" content=\"https:\/\/interpim.erresse-shop.it\/Import\/Prodotti\/poldina-pro-bianco.jpg\" \/>\n<script type=\"application\/ld+json\" class=\"yoast-schema-graph\">{\"@context\":\"https:\/\/schema.org\",\"@graph\":[{\"@type\":\"WebPage\",\"@id\":\"https:\/\/dev6.erresse-shop.it\/es\/shop\/mobiliario\/lamparas\/zafferano-poldina-pro-lampara-de-mesa-blanco-mate\/\",\"url\":\"https:\/\/dev6.erresse-shop.it\/es\/shop\/mobiliario\/lamparas\/zafferano-poldina-pro-lampara-de-mesa-blanco-mate\/\",\"name\":\"ZAFFERANO Poldina PRO L\u00e1mpara de Mesa Blanco Mate - dev6 Erresse\",\"isPartOf\":{\"@id\":\"https:\/\/dev6.erresse-shop.it\/#website\"},\"primaryImageOfPage\":{\"@id\":\"https:\/\/dev6.erresse-shop.it\/es\/shop\/mobiliario\/lamparas\/zafferano-poldina-pro-lampara-de-mesa-blanco-mate\/#primaryimage\"},\"image\":{\"@id\":\"https:\/\/dev6.erresse-shop.it\/es\/shop\/mobiliario\/lamparas\/zafferano-poldina-pro-lampara-de-mesa-blanco-mate\/#primaryimage\"},\"thumbnailUrl\":\"https:\/\/i3.wp.com\/interpim.erresse-shop.it\/Import\/Prodotti\/poldina-pro-bianco.jpg?ssl=1\",\"datePublished\":\"2026-04-29T06:55:24+00:00\",\"description\":\"L\u00e1mpara de mesa recargable y regulable con difusor de policarbonato y fuente de luz LED. La colecci\u00f3n Poldina tiene un grado de protecci\u00f3n IP54, lo que la\",\"breadcrumb\":{\"@id\":\"https:\/\/dev6.erresse-shop.it\/es\/shop\/mobiliario\/lamparas\/zafferano-poldina-pro-lampara-de-mesa-blanco-mate\/#breadcrumb\"},\"inLanguage\":\"es\",\"potentialAction\":[{\"@type\":\"ReadAction\",\"target\":[\"https:\/\/dev6.erresse-shop.it\/es\/shop\/mobiliario\/lamparas\/zafferano-poldina-pro-lampara-de-mesa-blanco-mate\/\"]}]},{\"@type\":\"ImageObject\",\"inLanguage\":\"es\",\"@id\":\"https:\/\/dev6.erresse-shop.it\/es\/shop\/mobiliario\/lamparas\/zafferano-poldina-pro-lampara-de-mesa-blanco-mate\/#primaryimage\",\"url\":\"https:\/\/i3.wp.com\/interpim.erresse-shop.it\/Import\/Prodotti\/poldina-pro-bianco.jpg?ssl=1\",\"contentUrl\":\"https:\/\/i3.wp.com\/interpim.erresse-shop.it\/Import\/Prodotti\/poldina-pro-bianco.jpg?ssl=1\"},{\"@type\":\"BreadcrumbList\",\"@id\":\"https:\/\/dev6.erresse-shop.it\/es\/shop\/mobiliario\/lamparas\/zafferano-poldina-pro-lampara-de-mesa-blanco-mate\/#breadcrumb\",\"itemListElement\":[{\"@type\":\"ListItem\",\"position\":1,\"name\":\"Home\",\"item\":\"https:\/\/dev6.erresse-shop.it\/\"},{\"@type\":\"ListItem\",\"position\":2,\"name\":\"Tienda\",\"item\":\"https:\/\/dev6.erresse-shop.it\/shop\/\"},{\"@type\":\"ListItem\",\"position\":3,\"name\":\"ZAFFERANO Poldina PRO L\u00e1mpara de Mesa Blanco Mate\"}]},{\"@type\":\"WebSite\",\"@id\":\"https:\/\/dev6.erresse-shop.it\/#website\",\"url\":\"https:\/\/dev6.erresse-shop.it\/\",\"name\":\"Erresse Shop\",\"description\":\"\",\"publisher\":{\"@id\":\"https:\/\/dev6.erresse-shop.it\/#organization\"},\"potentialAction\":[{\"@type\":\"SearchAction\",\"target\":{\"@type\":\"EntryPoint\",\"urlTemplate\":\"https:\/\/dev6.erresse-shop.it\/?s={search_term_string}\"},\"query-input\":{\"@type\":\"PropertyValueSpecification\",\"valueRequired\":true,\"valueName\":\"search_term_string\"}}],\"inLanguage\":\"es\"},{\"@type\":\"Organization\",\"@id\":\"https:\/\/dev6.erresse-shop.it\/#organization\",\"name\":\"Erresse Shop\",\"url\":\"https:\/\/dev6.erresse-shop.it\/\",\"logo\":{\"@type\":\"ImageObject\",\"inLanguage\":\"es\",\"@id\":\"https:\/\/dev6.erresse-shop.it\/#\/schema\/logo\/image\/\",\"url\":\"https:\/\/dev6.erresse-shop.it\/wp-content\/uploads\/2025\/01\/LOGO-ERRESSE-CLASSICO.svg\",\"contentUrl\":\"https:\/\/dev6.erresse-shop.it\/wp-content\/uploads\/2025\/01\/LOGO-ERRESSE-CLASSICO.svg\",\"caption\":\"Erresse Shop\"},\"image\":{\"@id\":\"https:\/\/dev6.erresse-shop.it\/#\/schema\/logo\/image\/\"}}]}<\/script>\n<!-- \/ Yoast SEO plugin. -->","yoast_head_json":{"title":"ZAFFERANO Poldina PRO L\u00e1mpara de Mesa Blanco Mate - dev6 Erresse","description":"L\u00e1mpara de mesa recargable y regulable con difusor de policarbonato y fuente de luz LED. La colecci\u00f3n Poldina tiene un grado de protecci\u00f3n IP54, lo que la","robots":{"index":"noindex","follow":"follow","max-snippet":"max-snippet:-1","max-image-preview":"max-image-preview:large","max-video-preview":"max-video-preview:-1"},"og_locale":"es_ES","og_type":"article","og_title":"ZAFFERANO Poldina PRO L\u00e1mpara de Mesa Blanco Mate - dev6 Erresse","og_description":"L\u00e1mpara de mesa recargable y regulable con difusor de policarbonato y fuente de luz LED. La colecci\u00f3n Poldina tiene un grado de protecci\u00f3n IP54, lo que la","og_url":"https:\/\/dev6.erresse-shop.it\/es\/shop\/mobiliario\/lamparas\/zafferano-poldina-pro-lampara-de-mesa-blanco-mate\/","og_site_name":"dev6 Erresse","og_image":[{"url":"https:\/\/interpim.erresse-shop.it\/Import\/Prodotti\/poldina-pro-bianco.jpg","type":"","width":"","height":""},{"url":"https:\/\/interpim.erresse-shop.it\/Import\/Prodotti\/poldina-pro-bianco.jpg","width":1024,"height":1024,"type":"image\/jpeg"}],"twitter_card":"summary_large_image","twitter_image":"https:\/\/interpim.erresse-shop.it\/Import\/Prodotti\/poldina-pro-bianco.jpg","schema":{"@context":"https:\/\/schema.org","@graph":[{"@type":"WebPage","@id":"https:\/\/dev6.erresse-shop.it\/es\/shop\/mobiliario\/lamparas\/zafferano-poldina-pro-lampara-de-mesa-blanco-mate\/","url":"https:\/\/dev6.erresse-shop.it\/es\/shop\/mobiliario\/lamparas\/zafferano-poldina-pro-lampara-de-mesa-blanco-mate\/","name":"ZAFFERANO Poldina PRO L\u00e1mpara de Mesa Blanco Mate - dev6 Erresse","isPartOf":{"@id":"https:\/\/dev6.erresse-shop.it\/#website"},"primaryImageOfPage":{"@id":"https:\/\/dev6.erresse-shop.it\/es\/shop\/mobiliario\/lamparas\/zafferano-poldina-pro-lampara-de-mesa-blanco-mate\/#primaryimage"},"image":{"@id":"https:\/\/dev6.erresse-shop.it\/es\/shop\/mobiliario\/lamparas\/zafferano-poldina-pro-lampara-de-mesa-blanco-mate\/#primaryimage"},"thumbnailUrl":"https:\/\/i3.wp.com\/interpim.erresse-shop.it\/Import\/Prodotti\/poldina-pro-bianco.jpg?ssl=1","datePublished":"2026-04-29T06:55:24+00:00","description":"L\u00e1mpara de mesa recargable y regulable con difusor de policarbonato y fuente de luz LED. La colecci\u00f3n Poldina tiene un grado de protecci\u00f3n IP54, lo que la","breadcrumb":{"@id":"https:\/\/dev6.erresse-shop.it\/es\/shop\/mobiliario\/lamparas\/zafferano-poldina-pro-lampara-de-mesa-blanco-mate\/#breadcrumb"},"inLanguage":"es","potentialAction":[{"@type":"ReadAction","target":["https:\/\/dev6.erresse-shop.it\/es\/shop\/mobiliario\/lamparas\/zafferano-poldina-pro-lampara-de-mesa-blanco-mate\/"]}]},{"@type":"ImageObject","inLanguage":"es","@id":"https:\/\/dev6.erresse-shop.it\/es\/shop\/mobiliario\/lamparas\/zafferano-poldina-pro-lampara-de-mesa-blanco-mate\/#primaryimage","url":"https:\/\/i3.wp.com\/interpim.erresse-shop.it\/Import\/Prodotti\/poldina-pro-bianco.jpg?ssl=1","contentUrl":"https:\/\/i3.wp.com\/interpim.erresse-shop.it\/Import\/Prodotti\/poldina-pro-bianco.jpg?ssl=1"},{"@type":"BreadcrumbList","@id":"https:\/\/dev6.erresse-shop.it\/es\/shop\/mobiliario\/lamparas\/zafferano-poldina-pro-lampara-de-mesa-blanco-mate\/#breadcrumb","itemListElement":[{"@type":"ListItem","position":1,"name":"Home","item":"https:\/\/dev6.erresse-shop.it\/"},{"@type":"ListItem","position":2,"name":"Tienda","item":"https:\/\/dev6.erresse-shop.it\/shop\/"},{"@type":"ListItem","position":3,"name":"ZAFFERANO Poldina PRO L\u00e1mpara de Mesa Blanco Mate"}]},{"@type":"WebSite","@id":"https:\/\/dev6.erresse-shop.it\/#website","url":"https:\/\/dev6.erresse-shop.it\/","name":"Erresse Shop","description":"","publisher":{"@id":"https:\/\/dev6.erresse-shop.it\/#organization"},"potentialAction":[{"@type":"SearchAction","target":{"@type":"EntryPoint","urlTemplate":"https:\/\/dev6.erresse-shop.it\/?s={search_term_string}"},"query-input":{"@type":"PropertyValueSpecification","valueRequired":true,"valueName":"search_term_string"}}],"inLanguage":"es"},{"@type":"Organization","@id":"https:\/\/dev6.erresse-shop.it\/#organization","name":"Erresse Shop","url":"https:\/\/dev6.erresse-shop.it\/","logo":{"@type":"ImageObject","inLanguage":"es","@id":"https:\/\/dev6.erresse-shop.it\/#\/schema\/logo\/image\/","url":"https:\/\/dev6.erresse-shop.it\/wp-content\/uploads\/2025\/01\/LOGO-ERRESSE-CLASSICO.svg","contentUrl":"https:\/\/dev6.erresse-shop.it\/wp-content\/uploads\/2025\/01\/LOGO-ERRESSE-CLASSICO.svg","caption":"Erresse Shop"},"image":{"@id":"https:\/\/dev6.erresse-shop.it\/#\/schema\/logo\/image\/"}}]}},"df_price":119.95,"df_sale_price":119.95,"df_regular_price":140,"df_image_link":"https:\/\/i3.wp.com\/interpim.erresse-shop.it\/Import\/Prodotti\/poldina-pro-bianco.jpg?resize=300,300&ssl=1","fifu_image_url":"https:\/\/interpim.erresse-shop.it\/Import\/Prodotti\/poldina-pro-bianco.jpg","_links":{"self":[{"href":"https:\/\/dev6.erresse-shop.it\/es\/wp-json\/wp\/v2\/product\/1876168","targetHints":{"allow":["GET"]}}],"collection":[{"href":"https:\/\/dev6.erresse-shop.it\/es\/wp-json\/wp\/v2\/product"}],"about":[{"href":"https:\/\/dev6.erresse-shop.it\/es\/wp-json\/wp\/v2\/types\/product"}],"wp:featuredmedia":[{"embeddable":true,"href":"https:\/\/dev6.erresse-shop.it\/es\/wp-json\/wp\/v2\/media\/6949805"}],"wp:attachment":[{"href":"https:\/\/dev6.erresse-shop.it\/es\/wp-json\/wp\/v2\/media?parent=1876168"}],"wp:term":[{"taxonomy":"product_cat","embeddable":true,"href":"https:\/\/dev6.erresse-shop.it\/es\/wp-json\/wp\/v2\/product_cat?post=1876168"},{"taxonomy":"product_tag","embeddable":true,"href":"https:\/\/dev6.erresse-shop.it\/es\/wp-json\/wp\/v2\/product_tag?post=1876168"}],"curies":[{"name":"wp","href":"https:\/\/api.w.org\/{rel}","templated":true}]}}