{"id":1876078,"date":"2026-04-12T08:12:22","date_gmt":"2026-04-12T06:12:22","guid":{"rendered":"https:\/\/dev6.erresse-shop.it\/shop\/sin%20categor\u00eda\/magimix-juice-expert-3-extractor-de-zumo-con-cortador-de-verduras-negro-cromado\/"},"modified":"2025-07-19T04:13:13","modified_gmt":"2025-07-19T02:13:13","slug":"magimix-juice-expert-3-extractor-de-zumo-con-cortador-de-verduras-negro-cromado","status":"publish","type":"product","link":"https:\/\/dev6.erresse-shop.it\/es\/shop\/pequenos-electrodomesticos\/extractores-y-centrifugas\/magimix-juice-expert-3-extractor-de-zumo-con-cortador-de-verduras-negro-cromado\/","title":{"rendered":"MAGIMIX Juice Expert 3 Extractor de Zumo con Cortador de Verduras Negro Cromado"},"content":{"rendered":"<p>MAGIMIX. GARANT\u00cdA ITALIANA<\/p>\n<p>Es en Francia, en el coraz\u00f3n de la Borgo\u00f1a, regi\u00f3n famosa por su gastronom\u00eda, donde Magimix invent\u00f3 el robot de cocina hace m\u00e1s de cuarenta a\u00f1os.<br \/>\nHoy en d\u00eda, los aparatos Magimix son la versi\u00f3n dom\u00e9stica de los aparatos dise\u00f1ados para los profesionales. Los mejores restaurantes del mundo utilizan la versi\u00f3n profesional de nuestros productos.<br \/>\nDentro de la gama Magimix, encontrar\u00e1 toda la gama de peque\u00f1os electrodom\u00e9sticos de cocina.<br \/>\nSiempre a la vanguardia de la innovaci\u00f3n en la cocina, Magimix se complace en presentar su \u00faltima colecci\u00f3n para el placer de cocinar como un gran cocinero.<\/p>\n<p>Juice Expert 3 con cortador de verduras gratuito<\/p>\n<p>\u00a1Magimix es el experto en zumos multifuncionales!<br \/>\nPara combinar salud y placer d\u00eda a d\u00eda, el Magimix Juice Expert combina lo mejor de la naturaleza con lo mejor de la tecnolog\u00eda.<\/p>\n<p>Juice Expert EXTRACTOR 3 MULTIFUNCIONES 3 Funciones:<br \/>\n\u2013 Extra Press XL Nuevo invento patentado por Magimix para la extracci\u00f3n en fr\u00edo de frutas y verduras tiernas o cocidas, zumos, n\u00e9ctares o salsas.<br \/>\n\u2013 Filtro de tamiz XL dise\u00f1ado para extraer en fr\u00edo lo mejor de las frutas y verduras de pulpa firme (manzanas, zanahorias) y de las verduras verdes. Patente Magimix.<br \/>\n\u2013 Exprimidor de c\u00edtricos para obtener un zumo de c\u00edtricos fresco y r\u00e1pido sin semillas. 2 conos. Sistema de pulpa para un zumo sin pulpa.<\/p>\n<p>DESCRIPCI\u00d3N T\u00c9CNICA<br \/>\n\u2013 EXTRA PRESS XL zumos y batidos cremosos calientes y fr\u00edos Rendimiento m\u00e1ximo 96%.<br \/>\n\u2013 FILTRO SETACCIO XL zumos puros y claros Cesta de acero de gran capacidad, cesta con cuello extra\u00edble<br \/>\n\u2013 Exprimidor de c\u00edtricos con brazo de cobertura &#43; 2 conos Pulp System con o sin pulpa<\/p>\n<p>Extracci\u00f3n en fr\u00edo: respeto por los nutrientes<br \/>\nVelocidad profesional<br \/>\nXL TRAMOGUE 90 x 75 mm<br \/>\nExtracci\u00f3n de zumo directamente en el vaso<br \/>\nF\u00c1CIL LIMPIEZA Se puede lavar en el lavavajillas<br \/>\nEsp\u00e1tula de limpieza 1<\/p>\n<p>Recetario con m\u00e1s de 40 recetas<br \/>\nAplicaci\u00f3n MAGIMIX gratuita con m\u00e1s de 100 recetas, disponible para smartphones y tablets<\/p>\n<p>MATERIAL 0% BPA<br \/>\nPotencia del motor 400 W<br \/>\nMotor profesional ultrasilencioso<br \/>\nGarant\u00eda del motor 30 a\u00f1os<br \/>\nGARANT\u00cdA 3 a\u00f1os<br \/>\nDIMENSIONES H415 x W214 x D183 mm<br \/>\nPeso 7,5 kg<\/p>\n<p>No se vende fuera de Europa<\/p>\n","protected":false},"excerpt":{"rendered":"<p>MAGIMIX. GARANT\u00cdA ITALIANA Es en Francia, en el coraz\u00f3n de la Borgo\u00f1a, regi\u00f3n famosa por su gastronom\u00eda, donde Magimix invent\u00f3 el robot de cocina hace m\u00e1s de cuarenta a\u00f1os. Hoy en d\u00eda, los aparatos Magimix son la versi\u00f3n dom\u00e9stica de los aparatos dise\u00f1ados para los profesionales. Los mejores restaurantes del mundo utilizan la versi\u00f3n profesional [&hellip;]<\/p>\n","protected":false},"featured_media":6343128,"template":"","meta":{"_acf_changed":false},"product_cat":[11736,11952,11947],"product_tag":[],"class_list":{"0":"post-1876078","1":"product","2":"type-product","3":"status-publish","4":"has-post-thumbnail","6":"product_cat-estrattori-centrifughe","7":"product_cat-extractores-y-centrifugas","8":"product_cat-pequenos-electrodomesticos","10":"first","11":"instock","12":"sale","13":"taxable","14":"shipping-taxable","15":"purchasable","16":"product-type-simple","swatches":"rey-swatches","show_selected":"","stretch_labels":"rey-swatches--stretch-labels"},"acf":[],"yoast_head":"<!-- This site is optimized with the Yoast SEO plugin v25.4 - https:\/\/yoast.com\/wordpress\/plugins\/seo\/ -->\n<title>MAGIMIX Juice Expert 3 Extractor de Zumo con Cortador de Verduras Negro Cromado - dev6 Erresse<\/title>\n<meta name=\"description\" content=\"MAGIMIX. GARANT\u00cdA ITALIANA Es en Francia, en el coraz\u00f3n de la Borgo\u00f1a, regi\u00f3n famosa por su gastronom\u00eda, donde Magimix invent\u00f3 el robot de cocina hace m\u00e1s\" \/>\n<meta name=\"robots\" content=\"noindex, follow, max-snippet:-1, max-image-preview:large, max-video-preview:-1\" \/>\n<meta property=\"og:locale\" content=\"es_ES\" \/>\n<meta property=\"og:type\" content=\"article\" \/>\n<meta property=\"og:title\" content=\"MAGIMIX Juice Expert 3 Extractor de Zumo con Cortador de Verduras Negro Cromado - dev6 Erresse\" \/>\n<meta property=\"og:description\" content=\"MAGIMIX. GARANT\u00cdA ITALIANA Es en Francia, en el coraz\u00f3n de la Borgo\u00f1a, regi\u00f3n famosa por su gastronom\u00eda, donde Magimix invent\u00f3 el robot de cocina hace m\u00e1s\" \/>\n<meta property=\"og:url\" content=\"https:\/\/dev6.erresse-shop.it\/es\/shop\/pequenos-electrodomesticos\/extractores-y-centrifugas\/magimix-juice-expert-3-extractor-de-zumo-con-cortador-de-verduras-negro-cromado\/\" \/>\n<meta property=\"og:site_name\" content=\"dev6 Erresse\" \/>\n<meta property=\"og:image\" content=\"https:\/\/interpim.erresse-shop.it\/wp-content\/uploads\/2017\/12\/MAGIMIX-Estrattore-Juice-Expert-3-con-Tagliaverdure-Nero-Cromo.jpg\/magimix-estrattore-juice-expert-3-con-tagliaverdure-nero-cromo.jpg\" \/><meta property=\"og:image\" content=\"https:\/\/interpim.erresse-shop.it\/wp-content\/uploads\/2017\/12\/MAGIMIX-Estrattore-Juice-Expert-3-con-Tagliaverdure-Nero-Cromo.jpg\/magimix-estrattore-juice-expert-3-con-tagliaverdure-nero-cromo.jpg\" \/>\n\t<meta property=\"og:image:width\" content=\"1024\" \/>\n\t<meta property=\"og:image:height\" content=\"1024\" \/>\n\t<meta property=\"og:image:type\" content=\"image\/jpeg\" \/>\n<meta name=\"twitter:card\" content=\"summary_large_image\" \/>\n<meta name=\"twitter:image\" content=\"https:\/\/interpim.erresse-shop.it\/wp-content\/uploads\/2017\/12\/MAGIMIX-Estrattore-Juice-Expert-3-con-Tagliaverdure-Nero-Cromo.jpg\/magimix-estrattore-juice-expert-3-con-tagliaverdure-nero-cromo.jpg\" \/>\n<script type=\"application\/ld+json\" class=\"yoast-schema-graph\">{\"@context\":\"https:\/\/schema.org\",\"@graph\":[{\"@type\":\"WebPage\",\"@id\":\"https:\/\/dev6.erresse-shop.it\/es\/shop\/pequenos-electrodomesticos\/extractores-y-centrifugas\/magimix-juice-expert-3-extractor-de-zumo-con-cortador-de-verduras-negro-cromado\/\",\"url\":\"https:\/\/dev6.erresse-shop.it\/es\/shop\/pequenos-electrodomesticos\/extractores-y-centrifugas\/magimix-juice-expert-3-extractor-de-zumo-con-cortador-de-verduras-negro-cromado\/\",\"name\":\"MAGIMIX Juice Expert 3 Extractor de Zumo con Cortador de Verduras Negro Cromado - dev6 Erresse\",\"isPartOf\":{\"@id\":\"https:\/\/dev6.erresse-shop.it\/#website\"},\"primaryImageOfPage\":{\"@id\":\"https:\/\/dev6.erresse-shop.it\/es\/shop\/pequenos-electrodomesticos\/extractores-y-centrifugas\/magimix-juice-expert-3-extractor-de-zumo-con-cortador-de-verduras-negro-cromado\/#primaryimage\"},\"image\":{\"@id\":\"https:\/\/dev6.erresse-shop.it\/es\/shop\/pequenos-electrodomesticos\/extractores-y-centrifugas\/magimix-juice-expert-3-extractor-de-zumo-con-cortador-de-verduras-negro-cromado\/#primaryimage\"},\"thumbnailUrl\":\"https:\/\/i3.wp.com\/interpim.erresse-shop.it\/wp-content\/uploads\/2017\/12\/MAGIMIX-Estrattore-Juice-Expert-3-con-Tagliaverdure-Nero-Cromo.jpg\/magimix-estrattore-juice-expert-3-con-tagliaverdure-nero-cromo.jpg?ssl=1\",\"datePublished\":\"2026-04-12T06:12:22+00:00\",\"description\":\"MAGIMIX. GARANT\u00cdA ITALIANA Es en Francia, en el coraz\u00f3n de la Borgo\u00f1a, regi\u00f3n famosa por su gastronom\u00eda, donde Magimix invent\u00f3 el robot de cocina hace m\u00e1s\",\"breadcrumb\":{\"@id\":\"https:\/\/dev6.erresse-shop.it\/es\/shop\/pequenos-electrodomesticos\/extractores-y-centrifugas\/magimix-juice-expert-3-extractor-de-zumo-con-cortador-de-verduras-negro-cromado\/#breadcrumb\"},\"inLanguage\":\"es\",\"potentialAction\":[{\"@type\":\"ReadAction\",\"target\":[\"https:\/\/dev6.erresse-shop.it\/es\/shop\/pequenos-electrodomesticos\/extractores-y-centrifugas\/magimix-juice-expert-3-extractor-de-zumo-con-cortador-de-verduras-negro-cromado\/\"]}]},{\"@type\":\"ImageObject\",\"inLanguage\":\"es\",\"@id\":\"https:\/\/dev6.erresse-shop.it\/es\/shop\/pequenos-electrodomesticos\/extractores-y-centrifugas\/magimix-juice-expert-3-extractor-de-zumo-con-cortador-de-verduras-negro-cromado\/#primaryimage\",\"url\":\"https:\/\/i3.wp.com\/interpim.erresse-shop.it\/wp-content\/uploads\/2017\/12\/MAGIMIX-Estrattore-Juice-Expert-3-con-Tagliaverdure-Nero-Cromo.jpg\/magimix-estrattore-juice-expert-3-con-tagliaverdure-nero-cromo.jpg?ssl=1\",\"contentUrl\":\"https:\/\/i3.wp.com\/interpim.erresse-shop.it\/wp-content\/uploads\/2017\/12\/MAGIMIX-Estrattore-Juice-Expert-3-con-Tagliaverdure-Nero-Cromo.jpg\/magimix-estrattore-juice-expert-3-con-tagliaverdure-nero-cromo.jpg?ssl=1\"},{\"@type\":\"BreadcrumbList\",\"@id\":\"https:\/\/dev6.erresse-shop.it\/es\/shop\/pequenos-electrodomesticos\/extractores-y-centrifugas\/magimix-juice-expert-3-extractor-de-zumo-con-cortador-de-verduras-negro-cromado\/#breadcrumb\",\"itemListElement\":[{\"@type\":\"ListItem\",\"position\":1,\"name\":\"Home\",\"item\":\"https:\/\/dev6.erresse-shop.it\/\"},{\"@type\":\"ListItem\",\"position\":2,\"name\":\"Tienda\",\"item\":\"https:\/\/dev6.erresse-shop.it\/shop\/\"},{\"@type\":\"ListItem\",\"position\":3,\"name\":\"MAGIMIX Juice Expert 3 Extractor de Zumo con Cortador de Verduras Negro Cromado\"}]},{\"@type\":\"WebSite\",\"@id\":\"https:\/\/dev6.erresse-shop.it\/#website\",\"url\":\"https:\/\/dev6.erresse-shop.it\/\",\"name\":\"Erresse Shop\",\"description\":\"\",\"publisher\":{\"@id\":\"https:\/\/dev6.erresse-shop.it\/#organization\"},\"potentialAction\":[{\"@type\":\"SearchAction\",\"target\":{\"@type\":\"EntryPoint\",\"urlTemplate\":\"https:\/\/dev6.erresse-shop.it\/?s={search_term_string}\"},\"query-input\":{\"@type\":\"PropertyValueSpecification\",\"valueRequired\":true,\"valueName\":\"search_term_string\"}}],\"inLanguage\":\"es\"},{\"@type\":\"Organization\",\"@id\":\"https:\/\/dev6.erresse-shop.it\/#organization\",\"name\":\"Erresse Shop\",\"url\":\"https:\/\/dev6.erresse-shop.it\/\",\"logo\":{\"@type\":\"ImageObject\",\"inLanguage\":\"es\",\"@id\":\"https:\/\/dev6.erresse-shop.it\/#\/schema\/logo\/image\/\",\"url\":\"https:\/\/dev6.erresse-shop.it\/wp-content\/uploads\/2025\/01\/LOGO-ERRESSE-CLASSICO.svg\",\"contentUrl\":\"https:\/\/dev6.erresse-shop.it\/wp-content\/uploads\/2025\/01\/LOGO-ERRESSE-CLASSICO.svg\",\"caption\":\"Erresse Shop\"},\"image\":{\"@id\":\"https:\/\/dev6.erresse-shop.it\/#\/schema\/logo\/image\/\"}}]}<\/script>\n<!-- \/ Yoast SEO plugin. -->","yoast_head_json":{"title":"MAGIMIX Juice Expert 3 Extractor de Zumo con Cortador de Verduras Negro Cromado - dev6 Erresse","description":"MAGIMIX. GARANT\u00cdA ITALIANA Es en Francia, en el coraz\u00f3n de la Borgo\u00f1a, regi\u00f3n famosa por su gastronom\u00eda, donde Magimix invent\u00f3 el robot de cocina hace m\u00e1s","robots":{"index":"noindex","follow":"follow","max-snippet":"max-snippet:-1","max-image-preview":"max-image-preview:large","max-video-preview":"max-video-preview:-1"},"og_locale":"es_ES","og_type":"article","og_title":"MAGIMIX Juice Expert 3 Extractor de Zumo con Cortador de Verduras Negro Cromado - dev6 Erresse","og_description":"MAGIMIX. GARANT\u00cdA ITALIANA Es en Francia, en el coraz\u00f3n de la Borgo\u00f1a, regi\u00f3n famosa por su gastronom\u00eda, donde Magimix invent\u00f3 el robot de cocina hace m\u00e1s","og_url":"https:\/\/dev6.erresse-shop.it\/es\/shop\/pequenos-electrodomesticos\/extractores-y-centrifugas\/magimix-juice-expert-3-extractor-de-zumo-con-cortador-de-verduras-negro-cromado\/","og_site_name":"dev6 Erresse","og_image":[{"url":"https:\/\/interpim.erresse-shop.it\/wp-content\/uploads\/2017\/12\/MAGIMIX-Estrattore-Juice-Expert-3-con-Tagliaverdure-Nero-Cromo.jpg\/magimix-estrattore-juice-expert-3-con-tagliaverdure-nero-cromo.jpg","type":"","width":"","height":""},{"url":"https:\/\/interpim.erresse-shop.it\/wp-content\/uploads\/2017\/12\/MAGIMIX-Estrattore-Juice-Expert-3-con-Tagliaverdure-Nero-Cromo.jpg\/magimix-estrattore-juice-expert-3-con-tagliaverdure-nero-cromo.jpg","width":1024,"height":1024,"type":"image\/jpeg"}],"twitter_card":"summary_large_image","twitter_image":"https:\/\/interpim.erresse-shop.it\/wp-content\/uploads\/2017\/12\/MAGIMIX-Estrattore-Juice-Expert-3-con-Tagliaverdure-Nero-Cromo.jpg\/magimix-estrattore-juice-expert-3-con-tagliaverdure-nero-cromo.jpg","schema":{"@context":"https:\/\/schema.org","@graph":[{"@type":"WebPage","@id":"https:\/\/dev6.erresse-shop.it\/es\/shop\/pequenos-electrodomesticos\/extractores-y-centrifugas\/magimix-juice-expert-3-extractor-de-zumo-con-cortador-de-verduras-negro-cromado\/","url":"https:\/\/dev6.erresse-shop.it\/es\/shop\/pequenos-electrodomesticos\/extractores-y-centrifugas\/magimix-juice-expert-3-extractor-de-zumo-con-cortador-de-verduras-negro-cromado\/","name":"MAGIMIX Juice Expert 3 Extractor de Zumo con Cortador de Verduras Negro Cromado - dev6 Erresse","isPartOf":{"@id":"https:\/\/dev6.erresse-shop.it\/#website"},"primaryImageOfPage":{"@id":"https:\/\/dev6.erresse-shop.it\/es\/shop\/pequenos-electrodomesticos\/extractores-y-centrifugas\/magimix-juice-expert-3-extractor-de-zumo-con-cortador-de-verduras-negro-cromado\/#primaryimage"},"image":{"@id":"https:\/\/dev6.erresse-shop.it\/es\/shop\/pequenos-electrodomesticos\/extractores-y-centrifugas\/magimix-juice-expert-3-extractor-de-zumo-con-cortador-de-verduras-negro-cromado\/#primaryimage"},"thumbnailUrl":"https:\/\/i3.wp.com\/interpim.erresse-shop.it\/wp-content\/uploads\/2017\/12\/MAGIMIX-Estrattore-Juice-Expert-3-con-Tagliaverdure-Nero-Cromo.jpg\/magimix-estrattore-juice-expert-3-con-tagliaverdure-nero-cromo.jpg?ssl=1","datePublished":"2026-04-12T06:12:22+00:00","description":"MAGIMIX. GARANT\u00cdA ITALIANA Es en Francia, en el coraz\u00f3n de la Borgo\u00f1a, regi\u00f3n famosa por su gastronom\u00eda, donde Magimix invent\u00f3 el robot de cocina hace m\u00e1s","breadcrumb":{"@id":"https:\/\/dev6.erresse-shop.it\/es\/shop\/pequenos-electrodomesticos\/extractores-y-centrifugas\/magimix-juice-expert-3-extractor-de-zumo-con-cortador-de-verduras-negro-cromado\/#breadcrumb"},"inLanguage":"es","potentialAction":[{"@type":"ReadAction","target":["https:\/\/dev6.erresse-shop.it\/es\/shop\/pequenos-electrodomesticos\/extractores-y-centrifugas\/magimix-juice-expert-3-extractor-de-zumo-con-cortador-de-verduras-negro-cromado\/"]}]},{"@type":"ImageObject","inLanguage":"es","@id":"https:\/\/dev6.erresse-shop.it\/es\/shop\/pequenos-electrodomesticos\/extractores-y-centrifugas\/magimix-juice-expert-3-extractor-de-zumo-con-cortador-de-verduras-negro-cromado\/#primaryimage","url":"https:\/\/i3.wp.com\/interpim.erresse-shop.it\/wp-content\/uploads\/2017\/12\/MAGIMIX-Estrattore-Juice-Expert-3-con-Tagliaverdure-Nero-Cromo.jpg\/magimix-estrattore-juice-expert-3-con-tagliaverdure-nero-cromo.jpg?ssl=1","contentUrl":"https:\/\/i3.wp.com\/interpim.erresse-shop.it\/wp-content\/uploads\/2017\/12\/MAGIMIX-Estrattore-Juice-Expert-3-con-Tagliaverdure-Nero-Cromo.jpg\/magimix-estrattore-juice-expert-3-con-tagliaverdure-nero-cromo.jpg?ssl=1"},{"@type":"BreadcrumbList","@id":"https:\/\/dev6.erresse-shop.it\/es\/shop\/pequenos-electrodomesticos\/extractores-y-centrifugas\/magimix-juice-expert-3-extractor-de-zumo-con-cortador-de-verduras-negro-cromado\/#breadcrumb","itemListElement":[{"@type":"ListItem","position":1,"name":"Home","item":"https:\/\/dev6.erresse-shop.it\/"},{"@type":"ListItem","position":2,"name":"Tienda","item":"https:\/\/dev6.erresse-shop.it\/shop\/"},{"@type":"ListItem","position":3,"name":"MAGIMIX Juice Expert 3 Extractor de Zumo con Cortador de Verduras Negro Cromado"}]},{"@type":"WebSite","@id":"https:\/\/dev6.erresse-shop.it\/#website","url":"https:\/\/dev6.erresse-shop.it\/","name":"Erresse Shop","description":"","publisher":{"@id":"https:\/\/dev6.erresse-shop.it\/#organization"},"potentialAction":[{"@type":"SearchAction","target":{"@type":"EntryPoint","urlTemplate":"https:\/\/dev6.erresse-shop.it\/?s={search_term_string}"},"query-input":{"@type":"PropertyValueSpecification","valueRequired":true,"valueName":"search_term_string"}}],"inLanguage":"es"},{"@type":"Organization","@id":"https:\/\/dev6.erresse-shop.it\/#organization","name":"Erresse Shop","url":"https:\/\/dev6.erresse-shop.it\/","logo":{"@type":"ImageObject","inLanguage":"es","@id":"https:\/\/dev6.erresse-shop.it\/#\/schema\/logo\/image\/","url":"https:\/\/dev6.erresse-shop.it\/wp-content\/uploads\/2025\/01\/LOGO-ERRESSE-CLASSICO.svg","contentUrl":"https:\/\/dev6.erresse-shop.it\/wp-content\/uploads\/2025\/01\/LOGO-ERRESSE-CLASSICO.svg","caption":"Erresse Shop"},"image":{"@id":"https:\/\/dev6.erresse-shop.it\/#\/schema\/logo\/image\/"}}]}},"df_price":319,"df_sale_price":319,"df_regular_price":380,"df_image_link":"https:\/\/i3.wp.com\/interpim.erresse-shop.it\/wp-content\/uploads\/2017\/12\/MAGIMIX-Estrattore-Juice-Expert-3-con-Tagliaverdure-Nero-Cromo.jpg\/magimix-estrattore-juice-expert-3-con-tagliaverdure-nero-cromo.jpg?resize=300,300&ssl=1","fifu_image_url":"https:\/\/interpim.erresse-shop.it\/wp-content\/uploads\/2017\/12\/MAGIMIX-Estrattore-Juice-Expert-3-con-Tagliaverdure-Nero-Cromo.jpg\/magimix-estrattore-juice-expert-3-con-tagliaverdure-nero-cromo.jpg","_links":{"self":[{"href":"https:\/\/dev6.erresse-shop.it\/es\/wp-json\/wp\/v2\/product\/1876078","targetHints":{"allow":["GET"]}}],"collection":[{"href":"https:\/\/dev6.erresse-shop.it\/es\/wp-json\/wp\/v2\/product"}],"about":[{"href":"https:\/\/dev6.erresse-shop.it\/es\/wp-json\/wp\/v2\/types\/product"}],"wp:featuredmedia":[{"embeddable":true,"href":"https:\/\/dev6.erresse-shop.it\/es\/wp-json\/wp\/v2\/media\/6343128"}],"wp:attachment":[{"href":"https:\/\/dev6.erresse-shop.it\/es\/wp-json\/wp\/v2\/media?parent=1876078"}],"wp:term":[{"taxonomy":"product_cat","embeddable":true,"href":"https:\/\/dev6.erresse-shop.it\/es\/wp-json\/wp\/v2\/product_cat?post=1876078"},{"taxonomy":"product_tag","embeddable":true,"href":"https:\/\/dev6.erresse-shop.it\/es\/wp-json\/wp\/v2\/product_tag?post=1876078"}],"curies":[{"name":"wp","href":"https:\/\/api.w.org\/{rel}","templated":true}]}}