{"id":1876070,"date":"2026-04-10T08:50:18","date_gmt":"2026-04-10T06:50:18","guid":{"rendered":"https:\/\/dev6.erresse-shop.it\/shop\/sin%20categor\u00eda\/miyabi-cuchillo-4000-fc-santoku-180mm\/"},"modified":"2025-09-14T07:31:03","modified_gmt":"2025-09-14T05:31:03","slug":"miyabi-cuchillo-4000-fc-santoku-180mm","status":"publish","type":"product","link":"https:\/\/dev6.erresse-shop.it\/es\/shop\/cocina\/cuchillos\/cuchillos-de-cocina\/miyabi-cuchillo-4000-fc-santoku-180mm\/","title":{"rendered":"MIYABI Cuchillo 4000 FC Santoku 180mm"},"content":{"rendered":"<p>MIYABI. La belleza de la nitidez.<br \/>\nLas formas gr\u00e1ciles, elegantes y sofisticadas t\u00edpicas de la cultura japonesa son tambi\u00e9n sin\u00f3nimo de la nueva marca MIYABI de ZWILLING J.A. HENCKELS.<\/p>\n<p>Los cuchillos MIYABI representan la belleza de las hojas afiladas, siguiendo la tradici\u00f3n de las famosas espadas japonesas que no s\u00f3lo eran incre\u00edblemente afiladas, sino tambi\u00e9n incre\u00edblemente bellas.<\/p>\n<p>Los cuchillos MIYABI fascinan desde el primer momento por el aut\u00e9ntico estilo japon\u00e9s de sus hojas y su extraordinario poder de corte. Con el uso diario, los aficionados a la cocina japonesa apreciar\u00e1n el perfecto equilibrio y la comodidad del mango.<\/p>\n<p>Los cuchillos MIYABI se producen siguiendo la tradici\u00f3n de los artesanos de anta\u00f1o que fabricaban las mejores espadas japonesas.<\/p>\n<p>El dise\u00f1o \u00fanico y la m\u00e1xima funcionalidad se combinan en la perfecta simbiosis de las l\u00edneas de la hoja y el mango. Fabricado en Jap\u00f3n.<\/p>\n<p>La serie de cuchillos MIYABI 4000FC le acerca a la artesan\u00eda tradicional japonesa. La hoja del cuchillo FRIODUR es de acero FC61.<\/p>\n","protected":false},"excerpt":{"rendered":"<p>MIYABI. La belleza de la nitidez. Las formas gr\u00e1ciles, elegantes y sofisticadas t\u00edpicas de la cultura japonesa son tambi\u00e9n sin\u00f3nimo de la nueva marca MIYABI de ZWILLING J.A. HENCKELS. Los cuchillos MIYABI representan la belleza de las hojas afiladas, siguiendo la tradici\u00f3n de las famosas espadas japonesas que no s\u00f3lo eran incre\u00edblemente afiladas, sino tambi\u00e9n [&hellip;]<\/p>\n","protected":false},"featured_media":6301435,"template":"","meta":{"_acf_changed":false},"product_cat":[11889],"product_tag":[],"class_list":{"0":"post-1876070","1":"product","2":"type-product","3":"status-publish","4":"has-post-thumbnail","6":"product_cat-cuchillos-de-cocina","8":"first","9":"outofstock","10":"sale","11":"taxable","12":"shipping-taxable","13":"purchasable","14":"product-type-simple","swatches":"rey-swatches","show_selected":"","stretch_labels":"rey-swatches--stretch-labels"},"acf":[],"yoast_head":"<!-- This site is optimized with the Yoast SEO plugin v25.4 - https:\/\/yoast.com\/wordpress\/plugins\/seo\/ -->\n<title>MIYABI Cuchillo 4000 FC Santoku 180mm - dev6 Erresse<\/title>\n<meta name=\"description\" content=\"MIYABI. La belleza de la nitidez. Las formas gr\u00e1ciles, elegantes y sofisticadas t\u00edpicas de la cultura japonesa son tambi\u00e9n sin\u00f3nimo de la nueva marca\" \/>\n<meta name=\"robots\" content=\"noindex, follow, max-snippet:-1, max-image-preview:large, max-video-preview:-1\" \/>\n<meta property=\"og:locale\" content=\"es_ES\" \/>\n<meta property=\"og:type\" content=\"article\" \/>\n<meta property=\"og:title\" content=\"MIYABI Cuchillo 4000 FC Santoku 180mm - dev6 Erresse\" \/>\n<meta property=\"og:description\" content=\"MIYABI. La belleza de la nitidez. Las formas gr\u00e1ciles, elegantes y sofisticadas t\u00edpicas de la cultura japonesa son tambi\u00e9n sin\u00f3nimo de la nueva marca\" \/>\n<meta property=\"og:url\" content=\"https:\/\/dev6.erresse-shop.it\/es\/shop\/cocina\/cuchillos\/cuchillos-de-cocina\/miyabi-cuchillo-4000-fc-santoku-180mm\/\" \/>\n<meta property=\"og:site_name\" content=\"dev6 Erresse\" \/>\n<meta property=\"og:image\" content=\"https:\/\/interpim.erresse-shop.it\/Import\/Prodotti\/products-33957-181.jpg\" \/><meta property=\"og:image\" content=\"https:\/\/interpim.erresse-shop.it\/Import\/Prodotti\/products-33957-181.jpg\" \/>\n\t<meta property=\"og:image:width\" content=\"1024\" \/>\n\t<meta property=\"og:image:height\" content=\"1024\" \/>\n\t<meta property=\"og:image:type\" content=\"image\/jpeg\" \/>\n<meta name=\"twitter:card\" content=\"summary_large_image\" \/>\n<meta name=\"twitter:image\" content=\"https:\/\/interpim.erresse-shop.it\/Import\/Prodotti\/products-33957-181.jpg\" \/>\n<script type=\"application\/ld+json\" class=\"yoast-schema-graph\">{\"@context\":\"https:\/\/schema.org\",\"@graph\":[{\"@type\":\"WebPage\",\"@id\":\"https:\/\/dev6.erresse-shop.it\/es\/shop\/cocina\/cuchillos\/cuchillos-de-cocina\/miyabi-cuchillo-4000-fc-santoku-180mm\/\",\"url\":\"https:\/\/dev6.erresse-shop.it\/es\/shop\/cocina\/cuchillos\/cuchillos-de-cocina\/miyabi-cuchillo-4000-fc-santoku-180mm\/\",\"name\":\"MIYABI Cuchillo 4000 FC Santoku 180mm - dev6 Erresse\",\"isPartOf\":{\"@id\":\"https:\/\/dev6.erresse-shop.it\/#website\"},\"primaryImageOfPage\":{\"@id\":\"https:\/\/dev6.erresse-shop.it\/es\/shop\/cocina\/cuchillos\/cuchillos-de-cocina\/miyabi-cuchillo-4000-fc-santoku-180mm\/#primaryimage\"},\"image\":{\"@id\":\"https:\/\/dev6.erresse-shop.it\/es\/shop\/cocina\/cuchillos\/cuchillos-de-cocina\/miyabi-cuchillo-4000-fc-santoku-180mm\/#primaryimage\"},\"thumbnailUrl\":\"https:\/\/i2.wp.com\/interpim.erresse-shop.it\/Import\/Prodotti\/products-33957-181.jpg?ssl=1\",\"datePublished\":\"2026-04-10T06:50:18+00:00\",\"description\":\"MIYABI. La belleza de la nitidez. Las formas gr\u00e1ciles, elegantes y sofisticadas t\u00edpicas de la cultura japonesa son tambi\u00e9n sin\u00f3nimo de la nueva marca\",\"breadcrumb\":{\"@id\":\"https:\/\/dev6.erresse-shop.it\/es\/shop\/cocina\/cuchillos\/cuchillos-de-cocina\/miyabi-cuchillo-4000-fc-santoku-180mm\/#breadcrumb\"},\"inLanguage\":\"es\",\"potentialAction\":[{\"@type\":\"ReadAction\",\"target\":[\"https:\/\/dev6.erresse-shop.it\/es\/shop\/cocina\/cuchillos\/cuchillos-de-cocina\/miyabi-cuchillo-4000-fc-santoku-180mm\/\"]}]},{\"@type\":\"ImageObject\",\"inLanguage\":\"es\",\"@id\":\"https:\/\/dev6.erresse-shop.it\/es\/shop\/cocina\/cuchillos\/cuchillos-de-cocina\/miyabi-cuchillo-4000-fc-santoku-180mm\/#primaryimage\",\"url\":\"https:\/\/i2.wp.com\/interpim.erresse-shop.it\/Import\/Prodotti\/products-33957-181.jpg?ssl=1\",\"contentUrl\":\"https:\/\/i2.wp.com\/interpim.erresse-shop.it\/Import\/Prodotti\/products-33957-181.jpg?ssl=1\"},{\"@type\":\"BreadcrumbList\",\"@id\":\"https:\/\/dev6.erresse-shop.it\/es\/shop\/cocina\/cuchillos\/cuchillos-de-cocina\/miyabi-cuchillo-4000-fc-santoku-180mm\/#breadcrumb\",\"itemListElement\":[{\"@type\":\"ListItem\",\"position\":1,\"name\":\"Home\",\"item\":\"https:\/\/dev6.erresse-shop.it\/\"},{\"@type\":\"ListItem\",\"position\":2,\"name\":\"Tienda\",\"item\":\"https:\/\/dev6.erresse-shop.it\/shop\/\"},{\"@type\":\"ListItem\",\"position\":3,\"name\":\"MIYABI Cuchillo 4000 FC Santoku 180mm\"}]},{\"@type\":\"WebSite\",\"@id\":\"https:\/\/dev6.erresse-shop.it\/#website\",\"url\":\"https:\/\/dev6.erresse-shop.it\/\",\"name\":\"Erresse Shop\",\"description\":\"\",\"publisher\":{\"@id\":\"https:\/\/dev6.erresse-shop.it\/#organization\"},\"potentialAction\":[{\"@type\":\"SearchAction\",\"target\":{\"@type\":\"EntryPoint\",\"urlTemplate\":\"https:\/\/dev6.erresse-shop.it\/?s={search_term_string}\"},\"query-input\":{\"@type\":\"PropertyValueSpecification\",\"valueRequired\":true,\"valueName\":\"search_term_string\"}}],\"inLanguage\":\"es\"},{\"@type\":\"Organization\",\"@id\":\"https:\/\/dev6.erresse-shop.it\/#organization\",\"name\":\"Erresse Shop\",\"url\":\"https:\/\/dev6.erresse-shop.it\/\",\"logo\":{\"@type\":\"ImageObject\",\"inLanguage\":\"es\",\"@id\":\"https:\/\/dev6.erresse-shop.it\/#\/schema\/logo\/image\/\",\"url\":\"https:\/\/dev6.erresse-shop.it\/wp-content\/uploads\/2025\/01\/LOGO-ERRESSE-CLASSICO.svg\",\"contentUrl\":\"https:\/\/dev6.erresse-shop.it\/wp-content\/uploads\/2025\/01\/LOGO-ERRESSE-CLASSICO.svg\",\"caption\":\"Erresse Shop\"},\"image\":{\"@id\":\"https:\/\/dev6.erresse-shop.it\/#\/schema\/logo\/image\/\"}}]}<\/script>\n<!-- \/ Yoast SEO plugin. -->","yoast_head_json":{"title":"MIYABI Cuchillo 4000 FC Santoku 180mm - dev6 Erresse","description":"MIYABI. La belleza de la nitidez. Las formas gr\u00e1ciles, elegantes y sofisticadas t\u00edpicas de la cultura japonesa son tambi\u00e9n sin\u00f3nimo de la nueva marca","robots":{"index":"noindex","follow":"follow","max-snippet":"max-snippet:-1","max-image-preview":"max-image-preview:large","max-video-preview":"max-video-preview:-1"},"og_locale":"es_ES","og_type":"article","og_title":"MIYABI Cuchillo 4000 FC Santoku 180mm - dev6 Erresse","og_description":"MIYABI. La belleza de la nitidez. Las formas gr\u00e1ciles, elegantes y sofisticadas t\u00edpicas de la cultura japonesa son tambi\u00e9n sin\u00f3nimo de la nueva marca","og_url":"https:\/\/dev6.erresse-shop.it\/es\/shop\/cocina\/cuchillos\/cuchillos-de-cocina\/miyabi-cuchillo-4000-fc-santoku-180mm\/","og_site_name":"dev6 Erresse","og_image":[{"url":"https:\/\/interpim.erresse-shop.it\/Import\/Prodotti\/products-33957-181.jpg","type":"","width":"","height":""},{"url":"https:\/\/interpim.erresse-shop.it\/Import\/Prodotti\/products-33957-181.jpg","width":1024,"height":1024,"type":"image\/jpeg"}],"twitter_card":"summary_large_image","twitter_image":"https:\/\/interpim.erresse-shop.it\/Import\/Prodotti\/products-33957-181.jpg","schema":{"@context":"https:\/\/schema.org","@graph":[{"@type":"WebPage","@id":"https:\/\/dev6.erresse-shop.it\/es\/shop\/cocina\/cuchillos\/cuchillos-de-cocina\/miyabi-cuchillo-4000-fc-santoku-180mm\/","url":"https:\/\/dev6.erresse-shop.it\/es\/shop\/cocina\/cuchillos\/cuchillos-de-cocina\/miyabi-cuchillo-4000-fc-santoku-180mm\/","name":"MIYABI Cuchillo 4000 FC Santoku 180mm - dev6 Erresse","isPartOf":{"@id":"https:\/\/dev6.erresse-shop.it\/#website"},"primaryImageOfPage":{"@id":"https:\/\/dev6.erresse-shop.it\/es\/shop\/cocina\/cuchillos\/cuchillos-de-cocina\/miyabi-cuchillo-4000-fc-santoku-180mm\/#primaryimage"},"image":{"@id":"https:\/\/dev6.erresse-shop.it\/es\/shop\/cocina\/cuchillos\/cuchillos-de-cocina\/miyabi-cuchillo-4000-fc-santoku-180mm\/#primaryimage"},"thumbnailUrl":"https:\/\/i2.wp.com\/interpim.erresse-shop.it\/Import\/Prodotti\/products-33957-181.jpg?ssl=1","datePublished":"2026-04-10T06:50:18+00:00","description":"MIYABI. La belleza de la nitidez. Las formas gr\u00e1ciles, elegantes y sofisticadas t\u00edpicas de la cultura japonesa son tambi\u00e9n sin\u00f3nimo de la nueva marca","breadcrumb":{"@id":"https:\/\/dev6.erresse-shop.it\/es\/shop\/cocina\/cuchillos\/cuchillos-de-cocina\/miyabi-cuchillo-4000-fc-santoku-180mm\/#breadcrumb"},"inLanguage":"es","potentialAction":[{"@type":"ReadAction","target":["https:\/\/dev6.erresse-shop.it\/es\/shop\/cocina\/cuchillos\/cuchillos-de-cocina\/miyabi-cuchillo-4000-fc-santoku-180mm\/"]}]},{"@type":"ImageObject","inLanguage":"es","@id":"https:\/\/dev6.erresse-shop.it\/es\/shop\/cocina\/cuchillos\/cuchillos-de-cocina\/miyabi-cuchillo-4000-fc-santoku-180mm\/#primaryimage","url":"https:\/\/i2.wp.com\/interpim.erresse-shop.it\/Import\/Prodotti\/products-33957-181.jpg?ssl=1","contentUrl":"https:\/\/i2.wp.com\/interpim.erresse-shop.it\/Import\/Prodotti\/products-33957-181.jpg?ssl=1"},{"@type":"BreadcrumbList","@id":"https:\/\/dev6.erresse-shop.it\/es\/shop\/cocina\/cuchillos\/cuchillos-de-cocina\/miyabi-cuchillo-4000-fc-santoku-180mm\/#breadcrumb","itemListElement":[{"@type":"ListItem","position":1,"name":"Home","item":"https:\/\/dev6.erresse-shop.it\/"},{"@type":"ListItem","position":2,"name":"Tienda","item":"https:\/\/dev6.erresse-shop.it\/shop\/"},{"@type":"ListItem","position":3,"name":"MIYABI Cuchillo 4000 FC Santoku 180mm"}]},{"@type":"WebSite","@id":"https:\/\/dev6.erresse-shop.it\/#website","url":"https:\/\/dev6.erresse-shop.it\/","name":"Erresse Shop","description":"","publisher":{"@id":"https:\/\/dev6.erresse-shop.it\/#organization"},"potentialAction":[{"@type":"SearchAction","target":{"@type":"EntryPoint","urlTemplate":"https:\/\/dev6.erresse-shop.it\/?s={search_term_string}"},"query-input":{"@type":"PropertyValueSpecification","valueRequired":true,"valueName":"search_term_string"}}],"inLanguage":"es"},{"@type":"Organization","@id":"https:\/\/dev6.erresse-shop.it\/#organization","name":"Erresse Shop","url":"https:\/\/dev6.erresse-shop.it\/","logo":{"@type":"ImageObject","inLanguage":"es","@id":"https:\/\/dev6.erresse-shop.it\/#\/schema\/logo\/image\/","url":"https:\/\/dev6.erresse-shop.it\/wp-content\/uploads\/2025\/01\/LOGO-ERRESSE-CLASSICO.svg","contentUrl":"https:\/\/dev6.erresse-shop.it\/wp-content\/uploads\/2025\/01\/LOGO-ERRESSE-CLASSICO.svg","caption":"Erresse Shop"},"image":{"@id":"https:\/\/dev6.erresse-shop.it\/#\/schema\/logo\/image\/"}}]}},"df_price":129,"df_sale_price":129,"df_regular_price":169,"df_image_link":"https:\/\/i2.wp.com\/interpim.erresse-shop.it\/Import\/Prodotti\/products-33957-181.jpg?resize=300,300&ssl=1","fifu_image_url":"https:\/\/interpim.erresse-shop.it\/Import\/Prodotti\/products-33957-181.jpg","_links":{"self":[{"href":"https:\/\/dev6.erresse-shop.it\/es\/wp-json\/wp\/v2\/product\/1876070","targetHints":{"allow":["GET"]}}],"collection":[{"href":"https:\/\/dev6.erresse-shop.it\/es\/wp-json\/wp\/v2\/product"}],"about":[{"href":"https:\/\/dev6.erresse-shop.it\/es\/wp-json\/wp\/v2\/types\/product"}],"wp:featuredmedia":[{"embeddable":true,"href":"https:\/\/dev6.erresse-shop.it\/es\/wp-json\/wp\/v2\/media\/6301435"}],"wp:attachment":[{"href":"https:\/\/dev6.erresse-shop.it\/es\/wp-json\/wp\/v2\/media?parent=1876070"}],"wp:term":[{"taxonomy":"product_cat","embeddable":true,"href":"https:\/\/dev6.erresse-shop.it\/es\/wp-json\/wp\/v2\/product_cat?post=1876070"},{"taxonomy":"product_tag","embeddable":true,"href":"https:\/\/dev6.erresse-shop.it\/es\/wp-json\/wp\/v2\/product_tag?post=1876070"}],"curies":[{"name":"wp","href":"https:\/\/api.w.org\/{rel}","templated":true}]}}