{"id":1876038,"date":"2026-04-23T02:19:27","date_gmt":"2026-04-23T00:19:27","guid":{"rendered":"https:\/\/dev6.erresse-shop.it\/shop\/sin%20categor\u00eda\/smeg-aesthetic-50s-hervidor-azul-temperatura-variable\/"},"modified":"2025-09-14T07:30:46","modified_gmt":"2025-09-14T05:30:46","slug":"smeg-aesthetic-50s-hervidor-azul-temperatura-variable","status":"publish","type":"product","link":"https:\/\/dev6.erresse-shop.it\/es\/shop\/pequenos-electrodomesticos\/hervidores-electricos\/smeg-aesthetic-50s-hervidor-azul-temperatura-variable\/","title":{"rendered":"SMEG Aesthetic 50s Hervidor Azul &#8211; Temperatura variable"},"content":{"rendered":"<p>Serie SMEG 50s<\/p>\n<p>Objetos de encuentro simb\u00f3lico, iconos que transforman el espacio que ocupan, los nuevos peque\u00f1os de la l\u00ednea Anni \u201950s, dise\u00f1ados en colaboraci\u00f3n con Matteo Bazzicalupo y Raffaella Mangiarotti de deepdesign, evocan otros tiempos y dan forma a los lugares cotidianos, invirtiendo lo que ya existe o ha existido con un nuevo significado, como ocurre en el arte y la memoria.<br \/>\nProductos con formas redondeadas y compactas, son protagonistas de la cocina, dise\u00f1ados para quienes desean tener una experiencia de chef pero no s\u00f3lo. Para los amantes de rodearse de objetos con un fuerte car\u00e1cter est\u00e9tico sin perder de vista las prestaciones de alta calidad.<\/p>\n<p>RENDIMIENTO Y ESTILO<br \/>\nCon su mezcla de tecnolog\u00eda y estilo ligeramente retro, el hervidor de Smeg hace que cada momento sea especial, desde el desayuno hasta el t\u00e9 de las cinco, desde una pausa r\u00e1pida hasta el relax de la noche. En un abrir y cerrar de ojos calienta el agua de forma precisa y eficaz. E incluso cuando no se usa, es una pena esconderlo, porque amuebla la cocina con la armon\u00eda de su forma y su color original.<\/p>\n<p>M\u00c1XIMA EFICACIA<br \/>\nCalienta el agua de forma precisa y eficaz en un instante. R\u00e1pida, segura y fiable, tiene una capacidad de 1,7 l, un cuerpo de acero inoxidable, una pr\u00e1ctica base con pies antideslizantes y un filtro anticalc\u00e1reo de acero inoxidable extra\u00edble y lavable.<\/p>\n<p>EST\u00c9TICA<\/p>\n<p>Cuerpo de acero inoxidable pintado<br \/>\nLogotipo 3D<br \/>\nBase de cromo pulido<br \/>\nPomo de la palanca de activaci\u00f3n del ciclo en acero inoxidable<br \/>\nCa\u00f1o de acero inoxidable<br \/>\nMango cromado<\/p>\n<p>CARACTER\u00cdSTICAS T\u00c9CNICAS<\/p>\n<p>Capacidad de la jarra 1,7 Lt\/ 7 tazas<br \/>\n7 niveles de temperatura: 50\u00b0 C, 60\u00b0 C, 70\u00b0 C, 80\u00b0 C, 90\u00b0 C, 95\u00b0 C, 100\u00b0 C<br \/>\nApertura de la tapa con sistema \u201cSoft Opening<br \/>\nDoble indicador de nivel de agua Lt\/taza<br \/>\nFiltro de cal de acero inoxidable, extra\u00edble<br \/>\nDesconexi\u00f3n autom\u00e1tica al alcanzar la temperatura<br \/>\nDesconexi\u00f3n autom\u00e1tica en ausencia de agua<br \/>\nBase con conexi\u00f3n de 360\u00ba<br \/>\nElemento calefactor oculto<br \/>\nCompartimento para bobinas de cable integrado<br \/>\nPies antideslizantes<br \/>\nPotencia 2400 W<br \/>\nLongitud del cable 1 m<\/p>\n<p>ESPECIFICACIONES EL\u00c9CTRICAS<\/p>\n<p>Tensi\u00f3n 220-240 V<br \/>\nFrecuencia 50\/60 Hz<br \/>\nEnchufe Schuko<\/p>\n<p>No se vende fuera de Europa<\/p>\n","protected":false},"excerpt":{"rendered":"<p>Serie SMEG 50s Objetos de encuentro simb\u00f3lico, iconos que transforman el espacio que ocupan, los nuevos peque\u00f1os de la l\u00ednea Anni \u201950s, dise\u00f1ados en colaboraci\u00f3n con Matteo Bazzicalupo y Raffaella Mangiarotti de deepdesign, evocan otros tiempos y dan forma a los lugares cotidianos, invirtiendo lo que ya existe o ha existido con un nuevo significado, [&hellip;]<\/p>\n","protected":false},"featured_media":6840842,"template":"","meta":{"_acf_changed":false},"product_cat":[11734,11950,11947],"product_tag":[],"class_list":{"0":"post-1876038","1":"product","2":"type-product","3":"status-publish","4":"has-post-thumbnail","6":"product_cat-bollitori-elettrici","7":"product_cat-hervidores-electricos","8":"product_cat-pequenos-electrodomesticos","10":"first","11":"outofstock","12":"sale","13":"taxable","14":"shipping-taxable","15":"purchasable","16":"product-type-simple","swatches":"rey-swatches","show_selected":"","stretch_labels":"rey-swatches--stretch-labels"},"acf":[],"yoast_head":"<!-- This site is optimized with the Yoast SEO plugin v25.4 - https:\/\/yoast.com\/wordpress\/plugins\/seo\/ -->\n<title>SMEG Aesthetic 50s Hervidor Azul &#8211; Temperatura variable - dev6 Erresse<\/title>\n<meta name=\"description\" content=\"Serie SMEG 50s Objetos de encuentro simb\u00f3lico, iconos que transforman el espacio que ocupan, los nuevos peque\u00f1os de la l\u00ednea Anni \u201950s, dise\u00f1ados en\" \/>\n<meta name=\"robots\" content=\"noindex, follow, max-snippet:-1, max-image-preview:large, max-video-preview:-1\" \/>\n<meta property=\"og:locale\" content=\"es_ES\" \/>\n<meta property=\"og:type\" content=\"article\" \/>\n<meta property=\"og:title\" content=\"SMEG Aesthetic 50s Hervidor Azul &#8211; Temperatura variable - dev6 Erresse\" \/>\n<meta property=\"og:description\" content=\"Serie SMEG 50s Objetos de encuentro simb\u00f3lico, iconos que transforman el espacio que ocupan, los nuevos peque\u00f1os de la l\u00ednea Anni \u201950s, dise\u00f1ados en\" \/>\n<meta property=\"og:url\" content=\"https:\/\/dev6.erresse-shop.it\/es\/shop\/pequenos-electrodomesticos\/hervidores-electricos\/smeg-aesthetic-50s-hervidor-azul-temperatura-variable\/\" \/>\n<meta property=\"og:site_name\" content=\"dev6 Erresse\" \/>\n<meta property=\"og:image\" content=\"https:\/\/interpim.erresse-shop.it\/Import\/Prodotti\/smeg-estetica-anni-50-bollitore-azzurro-temperatura-variabile.jpg\" \/><meta property=\"og:image\" content=\"https:\/\/interpim.erresse-shop.it\/Import\/Prodotti\/smeg-estetica-anni-50-bollitore-azzurro-temperatura-variabile.jpg\" \/>\n\t<meta property=\"og:image:width\" content=\"1024\" \/>\n\t<meta property=\"og:image:height\" content=\"1024\" \/>\n\t<meta property=\"og:image:type\" content=\"image\/jpeg\" \/>\n<meta name=\"twitter:card\" content=\"summary_large_image\" \/>\n<meta name=\"twitter:image\" content=\"https:\/\/interpim.erresse-shop.it\/Import\/Prodotti\/smeg-estetica-anni-50-bollitore-azzurro-temperatura-variabile.jpg\" \/>\n<script type=\"application\/ld+json\" class=\"yoast-schema-graph\">{\"@context\":\"https:\/\/schema.org\",\"@graph\":[{\"@type\":\"WebPage\",\"@id\":\"https:\/\/dev6.erresse-shop.it\/es\/shop\/pequenos-electrodomesticos\/hervidores-electricos\/smeg-aesthetic-50s-hervidor-azul-temperatura-variable\/\",\"url\":\"https:\/\/dev6.erresse-shop.it\/es\/shop\/pequenos-electrodomesticos\/hervidores-electricos\/smeg-aesthetic-50s-hervidor-azul-temperatura-variable\/\",\"name\":\"SMEG Aesthetic 50s Hervidor Azul &#8211; Temperatura variable - dev6 Erresse\",\"isPartOf\":{\"@id\":\"https:\/\/dev6.erresse-shop.it\/#website\"},\"primaryImageOfPage\":{\"@id\":\"https:\/\/dev6.erresse-shop.it\/es\/shop\/pequenos-electrodomesticos\/hervidores-electricos\/smeg-aesthetic-50s-hervidor-azul-temperatura-variable\/#primaryimage\"},\"image\":{\"@id\":\"https:\/\/dev6.erresse-shop.it\/es\/shop\/pequenos-electrodomesticos\/hervidores-electricos\/smeg-aesthetic-50s-hervidor-azul-temperatura-variable\/#primaryimage\"},\"thumbnailUrl\":\"https:\/\/i0.wp.com\/interpim.erresse-shop.it\/Import\/Prodotti\/smeg-estetica-anni-50-bollitore-azzurro-temperatura-variabile.jpg?ssl=1\",\"datePublished\":\"2026-04-23T00:19:27+00:00\",\"description\":\"Serie SMEG 50s Objetos de encuentro simb\u00f3lico, iconos que transforman el espacio que ocupan, los nuevos peque\u00f1os de la l\u00ednea Anni \u201950s, dise\u00f1ados en\",\"breadcrumb\":{\"@id\":\"https:\/\/dev6.erresse-shop.it\/es\/shop\/pequenos-electrodomesticos\/hervidores-electricos\/smeg-aesthetic-50s-hervidor-azul-temperatura-variable\/#breadcrumb\"},\"inLanguage\":\"es\",\"potentialAction\":[{\"@type\":\"ReadAction\",\"target\":[\"https:\/\/dev6.erresse-shop.it\/es\/shop\/pequenos-electrodomesticos\/hervidores-electricos\/smeg-aesthetic-50s-hervidor-azul-temperatura-variable\/\"]}]},{\"@type\":\"ImageObject\",\"inLanguage\":\"es\",\"@id\":\"https:\/\/dev6.erresse-shop.it\/es\/shop\/pequenos-electrodomesticos\/hervidores-electricos\/smeg-aesthetic-50s-hervidor-azul-temperatura-variable\/#primaryimage\",\"url\":\"https:\/\/i0.wp.com\/interpim.erresse-shop.it\/Import\/Prodotti\/smeg-estetica-anni-50-bollitore-azzurro-temperatura-variabile.jpg?ssl=1\",\"contentUrl\":\"https:\/\/i0.wp.com\/interpim.erresse-shop.it\/Import\/Prodotti\/smeg-estetica-anni-50-bollitore-azzurro-temperatura-variabile.jpg?ssl=1\"},{\"@type\":\"BreadcrumbList\",\"@id\":\"https:\/\/dev6.erresse-shop.it\/es\/shop\/pequenos-electrodomesticos\/hervidores-electricos\/smeg-aesthetic-50s-hervidor-azul-temperatura-variable\/#breadcrumb\",\"itemListElement\":[{\"@type\":\"ListItem\",\"position\":1,\"name\":\"Home\",\"item\":\"https:\/\/dev6.erresse-shop.it\/\"},{\"@type\":\"ListItem\",\"position\":2,\"name\":\"Tienda\",\"item\":\"https:\/\/dev6.erresse-shop.it\/shop\/\"},{\"@type\":\"ListItem\",\"position\":3,\"name\":\"SMEG Aesthetic 50s Hervidor Azul &#8211; Temperatura variable\"}]},{\"@type\":\"WebSite\",\"@id\":\"https:\/\/dev6.erresse-shop.it\/#website\",\"url\":\"https:\/\/dev6.erresse-shop.it\/\",\"name\":\"Erresse Shop\",\"description\":\"\",\"publisher\":{\"@id\":\"https:\/\/dev6.erresse-shop.it\/#organization\"},\"potentialAction\":[{\"@type\":\"SearchAction\",\"target\":{\"@type\":\"EntryPoint\",\"urlTemplate\":\"https:\/\/dev6.erresse-shop.it\/?s={search_term_string}\"},\"query-input\":{\"@type\":\"PropertyValueSpecification\",\"valueRequired\":true,\"valueName\":\"search_term_string\"}}],\"inLanguage\":\"es\"},{\"@type\":\"Organization\",\"@id\":\"https:\/\/dev6.erresse-shop.it\/#organization\",\"name\":\"Erresse Shop\",\"url\":\"https:\/\/dev6.erresse-shop.it\/\",\"logo\":{\"@type\":\"ImageObject\",\"inLanguage\":\"es\",\"@id\":\"https:\/\/dev6.erresse-shop.it\/#\/schema\/logo\/image\/\",\"url\":\"https:\/\/dev6.erresse-shop.it\/wp-content\/uploads\/2025\/01\/LOGO-ERRESSE-CLASSICO.svg\",\"contentUrl\":\"https:\/\/dev6.erresse-shop.it\/wp-content\/uploads\/2025\/01\/LOGO-ERRESSE-CLASSICO.svg\",\"caption\":\"Erresse Shop\"},\"image\":{\"@id\":\"https:\/\/dev6.erresse-shop.it\/#\/schema\/logo\/image\/\"}}]}<\/script>\n<!-- \/ Yoast SEO plugin. -->","yoast_head_json":{"title":"SMEG Aesthetic 50s Hervidor Azul &#8211; Temperatura variable - dev6 Erresse","description":"Serie SMEG 50s Objetos de encuentro simb\u00f3lico, iconos que transforman el espacio que ocupan, los nuevos peque\u00f1os de la l\u00ednea Anni \u201950s, dise\u00f1ados en","robots":{"index":"noindex","follow":"follow","max-snippet":"max-snippet:-1","max-image-preview":"max-image-preview:large","max-video-preview":"max-video-preview:-1"},"og_locale":"es_ES","og_type":"article","og_title":"SMEG Aesthetic 50s Hervidor Azul &#8211; Temperatura variable - dev6 Erresse","og_description":"Serie SMEG 50s Objetos de encuentro simb\u00f3lico, iconos que transforman el espacio que ocupan, los nuevos peque\u00f1os de la l\u00ednea Anni \u201950s, dise\u00f1ados en","og_url":"https:\/\/dev6.erresse-shop.it\/es\/shop\/pequenos-electrodomesticos\/hervidores-electricos\/smeg-aesthetic-50s-hervidor-azul-temperatura-variable\/","og_site_name":"dev6 Erresse","og_image":[{"url":"https:\/\/interpim.erresse-shop.it\/Import\/Prodotti\/smeg-estetica-anni-50-bollitore-azzurro-temperatura-variabile.jpg","type":"","width":"","height":""},{"url":"https:\/\/interpim.erresse-shop.it\/Import\/Prodotti\/smeg-estetica-anni-50-bollitore-azzurro-temperatura-variabile.jpg","width":1024,"height":1024,"type":"image\/jpeg"}],"twitter_card":"summary_large_image","twitter_image":"https:\/\/interpim.erresse-shop.it\/Import\/Prodotti\/smeg-estetica-anni-50-bollitore-azzurro-temperatura-variabile.jpg","schema":{"@context":"https:\/\/schema.org","@graph":[{"@type":"WebPage","@id":"https:\/\/dev6.erresse-shop.it\/es\/shop\/pequenos-electrodomesticos\/hervidores-electricos\/smeg-aesthetic-50s-hervidor-azul-temperatura-variable\/","url":"https:\/\/dev6.erresse-shop.it\/es\/shop\/pequenos-electrodomesticos\/hervidores-electricos\/smeg-aesthetic-50s-hervidor-azul-temperatura-variable\/","name":"SMEG Aesthetic 50s Hervidor Azul &#8211; Temperatura variable - dev6 Erresse","isPartOf":{"@id":"https:\/\/dev6.erresse-shop.it\/#website"},"primaryImageOfPage":{"@id":"https:\/\/dev6.erresse-shop.it\/es\/shop\/pequenos-electrodomesticos\/hervidores-electricos\/smeg-aesthetic-50s-hervidor-azul-temperatura-variable\/#primaryimage"},"image":{"@id":"https:\/\/dev6.erresse-shop.it\/es\/shop\/pequenos-electrodomesticos\/hervidores-electricos\/smeg-aesthetic-50s-hervidor-azul-temperatura-variable\/#primaryimage"},"thumbnailUrl":"https:\/\/i0.wp.com\/interpim.erresse-shop.it\/Import\/Prodotti\/smeg-estetica-anni-50-bollitore-azzurro-temperatura-variabile.jpg?ssl=1","datePublished":"2026-04-23T00:19:27+00:00","description":"Serie SMEG 50s Objetos de encuentro simb\u00f3lico, iconos que transforman el espacio que ocupan, los nuevos peque\u00f1os de la l\u00ednea Anni \u201950s, dise\u00f1ados en","breadcrumb":{"@id":"https:\/\/dev6.erresse-shop.it\/es\/shop\/pequenos-electrodomesticos\/hervidores-electricos\/smeg-aesthetic-50s-hervidor-azul-temperatura-variable\/#breadcrumb"},"inLanguage":"es","potentialAction":[{"@type":"ReadAction","target":["https:\/\/dev6.erresse-shop.it\/es\/shop\/pequenos-electrodomesticos\/hervidores-electricos\/smeg-aesthetic-50s-hervidor-azul-temperatura-variable\/"]}]},{"@type":"ImageObject","inLanguage":"es","@id":"https:\/\/dev6.erresse-shop.it\/es\/shop\/pequenos-electrodomesticos\/hervidores-electricos\/smeg-aesthetic-50s-hervidor-azul-temperatura-variable\/#primaryimage","url":"https:\/\/i0.wp.com\/interpim.erresse-shop.it\/Import\/Prodotti\/smeg-estetica-anni-50-bollitore-azzurro-temperatura-variabile.jpg?ssl=1","contentUrl":"https:\/\/i0.wp.com\/interpim.erresse-shop.it\/Import\/Prodotti\/smeg-estetica-anni-50-bollitore-azzurro-temperatura-variabile.jpg?ssl=1"},{"@type":"BreadcrumbList","@id":"https:\/\/dev6.erresse-shop.it\/es\/shop\/pequenos-electrodomesticos\/hervidores-electricos\/smeg-aesthetic-50s-hervidor-azul-temperatura-variable\/#breadcrumb","itemListElement":[{"@type":"ListItem","position":1,"name":"Home","item":"https:\/\/dev6.erresse-shop.it\/"},{"@type":"ListItem","position":2,"name":"Tienda","item":"https:\/\/dev6.erresse-shop.it\/shop\/"},{"@type":"ListItem","position":3,"name":"SMEG Aesthetic 50s Hervidor Azul &#8211; Temperatura variable"}]},{"@type":"WebSite","@id":"https:\/\/dev6.erresse-shop.it\/#website","url":"https:\/\/dev6.erresse-shop.it\/","name":"Erresse Shop","description":"","publisher":{"@id":"https:\/\/dev6.erresse-shop.it\/#organization"},"potentialAction":[{"@type":"SearchAction","target":{"@type":"EntryPoint","urlTemplate":"https:\/\/dev6.erresse-shop.it\/?s={search_term_string}"},"query-input":{"@type":"PropertyValueSpecification","valueRequired":true,"valueName":"search_term_string"}}],"inLanguage":"es"},{"@type":"Organization","@id":"https:\/\/dev6.erresse-shop.it\/#organization","name":"Erresse Shop","url":"https:\/\/dev6.erresse-shop.it\/","logo":{"@type":"ImageObject","inLanguage":"es","@id":"https:\/\/dev6.erresse-shop.it\/#\/schema\/logo\/image\/","url":"https:\/\/dev6.erresse-shop.it\/wp-content\/uploads\/2025\/01\/LOGO-ERRESSE-CLASSICO.svg","contentUrl":"https:\/\/dev6.erresse-shop.it\/wp-content\/uploads\/2025\/01\/LOGO-ERRESSE-CLASSICO.svg","caption":"Erresse Shop"},"image":{"@id":"https:\/\/dev6.erresse-shop.it\/#\/schema\/logo\/image\/"}}]}},"df_price":179.95,"df_sale_price":179.95,"df_regular_price":199,"df_image_link":"https:\/\/i0.wp.com\/interpim.erresse-shop.it\/Import\/Prodotti\/smeg-estetica-anni-50-bollitore-azzurro-temperatura-variabile.jpg?resize=300,300&ssl=1","fifu_image_url":"https:\/\/interpim.erresse-shop.it\/Import\/Prodotti\/smeg-estetica-anni-50-bollitore-azzurro-temperatura-variabile.jpg","_links":{"self":[{"href":"https:\/\/dev6.erresse-shop.it\/es\/wp-json\/wp\/v2\/product\/1876038","targetHints":{"allow":["GET"]}}],"collection":[{"href":"https:\/\/dev6.erresse-shop.it\/es\/wp-json\/wp\/v2\/product"}],"about":[{"href":"https:\/\/dev6.erresse-shop.it\/es\/wp-json\/wp\/v2\/types\/product"}],"wp:featuredmedia":[{"embeddable":true,"href":"https:\/\/dev6.erresse-shop.it\/es\/wp-json\/wp\/v2\/media\/6840842"}],"wp:attachment":[{"href":"https:\/\/dev6.erresse-shop.it\/es\/wp-json\/wp\/v2\/media?parent=1876038"}],"wp:term":[{"taxonomy":"product_cat","embeddable":true,"href":"https:\/\/dev6.erresse-shop.it\/es\/wp-json\/wp\/v2\/product_cat?post=1876038"},{"taxonomy":"product_tag","embeddable":true,"href":"https:\/\/dev6.erresse-shop.it\/es\/wp-json\/wp\/v2\/product_tag?post=1876038"}],"curies":[{"name":"wp","href":"https:\/\/api.w.org\/{rel}","templated":true}]}}