{"id":1875906,"date":"2026-04-12T08:10:10","date_gmt":"2026-04-12T06:10:10","guid":{"rendered":"https:\/\/dev6.erresse-shop.it\/shop\/sin%20categor\u00eda\/ruffoni-historia-decor-tapa-18-cm\/"},"modified":"2025-09-14T07:29:01","modified_gmt":"2025-09-14T05:29:01","slug":"ruffoni-historia-decor-tapa-18-cm","status":"publish","type":"product","link":"https:\/\/dev6.erresse-shop.it\/es\/shop\/sartenes-y-ollas\/tapas\/ruffoni-historia-decor-tapa-18-cm\/","title":{"rendered":"RUFFONI Historia Decor Tapa 18 cm"},"content":{"rendered":"<p>La elaboraci\u00f3n del cobre es una verdadera pasi\u00f3n para la empresa Ruffoni, el logro de los m\u00e1s altos est\u00e1ndares de calidad es su principal objetivo, superar todas las normas mundiales en materia de seguridad para la liberaci\u00f3n de plomo en los productos alimenticios es un deber fundamental al que siempre se ha adherido estrictamente. La gran estima que el equipo de Ruffoni tiene por su trabajo hace que act\u00fae con la m\u00e1xima escrupulosidad, utilizando materiales reciclables tanto para los productos como para los envases, y prefiriendo las t\u00e9cnicas manuales a los m\u00e9todos de procesamiento qu\u00edmico y mec\u00e1nico m\u00e1s baratos.<\/p>\n<p>EL PRODUCTONuestra filosof\u00eda es producir objetos profesionales, pero sin exagerar, porque siempre hemos favorecido la utilidad, la sencillez de uso y los acabados precisos. En cuanto al \u00e9xito de una comida, en la realizaci\u00f3n de cada una de estas piezas consideramos fundamental la elecci\u00f3n de los ingredientes y el m\u00e9todo de trabajo.<\/p>\n<p>COBRES\u00f3lo compramos a proveedores certificados y el grosor utilizado se determina en funci\u00f3n del producto y del tipo de cocci\u00f3n.<\/p>\n<p>HISTORIA DECORADACreaciones legendarias que adquieren la dignidad de una pieza \u00fanica y reviven siglos de historia, experiencia y tradiciones populares. Elaborados a partir de l\u00e1minas de cobre macizo y esta\u00f1ados a mano sobre el fuego con el esta\u00f1o m\u00e1s puro, gracias a las asas y a los adornos de bronce fundido que embellecen las tapas, se convierten en temas de importancia regia. Insuperables en cuanto a conductividad t\u00e9rmica y perfecto control de la temperatura, son ideales para cocinar a gas o en el horno.Estas obras de arte martilladas a mano, con asas de acero inoxidable fundido con acentos de cobre, son capaces de satisfacer todas las necesidades y ganarse un lugar de prestigio en todas las mesas.<\/p>\n<p>Para usar en el horno y en cualquier elemento de calefacci\u00f3n (excepto la inducci\u00f3n).<\/p>\n","protected":false},"excerpt":{"rendered":"<p>La elaboraci\u00f3n del cobre es una verdadera pasi\u00f3n para la empresa Ruffoni, el logro de los m\u00e1s altos est\u00e1ndares de calidad es su principal objetivo, superar todas las normas mundiales en materia de seguridad para la liberaci\u00f3n de plomo en los productos alimenticios es un deber fundamental al que siempre se ha adherido estrictamente. La [&hellip;]<\/p>\n","protected":false},"featured_media":6342165,"template":"","meta":{"_acf_changed":false},"product_cat":[11667,11883,11914],"product_tag":[],"class_list":{"0":"post-1875906","1":"product","2":"type-product","3":"status-publish","4":"has-post-thumbnail","6":"product_cat-padelle-pentole","7":"product_cat-sartenes-y-ollas","8":"product_cat-tapas","10":"first","11":"outofstock","12":"sale","13":"taxable","14":"shipping-taxable","15":"purchasable","16":"product-type-simple","swatches":"rey-swatches","show_selected":"","stretch_labels":"rey-swatches--stretch-labels"},"acf":[],"yoast_head":"<!-- This site is optimized with the Yoast SEO plugin v25.4 - https:\/\/yoast.com\/wordpress\/plugins\/seo\/ -->\n<title>RUFFONI Historia Decor Tapa 18 cm - dev6 Erresse<\/title>\n<meta name=\"description\" content=\"La elaboraci\u00f3n del cobre es una verdadera pasi\u00f3n para la empresa Ruffoni, el logro de los m\u00e1s altos est\u00e1ndares de calidad es su principal objetivo,\" \/>\n<meta name=\"robots\" content=\"noindex, follow, max-snippet:-1, max-image-preview:large, max-video-preview:-1\" \/>\n<meta property=\"og:locale\" content=\"es_ES\" \/>\n<meta property=\"og:type\" content=\"article\" \/>\n<meta property=\"og:title\" content=\"RUFFONI Historia Decor Tapa 18 cm - dev6 Erresse\" \/>\n<meta property=\"og:description\" content=\"La elaboraci\u00f3n del cobre es una verdadera pasi\u00f3n para la empresa Ruffoni, el logro de los m\u00e1s altos est\u00e1ndares de calidad es su principal objetivo,\" \/>\n<meta property=\"og:url\" content=\"https:\/\/dev6.erresse-shop.it\/es\/shop\/sartenes-y-ollas\/tapas\/ruffoni-historia-decor-tapa-18-cm\/\" \/>\n<meta property=\"og:site_name\" content=\"dev6 Erresse\" \/>\n<meta property=\"og:image\" content=\"https:\/\/interpim.erresse-shop.it\/Import\/Prodotti\/products-3101b.jpg\" \/><meta property=\"og:image\" content=\"https:\/\/interpim.erresse-shop.it\/Import\/Prodotti\/products-3101b.jpg\" \/>\n\t<meta property=\"og:image:width\" content=\"1024\" \/>\n\t<meta property=\"og:image:height\" content=\"1024\" \/>\n\t<meta property=\"og:image:type\" content=\"image\/jpeg\" \/>\n<meta name=\"twitter:card\" content=\"summary_large_image\" \/>\n<meta name=\"twitter:image\" content=\"https:\/\/interpim.erresse-shop.it\/Import\/Prodotti\/products-3101b.jpg\" \/>\n<script type=\"application\/ld+json\" class=\"yoast-schema-graph\">{\"@context\":\"https:\/\/schema.org\",\"@graph\":[{\"@type\":\"WebPage\",\"@id\":\"https:\/\/dev6.erresse-shop.it\/es\/shop\/sartenes-y-ollas\/tapas\/ruffoni-historia-decor-tapa-18-cm\/\",\"url\":\"https:\/\/dev6.erresse-shop.it\/es\/shop\/sartenes-y-ollas\/tapas\/ruffoni-historia-decor-tapa-18-cm\/\",\"name\":\"RUFFONI Historia Decor Tapa 18 cm - dev6 Erresse\",\"isPartOf\":{\"@id\":\"https:\/\/dev6.erresse-shop.it\/#website\"},\"primaryImageOfPage\":{\"@id\":\"https:\/\/dev6.erresse-shop.it\/es\/shop\/sartenes-y-ollas\/tapas\/ruffoni-historia-decor-tapa-18-cm\/#primaryimage\"},\"image\":{\"@id\":\"https:\/\/dev6.erresse-shop.it\/es\/shop\/sartenes-y-ollas\/tapas\/ruffoni-historia-decor-tapa-18-cm\/#primaryimage\"},\"thumbnailUrl\":\"https:\/\/i2.wp.com\/interpim.erresse-shop.it\/Import\/Prodotti\/products-3101b.jpg?ssl=1\",\"datePublished\":\"2026-04-12T06:10:10+00:00\",\"description\":\"La elaboraci\u00f3n del cobre es una verdadera pasi\u00f3n para la empresa Ruffoni, el logro de los m\u00e1s altos est\u00e1ndares de calidad es su principal objetivo,\",\"breadcrumb\":{\"@id\":\"https:\/\/dev6.erresse-shop.it\/es\/shop\/sartenes-y-ollas\/tapas\/ruffoni-historia-decor-tapa-18-cm\/#breadcrumb\"},\"inLanguage\":\"es\",\"potentialAction\":[{\"@type\":\"ReadAction\",\"target\":[\"https:\/\/dev6.erresse-shop.it\/es\/shop\/sartenes-y-ollas\/tapas\/ruffoni-historia-decor-tapa-18-cm\/\"]}]},{\"@type\":\"ImageObject\",\"inLanguage\":\"es\",\"@id\":\"https:\/\/dev6.erresse-shop.it\/es\/shop\/sartenes-y-ollas\/tapas\/ruffoni-historia-decor-tapa-18-cm\/#primaryimage\",\"url\":\"https:\/\/i2.wp.com\/interpim.erresse-shop.it\/Import\/Prodotti\/products-3101b.jpg?ssl=1\",\"contentUrl\":\"https:\/\/i2.wp.com\/interpim.erresse-shop.it\/Import\/Prodotti\/products-3101b.jpg?ssl=1\"},{\"@type\":\"BreadcrumbList\",\"@id\":\"https:\/\/dev6.erresse-shop.it\/es\/shop\/sartenes-y-ollas\/tapas\/ruffoni-historia-decor-tapa-18-cm\/#breadcrumb\",\"itemListElement\":[{\"@type\":\"ListItem\",\"position\":1,\"name\":\"Home\",\"item\":\"https:\/\/dev6.erresse-shop.it\/\"},{\"@type\":\"ListItem\",\"position\":2,\"name\":\"Tienda\",\"item\":\"https:\/\/dev6.erresse-shop.it\/shop\/\"},{\"@type\":\"ListItem\",\"position\":3,\"name\":\"RUFFONI Historia Decor Tapa 18 cm\"}]},{\"@type\":\"WebSite\",\"@id\":\"https:\/\/dev6.erresse-shop.it\/#website\",\"url\":\"https:\/\/dev6.erresse-shop.it\/\",\"name\":\"Erresse Shop\",\"description\":\"\",\"publisher\":{\"@id\":\"https:\/\/dev6.erresse-shop.it\/#organization\"},\"potentialAction\":[{\"@type\":\"SearchAction\",\"target\":{\"@type\":\"EntryPoint\",\"urlTemplate\":\"https:\/\/dev6.erresse-shop.it\/?s={search_term_string}\"},\"query-input\":{\"@type\":\"PropertyValueSpecification\",\"valueRequired\":true,\"valueName\":\"search_term_string\"}}],\"inLanguage\":\"es\"},{\"@type\":\"Organization\",\"@id\":\"https:\/\/dev6.erresse-shop.it\/#organization\",\"name\":\"Erresse Shop\",\"url\":\"https:\/\/dev6.erresse-shop.it\/\",\"logo\":{\"@type\":\"ImageObject\",\"inLanguage\":\"es\",\"@id\":\"https:\/\/dev6.erresse-shop.it\/#\/schema\/logo\/image\/\",\"url\":\"https:\/\/dev6.erresse-shop.it\/wp-content\/uploads\/2025\/01\/LOGO-ERRESSE-CLASSICO.svg\",\"contentUrl\":\"https:\/\/dev6.erresse-shop.it\/wp-content\/uploads\/2025\/01\/LOGO-ERRESSE-CLASSICO.svg\",\"caption\":\"Erresse Shop\"},\"image\":{\"@id\":\"https:\/\/dev6.erresse-shop.it\/#\/schema\/logo\/image\/\"}}]}<\/script>\n<!-- \/ Yoast SEO plugin. -->","yoast_head_json":{"title":"RUFFONI Historia Decor Tapa 18 cm - dev6 Erresse","description":"La elaboraci\u00f3n del cobre es una verdadera pasi\u00f3n para la empresa Ruffoni, el logro de los m\u00e1s altos est\u00e1ndares de calidad es su principal objetivo,","robots":{"index":"noindex","follow":"follow","max-snippet":"max-snippet:-1","max-image-preview":"max-image-preview:large","max-video-preview":"max-video-preview:-1"},"og_locale":"es_ES","og_type":"article","og_title":"RUFFONI Historia Decor Tapa 18 cm - dev6 Erresse","og_description":"La elaboraci\u00f3n del cobre es una verdadera pasi\u00f3n para la empresa Ruffoni, el logro de los m\u00e1s altos est\u00e1ndares de calidad es su principal objetivo,","og_url":"https:\/\/dev6.erresse-shop.it\/es\/shop\/sartenes-y-ollas\/tapas\/ruffoni-historia-decor-tapa-18-cm\/","og_site_name":"dev6 Erresse","og_image":[{"url":"https:\/\/interpim.erresse-shop.it\/Import\/Prodotti\/products-3101b.jpg","type":"","width":"","height":""},{"url":"https:\/\/interpim.erresse-shop.it\/Import\/Prodotti\/products-3101b.jpg","width":1024,"height":1024,"type":"image\/jpeg"}],"twitter_card":"summary_large_image","twitter_image":"https:\/\/interpim.erresse-shop.it\/Import\/Prodotti\/products-3101b.jpg","schema":{"@context":"https:\/\/schema.org","@graph":[{"@type":"WebPage","@id":"https:\/\/dev6.erresse-shop.it\/es\/shop\/sartenes-y-ollas\/tapas\/ruffoni-historia-decor-tapa-18-cm\/","url":"https:\/\/dev6.erresse-shop.it\/es\/shop\/sartenes-y-ollas\/tapas\/ruffoni-historia-decor-tapa-18-cm\/","name":"RUFFONI Historia Decor Tapa 18 cm - dev6 Erresse","isPartOf":{"@id":"https:\/\/dev6.erresse-shop.it\/#website"},"primaryImageOfPage":{"@id":"https:\/\/dev6.erresse-shop.it\/es\/shop\/sartenes-y-ollas\/tapas\/ruffoni-historia-decor-tapa-18-cm\/#primaryimage"},"image":{"@id":"https:\/\/dev6.erresse-shop.it\/es\/shop\/sartenes-y-ollas\/tapas\/ruffoni-historia-decor-tapa-18-cm\/#primaryimage"},"thumbnailUrl":"https:\/\/i2.wp.com\/interpim.erresse-shop.it\/Import\/Prodotti\/products-3101b.jpg?ssl=1","datePublished":"2026-04-12T06:10:10+00:00","description":"La elaboraci\u00f3n del cobre es una verdadera pasi\u00f3n para la empresa Ruffoni, el logro de los m\u00e1s altos est\u00e1ndares de calidad es su principal objetivo,","breadcrumb":{"@id":"https:\/\/dev6.erresse-shop.it\/es\/shop\/sartenes-y-ollas\/tapas\/ruffoni-historia-decor-tapa-18-cm\/#breadcrumb"},"inLanguage":"es","potentialAction":[{"@type":"ReadAction","target":["https:\/\/dev6.erresse-shop.it\/es\/shop\/sartenes-y-ollas\/tapas\/ruffoni-historia-decor-tapa-18-cm\/"]}]},{"@type":"ImageObject","inLanguage":"es","@id":"https:\/\/dev6.erresse-shop.it\/es\/shop\/sartenes-y-ollas\/tapas\/ruffoni-historia-decor-tapa-18-cm\/#primaryimage","url":"https:\/\/i2.wp.com\/interpim.erresse-shop.it\/Import\/Prodotti\/products-3101b.jpg?ssl=1","contentUrl":"https:\/\/i2.wp.com\/interpim.erresse-shop.it\/Import\/Prodotti\/products-3101b.jpg?ssl=1"},{"@type":"BreadcrumbList","@id":"https:\/\/dev6.erresse-shop.it\/es\/shop\/sartenes-y-ollas\/tapas\/ruffoni-historia-decor-tapa-18-cm\/#breadcrumb","itemListElement":[{"@type":"ListItem","position":1,"name":"Home","item":"https:\/\/dev6.erresse-shop.it\/"},{"@type":"ListItem","position":2,"name":"Tienda","item":"https:\/\/dev6.erresse-shop.it\/shop\/"},{"@type":"ListItem","position":3,"name":"RUFFONI Historia Decor Tapa 18 cm"}]},{"@type":"WebSite","@id":"https:\/\/dev6.erresse-shop.it\/#website","url":"https:\/\/dev6.erresse-shop.it\/","name":"Erresse Shop","description":"","publisher":{"@id":"https:\/\/dev6.erresse-shop.it\/#organization"},"potentialAction":[{"@type":"SearchAction","target":{"@type":"EntryPoint","urlTemplate":"https:\/\/dev6.erresse-shop.it\/?s={search_term_string}"},"query-input":{"@type":"PropertyValueSpecification","valueRequired":true,"valueName":"search_term_string"}}],"inLanguage":"es"},{"@type":"Organization","@id":"https:\/\/dev6.erresse-shop.it\/#organization","name":"Erresse Shop","url":"https:\/\/dev6.erresse-shop.it\/","logo":{"@type":"ImageObject","inLanguage":"es","@id":"https:\/\/dev6.erresse-shop.it\/#\/schema\/logo\/image\/","url":"https:\/\/dev6.erresse-shop.it\/wp-content\/uploads\/2025\/01\/LOGO-ERRESSE-CLASSICO.svg","contentUrl":"https:\/\/dev6.erresse-shop.it\/wp-content\/uploads\/2025\/01\/LOGO-ERRESSE-CLASSICO.svg","caption":"Erresse Shop"},"image":{"@id":"https:\/\/dev6.erresse-shop.it\/#\/schema\/logo\/image\/"}}]}},"df_price":89.95,"df_sale_price":89.95,"df_regular_price":126,"df_image_link":"https:\/\/i2.wp.com\/interpim.erresse-shop.it\/Import\/Prodotti\/products-3101b.jpg?resize=300,300&ssl=1","fifu_image_url":"https:\/\/interpim.erresse-shop.it\/Import\/Prodotti\/products-3101b.jpg","_links":{"self":[{"href":"https:\/\/dev6.erresse-shop.it\/es\/wp-json\/wp\/v2\/product\/1875906","targetHints":{"allow":["GET"]}}],"collection":[{"href":"https:\/\/dev6.erresse-shop.it\/es\/wp-json\/wp\/v2\/product"}],"about":[{"href":"https:\/\/dev6.erresse-shop.it\/es\/wp-json\/wp\/v2\/types\/product"}],"wp:featuredmedia":[{"embeddable":true,"href":"https:\/\/dev6.erresse-shop.it\/es\/wp-json\/wp\/v2\/media\/6342165"}],"wp:attachment":[{"href":"https:\/\/dev6.erresse-shop.it\/es\/wp-json\/wp\/v2\/media?parent=1875906"}],"wp:term":[{"taxonomy":"product_cat","embeddable":true,"href":"https:\/\/dev6.erresse-shop.it\/es\/wp-json\/wp\/v2\/product_cat?post=1875906"},{"taxonomy":"product_tag","embeddable":true,"href":"https:\/\/dev6.erresse-shop.it\/es\/wp-json\/wp\/v2\/product_tag?post=1875906"}],"curies":[{"name":"wp","href":"https:\/\/api.w.org\/{rel}","templated":true}]}}