{"id":1875858,"date":"2026-04-04T08:08:22","date_gmt":"2026-04-04T06:08:22","guid":{"rendered":"https:\/\/dev6.erresse-shop.it\/shop\/sin%20categor\u00eda\/smeg-maquina-de-cafe-aesthetic-50s-series-rojo\/"},"modified":"2025-07-04T21:06:20","modified_gmt":"2025-07-04T19:06:20","slug":"smeg-maquina-de-cafe-aesthetic-50s-series-rojo","status":"publish","type":"product","link":"https:\/\/dev6.erresse-shop.it\/es\/shop\/pequenos-electrodomesticos\/maquinas-de-cafe\/manual-es\/smeg-maquina-de-cafe-aesthetic-50s-series-rojo\/","title":{"rendered":"SMEG M\u00e1quina de Caf\u00e9 Aesthetic 50s Series Rojo"},"content":{"rendered":"<p>Serie SMEG 50s<\/p>\n<p>Objetos de encuentro simb\u00f3lico, iconos que transforman el espacio que ocupan, los nuevos peque\u00f1os de la l\u00ednea Anni \u201950s, dise\u00f1ados en colaboraci\u00f3n con Matteo Bazzicalupo y Raffaella Mangiarotti de deepdesign, evocan otros tiempos y dan forma a los lugares cotidianos, invirtiendo lo que ya existe o ha existido con un nuevo significado, como ocurre en el arte y la memoria.<br \/>\nProductos con formas redondeadas y compactas, son protagonistas de la cocina, dise\u00f1ados para quienes desean tener una experiencia de chef pero no s\u00f3lo. Para los que les gusta rodearse de objetos con un fuerte car\u00e1cter est\u00e9tico sin perder de vista las prestaciones de alta calidad.<\/p>\n<p>UNA TRADICI\u00d3N ITALIANA<br \/>\nEl aroma del aut\u00e9ntico espresso, el sabor de un cremoso capuchino o un delicioso latte macchiato preparados en la comodidad de su propia cocina. La tradici\u00f3n cafetera italiana se adentra en los espacios dom\u00e9sticos, conquistando los exigentes paladares de muchos amantes del L profundo.<\/p>\n<p>M\u00c1XIMA EFICACIA<\/p>\n<p>Panel de control de f\u00e1cil manejo. F\u00e1cil de usar y r\u00e1pida de manejar, la cafetera espresso SMEG facilita la preparaci\u00f3n de su caf\u00e9 favorito.<br \/>\nAlarma de descalcificaci\u00f3n: la m\u00e1quina le avisa cuando hay que descalcificar.<br \/>\nPortafiltros semiprofesional. En acero inoxidable con 3 filtros incluidos para c\u00e1psulas individuales, dobles y de papel.<br \/>\nEquipada con el sistema de calentamiento Thermoblock, que garantiza una preparaci\u00f3n m\u00e1s r\u00e1pida y un control preciso de la temperatura del agua para el caf\u00e9, el vapor o el agua caliente. Adem\u00e1s, gracias a sus 15 bares de presi\u00f3n, la nueva cafetera espresso de Smeg garantiza el mejor resultado para un excelente caf\u00e9 espresso.<br \/>\nEl sistema Cappuccino, al mezclar vapor, aire y leche, garantiza una espuma espesa y cremosa para que puedas preparar un excelente cappuccino en casa.<br \/>\nPor \u00faltimo, la posibilidad de retirar la bandeja de goteo para acomodar tazas grandes hace que la nueva cafetera sea muy vers\u00e1til.<\/p>\n<p>EST\u00c9TICA<br \/>\nAcabado: Brillante<br \/>\nEst\u00e9tica: Estilo 50\u2019s<br \/>\nMaterial del cuerpo: Acero inoxidable \/ pl\u00e1stico<br \/>\nColor de la base: Cromo pulido<br \/>\nMaterial de la base: pl\u00e1stico<br \/>\nMaterial del calentador de tazas: Acero inoxidable<br \/>\nMaterial de la ducha de la caldera: acero inoxidable<br \/>\nMaterial del portafiltro: Acero inoxidable<br \/>\nColor del brazo del portafiltros: Negro<br \/>\nMaterial del brazo del portafiltro: Pl\u00e1stico<br \/>\nMaterial de la boquilla de vapor\/agua caliente: Acero inoxidable<br \/>\nColor de la boquilla de vapor\/agua caliente: Negro<br \/>\nMaterial de la bandeja para tazas: acero inoxidable<br \/>\nColor de la bandeja para tazas grandes: Gris<br \/>\nMaterial de la bandeja para vasos grandes: pl\u00e1stico<br \/>\nMaterial de la bandeja de goteo: pl\u00e1stico<\/p>\n<p>FUNCIONES<br \/>\nFunci\u00f3n de caf\u00e9 individual: S\u00ed<br \/>\nFunci\u00f3n de caf\u00e9 doble: S\u00ed<br \/>\nLongitud de caf\u00e9 ajustable: S\u00ed<br \/>\nAjuste de agua programable: ligero\/medio\/duro<br \/>\nAviso de descalcificaci\u00f3n: S\u00ed<br \/>\nFunci\u00f3n de agua caliente para el t\u00e9 y otras bebidas: S\u00ed<br \/>\nFunci\u00f3n de espera ajustable: S\u00ed<br \/>\nEspera programable: 9 min\/30 min\/3 horas<br \/>\nTemperatura del caf\u00e9 ajustable: baja\/media\/alta<\/p>\n<p>COMANDOS<br \/>\nTipo de control: Botones, Palanca<br \/>\nMaterial de los botones: pl\u00e1stico<br \/>\nColor de los botones: Plata<br \/>\nN\u00b0 de botones: 3<\/p>\n<p>CARACTER\u00cdSTICAS T\u00c9CNICAS<br \/>\nSistema de calefacci\u00f3n: Thermoblock<br \/>\nPresi\u00f3n de la bomba: 15 bar<br \/>\nCapacidad del dep\u00f3sito de agua: 1 l<br \/>\nRecipiente de agua extra\u00edble: S\u00ed<br \/>\nBandeja de goteo: S\u00ed<br \/>\nCalentador de tazas: pasivo<br \/>\nVarilla de vapor: S\u00ed<br \/>\nBase antideslizante: S\u00ed<\/p>\n<p>ESPECIFICACIONES EL\u00c9CTRICAS<br \/>\nTensi\u00f3n: 220-240V<br \/>\nFrecuencia: 50\/60 Hz<br \/>\nPotencia: 1350 W<br \/>\nLongitud del cable: 1 m<\/p>\n<p>No se vende fuera de Europa<\/p>\n","protected":false},"excerpt":{"rendered":"<p>Serie SMEG 50s Objetos de encuentro simb\u00f3lico, iconos que transforman el espacio que ocupan, los nuevos peque\u00f1os de la l\u00ednea Anni \u201950s, dise\u00f1ados en colaboraci\u00f3n con Matteo Bazzicalupo y Raffaella Mangiarotti de deepdesign, evocan otros tiempos y dan forma a los lugares cotidianos, invirtiendo lo que ya existe o ha existido con un nuevo significado, [&hellip;]<\/p>\n","protected":false},"featured_media":6258664,"template":"","meta":{"_acf_changed":false},"product_cat":[11982,11766,11955,11947],"product_tag":[],"class_list":{"0":"post-1875858","1":"product","2":"type-product","3":"status-publish","4":"has-post-thumbnail","6":"product_cat-manual-es","7":"product_cat-manuali","8":"product_cat-maquinas-de-cafe","9":"product_cat-pequenos-electrodomesticos","11":"first","12":"outofstock","13":"sale","14":"taxable","15":"shipping-taxable","16":"purchasable","17":"product-type-simple","swatches":"rey-swatches","show_selected":"","stretch_labels":"rey-swatches--stretch-labels"},"acf":[],"yoast_head":"<!-- This site is optimized with the Yoast SEO plugin v25.4 - https:\/\/yoast.com\/wordpress\/plugins\/seo\/ -->\n<title>SMEG M\u00e1quina de Caf\u00e9 Aesthetic 50s Series Rojo - dev6 Erresse<\/title>\n<meta name=\"description\" content=\"Serie SMEG 50s Objetos de encuentro simb\u00f3lico, iconos que transforman el espacio que ocupan, los nuevos peque\u00f1os de la l\u00ednea Anni \u201950s, dise\u00f1ados en\" \/>\n<meta name=\"robots\" content=\"noindex, follow, max-snippet:-1, max-image-preview:large, max-video-preview:-1\" \/>\n<meta property=\"og:locale\" content=\"es_ES\" \/>\n<meta property=\"og:type\" content=\"article\" \/>\n<meta property=\"og:title\" content=\"SMEG M\u00e1quina de Caf\u00e9 Aesthetic 50s Series Rojo - dev6 Erresse\" \/>\n<meta property=\"og:description\" content=\"Serie SMEG 50s Objetos de encuentro simb\u00f3lico, iconos que transforman el espacio que ocupan, los nuevos peque\u00f1os de la l\u00ednea Anni \u201950s, dise\u00f1ados en\" \/>\n<meta property=\"og:url\" content=\"https:\/\/dev6.erresse-shop.it\/es\/shop\/pequenos-electrodomesticos\/maquinas-de-cafe\/manual-es\/smeg-maquina-de-cafe-aesthetic-50s-series-rojo\/\" \/>\n<meta property=\"og:site_name\" content=\"dev6 Erresse\" \/>\n<meta property=\"og:image\" content=\"https:\/\/interpim.erresse-shop.it\/Import\/Prodotti\/smeg-estetica-anni-50-macchina-da-caffe-rosso.jpg\" \/><meta property=\"og:image\" content=\"https:\/\/interpim.erresse-shop.it\/Import\/Prodotti\/smeg-estetica-anni-50-macchina-da-caffe-rosso.jpg\" \/>\n\t<meta property=\"og:image:width\" content=\"1024\" \/>\n\t<meta property=\"og:image:height\" content=\"1024\" \/>\n\t<meta property=\"og:image:type\" content=\"image\/jpeg\" \/>\n<meta name=\"twitter:card\" content=\"summary_large_image\" \/>\n<meta name=\"twitter:image\" content=\"https:\/\/interpim.erresse-shop.it\/Import\/Prodotti\/smeg-estetica-anni-50-macchina-da-caffe-rosso.jpg\" \/>\n<script type=\"application\/ld+json\" class=\"yoast-schema-graph\">{\"@context\":\"https:\/\/schema.org\",\"@graph\":[{\"@type\":\"WebPage\",\"@id\":\"https:\/\/dev6.erresse-shop.it\/es\/shop\/pequenos-electrodomesticos\/maquinas-de-cafe\/manual-es\/smeg-maquina-de-cafe-aesthetic-50s-series-rojo\/\",\"url\":\"https:\/\/dev6.erresse-shop.it\/es\/shop\/pequenos-electrodomesticos\/maquinas-de-cafe\/manual-es\/smeg-maquina-de-cafe-aesthetic-50s-series-rojo\/\",\"name\":\"SMEG M\u00e1quina de Caf\u00e9 Aesthetic 50s Series Rojo - dev6 Erresse\",\"isPartOf\":{\"@id\":\"https:\/\/dev6.erresse-shop.it\/#website\"},\"primaryImageOfPage\":{\"@id\":\"https:\/\/dev6.erresse-shop.it\/es\/shop\/pequenos-electrodomesticos\/maquinas-de-cafe\/manual-es\/smeg-maquina-de-cafe-aesthetic-50s-series-rojo\/#primaryimage\"},\"image\":{\"@id\":\"https:\/\/dev6.erresse-shop.it\/es\/shop\/pequenos-electrodomesticos\/maquinas-de-cafe\/manual-es\/smeg-maquina-de-cafe-aesthetic-50s-series-rojo\/#primaryimage\"},\"thumbnailUrl\":\"https:\/\/i0.wp.com\/interpim.erresse-shop.it\/Import\/Prodotti\/smeg-estetica-anni-50-macchina-da-caffe-rosso.jpg?ssl=1\",\"datePublished\":\"2026-04-04T06:08:22+00:00\",\"description\":\"Serie SMEG 50s Objetos de encuentro simb\u00f3lico, iconos que transforman el espacio que ocupan, los nuevos peque\u00f1os de la l\u00ednea Anni \u201950s, dise\u00f1ados en\",\"breadcrumb\":{\"@id\":\"https:\/\/dev6.erresse-shop.it\/es\/shop\/pequenos-electrodomesticos\/maquinas-de-cafe\/manual-es\/smeg-maquina-de-cafe-aesthetic-50s-series-rojo\/#breadcrumb\"},\"inLanguage\":\"es\",\"potentialAction\":[{\"@type\":\"ReadAction\",\"target\":[\"https:\/\/dev6.erresse-shop.it\/es\/shop\/pequenos-electrodomesticos\/maquinas-de-cafe\/manual-es\/smeg-maquina-de-cafe-aesthetic-50s-series-rojo\/\"]}]},{\"@type\":\"ImageObject\",\"inLanguage\":\"es\",\"@id\":\"https:\/\/dev6.erresse-shop.it\/es\/shop\/pequenos-electrodomesticos\/maquinas-de-cafe\/manual-es\/smeg-maquina-de-cafe-aesthetic-50s-series-rojo\/#primaryimage\",\"url\":\"https:\/\/i0.wp.com\/interpim.erresse-shop.it\/Import\/Prodotti\/smeg-estetica-anni-50-macchina-da-caffe-rosso.jpg?ssl=1\",\"contentUrl\":\"https:\/\/i0.wp.com\/interpim.erresse-shop.it\/Import\/Prodotti\/smeg-estetica-anni-50-macchina-da-caffe-rosso.jpg?ssl=1\"},{\"@type\":\"BreadcrumbList\",\"@id\":\"https:\/\/dev6.erresse-shop.it\/es\/shop\/pequenos-electrodomesticos\/maquinas-de-cafe\/manual-es\/smeg-maquina-de-cafe-aesthetic-50s-series-rojo\/#breadcrumb\",\"itemListElement\":[{\"@type\":\"ListItem\",\"position\":1,\"name\":\"Home\",\"item\":\"https:\/\/dev6.erresse-shop.it\/\"},{\"@type\":\"ListItem\",\"position\":2,\"name\":\"Tienda\",\"item\":\"https:\/\/dev6.erresse-shop.it\/shop\/\"},{\"@type\":\"ListItem\",\"position\":3,\"name\":\"SMEG M\u00e1quina de Caf\u00e9 Aesthetic 50s Series Rojo\"}]},{\"@type\":\"WebSite\",\"@id\":\"https:\/\/dev6.erresse-shop.it\/#website\",\"url\":\"https:\/\/dev6.erresse-shop.it\/\",\"name\":\"Erresse Shop\",\"description\":\"\",\"publisher\":{\"@id\":\"https:\/\/dev6.erresse-shop.it\/#organization\"},\"potentialAction\":[{\"@type\":\"SearchAction\",\"target\":{\"@type\":\"EntryPoint\",\"urlTemplate\":\"https:\/\/dev6.erresse-shop.it\/?s={search_term_string}\"},\"query-input\":{\"@type\":\"PropertyValueSpecification\",\"valueRequired\":true,\"valueName\":\"search_term_string\"}}],\"inLanguage\":\"es\"},{\"@type\":\"Organization\",\"@id\":\"https:\/\/dev6.erresse-shop.it\/#organization\",\"name\":\"Erresse Shop\",\"url\":\"https:\/\/dev6.erresse-shop.it\/\",\"logo\":{\"@type\":\"ImageObject\",\"inLanguage\":\"es\",\"@id\":\"https:\/\/dev6.erresse-shop.it\/#\/schema\/logo\/image\/\",\"url\":\"https:\/\/dev6.erresse-shop.it\/wp-content\/uploads\/2025\/01\/LOGO-ERRESSE-CLASSICO.svg\",\"contentUrl\":\"https:\/\/dev6.erresse-shop.it\/wp-content\/uploads\/2025\/01\/LOGO-ERRESSE-CLASSICO.svg\",\"caption\":\"Erresse Shop\"},\"image\":{\"@id\":\"https:\/\/dev6.erresse-shop.it\/#\/schema\/logo\/image\/\"}}]}<\/script>\n<!-- \/ Yoast SEO plugin. -->","yoast_head_json":{"title":"SMEG M\u00e1quina de Caf\u00e9 Aesthetic 50s Series Rojo - dev6 Erresse","description":"Serie SMEG 50s Objetos de encuentro simb\u00f3lico, iconos que transforman el espacio que ocupan, los nuevos peque\u00f1os de la l\u00ednea Anni \u201950s, dise\u00f1ados en","robots":{"index":"noindex","follow":"follow","max-snippet":"max-snippet:-1","max-image-preview":"max-image-preview:large","max-video-preview":"max-video-preview:-1"},"og_locale":"es_ES","og_type":"article","og_title":"SMEG M\u00e1quina de Caf\u00e9 Aesthetic 50s Series Rojo - dev6 Erresse","og_description":"Serie SMEG 50s Objetos de encuentro simb\u00f3lico, iconos que transforman el espacio que ocupan, los nuevos peque\u00f1os de la l\u00ednea Anni \u201950s, dise\u00f1ados en","og_url":"https:\/\/dev6.erresse-shop.it\/es\/shop\/pequenos-electrodomesticos\/maquinas-de-cafe\/manual-es\/smeg-maquina-de-cafe-aesthetic-50s-series-rojo\/","og_site_name":"dev6 Erresse","og_image":[{"url":"https:\/\/interpim.erresse-shop.it\/Import\/Prodotti\/smeg-estetica-anni-50-macchina-da-caffe-rosso.jpg","type":"","width":"","height":""},{"url":"https:\/\/interpim.erresse-shop.it\/Import\/Prodotti\/smeg-estetica-anni-50-macchina-da-caffe-rosso.jpg","width":1024,"height":1024,"type":"image\/jpeg"}],"twitter_card":"summary_large_image","twitter_image":"https:\/\/interpim.erresse-shop.it\/Import\/Prodotti\/smeg-estetica-anni-50-macchina-da-caffe-rosso.jpg","schema":{"@context":"https:\/\/schema.org","@graph":[{"@type":"WebPage","@id":"https:\/\/dev6.erresse-shop.it\/es\/shop\/pequenos-electrodomesticos\/maquinas-de-cafe\/manual-es\/smeg-maquina-de-cafe-aesthetic-50s-series-rojo\/","url":"https:\/\/dev6.erresse-shop.it\/es\/shop\/pequenos-electrodomesticos\/maquinas-de-cafe\/manual-es\/smeg-maquina-de-cafe-aesthetic-50s-series-rojo\/","name":"SMEG M\u00e1quina de Caf\u00e9 Aesthetic 50s Series Rojo - dev6 Erresse","isPartOf":{"@id":"https:\/\/dev6.erresse-shop.it\/#website"},"primaryImageOfPage":{"@id":"https:\/\/dev6.erresse-shop.it\/es\/shop\/pequenos-electrodomesticos\/maquinas-de-cafe\/manual-es\/smeg-maquina-de-cafe-aesthetic-50s-series-rojo\/#primaryimage"},"image":{"@id":"https:\/\/dev6.erresse-shop.it\/es\/shop\/pequenos-electrodomesticos\/maquinas-de-cafe\/manual-es\/smeg-maquina-de-cafe-aesthetic-50s-series-rojo\/#primaryimage"},"thumbnailUrl":"https:\/\/i0.wp.com\/interpim.erresse-shop.it\/Import\/Prodotti\/smeg-estetica-anni-50-macchina-da-caffe-rosso.jpg?ssl=1","datePublished":"2026-04-04T06:08:22+00:00","description":"Serie SMEG 50s Objetos de encuentro simb\u00f3lico, iconos que transforman el espacio que ocupan, los nuevos peque\u00f1os de la l\u00ednea Anni \u201950s, dise\u00f1ados en","breadcrumb":{"@id":"https:\/\/dev6.erresse-shop.it\/es\/shop\/pequenos-electrodomesticos\/maquinas-de-cafe\/manual-es\/smeg-maquina-de-cafe-aesthetic-50s-series-rojo\/#breadcrumb"},"inLanguage":"es","potentialAction":[{"@type":"ReadAction","target":["https:\/\/dev6.erresse-shop.it\/es\/shop\/pequenos-electrodomesticos\/maquinas-de-cafe\/manual-es\/smeg-maquina-de-cafe-aesthetic-50s-series-rojo\/"]}]},{"@type":"ImageObject","inLanguage":"es","@id":"https:\/\/dev6.erresse-shop.it\/es\/shop\/pequenos-electrodomesticos\/maquinas-de-cafe\/manual-es\/smeg-maquina-de-cafe-aesthetic-50s-series-rojo\/#primaryimage","url":"https:\/\/i0.wp.com\/interpim.erresse-shop.it\/Import\/Prodotti\/smeg-estetica-anni-50-macchina-da-caffe-rosso.jpg?ssl=1","contentUrl":"https:\/\/i0.wp.com\/interpim.erresse-shop.it\/Import\/Prodotti\/smeg-estetica-anni-50-macchina-da-caffe-rosso.jpg?ssl=1"},{"@type":"BreadcrumbList","@id":"https:\/\/dev6.erresse-shop.it\/es\/shop\/pequenos-electrodomesticos\/maquinas-de-cafe\/manual-es\/smeg-maquina-de-cafe-aesthetic-50s-series-rojo\/#breadcrumb","itemListElement":[{"@type":"ListItem","position":1,"name":"Home","item":"https:\/\/dev6.erresse-shop.it\/"},{"@type":"ListItem","position":2,"name":"Tienda","item":"https:\/\/dev6.erresse-shop.it\/shop\/"},{"@type":"ListItem","position":3,"name":"SMEG M\u00e1quina de Caf\u00e9 Aesthetic 50s Series Rojo"}]},{"@type":"WebSite","@id":"https:\/\/dev6.erresse-shop.it\/#website","url":"https:\/\/dev6.erresse-shop.it\/","name":"Erresse Shop","description":"","publisher":{"@id":"https:\/\/dev6.erresse-shop.it\/#organization"},"potentialAction":[{"@type":"SearchAction","target":{"@type":"EntryPoint","urlTemplate":"https:\/\/dev6.erresse-shop.it\/?s={search_term_string}"},"query-input":{"@type":"PropertyValueSpecification","valueRequired":true,"valueName":"search_term_string"}}],"inLanguage":"es"},{"@type":"Organization","@id":"https:\/\/dev6.erresse-shop.it\/#organization","name":"Erresse Shop","url":"https:\/\/dev6.erresse-shop.it\/","logo":{"@type":"ImageObject","inLanguage":"es","@id":"https:\/\/dev6.erresse-shop.it\/#\/schema\/logo\/image\/","url":"https:\/\/dev6.erresse-shop.it\/wp-content\/uploads\/2025\/01\/LOGO-ERRESSE-CLASSICO.svg","contentUrl":"https:\/\/dev6.erresse-shop.it\/wp-content\/uploads\/2025\/01\/LOGO-ERRESSE-CLASSICO.svg","caption":"Erresse Shop"},"image":{"@id":"https:\/\/dev6.erresse-shop.it\/#\/schema\/logo\/image\/"}}]}},"df_price":349,"df_sale_price":349,"df_regular_price":369,"df_image_link":"https:\/\/i0.wp.com\/interpim.erresse-shop.it\/Import\/Prodotti\/smeg-estetica-anni-50-macchina-da-caffe-rosso.jpg?resize=300,300&ssl=1","fifu_image_url":"https:\/\/interpim.erresse-shop.it\/Import\/Prodotti\/smeg-estetica-anni-50-macchina-da-caffe-rosso.jpg","_links":{"self":[{"href":"https:\/\/dev6.erresse-shop.it\/es\/wp-json\/wp\/v2\/product\/1875858","targetHints":{"allow":["GET"]}}],"collection":[{"href":"https:\/\/dev6.erresse-shop.it\/es\/wp-json\/wp\/v2\/product"}],"about":[{"href":"https:\/\/dev6.erresse-shop.it\/es\/wp-json\/wp\/v2\/types\/product"}],"wp:featuredmedia":[{"embeddable":true,"href":"https:\/\/dev6.erresse-shop.it\/es\/wp-json\/wp\/v2\/media\/6258664"}],"wp:attachment":[{"href":"https:\/\/dev6.erresse-shop.it\/es\/wp-json\/wp\/v2\/media?parent=1875858"}],"wp:term":[{"taxonomy":"product_cat","embeddable":true,"href":"https:\/\/dev6.erresse-shop.it\/es\/wp-json\/wp\/v2\/product_cat?post=1875858"},{"taxonomy":"product_tag","embeddable":true,"href":"https:\/\/dev6.erresse-shop.it\/es\/wp-json\/wp\/v2\/product_tag?post=1875858"}],"curies":[{"name":"wp","href":"https:\/\/api.w.org\/{rel}","templated":true}]}}