{"id":1875778,"date":"2026-04-10T08:46:28","date_gmt":"2026-04-10T06:46:28","guid":{"rendered":"https:\/\/dev6.erresse-shop.it\/shop\/sin%20categor\u00eda\/magimix-cook-expert-negro\/"},"modified":"2025-07-19T04:12:44","modified_gmt":"2025-07-19T02:12:44","slug":"magimix-cook-expert-negro","status":"publish","type":"product","link":"https:\/\/dev6.erresse-shop.it\/es\/shop\/pequenos-electrodomesticos\/procesadores-de-alimentos\/magimix-cook-expert-negro\/","title":{"rendered":"MAGIMIX Cook Expert Negro"},"content":{"rendered":"<p>MAGIMIX. GARANT\u00cdA ITALIANA<\/p>\n<p>COOK EXPERT \u00a1El verdadero procesador de alimentos multifuncional!<\/p>\n<p>Te ayuda a cocinar todos tus platos favoritos de forma r\u00e1pida y sencilla, desde los aperitivos hasta los postres.<\/p>\n<p>Con la aplicaci\u00f3n Cook Expert, tienes acceso a varios cientos de recetas de forma gratuita.<br \/>\nF\u00e1cil de usar: Con su pantalla digital a todo color de f\u00e1cil lectura, Cook Expert es un robot f\u00e1cil de usar y de programar.<br \/>\nEl temporizador (de 5 segundos a 2 horas) le permite medir f\u00e1cilmente el tiempo de sus recetas.<br \/>\nCon su programa AUTO, Cook Expert Magimix dispone de 12 recetas autom\u00e1ticas programadas para facilitar la cocina diaria: basta con pulsar un bot\u00f3n para activarla.<\/p>\n<p>\u2013 Cocinar: pur\u00e9s de verduras, sopas de verduras, cocci\u00f3n a fuego lento, al vapor para cocciones ligeras.<br \/>\n\u2013 Panader\u00eda: preparaci\u00f3n y subida de la masa para el pan y los croissants<br \/>\n\u2013 Pasteler\u00eda: preparaci\u00f3n de masas para pasteles, tartas, pastas frescas, etc.<br \/>\n\u2013 Licuadora: preparaci\u00f3n de batidos, granizados y helados<\/p>\n<p>Con Cook Expert, Magimix representa el estado del arte de los robots de cocina, un robot multifuncional que puede cocinar, eliminando todo el equipo voluminoso de la cocina.<br \/>\nMagimix Cook Expert viene con 4 cuencos y numerosos accesorios, el robot Cook Expert de Magimix es multifuncional y completo.<br \/>\nCook Expert viene con un cuenco met\u00e1lico para cocinar y 3 cuencos transparentes para preparar las bases a cocinar.<\/p>\n<p>Cook Expert Magimix es un aut\u00e9ntico cocinero, gracias a su sistema de calentamiento por inducci\u00f3n, cocina de 31 a 140\u00b0 C, lo que lo convierte en uno de los procesadores de alimentos con mayor potencia calor\u00edfica del mercado.<\/p>\n<p>El robot de cocina Magimix Cook Expert est\u00e1 equipado con un sistema de control de temperatura muy preciso y puede cocinar sus alimentos con la confianza de que est\u00e1 obteniendo el m\u00e1ximo sabor de sus preparaciones.<br \/>\nPuede cocer a fuego lento, fundir lentamente el chocolate y mantener una salsa o sopa a temperatura.<br \/>\nCon su alto rendimiento, puede elevar r\u00e1pidamente la temperatura y permitirle ajustar r\u00e1pidamente la cocci\u00f3n.<\/p>\n<p>Cook Expert Magimix tiene una funci\u00f3n de lavado muy pr\u00e1ctica: el \u201caclarado autom\u00e1tico\u201d que facilita la limpieza despu\u00e9s del uso.<br \/>\nA\u00f1ade agua fr\u00eda con una peque\u00f1a cantidad de jab\u00f3n para lavavajillas, tu Magimix de Cook Expert calienta el agua a 40\u00ba y lava autom\u00e1ticamente en 40 segundos.<br \/>\nNo hay que hacer nada m\u00e1s que aclarar.<\/p>\n<p>Gracias a su bol met\u00e1lico, que tiene una capacidad de 3,5 Lt, podr\u00e1s cocinar:<\/p>\n<p>\u2013 2,5 litros de sopa o caldo<br \/>\n\u2013 2,5 litros de comida cocinada a fuego lento (risotto, tajine, guiso, cazuela)<br \/>\n\u2013 1 kg de pur\u00e9 de patatas<br \/>\n\u2013 6 claras de huevo batidas a punto de nieve (para sufl\u00e9s, bizcochos)<br \/>\n\u2013 0,6 kg de verduras al vapor (patatas, zanahorias, br\u00f3coli)<br \/>\n\u2013 0,8 kg de pan o masa de pizza<br \/>\n\u2013 0,6 kg de masa de brioche<br \/>\n\u2013 1,2 Kg de masa de pastel<br \/>\n\u2013 400 g de fruta congelada (para hacer helado)<\/p>\n<p>Con una doble pared de acero inoxidable, la cubeta Thermo le permite preparar sus platos con antelaci\u00f3n y mantenerlos calientes durante 2 horas.<br \/>\nSu tapa de cristal con una estanqueidad del 100% le permite una visi\u00f3n de 360\u00ba del interior del recipiente.<\/p>\n<p>El cuenco met\u00e1lico se completa con 4 accesorios:<\/p>\n<p>\u2013 1 cuchilla universal para guisar, batir, amasar, picar hielo, mezclar directamente en el bol<br \/>\n\u2013 1 cesta de vapor con rejilla intermedia para cocinar platos bajos en grasa<br \/>\n\u2013 1 batidor para montar las claras a punto de nieve<br \/>\n\u2013 1 esp\u00e1tula especial para vaciar y limpiar la cubeta<\/p>\n<p>Con los 3 cuencos transparentes, realiza todas las funciones de un robot de cocina:<\/p>\n<p>\u2013 1 recipiente grande de 3,6 litros para picar y mezclar grandes cantidades (1,4 kg de verduras o 1,4 kg de carne)<br \/>\n\u2013 1 recipiente mediano de 2,6 litros para cortar y rallar (pepinos, zanahorias, coles)<br \/>\n\u2013 1 recipiente peque\u00f1o de 1,2 litros para preparar porciones individuales. Ideal para mezclar comidas para beb\u00e9s\/ni\u00f1os o personas mayores, el peque\u00f1o bol de Cook Expert facilita el picado de ajo, hierbas y condimentos.<\/p>\n<p>No se vende fuera de Europa<\/p>\n","protected":false},"excerpt":{"rendered":"<p>MAGIMIX. GARANT\u00cdA ITALIANA COOK EXPERT \u00a1El verdadero procesador de alimentos multifuncional! Te ayuda a cocinar todos tus platos favoritos de forma r\u00e1pida y sencilla, desde los aperitivos hasta los postres. Con la aplicaci\u00f3n Cook Expert, tienes acceso a varios cientos de recetas de forma gratuita. F\u00e1cil de usar: Con su pantalla digital a todo color [&hellip;]<\/p>\n","protected":false},"featured_media":6300052,"template":"","meta":{"_acf_changed":false},"product_cat":[11947,11958,11742],"product_tag":[],"class_list":{"0":"post-1875778","1":"product","2":"type-product","3":"status-publish","4":"has-post-thumbnail","6":"product_cat-pequenos-electrodomesticos","7":"product_cat-procesadores-de-alimentos","8":"product_cat-robot-da-cucina-impastatrici","10":"first","11":"instock","12":"sale","13":"taxable","14":"shipping-taxable","15":"purchasable","16":"product-type-simple","swatches":"rey-swatches","show_selected":"","stretch_labels":"rey-swatches--stretch-labels"},"acf":[],"yoast_head":"<!-- This site is optimized with the Yoast SEO plugin v25.4 - https:\/\/yoast.com\/wordpress\/plugins\/seo\/ -->\n<title>MAGIMIX Cook Expert Negro - dev6 Erresse<\/title>\n<meta name=\"description\" content=\"MAGIMIX. GARANT\u00cdA ITALIANA COOK EXPERT \u00a1El verdadero procesador de alimentos multifuncional! Te ayuda a cocinar todos tus platos favoritos de forma r\u00e1pida\" \/>\n<meta name=\"robots\" content=\"noindex, follow, max-snippet:-1, max-image-preview:large, max-video-preview:-1\" \/>\n<meta property=\"og:locale\" content=\"es_ES\" \/>\n<meta property=\"og:type\" content=\"article\" \/>\n<meta property=\"og:title\" content=\"MAGIMIX Cook Expert Negro - dev6 Erresse\" \/>\n<meta property=\"og:description\" content=\"MAGIMIX. GARANT\u00cdA ITALIANA COOK EXPERT \u00a1El verdadero procesador de alimentos multifuncional! Te ayuda a cocinar todos tus platos favoritos de forma r\u00e1pida\" \/>\n<meta property=\"og:url\" content=\"https:\/\/dev6.erresse-shop.it\/es\/shop\/pequenos-electrodomesticos\/procesadores-de-alimentos\/magimix-cook-expert-negro\/\" \/>\n<meta property=\"og:site_name\" content=\"dev6 Erresse\" \/>\n<meta property=\"og:image\" content=\"https:\/\/interpim.erresse-shop.it\/Import\/Prodotti\/products-cook20expertnero.jpg\" \/><meta property=\"og:image\" content=\"https:\/\/interpim.erresse-shop.it\/Import\/Prodotti\/products-cook20expertnero.jpg\" \/>\n\t<meta property=\"og:image:width\" content=\"1024\" \/>\n\t<meta property=\"og:image:height\" content=\"1024\" \/>\n\t<meta property=\"og:image:type\" content=\"image\/jpeg\" \/>\n<meta name=\"twitter:card\" content=\"summary_large_image\" \/>\n<meta name=\"twitter:image\" content=\"https:\/\/interpim.erresse-shop.it\/Import\/Prodotti\/products-cook20expertnero.jpg\" \/>\n<script type=\"application\/ld+json\" class=\"yoast-schema-graph\">{\"@context\":\"https:\/\/schema.org\",\"@graph\":[{\"@type\":\"WebPage\",\"@id\":\"https:\/\/dev6.erresse-shop.it\/es\/shop\/pequenos-electrodomesticos\/procesadores-de-alimentos\/magimix-cook-expert-negro\/\",\"url\":\"https:\/\/dev6.erresse-shop.it\/es\/shop\/pequenos-electrodomesticos\/procesadores-de-alimentos\/magimix-cook-expert-negro\/\",\"name\":\"MAGIMIX Cook Expert Negro - dev6 Erresse\",\"isPartOf\":{\"@id\":\"https:\/\/dev6.erresse-shop.it\/#website\"},\"primaryImageOfPage\":{\"@id\":\"https:\/\/dev6.erresse-shop.it\/es\/shop\/pequenos-electrodomesticos\/procesadores-de-alimentos\/magimix-cook-expert-negro\/#primaryimage\"},\"image\":{\"@id\":\"https:\/\/dev6.erresse-shop.it\/es\/shop\/pequenos-electrodomesticos\/procesadores-de-alimentos\/magimix-cook-expert-negro\/#primaryimage\"},\"thumbnailUrl\":\"https:\/\/i0.wp.com\/interpim.erresse-shop.it\/Import\/Prodotti\/products-cook20expertnero.jpg?ssl=1\",\"datePublished\":\"2026-04-10T06:46:28+00:00\",\"description\":\"MAGIMIX. GARANT\u00cdA ITALIANA COOK EXPERT \u00a1El verdadero procesador de alimentos multifuncional! Te ayuda a cocinar todos tus platos favoritos de forma r\u00e1pida\",\"breadcrumb\":{\"@id\":\"https:\/\/dev6.erresse-shop.it\/es\/shop\/pequenos-electrodomesticos\/procesadores-de-alimentos\/magimix-cook-expert-negro\/#breadcrumb\"},\"inLanguage\":\"es\",\"potentialAction\":[{\"@type\":\"ReadAction\",\"target\":[\"https:\/\/dev6.erresse-shop.it\/es\/shop\/pequenos-electrodomesticos\/procesadores-de-alimentos\/magimix-cook-expert-negro\/\"]}]},{\"@type\":\"ImageObject\",\"inLanguage\":\"es\",\"@id\":\"https:\/\/dev6.erresse-shop.it\/es\/shop\/pequenos-electrodomesticos\/procesadores-de-alimentos\/magimix-cook-expert-negro\/#primaryimage\",\"url\":\"https:\/\/i0.wp.com\/interpim.erresse-shop.it\/Import\/Prodotti\/products-cook20expertnero.jpg?ssl=1\",\"contentUrl\":\"https:\/\/i0.wp.com\/interpim.erresse-shop.it\/Import\/Prodotti\/products-cook20expertnero.jpg?ssl=1\"},{\"@type\":\"BreadcrumbList\",\"@id\":\"https:\/\/dev6.erresse-shop.it\/es\/shop\/pequenos-electrodomesticos\/procesadores-de-alimentos\/magimix-cook-expert-negro\/#breadcrumb\",\"itemListElement\":[{\"@type\":\"ListItem\",\"position\":1,\"name\":\"Home\",\"item\":\"https:\/\/dev6.erresse-shop.it\/\"},{\"@type\":\"ListItem\",\"position\":2,\"name\":\"Tienda\",\"item\":\"https:\/\/dev6.erresse-shop.it\/shop\/\"},{\"@type\":\"ListItem\",\"position\":3,\"name\":\"MAGIMIX Cook Expert Negro\"}]},{\"@type\":\"WebSite\",\"@id\":\"https:\/\/dev6.erresse-shop.it\/#website\",\"url\":\"https:\/\/dev6.erresse-shop.it\/\",\"name\":\"Erresse Shop\",\"description\":\"\",\"publisher\":{\"@id\":\"https:\/\/dev6.erresse-shop.it\/#organization\"},\"potentialAction\":[{\"@type\":\"SearchAction\",\"target\":{\"@type\":\"EntryPoint\",\"urlTemplate\":\"https:\/\/dev6.erresse-shop.it\/?s={search_term_string}\"},\"query-input\":{\"@type\":\"PropertyValueSpecification\",\"valueRequired\":true,\"valueName\":\"search_term_string\"}}],\"inLanguage\":\"es\"},{\"@type\":\"Organization\",\"@id\":\"https:\/\/dev6.erresse-shop.it\/#organization\",\"name\":\"Erresse Shop\",\"url\":\"https:\/\/dev6.erresse-shop.it\/\",\"logo\":{\"@type\":\"ImageObject\",\"inLanguage\":\"es\",\"@id\":\"https:\/\/dev6.erresse-shop.it\/#\/schema\/logo\/image\/\",\"url\":\"https:\/\/dev6.erresse-shop.it\/wp-content\/uploads\/2025\/01\/LOGO-ERRESSE-CLASSICO.svg\",\"contentUrl\":\"https:\/\/dev6.erresse-shop.it\/wp-content\/uploads\/2025\/01\/LOGO-ERRESSE-CLASSICO.svg\",\"caption\":\"Erresse Shop\"},\"image\":{\"@id\":\"https:\/\/dev6.erresse-shop.it\/#\/schema\/logo\/image\/\"}}]}<\/script>\n<!-- \/ Yoast SEO plugin. -->","yoast_head_json":{"title":"MAGIMIX Cook Expert Negro - dev6 Erresse","description":"MAGIMIX. GARANT\u00cdA ITALIANA COOK EXPERT \u00a1El verdadero procesador de alimentos multifuncional! Te ayuda a cocinar todos tus platos favoritos de forma r\u00e1pida","robots":{"index":"noindex","follow":"follow","max-snippet":"max-snippet:-1","max-image-preview":"max-image-preview:large","max-video-preview":"max-video-preview:-1"},"og_locale":"es_ES","og_type":"article","og_title":"MAGIMIX Cook Expert Negro - dev6 Erresse","og_description":"MAGIMIX. GARANT\u00cdA ITALIANA COOK EXPERT \u00a1El verdadero procesador de alimentos multifuncional! Te ayuda a cocinar todos tus platos favoritos de forma r\u00e1pida","og_url":"https:\/\/dev6.erresse-shop.it\/es\/shop\/pequenos-electrodomesticos\/procesadores-de-alimentos\/magimix-cook-expert-negro\/","og_site_name":"dev6 Erresse","og_image":[{"url":"https:\/\/interpim.erresse-shop.it\/Import\/Prodotti\/products-cook20expertnero.jpg","type":"","width":"","height":""},{"url":"https:\/\/interpim.erresse-shop.it\/Import\/Prodotti\/products-cook20expertnero.jpg","width":1024,"height":1024,"type":"image\/jpeg"}],"twitter_card":"summary_large_image","twitter_image":"https:\/\/interpim.erresse-shop.it\/Import\/Prodotti\/products-cook20expertnero.jpg","schema":{"@context":"https:\/\/schema.org","@graph":[{"@type":"WebPage","@id":"https:\/\/dev6.erresse-shop.it\/es\/shop\/pequenos-electrodomesticos\/procesadores-de-alimentos\/magimix-cook-expert-negro\/","url":"https:\/\/dev6.erresse-shop.it\/es\/shop\/pequenos-electrodomesticos\/procesadores-de-alimentos\/magimix-cook-expert-negro\/","name":"MAGIMIX Cook Expert Negro - dev6 Erresse","isPartOf":{"@id":"https:\/\/dev6.erresse-shop.it\/#website"},"primaryImageOfPage":{"@id":"https:\/\/dev6.erresse-shop.it\/es\/shop\/pequenos-electrodomesticos\/procesadores-de-alimentos\/magimix-cook-expert-negro\/#primaryimage"},"image":{"@id":"https:\/\/dev6.erresse-shop.it\/es\/shop\/pequenos-electrodomesticos\/procesadores-de-alimentos\/magimix-cook-expert-negro\/#primaryimage"},"thumbnailUrl":"https:\/\/i0.wp.com\/interpim.erresse-shop.it\/Import\/Prodotti\/products-cook20expertnero.jpg?ssl=1","datePublished":"2026-04-10T06:46:28+00:00","description":"MAGIMIX. GARANT\u00cdA ITALIANA COOK EXPERT \u00a1El verdadero procesador de alimentos multifuncional! Te ayuda a cocinar todos tus platos favoritos de forma r\u00e1pida","breadcrumb":{"@id":"https:\/\/dev6.erresse-shop.it\/es\/shop\/pequenos-electrodomesticos\/procesadores-de-alimentos\/magimix-cook-expert-negro\/#breadcrumb"},"inLanguage":"es","potentialAction":[{"@type":"ReadAction","target":["https:\/\/dev6.erresse-shop.it\/es\/shop\/pequenos-electrodomesticos\/procesadores-de-alimentos\/magimix-cook-expert-negro\/"]}]},{"@type":"ImageObject","inLanguage":"es","@id":"https:\/\/dev6.erresse-shop.it\/es\/shop\/pequenos-electrodomesticos\/procesadores-de-alimentos\/magimix-cook-expert-negro\/#primaryimage","url":"https:\/\/i0.wp.com\/interpim.erresse-shop.it\/Import\/Prodotti\/products-cook20expertnero.jpg?ssl=1","contentUrl":"https:\/\/i0.wp.com\/interpim.erresse-shop.it\/Import\/Prodotti\/products-cook20expertnero.jpg?ssl=1"},{"@type":"BreadcrumbList","@id":"https:\/\/dev6.erresse-shop.it\/es\/shop\/pequenos-electrodomesticos\/procesadores-de-alimentos\/magimix-cook-expert-negro\/#breadcrumb","itemListElement":[{"@type":"ListItem","position":1,"name":"Home","item":"https:\/\/dev6.erresse-shop.it\/"},{"@type":"ListItem","position":2,"name":"Tienda","item":"https:\/\/dev6.erresse-shop.it\/shop\/"},{"@type":"ListItem","position":3,"name":"MAGIMIX Cook Expert Negro"}]},{"@type":"WebSite","@id":"https:\/\/dev6.erresse-shop.it\/#website","url":"https:\/\/dev6.erresse-shop.it\/","name":"Erresse Shop","description":"","publisher":{"@id":"https:\/\/dev6.erresse-shop.it\/#organization"},"potentialAction":[{"@type":"SearchAction","target":{"@type":"EntryPoint","urlTemplate":"https:\/\/dev6.erresse-shop.it\/?s={search_term_string}"},"query-input":{"@type":"PropertyValueSpecification","valueRequired":true,"valueName":"search_term_string"}}],"inLanguage":"es"},{"@type":"Organization","@id":"https:\/\/dev6.erresse-shop.it\/#organization","name":"Erresse Shop","url":"https:\/\/dev6.erresse-shop.it\/","logo":{"@type":"ImageObject","inLanguage":"es","@id":"https:\/\/dev6.erresse-shop.it\/#\/schema\/logo\/image\/","url":"https:\/\/dev6.erresse-shop.it\/wp-content\/uploads\/2025\/01\/LOGO-ERRESSE-CLASSICO.svg","contentUrl":"https:\/\/dev6.erresse-shop.it\/wp-content\/uploads\/2025\/01\/LOGO-ERRESSE-CLASSICO.svg","caption":"Erresse Shop"},"image":{"@id":"https:\/\/dev6.erresse-shop.it\/#\/schema\/logo\/image\/"}}]}},"df_price":1119,"df_sale_price":1119,"df_regular_price":1400,"df_image_link":"https:\/\/i0.wp.com\/interpim.erresse-shop.it\/Import\/Prodotti\/products-cook20expertnero.jpg?resize=300,300&ssl=1","fifu_image_url":"https:\/\/interpim.erresse-shop.it\/Import\/Prodotti\/products-cook20expertnero.jpg","_links":{"self":[{"href":"https:\/\/dev6.erresse-shop.it\/es\/wp-json\/wp\/v2\/product\/1875778","targetHints":{"allow":["GET"]}}],"collection":[{"href":"https:\/\/dev6.erresse-shop.it\/es\/wp-json\/wp\/v2\/product"}],"about":[{"href":"https:\/\/dev6.erresse-shop.it\/es\/wp-json\/wp\/v2\/types\/product"}],"wp:featuredmedia":[{"embeddable":true,"href":"https:\/\/dev6.erresse-shop.it\/es\/wp-json\/wp\/v2\/media\/6300052"}],"wp:attachment":[{"href":"https:\/\/dev6.erresse-shop.it\/es\/wp-json\/wp\/v2\/media?parent=1875778"}],"wp:term":[{"taxonomy":"product_cat","embeddable":true,"href":"https:\/\/dev6.erresse-shop.it\/es\/wp-json\/wp\/v2\/product_cat?post=1875778"},{"taxonomy":"product_tag","embeddable":true,"href":"https:\/\/dev6.erresse-shop.it\/es\/wp-json\/wp\/v2\/product_tag?post=1875778"}],"curies":[{"name":"wp","href":"https:\/\/api.w.org\/{rel}","templated":true}]}}