{"id":1875772,"date":"2026-04-10T08:46:28","date_gmt":"2026-04-10T06:46:28","guid":{"rendered":"https:\/\/dev6.erresse-shop.it\/shop\/sin%20categor\u00eda\/zwilling-juego-4-cuchillos-para-carne-professional-s\/"},"modified":"2025-09-14T07:27:29","modified_gmt":"2025-09-14T05:27:29","slug":"zwilling-juego-4-cuchillos-para-carne-professional-s","status":"publish","type":"product","link":"https:\/\/dev6.erresse-shop.it\/es\/shop\/tabla\/cubiertos\/zwilling-juego-4-cuchillos-para-carne-professional-s\/","title":{"rendered":"ZWILLING Juego 4 Cuchillos para Carne Professional S"},"content":{"rendered":"<p>PROFESIONAL \u201cS\u201d<br \/>\nUn cl\u00e1sico de la cocina profesional.<\/p>\n<p>TRADICIONAL Y CL\u00c1SICO<br \/>\nLos chefs profesionales de todo el mundo conf\u00edan en la calidad y la tradici\u00f3n de esta serie de cuchillos remachados. La solidez de todo el acero y la elaboraci\u00f3n sin fisuras crean un excelente equilibrio y un manejo seguro.<\/p>\n<p>\u2013 CALIDAD:<br \/>\nLa composici\u00f3n \u00fanica del acero ZWILLING J.A. HENCKELS representa el equilibrio perfecto entre el contenido de cromo y carbono \u2013 el secreto de un acero de primera clase. Los cuchillos que llevan la marca FRIODUR son el producto de un tratamiento especial de endurecimiento criog\u00e9nico que mejora su calidad. Conservan extraordinariamente bien su filo, son especialmente resistentes a la corrosi\u00f3n y flexibles.<\/p>\n<p>\u2013 FUNCIONALIDAD:<br \/>\nEl nudo asegura el equilibrio correcto, tambi\u00e9n act\u00faa como protecci\u00f3n para los dedos, evitando que se deslicen del mango a la hoja.<\/p>\n<p>\u2013 PRECISI\u00d3N:<br \/>\nLos cuchillos de la marca SIGMAFORGE se obtienen mediante un forjado de precisi\u00f3n a partir de una sola pieza de acero, para conseguir una geometr\u00eda perfecta. Un requisito fundamental para un afilado de precisi\u00f3n y las mejores propiedades de corte.<\/p>\n<p>\u2013 LA MANEJABILIDAD:<br \/>\nLa continuidad de las l\u00edneas entre el nudo y el mango garantiza la m\u00e1xima manipulaci\u00f3n.<\/p>\n<p>\u2013 FUERZA:<br \/>\nUn cl\u00e1sico de la cocina profesional. El dise\u00f1o de 3 remaches con espiga sin fisuras es sin\u00f3nimo de equilibrio perfecto.<\/p>\n<p>Hoja perfecta para cortar costillas y filetes.<\/p>\n","protected":false},"excerpt":{"rendered":"<p>PROFESIONAL \u201cS\u201d Un cl\u00e1sico de la cocina profesional. TRADICIONAL Y CL\u00c1SICO Los chefs profesionales de todo el mundo conf\u00edan en la calidad y la tradici\u00f3n de esta serie de cuchillos remachados. La solidez de todo el acero y la elaboraci\u00f3n sin fisuras crean un excelente equilibrio y un manejo seguro. \u2013 CALIDAD: La composici\u00f3n \u00fanica [&hellip;]<\/p>\n","protected":false},"featured_media":6299962,"template":"","meta":{"_acf_changed":false},"product_cat":[11884,11670,11888,11886,11887],"product_tag":[],"class_list":{"0":"post-1875772","1":"product","2":"type-product","3":"status-publish","4":"has-post-thumbnail","6":"product_cat-cocina","7":"product_cat-coltelli-da-tavola","8":"product_cat-cubiertos","9":"product_cat-cuchillos-de-mesa","10":"product_cat-tabla","12":"first","13":"outofstock","14":"sale","15":"taxable","16":"shipping-taxable","17":"purchasable","18":"product-type-simple","swatches":"rey-swatches","show_selected":"","stretch_labels":"rey-swatches--stretch-labels"},"acf":[],"yoast_head":"<!-- This site is optimized with the Yoast SEO plugin v25.4 - https:\/\/yoast.com\/wordpress\/plugins\/seo\/ -->\n<title>ZWILLING Juego 4 Cuchillos para Carne Professional S - dev6 Erresse<\/title>\n<meta name=\"description\" content=\"PROFESIONAL \u201cS\u201d Un cl\u00e1sico de la cocina profesional. TRADICIONAL Y CL\u00c1SICO Los chefs profesionales de todo el mundo conf\u00edan en la calidad y la tradici\u00f3n\" \/>\n<meta name=\"robots\" content=\"noindex, follow, max-snippet:-1, max-image-preview:large, max-video-preview:-1\" \/>\n<meta property=\"og:locale\" content=\"es_ES\" \/>\n<meta property=\"og:type\" content=\"article\" \/>\n<meta property=\"og:title\" content=\"ZWILLING Juego 4 Cuchillos para Carne Professional S - dev6 Erresse\" \/>\n<meta property=\"og:description\" content=\"PROFESIONAL \u201cS\u201d Un cl\u00e1sico de la cocina profesional. TRADICIONAL Y CL\u00c1SICO Los chefs profesionales de todo el mundo conf\u00edan en la calidad y la tradici\u00f3n\" \/>\n<meta property=\"og:url\" content=\"https:\/\/dev6.erresse-shop.it\/es\/shop\/tabla\/cubiertos\/zwilling-juego-4-cuchillos-para-carne-professional-s\/\" \/>\n<meta property=\"og:site_name\" content=\"dev6 Erresse\" \/>\n<meta property=\"og:image\" content=\"https:\/\/interpim.erresse-shop.it\/Import\/Prodotti\/products-39188-000.jpg\" \/><meta property=\"og:image\" content=\"https:\/\/interpim.erresse-shop.it\/Import\/Prodotti\/products-39188-000.jpg\" \/>\n\t<meta property=\"og:image:width\" content=\"1024\" \/>\n\t<meta property=\"og:image:height\" content=\"1024\" \/>\n\t<meta property=\"og:image:type\" content=\"image\/jpeg\" \/>\n<meta name=\"twitter:card\" content=\"summary_large_image\" \/>\n<meta name=\"twitter:image\" content=\"https:\/\/interpim.erresse-shop.it\/Import\/Prodotti\/products-39188-000.jpg\" \/>\n<script type=\"application\/ld+json\" class=\"yoast-schema-graph\">{\"@context\":\"https:\/\/schema.org\",\"@graph\":[{\"@type\":\"WebPage\",\"@id\":\"https:\/\/dev6.erresse-shop.it\/es\/shop\/tabla\/cubiertos\/zwilling-juego-4-cuchillos-para-carne-professional-s\/\",\"url\":\"https:\/\/dev6.erresse-shop.it\/es\/shop\/tabla\/cubiertos\/zwilling-juego-4-cuchillos-para-carne-professional-s\/\",\"name\":\"ZWILLING Juego 4 Cuchillos para Carne Professional S - dev6 Erresse\",\"isPartOf\":{\"@id\":\"https:\/\/dev6.erresse-shop.it\/#website\"},\"primaryImageOfPage\":{\"@id\":\"https:\/\/dev6.erresse-shop.it\/es\/shop\/tabla\/cubiertos\/zwilling-juego-4-cuchillos-para-carne-professional-s\/#primaryimage\"},\"image\":{\"@id\":\"https:\/\/dev6.erresse-shop.it\/es\/shop\/tabla\/cubiertos\/zwilling-juego-4-cuchillos-para-carne-professional-s\/#primaryimage\"},\"thumbnailUrl\":\"https:\/\/i2.wp.com\/interpim.erresse-shop.it\/Import\/Prodotti\/products-39188-000.jpg?ssl=1\",\"datePublished\":\"2026-04-10T06:46:28+00:00\",\"description\":\"PROFESIONAL \u201cS\u201d Un cl\u00e1sico de la cocina profesional. TRADICIONAL Y CL\u00c1SICO Los chefs profesionales de todo el mundo conf\u00edan en la calidad y la tradici\u00f3n\",\"breadcrumb\":{\"@id\":\"https:\/\/dev6.erresse-shop.it\/es\/shop\/tabla\/cubiertos\/zwilling-juego-4-cuchillos-para-carne-professional-s\/#breadcrumb\"},\"inLanguage\":\"es\",\"potentialAction\":[{\"@type\":\"ReadAction\",\"target\":[\"https:\/\/dev6.erresse-shop.it\/es\/shop\/tabla\/cubiertos\/zwilling-juego-4-cuchillos-para-carne-professional-s\/\"]}]},{\"@type\":\"ImageObject\",\"inLanguage\":\"es\",\"@id\":\"https:\/\/dev6.erresse-shop.it\/es\/shop\/tabla\/cubiertos\/zwilling-juego-4-cuchillos-para-carne-professional-s\/#primaryimage\",\"url\":\"https:\/\/i2.wp.com\/interpim.erresse-shop.it\/Import\/Prodotti\/products-39188-000.jpg?ssl=1\",\"contentUrl\":\"https:\/\/i2.wp.com\/interpim.erresse-shop.it\/Import\/Prodotti\/products-39188-000.jpg?ssl=1\"},{\"@type\":\"BreadcrumbList\",\"@id\":\"https:\/\/dev6.erresse-shop.it\/es\/shop\/tabla\/cubiertos\/zwilling-juego-4-cuchillos-para-carne-professional-s\/#breadcrumb\",\"itemListElement\":[{\"@type\":\"ListItem\",\"position\":1,\"name\":\"Home\",\"item\":\"https:\/\/dev6.erresse-shop.it\/\"},{\"@type\":\"ListItem\",\"position\":2,\"name\":\"Tienda\",\"item\":\"https:\/\/dev6.erresse-shop.it\/shop\/\"},{\"@type\":\"ListItem\",\"position\":3,\"name\":\"ZWILLING Juego 4 Cuchillos para Carne Professional S\"}]},{\"@type\":\"WebSite\",\"@id\":\"https:\/\/dev6.erresse-shop.it\/#website\",\"url\":\"https:\/\/dev6.erresse-shop.it\/\",\"name\":\"Erresse Shop\",\"description\":\"\",\"publisher\":{\"@id\":\"https:\/\/dev6.erresse-shop.it\/#organization\"},\"potentialAction\":[{\"@type\":\"SearchAction\",\"target\":{\"@type\":\"EntryPoint\",\"urlTemplate\":\"https:\/\/dev6.erresse-shop.it\/?s={search_term_string}\"},\"query-input\":{\"@type\":\"PropertyValueSpecification\",\"valueRequired\":true,\"valueName\":\"search_term_string\"}}],\"inLanguage\":\"es\"},{\"@type\":\"Organization\",\"@id\":\"https:\/\/dev6.erresse-shop.it\/#organization\",\"name\":\"Erresse Shop\",\"url\":\"https:\/\/dev6.erresse-shop.it\/\",\"logo\":{\"@type\":\"ImageObject\",\"inLanguage\":\"es\",\"@id\":\"https:\/\/dev6.erresse-shop.it\/#\/schema\/logo\/image\/\",\"url\":\"https:\/\/dev6.erresse-shop.it\/wp-content\/uploads\/2025\/01\/LOGO-ERRESSE-CLASSICO.svg\",\"contentUrl\":\"https:\/\/dev6.erresse-shop.it\/wp-content\/uploads\/2025\/01\/LOGO-ERRESSE-CLASSICO.svg\",\"caption\":\"Erresse Shop\"},\"image\":{\"@id\":\"https:\/\/dev6.erresse-shop.it\/#\/schema\/logo\/image\/\"}}]}<\/script>\n<!-- \/ Yoast SEO plugin. -->","yoast_head_json":{"title":"ZWILLING Juego 4 Cuchillos para Carne Professional S - dev6 Erresse","description":"PROFESIONAL \u201cS\u201d Un cl\u00e1sico de la cocina profesional. TRADICIONAL Y CL\u00c1SICO Los chefs profesionales de todo el mundo conf\u00edan en la calidad y la tradici\u00f3n","robots":{"index":"noindex","follow":"follow","max-snippet":"max-snippet:-1","max-image-preview":"max-image-preview:large","max-video-preview":"max-video-preview:-1"},"og_locale":"es_ES","og_type":"article","og_title":"ZWILLING Juego 4 Cuchillos para Carne Professional S - dev6 Erresse","og_description":"PROFESIONAL \u201cS\u201d Un cl\u00e1sico de la cocina profesional. TRADICIONAL Y CL\u00c1SICO Los chefs profesionales de todo el mundo conf\u00edan en la calidad y la tradici\u00f3n","og_url":"https:\/\/dev6.erresse-shop.it\/es\/shop\/tabla\/cubiertos\/zwilling-juego-4-cuchillos-para-carne-professional-s\/","og_site_name":"dev6 Erresse","og_image":[{"url":"https:\/\/interpim.erresse-shop.it\/Import\/Prodotti\/products-39188-000.jpg","type":"","width":"","height":""},{"url":"https:\/\/interpim.erresse-shop.it\/Import\/Prodotti\/products-39188-000.jpg","width":1024,"height":1024,"type":"image\/jpeg"}],"twitter_card":"summary_large_image","twitter_image":"https:\/\/interpim.erresse-shop.it\/Import\/Prodotti\/products-39188-000.jpg","schema":{"@context":"https:\/\/schema.org","@graph":[{"@type":"WebPage","@id":"https:\/\/dev6.erresse-shop.it\/es\/shop\/tabla\/cubiertos\/zwilling-juego-4-cuchillos-para-carne-professional-s\/","url":"https:\/\/dev6.erresse-shop.it\/es\/shop\/tabla\/cubiertos\/zwilling-juego-4-cuchillos-para-carne-professional-s\/","name":"ZWILLING Juego 4 Cuchillos para Carne Professional S - dev6 Erresse","isPartOf":{"@id":"https:\/\/dev6.erresse-shop.it\/#website"},"primaryImageOfPage":{"@id":"https:\/\/dev6.erresse-shop.it\/es\/shop\/tabla\/cubiertos\/zwilling-juego-4-cuchillos-para-carne-professional-s\/#primaryimage"},"image":{"@id":"https:\/\/dev6.erresse-shop.it\/es\/shop\/tabla\/cubiertos\/zwilling-juego-4-cuchillos-para-carne-professional-s\/#primaryimage"},"thumbnailUrl":"https:\/\/i2.wp.com\/interpim.erresse-shop.it\/Import\/Prodotti\/products-39188-000.jpg?ssl=1","datePublished":"2026-04-10T06:46:28+00:00","description":"PROFESIONAL \u201cS\u201d Un cl\u00e1sico de la cocina profesional. TRADICIONAL Y CL\u00c1SICO Los chefs profesionales de todo el mundo conf\u00edan en la calidad y la tradici\u00f3n","breadcrumb":{"@id":"https:\/\/dev6.erresse-shop.it\/es\/shop\/tabla\/cubiertos\/zwilling-juego-4-cuchillos-para-carne-professional-s\/#breadcrumb"},"inLanguage":"es","potentialAction":[{"@type":"ReadAction","target":["https:\/\/dev6.erresse-shop.it\/es\/shop\/tabla\/cubiertos\/zwilling-juego-4-cuchillos-para-carne-professional-s\/"]}]},{"@type":"ImageObject","inLanguage":"es","@id":"https:\/\/dev6.erresse-shop.it\/es\/shop\/tabla\/cubiertos\/zwilling-juego-4-cuchillos-para-carne-professional-s\/#primaryimage","url":"https:\/\/i2.wp.com\/interpim.erresse-shop.it\/Import\/Prodotti\/products-39188-000.jpg?ssl=1","contentUrl":"https:\/\/i2.wp.com\/interpim.erresse-shop.it\/Import\/Prodotti\/products-39188-000.jpg?ssl=1"},{"@type":"BreadcrumbList","@id":"https:\/\/dev6.erresse-shop.it\/es\/shop\/tabla\/cubiertos\/zwilling-juego-4-cuchillos-para-carne-professional-s\/#breadcrumb","itemListElement":[{"@type":"ListItem","position":1,"name":"Home","item":"https:\/\/dev6.erresse-shop.it\/"},{"@type":"ListItem","position":2,"name":"Tienda","item":"https:\/\/dev6.erresse-shop.it\/shop\/"},{"@type":"ListItem","position":3,"name":"ZWILLING Juego 4 Cuchillos para Carne Professional S"}]},{"@type":"WebSite","@id":"https:\/\/dev6.erresse-shop.it\/#website","url":"https:\/\/dev6.erresse-shop.it\/","name":"Erresse Shop","description":"","publisher":{"@id":"https:\/\/dev6.erresse-shop.it\/#organization"},"potentialAction":[{"@type":"SearchAction","target":{"@type":"EntryPoint","urlTemplate":"https:\/\/dev6.erresse-shop.it\/?s={search_term_string}"},"query-input":{"@type":"PropertyValueSpecification","valueRequired":true,"valueName":"search_term_string"}}],"inLanguage":"es"},{"@type":"Organization","@id":"https:\/\/dev6.erresse-shop.it\/#organization","name":"Erresse Shop","url":"https:\/\/dev6.erresse-shop.it\/","logo":{"@type":"ImageObject","inLanguage":"es","@id":"https:\/\/dev6.erresse-shop.it\/#\/schema\/logo\/image\/","url":"https:\/\/dev6.erresse-shop.it\/wp-content\/uploads\/2025\/01\/LOGO-ERRESSE-CLASSICO.svg","contentUrl":"https:\/\/dev6.erresse-shop.it\/wp-content\/uploads\/2025\/01\/LOGO-ERRESSE-CLASSICO.svg","caption":"Erresse Shop"},"image":{"@id":"https:\/\/dev6.erresse-shop.it\/#\/schema\/logo\/image\/"}}]}},"df_price":139,"df_sale_price":139,"df_regular_price":199,"df_image_link":"https:\/\/i2.wp.com\/interpim.erresse-shop.it\/Import\/Prodotti\/products-39188-000.jpg?resize=300,300&ssl=1","fifu_image_url":"https:\/\/interpim.erresse-shop.it\/Import\/Prodotti\/products-39188-000.jpg","_links":{"self":[{"href":"https:\/\/dev6.erresse-shop.it\/es\/wp-json\/wp\/v2\/product\/1875772","targetHints":{"allow":["GET"]}}],"collection":[{"href":"https:\/\/dev6.erresse-shop.it\/es\/wp-json\/wp\/v2\/product"}],"about":[{"href":"https:\/\/dev6.erresse-shop.it\/es\/wp-json\/wp\/v2\/types\/product"}],"wp:featuredmedia":[{"embeddable":true,"href":"https:\/\/dev6.erresse-shop.it\/es\/wp-json\/wp\/v2\/media\/6299962"}],"wp:attachment":[{"href":"https:\/\/dev6.erresse-shop.it\/es\/wp-json\/wp\/v2\/media?parent=1875772"}],"wp:term":[{"taxonomy":"product_cat","embeddable":true,"href":"https:\/\/dev6.erresse-shop.it\/es\/wp-json\/wp\/v2\/product_cat?post=1875772"},{"taxonomy":"product_tag","embeddable":true,"href":"https:\/\/dev6.erresse-shop.it\/es\/wp-json\/wp\/v2\/product_tag?post=1875772"}],"curies":[{"name":"wp","href":"https:\/\/api.w.org\/{rel}","templated":true}]}}