{"id":1875744,"date":"2026-05-06T09:51:43","date_gmt":"2026-05-06T07:51:43","guid":{"rendered":"https:\/\/dev6.erresse-shop.it\/shop\/sin%20categor\u00eda\/magimix-vaporera-multifuncion\/"},"modified":"2025-07-19T04:12:33","modified_gmt":"2025-07-19T02:12:33","slug":"magimix-vaporera-multifuncion","status":"publish","type":"product","link":"https:\/\/dev6.erresse-shop.it\/es\/shop\/pequenos-electrodomesticos\/vaporeras\/magimix-vaporera-multifuncion\/","title":{"rendered":"MAGIMIX Vaporera Multifunci\u00f3n"},"content":{"rendered":"<p>MAGIMIX. GARANT\u00cdA ITALIANA<\/p>\n<p>Es en Francia, en el coraz\u00f3n de la Borgo\u00f1a, regi\u00f3n famosa por su gastronom\u00eda, donde Magimix invent\u00f3 el robot de cocina hace m\u00e1s de cuarenta a\u00f1os.<br \/>\nHoy en d\u00eda, los aparatos Magimix son la versi\u00f3n dom\u00e9stica de los aparatos dise\u00f1ados para los profesionales. Los mejores restaurantes del mundo utilizan la versi\u00f3n profesional de nuestros productos.<br \/>\nDentro de la gama Magimix, encontrar\u00e1 toda la gama de peque\u00f1os electrodom\u00e9sticos de cocina.<br \/>\nSiempre a la vanguardia de la innovaci\u00f3n en la cocina, Magimix se complace en presentar su \u00faltima colecci\u00f3n para el placer de cocinar como un gran cocinero.<\/p>\n<p>VAPORIZADOR MULTIFUNCI\u00d3N<\/p>\n<p>La cocci\u00f3n al vapor combina la salud y el sabor de los alimentos. Las verduras se mantienen crujientes, las carnes bien cocinadas se mantienen m\u00e1s suaves, el pescado conserva su aroma\u2026<br \/>\nElemento calefactor ultrapotente (1900 W) para alcanzar la temperatura r\u00e1pidamente.<br \/>\n2 cestas de acero inoxidable de 5,5 litros para cocinar diferentes alimentos simult\u00e1neamente y conservar las vitaminas y sabores de cada uno de ellos.<br \/>\nVolumen m\u00e1ximo: la cesta superior tiene un fondo extra\u00edble para variar la capacidad y cocinar piezas m\u00e1s grandes (pollo, alcachofas, etc.).<br \/>\nCapacidad total: 12,2 litros.<\/p>\n<p>DESCRIPCI\u00d3N T\u00c9CNICA<br \/>\nCapacidad 2 cestas de 5,5 litros<br \/>\n4 funciones preprogramadas: vapor, pescado, yogur, calentador de alimentos<br \/>\nVapor \u2013 100\u00b0 carne, verduras, arroz, postre<br \/>\nPescado \u2013 Cocci\u00f3n suave a 80\u00ba para respetar la consistencia del pescado<br \/>\nCalentador de alimentos \u2013 60\u00b0 para mantener el calor o recalentar<br \/>\nYogur \u2013 Yogur casero de 40\u00ba<br \/>\nCesta de volumen m\u00e1ximo de 12,2 l con fondo extra\u00edble<br \/>\nDep\u00f3sito de agua de acero inoxidable de 1,2 litros<br \/>\nTemporizador digital con parada autom\u00e1tica<br \/>\nCesta multifunci\u00f3n de acero inoxidable<br \/>\nPortahuevos integrado para 6 huevos<br \/>\nCesta de vapor de acero inoxidable<br \/>\nTapa de cristal<br \/>\nCable extra\u00edble<br \/>\nApto para el lavavajillas<br \/>\nSeguridad de vac\u00edo, indicador de sonido<\/p>\n<p>Material 0% BPA<br \/>\nPotencia 1900 W<br \/>\nGarant\u00eda 3 a\u00f1os<br \/>\nDimensiones H295 x W390 x P261 mm<br \/>\nPeso 4,3 kg<\/p>\n<p>No se vende fuera de Europa<\/p>\n","protected":false},"excerpt":{"rendered":"<p>MAGIMIX. GARANT\u00cdA ITALIANA Es en Francia, en el coraz\u00f3n de la Borgo\u00f1a, regi\u00f3n famosa por su gastronom\u00eda, donde Magimix invent\u00f3 el robot de cocina hace m\u00e1s de cuarenta a\u00f1os. Hoy en d\u00eda, los aparatos Magimix son la versi\u00f3n dom\u00e9stica de los aparatos dise\u00f1ados para los profesionales. Los mejores restaurantes del mundo utilizan la versi\u00f3n profesional [&hellip;]<\/p>\n","protected":false},"featured_media":7000633,"template":"","meta":{"_acf_changed":false},"product_cat":[11947,11988,11772],"product_tag":[],"class_list":{"0":"post-1875744","1":"product","2":"type-product","3":"status-publish","4":"has-post-thumbnail","6":"product_cat-pequenos-electrodomesticos","7":"product_cat-vaporeras","8":"product_cat-vaporiere","10":"first","11":"instock","12":"sale","13":"taxable","14":"shipping-taxable","15":"purchasable","16":"product-type-simple","swatches":"rey-swatches","show_selected":"","stretch_labels":"rey-swatches--stretch-labels"},"acf":[],"yoast_head":"<!-- This site is optimized with the Yoast SEO plugin v25.4 - https:\/\/yoast.com\/wordpress\/plugins\/seo\/ -->\n<title>MAGIMIX Vaporera Multifunci\u00f3n - dev6 Erresse<\/title>\n<meta name=\"description\" content=\"MAGIMIX. GARANT\u00cdA ITALIANA Es en Francia, en el coraz\u00f3n de la Borgo\u00f1a, regi\u00f3n famosa por su gastronom\u00eda, donde Magimix invent\u00f3 el robot de cocina hace m\u00e1s\" \/>\n<meta name=\"robots\" content=\"noindex, follow, max-snippet:-1, max-image-preview:large, max-video-preview:-1\" \/>\n<meta property=\"og:locale\" content=\"es_ES\" \/>\n<meta property=\"og:type\" content=\"article\" \/>\n<meta property=\"og:title\" content=\"MAGIMIX Vaporera Multifunci\u00f3n - dev6 Erresse\" \/>\n<meta property=\"og:description\" content=\"MAGIMIX. GARANT\u00cdA ITALIANA Es en Francia, en el coraz\u00f3n de la Borgo\u00f1a, regi\u00f3n famosa por su gastronom\u00eda, donde Magimix invent\u00f3 el robot de cocina hace m\u00e1s\" \/>\n<meta property=\"og:url\" content=\"https:\/\/dev6.erresse-shop.it\/es\/shop\/pequenos-electrodomesticos\/vaporeras\/magimix-vaporera-multifuncion\/\" \/>\n<meta property=\"og:site_name\" content=\"dev6 Erresse\" \/>\n<meta property=\"og:image\" content=\"https:\/\/interpim.erresse-shop.it\/Import\/Prodotti\/products-63177606111581.jpg\" \/><meta property=\"og:image\" content=\"https:\/\/interpim.erresse-shop.it\/Import\/Prodotti\/products-63177606111581.jpg\" \/>\n\t<meta property=\"og:image:width\" content=\"1024\" \/>\n\t<meta property=\"og:image:height\" content=\"1024\" \/>\n\t<meta property=\"og:image:type\" content=\"image\/jpeg\" \/>\n<meta name=\"twitter:card\" content=\"summary_large_image\" \/>\n<meta name=\"twitter:image\" content=\"https:\/\/interpim.erresse-shop.it\/Import\/Prodotti\/products-63177606111581.jpg\" \/>\n<script type=\"application\/ld+json\" class=\"yoast-schema-graph\">{\"@context\":\"https:\/\/schema.org\",\"@graph\":[{\"@type\":\"WebPage\",\"@id\":\"https:\/\/dev6.erresse-shop.it\/es\/shop\/pequenos-electrodomesticos\/vaporeras\/magimix-vaporera-multifuncion\/\",\"url\":\"https:\/\/dev6.erresse-shop.it\/es\/shop\/pequenos-electrodomesticos\/vaporeras\/magimix-vaporera-multifuncion\/\",\"name\":\"MAGIMIX Vaporera Multifunci\u00f3n - dev6 Erresse\",\"isPartOf\":{\"@id\":\"https:\/\/dev6.erresse-shop.it\/#website\"},\"primaryImageOfPage\":{\"@id\":\"https:\/\/dev6.erresse-shop.it\/es\/shop\/pequenos-electrodomesticos\/vaporeras\/magimix-vaporera-multifuncion\/#primaryimage\"},\"image\":{\"@id\":\"https:\/\/dev6.erresse-shop.it\/es\/shop\/pequenos-electrodomesticos\/vaporeras\/magimix-vaporera-multifuncion\/#primaryimage\"},\"thumbnailUrl\":\"https:\/\/i2.wp.com\/interpim.erresse-shop.it\/Import\/Prodotti\/products-63177606111581.jpg?ssl=1\",\"datePublished\":\"2026-05-06T07:51:43+00:00\",\"description\":\"MAGIMIX. GARANT\u00cdA ITALIANA Es en Francia, en el coraz\u00f3n de la Borgo\u00f1a, regi\u00f3n famosa por su gastronom\u00eda, donde Magimix invent\u00f3 el robot de cocina hace m\u00e1s\",\"breadcrumb\":{\"@id\":\"https:\/\/dev6.erresse-shop.it\/es\/shop\/pequenos-electrodomesticos\/vaporeras\/magimix-vaporera-multifuncion\/#breadcrumb\"},\"inLanguage\":\"es\",\"potentialAction\":[{\"@type\":\"ReadAction\",\"target\":[\"https:\/\/dev6.erresse-shop.it\/es\/shop\/pequenos-electrodomesticos\/vaporeras\/magimix-vaporera-multifuncion\/\"]}]},{\"@type\":\"ImageObject\",\"inLanguage\":\"es\",\"@id\":\"https:\/\/dev6.erresse-shop.it\/es\/shop\/pequenos-electrodomesticos\/vaporeras\/magimix-vaporera-multifuncion\/#primaryimage\",\"url\":\"https:\/\/i2.wp.com\/interpim.erresse-shop.it\/Import\/Prodotti\/products-63177606111581.jpg?ssl=1\",\"contentUrl\":\"https:\/\/i2.wp.com\/interpim.erresse-shop.it\/Import\/Prodotti\/products-63177606111581.jpg?ssl=1\"},{\"@type\":\"BreadcrumbList\",\"@id\":\"https:\/\/dev6.erresse-shop.it\/es\/shop\/pequenos-electrodomesticos\/vaporeras\/magimix-vaporera-multifuncion\/#breadcrumb\",\"itemListElement\":[{\"@type\":\"ListItem\",\"position\":1,\"name\":\"Home\",\"item\":\"https:\/\/dev6.erresse-shop.it\/\"},{\"@type\":\"ListItem\",\"position\":2,\"name\":\"Tienda\",\"item\":\"https:\/\/dev6.erresse-shop.it\/shop\/\"},{\"@type\":\"ListItem\",\"position\":3,\"name\":\"MAGIMIX Vaporera Multifunci\u00f3n\"}]},{\"@type\":\"WebSite\",\"@id\":\"https:\/\/dev6.erresse-shop.it\/#website\",\"url\":\"https:\/\/dev6.erresse-shop.it\/\",\"name\":\"Erresse Shop\",\"description\":\"\",\"publisher\":{\"@id\":\"https:\/\/dev6.erresse-shop.it\/#organization\"},\"potentialAction\":[{\"@type\":\"SearchAction\",\"target\":{\"@type\":\"EntryPoint\",\"urlTemplate\":\"https:\/\/dev6.erresse-shop.it\/?s={search_term_string}\"},\"query-input\":{\"@type\":\"PropertyValueSpecification\",\"valueRequired\":true,\"valueName\":\"search_term_string\"}}],\"inLanguage\":\"es\"},{\"@type\":\"Organization\",\"@id\":\"https:\/\/dev6.erresse-shop.it\/#organization\",\"name\":\"Erresse Shop\",\"url\":\"https:\/\/dev6.erresse-shop.it\/\",\"logo\":{\"@type\":\"ImageObject\",\"inLanguage\":\"es\",\"@id\":\"https:\/\/dev6.erresse-shop.it\/#\/schema\/logo\/image\/\",\"url\":\"https:\/\/dev6.erresse-shop.it\/wp-content\/uploads\/2025\/01\/LOGO-ERRESSE-CLASSICO.svg\",\"contentUrl\":\"https:\/\/dev6.erresse-shop.it\/wp-content\/uploads\/2025\/01\/LOGO-ERRESSE-CLASSICO.svg\",\"caption\":\"Erresse Shop\"},\"image\":{\"@id\":\"https:\/\/dev6.erresse-shop.it\/#\/schema\/logo\/image\/\"}}]}<\/script>\n<!-- \/ Yoast SEO plugin. -->","yoast_head_json":{"title":"MAGIMIX Vaporera Multifunci\u00f3n - dev6 Erresse","description":"MAGIMIX. GARANT\u00cdA ITALIANA Es en Francia, en el coraz\u00f3n de la Borgo\u00f1a, regi\u00f3n famosa por su gastronom\u00eda, donde Magimix invent\u00f3 el robot de cocina hace m\u00e1s","robots":{"index":"noindex","follow":"follow","max-snippet":"max-snippet:-1","max-image-preview":"max-image-preview:large","max-video-preview":"max-video-preview:-1"},"og_locale":"es_ES","og_type":"article","og_title":"MAGIMIX Vaporera Multifunci\u00f3n - dev6 Erresse","og_description":"MAGIMIX. GARANT\u00cdA ITALIANA Es en Francia, en el coraz\u00f3n de la Borgo\u00f1a, regi\u00f3n famosa por su gastronom\u00eda, donde Magimix invent\u00f3 el robot de cocina hace m\u00e1s","og_url":"https:\/\/dev6.erresse-shop.it\/es\/shop\/pequenos-electrodomesticos\/vaporeras\/magimix-vaporera-multifuncion\/","og_site_name":"dev6 Erresse","og_image":[{"url":"https:\/\/interpim.erresse-shop.it\/Import\/Prodotti\/products-63177606111581.jpg","type":"","width":"","height":""},{"url":"https:\/\/interpim.erresse-shop.it\/Import\/Prodotti\/products-63177606111581.jpg","width":1024,"height":1024,"type":"image\/jpeg"}],"twitter_card":"summary_large_image","twitter_image":"https:\/\/interpim.erresse-shop.it\/Import\/Prodotti\/products-63177606111581.jpg","schema":{"@context":"https:\/\/schema.org","@graph":[{"@type":"WebPage","@id":"https:\/\/dev6.erresse-shop.it\/es\/shop\/pequenos-electrodomesticos\/vaporeras\/magimix-vaporera-multifuncion\/","url":"https:\/\/dev6.erresse-shop.it\/es\/shop\/pequenos-electrodomesticos\/vaporeras\/magimix-vaporera-multifuncion\/","name":"MAGIMIX Vaporera Multifunci\u00f3n - dev6 Erresse","isPartOf":{"@id":"https:\/\/dev6.erresse-shop.it\/#website"},"primaryImageOfPage":{"@id":"https:\/\/dev6.erresse-shop.it\/es\/shop\/pequenos-electrodomesticos\/vaporeras\/magimix-vaporera-multifuncion\/#primaryimage"},"image":{"@id":"https:\/\/dev6.erresse-shop.it\/es\/shop\/pequenos-electrodomesticos\/vaporeras\/magimix-vaporera-multifuncion\/#primaryimage"},"thumbnailUrl":"https:\/\/i2.wp.com\/interpim.erresse-shop.it\/Import\/Prodotti\/products-63177606111581.jpg?ssl=1","datePublished":"2026-05-06T07:51:43+00:00","description":"MAGIMIX. GARANT\u00cdA ITALIANA Es en Francia, en el coraz\u00f3n de la Borgo\u00f1a, regi\u00f3n famosa por su gastronom\u00eda, donde Magimix invent\u00f3 el robot de cocina hace m\u00e1s","breadcrumb":{"@id":"https:\/\/dev6.erresse-shop.it\/es\/shop\/pequenos-electrodomesticos\/vaporeras\/magimix-vaporera-multifuncion\/#breadcrumb"},"inLanguage":"es","potentialAction":[{"@type":"ReadAction","target":["https:\/\/dev6.erresse-shop.it\/es\/shop\/pequenos-electrodomesticos\/vaporeras\/magimix-vaporera-multifuncion\/"]}]},{"@type":"ImageObject","inLanguage":"es","@id":"https:\/\/dev6.erresse-shop.it\/es\/shop\/pequenos-electrodomesticos\/vaporeras\/magimix-vaporera-multifuncion\/#primaryimage","url":"https:\/\/i2.wp.com\/interpim.erresse-shop.it\/Import\/Prodotti\/products-63177606111581.jpg?ssl=1","contentUrl":"https:\/\/i2.wp.com\/interpim.erresse-shop.it\/Import\/Prodotti\/products-63177606111581.jpg?ssl=1"},{"@type":"BreadcrumbList","@id":"https:\/\/dev6.erresse-shop.it\/es\/shop\/pequenos-electrodomesticos\/vaporeras\/magimix-vaporera-multifuncion\/#breadcrumb","itemListElement":[{"@type":"ListItem","position":1,"name":"Home","item":"https:\/\/dev6.erresse-shop.it\/"},{"@type":"ListItem","position":2,"name":"Tienda","item":"https:\/\/dev6.erresse-shop.it\/shop\/"},{"@type":"ListItem","position":3,"name":"MAGIMIX Vaporera Multifunci\u00f3n"}]},{"@type":"WebSite","@id":"https:\/\/dev6.erresse-shop.it\/#website","url":"https:\/\/dev6.erresse-shop.it\/","name":"Erresse Shop","description":"","publisher":{"@id":"https:\/\/dev6.erresse-shop.it\/#organization"},"potentialAction":[{"@type":"SearchAction","target":{"@type":"EntryPoint","urlTemplate":"https:\/\/dev6.erresse-shop.it\/?s={search_term_string}"},"query-input":{"@type":"PropertyValueSpecification","valueRequired":true,"valueName":"search_term_string"}}],"inLanguage":"es"},{"@type":"Organization","@id":"https:\/\/dev6.erresse-shop.it\/#organization","name":"Erresse Shop","url":"https:\/\/dev6.erresse-shop.it\/","logo":{"@type":"ImageObject","inLanguage":"es","@id":"https:\/\/dev6.erresse-shop.it\/#\/schema\/logo\/image\/","url":"https:\/\/dev6.erresse-shop.it\/wp-content\/uploads\/2025\/01\/LOGO-ERRESSE-CLASSICO.svg","contentUrl":"https:\/\/dev6.erresse-shop.it\/wp-content\/uploads\/2025\/01\/LOGO-ERRESSE-CLASSICO.svg","caption":"Erresse Shop"},"image":{"@id":"https:\/\/dev6.erresse-shop.it\/#\/schema\/logo\/image\/"}}]}},"df_price":269.95,"df_sale_price":269.95,"df_regular_price":320,"df_image_link":"https:\/\/i2.wp.com\/interpim.erresse-shop.it\/Import\/Prodotti\/products-63177606111581.jpg?resize=300,300&ssl=1","fifu_image_url":"https:\/\/interpim.erresse-shop.it\/Import\/Prodotti\/products-63177606111581.jpg","_links":{"self":[{"href":"https:\/\/dev6.erresse-shop.it\/es\/wp-json\/wp\/v2\/product\/1875744","targetHints":{"allow":["GET"]}}],"collection":[{"href":"https:\/\/dev6.erresse-shop.it\/es\/wp-json\/wp\/v2\/product"}],"about":[{"href":"https:\/\/dev6.erresse-shop.it\/es\/wp-json\/wp\/v2\/types\/product"}],"wp:featuredmedia":[{"embeddable":true,"href":"https:\/\/dev6.erresse-shop.it\/es\/wp-json\/wp\/v2\/media\/7000633"}],"wp:attachment":[{"href":"https:\/\/dev6.erresse-shop.it\/es\/wp-json\/wp\/v2\/media?parent=1875744"}],"wp:term":[{"taxonomy":"product_cat","embeddable":true,"href":"https:\/\/dev6.erresse-shop.it\/es\/wp-json\/wp\/v2\/product_cat?post=1875744"},{"taxonomy":"product_tag","embeddable":true,"href":"https:\/\/dev6.erresse-shop.it\/es\/wp-json\/wp\/v2\/product_tag?post=1875744"}],"curies":[{"name":"wp","href":"https:\/\/api.w.org\/{rel}","templated":true}]}}