{"id":1875642,"date":"2026-04-10T08:44:24","date_gmt":"2026-04-10T06:44:24","guid":{"rendered":"https:\/\/dev6.erresse-shop.it\/shop\/sin%20categor\u00eda\/zafferano-vem-4300-juego-de-6-calices-de-vino-blanco-y-espumoso\/"},"modified":"2025-07-04T21:03:34","modified_gmt":"2025-07-04T19:03:34","slug":"zafferano-vem-4300-juego-de-6-calices-de-vino-blanco-y-espumoso","status":"publish","type":"product","link":"https:\/\/dev6.erresse-shop.it\/es\/shop\/tabla\/vino\/calices\/zafferano-vem-4300-juego-de-6-calices-de-vino-blanco-y-espumoso\/","title":{"rendered":"ZAFFERANO VEM 4300 juego de 6 C\u00e1lices de Vino Blanco y Espumoso"},"content":{"rendered":"<p>El dise\u00f1o y la funcionalidad inspiran el trabajo de Federico de Majo, cuyas creaciones van desde las l\u00edneas m\u00e1s tradicionales hasta otras de alto contenido t\u00e9cnico, que expresan el gusto por la innovaci\u00f3n y la investigaci\u00f3n de productos.<\/p>\n<p>Con Zafferano, la experiencia de la fabricaci\u00f3n de vidrio se une a la cultura del vino. La historia de Federico de Majo comienza en la cristaler\u00eda familiar de Murano. Fue aqu\u00ed, a mediados de los a\u00f1os 70, donde Federico de Majo comenz\u00f3 a dedicarse con pasi\u00f3n al vidrio soplado y art\u00edstico. M\u00e1s tarde, su atenci\u00f3n y su gusto por el buen beber le llevaron a crear una empresa dedicada a la investigaci\u00f3n y producci\u00f3n de copas de degustaci\u00f3n.<\/p>\n<p>VEM<br \/>\nLas formas sinuosas de esta l\u00ednea no descuidan la vocaci\u00f3n t\u00e9cnica de realzar los aspectos sensoriales de estos vasos.<br \/>\nEmpezando por los tama\u00f1os m\u00e1s peque\u00f1os, aptos para burbujas con aromas primarios, pasamos a las flautas generosas para realzar la potencia de los champanes y los m\u00e9todos cl\u00e1sicos, tanto de a\u00f1ada como de crianza, y finalmente a los dos \u00faltimos tama\u00f1os que dan cabida a importantes tintos envejecidos y amplifican sus aromas con su capacidad y gran superficie de contacto.<\/p>\n","protected":false},"excerpt":{"rendered":"<p>El dise\u00f1o y la funcionalidad inspiran el trabajo de Federico de Majo, cuyas creaciones van desde las l\u00edneas m\u00e1s tradicionales hasta otras de alto contenido t\u00e9cnico, que expresan el gusto por la innovaci\u00f3n y la investigaci\u00f3n de productos. Con Zafferano, la experiencia de la fabricaci\u00f3n de vidrio se une a la cultura del vino. La [&hellip;]<\/p>\n","protected":false},"featured_media":6299434,"template":"","meta":{"_acf_changed":false},"product_cat":[11970,11754,11887,11961],"product_tag":[],"class_list":{"0":"post-1875642","1":"product","2":"type-product","3":"status-publish","4":"has-post-thumbnail","6":"product_cat-calices","7":"product_cat-calici","8":"product_cat-tabla","9":"product_cat-vino","11":"first","12":"outofstock","13":"taxable","14":"shipping-taxable","15":"purchasable","16":"product-type-simple","swatches":"rey-swatches","show_selected":"","stretch_labels":"rey-swatches--stretch-labels"},"acf":[],"yoast_head":"<!-- This site is optimized with the Yoast SEO plugin v25.4 - https:\/\/yoast.com\/wordpress\/plugins\/seo\/ -->\n<title>ZAFFERANO VEM 4300 juego de 6 C\u00e1lices de Vino Blanco y Espumoso - dev6 Erresse<\/title>\n<meta name=\"description\" content=\"El dise\u00f1o y la funcionalidad inspiran el trabajo de Federico de Majo, cuyas creaciones van desde las l\u00edneas m\u00e1s tradicionales hasta otras de alto\" \/>\n<meta name=\"robots\" content=\"noindex, follow, max-snippet:-1, max-image-preview:large, max-video-preview:-1\" \/>\n<meta property=\"og:locale\" content=\"es_ES\" \/>\n<meta property=\"og:type\" content=\"article\" \/>\n<meta property=\"og:title\" content=\"ZAFFERANO VEM 4300 juego de 6 C\u00e1lices de Vino Blanco y Espumoso - dev6 Erresse\" \/>\n<meta property=\"og:description\" content=\"El dise\u00f1o y la funcionalidad inspiran el trabajo de Federico de Majo, cuyas creaciones van desde las l\u00edneas m\u00e1s tradicionales hasta otras de alto\" \/>\n<meta property=\"og:url\" content=\"https:\/\/dev6.erresse-shop.it\/es\/shop\/tabla\/vino\/calices\/zafferano-vem-4300-juego-de-6-calices-de-vino-blanco-y-espumoso\/\" \/>\n<meta property=\"og:site_name\" content=\"dev6 Erresse\" \/>\n<meta property=\"og:image\" content=\"https:\/\/interpim.erresse-shop.it\/img-catalogo\/zafferano\/zafferano-6-calici-vino-bianco-vem4300.jpg\" \/><meta property=\"og:image\" content=\"https:\/\/interpim.erresse-shop.it\/img-catalogo\/zafferano\/zafferano-6-calici-vino-bianco-vem4300.jpg\" \/>\n\t<meta property=\"og:image:width\" content=\"1024\" \/>\n\t<meta property=\"og:image:height\" content=\"1024\" \/>\n\t<meta property=\"og:image:type\" content=\"image\/jpeg\" \/>\n<meta name=\"twitter:card\" content=\"summary_large_image\" \/>\n<meta name=\"twitter:image\" content=\"https:\/\/interpim.erresse-shop.it\/img-catalogo\/zafferano\/zafferano-6-calici-vino-bianco-vem4300.jpg\" \/>\n<script type=\"application\/ld+json\" class=\"yoast-schema-graph\">{\"@context\":\"https:\/\/schema.org\",\"@graph\":[{\"@type\":\"WebPage\",\"@id\":\"https:\/\/dev6.erresse-shop.it\/es\/shop\/tabla\/vino\/calices\/zafferano-vem-4300-juego-de-6-calices-de-vino-blanco-y-espumoso\/\",\"url\":\"https:\/\/dev6.erresse-shop.it\/es\/shop\/tabla\/vino\/calices\/zafferano-vem-4300-juego-de-6-calices-de-vino-blanco-y-espumoso\/\",\"name\":\"ZAFFERANO VEM 4300 juego de 6 C\u00e1lices de Vino Blanco y Espumoso - dev6 Erresse\",\"isPartOf\":{\"@id\":\"https:\/\/dev6.erresse-shop.it\/#website\"},\"primaryImageOfPage\":{\"@id\":\"https:\/\/dev6.erresse-shop.it\/es\/shop\/tabla\/vino\/calices\/zafferano-vem-4300-juego-de-6-calices-de-vino-blanco-y-espumoso\/#primaryimage\"},\"image\":{\"@id\":\"https:\/\/dev6.erresse-shop.it\/es\/shop\/tabla\/vino\/calices\/zafferano-vem-4300-juego-de-6-calices-de-vino-blanco-y-espumoso\/#primaryimage\"},\"thumbnailUrl\":\"https:\/\/i0.wp.com\/interpim.erresse-shop.it\/img-catalogo\/zafferano\/zafferano-6-calici-vino-bianco-vem4300.jpg?ssl=1\",\"datePublished\":\"2026-04-10T06:44:24+00:00\",\"description\":\"El dise\u00f1o y la funcionalidad inspiran el trabajo de Federico de Majo, cuyas creaciones van desde las l\u00edneas m\u00e1s tradicionales hasta otras de alto\",\"breadcrumb\":{\"@id\":\"https:\/\/dev6.erresse-shop.it\/es\/shop\/tabla\/vino\/calices\/zafferano-vem-4300-juego-de-6-calices-de-vino-blanco-y-espumoso\/#breadcrumb\"},\"inLanguage\":\"es\",\"potentialAction\":[{\"@type\":\"ReadAction\",\"target\":[\"https:\/\/dev6.erresse-shop.it\/es\/shop\/tabla\/vino\/calices\/zafferano-vem-4300-juego-de-6-calices-de-vino-blanco-y-espumoso\/\"]}]},{\"@type\":\"ImageObject\",\"inLanguage\":\"es\",\"@id\":\"https:\/\/dev6.erresse-shop.it\/es\/shop\/tabla\/vino\/calices\/zafferano-vem-4300-juego-de-6-calices-de-vino-blanco-y-espumoso\/#primaryimage\",\"url\":\"https:\/\/i0.wp.com\/interpim.erresse-shop.it\/img-catalogo\/zafferano\/zafferano-6-calici-vino-bianco-vem4300.jpg?ssl=1\",\"contentUrl\":\"https:\/\/i0.wp.com\/interpim.erresse-shop.it\/img-catalogo\/zafferano\/zafferano-6-calici-vino-bianco-vem4300.jpg?ssl=1\"},{\"@type\":\"BreadcrumbList\",\"@id\":\"https:\/\/dev6.erresse-shop.it\/es\/shop\/tabla\/vino\/calices\/zafferano-vem-4300-juego-de-6-calices-de-vino-blanco-y-espumoso\/#breadcrumb\",\"itemListElement\":[{\"@type\":\"ListItem\",\"position\":1,\"name\":\"Home\",\"item\":\"https:\/\/dev6.erresse-shop.it\/\"},{\"@type\":\"ListItem\",\"position\":2,\"name\":\"Tienda\",\"item\":\"https:\/\/dev6.erresse-shop.it\/shop\/\"},{\"@type\":\"ListItem\",\"position\":3,\"name\":\"ZAFFERANO VEM 4300 juego de 6 C\u00e1lices de Vino Blanco y Espumoso\"}]},{\"@type\":\"WebSite\",\"@id\":\"https:\/\/dev6.erresse-shop.it\/#website\",\"url\":\"https:\/\/dev6.erresse-shop.it\/\",\"name\":\"Erresse Shop\",\"description\":\"\",\"publisher\":{\"@id\":\"https:\/\/dev6.erresse-shop.it\/#organization\"},\"potentialAction\":[{\"@type\":\"SearchAction\",\"target\":{\"@type\":\"EntryPoint\",\"urlTemplate\":\"https:\/\/dev6.erresse-shop.it\/?s={search_term_string}\"},\"query-input\":{\"@type\":\"PropertyValueSpecification\",\"valueRequired\":true,\"valueName\":\"search_term_string\"}}],\"inLanguage\":\"es\"},{\"@type\":\"Organization\",\"@id\":\"https:\/\/dev6.erresse-shop.it\/#organization\",\"name\":\"Erresse Shop\",\"url\":\"https:\/\/dev6.erresse-shop.it\/\",\"logo\":{\"@type\":\"ImageObject\",\"inLanguage\":\"es\",\"@id\":\"https:\/\/dev6.erresse-shop.it\/#\/schema\/logo\/image\/\",\"url\":\"https:\/\/dev6.erresse-shop.it\/wp-content\/uploads\/2025\/01\/LOGO-ERRESSE-CLASSICO.svg\",\"contentUrl\":\"https:\/\/dev6.erresse-shop.it\/wp-content\/uploads\/2025\/01\/LOGO-ERRESSE-CLASSICO.svg\",\"caption\":\"Erresse Shop\"},\"image\":{\"@id\":\"https:\/\/dev6.erresse-shop.it\/#\/schema\/logo\/image\/\"}}]}<\/script>\n<!-- \/ Yoast SEO plugin. -->","yoast_head_json":{"title":"ZAFFERANO VEM 4300 juego de 6 C\u00e1lices de Vino Blanco y Espumoso - dev6 Erresse","description":"El dise\u00f1o y la funcionalidad inspiran el trabajo de Federico de Majo, cuyas creaciones van desde las l\u00edneas m\u00e1s tradicionales hasta otras de alto","robots":{"index":"noindex","follow":"follow","max-snippet":"max-snippet:-1","max-image-preview":"max-image-preview:large","max-video-preview":"max-video-preview:-1"},"og_locale":"es_ES","og_type":"article","og_title":"ZAFFERANO VEM 4300 juego de 6 C\u00e1lices de Vino Blanco y Espumoso - dev6 Erresse","og_description":"El dise\u00f1o y la funcionalidad inspiran el trabajo de Federico de Majo, cuyas creaciones van desde las l\u00edneas m\u00e1s tradicionales hasta otras de alto","og_url":"https:\/\/dev6.erresse-shop.it\/es\/shop\/tabla\/vino\/calices\/zafferano-vem-4300-juego-de-6-calices-de-vino-blanco-y-espumoso\/","og_site_name":"dev6 Erresse","og_image":[{"url":"https:\/\/interpim.erresse-shop.it\/img-catalogo\/zafferano\/zafferano-6-calici-vino-bianco-vem4300.jpg","type":"","width":"","height":""},{"url":"https:\/\/interpim.erresse-shop.it\/img-catalogo\/zafferano\/zafferano-6-calici-vino-bianco-vem4300.jpg","width":1024,"height":1024,"type":"image\/jpeg"}],"twitter_card":"summary_large_image","twitter_image":"https:\/\/interpim.erresse-shop.it\/img-catalogo\/zafferano\/zafferano-6-calici-vino-bianco-vem4300.jpg","schema":{"@context":"https:\/\/schema.org","@graph":[{"@type":"WebPage","@id":"https:\/\/dev6.erresse-shop.it\/es\/shop\/tabla\/vino\/calices\/zafferano-vem-4300-juego-de-6-calices-de-vino-blanco-y-espumoso\/","url":"https:\/\/dev6.erresse-shop.it\/es\/shop\/tabla\/vino\/calices\/zafferano-vem-4300-juego-de-6-calices-de-vino-blanco-y-espumoso\/","name":"ZAFFERANO VEM 4300 juego de 6 C\u00e1lices de Vino Blanco y Espumoso - dev6 Erresse","isPartOf":{"@id":"https:\/\/dev6.erresse-shop.it\/#website"},"primaryImageOfPage":{"@id":"https:\/\/dev6.erresse-shop.it\/es\/shop\/tabla\/vino\/calices\/zafferano-vem-4300-juego-de-6-calices-de-vino-blanco-y-espumoso\/#primaryimage"},"image":{"@id":"https:\/\/dev6.erresse-shop.it\/es\/shop\/tabla\/vino\/calices\/zafferano-vem-4300-juego-de-6-calices-de-vino-blanco-y-espumoso\/#primaryimage"},"thumbnailUrl":"https:\/\/i0.wp.com\/interpim.erresse-shop.it\/img-catalogo\/zafferano\/zafferano-6-calici-vino-bianco-vem4300.jpg?ssl=1","datePublished":"2026-04-10T06:44:24+00:00","description":"El dise\u00f1o y la funcionalidad inspiran el trabajo de Federico de Majo, cuyas creaciones van desde las l\u00edneas m\u00e1s tradicionales hasta otras de alto","breadcrumb":{"@id":"https:\/\/dev6.erresse-shop.it\/es\/shop\/tabla\/vino\/calices\/zafferano-vem-4300-juego-de-6-calices-de-vino-blanco-y-espumoso\/#breadcrumb"},"inLanguage":"es","potentialAction":[{"@type":"ReadAction","target":["https:\/\/dev6.erresse-shop.it\/es\/shop\/tabla\/vino\/calices\/zafferano-vem-4300-juego-de-6-calices-de-vino-blanco-y-espumoso\/"]}]},{"@type":"ImageObject","inLanguage":"es","@id":"https:\/\/dev6.erresse-shop.it\/es\/shop\/tabla\/vino\/calices\/zafferano-vem-4300-juego-de-6-calices-de-vino-blanco-y-espumoso\/#primaryimage","url":"https:\/\/i0.wp.com\/interpim.erresse-shop.it\/img-catalogo\/zafferano\/zafferano-6-calici-vino-bianco-vem4300.jpg?ssl=1","contentUrl":"https:\/\/i0.wp.com\/interpim.erresse-shop.it\/img-catalogo\/zafferano\/zafferano-6-calici-vino-bianco-vem4300.jpg?ssl=1"},{"@type":"BreadcrumbList","@id":"https:\/\/dev6.erresse-shop.it\/es\/shop\/tabla\/vino\/calices\/zafferano-vem-4300-juego-de-6-calices-de-vino-blanco-y-espumoso\/#breadcrumb","itemListElement":[{"@type":"ListItem","position":1,"name":"Home","item":"https:\/\/dev6.erresse-shop.it\/"},{"@type":"ListItem","position":2,"name":"Tienda","item":"https:\/\/dev6.erresse-shop.it\/shop\/"},{"@type":"ListItem","position":3,"name":"ZAFFERANO VEM 4300 juego de 6 C\u00e1lices de Vino Blanco y Espumoso"}]},{"@type":"WebSite","@id":"https:\/\/dev6.erresse-shop.it\/#website","url":"https:\/\/dev6.erresse-shop.it\/","name":"Erresse Shop","description":"","publisher":{"@id":"https:\/\/dev6.erresse-shop.it\/#organization"},"potentialAction":[{"@type":"SearchAction","target":{"@type":"EntryPoint","urlTemplate":"https:\/\/dev6.erresse-shop.it\/?s={search_term_string}"},"query-input":{"@type":"PropertyValueSpecification","valueRequired":true,"valueName":"search_term_string"}}],"inLanguage":"es"},{"@type":"Organization","@id":"https:\/\/dev6.erresse-shop.it\/#organization","name":"Erresse Shop","url":"https:\/\/dev6.erresse-shop.it\/","logo":{"@type":"ImageObject","inLanguage":"es","@id":"https:\/\/dev6.erresse-shop.it\/#\/schema\/logo\/image\/","url":"https:\/\/dev6.erresse-shop.it\/wp-content\/uploads\/2025\/01\/LOGO-ERRESSE-CLASSICO.svg","contentUrl":"https:\/\/dev6.erresse-shop.it\/wp-content\/uploads\/2025\/01\/LOGO-ERRESSE-CLASSICO.svg","caption":"Erresse Shop"},"image":{"@id":"https:\/\/dev6.erresse-shop.it\/#\/schema\/logo\/image\/"}}]}},"df_price":54,"df_sale_price":"","df_regular_price":54,"df_image_link":"https:\/\/i0.wp.com\/interpim.erresse-shop.it\/img-catalogo\/zafferano\/zafferano-6-calici-vino-bianco-vem4300.jpg?resize=300,300&ssl=1","fifu_image_url":"https:\/\/interpim.erresse-shop.it\/img-catalogo\/zafferano\/zafferano-6-calici-vino-bianco-vem4300.jpg","_links":{"self":[{"href":"https:\/\/dev6.erresse-shop.it\/es\/wp-json\/wp\/v2\/product\/1875642","targetHints":{"allow":["GET"]}}],"collection":[{"href":"https:\/\/dev6.erresse-shop.it\/es\/wp-json\/wp\/v2\/product"}],"about":[{"href":"https:\/\/dev6.erresse-shop.it\/es\/wp-json\/wp\/v2\/types\/product"}],"wp:featuredmedia":[{"embeddable":true,"href":"https:\/\/dev6.erresse-shop.it\/es\/wp-json\/wp\/v2\/media\/6299434"}],"wp:attachment":[{"href":"https:\/\/dev6.erresse-shop.it\/es\/wp-json\/wp\/v2\/media?parent=1875642"}],"wp:term":[{"taxonomy":"product_cat","embeddable":true,"href":"https:\/\/dev6.erresse-shop.it\/es\/wp-json\/wp\/v2\/product_cat?post=1875642"},{"taxonomy":"product_tag","embeddable":true,"href":"https:\/\/dev6.erresse-shop.it\/es\/wp-json\/wp\/v2\/product_tag?post=1875642"}],"curies":[{"name":"wp","href":"https:\/\/api.w.org\/{rel}","templated":true}]}}