{"id":1875624,"date":"2026-05-02T01:45:23","date_gmt":"2026-05-01T23:45:23","guid":{"rendered":"https:\/\/dev6.erresse-shop.it\/shop\/sin%20categor\u00eda\/ruffoni-opus-cupra-sarten-cobre-2-asas-26-cm\/"},"modified":"2025-09-14T07:25:36","modified_gmt":"2025-09-14T05:25:36","slug":"ruffoni-opus-cupra-sarten-cobre-2-asas-26-cm","status":"publish","type":"product","link":"https:\/\/dev6.erresse-shop.it\/es\/shop\/sartenes-y-ollas\/cazuelas\/ruffoni-opus-cupra-sarten-cobre-2-asas-26-cm\/","title":{"rendered":"RUFFONI Opus Cupra Sart\u00e9n Cobre 2 Asas 26 cm"},"content":{"rendered":"<p>El procesamiento del cobre es una verdadera pasi\u00f3n para la empresa Ruffoni, alcanzar los m\u00e1s altos est\u00e1ndares de calidad es su objetivo primordial, superar todas las normativas mundiales en materia de seguridad para la liberaci\u00f3n de plomo en los productos alimenticios es un deber fundamental al que siempre se ha adherido estrictamente. La alta consideraci\u00f3n que el equipo de Ruffoni tiene por su trabajo le obliga a actuar con la m\u00e1xima escrupulosidad, utilizando materiales reciclables tanto para los productos como para los envases, y prefiriendo las t\u00e9cnicas manuales a los procesos qu\u00edmicos y mec\u00e1nicos m\u00e1s baratos.<\/p>\n<p>EL PRODUCTO<br \/>\nNuestra filosof\u00eda es producir objetos profesionales, pero sin exagerar, ya que siempre hemos favorecido la utilidad, la facilidad de uso y los acabados precisos. Al igual que ocurre con el \u00e9xito de una comida, consideramos que la elecci\u00f3n de los ingredientes y el m\u00e9todo de trabajo son fundamentales en la creaci\u00f3n de cada una de estas piezas.<\/p>\n<p>COBRE<br \/>\nS\u00f3lo compramos a proveedores certificados y el grosor utilizado se determina en funci\u00f3n del producto y del tipo de cocci\u00f3n.<\/p>\n<p>OPUS CUPRA<\/p>\n<p>La tecnolog\u00eda de vanguardia ha permitido crear estos excepcionales utensilios de cocina que la habilidad de los maestros caldereros de Ruffoni ha transformado en espl\u00e9ndidas creaciones. Una l\u00ednea de cobre macizo de 2,3 mm de espesor para el mejor control de la temperatura, con un fino n\u00facleo de aluminio y una parte interior de acero inoxidable.<\/p>\n<p>Estas obras de arte martilladas a mano, con asas de acero inoxidable decoradas y pomos de lat\u00f3n plateado, obra de orfebres milaneses, son capaces de satisfacer cualquier necesidad y ganarse un lugar de prestigio en todas las mesas.<\/p>\n<p>Para uso en hornos y en cualquier elemento calefactor (excepto inducci\u00f3n).<\/p>\n","protected":false},"excerpt":{"rendered":"<p>El procesamiento del cobre es una verdadera pasi\u00f3n para la empresa Ruffoni, alcanzar los m\u00e1s altos est\u00e1ndares de calidad es su objetivo primordial, superar todas las normativas mundiales en materia de seguridad para la liberaci\u00f3n de plomo en los productos alimenticios es un deber fundamental al que siempre se ha adherido estrictamente. La alta consideraci\u00f3n [&hellip;]<\/p>\n","protected":false},"featured_media":6969740,"template":"","meta":{"_acf_changed":false},"product_cat":[11904,11667,11883],"product_tag":[],"class_list":{"0":"post-1875624","1":"product","2":"type-product","3":"status-publish","4":"has-post-thumbnail","6":"product_cat-cazuelas","7":"product_cat-padelle-pentole","8":"product_cat-sartenes-y-ollas","10":"first","11":"outofstock","12":"sale","13":"taxable","14":"shipping-taxable","15":"purchasable","16":"product-type-simple","swatches":"rey-swatches","show_selected":"","stretch_labels":"rey-swatches--stretch-labels"},"acf":[],"yoast_head":"<!-- This site is optimized with the Yoast SEO plugin v25.4 - https:\/\/yoast.com\/wordpress\/plugins\/seo\/ -->\n<title>RUFFONI Opus Cupra Sart\u00e9n Cobre 2 Asas 26 cm - dev6 Erresse<\/title>\n<meta name=\"description\" content=\"El procesamiento del cobre es una verdadera pasi\u00f3n para la empresa Ruffoni, alcanzar los m\u00e1s altos est\u00e1ndares de calidad es su objetivo primordial,\" \/>\n<meta name=\"robots\" content=\"noindex, follow, max-snippet:-1, max-image-preview:large, max-video-preview:-1\" \/>\n<meta property=\"og:locale\" content=\"es_ES\" \/>\n<meta property=\"og:type\" content=\"article\" \/>\n<meta property=\"og:title\" content=\"RUFFONI Opus Cupra Sart\u00e9n Cobre 2 Asas 26 cm - dev6 Erresse\" \/>\n<meta property=\"og:description\" content=\"El procesamiento del cobre es una verdadera pasi\u00f3n para la empresa Ruffoni, alcanzar los m\u00e1s altos est\u00e1ndares de calidad es su objetivo primordial,\" \/>\n<meta property=\"og:url\" content=\"https:\/\/dev6.erresse-shop.it\/es\/shop\/sartenes-y-ollas\/cazuelas\/ruffoni-opus-cupra-sarten-cobre-2-asas-26-cm\/\" \/>\n<meta property=\"og:site_name\" content=\"dev6 Erresse\" \/>\n<meta property=\"og:image\" content=\"https:\/\/interpim.erresse-shop.it\/Import\/Prodotti\/products-ch2026.jpg\" \/><meta property=\"og:image\" content=\"https:\/\/interpim.erresse-shop.it\/Import\/Prodotti\/products-ch2026.jpg\" \/>\n\t<meta property=\"og:image:width\" content=\"1024\" \/>\n\t<meta property=\"og:image:height\" content=\"1024\" \/>\n\t<meta property=\"og:image:type\" content=\"image\/jpeg\" \/>\n<meta name=\"twitter:card\" content=\"summary_large_image\" \/>\n<meta name=\"twitter:image\" content=\"https:\/\/interpim.erresse-shop.it\/Import\/Prodotti\/products-ch2026.jpg\" \/>\n<script type=\"application\/ld+json\" class=\"yoast-schema-graph\">{\"@context\":\"https:\/\/schema.org\",\"@graph\":[{\"@type\":\"WebPage\",\"@id\":\"https:\/\/dev6.erresse-shop.it\/es\/shop\/sartenes-y-ollas\/cazuelas\/ruffoni-opus-cupra-sarten-cobre-2-asas-26-cm\/\",\"url\":\"https:\/\/dev6.erresse-shop.it\/es\/shop\/sartenes-y-ollas\/cazuelas\/ruffoni-opus-cupra-sarten-cobre-2-asas-26-cm\/\",\"name\":\"RUFFONI Opus Cupra Sart\u00e9n Cobre 2 Asas 26 cm - dev6 Erresse\",\"isPartOf\":{\"@id\":\"https:\/\/dev6.erresse-shop.it\/#website\"},\"primaryImageOfPage\":{\"@id\":\"https:\/\/dev6.erresse-shop.it\/es\/shop\/sartenes-y-ollas\/cazuelas\/ruffoni-opus-cupra-sarten-cobre-2-asas-26-cm\/#primaryimage\"},\"image\":{\"@id\":\"https:\/\/dev6.erresse-shop.it\/es\/shop\/sartenes-y-ollas\/cazuelas\/ruffoni-opus-cupra-sarten-cobre-2-asas-26-cm\/#primaryimage\"},\"thumbnailUrl\":\"https:\/\/i1.wp.com\/interpim.erresse-shop.it\/Import\/Prodotti\/products-ch2026.jpg?ssl=1\",\"datePublished\":\"2026-05-01T23:45:23+00:00\",\"description\":\"El procesamiento del cobre es una verdadera pasi\u00f3n para la empresa Ruffoni, alcanzar los m\u00e1s altos est\u00e1ndares de calidad es su objetivo primordial,\",\"breadcrumb\":{\"@id\":\"https:\/\/dev6.erresse-shop.it\/es\/shop\/sartenes-y-ollas\/cazuelas\/ruffoni-opus-cupra-sarten-cobre-2-asas-26-cm\/#breadcrumb\"},\"inLanguage\":\"es\",\"potentialAction\":[{\"@type\":\"ReadAction\",\"target\":[\"https:\/\/dev6.erresse-shop.it\/es\/shop\/sartenes-y-ollas\/cazuelas\/ruffoni-opus-cupra-sarten-cobre-2-asas-26-cm\/\"]}]},{\"@type\":\"ImageObject\",\"inLanguage\":\"es\",\"@id\":\"https:\/\/dev6.erresse-shop.it\/es\/shop\/sartenes-y-ollas\/cazuelas\/ruffoni-opus-cupra-sarten-cobre-2-asas-26-cm\/#primaryimage\",\"url\":\"https:\/\/i1.wp.com\/interpim.erresse-shop.it\/Import\/Prodotti\/products-ch2026.jpg?ssl=1\",\"contentUrl\":\"https:\/\/i1.wp.com\/interpim.erresse-shop.it\/Import\/Prodotti\/products-ch2026.jpg?ssl=1\"},{\"@type\":\"BreadcrumbList\",\"@id\":\"https:\/\/dev6.erresse-shop.it\/es\/shop\/sartenes-y-ollas\/cazuelas\/ruffoni-opus-cupra-sarten-cobre-2-asas-26-cm\/#breadcrumb\",\"itemListElement\":[{\"@type\":\"ListItem\",\"position\":1,\"name\":\"Home\",\"item\":\"https:\/\/dev6.erresse-shop.it\/\"},{\"@type\":\"ListItem\",\"position\":2,\"name\":\"Tienda\",\"item\":\"https:\/\/dev6.erresse-shop.it\/shop\/\"},{\"@type\":\"ListItem\",\"position\":3,\"name\":\"RUFFONI Opus Cupra Sart\u00e9n Cobre 2 Asas 26 cm\"}]},{\"@type\":\"WebSite\",\"@id\":\"https:\/\/dev6.erresse-shop.it\/#website\",\"url\":\"https:\/\/dev6.erresse-shop.it\/\",\"name\":\"Erresse Shop\",\"description\":\"\",\"publisher\":{\"@id\":\"https:\/\/dev6.erresse-shop.it\/#organization\"},\"potentialAction\":[{\"@type\":\"SearchAction\",\"target\":{\"@type\":\"EntryPoint\",\"urlTemplate\":\"https:\/\/dev6.erresse-shop.it\/?s={search_term_string}\"},\"query-input\":{\"@type\":\"PropertyValueSpecification\",\"valueRequired\":true,\"valueName\":\"search_term_string\"}}],\"inLanguage\":\"es\"},{\"@type\":\"Organization\",\"@id\":\"https:\/\/dev6.erresse-shop.it\/#organization\",\"name\":\"Erresse Shop\",\"url\":\"https:\/\/dev6.erresse-shop.it\/\",\"logo\":{\"@type\":\"ImageObject\",\"inLanguage\":\"es\",\"@id\":\"https:\/\/dev6.erresse-shop.it\/#\/schema\/logo\/image\/\",\"url\":\"https:\/\/dev6.erresse-shop.it\/wp-content\/uploads\/2025\/01\/LOGO-ERRESSE-CLASSICO.svg\",\"contentUrl\":\"https:\/\/dev6.erresse-shop.it\/wp-content\/uploads\/2025\/01\/LOGO-ERRESSE-CLASSICO.svg\",\"caption\":\"Erresse Shop\"},\"image\":{\"@id\":\"https:\/\/dev6.erresse-shop.it\/#\/schema\/logo\/image\/\"}}]}<\/script>\n<!-- \/ Yoast SEO plugin. -->","yoast_head_json":{"title":"RUFFONI Opus Cupra Sart\u00e9n Cobre 2 Asas 26 cm - dev6 Erresse","description":"El procesamiento del cobre es una verdadera pasi\u00f3n para la empresa Ruffoni, alcanzar los m\u00e1s altos est\u00e1ndares de calidad es su objetivo primordial,","robots":{"index":"noindex","follow":"follow","max-snippet":"max-snippet:-1","max-image-preview":"max-image-preview:large","max-video-preview":"max-video-preview:-1"},"og_locale":"es_ES","og_type":"article","og_title":"RUFFONI Opus Cupra Sart\u00e9n Cobre 2 Asas 26 cm - dev6 Erresse","og_description":"El procesamiento del cobre es una verdadera pasi\u00f3n para la empresa Ruffoni, alcanzar los m\u00e1s altos est\u00e1ndares de calidad es su objetivo primordial,","og_url":"https:\/\/dev6.erresse-shop.it\/es\/shop\/sartenes-y-ollas\/cazuelas\/ruffoni-opus-cupra-sarten-cobre-2-asas-26-cm\/","og_site_name":"dev6 Erresse","og_image":[{"url":"https:\/\/interpim.erresse-shop.it\/Import\/Prodotti\/products-ch2026.jpg","type":"","width":"","height":""},{"url":"https:\/\/interpim.erresse-shop.it\/Import\/Prodotti\/products-ch2026.jpg","width":1024,"height":1024,"type":"image\/jpeg"}],"twitter_card":"summary_large_image","twitter_image":"https:\/\/interpim.erresse-shop.it\/Import\/Prodotti\/products-ch2026.jpg","schema":{"@context":"https:\/\/schema.org","@graph":[{"@type":"WebPage","@id":"https:\/\/dev6.erresse-shop.it\/es\/shop\/sartenes-y-ollas\/cazuelas\/ruffoni-opus-cupra-sarten-cobre-2-asas-26-cm\/","url":"https:\/\/dev6.erresse-shop.it\/es\/shop\/sartenes-y-ollas\/cazuelas\/ruffoni-opus-cupra-sarten-cobre-2-asas-26-cm\/","name":"RUFFONI Opus Cupra Sart\u00e9n Cobre 2 Asas 26 cm - dev6 Erresse","isPartOf":{"@id":"https:\/\/dev6.erresse-shop.it\/#website"},"primaryImageOfPage":{"@id":"https:\/\/dev6.erresse-shop.it\/es\/shop\/sartenes-y-ollas\/cazuelas\/ruffoni-opus-cupra-sarten-cobre-2-asas-26-cm\/#primaryimage"},"image":{"@id":"https:\/\/dev6.erresse-shop.it\/es\/shop\/sartenes-y-ollas\/cazuelas\/ruffoni-opus-cupra-sarten-cobre-2-asas-26-cm\/#primaryimage"},"thumbnailUrl":"https:\/\/i1.wp.com\/interpim.erresse-shop.it\/Import\/Prodotti\/products-ch2026.jpg?ssl=1","datePublished":"2026-05-01T23:45:23+00:00","description":"El procesamiento del cobre es una verdadera pasi\u00f3n para la empresa Ruffoni, alcanzar los m\u00e1s altos est\u00e1ndares de calidad es su objetivo primordial,","breadcrumb":{"@id":"https:\/\/dev6.erresse-shop.it\/es\/shop\/sartenes-y-ollas\/cazuelas\/ruffoni-opus-cupra-sarten-cobre-2-asas-26-cm\/#breadcrumb"},"inLanguage":"es","potentialAction":[{"@type":"ReadAction","target":["https:\/\/dev6.erresse-shop.it\/es\/shop\/sartenes-y-ollas\/cazuelas\/ruffoni-opus-cupra-sarten-cobre-2-asas-26-cm\/"]}]},{"@type":"ImageObject","inLanguage":"es","@id":"https:\/\/dev6.erresse-shop.it\/es\/shop\/sartenes-y-ollas\/cazuelas\/ruffoni-opus-cupra-sarten-cobre-2-asas-26-cm\/#primaryimage","url":"https:\/\/i1.wp.com\/interpim.erresse-shop.it\/Import\/Prodotti\/products-ch2026.jpg?ssl=1","contentUrl":"https:\/\/i1.wp.com\/interpim.erresse-shop.it\/Import\/Prodotti\/products-ch2026.jpg?ssl=1"},{"@type":"BreadcrumbList","@id":"https:\/\/dev6.erresse-shop.it\/es\/shop\/sartenes-y-ollas\/cazuelas\/ruffoni-opus-cupra-sarten-cobre-2-asas-26-cm\/#breadcrumb","itemListElement":[{"@type":"ListItem","position":1,"name":"Home","item":"https:\/\/dev6.erresse-shop.it\/"},{"@type":"ListItem","position":2,"name":"Tienda","item":"https:\/\/dev6.erresse-shop.it\/shop\/"},{"@type":"ListItem","position":3,"name":"RUFFONI Opus Cupra Sart\u00e9n Cobre 2 Asas 26 cm"}]},{"@type":"WebSite","@id":"https:\/\/dev6.erresse-shop.it\/#website","url":"https:\/\/dev6.erresse-shop.it\/","name":"Erresse Shop","description":"","publisher":{"@id":"https:\/\/dev6.erresse-shop.it\/#organization"},"potentialAction":[{"@type":"SearchAction","target":{"@type":"EntryPoint","urlTemplate":"https:\/\/dev6.erresse-shop.it\/?s={search_term_string}"},"query-input":{"@type":"PropertyValueSpecification","valueRequired":true,"valueName":"search_term_string"}}],"inLanguage":"es"},{"@type":"Organization","@id":"https:\/\/dev6.erresse-shop.it\/#organization","name":"Erresse Shop","url":"https:\/\/dev6.erresse-shop.it\/","logo":{"@type":"ImageObject","inLanguage":"es","@id":"https:\/\/dev6.erresse-shop.it\/#\/schema\/logo\/image\/","url":"https:\/\/dev6.erresse-shop.it\/wp-content\/uploads\/2025\/01\/LOGO-ERRESSE-CLASSICO.svg","contentUrl":"https:\/\/dev6.erresse-shop.it\/wp-content\/uploads\/2025\/01\/LOGO-ERRESSE-CLASSICO.svg","caption":"Erresse Shop"},"image":{"@id":"https:\/\/dev6.erresse-shop.it\/#\/schema\/logo\/image\/"}}]}},"df_price":499.95,"df_sale_price":499.95,"df_regular_price":738,"df_image_link":"https:\/\/i1.wp.com\/interpim.erresse-shop.it\/Import\/Prodotti\/products-ch2026.jpg?resize=300,300&ssl=1","fifu_image_url":"https:\/\/interpim.erresse-shop.it\/Import\/Prodotti\/products-ch2026.jpg","_links":{"self":[{"href":"https:\/\/dev6.erresse-shop.it\/es\/wp-json\/wp\/v2\/product\/1875624","targetHints":{"allow":["GET"]}}],"collection":[{"href":"https:\/\/dev6.erresse-shop.it\/es\/wp-json\/wp\/v2\/product"}],"about":[{"href":"https:\/\/dev6.erresse-shop.it\/es\/wp-json\/wp\/v2\/types\/product"}],"wp:featuredmedia":[{"embeddable":true,"href":"https:\/\/dev6.erresse-shop.it\/es\/wp-json\/wp\/v2\/media\/6969740"}],"wp:attachment":[{"href":"https:\/\/dev6.erresse-shop.it\/es\/wp-json\/wp\/v2\/media?parent=1875624"}],"wp:term":[{"taxonomy":"product_cat","embeddable":true,"href":"https:\/\/dev6.erresse-shop.it\/es\/wp-json\/wp\/v2\/product_cat?post=1875624"},{"taxonomy":"product_tag","embeddable":true,"href":"https:\/\/dev6.erresse-shop.it\/es\/wp-json\/wp\/v2\/product_tag?post=1875624"}],"curies":[{"name":"wp","href":"https:\/\/api.w.org\/{rel}","templated":true}]}}