{"id":1875600,"date":"2026-04-04T08:04:21","date_gmt":"2026-04-04T06:04:21","guid":{"rendered":"https:\/\/dev6.erresse-shop.it\/shop\/sin%20categor\u00eda\/zafferano-nuove-esperienze-juego-6-calices-barolo\/"},"modified":"2025-07-04T21:03:06","modified_gmt":"2025-07-04T19:03:06","slug":"zafferano-nuove-esperienze-juego-6-calices-barolo","status":"publish","type":"product","link":"https:\/\/dev6.erresse-shop.it\/es\/shop\/tabla\/vino\/calices\/zafferano-nuove-esperienze-juego-6-calices-barolo\/","title":{"rendered":"ZAFFERANO Nuove Esperienze Juego 6 C\u00e1lices Barolo"},"content":{"rendered":"<p>El dise\u00f1o y la funcionalidad inspiran el trabajo de Federico de Majo, cuyas creaciones van desde las l\u00edneas m\u00e1s tradicionales hasta otras de alto contenido t\u00e9cnico, que expresan el gusto por la innovaci\u00f3n y la investigaci\u00f3n de productos.<\/p>\n<p>Con Zafferano, la experiencia de la fabricaci\u00f3n de vidrio se une a la cultura del vino. La historia de Federico de Majo comienza en la cristaler\u00eda familiar de Murano. Fue aqu\u00ed, a mediados de los a\u00f1os 70, donde Federico de Majo comenz\u00f3 a dedicarse con pasi\u00f3n al vidrio soplado y art\u00edstico. M\u00e1s tarde, su atenci\u00f3n y su gusto por el buen beber le llevaron a crear una empresa dedicada a la investigaci\u00f3n y producci\u00f3n de copas de degustaci\u00f3n.<\/p>\n<p>EXPERIENCIAS \u2013 NUEVAS EXPERIENCIAS<br \/>\n\u201cHablar de la concepci\u00f3n y fabricaci\u00f3n de estas gafas es quiz\u00e1 el mayor placer para m\u00ed. Buscaba una idea que no repitiera la \u00fanica costumbre formalmente agradable de tantos vasos existentes.<br \/>\nSe me ocurri\u00f3 sentada en un escritorio en una habitaci\u00f3n de Morgan\u2019s en Madison. Afuera llov\u00eda, una mir\u00edada de c\u00edrculos conc\u00e9ntricos vibraba en el espejo de los charcos: un pensamiento concreto, inmediato, realizado\u201d. Federico de Majo<\/p>\n<p>Estos vasos, con su gran superficie de contacto y la particular ondulaci\u00f3n en la base del bebedero, son experiencias \u00fanicas. La amplitud de la superficie, aumentada por las ondulaciones, favorece la centrifugaci\u00f3n, la oxigenaci\u00f3n y el proceso evolutivo del vino, que desde el reducido ambiente de la botella, en el que ha permanecido durante mucho tiempo, se dirige hacia una condici\u00f3n de perfecta bebibilidad.<br \/>\nEstas mismas ondulaciones permiten observar los tonos y reflejos del vino sin tener que inclinar la copa.<br \/>\nLa colecci\u00f3n \u201cEsperienze\u201d, para la que se ha solicitado una patente, est\u00e1 dise\u00f1ada por Federico de Majo, fabricada con vidrio de sonido superior y disponible en dos versiones: soplado a boca (Esperienze) y con ejecuci\u00f3n mec\u00e1nica (Nuove Esperienze).<br \/>\nPor sus especificaciones t\u00e9cnicas, as\u00ed como por su est\u00e9tica, las copas \u201cEsperienze\u201d son un apreciado instrumento de degustaci\u00f3n, frecuentemente seleccionado para realzar la excelencia de la producci\u00f3n vin\u00edcola internacional y para acompa\u00f1ar prestigiosos eventos enogastron\u00f3micos, entre ellos Vinitaly en Verona.<\/p>\n","protected":false},"excerpt":{"rendered":"<p>El dise\u00f1o y la funcionalidad inspiran el trabajo de Federico de Majo, cuyas creaciones van desde las l\u00edneas m\u00e1s tradicionales hasta otras de alto contenido t\u00e9cnico, que expresan el gusto por la innovaci\u00f3n y la investigaci\u00f3n de productos. Con Zafferano, la experiencia de la fabricaci\u00f3n de vidrio se une a la cultura del vino. La [&hellip;]<\/p>\n","protected":false},"featured_media":6257594,"template":"","meta":{"_acf_changed":false},"product_cat":[11970,11754,11887,11961],"product_tag":[],"class_list":{"0":"post-1875600","1":"product","2":"type-product","3":"status-publish","4":"has-post-thumbnail","6":"product_cat-calices","7":"product_cat-calici","8":"product_cat-tabla","9":"product_cat-vino","11":"first","12":"outofstock","13":"sale","14":"taxable","15":"shipping-taxable","16":"purchasable","17":"product-type-simple","swatches":"rey-swatches","show_selected":"","stretch_labels":"rey-swatches--stretch-labels"},"acf":[],"yoast_head":"<!-- This site is optimized with the Yoast SEO plugin v25.4 - https:\/\/yoast.com\/wordpress\/plugins\/seo\/ -->\n<title>ZAFFERANO Nuove Esperienze Juego 6 C\u00e1lices Barolo - dev6 Erresse<\/title>\n<meta name=\"description\" content=\"El dise\u00f1o y la funcionalidad inspiran el trabajo de Federico de Majo, cuyas creaciones van desde las l\u00edneas m\u00e1s tradicionales hasta otras de alto\" \/>\n<meta name=\"robots\" content=\"noindex, follow, max-snippet:-1, max-image-preview:large, max-video-preview:-1\" \/>\n<meta property=\"og:locale\" content=\"es_ES\" \/>\n<meta property=\"og:type\" content=\"article\" \/>\n<meta property=\"og:title\" content=\"ZAFFERANO Nuove Esperienze Juego 6 C\u00e1lices Barolo - dev6 Erresse\" \/>\n<meta property=\"og:description\" content=\"El dise\u00f1o y la funcionalidad inspiran el trabajo de Federico de Majo, cuyas creaciones van desde las l\u00edneas m\u00e1s tradicionales hasta otras de alto\" \/>\n<meta property=\"og:url\" content=\"https:\/\/dev6.erresse-shop.it\/es\/shop\/tabla\/vino\/calices\/zafferano-nuove-esperienze-juego-6-calices-barolo\/\" \/>\n<meta property=\"og:site_name\" content=\"dev6 Erresse\" \/>\n<meta property=\"og:image\" content=\"https:\/\/interpim.erresse-shop.it\/img-catalogo\/zafferano\/zafferano-6-calici-barolo-esperienze.jpg\" \/><meta property=\"og:image\" content=\"https:\/\/interpim.erresse-shop.it\/img-catalogo\/zafferano\/zafferano-6-calici-barolo-esperienze.jpg\" \/>\n\t<meta property=\"og:image:width\" content=\"1024\" \/>\n\t<meta property=\"og:image:height\" content=\"1024\" \/>\n\t<meta property=\"og:image:type\" content=\"image\/jpeg\" \/>\n<meta name=\"twitter:card\" content=\"summary_large_image\" \/>\n<meta name=\"twitter:image\" content=\"https:\/\/interpim.erresse-shop.it\/img-catalogo\/zafferano\/zafferano-6-calici-barolo-esperienze.jpg\" \/>\n<script type=\"application\/ld+json\" class=\"yoast-schema-graph\">{\"@context\":\"https:\/\/schema.org\",\"@graph\":[{\"@type\":\"WebPage\",\"@id\":\"https:\/\/dev6.erresse-shop.it\/es\/shop\/tabla\/vino\/calices\/zafferano-nuove-esperienze-juego-6-calices-barolo\/\",\"url\":\"https:\/\/dev6.erresse-shop.it\/es\/shop\/tabla\/vino\/calices\/zafferano-nuove-esperienze-juego-6-calices-barolo\/\",\"name\":\"ZAFFERANO Nuove Esperienze Juego 6 C\u00e1lices Barolo - dev6 Erresse\",\"isPartOf\":{\"@id\":\"https:\/\/dev6.erresse-shop.it\/#website\"},\"primaryImageOfPage\":{\"@id\":\"https:\/\/dev6.erresse-shop.it\/es\/shop\/tabla\/vino\/calices\/zafferano-nuove-esperienze-juego-6-calices-barolo\/#primaryimage\"},\"image\":{\"@id\":\"https:\/\/dev6.erresse-shop.it\/es\/shop\/tabla\/vino\/calices\/zafferano-nuove-esperienze-juego-6-calices-barolo\/#primaryimage\"},\"thumbnailUrl\":\"https:\/\/i3.wp.com\/interpim.erresse-shop.it\/img-catalogo\/zafferano\/zafferano-6-calici-barolo-esperienze.jpg?ssl=1\",\"datePublished\":\"2026-04-04T06:04:21+00:00\",\"description\":\"El dise\u00f1o y la funcionalidad inspiran el trabajo de Federico de Majo, cuyas creaciones van desde las l\u00edneas m\u00e1s tradicionales hasta otras de alto\",\"breadcrumb\":{\"@id\":\"https:\/\/dev6.erresse-shop.it\/es\/shop\/tabla\/vino\/calices\/zafferano-nuove-esperienze-juego-6-calices-barolo\/#breadcrumb\"},\"inLanguage\":\"es\",\"potentialAction\":[{\"@type\":\"ReadAction\",\"target\":[\"https:\/\/dev6.erresse-shop.it\/es\/shop\/tabla\/vino\/calices\/zafferano-nuove-esperienze-juego-6-calices-barolo\/\"]}]},{\"@type\":\"ImageObject\",\"inLanguage\":\"es\",\"@id\":\"https:\/\/dev6.erresse-shop.it\/es\/shop\/tabla\/vino\/calices\/zafferano-nuove-esperienze-juego-6-calices-barolo\/#primaryimage\",\"url\":\"https:\/\/i3.wp.com\/interpim.erresse-shop.it\/img-catalogo\/zafferano\/zafferano-6-calici-barolo-esperienze.jpg?ssl=1\",\"contentUrl\":\"https:\/\/i3.wp.com\/interpim.erresse-shop.it\/img-catalogo\/zafferano\/zafferano-6-calici-barolo-esperienze.jpg?ssl=1\"},{\"@type\":\"BreadcrumbList\",\"@id\":\"https:\/\/dev6.erresse-shop.it\/es\/shop\/tabla\/vino\/calices\/zafferano-nuove-esperienze-juego-6-calices-barolo\/#breadcrumb\",\"itemListElement\":[{\"@type\":\"ListItem\",\"position\":1,\"name\":\"Home\",\"item\":\"https:\/\/dev6.erresse-shop.it\/\"},{\"@type\":\"ListItem\",\"position\":2,\"name\":\"Tienda\",\"item\":\"https:\/\/dev6.erresse-shop.it\/shop\/\"},{\"@type\":\"ListItem\",\"position\":3,\"name\":\"ZAFFERANO Nuove Esperienze Juego 6 C\u00e1lices Barolo\"}]},{\"@type\":\"WebSite\",\"@id\":\"https:\/\/dev6.erresse-shop.it\/#website\",\"url\":\"https:\/\/dev6.erresse-shop.it\/\",\"name\":\"Erresse Shop\",\"description\":\"\",\"publisher\":{\"@id\":\"https:\/\/dev6.erresse-shop.it\/#organization\"},\"potentialAction\":[{\"@type\":\"SearchAction\",\"target\":{\"@type\":\"EntryPoint\",\"urlTemplate\":\"https:\/\/dev6.erresse-shop.it\/?s={search_term_string}\"},\"query-input\":{\"@type\":\"PropertyValueSpecification\",\"valueRequired\":true,\"valueName\":\"search_term_string\"}}],\"inLanguage\":\"es\"},{\"@type\":\"Organization\",\"@id\":\"https:\/\/dev6.erresse-shop.it\/#organization\",\"name\":\"Erresse Shop\",\"url\":\"https:\/\/dev6.erresse-shop.it\/\",\"logo\":{\"@type\":\"ImageObject\",\"inLanguage\":\"es\",\"@id\":\"https:\/\/dev6.erresse-shop.it\/#\/schema\/logo\/image\/\",\"url\":\"https:\/\/dev6.erresse-shop.it\/wp-content\/uploads\/2025\/01\/LOGO-ERRESSE-CLASSICO.svg\",\"contentUrl\":\"https:\/\/dev6.erresse-shop.it\/wp-content\/uploads\/2025\/01\/LOGO-ERRESSE-CLASSICO.svg\",\"caption\":\"Erresse Shop\"},\"image\":{\"@id\":\"https:\/\/dev6.erresse-shop.it\/#\/schema\/logo\/image\/\"}}]}<\/script>\n<!-- \/ Yoast SEO plugin. -->","yoast_head_json":{"title":"ZAFFERANO Nuove Esperienze Juego 6 C\u00e1lices Barolo - dev6 Erresse","description":"El dise\u00f1o y la funcionalidad inspiran el trabajo de Federico de Majo, cuyas creaciones van desde las l\u00edneas m\u00e1s tradicionales hasta otras de alto","robots":{"index":"noindex","follow":"follow","max-snippet":"max-snippet:-1","max-image-preview":"max-image-preview:large","max-video-preview":"max-video-preview:-1"},"og_locale":"es_ES","og_type":"article","og_title":"ZAFFERANO Nuove Esperienze Juego 6 C\u00e1lices Barolo - dev6 Erresse","og_description":"El dise\u00f1o y la funcionalidad inspiran el trabajo de Federico de Majo, cuyas creaciones van desde las l\u00edneas m\u00e1s tradicionales hasta otras de alto","og_url":"https:\/\/dev6.erresse-shop.it\/es\/shop\/tabla\/vino\/calices\/zafferano-nuove-esperienze-juego-6-calices-barolo\/","og_site_name":"dev6 Erresse","og_image":[{"url":"https:\/\/interpim.erresse-shop.it\/img-catalogo\/zafferano\/zafferano-6-calici-barolo-esperienze.jpg","type":"","width":"","height":""},{"url":"https:\/\/interpim.erresse-shop.it\/img-catalogo\/zafferano\/zafferano-6-calici-barolo-esperienze.jpg","width":1024,"height":1024,"type":"image\/jpeg"}],"twitter_card":"summary_large_image","twitter_image":"https:\/\/interpim.erresse-shop.it\/img-catalogo\/zafferano\/zafferano-6-calici-barolo-esperienze.jpg","schema":{"@context":"https:\/\/schema.org","@graph":[{"@type":"WebPage","@id":"https:\/\/dev6.erresse-shop.it\/es\/shop\/tabla\/vino\/calices\/zafferano-nuove-esperienze-juego-6-calices-barolo\/","url":"https:\/\/dev6.erresse-shop.it\/es\/shop\/tabla\/vino\/calices\/zafferano-nuove-esperienze-juego-6-calices-barolo\/","name":"ZAFFERANO Nuove Esperienze Juego 6 C\u00e1lices Barolo - dev6 Erresse","isPartOf":{"@id":"https:\/\/dev6.erresse-shop.it\/#website"},"primaryImageOfPage":{"@id":"https:\/\/dev6.erresse-shop.it\/es\/shop\/tabla\/vino\/calices\/zafferano-nuove-esperienze-juego-6-calices-barolo\/#primaryimage"},"image":{"@id":"https:\/\/dev6.erresse-shop.it\/es\/shop\/tabla\/vino\/calices\/zafferano-nuove-esperienze-juego-6-calices-barolo\/#primaryimage"},"thumbnailUrl":"https:\/\/i3.wp.com\/interpim.erresse-shop.it\/img-catalogo\/zafferano\/zafferano-6-calici-barolo-esperienze.jpg?ssl=1","datePublished":"2026-04-04T06:04:21+00:00","description":"El dise\u00f1o y la funcionalidad inspiran el trabajo de Federico de Majo, cuyas creaciones van desde las l\u00edneas m\u00e1s tradicionales hasta otras de alto","breadcrumb":{"@id":"https:\/\/dev6.erresse-shop.it\/es\/shop\/tabla\/vino\/calices\/zafferano-nuove-esperienze-juego-6-calices-barolo\/#breadcrumb"},"inLanguage":"es","potentialAction":[{"@type":"ReadAction","target":["https:\/\/dev6.erresse-shop.it\/es\/shop\/tabla\/vino\/calices\/zafferano-nuove-esperienze-juego-6-calices-barolo\/"]}]},{"@type":"ImageObject","inLanguage":"es","@id":"https:\/\/dev6.erresse-shop.it\/es\/shop\/tabla\/vino\/calices\/zafferano-nuove-esperienze-juego-6-calices-barolo\/#primaryimage","url":"https:\/\/i3.wp.com\/interpim.erresse-shop.it\/img-catalogo\/zafferano\/zafferano-6-calici-barolo-esperienze.jpg?ssl=1","contentUrl":"https:\/\/i3.wp.com\/interpim.erresse-shop.it\/img-catalogo\/zafferano\/zafferano-6-calici-barolo-esperienze.jpg?ssl=1"},{"@type":"BreadcrumbList","@id":"https:\/\/dev6.erresse-shop.it\/es\/shop\/tabla\/vino\/calices\/zafferano-nuove-esperienze-juego-6-calices-barolo\/#breadcrumb","itemListElement":[{"@type":"ListItem","position":1,"name":"Home","item":"https:\/\/dev6.erresse-shop.it\/"},{"@type":"ListItem","position":2,"name":"Tienda","item":"https:\/\/dev6.erresse-shop.it\/shop\/"},{"@type":"ListItem","position":3,"name":"ZAFFERANO Nuove Esperienze Juego 6 C\u00e1lices Barolo"}]},{"@type":"WebSite","@id":"https:\/\/dev6.erresse-shop.it\/#website","url":"https:\/\/dev6.erresse-shop.it\/","name":"Erresse Shop","description":"","publisher":{"@id":"https:\/\/dev6.erresse-shop.it\/#organization"},"potentialAction":[{"@type":"SearchAction","target":{"@type":"EntryPoint","urlTemplate":"https:\/\/dev6.erresse-shop.it\/?s={search_term_string}"},"query-input":{"@type":"PropertyValueSpecification","valueRequired":true,"valueName":"search_term_string"}}],"inLanguage":"es"},{"@type":"Organization","@id":"https:\/\/dev6.erresse-shop.it\/#organization","name":"Erresse Shop","url":"https:\/\/dev6.erresse-shop.it\/","logo":{"@type":"ImageObject","inLanguage":"es","@id":"https:\/\/dev6.erresse-shop.it\/#\/schema\/logo\/image\/","url":"https:\/\/dev6.erresse-shop.it\/wp-content\/uploads\/2025\/01\/LOGO-ERRESSE-CLASSICO.svg","contentUrl":"https:\/\/dev6.erresse-shop.it\/wp-content\/uploads\/2025\/01\/LOGO-ERRESSE-CLASSICO.svg","caption":"Erresse Shop"},"image":{"@id":"https:\/\/dev6.erresse-shop.it\/#\/schema\/logo\/image\/"}}]}},"df_price":62,"df_sale_price":62,"df_regular_price":64,"df_image_link":"https:\/\/i3.wp.com\/interpim.erresse-shop.it\/img-catalogo\/zafferano\/zafferano-6-calici-barolo-esperienze.jpg?resize=300,300&ssl=1","fifu_image_url":"https:\/\/interpim.erresse-shop.it\/img-catalogo\/zafferano\/zafferano-6-calici-barolo-esperienze.jpg","_links":{"self":[{"href":"https:\/\/dev6.erresse-shop.it\/es\/wp-json\/wp\/v2\/product\/1875600","targetHints":{"allow":["GET"]}}],"collection":[{"href":"https:\/\/dev6.erresse-shop.it\/es\/wp-json\/wp\/v2\/product"}],"about":[{"href":"https:\/\/dev6.erresse-shop.it\/es\/wp-json\/wp\/v2\/types\/product"}],"wp:featuredmedia":[{"embeddable":true,"href":"https:\/\/dev6.erresse-shop.it\/es\/wp-json\/wp\/v2\/media\/6257594"}],"wp:attachment":[{"href":"https:\/\/dev6.erresse-shop.it\/es\/wp-json\/wp\/v2\/media?parent=1875600"}],"wp:term":[{"taxonomy":"product_cat","embeddable":true,"href":"https:\/\/dev6.erresse-shop.it\/es\/wp-json\/wp\/v2\/product_cat?post=1875600"},{"taxonomy":"product_tag","embeddable":true,"href":"https:\/\/dev6.erresse-shop.it\/es\/wp-json\/wp\/v2\/product_tag?post=1875600"}],"curies":[{"name":"wp","href":"https:\/\/api.w.org\/{rel}","templated":true}]}}