{"id":1875592,"date":"2026-04-19T16:06:53","date_gmt":"2026-04-19T14:06:53","guid":{"rendered":"https:\/\/dev6.erresse-shop.it\/shop\/sin%20categor\u00eda\/demeyere-wok-36-cm\/"},"modified":"2025-09-14T07:25:11","modified_gmt":"2025-09-14T05:25:11","slug":"demeyere-wok-36-cm","status":"publish","type":"product","link":"https:\/\/dev6.erresse-shop.it\/es\/shop\/sartenes-y-ollas\/wok-es\/demeyere-wok-36-cm\/","title":{"rendered":"DEMEYERE Wok 36 cm"},"content":{"rendered":"<p>Demeyere, empresa belga fundada en 1908, presenta la l\u00ednea John Pawson: los mejores materiales existentes moldeados con maestr\u00eda por el famoso dise\u00f1ador John Pawson.<\/p>\n<p>El cuidado y la precisi\u00f3n en todos los detalles, los materiales de primera calidad, el conocimiento consolidado y la tecnolog\u00eda moderna son los puntos fuertes de Demeyere: sus productos son utilizados por chefs de todo el mundo.<\/p>\n<p>El famoso dise\u00f1ador brit\u00e1nico (Driade, Valli&amp;Valli, Armani, etc.) y arquitecto John Pawson ha creado esta nueva l\u00ednea de utensilios de cocina realmente espectaculares. La \u00fanica intenci\u00f3n del artista era encontrar la armon\u00eda entre el hombre, el entorno y el objeto: \u201cTodo empieza en la cocina. Las casas son el centro de mi trabajo y la cocina es el centro de cada casa.<br \/>\nAs\u00ed es como veo mi trabajo con Demeyere: con el objetivo de enriquecer el lugar m\u00e1s importante de la vivienda con utensilios que combinan la m\u00e1s pura funcionalidad con un excelente dise\u00f1o.\u201d<\/p>\n<p>Demeyere utiliza la revolucionaria tecnolog\u00eda InductoSeal, que consiste en 7 aleaciones diferentes combinadas con acero inoxidable y cobre y selladas herm\u00e9ticamente en el fondo de la olla. La c\u00e1psula, \u00fanica en el mundo, est\u00e1 soldada al lateral de la olla con una sola capa de acero inoxidable 18\/10. Esta tecnolog\u00eda garantiza una difusi\u00f3n \u00f3ptima del calor a trav\u00e9s de toda la base. Garantiza una superficie de calentamiento un 33% mayor que la de un fondo tradicional. Tambi\u00e9n garantiza que el calor, el aroma y el vapor permanezcan bien dentro de la olla. En definitiva, es la soluci\u00f3n ideal para cocinar al vapor y con o sin agua. La parte soldada proporciona una seguridad adicional en caso de fuerte sobrecalentamiento (incluso hasta 600\u00b0C). Adem\u00e1s, es especialmente higi\u00e9nico, no hay bordes dif\u00edciles de limpiar y el agua, la grasa o la suciedad no pueden penetrar hasta el fondo.<\/p>\n<p>Garant\u00eda de 30 a\u00f1os (10 a\u00f1os para uso profesional).<\/p>\n","protected":false},"excerpt":{"rendered":"<p>Demeyere, empresa belga fundada en 1908, presenta la l\u00ednea John Pawson: los mejores materiales existentes moldeados con maestr\u00eda por el famoso dise\u00f1ador John Pawson. El cuidado y la precisi\u00f3n en todos los detalles, los materiales de primera calidad, el conocimiento consolidado y la tecnolog\u00eda moderna son los puntos fuertes de Demeyere: sus productos son utilizados [&hellip;]<\/p>\n","protected":false},"featured_media":6626863,"template":"","meta":{"_acf_changed":false},"product_cat":[11667,11883,11895],"product_tag":[],"class_list":{"0":"post-1875592","1":"product","2":"type-product","3":"status-publish","4":"has-post-thumbnail","6":"product_cat-padelle-pentole","7":"product_cat-sartenes-y-ollas","8":"product_cat-wok-es","10":"first","11":"outofstock","12":"sale","13":"taxable","14":"shipping-taxable","15":"purchasable","16":"product-type-simple","swatches":"rey-swatches","show_selected":"","stretch_labels":"rey-swatches--stretch-labels"},"acf":[],"yoast_head":"<!-- This site is optimized with the Yoast SEO plugin v25.4 - https:\/\/yoast.com\/wordpress\/plugins\/seo\/ -->\n<title>DEMEYERE Wok 36 cm - dev6 Erresse<\/title>\n<meta name=\"description\" content=\"Demeyere, empresa belga fundada en 1908, presenta la l\u00ednea John Pawson: los mejores materiales existentes moldeados con maestr\u00eda por el famoso dise\u00f1ador\" \/>\n<meta name=\"robots\" content=\"noindex, follow, max-snippet:-1, max-image-preview:large, max-video-preview:-1\" \/>\n<meta property=\"og:locale\" content=\"es_ES\" \/>\n<meta property=\"og:type\" content=\"article\" \/>\n<meta property=\"og:title\" content=\"DEMEYERE Wok 36 cm - dev6 Erresse\" \/>\n<meta property=\"og:description\" content=\"Demeyere, empresa belga fundada en 1908, presenta la l\u00ednea John Pawson: los mejores materiales existentes moldeados con maestr\u00eda por el famoso dise\u00f1ador\" \/>\n<meta property=\"og:url\" content=\"https:\/\/dev6.erresse-shop.it\/es\/shop\/sartenes-y-ollas\/wok-es\/demeyere-wok-36-cm\/\" \/>\n<meta property=\"og:site_name\" content=\"dev6 Erresse\" \/>\n<meta property=\"og:image\" content=\"https:\/\/interpim.erresse-shop.it\/Import\/Prodotti\/demeyere-wok-36-cm.jpg\" \/><meta property=\"og:image\" content=\"https:\/\/interpim.erresse-shop.it\/Import\/Prodotti\/demeyere-wok-36-cm.jpg\" \/>\n\t<meta property=\"og:image:width\" content=\"1024\" \/>\n\t<meta property=\"og:image:height\" content=\"1024\" \/>\n\t<meta property=\"og:image:type\" content=\"image\/jpeg\" \/>\n<meta name=\"twitter:card\" content=\"summary_large_image\" \/>\n<meta name=\"twitter:image\" content=\"https:\/\/interpim.erresse-shop.it\/Import\/Prodotti\/demeyere-wok-36-cm.jpg\" \/>\n<script type=\"application\/ld+json\" class=\"yoast-schema-graph\">{\"@context\":\"https:\/\/schema.org\",\"@graph\":[{\"@type\":\"WebPage\",\"@id\":\"https:\/\/dev6.erresse-shop.it\/es\/shop\/sartenes-y-ollas\/wok-es\/demeyere-wok-36-cm\/\",\"url\":\"https:\/\/dev6.erresse-shop.it\/es\/shop\/sartenes-y-ollas\/wok-es\/demeyere-wok-36-cm\/\",\"name\":\"DEMEYERE Wok 36 cm - dev6 Erresse\",\"isPartOf\":{\"@id\":\"https:\/\/dev6.erresse-shop.it\/#website\"},\"primaryImageOfPage\":{\"@id\":\"https:\/\/dev6.erresse-shop.it\/es\/shop\/sartenes-y-ollas\/wok-es\/demeyere-wok-36-cm\/#primaryimage\"},\"image\":{\"@id\":\"https:\/\/dev6.erresse-shop.it\/es\/shop\/sartenes-y-ollas\/wok-es\/demeyere-wok-36-cm\/#primaryimage\"},\"thumbnailUrl\":\"https:\/\/i0.wp.com\/interpim.erresse-shop.it\/Import\/Prodotti\/demeyere-wok-36-cm.jpg?ssl=1\",\"datePublished\":\"2026-04-19T14:06:53+00:00\",\"description\":\"Demeyere, empresa belga fundada en 1908, presenta la l\u00ednea John Pawson: los mejores materiales existentes moldeados con maestr\u00eda por el famoso dise\u00f1ador\",\"breadcrumb\":{\"@id\":\"https:\/\/dev6.erresse-shop.it\/es\/shop\/sartenes-y-ollas\/wok-es\/demeyere-wok-36-cm\/#breadcrumb\"},\"inLanguage\":\"es\",\"potentialAction\":[{\"@type\":\"ReadAction\",\"target\":[\"https:\/\/dev6.erresse-shop.it\/es\/shop\/sartenes-y-ollas\/wok-es\/demeyere-wok-36-cm\/\"]}]},{\"@type\":\"ImageObject\",\"inLanguage\":\"es\",\"@id\":\"https:\/\/dev6.erresse-shop.it\/es\/shop\/sartenes-y-ollas\/wok-es\/demeyere-wok-36-cm\/#primaryimage\",\"url\":\"https:\/\/i0.wp.com\/interpim.erresse-shop.it\/Import\/Prodotti\/demeyere-wok-36-cm.jpg?ssl=1\",\"contentUrl\":\"https:\/\/i0.wp.com\/interpim.erresse-shop.it\/Import\/Prodotti\/demeyere-wok-36-cm.jpg?ssl=1\"},{\"@type\":\"BreadcrumbList\",\"@id\":\"https:\/\/dev6.erresse-shop.it\/es\/shop\/sartenes-y-ollas\/wok-es\/demeyere-wok-36-cm\/#breadcrumb\",\"itemListElement\":[{\"@type\":\"ListItem\",\"position\":1,\"name\":\"Home\",\"item\":\"https:\/\/dev6.erresse-shop.it\/\"},{\"@type\":\"ListItem\",\"position\":2,\"name\":\"Tienda\",\"item\":\"https:\/\/dev6.erresse-shop.it\/shop\/\"},{\"@type\":\"ListItem\",\"position\":3,\"name\":\"DEMEYERE Wok 36 cm\"}]},{\"@type\":\"WebSite\",\"@id\":\"https:\/\/dev6.erresse-shop.it\/#website\",\"url\":\"https:\/\/dev6.erresse-shop.it\/\",\"name\":\"Erresse Shop\",\"description\":\"\",\"publisher\":{\"@id\":\"https:\/\/dev6.erresse-shop.it\/#organization\"},\"potentialAction\":[{\"@type\":\"SearchAction\",\"target\":{\"@type\":\"EntryPoint\",\"urlTemplate\":\"https:\/\/dev6.erresse-shop.it\/?s={search_term_string}\"},\"query-input\":{\"@type\":\"PropertyValueSpecification\",\"valueRequired\":true,\"valueName\":\"search_term_string\"}}],\"inLanguage\":\"es\"},{\"@type\":\"Organization\",\"@id\":\"https:\/\/dev6.erresse-shop.it\/#organization\",\"name\":\"Erresse Shop\",\"url\":\"https:\/\/dev6.erresse-shop.it\/\",\"logo\":{\"@type\":\"ImageObject\",\"inLanguage\":\"es\",\"@id\":\"https:\/\/dev6.erresse-shop.it\/#\/schema\/logo\/image\/\",\"url\":\"https:\/\/dev6.erresse-shop.it\/wp-content\/uploads\/2025\/01\/LOGO-ERRESSE-CLASSICO.svg\",\"contentUrl\":\"https:\/\/dev6.erresse-shop.it\/wp-content\/uploads\/2025\/01\/LOGO-ERRESSE-CLASSICO.svg\",\"caption\":\"Erresse Shop\"},\"image\":{\"@id\":\"https:\/\/dev6.erresse-shop.it\/#\/schema\/logo\/image\/\"}}]}<\/script>\n<!-- \/ Yoast SEO plugin. -->","yoast_head_json":{"title":"DEMEYERE Wok 36 cm - dev6 Erresse","description":"Demeyere, empresa belga fundada en 1908, presenta la l\u00ednea John Pawson: los mejores materiales existentes moldeados con maestr\u00eda por el famoso dise\u00f1ador","robots":{"index":"noindex","follow":"follow","max-snippet":"max-snippet:-1","max-image-preview":"max-image-preview:large","max-video-preview":"max-video-preview:-1"},"og_locale":"es_ES","og_type":"article","og_title":"DEMEYERE Wok 36 cm - dev6 Erresse","og_description":"Demeyere, empresa belga fundada en 1908, presenta la l\u00ednea John Pawson: los mejores materiales existentes moldeados con maestr\u00eda por el famoso dise\u00f1ador","og_url":"https:\/\/dev6.erresse-shop.it\/es\/shop\/sartenes-y-ollas\/wok-es\/demeyere-wok-36-cm\/","og_site_name":"dev6 Erresse","og_image":[{"url":"https:\/\/interpim.erresse-shop.it\/Import\/Prodotti\/demeyere-wok-36-cm.jpg","type":"","width":"","height":""},{"url":"https:\/\/interpim.erresse-shop.it\/Import\/Prodotti\/demeyere-wok-36-cm.jpg","width":1024,"height":1024,"type":"image\/jpeg"}],"twitter_card":"summary_large_image","twitter_image":"https:\/\/interpim.erresse-shop.it\/Import\/Prodotti\/demeyere-wok-36-cm.jpg","schema":{"@context":"https:\/\/schema.org","@graph":[{"@type":"WebPage","@id":"https:\/\/dev6.erresse-shop.it\/es\/shop\/sartenes-y-ollas\/wok-es\/demeyere-wok-36-cm\/","url":"https:\/\/dev6.erresse-shop.it\/es\/shop\/sartenes-y-ollas\/wok-es\/demeyere-wok-36-cm\/","name":"DEMEYERE Wok 36 cm - dev6 Erresse","isPartOf":{"@id":"https:\/\/dev6.erresse-shop.it\/#website"},"primaryImageOfPage":{"@id":"https:\/\/dev6.erresse-shop.it\/es\/shop\/sartenes-y-ollas\/wok-es\/demeyere-wok-36-cm\/#primaryimage"},"image":{"@id":"https:\/\/dev6.erresse-shop.it\/es\/shop\/sartenes-y-ollas\/wok-es\/demeyere-wok-36-cm\/#primaryimage"},"thumbnailUrl":"https:\/\/i0.wp.com\/interpim.erresse-shop.it\/Import\/Prodotti\/demeyere-wok-36-cm.jpg?ssl=1","datePublished":"2026-04-19T14:06:53+00:00","description":"Demeyere, empresa belga fundada en 1908, presenta la l\u00ednea John Pawson: los mejores materiales existentes moldeados con maestr\u00eda por el famoso dise\u00f1ador","breadcrumb":{"@id":"https:\/\/dev6.erresse-shop.it\/es\/shop\/sartenes-y-ollas\/wok-es\/demeyere-wok-36-cm\/#breadcrumb"},"inLanguage":"es","potentialAction":[{"@type":"ReadAction","target":["https:\/\/dev6.erresse-shop.it\/es\/shop\/sartenes-y-ollas\/wok-es\/demeyere-wok-36-cm\/"]}]},{"@type":"ImageObject","inLanguage":"es","@id":"https:\/\/dev6.erresse-shop.it\/es\/shop\/sartenes-y-ollas\/wok-es\/demeyere-wok-36-cm\/#primaryimage","url":"https:\/\/i0.wp.com\/interpim.erresse-shop.it\/Import\/Prodotti\/demeyere-wok-36-cm.jpg?ssl=1","contentUrl":"https:\/\/i0.wp.com\/interpim.erresse-shop.it\/Import\/Prodotti\/demeyere-wok-36-cm.jpg?ssl=1"},{"@type":"BreadcrumbList","@id":"https:\/\/dev6.erresse-shop.it\/es\/shop\/sartenes-y-ollas\/wok-es\/demeyere-wok-36-cm\/#breadcrumb","itemListElement":[{"@type":"ListItem","position":1,"name":"Home","item":"https:\/\/dev6.erresse-shop.it\/"},{"@type":"ListItem","position":2,"name":"Tienda","item":"https:\/\/dev6.erresse-shop.it\/shop\/"},{"@type":"ListItem","position":3,"name":"DEMEYERE Wok 36 cm"}]},{"@type":"WebSite","@id":"https:\/\/dev6.erresse-shop.it\/#website","url":"https:\/\/dev6.erresse-shop.it\/","name":"Erresse Shop","description":"","publisher":{"@id":"https:\/\/dev6.erresse-shop.it\/#organization"},"potentialAction":[{"@type":"SearchAction","target":{"@type":"EntryPoint","urlTemplate":"https:\/\/dev6.erresse-shop.it\/?s={search_term_string}"},"query-input":{"@type":"PropertyValueSpecification","valueRequired":true,"valueName":"search_term_string"}}],"inLanguage":"es"},{"@type":"Organization","@id":"https:\/\/dev6.erresse-shop.it\/#organization","name":"Erresse Shop","url":"https:\/\/dev6.erresse-shop.it\/","logo":{"@type":"ImageObject","inLanguage":"es","@id":"https:\/\/dev6.erresse-shop.it\/#\/schema\/logo\/image\/","url":"https:\/\/dev6.erresse-shop.it\/wp-content\/uploads\/2025\/01\/LOGO-ERRESSE-CLASSICO.svg","contentUrl":"https:\/\/dev6.erresse-shop.it\/wp-content\/uploads\/2025\/01\/LOGO-ERRESSE-CLASSICO.svg","caption":"Erresse Shop"},"image":{"@id":"https:\/\/dev6.erresse-shop.it\/#\/schema\/logo\/image\/"}}]}},"df_price":249.95,"df_sale_price":249.95,"df_regular_price":299,"df_image_link":"https:\/\/i0.wp.com\/interpim.erresse-shop.it\/Import\/Prodotti\/demeyere-wok-36-cm.jpg?resize=300,300&ssl=1","fifu_image_url":"https:\/\/interpim.erresse-shop.it\/Import\/Prodotti\/demeyere-wok-36-cm.jpg","_links":{"self":[{"href":"https:\/\/dev6.erresse-shop.it\/es\/wp-json\/wp\/v2\/product\/1875592","targetHints":{"allow":["GET"]}}],"collection":[{"href":"https:\/\/dev6.erresse-shop.it\/es\/wp-json\/wp\/v2\/product"}],"about":[{"href":"https:\/\/dev6.erresse-shop.it\/es\/wp-json\/wp\/v2\/types\/product"}],"wp:featuredmedia":[{"embeddable":true,"href":"https:\/\/dev6.erresse-shop.it\/es\/wp-json\/wp\/v2\/media\/6626863"}],"wp:attachment":[{"href":"https:\/\/dev6.erresse-shop.it\/es\/wp-json\/wp\/v2\/media?parent=1875592"}],"wp:term":[{"taxonomy":"product_cat","embeddable":true,"href":"https:\/\/dev6.erresse-shop.it\/es\/wp-json\/wp\/v2\/product_cat?post=1875592"},{"taxonomy":"product_tag","embeddable":true,"href":"https:\/\/dev6.erresse-shop.it\/es\/wp-json\/wp\/v2\/product_tag?post=1875592"}],"curies":[{"name":"wp","href":"https:\/\/api.w.org\/{rel}","templated":true}]}}