{"id":1875590,"date":"2026-04-18T09:05:36","date_gmt":"2026-04-18T07:05:36","guid":{"rendered":"https:\/\/dev6.erresse-shop.it\/shop\/sin%20categor\u00eda\/demeyere-wok-32-cm\/"},"modified":"2025-09-14T07:25:09","modified_gmt":"2025-09-14T05:25:09","slug":"demeyere-wok-32-cm","status":"publish","type":"product","link":"https:\/\/dev6.erresse-shop.it\/es\/shop\/sartenes-y-ollas\/wok-es\/demeyere-wok-32-cm\/","title":{"rendered":"DEMEYERE Wok 32 cm"},"content":{"rendered":"<p>El cuidado y la precisi\u00f3n en todos los detalles, los materiales de primera calidad, los conocimientos probados y la tecnolog\u00eda moderna son los puntos fuertes de Demeyere.<\/p>\n<p>Demeyere utiliza la revolucionaria tecnolog\u00eda InductoSeal, que consiste en 7 aleaciones diferentes combinadas con acero inoxidable y cobre y selladas herm\u00e9ticamente en el fondo de la olla. La c\u00e1psula, \u00fanica en el mundo, est\u00e1 soldada al lateral de la olla con una sola capa de acero inoxidable 18\/10. Esta tecnolog\u00eda garantiza una difusi\u00f3n \u00f3ptima del calor a trav\u00e9s de toda la base. Garantiza una superficie t\u00e9rmica un 33% mayor que la de un fondo tradicional. Tambi\u00e9n garantiza que el calor, el aroma y el vapor permanezcan bien dentro de la olla. En definitiva, es la soluci\u00f3n ideal para cocinar al vapor y con o sin agua. La parte soldada proporciona una seguridad adicional en caso de fuerte sobrecalentamiento (incluso hasta 600\u00b0C). Adem\u00e1s, es especialmente higi\u00e9nico, no hay bordes dif\u00edciles de limpiar y el agua, la grasa o la suciedad no pueden penetrar hasta el fondo.<\/p>\n<p>Diferentes formas de utilizar el wok<br \/>\nCon el wok de fondo plano de 32 cm\/12,6\u2033 y 36 cm\/14,2\u2033 no s\u00f3lo podr\u00e1 saltear, sino tambi\u00e9n cocinar al vapor, fre\u00edr, fre\u00edr ligeramente o incluso simplemente hervir.<\/p>\n<p>A. El \u201cm\u00e9todo chao\u201d o \u201cfritura\u201d<br \/>\nPara fre\u00edr las verduras, la carne, etc., deben cortarse en rodajas muy finas. Todo debe estar listo antes de empezar a cocinar, porque el tiempo de cocci\u00f3n real es muy corto. Vierta un poco de aceite vegetal en el wok y cali\u00e9ntelo a m\u00e1xima intensidad. El aceite de cacahuete y el aceite de nuez son definitivamente buenos aceites, pero se pueden utilizar otros aceites para fre\u00edr. Cuando el aceite est\u00e9 caliente (sin dejar que humee), reduzca la intensidad de la sart\u00e9n a entre el 30 y el 50%. A continuaci\u00f3n, coloque los ingredientes en el wok en orden descendente de consistencia, remueva constantemente y mezcle el contenido durante unos 2-5 minutos hasta que los alimentos est\u00e9n crujientes. Las verduras se cocinan por fuera, pero siguen siendo crujientes por dentro. Este m\u00e9todo de cocci\u00f3n es muy saludable porque se conservan las vitaminas y se utiliza muy poco aceite.<\/p>\n<p>B. Al vapor<br \/>\nLa cocci\u00f3n al vapor se utiliza a menudo en la cocina china (por ejemplo, el dim-sum). Este m\u00e9todo de cocci\u00f3n tambi\u00e9n se ve cada vez m\u00e1s en la preparaci\u00f3n de platos occidentales. El wok es un producto excelente para ello. Los insertos de media luna para wok de 32 cm (ref. 9901) y 36 cm (ref. 9909) son la soluci\u00f3n perfecta para ello. (ref. 9909) son ideales para cocinar peque\u00f1as cantidades de alimentos al vapor. Tambi\u00e9n puede utilizar una placa resistente al calor para cocinar al vapor en esta parrilla. A continuaci\u00f3n, coloque una tapa sobre el wok y podr\u00e1 empezar a cocinar al vapor.<\/p>\n<p>C. Fritura ligera<br \/>\nEl wok tambi\u00e9n es ideal para fre\u00edr peque\u00f1as cantidades de alimentos: pescado y carne. El inserto de media luna puede utilizarse para escurrir el aceite, por ejemplo, cuando se prepara tempura.<\/p>\n<p>D. Fritura<br \/>\nGracias a su forma, tama\u00f1o y material, el wok tambi\u00e9n es adecuado para fre\u00edr carne y asados.<\/p>\n<p>E. cocinar<br \/>\nEl wok tambi\u00e9n es perfecto para cocinar comida asi\u00e1tica y preparar sopa.<\/p>\n<p>Garant\u00eda de 30 a\u00f1os (10 a\u00f1os para uso profesional).<\/p>\n","protected":false},"excerpt":{"rendered":"<p>El cuidado y la precisi\u00f3n en todos los detalles, los materiales de primera calidad, los conocimientos probados y la tecnolog\u00eda moderna son los puntos fuertes de Demeyere. Demeyere utiliza la revolucionaria tecnolog\u00eda InductoSeal, que consiste en 7 aleaciones diferentes combinadas con acero inoxidable y cobre y selladas herm\u00e9ticamente en el fondo de la olla. La [&hellip;]<\/p>\n","protected":false},"featured_media":6546625,"template":"","meta":{"_acf_changed":false},"product_cat":[11667,11883,11895],"product_tag":[],"class_list":{"0":"post-1875590","1":"product","2":"type-product","3":"status-publish","4":"has-post-thumbnail","6":"product_cat-padelle-pentole","7":"product_cat-sartenes-y-ollas","8":"product_cat-wok-es","10":"first","11":"outofstock","12":"sale","13":"taxable","14":"shipping-taxable","15":"purchasable","16":"product-type-simple","swatches":"rey-swatches","show_selected":"","stretch_labels":"rey-swatches--stretch-labels"},"acf":[],"yoast_head":"<!-- This site is optimized with the Yoast SEO plugin v25.4 - https:\/\/yoast.com\/wordpress\/plugins\/seo\/ -->\n<title>DEMEYERE Wok 32 cm - dev6 Erresse<\/title>\n<meta name=\"description\" content=\"El cuidado y la precisi\u00f3n en todos los detalles, los materiales de primera calidad, los conocimientos probados y la tecnolog\u00eda moderna son los puntos\" \/>\n<meta name=\"robots\" content=\"noindex, follow, max-snippet:-1, max-image-preview:large, max-video-preview:-1\" \/>\n<meta property=\"og:locale\" content=\"es_ES\" \/>\n<meta property=\"og:type\" content=\"article\" \/>\n<meta property=\"og:title\" content=\"DEMEYERE Wok 32 cm - dev6 Erresse\" \/>\n<meta property=\"og:description\" content=\"El cuidado y la precisi\u00f3n en todos los detalles, los materiales de primera calidad, los conocimientos probados y la tecnolog\u00eda moderna son los puntos\" \/>\n<meta property=\"og:url\" content=\"https:\/\/dev6.erresse-shop.it\/es\/shop\/sartenes-y-ollas\/wok-es\/demeyere-wok-32-cm\/\" \/>\n<meta property=\"og:site_name\" content=\"dev6 Erresse\" \/>\n<meta property=\"og:image\" content=\"https:\/\/interpim.erresse-shop.it\/Import\/Prodotti\/demeyere-wok-32-cm.jpg\" \/><meta property=\"og:image\" content=\"https:\/\/interpim.erresse-shop.it\/Import\/Prodotti\/demeyere-wok-32-cm.jpg\" \/>\n\t<meta property=\"og:image:width\" content=\"1024\" \/>\n\t<meta property=\"og:image:height\" content=\"1024\" \/>\n\t<meta property=\"og:image:type\" content=\"image\/jpeg\" \/>\n<meta name=\"twitter:card\" content=\"summary_large_image\" \/>\n<meta name=\"twitter:image\" content=\"https:\/\/interpim.erresse-shop.it\/Import\/Prodotti\/demeyere-wok-32-cm.jpg\" \/>\n<script type=\"application\/ld+json\" class=\"yoast-schema-graph\">{\"@context\":\"https:\/\/schema.org\",\"@graph\":[{\"@type\":\"WebPage\",\"@id\":\"https:\/\/dev6.erresse-shop.it\/es\/shop\/sartenes-y-ollas\/wok-es\/demeyere-wok-32-cm\/\",\"url\":\"https:\/\/dev6.erresse-shop.it\/es\/shop\/sartenes-y-ollas\/wok-es\/demeyere-wok-32-cm\/\",\"name\":\"DEMEYERE Wok 32 cm - dev6 Erresse\",\"isPartOf\":{\"@id\":\"https:\/\/dev6.erresse-shop.it\/#website\"},\"primaryImageOfPage\":{\"@id\":\"https:\/\/dev6.erresse-shop.it\/es\/shop\/sartenes-y-ollas\/wok-es\/demeyere-wok-32-cm\/#primaryimage\"},\"image\":{\"@id\":\"https:\/\/dev6.erresse-shop.it\/es\/shop\/sartenes-y-ollas\/wok-es\/demeyere-wok-32-cm\/#primaryimage\"},\"thumbnailUrl\":\"https:\/\/i2.wp.com\/interpim.erresse-shop.it\/Import\/Prodotti\/demeyere-wok-32-cm.jpg?ssl=1\",\"datePublished\":\"2026-04-18T07:05:36+00:00\",\"description\":\"El cuidado y la precisi\u00f3n en todos los detalles, los materiales de primera calidad, los conocimientos probados y la tecnolog\u00eda moderna son los puntos\",\"breadcrumb\":{\"@id\":\"https:\/\/dev6.erresse-shop.it\/es\/shop\/sartenes-y-ollas\/wok-es\/demeyere-wok-32-cm\/#breadcrumb\"},\"inLanguage\":\"es\",\"potentialAction\":[{\"@type\":\"ReadAction\",\"target\":[\"https:\/\/dev6.erresse-shop.it\/es\/shop\/sartenes-y-ollas\/wok-es\/demeyere-wok-32-cm\/\"]}]},{\"@type\":\"ImageObject\",\"inLanguage\":\"es\",\"@id\":\"https:\/\/dev6.erresse-shop.it\/es\/shop\/sartenes-y-ollas\/wok-es\/demeyere-wok-32-cm\/#primaryimage\",\"url\":\"https:\/\/i2.wp.com\/interpim.erresse-shop.it\/Import\/Prodotti\/demeyere-wok-32-cm.jpg?ssl=1\",\"contentUrl\":\"https:\/\/i2.wp.com\/interpim.erresse-shop.it\/Import\/Prodotti\/demeyere-wok-32-cm.jpg?ssl=1\"},{\"@type\":\"BreadcrumbList\",\"@id\":\"https:\/\/dev6.erresse-shop.it\/es\/shop\/sartenes-y-ollas\/wok-es\/demeyere-wok-32-cm\/#breadcrumb\",\"itemListElement\":[{\"@type\":\"ListItem\",\"position\":1,\"name\":\"Home\",\"item\":\"https:\/\/dev6.erresse-shop.it\/\"},{\"@type\":\"ListItem\",\"position\":2,\"name\":\"Tienda\",\"item\":\"https:\/\/dev6.erresse-shop.it\/shop\/\"},{\"@type\":\"ListItem\",\"position\":3,\"name\":\"DEMEYERE Wok 32 cm\"}]},{\"@type\":\"WebSite\",\"@id\":\"https:\/\/dev6.erresse-shop.it\/#website\",\"url\":\"https:\/\/dev6.erresse-shop.it\/\",\"name\":\"Erresse Shop\",\"description\":\"\",\"publisher\":{\"@id\":\"https:\/\/dev6.erresse-shop.it\/#organization\"},\"potentialAction\":[{\"@type\":\"SearchAction\",\"target\":{\"@type\":\"EntryPoint\",\"urlTemplate\":\"https:\/\/dev6.erresse-shop.it\/?s={search_term_string}\"},\"query-input\":{\"@type\":\"PropertyValueSpecification\",\"valueRequired\":true,\"valueName\":\"search_term_string\"}}],\"inLanguage\":\"es\"},{\"@type\":\"Organization\",\"@id\":\"https:\/\/dev6.erresse-shop.it\/#organization\",\"name\":\"Erresse Shop\",\"url\":\"https:\/\/dev6.erresse-shop.it\/\",\"logo\":{\"@type\":\"ImageObject\",\"inLanguage\":\"es\",\"@id\":\"https:\/\/dev6.erresse-shop.it\/#\/schema\/logo\/image\/\",\"url\":\"https:\/\/dev6.erresse-shop.it\/wp-content\/uploads\/2025\/01\/LOGO-ERRESSE-CLASSICO.svg\",\"contentUrl\":\"https:\/\/dev6.erresse-shop.it\/wp-content\/uploads\/2025\/01\/LOGO-ERRESSE-CLASSICO.svg\",\"caption\":\"Erresse Shop\"},\"image\":{\"@id\":\"https:\/\/dev6.erresse-shop.it\/#\/schema\/logo\/image\/\"}}]}<\/script>\n<!-- \/ Yoast SEO plugin. -->","yoast_head_json":{"title":"DEMEYERE Wok 32 cm - dev6 Erresse","description":"El cuidado y la precisi\u00f3n en todos los detalles, los materiales de primera calidad, los conocimientos probados y la tecnolog\u00eda moderna son los puntos","robots":{"index":"noindex","follow":"follow","max-snippet":"max-snippet:-1","max-image-preview":"max-image-preview:large","max-video-preview":"max-video-preview:-1"},"og_locale":"es_ES","og_type":"article","og_title":"DEMEYERE Wok 32 cm - dev6 Erresse","og_description":"El cuidado y la precisi\u00f3n en todos los detalles, los materiales de primera calidad, los conocimientos probados y la tecnolog\u00eda moderna son los puntos","og_url":"https:\/\/dev6.erresse-shop.it\/es\/shop\/sartenes-y-ollas\/wok-es\/demeyere-wok-32-cm\/","og_site_name":"dev6 Erresse","og_image":[{"url":"https:\/\/interpim.erresse-shop.it\/Import\/Prodotti\/demeyere-wok-32-cm.jpg","type":"","width":"","height":""},{"url":"https:\/\/interpim.erresse-shop.it\/Import\/Prodotti\/demeyere-wok-32-cm.jpg","width":1024,"height":1024,"type":"image\/jpeg"}],"twitter_card":"summary_large_image","twitter_image":"https:\/\/interpim.erresse-shop.it\/Import\/Prodotti\/demeyere-wok-32-cm.jpg","schema":{"@context":"https:\/\/schema.org","@graph":[{"@type":"WebPage","@id":"https:\/\/dev6.erresse-shop.it\/es\/shop\/sartenes-y-ollas\/wok-es\/demeyere-wok-32-cm\/","url":"https:\/\/dev6.erresse-shop.it\/es\/shop\/sartenes-y-ollas\/wok-es\/demeyere-wok-32-cm\/","name":"DEMEYERE Wok 32 cm - dev6 Erresse","isPartOf":{"@id":"https:\/\/dev6.erresse-shop.it\/#website"},"primaryImageOfPage":{"@id":"https:\/\/dev6.erresse-shop.it\/es\/shop\/sartenes-y-ollas\/wok-es\/demeyere-wok-32-cm\/#primaryimage"},"image":{"@id":"https:\/\/dev6.erresse-shop.it\/es\/shop\/sartenes-y-ollas\/wok-es\/demeyere-wok-32-cm\/#primaryimage"},"thumbnailUrl":"https:\/\/i2.wp.com\/interpim.erresse-shop.it\/Import\/Prodotti\/demeyere-wok-32-cm.jpg?ssl=1","datePublished":"2026-04-18T07:05:36+00:00","description":"El cuidado y la precisi\u00f3n en todos los detalles, los materiales de primera calidad, los conocimientos probados y la tecnolog\u00eda moderna son los puntos","breadcrumb":{"@id":"https:\/\/dev6.erresse-shop.it\/es\/shop\/sartenes-y-ollas\/wok-es\/demeyere-wok-32-cm\/#breadcrumb"},"inLanguage":"es","potentialAction":[{"@type":"ReadAction","target":["https:\/\/dev6.erresse-shop.it\/es\/shop\/sartenes-y-ollas\/wok-es\/demeyere-wok-32-cm\/"]}]},{"@type":"ImageObject","inLanguage":"es","@id":"https:\/\/dev6.erresse-shop.it\/es\/shop\/sartenes-y-ollas\/wok-es\/demeyere-wok-32-cm\/#primaryimage","url":"https:\/\/i2.wp.com\/interpim.erresse-shop.it\/Import\/Prodotti\/demeyere-wok-32-cm.jpg?ssl=1","contentUrl":"https:\/\/i2.wp.com\/interpim.erresse-shop.it\/Import\/Prodotti\/demeyere-wok-32-cm.jpg?ssl=1"},{"@type":"BreadcrumbList","@id":"https:\/\/dev6.erresse-shop.it\/es\/shop\/sartenes-y-ollas\/wok-es\/demeyere-wok-32-cm\/#breadcrumb","itemListElement":[{"@type":"ListItem","position":1,"name":"Home","item":"https:\/\/dev6.erresse-shop.it\/"},{"@type":"ListItem","position":2,"name":"Tienda","item":"https:\/\/dev6.erresse-shop.it\/shop\/"},{"@type":"ListItem","position":3,"name":"DEMEYERE Wok 32 cm"}]},{"@type":"WebSite","@id":"https:\/\/dev6.erresse-shop.it\/#website","url":"https:\/\/dev6.erresse-shop.it\/","name":"Erresse Shop","description":"","publisher":{"@id":"https:\/\/dev6.erresse-shop.it\/#organization"},"potentialAction":[{"@type":"SearchAction","target":{"@type":"EntryPoint","urlTemplate":"https:\/\/dev6.erresse-shop.it\/?s={search_term_string}"},"query-input":{"@type":"PropertyValueSpecification","valueRequired":true,"valueName":"search_term_string"}}],"inLanguage":"es"},{"@type":"Organization","@id":"https:\/\/dev6.erresse-shop.it\/#organization","name":"Erresse Shop","url":"https:\/\/dev6.erresse-shop.it\/","logo":{"@type":"ImageObject","inLanguage":"es","@id":"https:\/\/dev6.erresse-shop.it\/#\/schema\/logo\/image\/","url":"https:\/\/dev6.erresse-shop.it\/wp-content\/uploads\/2025\/01\/LOGO-ERRESSE-CLASSICO.svg","contentUrl":"https:\/\/dev6.erresse-shop.it\/wp-content\/uploads\/2025\/01\/LOGO-ERRESSE-CLASSICO.svg","caption":"Erresse Shop"},"image":{"@id":"https:\/\/dev6.erresse-shop.it\/#\/schema\/logo\/image\/"}}]}},"df_price":199.95,"df_sale_price":199.95,"df_regular_price":249,"df_image_link":"https:\/\/i2.wp.com\/interpim.erresse-shop.it\/Import\/Prodotti\/demeyere-wok-32-cm.jpg?resize=300,300&ssl=1","fifu_image_url":"https:\/\/interpim.erresse-shop.it\/Import\/Prodotti\/demeyere-wok-32-cm.jpg","_links":{"self":[{"href":"https:\/\/dev6.erresse-shop.it\/es\/wp-json\/wp\/v2\/product\/1875590","targetHints":{"allow":["GET"]}}],"collection":[{"href":"https:\/\/dev6.erresse-shop.it\/es\/wp-json\/wp\/v2\/product"}],"about":[{"href":"https:\/\/dev6.erresse-shop.it\/es\/wp-json\/wp\/v2\/types\/product"}],"wp:featuredmedia":[{"embeddable":true,"href":"https:\/\/dev6.erresse-shop.it\/es\/wp-json\/wp\/v2\/media\/6546625"}],"wp:attachment":[{"href":"https:\/\/dev6.erresse-shop.it\/es\/wp-json\/wp\/v2\/media?parent=1875590"}],"wp:term":[{"taxonomy":"product_cat","embeddable":true,"href":"https:\/\/dev6.erresse-shop.it\/es\/wp-json\/wp\/v2\/product_cat?post=1875590"},{"taxonomy":"product_tag","embeddable":true,"href":"https:\/\/dev6.erresse-shop.it\/es\/wp-json\/wp\/v2\/product_tag?post=1875590"}],"curies":[{"name":"wp","href":"https:\/\/api.w.org\/{rel}","templated":true}]}}