{"id":1875588,"date":"2026-04-04T08:04:21","date_gmt":"2026-04-04T06:04:21","guid":{"rendered":"https:\/\/dev6.erresse-shop.it\/shop\/sin%20categor\u00eda\/demeyere-teppanyaki-grande\/"},"modified":"2025-07-04T21:02:59","modified_gmt":"2025-07-04T19:02:59","slug":"demeyere-teppanyaki-grande","status":"publish","type":"product","link":"https:\/\/dev6.erresse-shop.it\/es\/shop\/sartenes-y-ollas\/teppanyaki-es\/demeyere-teppanyaki-grande\/","title":{"rendered":"DEMEYERE Teppanyaki Grande"},"content":{"rendered":"<p>El cuidado y la precisi\u00f3n en todos los detalles, los materiales de primera calidad, los conocimientos establecidos y la tecnolog\u00eda moderna son los puntos fuertes de Demeyere, una empresa belga fundada en 1946.<\/p>\n<p>Demeyere utiliza la revolucionaria tecnolog\u00eda InductoSeal, que consiste en 7 aleaciones diferentes combinadas con acero inoxidable y cobre y selladas herm\u00e9ticamente en el fondo de la olla. La c\u00e1psula, \u00fanica en el mundo, est\u00e1 soldada al lateral de la olla con una sola capa de acero inoxidable 18\/10. Esta tecnolog\u00eda garantiza una difusi\u00f3n \u00f3ptima del calor a trav\u00e9s de toda la base. Garantiza una superficie t\u00e9rmica un 33% mayor que la de un fondo tradicional. Tambi\u00e9n garantiza que el calor, el aroma y el vapor permanezcan bien dentro de la olla. En definitiva, es la soluci\u00f3n ideal para cocinar al vapor y con o sin agua. La parte soldada proporciona una seguridad adicional en caso de fuerte sobrecalentamiento (incluso hasta 600\u00b0C). Adem\u00e1s, es especialmente higi\u00e9nico, no hay bordes dif\u00edciles de limpiar y el agua, la grasa o la suciedad no pueden penetrar hasta el fondo.<\/p>\n<p>Los trozos grandes de carne o pescado o grandes cantidades de comida se fr\u00eden mejor en un Teppanyaki \/ Plancha. Colocar la placa sobre dos platos en la placa de cocci\u00f3n o en el horno. De este modo, podr\u00e1 preparar deliciosas gambas a la plancha o podr\u00e1 fre\u00edr diferentes filetes, \u00fanicos, verduras, peque\u00f1os bocadillos, etc. Con el m\u00e9todo japon\u00e9s \u2018teppanyaki\u2019 se pueden preparar tiras de pescado, carne, verduras, simplemente se fr\u00eden con un poco de grasa y poco despu\u00e9s se terminan con un adobo o salsa.<br \/>\nDemeyere ofrece dos tama\u00f1os: un teppanyaki peque\u00f1o, gastronorm 2\/3 (35,4 x 32,5 cm\/13,9 x 12,8 \u201c) y un teppanyaki grande, gastronorm 1\/1 (53 x 32,5 cm\/20,9\u201d x 12,8 \u201c). Tambi\u00e9n es posible dividir la plancha grande en dos zonas de cocci\u00f3n: coloque la plancha en dos placas de cocci\u00f3n (una grande y otra peque\u00f1a) y cambie a diferentes niveles de calor. Fr\u00eda r\u00e1pidamente los ingredientes en la zona caliente y p\u00e1selos a la zona menos caliente para que sigan cocin\u00e1ndose o se mantengan calientes.<br \/>\nLos Teppanyaki \/ Plancha est\u00e1n hechos de material de 7 capas en el borde (4 mm\/0,16 \u201c) y est\u00e1n acabados con tratamiento de superficie Silvinox. Pueden utilizarse en el horno y en todo tipo de cocinas, incluida la de inducci\u00f3n.<\/p>\n<p>Garant\u00eda de 30 a\u00f1os (10 a\u00f1os para uso profesional).<\/p>\n","protected":false},"excerpt":{"rendered":"<p>El cuidado y la precisi\u00f3n en todos los detalles, los materiales de primera calidad, los conocimientos establecidos y la tecnolog\u00eda moderna son los puntos fuertes de Demeyere, una empresa belga fundada en 1946. Demeyere utiliza la revolucionaria tecnolog\u00eda InductoSeal, que consiste en 7 aleaciones diferentes combinadas con acero inoxidable y cobre y selladas herm\u00e9ticamente en [&hellip;]<\/p>\n","protected":false},"featured_media":6257565,"template":"","meta":{"_acf_changed":false},"product_cat":[11912,11883,11902,11686],"product_tag":[],"class_list":{"0":"post-1875588","1":"product","2":"type-product","3":"status-publish","4":"has-post-thumbnail","6":"product_cat-parrillas","7":"product_cat-sartenes-y-ollas","8":"product_cat-teppanyaki-es","9":"product_cat-teppanyaki-padelle-pentole","11":"first","12":"instock","13":"taxable","14":"shipping-taxable","15":"product-type-simple","swatches":"rey-swatches","show_selected":"","stretch_labels":"rey-swatches--stretch-labels"},"acf":[],"yoast_head":"<!-- This site is optimized with the Yoast SEO plugin v25.4 - https:\/\/yoast.com\/wordpress\/plugins\/seo\/ -->\n<title>DEMEYERE Teppanyaki Grande - dev6 Erresse<\/title>\n<meta name=\"description\" content=\"El cuidado y la precisi\u00f3n en todos los detalles, los materiales de primera calidad, los conocimientos establecidos y la tecnolog\u00eda moderna son los puntos\" \/>\n<meta name=\"robots\" content=\"noindex, follow, max-snippet:-1, max-image-preview:large, max-video-preview:-1\" \/>\n<meta property=\"og:locale\" content=\"es_ES\" \/>\n<meta property=\"og:type\" content=\"article\" \/>\n<meta property=\"og:title\" content=\"DEMEYERE Teppanyaki Grande - dev6 Erresse\" \/>\n<meta property=\"og:description\" content=\"El cuidado y la precisi\u00f3n en todos los detalles, los materiales de primera calidad, los conocimientos establecidos y la tecnolog\u00eda moderna son los puntos\" \/>\n<meta property=\"og:url\" content=\"https:\/\/dev6.erresse-shop.it\/es\/shop\/sartenes-y-ollas\/teppanyaki-es\/demeyere-teppanyaki-grande\/\" \/>\n<meta property=\"og:site_name\" content=\"dev6 Erresse\" \/>\n<meta property=\"og:image\" content=\"https:\/\/interpim.erresse-shop.it\/Import\/Prodotti\/demeyere-teppanyaki-grande.png\" \/><meta property=\"og:image\" content=\"https:\/\/interpim.erresse-shop.it\/Import\/Prodotti\/demeyere-teppanyaki-grande.png\" \/>\n\t<meta property=\"og:image:width\" content=\"1024\" \/>\n\t<meta property=\"og:image:height\" content=\"1024\" \/>\n\t<meta property=\"og:image:type\" content=\"image\/jpeg\" \/>\n<meta name=\"twitter:card\" content=\"summary_large_image\" \/>\n<meta name=\"twitter:image\" content=\"https:\/\/interpim.erresse-shop.it\/Import\/Prodotti\/demeyere-teppanyaki-grande.png\" \/>\n<script type=\"application\/ld+json\" class=\"yoast-schema-graph\">{\"@context\":\"https:\/\/schema.org\",\"@graph\":[{\"@type\":\"WebPage\",\"@id\":\"https:\/\/dev6.erresse-shop.it\/es\/shop\/sartenes-y-ollas\/teppanyaki-es\/demeyere-teppanyaki-grande\/\",\"url\":\"https:\/\/dev6.erresse-shop.it\/es\/shop\/sartenes-y-ollas\/teppanyaki-es\/demeyere-teppanyaki-grande\/\",\"name\":\"DEMEYERE Teppanyaki Grande - dev6 Erresse\",\"isPartOf\":{\"@id\":\"https:\/\/dev6.erresse-shop.it\/#website\"},\"primaryImageOfPage\":{\"@id\":\"https:\/\/dev6.erresse-shop.it\/es\/shop\/sartenes-y-ollas\/teppanyaki-es\/demeyere-teppanyaki-grande\/#primaryimage\"},\"image\":{\"@id\":\"https:\/\/dev6.erresse-shop.it\/es\/shop\/sartenes-y-ollas\/teppanyaki-es\/demeyere-teppanyaki-grande\/#primaryimage\"},\"thumbnailUrl\":\"https:\/\/i3.wp.com\/interpim.erresse-shop.it\/Import\/Prodotti\/demeyere-teppanyaki-grande.png?ssl=1\",\"datePublished\":\"2026-04-04T06:04:21+00:00\",\"description\":\"El cuidado y la precisi\u00f3n en todos los detalles, los materiales de primera calidad, los conocimientos establecidos y la tecnolog\u00eda moderna son los puntos\",\"breadcrumb\":{\"@id\":\"https:\/\/dev6.erresse-shop.it\/es\/shop\/sartenes-y-ollas\/teppanyaki-es\/demeyere-teppanyaki-grande\/#breadcrumb\"},\"inLanguage\":\"es\",\"potentialAction\":[{\"@type\":\"ReadAction\",\"target\":[\"https:\/\/dev6.erresse-shop.it\/es\/shop\/sartenes-y-ollas\/teppanyaki-es\/demeyere-teppanyaki-grande\/\"]}]},{\"@type\":\"ImageObject\",\"inLanguage\":\"es\",\"@id\":\"https:\/\/dev6.erresse-shop.it\/es\/shop\/sartenes-y-ollas\/teppanyaki-es\/demeyere-teppanyaki-grande\/#primaryimage\",\"url\":\"https:\/\/i3.wp.com\/interpim.erresse-shop.it\/Import\/Prodotti\/demeyere-teppanyaki-grande.png?ssl=1\",\"contentUrl\":\"https:\/\/i3.wp.com\/interpim.erresse-shop.it\/Import\/Prodotti\/demeyere-teppanyaki-grande.png?ssl=1\"},{\"@type\":\"BreadcrumbList\",\"@id\":\"https:\/\/dev6.erresse-shop.it\/es\/shop\/sartenes-y-ollas\/teppanyaki-es\/demeyere-teppanyaki-grande\/#breadcrumb\",\"itemListElement\":[{\"@type\":\"ListItem\",\"position\":1,\"name\":\"Home\",\"item\":\"https:\/\/dev6.erresse-shop.it\/\"},{\"@type\":\"ListItem\",\"position\":2,\"name\":\"Tienda\",\"item\":\"https:\/\/dev6.erresse-shop.it\/shop\/\"},{\"@type\":\"ListItem\",\"position\":3,\"name\":\"DEMEYERE Teppanyaki Grande\"}]},{\"@type\":\"WebSite\",\"@id\":\"https:\/\/dev6.erresse-shop.it\/#website\",\"url\":\"https:\/\/dev6.erresse-shop.it\/\",\"name\":\"Erresse Shop\",\"description\":\"\",\"publisher\":{\"@id\":\"https:\/\/dev6.erresse-shop.it\/#organization\"},\"potentialAction\":[{\"@type\":\"SearchAction\",\"target\":{\"@type\":\"EntryPoint\",\"urlTemplate\":\"https:\/\/dev6.erresse-shop.it\/?s={search_term_string}\"},\"query-input\":{\"@type\":\"PropertyValueSpecification\",\"valueRequired\":true,\"valueName\":\"search_term_string\"}}],\"inLanguage\":\"es\"},{\"@type\":\"Organization\",\"@id\":\"https:\/\/dev6.erresse-shop.it\/#organization\",\"name\":\"Erresse Shop\",\"url\":\"https:\/\/dev6.erresse-shop.it\/\",\"logo\":{\"@type\":\"ImageObject\",\"inLanguage\":\"es\",\"@id\":\"https:\/\/dev6.erresse-shop.it\/#\/schema\/logo\/image\/\",\"url\":\"https:\/\/dev6.erresse-shop.it\/wp-content\/uploads\/2025\/01\/LOGO-ERRESSE-CLASSICO.svg\",\"contentUrl\":\"https:\/\/dev6.erresse-shop.it\/wp-content\/uploads\/2025\/01\/LOGO-ERRESSE-CLASSICO.svg\",\"caption\":\"Erresse Shop\"},\"image\":{\"@id\":\"https:\/\/dev6.erresse-shop.it\/#\/schema\/logo\/image\/\"}}]}<\/script>\n<!-- \/ Yoast SEO plugin. -->","yoast_head_json":{"title":"DEMEYERE Teppanyaki Grande - dev6 Erresse","description":"El cuidado y la precisi\u00f3n en todos los detalles, los materiales de primera calidad, los conocimientos establecidos y la tecnolog\u00eda moderna son los puntos","robots":{"index":"noindex","follow":"follow","max-snippet":"max-snippet:-1","max-image-preview":"max-image-preview:large","max-video-preview":"max-video-preview:-1"},"og_locale":"es_ES","og_type":"article","og_title":"DEMEYERE Teppanyaki Grande - dev6 Erresse","og_description":"El cuidado y la precisi\u00f3n en todos los detalles, los materiales de primera calidad, los conocimientos establecidos y la tecnolog\u00eda moderna son los puntos","og_url":"https:\/\/dev6.erresse-shop.it\/es\/shop\/sartenes-y-ollas\/teppanyaki-es\/demeyere-teppanyaki-grande\/","og_site_name":"dev6 Erresse","og_image":[{"url":"https:\/\/interpim.erresse-shop.it\/Import\/Prodotti\/demeyere-teppanyaki-grande.png","type":"","width":"","height":""},{"url":"https:\/\/interpim.erresse-shop.it\/Import\/Prodotti\/demeyere-teppanyaki-grande.png","width":1024,"height":1024,"type":"image\/jpeg"}],"twitter_card":"summary_large_image","twitter_image":"https:\/\/interpim.erresse-shop.it\/Import\/Prodotti\/demeyere-teppanyaki-grande.png","schema":{"@context":"https:\/\/schema.org","@graph":[{"@type":"WebPage","@id":"https:\/\/dev6.erresse-shop.it\/es\/shop\/sartenes-y-ollas\/teppanyaki-es\/demeyere-teppanyaki-grande\/","url":"https:\/\/dev6.erresse-shop.it\/es\/shop\/sartenes-y-ollas\/teppanyaki-es\/demeyere-teppanyaki-grande\/","name":"DEMEYERE Teppanyaki Grande - dev6 Erresse","isPartOf":{"@id":"https:\/\/dev6.erresse-shop.it\/#website"},"primaryImageOfPage":{"@id":"https:\/\/dev6.erresse-shop.it\/es\/shop\/sartenes-y-ollas\/teppanyaki-es\/demeyere-teppanyaki-grande\/#primaryimage"},"image":{"@id":"https:\/\/dev6.erresse-shop.it\/es\/shop\/sartenes-y-ollas\/teppanyaki-es\/demeyere-teppanyaki-grande\/#primaryimage"},"thumbnailUrl":"https:\/\/i3.wp.com\/interpim.erresse-shop.it\/Import\/Prodotti\/demeyere-teppanyaki-grande.png?ssl=1","datePublished":"2026-04-04T06:04:21+00:00","description":"El cuidado y la precisi\u00f3n en todos los detalles, los materiales de primera calidad, los conocimientos establecidos y la tecnolog\u00eda moderna son los puntos","breadcrumb":{"@id":"https:\/\/dev6.erresse-shop.it\/es\/shop\/sartenes-y-ollas\/teppanyaki-es\/demeyere-teppanyaki-grande\/#breadcrumb"},"inLanguage":"es","potentialAction":[{"@type":"ReadAction","target":["https:\/\/dev6.erresse-shop.it\/es\/shop\/sartenes-y-ollas\/teppanyaki-es\/demeyere-teppanyaki-grande\/"]}]},{"@type":"ImageObject","inLanguage":"es","@id":"https:\/\/dev6.erresse-shop.it\/es\/shop\/sartenes-y-ollas\/teppanyaki-es\/demeyere-teppanyaki-grande\/#primaryimage","url":"https:\/\/i3.wp.com\/interpim.erresse-shop.it\/Import\/Prodotti\/demeyere-teppanyaki-grande.png?ssl=1","contentUrl":"https:\/\/i3.wp.com\/interpim.erresse-shop.it\/Import\/Prodotti\/demeyere-teppanyaki-grande.png?ssl=1"},{"@type":"BreadcrumbList","@id":"https:\/\/dev6.erresse-shop.it\/es\/shop\/sartenes-y-ollas\/teppanyaki-es\/demeyere-teppanyaki-grande\/#breadcrumb","itemListElement":[{"@type":"ListItem","position":1,"name":"Home","item":"https:\/\/dev6.erresse-shop.it\/"},{"@type":"ListItem","position":2,"name":"Tienda","item":"https:\/\/dev6.erresse-shop.it\/shop\/"},{"@type":"ListItem","position":3,"name":"DEMEYERE Teppanyaki Grande"}]},{"@type":"WebSite","@id":"https:\/\/dev6.erresse-shop.it\/#website","url":"https:\/\/dev6.erresse-shop.it\/","name":"Erresse Shop","description":"","publisher":{"@id":"https:\/\/dev6.erresse-shop.it\/#organization"},"potentialAction":[{"@type":"SearchAction","target":{"@type":"EntryPoint","urlTemplate":"https:\/\/dev6.erresse-shop.it\/?s={search_term_string}"},"query-input":{"@type":"PropertyValueSpecification","valueRequired":true,"valueName":"search_term_string"}}],"inLanguage":"es"},{"@type":"Organization","@id":"https:\/\/dev6.erresse-shop.it\/#organization","name":"Erresse Shop","url":"https:\/\/dev6.erresse-shop.it\/","logo":{"@type":"ImageObject","inLanguage":"es","@id":"https:\/\/dev6.erresse-shop.it\/#\/schema\/logo\/image\/","url":"https:\/\/dev6.erresse-shop.it\/wp-content\/uploads\/2025\/01\/LOGO-ERRESSE-CLASSICO.svg","contentUrl":"https:\/\/dev6.erresse-shop.it\/wp-content\/uploads\/2025\/01\/LOGO-ERRESSE-CLASSICO.svg","caption":"Erresse Shop"},"image":{"@id":"https:\/\/dev6.erresse-shop.it\/#\/schema\/logo\/image\/"}}]}},"df_price":"","df_sale_price":"","df_regular_price":"","df_image_link":"https:\/\/i3.wp.com\/interpim.erresse-shop.it\/Import\/Prodotti\/demeyere-teppanyaki-grande.png?resize=300,300&ssl=1","fifu_image_url":"https:\/\/interpim.erresse-shop.it\/Import\/Prodotti\/demeyere-teppanyaki-grande.png","_links":{"self":[{"href":"https:\/\/dev6.erresse-shop.it\/es\/wp-json\/wp\/v2\/product\/1875588","targetHints":{"allow":["GET"]}}],"collection":[{"href":"https:\/\/dev6.erresse-shop.it\/es\/wp-json\/wp\/v2\/product"}],"about":[{"href":"https:\/\/dev6.erresse-shop.it\/es\/wp-json\/wp\/v2\/types\/product"}],"wp:featuredmedia":[{"embeddable":true,"href":"https:\/\/dev6.erresse-shop.it\/es\/wp-json\/wp\/v2\/media\/6257565"}],"wp:attachment":[{"href":"https:\/\/dev6.erresse-shop.it\/es\/wp-json\/wp\/v2\/media?parent=1875588"}],"wp:term":[{"taxonomy":"product_cat","embeddable":true,"href":"https:\/\/dev6.erresse-shop.it\/es\/wp-json\/wp\/v2\/product_cat?post=1875588"},{"taxonomy":"product_tag","embeddable":true,"href":"https:\/\/dev6.erresse-shop.it\/es\/wp-json\/wp\/v2\/product_tag?post=1875588"}],"curies":[{"name":"wp","href":"https:\/\/api.w.org\/{rel}","templated":true}]}}