{"id":1875578,"date":"2026-04-04T08:04:21","date_gmt":"2026-04-04T06:04:21","guid":{"rendered":"https:\/\/dev6.erresse-shop.it\/shop\/sin%20categor\u00eda\/staub-cocotte-redonda-26-cm-gris-grafito\/"},"modified":"2025-09-14T07:25:07","modified_gmt":"2025-09-14T05:25:07","slug":"staub-cocotte-redonda-26-cm-gris-grafito","status":"publish","type":"product","link":"https:\/\/dev6.erresse-shop.it\/es\/shop\/sartenes-y-ollas\/marmitas-y-cocottes\/staub-cocotte-redonda-26-cm-gris-grafito\/","title":{"rendered":"STAUB Cocotte Redonda 26 cm Gris Grafito"},"content":{"rendered":"<p>Para que pueda disfrutar de las delicias de la cocina francesa, Staub ha utilizado una innovadora combinaci\u00f3n de materiales en la elaboraci\u00f3n de estas cocottes tradicionales. Gracias a su excelente conducci\u00f3n del calor y a sus propiedades para potenciar el sabor, los mejores chefs, los cocineros principiantes y los aficionados pueden preparar delicados guisos, gratinados y sufl\u00e9s. Le encantar\u00e1n nuestras cocottes, que le permitir\u00e1n cocinar sopas, guisos y gratinados. El hierro fundido es un material muy popular para fabricar sartenes porque absorbe el calor del horno con eficacia y lo distribuye uniformemente. La excelente acumulaci\u00f3n de calor permite un guisado suave y mantiene los alimentos calientes. El elegante dise\u00f1o de la cacerola la hace especialmente adecuada para el servicio de mesa. La cocotte redonda es de color gris grafito, por lo que encaja perfectamente con la decoraci\u00f3n r\u00fastica del comedor o con las l\u00edneas elegantes de los restaurantes modernos. La cocotte tiene un di\u00e1metro de 26 cm y una altura de 17 cm, con un interior de esmalte negro mate. Esto permite una mejor conservaci\u00f3n y propiedades de conducci\u00f3n del calor del hierro fundido, preservando los sabores de los alimentos preparados. Estas propiedades mejoran gradualmente con el uso. Con la cocotte Staub podr\u00e1 preparar sabrosos platos como asados o verduras gratinadas en un abrir y cerrar de ojos.<\/p>\n<p>\u2013 Ideal para sellar y cocinar a fuego lento carne, pescado o verduras<br \/>\n\u2013 Para un resultado de cocci\u00f3n jugoso y tierno gracias a la tapa<br \/>\n\u2013 El esmaltado interior negro mate es ideal para un dorado especialmente crujiente y es muy duradero<br \/>\n\u2013 Apto para todo tipo de cocinas, incluida la de inducci\u00f3n, tambi\u00e9n puede utilizarse en el horno\/parrilla<\/p>\n<p>Caracter\u00edsticas<br \/>\n\u2013 Resistencia al calor (\u00b0C): 240,00 \u00baC<br \/>\n\u2013 Material: hierro fundido<br \/>\n\u2013 Tapa existente: s\u00ed<br \/>\n\u2013 Inducci\u00f3n: S\u00ed<br \/>\n\u2013 Apto para el horno: S\u00ed<br \/>\n\u2013 Apto para el congelador: S\u00ed<br \/>\n\u2013 Apto para la cocina: s\u00ed<br \/>\n\u2013 Apto para el lavavajillas: s\u00ed<\/p>\n<p>Tama\u00f1o<br \/>\n\u2013 Peso neto: 5,70 kg<br \/>\n\u2013 Capacidad: 5,25 l<br \/>\n\u2013 Longitud del producto: 32,70 cm<br \/>\n\u2013 Anchura del producto: 26,00 cm<br \/>\n\u2013 Altura del producto: 16,70 cm<br \/>\n\u2013 Altura sin tapa: 11,80 cm<br \/>\n\u2013 Di\u00e1metro superior: 26,00 cm<br \/>\n\u2013 Di\u00e1metro del fondo: 21,70 cm<br \/>\n\u2013 Longitud del mango: 3,50 cm<\/p>\n","protected":false},"excerpt":{"rendered":"<p>Para que pueda disfrutar de las delicias de la cocina francesa, Staub ha utilizado una innovadora combinaci\u00f3n de materiales en la elaboraci\u00f3n de estas cocottes tradicionales. Gracias a su excelente conducci\u00f3n del calor y a sus propiedades para potenciar el sabor, los mejores chefs, los cocineros principiantes y los aficionados pueden preparar delicados guisos, gratinados [&hellip;]<\/p>\n","protected":false},"featured_media":6257503,"template":"","meta":{"_acf_changed":false},"product_cat":[11892,11667,11883],"product_tag":[],"class_list":{"0":"post-1875578","1":"product","2":"type-product","3":"status-publish","4":"has-post-thumbnail","6":"product_cat-marmitas-y-cocottes","7":"product_cat-padelle-pentole","8":"product_cat-sartenes-y-ollas","10":"first","11":"outofstock","12":"sale","13":"taxable","14":"shipping-taxable","15":"purchasable","16":"product-type-simple","swatches":"rey-swatches","show_selected":"","stretch_labels":"rey-swatches--stretch-labels"},"acf":[],"yoast_head":"<!-- This site is optimized with the Yoast SEO plugin v25.4 - https:\/\/yoast.com\/wordpress\/plugins\/seo\/ -->\n<title>STAUB Cocotte Redonda 26 cm Gris Grafito - dev6 Erresse<\/title>\n<meta name=\"description\" content=\"Para que pueda disfrutar de las delicias de la cocina francesa, Staub ha utilizado una innovadora combinaci\u00f3n de materiales en la elaboraci\u00f3n de estas\" \/>\n<meta name=\"robots\" content=\"noindex, follow, max-snippet:-1, max-image-preview:large, max-video-preview:-1\" \/>\n<meta property=\"og:locale\" content=\"es_ES\" \/>\n<meta property=\"og:type\" content=\"article\" \/>\n<meta property=\"og:title\" content=\"STAUB Cocotte Redonda 26 cm Gris Grafito - dev6 Erresse\" \/>\n<meta property=\"og:description\" content=\"Para que pueda disfrutar de las delicias de la cocina francesa, Staub ha utilizado una innovadora combinaci\u00f3n de materiales en la elaboraci\u00f3n de estas\" \/>\n<meta property=\"og:url\" content=\"https:\/\/dev6.erresse-shop.it\/es\/shop\/sartenes-y-ollas\/marmitas-y-cocottes\/staub-cocotte-redonda-26-cm-gris-grafito\/\" \/>\n<meta property=\"og:site_name\" content=\"dev6 Erresse\" \/>\n<meta property=\"og:image\" content=\"https:\/\/interpim.erresse-shop.it\/Import\/Prodotti\/staub-cocotte-tonda-26-cm-grigio-grafite.jpg\" \/><meta property=\"og:image\" content=\"https:\/\/interpim.erresse-shop.it\/Import\/Prodotti\/staub-cocotte-tonda-26-cm-grigio-grafite.jpg\" \/>\n\t<meta property=\"og:image:width\" content=\"1024\" \/>\n\t<meta property=\"og:image:height\" content=\"1024\" \/>\n\t<meta property=\"og:image:type\" content=\"image\/jpeg\" \/>\n<meta name=\"twitter:card\" content=\"summary_large_image\" \/>\n<meta name=\"twitter:image\" content=\"https:\/\/interpim.erresse-shop.it\/Import\/Prodotti\/staub-cocotte-tonda-26-cm-grigio-grafite.jpg\" \/>\n<script type=\"application\/ld+json\" class=\"yoast-schema-graph\">{\"@context\":\"https:\/\/schema.org\",\"@graph\":[{\"@type\":\"WebPage\",\"@id\":\"https:\/\/dev6.erresse-shop.it\/es\/shop\/sartenes-y-ollas\/marmitas-y-cocottes\/staub-cocotte-redonda-26-cm-gris-grafito\/\",\"url\":\"https:\/\/dev6.erresse-shop.it\/es\/shop\/sartenes-y-ollas\/marmitas-y-cocottes\/staub-cocotte-redonda-26-cm-gris-grafito\/\",\"name\":\"STAUB Cocotte Redonda 26 cm Gris Grafito - dev6 Erresse\",\"isPartOf\":{\"@id\":\"https:\/\/dev6.erresse-shop.it\/#website\"},\"primaryImageOfPage\":{\"@id\":\"https:\/\/dev6.erresse-shop.it\/es\/shop\/sartenes-y-ollas\/marmitas-y-cocottes\/staub-cocotte-redonda-26-cm-gris-grafito\/#primaryimage\"},\"image\":{\"@id\":\"https:\/\/dev6.erresse-shop.it\/es\/shop\/sartenes-y-ollas\/marmitas-y-cocottes\/staub-cocotte-redonda-26-cm-gris-grafito\/#primaryimage\"},\"thumbnailUrl\":\"https:\/\/i3.wp.com\/interpim.erresse-shop.it\/Import\/Prodotti\/staub-cocotte-tonda-26-cm-grigio-grafite.jpg?ssl=1\",\"datePublished\":\"2026-04-04T06:04:21+00:00\",\"description\":\"Para que pueda disfrutar de las delicias de la cocina francesa, Staub ha utilizado una innovadora combinaci\u00f3n de materiales en la elaboraci\u00f3n de estas\",\"breadcrumb\":{\"@id\":\"https:\/\/dev6.erresse-shop.it\/es\/shop\/sartenes-y-ollas\/marmitas-y-cocottes\/staub-cocotte-redonda-26-cm-gris-grafito\/#breadcrumb\"},\"inLanguage\":\"es\",\"potentialAction\":[{\"@type\":\"ReadAction\",\"target\":[\"https:\/\/dev6.erresse-shop.it\/es\/shop\/sartenes-y-ollas\/marmitas-y-cocottes\/staub-cocotte-redonda-26-cm-gris-grafito\/\"]}]},{\"@type\":\"ImageObject\",\"inLanguage\":\"es\",\"@id\":\"https:\/\/dev6.erresse-shop.it\/es\/shop\/sartenes-y-ollas\/marmitas-y-cocottes\/staub-cocotte-redonda-26-cm-gris-grafito\/#primaryimage\",\"url\":\"https:\/\/i3.wp.com\/interpim.erresse-shop.it\/Import\/Prodotti\/staub-cocotte-tonda-26-cm-grigio-grafite.jpg?ssl=1\",\"contentUrl\":\"https:\/\/i3.wp.com\/interpim.erresse-shop.it\/Import\/Prodotti\/staub-cocotte-tonda-26-cm-grigio-grafite.jpg?ssl=1\"},{\"@type\":\"BreadcrumbList\",\"@id\":\"https:\/\/dev6.erresse-shop.it\/es\/shop\/sartenes-y-ollas\/marmitas-y-cocottes\/staub-cocotte-redonda-26-cm-gris-grafito\/#breadcrumb\",\"itemListElement\":[{\"@type\":\"ListItem\",\"position\":1,\"name\":\"Home\",\"item\":\"https:\/\/dev6.erresse-shop.it\/\"},{\"@type\":\"ListItem\",\"position\":2,\"name\":\"Tienda\",\"item\":\"https:\/\/dev6.erresse-shop.it\/shop\/\"},{\"@type\":\"ListItem\",\"position\":3,\"name\":\"STAUB Cocotte Redonda 26 cm Gris Grafito\"}]},{\"@type\":\"WebSite\",\"@id\":\"https:\/\/dev6.erresse-shop.it\/#website\",\"url\":\"https:\/\/dev6.erresse-shop.it\/\",\"name\":\"Erresse Shop\",\"description\":\"\",\"publisher\":{\"@id\":\"https:\/\/dev6.erresse-shop.it\/#organization\"},\"potentialAction\":[{\"@type\":\"SearchAction\",\"target\":{\"@type\":\"EntryPoint\",\"urlTemplate\":\"https:\/\/dev6.erresse-shop.it\/?s={search_term_string}\"},\"query-input\":{\"@type\":\"PropertyValueSpecification\",\"valueRequired\":true,\"valueName\":\"search_term_string\"}}],\"inLanguage\":\"es\"},{\"@type\":\"Organization\",\"@id\":\"https:\/\/dev6.erresse-shop.it\/#organization\",\"name\":\"Erresse Shop\",\"url\":\"https:\/\/dev6.erresse-shop.it\/\",\"logo\":{\"@type\":\"ImageObject\",\"inLanguage\":\"es\",\"@id\":\"https:\/\/dev6.erresse-shop.it\/#\/schema\/logo\/image\/\",\"url\":\"https:\/\/dev6.erresse-shop.it\/wp-content\/uploads\/2025\/01\/LOGO-ERRESSE-CLASSICO.svg\",\"contentUrl\":\"https:\/\/dev6.erresse-shop.it\/wp-content\/uploads\/2025\/01\/LOGO-ERRESSE-CLASSICO.svg\",\"caption\":\"Erresse Shop\"},\"image\":{\"@id\":\"https:\/\/dev6.erresse-shop.it\/#\/schema\/logo\/image\/\"}}]}<\/script>\n<!-- \/ Yoast SEO plugin. -->","yoast_head_json":{"title":"STAUB Cocotte Redonda 26 cm Gris Grafito - dev6 Erresse","description":"Para que pueda disfrutar de las delicias de la cocina francesa, Staub ha utilizado una innovadora combinaci\u00f3n de materiales en la elaboraci\u00f3n de estas","robots":{"index":"noindex","follow":"follow","max-snippet":"max-snippet:-1","max-image-preview":"max-image-preview:large","max-video-preview":"max-video-preview:-1"},"og_locale":"es_ES","og_type":"article","og_title":"STAUB Cocotte Redonda 26 cm Gris Grafito - dev6 Erresse","og_description":"Para que pueda disfrutar de las delicias de la cocina francesa, Staub ha utilizado una innovadora combinaci\u00f3n de materiales en la elaboraci\u00f3n de estas","og_url":"https:\/\/dev6.erresse-shop.it\/es\/shop\/sartenes-y-ollas\/marmitas-y-cocottes\/staub-cocotte-redonda-26-cm-gris-grafito\/","og_site_name":"dev6 Erresse","og_image":[{"url":"https:\/\/interpim.erresse-shop.it\/Import\/Prodotti\/staub-cocotte-tonda-26-cm-grigio-grafite.jpg","type":"","width":"","height":""},{"url":"https:\/\/interpim.erresse-shop.it\/Import\/Prodotti\/staub-cocotte-tonda-26-cm-grigio-grafite.jpg","width":1024,"height":1024,"type":"image\/jpeg"}],"twitter_card":"summary_large_image","twitter_image":"https:\/\/interpim.erresse-shop.it\/Import\/Prodotti\/staub-cocotte-tonda-26-cm-grigio-grafite.jpg","schema":{"@context":"https:\/\/schema.org","@graph":[{"@type":"WebPage","@id":"https:\/\/dev6.erresse-shop.it\/es\/shop\/sartenes-y-ollas\/marmitas-y-cocottes\/staub-cocotte-redonda-26-cm-gris-grafito\/","url":"https:\/\/dev6.erresse-shop.it\/es\/shop\/sartenes-y-ollas\/marmitas-y-cocottes\/staub-cocotte-redonda-26-cm-gris-grafito\/","name":"STAUB Cocotte Redonda 26 cm Gris Grafito - dev6 Erresse","isPartOf":{"@id":"https:\/\/dev6.erresse-shop.it\/#website"},"primaryImageOfPage":{"@id":"https:\/\/dev6.erresse-shop.it\/es\/shop\/sartenes-y-ollas\/marmitas-y-cocottes\/staub-cocotte-redonda-26-cm-gris-grafito\/#primaryimage"},"image":{"@id":"https:\/\/dev6.erresse-shop.it\/es\/shop\/sartenes-y-ollas\/marmitas-y-cocottes\/staub-cocotte-redonda-26-cm-gris-grafito\/#primaryimage"},"thumbnailUrl":"https:\/\/i3.wp.com\/interpim.erresse-shop.it\/Import\/Prodotti\/staub-cocotte-tonda-26-cm-grigio-grafite.jpg?ssl=1","datePublished":"2026-04-04T06:04:21+00:00","description":"Para que pueda disfrutar de las delicias de la cocina francesa, Staub ha utilizado una innovadora combinaci\u00f3n de materiales en la elaboraci\u00f3n de estas","breadcrumb":{"@id":"https:\/\/dev6.erresse-shop.it\/es\/shop\/sartenes-y-ollas\/marmitas-y-cocottes\/staub-cocotte-redonda-26-cm-gris-grafito\/#breadcrumb"},"inLanguage":"es","potentialAction":[{"@type":"ReadAction","target":["https:\/\/dev6.erresse-shop.it\/es\/shop\/sartenes-y-ollas\/marmitas-y-cocottes\/staub-cocotte-redonda-26-cm-gris-grafito\/"]}]},{"@type":"ImageObject","inLanguage":"es","@id":"https:\/\/dev6.erresse-shop.it\/es\/shop\/sartenes-y-ollas\/marmitas-y-cocottes\/staub-cocotte-redonda-26-cm-gris-grafito\/#primaryimage","url":"https:\/\/i3.wp.com\/interpim.erresse-shop.it\/Import\/Prodotti\/staub-cocotte-tonda-26-cm-grigio-grafite.jpg?ssl=1","contentUrl":"https:\/\/i3.wp.com\/interpim.erresse-shop.it\/Import\/Prodotti\/staub-cocotte-tonda-26-cm-grigio-grafite.jpg?ssl=1"},{"@type":"BreadcrumbList","@id":"https:\/\/dev6.erresse-shop.it\/es\/shop\/sartenes-y-ollas\/marmitas-y-cocottes\/staub-cocotte-redonda-26-cm-gris-grafito\/#breadcrumb","itemListElement":[{"@type":"ListItem","position":1,"name":"Home","item":"https:\/\/dev6.erresse-shop.it\/"},{"@type":"ListItem","position":2,"name":"Tienda","item":"https:\/\/dev6.erresse-shop.it\/shop\/"},{"@type":"ListItem","position":3,"name":"STAUB Cocotte Redonda 26 cm Gris Grafito"}]},{"@type":"WebSite","@id":"https:\/\/dev6.erresse-shop.it\/#website","url":"https:\/\/dev6.erresse-shop.it\/","name":"Erresse Shop","description":"","publisher":{"@id":"https:\/\/dev6.erresse-shop.it\/#organization"},"potentialAction":[{"@type":"SearchAction","target":{"@type":"EntryPoint","urlTemplate":"https:\/\/dev6.erresse-shop.it\/?s={search_term_string}"},"query-input":{"@type":"PropertyValueSpecification","valueRequired":true,"valueName":"search_term_string"}}],"inLanguage":"es"},{"@type":"Organization","@id":"https:\/\/dev6.erresse-shop.it\/#organization","name":"Erresse Shop","url":"https:\/\/dev6.erresse-shop.it\/","logo":{"@type":"ImageObject","inLanguage":"es","@id":"https:\/\/dev6.erresse-shop.it\/#\/schema\/logo\/image\/","url":"https:\/\/dev6.erresse-shop.it\/wp-content\/uploads\/2025\/01\/LOGO-ERRESSE-CLASSICO.svg","contentUrl":"https:\/\/dev6.erresse-shop.it\/wp-content\/uploads\/2025\/01\/LOGO-ERRESSE-CLASSICO.svg","caption":"Erresse Shop"},"image":{"@id":"https:\/\/dev6.erresse-shop.it\/#\/schema\/logo\/image\/"}}]}},"df_price":199.95,"df_sale_price":199.95,"df_regular_price":319,"df_image_link":"https:\/\/i3.wp.com\/interpim.erresse-shop.it\/Import\/Prodotti\/staub-cocotte-tonda-26-cm-grigio-grafite.jpg?resize=300,300&ssl=1","fifu_image_url":"https:\/\/interpim.erresse-shop.it\/Import\/Prodotti\/staub-cocotte-tonda-26-cm-grigio-grafite.jpg","_links":{"self":[{"href":"https:\/\/dev6.erresse-shop.it\/es\/wp-json\/wp\/v2\/product\/1875578","targetHints":{"allow":["GET"]}}],"collection":[{"href":"https:\/\/dev6.erresse-shop.it\/es\/wp-json\/wp\/v2\/product"}],"about":[{"href":"https:\/\/dev6.erresse-shop.it\/es\/wp-json\/wp\/v2\/types\/product"}],"wp:featuredmedia":[{"embeddable":true,"href":"https:\/\/dev6.erresse-shop.it\/es\/wp-json\/wp\/v2\/media\/6257503"}],"wp:attachment":[{"href":"https:\/\/dev6.erresse-shop.it\/es\/wp-json\/wp\/v2\/media?parent=1875578"}],"wp:term":[{"taxonomy":"product_cat","embeddable":true,"href":"https:\/\/dev6.erresse-shop.it\/es\/wp-json\/wp\/v2\/product_cat?post=1875578"},{"taxonomy":"product_tag","embeddable":true,"href":"https:\/\/dev6.erresse-shop.it\/es\/wp-json\/wp\/v2\/product_tag?post=1875578"}],"curies":[{"name":"wp","href":"https:\/\/api.w.org\/{rel}","templated":true}]}}