{"id":1875556,"date":"2026-04-23T08:49:48","date_gmt":"2026-04-23T06:49:48","guid":{"rendered":"https:\/\/dev6.erresse-shop.it\/shop\/sin%20categor\u00eda\/zafferano-perle-juego-de-6-vasos-aguamarina\/"},"modified":"2025-11-22T18:06:51","modified_gmt":"2025-11-22T17:06:51","slug":"zafferano-perle-juego-de-6-vasos-aguamarina","status":"publish","type":"product","link":"https:\/\/dev6.erresse-shop.it\/es\/shop\/tabla\/vasos\/zafferano-perle-juego-de-6-vasos-aguamarina\/","title":{"rendered":"ZAFFERANO Perle Juego de 6 Vasos Aguamarina"},"content":{"rendered":"<p>El dise\u00f1o y la funcionalidad inspiran el trabajo de Federico de Majo, cuyas creaciones van desde las l\u00edneas m\u00e1s tradicionales hasta otras de alto contenido t\u00e9cnico, que expresan el gusto por la innovaci\u00f3n y la investigaci\u00f3n de productos.<\/p>\n<p>Con Zafferano, la experiencia de la fabricaci\u00f3n de vidrio se une a la cultura del vino. La historia de Federico de Majo comienza en la cristaler\u00eda familiar de Murano. Fue aqu\u00ed, a mediados de los a\u00f1os 70, donde Federico de Majo comenz\u00f3 a dedicarse con pasi\u00f3n al vidrio soplado y art\u00edstico. M\u00e1s tarde, su atenci\u00f3n y su gusto por el buen beber le hicieron desear fundar una empresa dedicada a la investigaci\u00f3n y producci\u00f3n de copas de degustaci\u00f3n.<\/p>\n<p>Las colecciones de Zafferano son sopladas a boca y hechas a mano por artesanos que siguen trabajando como anta\u00f1o. Este trabajo artesanal hace que cada pieza sea \u00fanica y diferente de las dem\u00e1s, y por ello a\u00fan m\u00e1s preciosa. El logotipo caracter\u00edstico, con la copa y la Z de azafr\u00e1n en el interior, certifica que el producto est\u00e1 hecho a mano.<\/p>\n<p>Mezcla de transparencias y pasta de vidrio, las Perlas de Federico de Majo combinan materiales \u00fanicos con una antigua y h\u00e1bil elaboraci\u00f3n realizada totalmente a mano.<\/p>\n<p>Tratamiento art\u00edstico del vidrio<\/p>\n<p>La l\u00ednea Perle consigue efectos extraordinariamente fascinantes gracias a la mezcla de transparencias y pasta de vidrio, obtenida a trav\u00e9s de un proceso art\u00edstico especial, realizado totalmente a mano y h\u00e1bilmente interpretado por el tacto de h\u00e1biles maestros vidrieros. Es un proceso antiguo, el de la espiral aplicada y rota, que Federico de Majo ha retomado para dise\u00f1ar esta colecci\u00f3n, haciendo que estos productos sean \u00fanicos y valiosos.<br \/>\nCada gesto de las distintas fases de la obra es irrepetible, la cantidad de vidrio extra\u00eddo para las piezas aplicadas en caliente no puede ser siempre dosificada de la misma manera por la, aunque experta, mano del hombre; las propias formas, siempre similares, gozan de esa singularidad, dada por la mano de obra, que hace que cada producto de esta colecci\u00f3n no sea exactamente reproducible.<\/p>\n","protected":false},"excerpt":{"rendered":"<p>El dise\u00f1o y la funcionalidad inspiran el trabajo de Federico de Majo, cuyas creaciones van desde las l\u00edneas m\u00e1s tradicionales hasta otras de alto contenido t\u00e9cnico, que expresan el gusto por la innovaci\u00f3n y la investigaci\u00f3n de productos. Con Zafferano, la experiencia de la fabricaci\u00f3n de vidrio se une a la cultura del vino. La [&hellip;]<\/p>\n","protected":false},"featured_media":6857154,"template":"","meta":{"_acf_changed":false},"product_cat":[11887,11671,11901],"product_tag":[],"class_list":{"0":"post-1875556","1":"product","2":"type-product","3":"status-publish","4":"has-post-thumbnail","6":"product_cat-tabla","7":"product_cat-tavola","8":"product_cat-vasos","10":"first","11":"instock","12":"sale","13":"taxable","14":"shipping-taxable","15":"purchasable","16":"product-type-simple","swatches":"rey-swatches","show_selected":"","stretch_labels":"rey-swatches--stretch-labels"},"acf":[],"yoast_head":"<!-- This site is optimized with the Yoast SEO plugin v25.4 - https:\/\/yoast.com\/wordpress\/plugins\/seo\/ -->\n<title>ZAFFERANO Perle Juego de 6 Vasos Aguamarina - dev6 Erresse<\/title>\n<meta name=\"description\" content=\"El dise\u00f1o y la funcionalidad inspiran el trabajo de Federico de Majo, cuyas creaciones van desde las l\u00edneas m\u00e1s tradicionales hasta otras de alto\" \/>\n<meta name=\"robots\" content=\"noindex, follow, max-snippet:-1, max-image-preview:large, max-video-preview:-1\" \/>\n<meta property=\"og:locale\" content=\"es_ES\" \/>\n<meta property=\"og:type\" content=\"article\" \/>\n<meta property=\"og:title\" content=\"ZAFFERANO Perle Juego de 6 Vasos Aguamarina - dev6 Erresse\" \/>\n<meta property=\"og:description\" content=\"El dise\u00f1o y la funcionalidad inspiran el trabajo de Federico de Majo, cuyas creaciones van desde las l\u00edneas m\u00e1s tradicionales hasta otras de alto\" \/>\n<meta property=\"og:url\" content=\"https:\/\/dev6.erresse-shop.it\/es\/shop\/tabla\/vasos\/zafferano-perle-juego-de-6-vasos-aguamarina\/\" \/>\n<meta property=\"og:site_name\" content=\"dev6 Erresse\" \/>\n<meta property=\"og:image\" content=\"https:\/\/interpim.erresse-shop.it\/Import\/Prodotti\/zafferano-perle-set-6-bicchieri-tumbler-acquamarina.jpg\" \/><meta property=\"og:image\" content=\"https:\/\/interpim.erresse-shop.it\/Import\/Prodotti\/zafferano-perle-set-6-bicchieri-tumbler-acquamarina.jpg\" \/>\n\t<meta property=\"og:image:width\" content=\"1024\" \/>\n\t<meta property=\"og:image:height\" content=\"1024\" \/>\n\t<meta property=\"og:image:type\" content=\"image\/jpeg\" \/>\n<meta name=\"twitter:card\" content=\"summary_large_image\" \/>\n<meta name=\"twitter:image\" content=\"https:\/\/interpim.erresse-shop.it\/Import\/Prodotti\/zafferano-perle-set-6-bicchieri-tumbler-acquamarina.jpg\" \/>\n<script type=\"application\/ld+json\" class=\"yoast-schema-graph\">{\"@context\":\"https:\/\/schema.org\",\"@graph\":[{\"@type\":\"WebPage\",\"@id\":\"https:\/\/dev6.erresse-shop.it\/es\/shop\/tabla\/vasos\/zafferano-perle-juego-de-6-vasos-aguamarina\/\",\"url\":\"https:\/\/dev6.erresse-shop.it\/es\/shop\/tabla\/vasos\/zafferano-perle-juego-de-6-vasos-aguamarina\/\",\"name\":\"ZAFFERANO Perle Juego de 6 Vasos Aguamarina - dev6 Erresse\",\"isPartOf\":{\"@id\":\"https:\/\/dev6.erresse-shop.it\/#website\"},\"primaryImageOfPage\":{\"@id\":\"https:\/\/dev6.erresse-shop.it\/es\/shop\/tabla\/vasos\/zafferano-perle-juego-de-6-vasos-aguamarina\/#primaryimage\"},\"image\":{\"@id\":\"https:\/\/dev6.erresse-shop.it\/es\/shop\/tabla\/vasos\/zafferano-perle-juego-de-6-vasos-aguamarina\/#primaryimage\"},\"thumbnailUrl\":\"https:\/\/i2.wp.com\/interpim.erresse-shop.it\/Import\/Prodotti\/zafferano-perle-set-6-bicchieri-tumbler-acquamarina.jpg?ssl=1\",\"datePublished\":\"2026-04-23T06:49:48+00:00\",\"description\":\"El dise\u00f1o y la funcionalidad inspiran el trabajo de Federico de Majo, cuyas creaciones van desde las l\u00edneas m\u00e1s tradicionales hasta otras de alto\",\"breadcrumb\":{\"@id\":\"https:\/\/dev6.erresse-shop.it\/es\/shop\/tabla\/vasos\/zafferano-perle-juego-de-6-vasos-aguamarina\/#breadcrumb\"},\"inLanguage\":\"es\",\"potentialAction\":[{\"@type\":\"ReadAction\",\"target\":[\"https:\/\/dev6.erresse-shop.it\/es\/shop\/tabla\/vasos\/zafferano-perle-juego-de-6-vasos-aguamarina\/\"]}]},{\"@type\":\"ImageObject\",\"inLanguage\":\"es\",\"@id\":\"https:\/\/dev6.erresse-shop.it\/es\/shop\/tabla\/vasos\/zafferano-perle-juego-de-6-vasos-aguamarina\/#primaryimage\",\"url\":\"https:\/\/i2.wp.com\/interpim.erresse-shop.it\/Import\/Prodotti\/zafferano-perle-set-6-bicchieri-tumbler-acquamarina.jpg?ssl=1\",\"contentUrl\":\"https:\/\/i2.wp.com\/interpim.erresse-shop.it\/Import\/Prodotti\/zafferano-perle-set-6-bicchieri-tumbler-acquamarina.jpg?ssl=1\"},{\"@type\":\"BreadcrumbList\",\"@id\":\"https:\/\/dev6.erresse-shop.it\/es\/shop\/tabla\/vasos\/zafferano-perle-juego-de-6-vasos-aguamarina\/#breadcrumb\",\"itemListElement\":[{\"@type\":\"ListItem\",\"position\":1,\"name\":\"Home\",\"item\":\"https:\/\/dev6.erresse-shop.it\/\"},{\"@type\":\"ListItem\",\"position\":2,\"name\":\"Tienda\",\"item\":\"https:\/\/dev6.erresse-shop.it\/shop\/\"},{\"@type\":\"ListItem\",\"position\":3,\"name\":\"ZAFFERANO Perle Juego de 6 Vasos Aguamarina\"}]},{\"@type\":\"WebSite\",\"@id\":\"https:\/\/dev6.erresse-shop.it\/#website\",\"url\":\"https:\/\/dev6.erresse-shop.it\/\",\"name\":\"Erresse Shop\",\"description\":\"\",\"publisher\":{\"@id\":\"https:\/\/dev6.erresse-shop.it\/#organization\"},\"potentialAction\":[{\"@type\":\"SearchAction\",\"target\":{\"@type\":\"EntryPoint\",\"urlTemplate\":\"https:\/\/dev6.erresse-shop.it\/?s={search_term_string}\"},\"query-input\":{\"@type\":\"PropertyValueSpecification\",\"valueRequired\":true,\"valueName\":\"search_term_string\"}}],\"inLanguage\":\"es\"},{\"@type\":\"Organization\",\"@id\":\"https:\/\/dev6.erresse-shop.it\/#organization\",\"name\":\"Erresse Shop\",\"url\":\"https:\/\/dev6.erresse-shop.it\/\",\"logo\":{\"@type\":\"ImageObject\",\"inLanguage\":\"es\",\"@id\":\"https:\/\/dev6.erresse-shop.it\/#\/schema\/logo\/image\/\",\"url\":\"https:\/\/dev6.erresse-shop.it\/wp-content\/uploads\/2025\/01\/LOGO-ERRESSE-CLASSICO.svg\",\"contentUrl\":\"https:\/\/dev6.erresse-shop.it\/wp-content\/uploads\/2025\/01\/LOGO-ERRESSE-CLASSICO.svg\",\"caption\":\"Erresse Shop\"},\"image\":{\"@id\":\"https:\/\/dev6.erresse-shop.it\/#\/schema\/logo\/image\/\"}}]}<\/script>\n<!-- \/ Yoast SEO plugin. -->","yoast_head_json":{"title":"ZAFFERANO Perle Juego de 6 Vasos Aguamarina - dev6 Erresse","description":"El dise\u00f1o y la funcionalidad inspiran el trabajo de Federico de Majo, cuyas creaciones van desde las l\u00edneas m\u00e1s tradicionales hasta otras de alto","robots":{"index":"noindex","follow":"follow","max-snippet":"max-snippet:-1","max-image-preview":"max-image-preview:large","max-video-preview":"max-video-preview:-1"},"og_locale":"es_ES","og_type":"article","og_title":"ZAFFERANO Perle Juego de 6 Vasos Aguamarina - dev6 Erresse","og_description":"El dise\u00f1o y la funcionalidad inspiran el trabajo de Federico de Majo, cuyas creaciones van desde las l\u00edneas m\u00e1s tradicionales hasta otras de alto","og_url":"https:\/\/dev6.erresse-shop.it\/es\/shop\/tabla\/vasos\/zafferano-perle-juego-de-6-vasos-aguamarina\/","og_site_name":"dev6 Erresse","og_image":[{"url":"https:\/\/interpim.erresse-shop.it\/Import\/Prodotti\/zafferano-perle-set-6-bicchieri-tumbler-acquamarina.jpg","type":"","width":"","height":""},{"url":"https:\/\/interpim.erresse-shop.it\/Import\/Prodotti\/zafferano-perle-set-6-bicchieri-tumbler-acquamarina.jpg","width":1024,"height":1024,"type":"image\/jpeg"}],"twitter_card":"summary_large_image","twitter_image":"https:\/\/interpim.erresse-shop.it\/Import\/Prodotti\/zafferano-perle-set-6-bicchieri-tumbler-acquamarina.jpg","schema":{"@context":"https:\/\/schema.org","@graph":[{"@type":"WebPage","@id":"https:\/\/dev6.erresse-shop.it\/es\/shop\/tabla\/vasos\/zafferano-perle-juego-de-6-vasos-aguamarina\/","url":"https:\/\/dev6.erresse-shop.it\/es\/shop\/tabla\/vasos\/zafferano-perle-juego-de-6-vasos-aguamarina\/","name":"ZAFFERANO Perle Juego de 6 Vasos Aguamarina - dev6 Erresse","isPartOf":{"@id":"https:\/\/dev6.erresse-shop.it\/#website"},"primaryImageOfPage":{"@id":"https:\/\/dev6.erresse-shop.it\/es\/shop\/tabla\/vasos\/zafferano-perle-juego-de-6-vasos-aguamarina\/#primaryimage"},"image":{"@id":"https:\/\/dev6.erresse-shop.it\/es\/shop\/tabla\/vasos\/zafferano-perle-juego-de-6-vasos-aguamarina\/#primaryimage"},"thumbnailUrl":"https:\/\/i2.wp.com\/interpim.erresse-shop.it\/Import\/Prodotti\/zafferano-perle-set-6-bicchieri-tumbler-acquamarina.jpg?ssl=1","datePublished":"2026-04-23T06:49:48+00:00","description":"El dise\u00f1o y la funcionalidad inspiran el trabajo de Federico de Majo, cuyas creaciones van desde las l\u00edneas m\u00e1s tradicionales hasta otras de alto","breadcrumb":{"@id":"https:\/\/dev6.erresse-shop.it\/es\/shop\/tabla\/vasos\/zafferano-perle-juego-de-6-vasos-aguamarina\/#breadcrumb"},"inLanguage":"es","potentialAction":[{"@type":"ReadAction","target":["https:\/\/dev6.erresse-shop.it\/es\/shop\/tabla\/vasos\/zafferano-perle-juego-de-6-vasos-aguamarina\/"]}]},{"@type":"ImageObject","inLanguage":"es","@id":"https:\/\/dev6.erresse-shop.it\/es\/shop\/tabla\/vasos\/zafferano-perle-juego-de-6-vasos-aguamarina\/#primaryimage","url":"https:\/\/i2.wp.com\/interpim.erresse-shop.it\/Import\/Prodotti\/zafferano-perle-set-6-bicchieri-tumbler-acquamarina.jpg?ssl=1","contentUrl":"https:\/\/i2.wp.com\/interpim.erresse-shop.it\/Import\/Prodotti\/zafferano-perle-set-6-bicchieri-tumbler-acquamarina.jpg?ssl=1"},{"@type":"BreadcrumbList","@id":"https:\/\/dev6.erresse-shop.it\/es\/shop\/tabla\/vasos\/zafferano-perle-juego-de-6-vasos-aguamarina\/#breadcrumb","itemListElement":[{"@type":"ListItem","position":1,"name":"Home","item":"https:\/\/dev6.erresse-shop.it\/"},{"@type":"ListItem","position":2,"name":"Tienda","item":"https:\/\/dev6.erresse-shop.it\/shop\/"},{"@type":"ListItem","position":3,"name":"ZAFFERANO Perle Juego de 6 Vasos Aguamarina"}]},{"@type":"WebSite","@id":"https:\/\/dev6.erresse-shop.it\/#website","url":"https:\/\/dev6.erresse-shop.it\/","name":"Erresse Shop","description":"","publisher":{"@id":"https:\/\/dev6.erresse-shop.it\/#organization"},"potentialAction":[{"@type":"SearchAction","target":{"@type":"EntryPoint","urlTemplate":"https:\/\/dev6.erresse-shop.it\/?s={search_term_string}"},"query-input":{"@type":"PropertyValueSpecification","valueRequired":true,"valueName":"search_term_string"}}],"inLanguage":"es"},{"@type":"Organization","@id":"https:\/\/dev6.erresse-shop.it\/#organization","name":"Erresse Shop","url":"https:\/\/dev6.erresse-shop.it\/","logo":{"@type":"ImageObject","inLanguage":"es","@id":"https:\/\/dev6.erresse-shop.it\/#\/schema\/logo\/image\/","url":"https:\/\/dev6.erresse-shop.it\/wp-content\/uploads\/2025\/01\/LOGO-ERRESSE-CLASSICO.svg","contentUrl":"https:\/\/dev6.erresse-shop.it\/wp-content\/uploads\/2025\/01\/LOGO-ERRESSE-CLASSICO.svg","caption":"Erresse Shop"},"image":{"@id":"https:\/\/dev6.erresse-shop.it\/#\/schema\/logo\/image\/"}}]}},"df_price":112,"df_sale_price":112,"df_regular_price":132,"df_image_link":"https:\/\/i2.wp.com\/interpim.erresse-shop.it\/Import\/Prodotti\/zafferano-perle-set-6-bicchieri-tumbler-acquamarina.jpg?resize=300,300&ssl=1","fifu_image_url":"https:\/\/interpim.erresse-shop.it\/Import\/Prodotti\/zafferano-perle-set-6-bicchieri-tumbler-acquamarina.jpg","_links":{"self":[{"href":"https:\/\/dev6.erresse-shop.it\/es\/wp-json\/wp\/v2\/product\/1875556","targetHints":{"allow":["GET"]}}],"collection":[{"href":"https:\/\/dev6.erresse-shop.it\/es\/wp-json\/wp\/v2\/product"}],"about":[{"href":"https:\/\/dev6.erresse-shop.it\/es\/wp-json\/wp\/v2\/types\/product"}],"wp:featuredmedia":[{"embeddable":true,"href":"https:\/\/dev6.erresse-shop.it\/es\/wp-json\/wp\/v2\/media\/6857154"}],"wp:attachment":[{"href":"https:\/\/dev6.erresse-shop.it\/es\/wp-json\/wp\/v2\/media?parent=1875556"}],"wp:term":[{"taxonomy":"product_cat","embeddable":true,"href":"https:\/\/dev6.erresse-shop.it\/es\/wp-json\/wp\/v2\/product_cat?post=1875556"},{"taxonomy":"product_tag","embeddable":true,"href":"https:\/\/dev6.erresse-shop.it\/es\/wp-json\/wp\/v2\/product_tag?post=1875556"}],"curies":[{"name":"wp","href":"https:\/\/api.w.org\/{rel}","templated":true}]}}