{"id":1875526,"date":"2026-04-20T07:24:22","date_gmt":"2026-04-20T05:24:22","guid":{"rendered":"https:\/\/dev6.erresse-shop.it\/shop\/sin%20categor\u00eda\/staub-cocotte-redonda-con-cesta-de-vapor-26-cm-negro\/"},"modified":"2025-11-22T18:06:38","modified_gmt":"2025-11-22T17:06:38","slug":"staub-cocotte-redonda-con-cesta-de-vapor-26-cm-negro","status":"publish","type":"product","link":"https:\/\/dev6.erresse-shop.it\/es\/shop\/sartenes-y-ollas\/marmitas-y-cocottes\/staub-cocotte-redonda-con-cesta-de-vapor-26-cm-negro\/","title":{"rendered":"STAUB Cocotte Redonda con Cesta de Vapor 26 cm Negro"},"content":{"rendered":"<p>La cocotte, con una cesta especial para cocinar al vapor hecha de acero inoxidable 18\/10 de alta calidad, permite cocinar varios ingredientes a la vez. Gracias a la gruesa junta de silicona y a los agujeros en la superficie de la cesta, el calor se distribuye uniformemente por toda la cazuela. La cocotte tiene un di\u00e1metro de 26 cm y una capacidad de 5,2 litros. Mide aproximadamente 33 cm de ancho, incluidas las asas, y 9,5 cm de alto sin la tapa. Puede utilizar la cocotte en todo tipo de placas, incluidas las de inducci\u00f3n, y tambi\u00e9n en el horno. El interior tiene un acabado de esmalte negro mate. El material es duradero, f\u00e1cil de limpiar y es apreciado tanto por los grandes chefs como por los reci\u00e9n llegados a la cocina por sus excepcionales cualidades. La cocotte permite guisar los alimentos de forma eficaz y conserva los sabores naturales de los ingredientes. El revestimiento de esmalte retiene el calor y lo libera gradual y uniformemente. La estructura especial en forma de \u201csemiesfera\u201d del interior de la tapa permite que la condensaci\u00f3n gotee uniformemente sobre los alimentos que se est\u00e1n cocinando, manteni\u00e9ndolos agradables y jugosos. Una vez retirada la cesta, la cocotte negra Staub puede utilizarse para servir la comida con estilo.<\/p>\n<p>\u2013 Ideal para rehogar y guisar al mismo tiempo, por ejemplo, cocinar el arroz en la parte inferior y el pescado en la parte superior.<br \/>\n\u2013 Para un resultado de cocci\u00f3n jugoso y tierno gracias a la tapa<br \/>\n\u2013 El esmaltado interior negro mate es ideal para un braseado especialmente crujiente y es muy duradero<br \/>\n\u2013 Apto para todo tipo de placas, incluida la de inducci\u00f3n, tambi\u00e9n puede colocarse en el horno\/parrilla<br \/>\n\u2013 Color intenso<\/p>\n<p>Caracter\u00edsticas<br \/>\n\u2013 Resistencia al calor (\u00b0C): 240,00 \u00baC<br \/>\n\u2013 Resistencia al fr\u00edo: -20,00 \u00baC<br \/>\n\u2013 Material: hierro fundido<br \/>\n\u2013 Tapa existente: s\u00ed<br \/>\n\u2013 Inducci\u00f3n: S\u00ed<br \/>\n\u2013 Apto para el horno: S\u00ed<br \/>\n\u2013 Apto para el congelador: S\u00ed<br \/>\n\u2013 Apto para la cocina: s\u00ed<br \/>\n\u2013 Apto para el lavavajillas: s\u00ed<\/p>\n<p>Tama\u00f1o<br \/>\n\u2013 Peso neto: 6,56 kg<br \/>\n\u2013 Capacidad: 5,25 l<br \/>\n\u2013 Longitud del producto: 33,00 cm<br \/>\n\u2013 Anchura del producto: 26,00 cm<br \/>\n\u2013 Altura del producto: 23,70 cm<br \/>\n\u2013 Altura sin tapa: 11,80 cm<br \/>\n\u2013 Di\u00e1metro superior: 26,00 cm<br \/>\n\u2013 Di\u00e1metro del fondo: 21,70 cm<br \/>\n\u2013 Longitud del mango: 3,50 cm<\/p>\n","protected":false},"excerpt":{"rendered":"<p>La cocotte, con una cesta especial para cocinar al vapor hecha de acero inoxidable 18\/10 de alta calidad, permite cocinar varios ingredientes a la vez. Gracias a la gruesa junta de silicona y a los agujeros en la superficie de la cesta, el calor se distribuye uniformemente por toda la cazuela. La cocotte tiene un [&hellip;]<\/p>\n","protected":false},"featured_media":6660929,"template":"","meta":{"_acf_changed":false},"product_cat":[11892,11667,11883],"product_tag":[],"class_list":{"0":"post-1875526","1":"product","2":"type-product","3":"status-publish","4":"has-post-thumbnail","6":"product_cat-marmitas-y-cocottes","7":"product_cat-padelle-pentole","8":"product_cat-sartenes-y-ollas","10":"first","11":"instock","12":"sale","13":"taxable","14":"shipping-taxable","15":"purchasable","16":"product-type-simple","swatches":"rey-swatches","show_selected":"","stretch_labels":"rey-swatches--stretch-labels"},"acf":[],"yoast_head":"<!-- This site is optimized with the Yoast SEO plugin v25.4 - https:\/\/yoast.com\/wordpress\/plugins\/seo\/ -->\n<title>STAUB Cocotte Redonda con Cesta de Vapor 26 cm Negro - dev6 Erresse<\/title>\n<meta name=\"description\" content=\"La cocotte, con una cesta especial para cocinar al vapor hecha de acero inoxidable 18\/10 de alta calidad, permite cocinar varios ingredientes a la vez.\" \/>\n<meta name=\"robots\" content=\"noindex, follow, max-snippet:-1, max-image-preview:large, max-video-preview:-1\" \/>\n<meta property=\"og:locale\" content=\"es_ES\" \/>\n<meta property=\"og:type\" content=\"article\" \/>\n<meta property=\"og:title\" content=\"STAUB Cocotte Redonda con Cesta de Vapor 26 cm Negro - dev6 Erresse\" \/>\n<meta property=\"og:description\" content=\"La cocotte, con una cesta especial para cocinar al vapor hecha de acero inoxidable 18\/10 de alta calidad, permite cocinar varios ingredientes a la vez.\" \/>\n<meta property=\"og:url\" content=\"https:\/\/dev6.erresse-shop.it\/es\/shop\/sartenes-y-ollas\/marmitas-y-cocottes\/staub-cocotte-redonda-con-cesta-de-vapor-26-cm-negro\/\" \/>\n<meta property=\"og:site_name\" content=\"dev6 Erresse\" \/>\n<meta property=\"og:image\" content=\"https:\/\/interpim.erresse-shop.it\/img-catalogo\/staub\/staub-cocotte-con-cestello-a-vapore-rotonda-26-cm.jpg\" \/><meta property=\"og:image\" content=\"https:\/\/interpim.erresse-shop.it\/img-catalogo\/staub\/staub-cocotte-con-cestello-a-vapore-rotonda-26-cm.jpg\" \/>\n\t<meta property=\"og:image:width\" content=\"1024\" \/>\n\t<meta property=\"og:image:height\" content=\"1024\" \/>\n\t<meta property=\"og:image:type\" content=\"image\/jpeg\" \/>\n<meta name=\"twitter:card\" content=\"summary_large_image\" \/>\n<meta name=\"twitter:image\" content=\"https:\/\/interpim.erresse-shop.it\/img-catalogo\/staub\/staub-cocotte-con-cestello-a-vapore-rotonda-26-cm.jpg\" \/>\n<script type=\"application\/ld+json\" class=\"yoast-schema-graph\">{\"@context\":\"https:\/\/schema.org\",\"@graph\":[{\"@type\":\"WebPage\",\"@id\":\"https:\/\/dev6.erresse-shop.it\/es\/shop\/sartenes-y-ollas\/marmitas-y-cocottes\/staub-cocotte-redonda-con-cesta-de-vapor-26-cm-negro\/\",\"url\":\"https:\/\/dev6.erresse-shop.it\/es\/shop\/sartenes-y-ollas\/marmitas-y-cocottes\/staub-cocotte-redonda-con-cesta-de-vapor-26-cm-negro\/\",\"name\":\"STAUB Cocotte Redonda con Cesta de Vapor 26 cm Negro - dev6 Erresse\",\"isPartOf\":{\"@id\":\"https:\/\/dev6.erresse-shop.it\/#website\"},\"primaryImageOfPage\":{\"@id\":\"https:\/\/dev6.erresse-shop.it\/es\/shop\/sartenes-y-ollas\/marmitas-y-cocottes\/staub-cocotte-redonda-con-cesta-de-vapor-26-cm-negro\/#primaryimage\"},\"image\":{\"@id\":\"https:\/\/dev6.erresse-shop.it\/es\/shop\/sartenes-y-ollas\/marmitas-y-cocottes\/staub-cocotte-redonda-con-cesta-de-vapor-26-cm-negro\/#primaryimage\"},\"thumbnailUrl\":\"https:\/\/i0.wp.com\/interpim.erresse-shop.it\/img-catalogo\/staub\/staub-cocotte-con-cestello-a-vapore-rotonda-26-cm.jpg?ssl=1\",\"datePublished\":\"2026-04-20T05:24:22+00:00\",\"description\":\"La cocotte, con una cesta especial para cocinar al vapor hecha de acero inoxidable 18\/10 de alta calidad, permite cocinar varios ingredientes a la vez.\",\"breadcrumb\":{\"@id\":\"https:\/\/dev6.erresse-shop.it\/es\/shop\/sartenes-y-ollas\/marmitas-y-cocottes\/staub-cocotte-redonda-con-cesta-de-vapor-26-cm-negro\/#breadcrumb\"},\"inLanguage\":\"es\",\"potentialAction\":[{\"@type\":\"ReadAction\",\"target\":[\"https:\/\/dev6.erresse-shop.it\/es\/shop\/sartenes-y-ollas\/marmitas-y-cocottes\/staub-cocotte-redonda-con-cesta-de-vapor-26-cm-negro\/\"]}]},{\"@type\":\"ImageObject\",\"inLanguage\":\"es\",\"@id\":\"https:\/\/dev6.erresse-shop.it\/es\/shop\/sartenes-y-ollas\/marmitas-y-cocottes\/staub-cocotte-redonda-con-cesta-de-vapor-26-cm-negro\/#primaryimage\",\"url\":\"https:\/\/i0.wp.com\/interpim.erresse-shop.it\/img-catalogo\/staub\/staub-cocotte-con-cestello-a-vapore-rotonda-26-cm.jpg?ssl=1\",\"contentUrl\":\"https:\/\/i0.wp.com\/interpim.erresse-shop.it\/img-catalogo\/staub\/staub-cocotte-con-cestello-a-vapore-rotonda-26-cm.jpg?ssl=1\"},{\"@type\":\"BreadcrumbList\",\"@id\":\"https:\/\/dev6.erresse-shop.it\/es\/shop\/sartenes-y-ollas\/marmitas-y-cocottes\/staub-cocotte-redonda-con-cesta-de-vapor-26-cm-negro\/#breadcrumb\",\"itemListElement\":[{\"@type\":\"ListItem\",\"position\":1,\"name\":\"Home\",\"item\":\"https:\/\/dev6.erresse-shop.it\/\"},{\"@type\":\"ListItem\",\"position\":2,\"name\":\"Tienda\",\"item\":\"https:\/\/dev6.erresse-shop.it\/shop\/\"},{\"@type\":\"ListItem\",\"position\":3,\"name\":\"STAUB Cocotte Redonda con Cesta de Vapor 26 cm Negro\"}]},{\"@type\":\"WebSite\",\"@id\":\"https:\/\/dev6.erresse-shop.it\/#website\",\"url\":\"https:\/\/dev6.erresse-shop.it\/\",\"name\":\"Erresse Shop\",\"description\":\"\",\"publisher\":{\"@id\":\"https:\/\/dev6.erresse-shop.it\/#organization\"},\"potentialAction\":[{\"@type\":\"SearchAction\",\"target\":{\"@type\":\"EntryPoint\",\"urlTemplate\":\"https:\/\/dev6.erresse-shop.it\/?s={search_term_string}\"},\"query-input\":{\"@type\":\"PropertyValueSpecification\",\"valueRequired\":true,\"valueName\":\"search_term_string\"}}],\"inLanguage\":\"es\"},{\"@type\":\"Organization\",\"@id\":\"https:\/\/dev6.erresse-shop.it\/#organization\",\"name\":\"Erresse Shop\",\"url\":\"https:\/\/dev6.erresse-shop.it\/\",\"logo\":{\"@type\":\"ImageObject\",\"inLanguage\":\"es\",\"@id\":\"https:\/\/dev6.erresse-shop.it\/#\/schema\/logo\/image\/\",\"url\":\"https:\/\/dev6.erresse-shop.it\/wp-content\/uploads\/2025\/01\/LOGO-ERRESSE-CLASSICO.svg\",\"contentUrl\":\"https:\/\/dev6.erresse-shop.it\/wp-content\/uploads\/2025\/01\/LOGO-ERRESSE-CLASSICO.svg\",\"caption\":\"Erresse Shop\"},\"image\":{\"@id\":\"https:\/\/dev6.erresse-shop.it\/#\/schema\/logo\/image\/\"}}]}<\/script>\n<!-- \/ Yoast SEO plugin. -->","yoast_head_json":{"title":"STAUB Cocotte Redonda con Cesta de Vapor 26 cm Negro - dev6 Erresse","description":"La cocotte, con una cesta especial para cocinar al vapor hecha de acero inoxidable 18\/10 de alta calidad, permite cocinar varios ingredientes a la vez.","robots":{"index":"noindex","follow":"follow","max-snippet":"max-snippet:-1","max-image-preview":"max-image-preview:large","max-video-preview":"max-video-preview:-1"},"og_locale":"es_ES","og_type":"article","og_title":"STAUB Cocotte Redonda con Cesta de Vapor 26 cm Negro - dev6 Erresse","og_description":"La cocotte, con una cesta especial para cocinar al vapor hecha de acero inoxidable 18\/10 de alta calidad, permite cocinar varios ingredientes a la vez.","og_url":"https:\/\/dev6.erresse-shop.it\/es\/shop\/sartenes-y-ollas\/marmitas-y-cocottes\/staub-cocotte-redonda-con-cesta-de-vapor-26-cm-negro\/","og_site_name":"dev6 Erresse","og_image":[{"url":"https:\/\/interpim.erresse-shop.it\/img-catalogo\/staub\/staub-cocotte-con-cestello-a-vapore-rotonda-26-cm.jpg","type":"","width":"","height":""},{"url":"https:\/\/interpim.erresse-shop.it\/img-catalogo\/staub\/staub-cocotte-con-cestello-a-vapore-rotonda-26-cm.jpg","width":1024,"height":1024,"type":"image\/jpeg"}],"twitter_card":"summary_large_image","twitter_image":"https:\/\/interpim.erresse-shop.it\/img-catalogo\/staub\/staub-cocotte-con-cestello-a-vapore-rotonda-26-cm.jpg","schema":{"@context":"https:\/\/schema.org","@graph":[{"@type":"WebPage","@id":"https:\/\/dev6.erresse-shop.it\/es\/shop\/sartenes-y-ollas\/marmitas-y-cocottes\/staub-cocotte-redonda-con-cesta-de-vapor-26-cm-negro\/","url":"https:\/\/dev6.erresse-shop.it\/es\/shop\/sartenes-y-ollas\/marmitas-y-cocottes\/staub-cocotte-redonda-con-cesta-de-vapor-26-cm-negro\/","name":"STAUB Cocotte Redonda con Cesta de Vapor 26 cm Negro - dev6 Erresse","isPartOf":{"@id":"https:\/\/dev6.erresse-shop.it\/#website"},"primaryImageOfPage":{"@id":"https:\/\/dev6.erresse-shop.it\/es\/shop\/sartenes-y-ollas\/marmitas-y-cocottes\/staub-cocotte-redonda-con-cesta-de-vapor-26-cm-negro\/#primaryimage"},"image":{"@id":"https:\/\/dev6.erresse-shop.it\/es\/shop\/sartenes-y-ollas\/marmitas-y-cocottes\/staub-cocotte-redonda-con-cesta-de-vapor-26-cm-negro\/#primaryimage"},"thumbnailUrl":"https:\/\/i0.wp.com\/interpim.erresse-shop.it\/img-catalogo\/staub\/staub-cocotte-con-cestello-a-vapore-rotonda-26-cm.jpg?ssl=1","datePublished":"2026-04-20T05:24:22+00:00","description":"La cocotte, con una cesta especial para cocinar al vapor hecha de acero inoxidable 18\/10 de alta calidad, permite cocinar varios ingredientes a la vez.","breadcrumb":{"@id":"https:\/\/dev6.erresse-shop.it\/es\/shop\/sartenes-y-ollas\/marmitas-y-cocottes\/staub-cocotte-redonda-con-cesta-de-vapor-26-cm-negro\/#breadcrumb"},"inLanguage":"es","potentialAction":[{"@type":"ReadAction","target":["https:\/\/dev6.erresse-shop.it\/es\/shop\/sartenes-y-ollas\/marmitas-y-cocottes\/staub-cocotte-redonda-con-cesta-de-vapor-26-cm-negro\/"]}]},{"@type":"ImageObject","inLanguage":"es","@id":"https:\/\/dev6.erresse-shop.it\/es\/shop\/sartenes-y-ollas\/marmitas-y-cocottes\/staub-cocotte-redonda-con-cesta-de-vapor-26-cm-negro\/#primaryimage","url":"https:\/\/i0.wp.com\/interpim.erresse-shop.it\/img-catalogo\/staub\/staub-cocotte-con-cestello-a-vapore-rotonda-26-cm.jpg?ssl=1","contentUrl":"https:\/\/i0.wp.com\/interpim.erresse-shop.it\/img-catalogo\/staub\/staub-cocotte-con-cestello-a-vapore-rotonda-26-cm.jpg?ssl=1"},{"@type":"BreadcrumbList","@id":"https:\/\/dev6.erresse-shop.it\/es\/shop\/sartenes-y-ollas\/marmitas-y-cocottes\/staub-cocotte-redonda-con-cesta-de-vapor-26-cm-negro\/#breadcrumb","itemListElement":[{"@type":"ListItem","position":1,"name":"Home","item":"https:\/\/dev6.erresse-shop.it\/"},{"@type":"ListItem","position":2,"name":"Tienda","item":"https:\/\/dev6.erresse-shop.it\/shop\/"},{"@type":"ListItem","position":3,"name":"STAUB Cocotte Redonda con Cesta de Vapor 26 cm Negro"}]},{"@type":"WebSite","@id":"https:\/\/dev6.erresse-shop.it\/#website","url":"https:\/\/dev6.erresse-shop.it\/","name":"Erresse Shop","description":"","publisher":{"@id":"https:\/\/dev6.erresse-shop.it\/#organization"},"potentialAction":[{"@type":"SearchAction","target":{"@type":"EntryPoint","urlTemplate":"https:\/\/dev6.erresse-shop.it\/?s={search_term_string}"},"query-input":{"@type":"PropertyValueSpecification","valueRequired":true,"valueName":"search_term_string"}}],"inLanguage":"es"},{"@type":"Organization","@id":"https:\/\/dev6.erresse-shop.it\/#organization","name":"Erresse Shop","url":"https:\/\/dev6.erresse-shop.it\/","logo":{"@type":"ImageObject","inLanguage":"es","@id":"https:\/\/dev6.erresse-shop.it\/#\/schema\/logo\/image\/","url":"https:\/\/dev6.erresse-shop.it\/wp-content\/uploads\/2025\/01\/LOGO-ERRESSE-CLASSICO.svg","contentUrl":"https:\/\/dev6.erresse-shop.it\/wp-content\/uploads\/2025\/01\/LOGO-ERRESSE-CLASSICO.svg","caption":"Erresse Shop"},"image":{"@id":"https:\/\/dev6.erresse-shop.it\/#\/schema\/logo\/image\/"}}]}},"df_price":214.95,"df_sale_price":214.95,"df_regular_price":349,"df_image_link":"https:\/\/i0.wp.com\/interpim.erresse-shop.it\/img-catalogo\/staub\/staub-cocotte-con-cestello-a-vapore-rotonda-26-cm.jpg?resize=300,300&ssl=1","fifu_image_url":"https:\/\/interpim.erresse-shop.it\/img-catalogo\/staub\/staub-cocotte-con-cestello-a-vapore-rotonda-26-cm.jpg","_links":{"self":[{"href":"https:\/\/dev6.erresse-shop.it\/es\/wp-json\/wp\/v2\/product\/1875526","targetHints":{"allow":["GET"]}}],"collection":[{"href":"https:\/\/dev6.erresse-shop.it\/es\/wp-json\/wp\/v2\/product"}],"about":[{"href":"https:\/\/dev6.erresse-shop.it\/es\/wp-json\/wp\/v2\/types\/product"}],"wp:featuredmedia":[{"embeddable":true,"href":"https:\/\/dev6.erresse-shop.it\/es\/wp-json\/wp\/v2\/media\/6660929"}],"wp:attachment":[{"href":"https:\/\/dev6.erresse-shop.it\/es\/wp-json\/wp\/v2\/media?parent=1875526"}],"wp:term":[{"taxonomy":"product_cat","embeddable":true,"href":"https:\/\/dev6.erresse-shop.it\/es\/wp-json\/wp\/v2\/product_cat?post=1875526"},{"taxonomy":"product_tag","embeddable":true,"href":"https:\/\/dev6.erresse-shop.it\/es\/wp-json\/wp\/v2\/product_tag?post=1875526"}],"curies":[{"name":"wp","href":"https:\/\/api.w.org\/{rel}","templated":true}]}}