{"id":1875512,"date":"2026-04-19T21:40:56","date_gmt":"2026-04-19T19:40:56","guid":{"rendered":"https:\/\/dev6.erresse-shop.it\/shop\/sin%20categor\u00eda\/staub-wok-con-tapa-en-vidrio-37-cm-cereza\/"},"modified":"2025-09-14T07:24:06","modified_gmt":"2025-09-14T05:24:06","slug":"staub-wok-con-tapa-en-vidrio-37-cm-cereza","status":"publish","type":"product","link":"https:\/\/dev6.erresse-shop.it\/es\/shop\/sartenes-y-ollas\/wok-es\/staub-wok-con-tapa-en-vidrio-37-cm-cereza\/","title":{"rendered":"STAUB Wok con Tapa en Vidrio 37 cm Cereza"},"content":{"rendered":"<p>Con el wok rojo cereza de la gama de especialidades de Staub podr\u00e1 preparar platos especiales t\u00edpicos de la cocina asi\u00e1tica. Tambi\u00e9n puede utilizarlo para recetas de otros pa\u00edses. Ya sea para guisar, cocinar al vapor o fre\u00edr carne, pescado o verduras, no tendr\u00e1 ning\u00fan problema con esta sart\u00e9n. El wok se puede utilizar de muchas maneras y es un utensilio imprescindible en las cocinas modernas. Con un wok, cocinar solo o con amigos es un aut\u00e9ntico placer. Es de hierro fundido y puede alcanzar temperaturas muy altas. Los ingredientes se cocinan a la perfecci\u00f3n y quedan bien crujientes. Adem\u00e1s, las vitaminas y otros nutrientes se conservan bien. El wok es especialmente popular si quieres asegurarte una comida sana para ti y tu familia. El wok Staub tiene un di\u00e1metro de 37 cm, una capacidad de 5,7 l y est\u00e1 equipado con una tapa de cristal. Con la tapa de cristal, podr\u00e1 vigilar los alimentos en todo momento. Puede colocar los ingredientes ya preparados en la parrilla met\u00e1lica. Esto los mantendr\u00e1 calientes mientras se sigue cocinando otra carne o verdura en el wok. Con este equipo podr\u00e1 preparar cualquier plato, ya sea pollo al curry u otros platos asi\u00e1ticos.<\/p>\n<p>\u2013 Vers\u00e1til para cocinar a la plancha, a la parrilla o al vapor<br \/>\n\u2013 El esmalte interior negro mate es ideal para un braseado especialmente crujiente y es muy duradero<br \/>\n\u2013 Apto para todo tipo de placas, incluida la de inducci\u00f3n, tambi\u00e9n puede colocarse en el horno\/parrilla<\/p>\n<p>Caracter\u00edsticas<br \/>\n\u2013 Resistencia al calor (\u00b0C): 240,00 \u00baC<br \/>\n\u2013 Resistencia al fr\u00edo: -20,00 \u00baC<br \/>\n\u2013 Material: hierro fundido<br \/>\n\u2013 Tipo de asa: asa lateral<br \/>\n\u2013 Tapa existente: s\u00ed<br \/>\n\u2013 Inducci\u00f3n: S\u00ed<br \/>\n\u2013 Apto para el horno: S\u00ed<br \/>\n\u2013 Apto para el congelador: s\u00ed<br \/>\n\u2013 Apto para la cocina: s\u00ed<br \/>\n\u2013 Apto para el lavavajillas: s\u00ed<\/p>\n<p>Tama\u00f1o<br \/>\n\u2013 Peso neto: 6,12 kg<br \/>\n\u2013 Capacidad: 5,70 l<br \/>\n\u2013 Longitud del producto: 46,00 cm<br \/>\n\u2013 Anchura del producto: 37,00 cm<br \/>\n\u2013 Altura del producto: 10,20 cm<br \/>\n\u2013 Altura sin tapa: 9,70 cm<br \/>\n\u2013 Di\u00e1metro superior: 37,00 cm<br \/>\n\u2013 Di\u00e1metro del fondo: 14,00 cm<br \/>\n\u2013 Longitud del mango: 4,50 cm<\/p>\n","protected":false},"excerpt":{"rendered":"<p>Con el wok rojo cereza de la gama de especialidades de Staub podr\u00e1 preparar platos especiales t\u00edpicos de la cocina asi\u00e1tica. Tambi\u00e9n puede utilizarlo para recetas de otros pa\u00edses. Ya sea para guisar, cocinar al vapor o fre\u00edr carne, pescado o verduras, no tendr\u00e1 ning\u00fan problema con esta sart\u00e9n. El wok se puede utilizar de [&hellip;]<\/p>\n","protected":false},"featured_media":6642431,"template":"","meta":{"_acf_changed":false},"product_cat":[11667,11883,11895],"product_tag":[],"class_list":{"0":"post-1875512","1":"product","2":"type-product","3":"status-publish","4":"has-post-thumbnail","6":"product_cat-padelle-pentole","7":"product_cat-sartenes-y-ollas","8":"product_cat-wok-es","10":"first","11":"instock","12":"sale","13":"taxable","14":"shipping-taxable","15":"purchasable","16":"product-type-simple","swatches":"rey-swatches","show_selected":"","stretch_labels":"rey-swatches--stretch-labels"},"acf":[],"yoast_head":"<!-- This site is optimized with the Yoast SEO plugin v25.4 - https:\/\/yoast.com\/wordpress\/plugins\/seo\/ -->\n<title>STAUB Wok con Tapa en Vidrio 37 cm Cereza - dev6 Erresse<\/title>\n<meta name=\"description\" content=\"Con el wok rojo cereza de la gama de especialidades de Staub podr\u00e1 preparar platos especiales t\u00edpicos de la cocina asi\u00e1tica. Tambi\u00e9n puede utilizarlo para\" \/>\n<meta name=\"robots\" content=\"noindex, follow, max-snippet:-1, max-image-preview:large, max-video-preview:-1\" \/>\n<meta property=\"og:locale\" content=\"es_ES\" \/>\n<meta property=\"og:type\" content=\"article\" \/>\n<meta property=\"og:title\" content=\"STAUB Wok con Tapa en Vidrio 37 cm Cereza - dev6 Erresse\" \/>\n<meta property=\"og:description\" content=\"Con el wok rojo cereza de la gama de especialidades de Staub podr\u00e1 preparar platos especiales t\u00edpicos de la cocina asi\u00e1tica. Tambi\u00e9n puede utilizarlo para\" \/>\n<meta property=\"og:url\" content=\"https:\/\/dev6.erresse-shop.it\/es\/shop\/sartenes-y-ollas\/wok-es\/staub-wok-con-tapa-en-vidrio-37-cm-cereza\/\" \/>\n<meta property=\"og:site_name\" content=\"dev6 Erresse\" \/>\n<meta property=\"og:image\" content=\"https:\/\/interpim.erresse-shop.it\/Import\/Prodotti\/products-wokross.jpg\" \/><meta property=\"og:image\" content=\"https:\/\/interpim.erresse-shop.it\/Import\/Prodotti\/products-wokross.jpg\" \/>\n\t<meta property=\"og:image:width\" content=\"1024\" \/>\n\t<meta property=\"og:image:height\" content=\"1024\" \/>\n\t<meta property=\"og:image:type\" content=\"image\/jpeg\" \/>\n<meta name=\"twitter:card\" content=\"summary_large_image\" \/>\n<meta name=\"twitter:image\" content=\"https:\/\/interpim.erresse-shop.it\/Import\/Prodotti\/products-wokross.jpg\" \/>\n<script type=\"application\/ld+json\" class=\"yoast-schema-graph\">{\"@context\":\"https:\/\/schema.org\",\"@graph\":[{\"@type\":\"WebPage\",\"@id\":\"https:\/\/dev6.erresse-shop.it\/es\/shop\/sartenes-y-ollas\/wok-es\/staub-wok-con-tapa-en-vidrio-37-cm-cereza\/\",\"url\":\"https:\/\/dev6.erresse-shop.it\/es\/shop\/sartenes-y-ollas\/wok-es\/staub-wok-con-tapa-en-vidrio-37-cm-cereza\/\",\"name\":\"STAUB Wok con Tapa en Vidrio 37 cm Cereza - dev6 Erresse\",\"isPartOf\":{\"@id\":\"https:\/\/dev6.erresse-shop.it\/#website\"},\"primaryImageOfPage\":{\"@id\":\"https:\/\/dev6.erresse-shop.it\/es\/shop\/sartenes-y-ollas\/wok-es\/staub-wok-con-tapa-en-vidrio-37-cm-cereza\/#primaryimage\"},\"image\":{\"@id\":\"https:\/\/dev6.erresse-shop.it\/es\/shop\/sartenes-y-ollas\/wok-es\/staub-wok-con-tapa-en-vidrio-37-cm-cereza\/#primaryimage\"},\"thumbnailUrl\":\"https:\/\/i3.wp.com\/interpim.erresse-shop.it\/Import\/Prodotti\/products-wokross.jpg?ssl=1\",\"datePublished\":\"2026-04-19T19:40:56+00:00\",\"description\":\"Con el wok rojo cereza de la gama de especialidades de Staub podr\u00e1 preparar platos especiales t\u00edpicos de la cocina asi\u00e1tica. Tambi\u00e9n puede utilizarlo para\",\"breadcrumb\":{\"@id\":\"https:\/\/dev6.erresse-shop.it\/es\/shop\/sartenes-y-ollas\/wok-es\/staub-wok-con-tapa-en-vidrio-37-cm-cereza\/#breadcrumb\"},\"inLanguage\":\"es\",\"potentialAction\":[{\"@type\":\"ReadAction\",\"target\":[\"https:\/\/dev6.erresse-shop.it\/es\/shop\/sartenes-y-ollas\/wok-es\/staub-wok-con-tapa-en-vidrio-37-cm-cereza\/\"]}]},{\"@type\":\"ImageObject\",\"inLanguage\":\"es\",\"@id\":\"https:\/\/dev6.erresse-shop.it\/es\/shop\/sartenes-y-ollas\/wok-es\/staub-wok-con-tapa-en-vidrio-37-cm-cereza\/#primaryimage\",\"url\":\"https:\/\/i3.wp.com\/interpim.erresse-shop.it\/Import\/Prodotti\/products-wokross.jpg?ssl=1\",\"contentUrl\":\"https:\/\/i3.wp.com\/interpim.erresse-shop.it\/Import\/Prodotti\/products-wokross.jpg?ssl=1\"},{\"@type\":\"BreadcrumbList\",\"@id\":\"https:\/\/dev6.erresse-shop.it\/es\/shop\/sartenes-y-ollas\/wok-es\/staub-wok-con-tapa-en-vidrio-37-cm-cereza\/#breadcrumb\",\"itemListElement\":[{\"@type\":\"ListItem\",\"position\":1,\"name\":\"Home\",\"item\":\"https:\/\/dev6.erresse-shop.it\/\"},{\"@type\":\"ListItem\",\"position\":2,\"name\":\"Tienda\",\"item\":\"https:\/\/dev6.erresse-shop.it\/shop\/\"},{\"@type\":\"ListItem\",\"position\":3,\"name\":\"STAUB Wok con Tapa en Vidrio 37 cm Cereza\"}]},{\"@type\":\"WebSite\",\"@id\":\"https:\/\/dev6.erresse-shop.it\/#website\",\"url\":\"https:\/\/dev6.erresse-shop.it\/\",\"name\":\"Erresse Shop\",\"description\":\"\",\"publisher\":{\"@id\":\"https:\/\/dev6.erresse-shop.it\/#organization\"},\"potentialAction\":[{\"@type\":\"SearchAction\",\"target\":{\"@type\":\"EntryPoint\",\"urlTemplate\":\"https:\/\/dev6.erresse-shop.it\/?s={search_term_string}\"},\"query-input\":{\"@type\":\"PropertyValueSpecification\",\"valueRequired\":true,\"valueName\":\"search_term_string\"}}],\"inLanguage\":\"es\"},{\"@type\":\"Organization\",\"@id\":\"https:\/\/dev6.erresse-shop.it\/#organization\",\"name\":\"Erresse Shop\",\"url\":\"https:\/\/dev6.erresse-shop.it\/\",\"logo\":{\"@type\":\"ImageObject\",\"inLanguage\":\"es\",\"@id\":\"https:\/\/dev6.erresse-shop.it\/#\/schema\/logo\/image\/\",\"url\":\"https:\/\/dev6.erresse-shop.it\/wp-content\/uploads\/2025\/01\/LOGO-ERRESSE-CLASSICO.svg\",\"contentUrl\":\"https:\/\/dev6.erresse-shop.it\/wp-content\/uploads\/2025\/01\/LOGO-ERRESSE-CLASSICO.svg\",\"caption\":\"Erresse Shop\"},\"image\":{\"@id\":\"https:\/\/dev6.erresse-shop.it\/#\/schema\/logo\/image\/\"}}]}<\/script>\n<!-- \/ Yoast SEO plugin. -->","yoast_head_json":{"title":"STAUB Wok con Tapa en Vidrio 37 cm Cereza - dev6 Erresse","description":"Con el wok rojo cereza de la gama de especialidades de Staub podr\u00e1 preparar platos especiales t\u00edpicos de la cocina asi\u00e1tica. Tambi\u00e9n puede utilizarlo para","robots":{"index":"noindex","follow":"follow","max-snippet":"max-snippet:-1","max-image-preview":"max-image-preview:large","max-video-preview":"max-video-preview:-1"},"og_locale":"es_ES","og_type":"article","og_title":"STAUB Wok con Tapa en Vidrio 37 cm Cereza - dev6 Erresse","og_description":"Con el wok rojo cereza de la gama de especialidades de Staub podr\u00e1 preparar platos especiales t\u00edpicos de la cocina asi\u00e1tica. Tambi\u00e9n puede utilizarlo para","og_url":"https:\/\/dev6.erresse-shop.it\/es\/shop\/sartenes-y-ollas\/wok-es\/staub-wok-con-tapa-en-vidrio-37-cm-cereza\/","og_site_name":"dev6 Erresse","og_image":[{"url":"https:\/\/interpim.erresse-shop.it\/Import\/Prodotti\/products-wokross.jpg","type":"","width":"","height":""},{"url":"https:\/\/interpim.erresse-shop.it\/Import\/Prodotti\/products-wokross.jpg","width":1024,"height":1024,"type":"image\/jpeg"}],"twitter_card":"summary_large_image","twitter_image":"https:\/\/interpim.erresse-shop.it\/Import\/Prodotti\/products-wokross.jpg","schema":{"@context":"https:\/\/schema.org","@graph":[{"@type":"WebPage","@id":"https:\/\/dev6.erresse-shop.it\/es\/shop\/sartenes-y-ollas\/wok-es\/staub-wok-con-tapa-en-vidrio-37-cm-cereza\/","url":"https:\/\/dev6.erresse-shop.it\/es\/shop\/sartenes-y-ollas\/wok-es\/staub-wok-con-tapa-en-vidrio-37-cm-cereza\/","name":"STAUB Wok con Tapa en Vidrio 37 cm Cereza - dev6 Erresse","isPartOf":{"@id":"https:\/\/dev6.erresse-shop.it\/#website"},"primaryImageOfPage":{"@id":"https:\/\/dev6.erresse-shop.it\/es\/shop\/sartenes-y-ollas\/wok-es\/staub-wok-con-tapa-en-vidrio-37-cm-cereza\/#primaryimage"},"image":{"@id":"https:\/\/dev6.erresse-shop.it\/es\/shop\/sartenes-y-ollas\/wok-es\/staub-wok-con-tapa-en-vidrio-37-cm-cereza\/#primaryimage"},"thumbnailUrl":"https:\/\/i3.wp.com\/interpim.erresse-shop.it\/Import\/Prodotti\/products-wokross.jpg?ssl=1","datePublished":"2026-04-19T19:40:56+00:00","description":"Con el wok rojo cereza de la gama de especialidades de Staub podr\u00e1 preparar platos especiales t\u00edpicos de la cocina asi\u00e1tica. Tambi\u00e9n puede utilizarlo para","breadcrumb":{"@id":"https:\/\/dev6.erresse-shop.it\/es\/shop\/sartenes-y-ollas\/wok-es\/staub-wok-con-tapa-en-vidrio-37-cm-cereza\/#breadcrumb"},"inLanguage":"es","potentialAction":[{"@type":"ReadAction","target":["https:\/\/dev6.erresse-shop.it\/es\/shop\/sartenes-y-ollas\/wok-es\/staub-wok-con-tapa-en-vidrio-37-cm-cereza\/"]}]},{"@type":"ImageObject","inLanguage":"es","@id":"https:\/\/dev6.erresse-shop.it\/es\/shop\/sartenes-y-ollas\/wok-es\/staub-wok-con-tapa-en-vidrio-37-cm-cereza\/#primaryimage","url":"https:\/\/i3.wp.com\/interpim.erresse-shop.it\/Import\/Prodotti\/products-wokross.jpg?ssl=1","contentUrl":"https:\/\/i3.wp.com\/interpim.erresse-shop.it\/Import\/Prodotti\/products-wokross.jpg?ssl=1"},{"@type":"BreadcrumbList","@id":"https:\/\/dev6.erresse-shop.it\/es\/shop\/sartenes-y-ollas\/wok-es\/staub-wok-con-tapa-en-vidrio-37-cm-cereza\/#breadcrumb","itemListElement":[{"@type":"ListItem","position":1,"name":"Home","item":"https:\/\/dev6.erresse-shop.it\/"},{"@type":"ListItem","position":2,"name":"Tienda","item":"https:\/\/dev6.erresse-shop.it\/shop\/"},{"@type":"ListItem","position":3,"name":"STAUB Wok con Tapa en Vidrio 37 cm Cereza"}]},{"@type":"WebSite","@id":"https:\/\/dev6.erresse-shop.it\/#website","url":"https:\/\/dev6.erresse-shop.it\/","name":"Erresse Shop","description":"","publisher":{"@id":"https:\/\/dev6.erresse-shop.it\/#organization"},"potentialAction":[{"@type":"SearchAction","target":{"@type":"EntryPoint","urlTemplate":"https:\/\/dev6.erresse-shop.it\/?s={search_term_string}"},"query-input":{"@type":"PropertyValueSpecification","valueRequired":true,"valueName":"search_term_string"}}],"inLanguage":"es"},{"@type":"Organization","@id":"https:\/\/dev6.erresse-shop.it\/#organization","name":"Erresse Shop","url":"https:\/\/dev6.erresse-shop.it\/","logo":{"@type":"ImageObject","inLanguage":"es","@id":"https:\/\/dev6.erresse-shop.it\/#\/schema\/logo\/image\/","url":"https:\/\/dev6.erresse-shop.it\/wp-content\/uploads\/2025\/01\/LOGO-ERRESSE-CLASSICO.svg","contentUrl":"https:\/\/dev6.erresse-shop.it\/wp-content\/uploads\/2025\/01\/LOGO-ERRESSE-CLASSICO.svg","caption":"Erresse Shop"},"image":{"@id":"https:\/\/dev6.erresse-shop.it\/#\/schema\/logo\/image\/"}}]}},"df_price":169,"df_sale_price":169,"df_regular_price":259,"df_image_link":"https:\/\/i3.wp.com\/interpim.erresse-shop.it\/Import\/Prodotti\/products-wokross.jpg?resize=300,300&ssl=1","fifu_image_url":"https:\/\/interpim.erresse-shop.it\/Import\/Prodotti\/products-wokross.jpg","_links":{"self":[{"href":"https:\/\/dev6.erresse-shop.it\/es\/wp-json\/wp\/v2\/product\/1875512","targetHints":{"allow":["GET"]}}],"collection":[{"href":"https:\/\/dev6.erresse-shop.it\/es\/wp-json\/wp\/v2\/product"}],"about":[{"href":"https:\/\/dev6.erresse-shop.it\/es\/wp-json\/wp\/v2\/types\/product"}],"wp:featuredmedia":[{"embeddable":true,"href":"https:\/\/dev6.erresse-shop.it\/es\/wp-json\/wp\/v2\/media\/6642431"}],"wp:attachment":[{"href":"https:\/\/dev6.erresse-shop.it\/es\/wp-json\/wp\/v2\/media?parent=1875512"}],"wp:term":[{"taxonomy":"product_cat","embeddable":true,"href":"https:\/\/dev6.erresse-shop.it\/es\/wp-json\/wp\/v2\/product_cat?post=1875512"},{"taxonomy":"product_tag","embeddable":true,"href":"https:\/\/dev6.erresse-shop.it\/es\/wp-json\/wp\/v2\/product_tag?post=1875512"}],"curies":[{"name":"wp","href":"https:\/\/api.w.org\/{rel}","templated":true}]}}